{"id":17189,"date":"2025-05-02T12:08:14","date_gmt":"2025-05-02T12:08:14","guid":{"rendered":"https:\/\/ayaneo.co\/product\/ayaneo-kiseninis-ace\/"},"modified":"2025-12-11T00:13:56","modified_gmt":"2025-12-11T00:13:56","slug":"ayaneo-pocket-ace","status":"publish","type":"product","link":"https:\/\/ayaneo.co\/lt\/product\/ayaneo-pocket-ace\/","title":{"rendered":"AYANEO Pocket ACE"},"content":{"rendered":"\n<figure class=\"wp-block-video\"><video height=\"720\" style=\"aspect-ratio: 1280 \/ 720;\" width=\"1280\" controls=\"\" poster=\"https:\/\/ayaneo.co\/wp-content\/uploads\/2025\/05\/maxresdefault-5.jpg\" src=\"https:\/\/ayaneo.co\/wp-content\/uploads\/2025\/05\/ace.mp4\"><\/video><\/figure>\n\n<div class=\"wp-block-columns is-layout-flex wp-container-core-columns-is-layout-28f84493 wp-block-columns-is-layout-flex\">\n<div class=\"wp-block-column is-layout-flow wp-block-column-is-layout-flow\" style=\"flex-basis:33.33%\">\n<figure class=\"wp-block-image size-full\"><a href=\"https:\/\/ayaneo.co\/wp-content\/uploads\/2025\/05\/AYANEO-POCKET-ACE-MARKETING-DONE-01-1024x837-1.jpg\"><img fetchpriority=\"high\" decoding=\"async\" width=\"1024\" height=\"837\" src=\"https:\/\/ayaneo.co\/wp-content\/uploads\/2025\/05\/AYANEO-POCKET-ACE-MARKETING-DONE-01-1024x837-1.jpg\" alt=\"Ant stalo rodoma ne&#x161;iojamoji &#x17E;aidim&#x173; konsol&#x117; &quot;AYANEO Pocket ACE&quot;, kurios ekranas pa&#x17E;ym&#x117;tas spalvingu gradiento logotipu. Prietaise yra D-pad, analogin&#x117;s lazdel&#x117;s ir veiksm&#x173; mygtukai, kurie ap&#x161;viesti &#x161;iltoje aplinkoje su nery&#x161;kiu oran&#x17E;iniu fonu. \" class=\"wp-image-37460\" srcset=\"https:\/\/ayaneo.co\/wp-content\/uploads\/2025\/05\/AYANEO-POCKET-ACE-MARKETING-DONE-01-1024x837-1.jpg 1024w, https:\/\/ayaneo.co\/wp-content\/uploads\/2025\/05\/AYANEO-POCKET-ACE-MARKETING-DONE-01-1024x837-1-300x245.jpg 300w, https:\/\/ayaneo.co\/wp-content\/uploads\/2025\/05\/AYANEO-POCKET-ACE-MARKETING-DONE-01-1024x837-1-768x628.jpg 768w, https:\/\/ayaneo.co\/wp-content\/uploads\/2025\/05\/AYANEO-POCKET-ACE-MARKETING-DONE-01-1024x837-1-990x809.jpg 990w, https:\/\/ayaneo.co\/wp-content\/uploads\/2025\/05\/AYANEO-POCKET-ACE-MARKETING-DONE-01-1024x837-1-441x360.jpg 441w, https:\/\/ayaneo.co\/wp-content\/uploads\/2025\/05\/AYANEO-POCKET-ACE-MARKETING-DONE-01-1024x837-1-600x490.jpg 600w, https:\/\/ayaneo.co\/wp-content\/uploads\/2025\/05\/AYANEO-POCKET-ACE-MARKETING-DONE-01-1024x837-1-150x123.jpg 150w\" sizes=\"(max-width: 1024px) 100vw, 1024px\" \/><\/a><\/figure>\n<\/div>\n\n\n\n<div class=\"wp-block-column is-layout-flow wp-block-column-is-layout-flow\" style=\"flex-basis:66.66%\">\n<h3 class=\"wp-block-heading\">I\u0161bandykite retro \u017eaidimus kaip niekada anks\u010diau su AYANEO Pocket ACE<\/h3>\n\n\n\n<p>&#8222;AYANEO Pocket ACE\" yra revoliucinis ne\u0161iojamasis \u017eaidim\u0173 \u012frenginys, kuriame retro \u017eaidim\u0173 \u017eavesys skland\u017eiai derinamas su pa\u017eangiausiomis \u0161iuolaikin\u0117mis technologijomis. \u0160is prietaisas, \u012fkv\u0117ptas klasikini\u0173 horizontali\u0173 rankini\u0173 konsoli\u0173, pasi\u017eymi nostalgi\u0161ka estetika ir galingu veikimu, tod\u0117l yra puikus pasirinkimas tiek retro \u017eaidim\u0173 entuziastams, tiek \u0161iuolaikiniams \u017eaid\u0117jams. <\/p>\n<\/div>\n<\/div>\n\n<hr class=\"wp-block-separator has-alpha-channel-opacity\"\/>\n\n<div class=\"wp-block-columns is-layout-flex wp-container-core-columns-is-layout-28f84493 wp-block-columns-is-layout-flex\">\n<div class=\"wp-block-column is-layout-flow wp-block-column-is-layout-flow\">\n<figure class=\"wp-block-image size-full\"><a href=\"https:\/\/ayaneo.co\/wp-content\/uploads\/2025\/05\/snapdragon_g3x_gen2_rounded-1024x837-1.png\"><img decoding=\"async\" width=\"1024\" height=\"837\" src=\"https:\/\/ayaneo.co\/wp-content\/uploads\/2025\/05\/snapdragon_g3x_gen2_rounded-1024x837-1.png\" alt=\"&quot;Snapdragon G3x Gen 2&quot; procesoriaus &#x17E;enkliukas suapvalintame auksiniame kvadrate su raudona liepsnos emblema de&#x161;in&#x117;je ir pary&#x161;kintu raudonu tekstu &quot;Snapdragon G3x Gen 2&quot; kair&#x117;je.\" class=\"wp-image-37462\" srcset=\"https:\/\/ayaneo.co\/wp-content\/uploads\/2025\/05\/snapdragon_g3x_gen2_rounded-1024x837-1.png 1024w, https:\/\/ayaneo.co\/wp-content\/uploads\/2025\/05\/snapdragon_g3x_gen2_rounded-1024x837-1-300x245.png 300w, https:\/\/ayaneo.co\/wp-content\/uploads\/2025\/05\/snapdragon_g3x_gen2_rounded-1024x837-1-768x628.png 768w, https:\/\/ayaneo.co\/wp-content\/uploads\/2025\/05\/snapdragon_g3x_gen2_rounded-1024x837-1-990x809.png 990w, https:\/\/ayaneo.co\/wp-content\/uploads\/2025\/05\/snapdragon_g3x_gen2_rounded-1024x837-1-441x360.png 441w, https:\/\/ayaneo.co\/wp-content\/uploads\/2025\/05\/snapdragon_g3x_gen2_rounded-1024x837-1-600x490.png 600w, https:\/\/ayaneo.co\/wp-content\/uploads\/2025\/05\/snapdragon_g3x_gen2_rounded-1024x837-1-150x123.png 150w\" sizes=\"(max-width: 1024px) 100vw, 1024px\" \/><\/a><\/figure>\n\n\n\n<h3 class=\"wp-block-heading\">Veikimas<\/h3>\n\n\n\n<p>Pocket ACE pagrindas - &#8222;Snapdragon G3x Gen 2&#8243; \u017eaidim\u0173 platforma, u\u017etikrinanti iki 15 W nuolatin\u012f na\u0161um\u0105. \u0160is galingas procesorius u\u017etikrina skland\u0173 retro \u017eaidim\u0173 emuliavim\u0105 ir efektyv\u0173 \u0161iuolaikini\u0173 &#8222;Android\" \u017eaidim\u0173 valdym\u0105. Prietaisas si\u016blo kelis na\u0161umo re\u017eimus - taupymo, balanso, \u017eaidimo ir maksimal\u0173, kad naudotojai gal\u0117t\u0173 optimizuoti na\u0161um\u0105 pagal savo \u017eaidim\u0173 poreikius.  <\/p>\n<\/div>\n\n\n\n<div class=\"wp-block-column is-layout-flow wp-block-column-is-layout-flow\">\n<figure class=\"wp-block-image size-full\"><a href=\"https:\/\/ayaneo.co\/wp-content\/uploads\/2025\/05\/AYANEO-POCKET-ACE-MARKETING-DONE-02-1024x837-1.jpg\"><img decoding=\"async\" width=\"1024\" height=\"837\" src=\"https:\/\/ayaneo.co\/wp-content\/uploads\/2025\/05\/AYANEO-POCKET-ACE-MARKETING-DONE-02-1024x837-1.jpg\" alt=\"Dvi &quot;AYANEO Pocket ACE&quot; ki&#x161;enin&#x117;s &#x17E;aidim&#x173; konsol&#x117;s viena &#x161;alia kitos - viena balta su raudonais mygtukais, pa&#x17E;ym&#x117;tais u&#x17E;ra&#x161;u &quot;Retro Power&quot;, ir viena juoda su tamsiais valdikliais. Abiejose rodomi spalvingi dry&#x17E;uoti ekrano grafikai, demonstruojantys skirtingas spalv&#x173; schemas. Ap&#x161;viesti &#x161;iltais ir &#x161;altais tonais, kad i&#x161;ry&#x161;k&#x117;t&#x173; aparatin&#x117;s &#x12F;rangos dizainas ir pe&#x10D;i&#x173; mygtukai.  \" class=\"wp-image-37463\" srcset=\"https:\/\/ayaneo.co\/wp-content\/uploads\/2025\/05\/AYANEO-POCKET-ACE-MARKETING-DONE-02-1024x837-1.jpg 1024w, https:\/\/ayaneo.co\/wp-content\/uploads\/2025\/05\/AYANEO-POCKET-ACE-MARKETING-DONE-02-1024x837-1-300x245.jpg 300w, https:\/\/ayaneo.co\/wp-content\/uploads\/2025\/05\/AYANEO-POCKET-ACE-MARKETING-DONE-02-1024x837-1-768x628.jpg 768w, https:\/\/ayaneo.co\/wp-content\/uploads\/2025\/05\/AYANEO-POCKET-ACE-MARKETING-DONE-02-1024x837-1-990x809.jpg 990w, https:\/\/ayaneo.co\/wp-content\/uploads\/2025\/05\/AYANEO-POCKET-ACE-MARKETING-DONE-02-1024x837-1-441x360.jpg 441w, https:\/\/ayaneo.co\/wp-content\/uploads\/2025\/05\/AYANEO-POCKET-ACE-MARKETING-DONE-02-1024x837-1-600x490.jpg 600w, https:\/\/ayaneo.co\/wp-content\/uploads\/2025\/05\/AYANEO-POCKET-ACE-MARKETING-DONE-02-1024x837-1-150x123.jpg 150w\" sizes=\"(max-width: 1024px) 100vw, 1024px\" \/><\/a><\/figure>\n\n\n\n<h3 class=\"wp-block-heading\">Valdikliai ir \u012f\u0117jimai<\/h3>\n\n\n\n<p>Ki\u0161eniniame ACE \u012frengtas universalus valdymo i\u0161d\u0117stymas, pritaikytas \u012fvairiems \u017eaidim\u0173 \u017eanrams. Pagrindin\u0117s funkcijos. <\/p>\n\n\n\n<ul class=\"wp-block-list\">\n<li>Vidutinio dyd\u017eio dvigubi analoginiai jutikliai su Hall-effect efektu, skirti tiksliam \u012fvesties apdorojimui<\/li>\n\n\n\n<li>Linijiniai Halo efekto paleidikliai, skirti jautriam valdymui<\/li>\n\n\n\n<li>Retro stiliaus &#8222;D-pad\" klaviat\u016bra, esanti vir\u0161uje, suteikia klasikini\u0173 \u017eaidim\u0173 poj\u016bt\u012f<\/li>\n\n\n\n<li>ABXY veidiniai mygtukai su pritaikomu i\u0161d\u0117stymu<\/li>\n\n\n\n<li>Papildomi mygtukai, \u012fskaitant &#8222;Home\", &#8222;Turbo\" ir emuliatoriaus spar\u010diuosius klavi\u0161us<\/li>\n<\/ul>\n<\/div>\n\n\n\n<div class=\"wp-block-column is-layout-flow wp-block-column-is-layout-flow\">\n<figure class=\"wp-block-image size-full\"><a href=\"https:\/\/ayaneo.co\/wp-content\/uploads\/2025\/05\/seamless_power_combination_rounded-1024x837-1.png\"><img loading=\"lazy\" decoding=\"async\" width=\"1024\" height=\"837\" src=\"https:\/\/ayaneo.co\/wp-content\/uploads\/2025\/05\/seamless_power_combination_rounded-1024x837-1.png\" alt=\"Infografikas, skatinantis ne&#x161;iojamosios &#x17E;aidim&#x173; konsol&#x117;s na&#x161;umo savybes. Svarbiausi dalykai: LPDDR5X atmintis su 8533 MB\/s sparta, UFS 4.0 saugykla su daugiau nei 4000 MB\/s skaitymo sparta ir didel&#x117;s talpos atminties palaikymas, kad b&#x16B;t&#x173; galima talpinti daugyb&#x119; &#x17E;aidim&#x173;. Trijuose skydeliuose atmintis, saugykla ir &#x17E;aidim&#x173; biblioteka iliustruojama pikseli&#x173; grafika ir &#x17E;aidim&#x173; vir&#x161;eli&#x173; miniati&#x16B;romis.  \" class=\"wp-image-37464\" srcset=\"https:\/\/ayaneo.co\/wp-content\/uploads\/2025\/05\/seamless_power_combination_rounded-1024x837-1.png 1024w, https:\/\/ayaneo.co\/wp-content\/uploads\/2025\/05\/seamless_power_combination_rounded-1024x837-1-300x245.png 300w, https:\/\/ayaneo.co\/wp-content\/uploads\/2025\/05\/seamless_power_combination_rounded-1024x837-1-768x628.png 768w, https:\/\/ayaneo.co\/wp-content\/uploads\/2025\/05\/seamless_power_combination_rounded-1024x837-1-990x809.png 990w, https:\/\/ayaneo.co\/wp-content\/uploads\/2025\/05\/seamless_power_combination_rounded-1024x837-1-441x360.png 441w, https:\/\/ayaneo.co\/wp-content\/uploads\/2025\/05\/seamless_power_combination_rounded-1024x837-1-600x490.png 600w, https:\/\/ayaneo.co\/wp-content\/uploads\/2025\/05\/seamless_power_combination_rounded-1024x837-1-150x123.png 150w\" sizes=\"(max-width: 1024px) 100vw, 1024px\" \/><\/a><\/figure>\n\n\n\n<h3 class=\"wp-block-heading\">Saugykla ir ry\u0161ys<\/h3>\n\n\n\n<p>AYANEO Pocket ACE si\u016blo lanks\u010dias laikymo galimybes, kad b\u016bt\u0173 patenkinti \u012fvair\u016bs naudotoj\u0173 poreikiai.<\/p>\n\n\n\n<ul class=\"wp-block-list\">\n<li>8 GB RAM + 128 GB saugykla<\/li>\n\n\n\n<li>12 GB RAM + 256 GB saugykla<\/li>\n\n\n\n<li>16 GB RAM + 512 GB saugykla<\/li>\n\n\n\n<li>16 GB RAM + 1 TB saugykla<\/li>\n<\/ul>\n\n\n\n<p>Taip pat yra &#8222;microSD\" korteli\u0173 lizdas, kad b\u016bt\u0173 galima lengvai i\u0161pl\u0117sti atminties talp\u0105. Kalbant apie jungiamum\u0105, \u012frenginyje yra spartusis &#8222;Wi-Fi\", &#8222;Bluetooth 5.3&#8243; ir USB 3.2 Gen 2 Type-C prievadas, palaikantis 10 Gb\/s duomen\u0173 perdavim\u0105 ir DP 1.4 vaizdo i\u0161vest\u012f. <\/p>\n<\/div>\n<\/div>\n\n<hr class=\"wp-block-separator has-alpha-channel-opacity\"\/>\n\n<div class=\"wp-block-columns is-layout-flex wp-container-core-columns-is-layout-28f84493 wp-block-columns-is-layout-flex\">\n<div class=\"wp-block-column is-layout-flow wp-block-column-is-layout-flow\">\n<figure class=\"wp-block-image size-full\"><a href=\"https:\/\/ayaneo.co\/wp-content\/uploads\/2025\/05\/ips_screen_rounded-1-1024x837-1.png\"><img loading=\"lazy\" decoding=\"async\" width=\"1024\" height=\"837\" src=\"https:\/\/ayaneo.co\/wp-content\/uploads\/2025\/05\/ips_screen_rounded-1-1024x837-1.png\" alt=\"Baltos spalvos delnin&#x117;s &#x17E;aidim&#x173; konsol&#x117;s (AYNNO Pocket ACE) reklamin&#x117; grafika. Paveiksl&#x117;lyje pavaizduotos dvi konsol&#x117;s, pl&#x16B;duriuojan&#x10D;ios &#x161;viesiame fone su m&#x117;lynos ir geltonos spalvos gradientu. Konsol&#x117;s ekrane rodomas spalvingas retro vaivoryk&#x161;t&#x117;s juost&#x173; dizainas su tekstu &quot;AYNNO Pocket ACE&quot;. Vir&#x161;uje esan&#x10D;iame baltame tekste ra&#x161;oma: &quot;4,5 colio IPS originalus spalvotas ekranas, su i&#x161;skirtiniais vaizdais, kurie atgyja&quot;.   \" class=\"wp-image-37465\" style=\"object-fit:cover\" srcset=\"https:\/\/ayaneo.co\/wp-content\/uploads\/2025\/05\/ips_screen_rounded-1-1024x837-1.png 1024w, https:\/\/ayaneo.co\/wp-content\/uploads\/2025\/05\/ips_screen_rounded-1-1024x837-1-300x245.png 300w, https:\/\/ayaneo.co\/wp-content\/uploads\/2025\/05\/ips_screen_rounded-1-1024x837-1-768x628.png 768w, https:\/\/ayaneo.co\/wp-content\/uploads\/2025\/05\/ips_screen_rounded-1-1024x837-1-990x809.png 990w, https:\/\/ayaneo.co\/wp-content\/uploads\/2025\/05\/ips_screen_rounded-1-1024x837-1-441x360.png 441w, https:\/\/ayaneo.co\/wp-content\/uploads\/2025\/05\/ips_screen_rounded-1-1024x837-1-600x490.png 600w, https:\/\/ayaneo.co\/wp-content\/uploads\/2025\/05\/ips_screen_rounded-1-1024x837-1-150x123.png 150w\" sizes=\"(max-width: 1024px) 100vw, 1024px\" \/><\/a><\/figure>\n\n\n\n<h3 class=\"wp-block-heading\">Dizainas ir rodymas<\/h3>\n\n\n\n<p>AYANEO Pocket ACE pasi\u017eymi eleganti\u0161ku ir kompakti\u0161ku dizainu, primenan\u010diu tradicines horizontalias rankines konsoles. Jo 4,5 colio IPS ekranas pasi\u017eymi 1620\u00d71080 ta\u0161k\u0173 rai\u0161ka ir 3:2 kra\u0161tini\u0173 santykiu, tod\u0117l u\u017etikrina ry\u0161kias spalvas ir a\u0161tr\u0173 vaizd\u0105, kuris atgaivina ir retro, ir \u0161iuolaikinius \u017eaidimus. Prietais\u0105 galima \u012fsigyti trij\u0173 skirting\u0173 spalv\u0173.  <\/p>\n\n\n\n<ul class=\"wp-block-list\">\n<li>\u0160e\u0161\u0117li\u0173 \u0161okis juodas<\/li>\n\n\n\n<li>\u0160viesos gele\u017et\u0117 balta<\/li>\n\n\n\n<li>&#8222;Retro Power\" (ribotas tira\u017eas)<\/li>\n<\/ul>\n\n\n\n<p>Keturi\u0173 i\u0161lenkt\u0173 kra\u0161t\u0173 ir pa\u017eangios UV spinduli\u0173 dangos u\u017etikrina patog\u0173 sukibim\u0105 ir auk\u0161\u010diausios kokyb\u0117s poj\u016bt\u012f, tod\u0117l ilgos \u017eaidim\u0173 sesijos i\u0161lieka malonios.<\/p>\n<\/div>\n\n\n\n<div class=\"wp-block-column is-layout-flow wp-block-column-is-layout-flow\">\n<figure class=\"wp-block-image size-full\"><a href=\"https:\/\/ayaneo.co\/wp-content\/uploads\/2025\/05\/battery_6000mah_rounded-1024x837-1.png\"><img loading=\"lazy\" decoding=\"async\" width=\"1024\" height=\"837\" src=\"https:\/\/ayaneo.co\/wp-content\/uploads\/2025\/05\/battery_6000mah_rounded-1024x837-1.png\" alt=\"Reklaminis grafikas, pabr&#x117;&#x17E;iantis akumuliatoriaus talp&#x105;. Tamsiame, juodai &#x17E;aliame gradiento fone pavaizduota didel&#x117; stilizuota akumuliatoriaus piktograma su m&#x117;lynos ir &#x17E;alios spalvos gradiento u&#x17E;pildu. Po piktograma ai&#x161;kiai matomas skai&#x10D;ius &quot;6000 mAh&quot;. Vir&#x161;uje esan&#x10D;iame baltame tekste ra&#x161;oma: &quot;6000 mAh talpos akumuliatorius, kad gal&#x117;tum&#x117;te i&#x161;tvermingai &#x17E;aisti bet kada ir bet kur&quot;.   \" class=\"wp-image-37466\" srcset=\"https:\/\/ayaneo.co\/wp-content\/uploads\/2025\/05\/battery_6000mah_rounded-1024x837-1.png 1024w, https:\/\/ayaneo.co\/wp-content\/uploads\/2025\/05\/battery_6000mah_rounded-1024x837-1-300x245.png 300w, https:\/\/ayaneo.co\/wp-content\/uploads\/2025\/05\/battery_6000mah_rounded-1024x837-1-768x628.png 768w, https:\/\/ayaneo.co\/wp-content\/uploads\/2025\/05\/battery_6000mah_rounded-1024x837-1-990x809.png 990w, https:\/\/ayaneo.co\/wp-content\/uploads\/2025\/05\/battery_6000mah_rounded-1024x837-1-441x360.png 441w, https:\/\/ayaneo.co\/wp-content\/uploads\/2025\/05\/battery_6000mah_rounded-1024x837-1-600x490.png 600w, https:\/\/ayaneo.co\/wp-content\/uploads\/2025\/05\/battery_6000mah_rounded-1024x837-1-150x123.png 150w\" sizes=\"(max-width: 1024px) 100vw, 1024px\" \/><\/a><\/figure>\n\n\n\n<h3 class=\"wp-block-heading\">Akumuliatorius ir papildomos funkcijos<\/h3>\n\n\n\n<p>Pocket ACE maitina 6000 mAh akumuliatorius, palaikantis 40 W PD greit\u0105j\u012f \u012fkrovim\u0105, kad gal\u0117tum\u0117te ilgiau \u017eaisti. Kitos vertos d\u0117mesio funkcijos. <\/p>\n\n\n\n<ul class=\"wp-block-list\">\n<li>0916B &#8222;Surge\" linijinis variklis, skirtas svaiginan\u010diam haptiniam gr\u012f\u017etamajam ry\u0161iui<\/li>\n\n\n\n<li>\u0160e\u0161i\u0173 a\u0161i\u0173 giroskopas judesi\u0173 valdymui<\/li>\n\n\n\n<li>Pa\u017eangi au\u0161inimo sistema su itin plonu ventiliatoriumi, \u0161ilumos i\u0161sklaidymo briaunomis ir vario plok\u0161tele<\/li>\n\n\n\n<li>Pir\u0161t\u0173 atspaud\u0173 atpa\u017einimas integruotas \u012f \u012fjungimo mygtuk\u0105<\/li>\n<\/ul>\n\n\n\n<p>\u0160ios funkcijos u\u017etikrina optimal\u0173 na\u0161um\u0105 ir geresn\u0119 \u017eaidim\u0173 patirt\u012f.<\/p>\n<\/div>\n<\/div>\n\n<hr class=\"wp-block-separator has-alpha-channel-opacity\"\/>\n\n<h3 class=\"wp-block-heading\">Vartotojo patirtis ir i\u0161vados<\/h3>\n\n<p>AYANEO Pocket ACE i\u0161siskiria kaip auk\u0161\u010diausio lygio ne\u0161iojamasis \u017eaidim\u0173 \u012frenginys, atspindintis klasikini\u0173 retro \u017eaidim\u0173 esm\u0119 ir kartu pasi\u017eymintis \u0161iuolaikini\u0173 technologij\u0173 galia ir universalumu. Kompakti\u0161kas dizainas, galingas veikimas ir pritaikomi valdikliai paver\u010dia j\u012f i\u0161skirtiniu pasirinkimu \u017eaid\u0117jams, ie\u0161kantiems ne\u0161iojam\u0173 ir \u012ftraukian\u010di\u0173 \u017eaidim\u0173 patirties. <\/p>\n\n<p>Per\u017ei\u016br\u0117kite m\u016bs\u0173 ap\u017evalg\u0105 <a href=\"https:\/\/droix.net\/blogs\/ayaneo-pocket-ace-review\/\" target=\"_blank\" rel=\"noreferrer noopener nofollow\">\u010dia.<\/a><\/p>\n\n<p><\/p>\n","protected":false},"excerpt":{"rendered":"<ul>\n<li>Procesorius: Qualcomm<strong> G3x Gen 2<\/strong><\/li>\n<li>Ekranas: 4,5 coli\u0173 IPS<strong> jutiklinis ekranas be rib\u0173<\/strong> <\/li>\n<li>Operatyvioji atmintis: iki 16 GB<strong> LPDDR5X<\/strong> @ 8533 <strong>MT\/s<\/strong><\/li>\n<li>Saugojimas: Iki<strong> 1 TB UFS<\/strong> 4.0<\/li>\n<li>Ry\u0161iai: &#8222;Wi-Fi<strong> 7&#8243; ir &#8222;<\/strong> Bluetooth <strong> 5.3<\/strong><\/li>\n<\/ul>\n<p><img loading=\"lazy\" decoding=\"async\" src=\"https:\/\/ayaneo.co\/wp-content\/uploads\/2025\/05\/acegifts2.jpg\" alt=\"Reklamin\u0117 reklamin\u0117 antra\u0161t\u0117, skirta  \" free=\"\" gifts=\"\" that=\"\" are=\"\" added=\"\" to=\"\" cart=\"\" for=\"\" a=\"\" handheld=\"\" gaming=\"\" console.=\"\" the=\"\" text=\"\" is=\"\" in=\"\" large=\"\" dark=\"\" grey=\"\" font=\"\" on=\"\" light=\"\" background.=\"\" image=\"\" displays=\"\" grid=\"\" of=\"\" product=\"\" accessories=\"\" with=\"\" case=\"\" protector=\"\" and=\"\" caps=\"\" width=\"1000\" height=\"140\" class=\"alignnone size-full wp-image-30151\" labels:=\"\" srcset=\"https:\/\/ayaneo.co\/wp-content\/uploads\/2025\/05\/acegifts2.jpg 1000w, https:\/\/ayaneo.co\/wp-content\/uploads\/2025\/05\/acegifts2-300x42.jpg 300w, https:\/\/ayaneo.co\/wp-content\/uploads\/2025\/05\/acegifts2-768x108.jpg 768w, https:\/\/ayaneo.co\/wp-content\/uploads\/2025\/05\/acegifts2-990x139.jpg 990w, https:\/\/ayaneo.co\/wp-content\/uploads\/2025\/05\/acegifts2-441x62.jpg 441w, https:\/\/ayaneo.co\/wp-content\/uploads\/2025\/05\/acegifts2-600x84.jpg 600w, https:\/\/ayaneo.co\/wp-content\/uploads\/2025\/05\/acegifts2-150x21.jpg 150w\" sizes=\"(max-width: 1000px) 100vw, 1000px\" \/><\/p>\n[cg_accordion title=\"INFORMACIJA APMOK\u0116JIMUI\"]<\/p>\n<p>Naudojame naujausias mok\u0117jimo apdorojimo technologijas, kurios leid\u017eia greitai ir saugiai atsiskaityti per &#8222;Apple Pay\", &#8222;Google Pay\", debeto \/ kredito kortel\u0119, &#8222;PayPal\" arba BNPL metodus, tokius kaip &#8222;Klarna\", &#8222;Affirm\" arba &#8222;AfterPay\".[\/cg_accordion]\n[cg_accordion title=\"GARANTIJA\"]<\/p>\n<p><a href=\"https:\/\/droix.net\/\" target=\"_blank\" rel=\"nofollow noopener\">DROIX Global suteikia 1 met\u0173 garantij\u0105, kad<\/a> b\u016btum\u0117te ram\u016bs[\/cg_accordion]\n[cg_accordion title=\"KOKYB\u0116S U\u017dTIKRINIMAS IR BANDYMAI PRIE\u0160 I\u0160SIUNTIM\u0104\"]<\/p>\n<p>Auk\u0161\u010diausio lygio klient\u0173 pasitenkinimo u\u017etikrinimas: Prie\u0161 i\u0161siun\u010diant kiekvien\u0105 prietais\u0105 atliekamas grie\u017etas testavimas ir daugiapakopis kokyb\u0117s u\u017etikrinimas. M\u016bs\u0173 komanda tikrina veikim\u0105, funkcionalum\u0105 ir komponent\u0173 vientisum\u0105, kad u\u017etikrintume, jog j\u016bs\u0173 AYANEO prietaisas atvykus b\u016bt\u0173 visi\u0161kai tvarkingas, o j\u016bs b\u016btum\u0117te tikri ir ram\u016bs. [\/cg_accordion]\n[cg_accordion title=\"KAINOS, MOKES\u010cIAI IR PRISTATYMAS\"]<\/p>\n<p><strong><u>Pastaba:<\/u><\/strong><\/p>\n<ul>\n<li>Jungtini\u0173 Amerikos Valstij\u0173 klientai: \u012e rodom\u0105 kain\u0105 N\u0116RA \u012fskai\u010diuoti mokes\u010diai ir muitai. Atsakomyb\u0117 i\u0161muitinti muitin\u0119 ir sumok\u0117ti visus susijusius mokes\u010dius ir muitus tenka klientui. <\/li>\n<li>ES klientai: \u012e nurodyt\u0105 kain\u0105 \u012fskai\u010diuoti taikomi mokes\u010diai, kurie, priklausomai nuo j\u016bs\u0173 \u0161alies, gali siekti iki 25 %.<\/li>\n<li>Kanados klientai: \u012e nurodyt\u0105 kain\u0105 \u012fskai\u010diuoti taikomi mokes\u010diai, kurie, priklausomai nuo j\u016bs\u0173 provincijos, gali apimti 5 % GPM ir papildomus provincijos pardavimo mokes\u010dius (PST), suderint\u0105 pardavimo mokest\u012f (HST) arba Kvebeko pardavimo mokest\u012f (QST).<\/li>\n<\/ul>\n<p><strong>TIK ES klientams:<\/strong> Express DDP (pristatoma sumok\u0117jus muit\u0105). Tai rei\u0161kia: <\/p>\n<ul>\n<li>Visi muitai ir mokes\u010diai \u012fskai\u010diuoti \u012f produkto puslapyje nurodyt\u0105 kain\u0105.<\/li>\n<li>Pristatymo metu jums nereik\u0117s mok\u0117ti joki\u0173 papildom\u0173 mokes\u010di\u0173.<\/li>\n<li>Retais atvejais, kai kyla su muitine susijusi\u0173 problem\u0173, m\u016bs\u0173 komanda pasir\u016bpins muitin\u0117s formalumais j\u016bs\u0173 vardu, kad b\u016bt\u0173 u\u017etikrintas sklandus pristatymas.<\/li>\n<p>Svarbi informacija apie gr\u0105\u017einim\u0105:<\/p>\n<li>Jei nuspr\u0119site gr\u0105\u017einti u\u017esakym\u0105 arba pra\u0161ysite gr\u0105\u017einti pinigus, tur\u0117kite omenyje, kad mokes\u010diai ir muitai, sumok\u0117ti j\u016bs\u0173 vardu pagal DDP s\u0105lygas, negali b\u016bti gr\u0105\u017einami.<\/li>\n<p>I\u0161samesn\u0117s informacijos rasite m\u016bs\u0173 <a href=\"https:\/\/ayaneo.co\/terms-of-service-2\/\" target=\"_blank\" rel=\"nofollow noopener\">s\u0105lygose ir nuostatose<\/a>.\n<\/ul>\n<p>[\/cg_accordion]\n[cg_accordion title=\"KLIENT\u0172 APTARNAVIMAS\"]<\/p>\n<p>Turite klausim\u0105? U\u017etenka para\u0161yti trump\u0105j\u0105 \u017einut\u0119 ir j\u016bs\u0173 klausimas bus i\u0161spr\u0119stas! [\/cg_accordion]\n[cg_accordion title=\"PAKUOT\u0118 SUDARO\"]<\/p>\n<ul>\n<li>1x AYANEO Pocket ACE<\/li>\n<li>1x C tipo USB kabelis<\/li>\n<li>1x naudotojo vadovas<\/li>\n<\/ul>\n<p>[\/cg_accordion]\n","protected":false},"featured_media":17191,"template":"","meta":{"_acf_changed":false},"product_brand":[],"product_cat":[1234],"product_tag":[],"class_list":{"0":"post-17189","1":"product","2":"type-product","3":"status-publish","4":"has-post-thumbnail","6":"product_cat-android-zaidimu-nesiojamasis-kompiuteris","7":"product_shipping_class-premium","8":"pa_brand-ayaneo","9":"pa_graphics-gpu-model-adreno-a32","10":"pa_operating-system-android-13","11":"pa_processor-cpu-brand-qualcomm","13":"first","14":"instock","15":"taxable","16":"shipping-taxable","17":"purchasable","18":"product-type-variable","19":"has-default-attributes"},"acf":[],"_links":{"self":[{"href":"https:\/\/ayaneo.co\/lt\/wp-json\/wp\/v2\/product\/17189","targetHints":{"allow":["GET"]}}],"collection":[{"href":"https:\/\/ayaneo.co\/lt\/wp-json\/wp\/v2\/product"}],"about":[{"href":"https:\/\/ayaneo.co\/lt\/wp-json\/wp\/v2\/types\/product"}],"wp:featuredmedia":[{"embeddable":true,"href":"https:\/\/ayaneo.co\/lt\/wp-json\/wp\/v2\/media\/17191"}],"wp:attachment":[{"href":"https:\/\/ayaneo.co\/lt\/wp-json\/wp\/v2\/media?parent=17189"}],"wp:term":[{"taxonomy":"product_brand","embeddable":true,"href":"https:\/\/ayaneo.co\/lt\/wp-json\/wp\/v2\/product_brand?post=17189"},{"taxonomy":"product_cat","embeddable":true,"href":"https:\/\/ayaneo.co\/lt\/wp-json\/wp\/v2\/product_cat?post=17189"},{"taxonomy":"product_tag","embeddable":true,"href":"https:\/\/ayaneo.co\/lt\/wp-json\/wp\/v2\/product_tag?post=17189"}],"curies":[{"name":"wp","href":"https:\/\/api.w.org\/{rel}","templated":true}]}}