{"id":17190,"date":"2025-03-27T09:55:33","date_gmt":"2025-03-27T09:55:33","guid":{"rendered":"https:\/\/ayaneo.co\/product\/ayaneo-air-pro\/"},"modified":"2025-05-30T16:00:36","modified_gmt":"2025-05-30T16:00:36","slug":"ayaneo-air-pro","status":"publish","type":"product","link":"https:\/\/ayaneo.co\/lt\/product\/ayaneo-air-pro\/","title":{"rendered":"AYANEO AIR PRO"},"content":{"rendered":"\n<h2 class=\"wp-block-heading\">AYANEO Oro<\/h2>\n\n<figure class=\"wp-block-image\"><img decoding=\"async\" src=\"https:\/\/droix.net\/wp-content\/uploads\/2022\/10\/TEXT.png\" alt=\"\" title=\"AYA NEO AIR PRO 1\"\/><\/figure>\n\n<figure class=\"wp-block-image\"><img decoding=\"async\" src=\"https:\/\/droix.net\/wp-content\/uploads\/2022\/10\/cpu-perf.png\" alt=\"\" title=\"AYA NEO AIR PRO 2\"\/><\/figure>\n\n<h2 class=\"wp-block-heading\">Galingas procesorius<\/h2>\n\n<figure class=\"wp-block-image\"><img decoding=\"async\" src=\"https:\/\/droix.net\/wp-content\/uploads\/2022\/10\/oled.png\" alt=\"\" title=\"AYA NEO AIR PRO 3\"\/><\/figure>\n\n<h2 class=\"wp-block-heading\">\u201eCrisp\u201c OLED ekranas<\/h2>\n\n<figure class=\"wp-block-image\"><img decoding=\"async\" src=\"https:\/\/droix.net\/wp-content\/uploads\/2022\/10\/controller.png\" alt=\"\" title=\"AYA NEO AIR PRO 4\"\/><\/figure>\n\n<h2 class=\"wp-block-heading\">\u017daidim\u0173 valdikliai<\/h2>\n\n<figure class=\"wp-block-image\"><img decoding=\"async\" src=\"https:\/\/droix.net\/wp-content\/uploads\/2022\/10\/hall-joystick.png\" alt=\"\" title=\"AYA NEO AIR PRO 5\"\/><\/figure>\n\n<h2 class=\"wp-block-heading\">HALL Joystickai<\/h2>\n\n<figure class=\"wp-block-image\"><img decoding=\"async\" src=\"https:\/\/droix.net\/wp-content\/uploads\/2022\/10\/light.png\" alt=\"\" title=\"AYA NEO AIR PRO 6\"\/><\/figure>\n\n<h2 class=\"wp-block-heading\">Lengvas<\/h2>\n\n<figure class=\"wp-block-image\"><img decoding=\"async\" src=\"https:\/\/droix.net\/wp-content\/uploads\/2022\/10\/lightweight.png\" alt=\"\" title=\"AYA NEO AIR PRO 7\"\/><\/figure>\n\n<h2 class=\"wp-block-heading\">Ne\u0161iojamasis<\/h2>\n\n<figure class=\"wp-block-image\"><img decoding=\"async\" src=\"https:\/\/droix.net\/wp-content\/uploads\/2022\/10\/ayaspace.png\" alt=\"\" title=\"AYA NEO AIR PRO 8\"\/><\/figure>\n\n<h2 class=\"wp-block-heading\">AYASpace<\/h2>\n\n<figure class=\"wp-block-image\"><img decoding=\"async\" src=\"https:\/\/droix.net\/wp-content\/uploads\/2022\/10\/storage-expansion.png\" alt=\"\" title=\"AYA NEO AIR PRO 9\"\/><\/figure>\n\n<h2 class=\"wp-block-heading\">I\u0161ple\u010diama saugykla<\/h2>\n\n<h2 class=\"wp-block-heading\">AYANEO Oro<\/h2>\n\n<h2 class=\"wp-block-heading\">18mm<\/h2>\n\n<h2 class=\"wp-block-heading\">AYANEO &#8222;Air Pro<\/h2>\n\n<h2 class=\"wp-block-heading\">21,6 mm<\/h2>\n\n<figure class=\"wp-block-image\"><img decoding=\"async\" src=\"https:\/\/droix.net\/wp-content\/uploads\/2022\/10\/1.png\" alt=\"\" title=\"AYA NEO AIR PRO 10\"\/><\/figure>\n\n<figure class=\"wp-block-image\"><img decoding=\"async\" src=\"https:\/\/droix.net\/wp-content\/uploads\/2022\/10\/2.png\" alt=\"\" title=\"AYA NEO AIR PRO 11\"\/><\/figure>\n\n<figure class=\"wp-block-image\"><img decoding=\"async\" src=\"https:\/\/droix.net\/wp-content\/uploads\/2022\/10\/6.png\" alt=\"\" title=\"AYA NEO AIR PRO 12\"\/><\/figure>\n\n<figure class=\"wp-block-image\"><img decoding=\"async\" src=\"https:\/\/droix.net\/wp-content\/uploads\/2022\/10\/3.png\" alt=\"\" title=\"AYA NEO AIR PRO 13\"\/><\/figure>\n\n<figure class=\"wp-block-image\"><img decoding=\"async\" src=\"https:\/\/droix.net\/wp-content\/uploads\/2022\/10\/8.png\" alt=\"\" title=\"AYA NEO AIR PRO 14\"\/><\/figure>\n\n<figure class=\"wp-block-image\"><img decoding=\"async\" src=\"https:\/\/droix.net\/wp-content\/uploads\/2022\/10\/4.png\" alt=\"\" title=\"AYA NEO AIR PRO 15\"\/><\/figure>\n\n<figure class=\"wp-block-image\"><img decoding=\"async\" src=\"https:\/\/droix.net\/wp-content\/uploads\/2022\/10\/5.png\" alt=\"\" title=\"AYA NEO AIR PRO 16\"\/><\/figure>\n\n<figure class=\"wp-block-image\"><img decoding=\"async\" src=\"https:\/\/droix.net\/wp-content\/uploads\/elementor\/thumbs\/7-q8z5dcnq498hbirw1mfy0omf1l06qm1syszlslccn4.png\" alt=\"7.png\" title=\"7.png\"\/><\/figure>\n\n<figure class=\"wp-block-image\"><img decoding=\"async\" src=\"https:\/\/droix.net\/wp-content\/uploads\/elementor\/thumbs\/9-q8z5dcnq498hbirw1mfy0omf1l06qm1syszlslccn4.png\" alt=\"9.png\" title=\"9.png\"\/><\/figure>\n\n<h2 class=\"wp-block-heading\">Patirkite \u017eaidimus per ry\u0161k\u0173 OLED ekran\u0105<\/h2>\n\n<h2 class=\"wp-block-heading\">5,5\u2033 AMOLED didel\u0117s spalv\u0173 gamos ekranas.<\/h2>\n\n<h2 class=\"wp-block-heading\">Pla\u010dios spalv\u0173 gamos efektas, NTSC 109 %, tod\u0117l ekranas yra tikrovi\u0161kesnis.<br\/>D\u0117l kontrasto santykio iki 100000:1 spalvos yra sodresn\u0117s ir ry\u0161kesn\u0117s.<br\/>M\u0117gaukit\u0117s gryna juoda spalva ir kontrastingais m\u0117gstam\u0173 film\u0173 vaizdais. \u201eAYANEO Air\u201c turi did\u017eiausi\u0105 PPI, kok\u012f galima rasti \u201eWindows\u201c \u017eaidim\u0173 ki\u0161eniniame kompiuteryje - 404 pikselius colyje. <\/h2>\n\n<figure class=\"wp-block-image\"><img decoding=\"async\" src=\"https:\/\/droix.net\/wp-content\/uploads\/2022\/10\/oled-info-1024x309.png\" alt=\"\" title=\"AYA NEO AIR PRO 17\"\/><\/figure>\n\n<h2 class=\"wp-block-heading\">Itin plonas ir lengvas<\/h2>\n\n<h2 class=\"wp-block-heading\">\u201eAYANEO Air\u201c buvo kuriamas galvojant apie ne\u0161iojamum\u0105, o kad tai pasiektume, \u012f \u0161\u012f \u201eWindows\u201c \u017eaidim\u0173 ki\u0161enin\u012f kompiuter\u012f tur\u0117jome sujungti ir suspausti ma\u017edaug 3500 komponent\u0173.<br\/>\u0160iame itin ne\u0161iojamame \u017eaidim\u0173 ki\u0161eniniame kompiuteryje yra ne\u0161iojamojo kompiuterio verta technin\u0117 \u012franga.<br\/>O kad \u0161i gra\u017ei pakuot\u0117 b\u016bt\u0173 u\u017ebaigta, galutiniam vartotojui matomi tik 2 var\u017etai.<\/h2>\n\n<h2 class=\"wp-block-heading\">Naujas po\u017ei\u016bris \u012f ne\u0161iojamuosius delninius kompiuterius<\/h2>\n\n<h2 class=\"wp-block-heading\">Sveria tik 398 g*<\/h2>\n\n<figure class=\"wp-block-image\"><img decoding=\"async\" src=\"https:\/\/droix.net\/wp-content\/uploads\/2022\/10\/ayaneo_air-vs-switch.png\" alt=\"\" title=\"AYA NEO AIR PRO 18\"\/><\/figure>\n\n<h2 class=\"wp-block-heading\">AYANEO \u201eAir Lite*\u201c - 398 g<br\/>AYANEO \u201eAir Standard\u201c - 398 g<br\/>AYANEO \u201eAir Pro\u201c - 440 g<\/h2>\n\n<h2 class=\"wp-block-heading\">Gerokai ma\u017eesnis nei Steam Deck<br\/> Ir dar ma\u017eesnis nei \u201eSwitch\u201c.<\/h2>\n\n<figure class=\"wp-block-image\"><img decoding=\"async\" src=\"https:\/\/droix.net\/wp-content\/uploads\/2022\/10\/ayaneo-sd-switch.png\" alt=\"\" title=\"AYA NEO AIR PRO 19\"\/><\/figure>\n\n<h2 class=\"wp-block-heading\">398 g AYANEO Air<\/h2>\n\n<h2 class=\"wp-block-heading\">223,9 \u00d7 89,4 \u00d7 18 mm<\/h2>\n\n<h2 class=\"wp-block-heading\">420 g &#8222;Nintendo Switch<\/h2>\n\n<h2 class=\"wp-block-heading\">242x102x13,9 mm<\/h2>\n\n<h2 class=\"wp-block-heading\">669g Steam Deck<\/h2>\n\n<h2 class=\"wp-block-heading\">298x117x20 mm<\/h2>\n\n<h2 class=\"wp-block-heading\">AAA \u017eaidimai kelyje?<\/h2>\n\n<h2 class=\"wp-block-heading\">AYANEO \u201eAir\u201c turi \u201eRED\u201c gali\u0105 - \u201eAMD Ryzen 5 5560U\u201c arba 5825U (tik AYANEO Air Pro).<br\/>\u0160ie APU ne tik puikiai tinka \u017eaidimams, bet ir pasi\u017eymi ma\u017eesniu energijos suvartojimu, tod\u0117l galite ilgiau \u017eaisti m\u0117gstamus \u017eaidimus.<\/h2>\n\n<figure class=\"wp-block-image\"><img decoding=\"async\" src=\"https:\/\/droix.net\/wp-content\/uploads\/2022\/10\/cpu-1-1-300x300.png\" alt=\"\" title=\"AYA NEO AIR PRO 20\"\/><\/figure>\n\n<h2 class=\"wp-block-heading\">D\u0117l TSMC sukurto 7nn proceso AYANEO Air taupo energij\u0105, ta\u010diau i\u0161laiko auk\u0161t\u0105 na\u0161um\u0105 m\u0117gstamiausiuose \u017eaidimuose.<\/h2>\n\n<figure class=\"wp-block-image\"><img decoding=\"async\" src=\"https:\/\/droix.net\/wp-content\/uploads\/2022\/10\/cpu-2-1-300x300.png\" alt=\"\" title=\"AYA NEO AIR PRO 21\"\/><\/figure>\n\n<h2 class=\"wp-block-heading\">\u201eAMD Ryzen 7 5825U APU\u201c, kur\u012f galima \u012fsigyti tik \u201eAYANEO Air Pro\u201c, veikia 100 MHz da\u017eniu da\u017eniau nei 5800U ir puikiai tinka \u017eaidimams kelyje.<\/h2>\n\n<h2 class=\"wp-block-heading\">Su\u017einokite daugiau apie m\u0117gstamus \u017eaidimus<\/h2>\n\n<figure class=\"wp-block-image\"><img decoding=\"async\" src=\"https:\/\/droix.net\/wp-content\/uploads\/2022\/08\/games-1.png\" alt=\"&#x17E;aidimai-1\" title=\"AYA NEO AIR PRO 22\"\/><\/figure>\n\n<figure class=\"wp-block-image\"><img decoding=\"async\" src=\"https:\/\/droix.net\/wp-content\/uploads\/2022\/08\/games-2.png\" alt=\"&#x17E;aidimai-2\" title=\"AYA NEO AIR PRO 23\"\/><\/figure>\n\n<figure class=\"wp-block-image\"><img decoding=\"async\" src=\"https:\/\/droix.net\/wp-content\/uploads\/elementor\/thumbs\/ayaneo-master-q8z5dcnq497mmmrgjif980vegtbvts312kqur5jx8g.png\" alt=\"ayaneo-master.png\" title=\"ayaneo-master.png\"\/><\/figure>\n\n<h2 class=\"wp-block-heading\">B\u016bkite meistras m\u016b\u0161io lauke su GuliKit.<\/h2>\n\n<h2 class=\"wp-block-heading\">AYANEO, bendradarbiaudami su \u201eGuliKit\u201c, siekiame suteikti jums geriausi\u0105 \u017eaidim\u0173 patirt\u012f. \u0160is kompiuterini\u0173 \u017eaidim\u0173 delninis kompiuteris yra pirmasis modelis, kuriame \u012fdiegti auk\u0161tos kokyb\u0117s \u201eGuliKit\u201c valdikliai. <\/h2>\n\n<figure class=\"wp-block-image\"><img decoding=\"async\" src=\"https:\/\/droix.net\/wp-content\/uploads\/elementor\/thumbs\/gulikit-logo-q8z5dcnq497ijbaloaorilpee1n1klosjvnack8xkw.png\" alt=\"gulikit-logo.png\" title=\"gulikit-logo.png\"\/><\/figure>\n\n<figure class=\"wp-block-image\"><img decoding=\"async\" src=\"https:\/\/droix.net\/wp-content\/uploads\/2022\/10\/ayaneo-joystick-device.png\" alt=\"\" title=\"AYA NEO AIR PRO 24\"\/><\/figure>\n\n<h2 class=\"wp-block-heading\">Joki\u0173 negyvosios zonos jutiklini\u0173 ki\u0161tuk\u0173<\/h2>\n\n<h2 class=\"wp-block-heading\">Vidiniuose ir i\u0161oriniuose apskritimuose 100 % n\u0117ra \u201enegyvosios zonos\u201c<br\/>Tai puikiai tinka FPS \u017eaidimams.<\/h2>\n\n<h2 class=\"wp-block-heading\">Trigerio jautrumo reguliavimas<\/h2>\n\n<h2 class=\"wp-block-heading\">Naudodami \u201eAYA Space\u201c galite lengvai valdyti gaiduko paspaudimo eig\u0105. Taip gal\u0117site paspausti gaidukus 50 %, kad poveikis b\u016bt\u0173 visavertis. <\/h2>\n\n<h2 class=\"wp-block-heading\">Nulin\u0117s galios bud\u0117jimo re\u017eimas<\/h2>\n\n<h2 class=\"wp-block-heading\">Valdiklius galite i\u0161jungti \u201eAYA Space\u201c programoje - taip sutaupysite energijos.<\/h2>\n\n<h2 class=\"wp-block-heading\">A-B X-Y klavi\u0161\u0173 keitimas<\/h2>\n\n<h2 class=\"wp-block-heading\">Pripratote prie japoni\u0161ko i\u0161d\u0117stymo? Joki\u0173 problem\u0173! Naudodami \u201eAYA Space\u201c galite pakeisti i\u0161d\u0117stym\u0105.  <\/h2>\n\n<figure class=\"wp-block-image\"><img decoding=\"async\" src=\"https:\/\/droix.net\/wp-content\/uploads\/2022\/10\/11.png\" alt=\"\" title=\"AYA NEO AIR PRO 25\"\/><\/figure>\n\n<h2 class=\"wp-block-heading\">N\u0117ra dreifo<\/h2>\n\n<h2 class=\"wp-block-heading\">AYANEO \u201eAir\u201c valdikliuose naudojami elektromagnetiniai svyruokliai, kad b\u016bt\u0173 i\u0161vengta valdiklio dreifo.<\/h2>\n\n<figure class=\"wp-block-image\"><img decoding=\"async\" src=\"https:\/\/droix.net\/wp-content\/uploads\/2022\/10\/22.png\" alt=\"\" title=\"AYA NEO AIR PRO 26\"\/><\/figure>\n\n<h2 class=\"wp-block-heading\">N\u0117ra negyvosios zonos<\/h2>\n\n<h2 class=\"wp-block-heading\">\u201eAYANEO Air\u201c vairalazd\u0117s neturi \u201etu\u0161\u010diosios zonos\u201c viduryje ir i\u0161oriniuose vairalazd\u017ei\u0173 \u017eieduose.<\/h2>\n\n<figure class=\"wp-block-image\"><img decoding=\"async\" src=\"https:\/\/droix.net\/wp-content\/uploads\/2022\/10\/33.png\" alt=\"\" title=\"AYA NEO AIR PRO 27\"\/><\/figure>\n\n<h2 class=\"wp-block-heading\">Didelis tikslumas<\/h2>\n\n<h2 class=\"wp-block-heading\">Sunkiai pasiekiami \u0161\u016bviai FPS \u017eaidimuose ir sklandus transporto priemon\u0117s valdymas vairavimo \u017eaidimuose.<\/h2>\n\n<figure class=\"wp-block-image\"><img decoding=\"async\" src=\"https:\/\/droix.net\/wp-content\/uploads\/2022\/10\/44.png\" alt=\"\" title=\"AYA NEO AIR PRO 28\"\/><\/figure>\n\n<h2 class=\"wp-block-heading\">Ilgas tarnavimo laikas<\/h2>\n\n<h2 class=\"wp-block-heading\">\u201eHall\u201c valdikli\u0173 naudojimo trukm\u0117 - 5 milijonai kart\u0173. Tai u\u017etikrins, kad j\u016bs\u0173 AYANEO Air elgsis <\/h2>\n\n<h2 class=\"wp-block-heading\">I\u0160SKIRTINIAI AYANEO \u012frenginiai<\/h2>\n\n<h2 class=\"wp-block-heading\">AYA erdv\u0117<\/h2>\n\n<h2 class=\"wp-block-heading\">Naudodamiesi \u201eAYA Space\u201c galite valdyti ir paleisti m\u0117gstamus \u017eaidimus per kelias sekundes.<br\/>Naudodamiesi \u201eAYA Space\u201c galite nustatyti vienam \u017eaidimui skirtus veikimo profilius ir valdyti pagrindines \u012frenginio funkcijas.<br\/>\u201eAYANEO Air\u201c turi special\u0173 \u201eAYA Space\u201c mygtuk\u0105, kuriuo galima lengvai i\u0161kviesti perdang\u0105 ir vienu mygtuko paspaudimu reguliuoti ry\u0161kum\u0105, garsum\u0105 ir TDP.<\/h2>\n\n<figure class=\"wp-block-image\"><img decoding=\"async\" src=\"https:\/\/droix.net\/wp-content\/uploads\/2022\/10\/ayaspace-ui-768x625.png\" alt=\"\" title=\"AYA NEO AIR PRO 29\"\/><\/figure>\n\n<h2 class=\"wp-block-heading\">Didel\u0117s spartos vidin\u0117 arba i\u0161orin\u0117 saugykla<\/h2>\n\n<h2 class=\"wp-block-heading\">Vidinis SSD<\/h2>\n\n<h2 class=\"wp-block-heading\">\u012emontuota didel\u0117s spartos \u201eNVMe\u201c SSD su iki 2 TB talpa<\/h2>\n\n<figure class=\"wp-block-image\"><img decoding=\"async\" src=\"https:\/\/droix.net\/wp-content\/uploads\/2022\/10\/storage-1.png\" alt=\"\" title=\"AYA NEO AIR PRO 30\"\/><\/figure>\n\n<h2 class=\"wp-block-heading\">TF\/Micro SD kortel\u0117s lizdas<\/h2>\n\n<h2 class=\"wp-block-heading\">Galite lengvai atnaujinti vidin\u0119 atmint\u012f.<\/h2>\n\n<figure class=\"wp-block-image\"><img decoding=\"async\" src=\"https:\/\/droix.net\/wp-content\/uploads\/2022\/10\/storage-2.png\" alt=\"\" title=\"AYA NEO AIR PRO 31\"\/><\/figure>\n\n<figure class=\"wp-block-image\"><img decoding=\"async\" src=\"https:\/\/droix.net\/wp-content\/uploads\/2022\/10\/multi-use.jpg\" alt=\"\" title=\"AYA NEO AIR PRO 32\"\/><\/figure>\n","protected":false},"excerpt":{"rendered":"<ul>\n<li>&#8222;AMD <strong>Ryzen 5 5560U<\/strong> \" \/ &#8222;AMD <strong>Ryzen 7 5825U<\/strong><\/li>\n<li><strong>16GB<\/strong> LPDDR4x @ 4266Mhz<\/li>\n<li><strong>iki 1 TB<\/strong> didel\u0117s spartos PCI-E <strong>M.2<\/strong> 2280 SSD<\/li>\n<li><strong>5,5<\/strong> \" <strong> OLED jutiklinis ekranas<\/strong> <\/li>\n<li><strong>\u201eWiFi 6\u201c<\/strong> ir <strong>\u201eBluetooth 5.2\u201c<\/strong> palaikymas<\/li>\n<\/ul>\n[cg_accordion title=\"Garantija\"]<\/p>\n<p>\u201eAYANEO AIR PRO\u201c suteikiama 1 met\u0173 \u201e<a href=\"https:\/\/droix.net\/\">DROIX Global\u201c<\/a> garantija. [\/cg_accordion]\n[cg_accordion title=\"Kainos, mokes\u010diai ir pristatymas\"]<\/p>\n<p><strong><u>Pastaba:<\/u><\/strong><\/p>\n<ul>\n<li>Jungtini\u0173 Amerikos Valstij\u0173 klientai: \u012e nurodyt\u0105 kain\u0105 \u012fskai\u010diuotas pagal j\u016bs\u0173 valstij\u0105 taikytinas mokestis.<\/li>\n<li>ES klientai: \u012e nurodyt\u0105 kain\u0105 \u012fskai\u010diuoti taikomi mokes\u010diai, kurie, priklausomai nuo j\u016bs\u0173 \u0161alies, gali siekti iki 25 %.<\/li>\n<li>Kanados klientai: \u012e nurodyt\u0105 kain\u0105 \u012fskai\u010diuoti taikomi mokes\u010diai, kurie, priklausomai nuo j\u016bs\u0173 provincijos, gali apimti 5 % GPM ir papildomus provincijos pardavimo mokes\u010dius (PST), suderint\u0105 pardavimo mokest\u012f (HST) arba Kvebeko pardavimo mokest\u012f (QST).<\/li>\n<\/ul>\n<p>[\/cg_accordion]\n[cg_accordion title=\"Pristatymas ir gr\u0105\u017einimas\"]<\/p>\n<p>Organizuoja <a href=\"https:\/\/droix.net\/\" target=\"_blank\" rel=\"nofollow noopener\">DROIX<\/a>, oficialus AYANEO platintojas, siun\u010diame naudodamiesi \u201eDHL Express DDP\u201c (Delivered Duty Paid). Tai rei\u0161kia, kad: <\/p>\n<p>\u201eExpress DDP\u201c (pristatoma su sumok\u0117tais muitais). Tai rei\u0161kia: <\/p>\n<ul>\n<li>Visi muitai ir mokes\u010diai \u012ftraukti \u012f produkto puslapyje nurodyt\u0105 kain\u0105.<\/li>\n<li>Pristatymo metu jums nereik\u0117s mok\u0117ti joki\u0173 papildom\u0173 mokes\u010di\u0173.<\/li>\n<li>Retais atvejais, kai kyla su muitine susijusi\u0173 problem\u0173, m\u016bs\u0173 komanda pasir\u016bpins muitin\u0117s formalumais j\u016bs\u0173 vardu, kad b\u016bt\u0173 u\u017etikrintas sklandus pristatymas.<\/li>\n<p>Svarbi informacija apie gr\u0105\u017einim\u0105:<\/p>\n<li>Jei nuspr\u0119site gr\u0105\u017einti u\u017esakym\u0105 arba pra\u0161ysite gr\u0105\u017einti pinigus, tur\u0117kite omenyje, kad mokes\u010diai ir muitai, sumok\u0117ti u\u017e jus pagal DDP s\u0105lygas, negali b\u016bti gr\u0105\u017einami.<\/li>\n<p>I\u0161samesn\u0117s informacijos rasite m\u016bs\u0173 <a href=\"https:\/\/ayaneo.co\/terms-of-service-2\/\" target=\"_blank\" rel=\"nofollow noopener\">s\u0105lygose ir nuostatose<\/a>.\n<\/ul>\n<p>[\/cg_accordion]\n[cg_accordion title=\"Klient\u0173 aptarnavimas\"]<\/p>\n<p>Turite klausim\u0105? U\u017etenka para\u0161yti trump\u0105j\u0105 \u017einut\u0119 ir j\u016bs\u0173 klausimas bus i\u0161spr\u0119stas! [\/cg_accordion]\n[cg_accordion title=\"\u012e paket\u0105 \u012feina\"]<\/p>\n<ul>\n<li>1x AYANEO AIR PRO \u017eaidim\u0173 delninis kompiuteris<\/li>\n<li>1x C tipo USB kabelis<\/li>\n<li>1x maitinimo adapteris<\/li>\n<li>1x naudotojo vadovas<\/li>\n<\/ul>\n<p>[\/cg_accordion]\n","protected":false},"featured_media":17200,"template":"","meta":{"_acf_changed":false},"product_brand":[],"product_cat":[1219],"product_tag":[],"class_list":{"0":"post-17190","1":"product","2":"type-product","3":"status-publish","4":"has-post-thumbnail","6":"product_cat-nesiojamieji-zaidimu-kompiuteriai","7":"product_shipping_class-premium","8":"pa_brand-ayaneo","9":"pa_graphics-gpu-model-radeon-graphics","10":"pa_operating-system-windows-11-home","11":"pa_processor-cpu-brand-amd","13":"first","14":"outofstock","15":"taxable","16":"shipping-taxable","17":"purchasable","18":"product-type-variable"},"acf":[],"_links":{"self":[{"href":"https:\/\/ayaneo.co\/lt\/wp-json\/wp\/v2\/product\/17190","targetHints":{"allow":["GET"]}}],"collection":[{"href":"https:\/\/ayaneo.co\/lt\/wp-json\/wp\/v2\/product"}],"about":[{"href":"https:\/\/ayaneo.co\/lt\/wp-json\/wp\/v2\/types\/product"}],"wp:featuredmedia":[{"embeddable":true,"href":"https:\/\/ayaneo.co\/lt\/wp-json\/wp\/v2\/media\/17200"}],"wp:attachment":[{"href":"https:\/\/ayaneo.co\/lt\/wp-json\/wp\/v2\/media?parent=17190"}],"wp:term":[{"taxonomy":"product_brand","embeddable":true,"href":"https:\/\/ayaneo.co\/lt\/wp-json\/wp\/v2\/product_brand?post=17190"},{"taxonomy":"product_cat","embeddable":true,"href":"https:\/\/ayaneo.co\/lt\/wp-json\/wp\/v2\/product_cat?post=17190"},{"taxonomy":"product_tag","embeddable":true,"href":"https:\/\/ayaneo.co\/lt\/wp-json\/wp\/v2\/product_tag?post=17190"}],"curies":[{"name":"wp","href":"https:\/\/api.w.org\/{rel}","templated":true}]}}