{"id":17270,"date":"2025-05-08T13:01:34","date_gmt":"2025-05-08T13:01:34","guid":{"rendered":"https:\/\/ayaneo.co\/product\/ayaneo-ag01-starship-grafinis-dokas\/"},"modified":"2026-01-06T00:31:47","modified_gmt":"2026-01-06T00:31:47","slug":"ayaneo-ag01","status":"publish","type":"product","link":"https:\/\/ayaneo.co\/lt\/product\/ayaneo-ag01\/","title":{"rendered":"AYANEO AG01 \u201eStarship\u201c grafinis dokas"},"content":{"rendered":"\n<figure class=\"wp-block-video\"><video height=\"1080\" style=\"aspect-ratio: 1920 \/ 1080;\" width=\"1920\" controls=\"\" poster=\"https:\/\/ayaneo.co\/wp-content\/uploads\/2025\/05\/maxresdefault-4.jpg\" src=\"https:\/\/ayaneo.co\/wp-content\/uploads\/2025\/05\/AYANEO-AG01-Starship-Graphic-Dock_-Salute-to-The-Era-of-Space-Science-Explore-The-Gaming-World.mp4\"><\/video><\/figure>\n\n<h2 class=\"wp-block-heading\" id=\"h-introducing-the-ayaneo-ag01-starship-graphics-dock-power-precision-and-portability-redefined\">Pristatome AYANEO AG01 \u201eStarship Graphics Dock\u201c: Galia, tikslumas ir perkeliamumas apibr\u0117\u017eti i\u0161 naujo<\/h2>\n\n<p><strong>\u201eAYANEO AG01 Starship Graphics Dock\u201c<\/strong> pradeda nauj\u0105 i\u0161orini\u0173 GPU sprendim\u0173 er\u0105, pritaikyt\u0105 \u017eaid\u0117jams, k\u016br\u0117jams ir profesionalams, kuriems reikia tik \u017evaig\u017ed\u017ei\u0173 na\u0161umo. D\u0117l futuristinio pramoninio dizaino, auk\u0161\u010diausios klas\u0117s AMD Radeon RX 7600M XT GPU ir patikimo suderinamumo su \u201eWindows\u201c ir Linux sistemomis, AG01 yra ne tik priedas - tai pradin\u0117 stotel\u0117 bekompromisei stalinio kompiuterio klas\u0117s galiai keliaujant.   <\/p>\n\n<figure class=\"wp-block-image size-full\"><a href=\"https:\/\/ayaneo.co\/wp-content\/uploads\/2025\/05\/AYANEO-AG01-GRAPHICS_DOCK-MARKETING-IMAGE-DONE-1-1024x576-1.jpg\"><img fetchpriority=\"high\" decoding=\"async\" width=\"1024\" height=\"576\" src=\"https:\/\/ayaneo.co\/wp-content\/uploads\/2025\/05\/AYANEO-AG01-GRAPHICS_DOCK-MARKETING-IMAGE-DONE-1-1024x576-1.jpg\" alt=\"Tamsus mokslin&#x117;s fantastikos tematikos reklaminis AYANEO AG01 vaizdas, kuriame vir&#x161;utinis ventiliatoriaus &#x17E;iedas &#x161;vie&#x10D;ia oran&#x17E;ine spalva, o prietaiso siluetas yra i&#x161; dalies ap&#x161;viestas, tod&#x117;l atrodo, kad jis yra kosmose.\" class=\"wp-image-37414\" srcset=\"https:\/\/ayaneo.co\/wp-content\/uploads\/2025\/05\/AYANEO-AG01-GRAPHICS_DOCK-MARKETING-IMAGE-DONE-1-1024x576-1.jpg 1024w, https:\/\/ayaneo.co\/wp-content\/uploads\/2025\/05\/AYANEO-AG01-GRAPHICS_DOCK-MARKETING-IMAGE-DONE-1-1024x576-1-300x169.jpg 300w, https:\/\/ayaneo.co\/wp-content\/uploads\/2025\/05\/AYANEO-AG01-GRAPHICS_DOCK-MARKETING-IMAGE-DONE-1-1024x576-1-768x432.jpg 768w, https:\/\/ayaneo.co\/wp-content\/uploads\/2025\/05\/AYANEO-AG01-GRAPHICS_DOCK-MARKETING-IMAGE-DONE-1-1024x576-1-990x557.jpg 990w, https:\/\/ayaneo.co\/wp-content\/uploads\/2025\/05\/AYANEO-AG01-GRAPHICS_DOCK-MARKETING-IMAGE-DONE-1-1024x576-1-441x248.jpg 441w, https:\/\/ayaneo.co\/wp-content\/uploads\/2025\/05\/AYANEO-AG01-GRAPHICS_DOCK-MARKETING-IMAGE-DONE-1-1024x576-1-600x338.jpg 600w, https:\/\/ayaneo.co\/wp-content\/uploads\/2025\/05\/AYANEO-AG01-GRAPHICS_DOCK-MARKETING-IMAGE-DONE-1-1024x576-1-150x84.jpg 150w\" sizes=\"(max-width: 1024px) 100vw, 1024px\" \/><\/a><\/figure>\n\n<p>D\u0117l pa\u017eangiausios \u201eOCuLink\u201c ir USB4 s\u0105saj\u0173 integracijos tai vienas universaliausi\u0173 \u0161iuo metu prieinam\u0173 eGPU dok\u0173. Nesvarbu, ar norite pasiekti didesn\u012f kadr\u0173 da\u017en\u012f ne\u0161iojamojoje konsol\u0117je, ar padidinti produktyvum\u0105 kompakti\u0161kame ne\u0161iojamajame kompiuteryje, kompakti\u0161ka AG01 vieta u\u017etikrina auk\u0161\u010diausios kokyb\u0117s grafikos gali\u0105 neaukojant mobilumo. Sveiki atvyk\u0119 \u012f naujos kartos i\u0161orinius grafikos procesorius - dr\u0105sius, gra\u017eius ir pasirengusius m\u016b\u0161iui.  <\/p>\n\n<hr class=\"wp-block-separator has-alpha-channel-opacity\"\/>\n\n<h2 class=\"wp-block-heading\" id=\"h-ayaneo-ag01-starship-grade-external-gpu-dock\">AYANEO AG01 - \u201eStarship\u201c klas\u0117s i\u0161orinis GPU dokas<\/h2>\n\n<p>\u201e<strong>AG01 Starship Graphics Dock\u201c<\/strong> yra \u0161iuolaikin\u0117s in\u017einerijos ir meninio dizaino \u0161edevras. \u012ekv\u0117ptas futuristin\u0117s erdv\u0117laivi\u0173 estetikos, jis sujungia ne\u0161iojamum\u0105 ir na\u0161um\u0105 vos 18 cm plo\u010dio ir ma\u017eiau nei 900 g sverian\u010diame korpuse. Jo itin efektyvi \u0161ilumin\u0117 konstrukcija, sustiprinta turbinos tipo au\u0161inimo sistema ir oro kanalais, u\u017etikrina ilgalaik\u012f na\u0161um\u0105 be strigimo, net ir intensyvi\u0173 \u017eaidim\u0173 ar atvaizdavimo sesij\u0173 metu.  <\/p>\n\n<figure class=\"wp-block-image size-full\"><a href=\"https:\/\/ayaneo.co\/wp-content\/uploads\/2025\/05\/AYANEO-AG01-GRAPHICS_DOCK-MARKETING-IMAGE-DONE-2-1024x855-1.jpg\"><img decoding=\"async\" width=\"1024\" height=\"855\" src=\"https:\/\/ayaneo.co\/wp-content\/uploads\/2025\/05\/AYANEO-AG01-GRAPHICS_DOCK-MARKETING-IMAGE-DONE-2-1024x855-1.jpg\" alt=\"Svarbiausios AYANEO AG01 savyb&#x117;s, pateiktos futuristiniame tinklelyje, &#x12F;skaitant RX 7600M XT lust&#x105;, RGB ap&#x161;vietim&#x105;, pritaikom&#x105; vardin&#x119; plok&#x161;tel&#x119;, au&#x161;inimo sistem&#x105; ir I\/O i&#x161;pl&#x117;timo galimybes.\" class=\"wp-image-37415\" srcset=\"https:\/\/ayaneo.co\/wp-content\/uploads\/2025\/05\/AYANEO-AG01-GRAPHICS_DOCK-MARKETING-IMAGE-DONE-2-1024x855-1.jpg 1024w, https:\/\/ayaneo.co\/wp-content\/uploads\/2025\/05\/AYANEO-AG01-GRAPHICS_DOCK-MARKETING-IMAGE-DONE-2-1024x855-1-300x250.jpg 300w, https:\/\/ayaneo.co\/wp-content\/uploads\/2025\/05\/AYANEO-AG01-GRAPHICS_DOCK-MARKETING-IMAGE-DONE-2-1024x855-1-768x641.jpg 768w, https:\/\/ayaneo.co\/wp-content\/uploads\/2025\/05\/AYANEO-AG01-GRAPHICS_DOCK-MARKETING-IMAGE-DONE-2-1024x855-1-990x827.jpg 990w, https:\/\/ayaneo.co\/wp-content\/uploads\/2025\/05\/AYANEO-AG01-GRAPHICS_DOCK-MARKETING-IMAGE-DONE-2-1024x855-1-441x368.jpg 441w, https:\/\/ayaneo.co\/wp-content\/uploads\/2025\/05\/AYANEO-AG01-GRAPHICS_DOCK-MARKETING-IMAGE-DONE-2-1024x855-1-600x501.jpg 600w, https:\/\/ayaneo.co\/wp-content\/uploads\/2025\/05\/AYANEO-AG01-GRAPHICS_DOCK-MARKETING-IMAGE-DONE-2-1024x855-1-150x125.jpg 150w\" sizes=\"(max-width: 1024px) 100vw, 1024px\" \/><\/a><\/figure>\n\n<p>AG01 turi \u201e<strong>AMD Radeon RX 7600M XT\u201c<\/strong> GPU, paremt\u0105 RDNA3 architekt\u016bra, tod\u0117l juo galima itin efektyviai \u017eaisti auk\u0161\u010diausios klas\u0117s AAA \u017eaidimus, redaguoti vaizdo \u012fra\u0161us ir atlikti 3D atvaizdavim\u0105. Tai idealus ne\u0161iojam\u0173j\u0173 \u017eaidim\u0173 \u012frengini\u0173, toki\u0173 kaip AYANEO 2S, KUN, ir net neAYANEO \u012frengini\u0173 per \u201eOCuLink\u201c ir USB4, \u012fskaitant Steam Deck, ROG Ally ir kitus, palydovas. <\/p>\n\n<hr class=\"wp-block-separator has-alpha-channel-opacity\"\/>\n\n<h2 class=\"wp-block-heading\" id=\"h-performance-that-launches-beyond-limits\">Efektyvumas, kuris per\u017eengia ribas<\/h2>\n\n<p><strong>Grafikos j\u0117gain\u0117:<\/strong> AG01 pagrind\u0105 sudaro <strong>AMD Radeon RX 7600M XT<\/strong> GPU, turintis 32 skai\u010diavimo vienetus, 8 GB GDDR6 atminties ir maksimal\u0173 2300 MHz taktin\u012f da\u017en\u012f. \u0160is galingas \u012frenginys u\u017etikrina skland\u0173 1080p ir net 1440p \u017eaidim\u0173 veikim\u0105, puikiai tinka didelio na\u0161umo programoms, pradedant AAA \u017eaidimais ir baigiant GPU spartinamomis k\u016brybin\u0117mis darbo eigomis. <\/p>\n\n<p><strong>Pa\u017eangi au\u0161inimo sistema:<\/strong> Skirtingai nuo \u012fprast\u0173 eGPU, AG01 turi unikali\u0105 au\u0161inimo sistem\u0105 su dviem oro \u012fleidimo angomis ir didelio efektyvumo ventiliatoriumi. Tokia konstrukcija maksimaliai padidina oro sraut\u0105 ir tuo pat metu i\u0161laiko ma\u017e\u0105 triuk\u0161m\u0105, tod\u0117l net ir per ilgas sesijas u\u017etikrinamas nuolatinis na\u0161umas. <\/p>\n\n<hr class=\"wp-block-separator has-alpha-channel-opacity\"\/>\n\n<h2 class=\"wp-block-heading\" id=\"h-seamless-connectivity\">Sklandus ry\u0161ys<\/h2>\n\n<figure class=\"wp-block-image size-full\"><a href=\"https:\/\/ayaneo.co\/wp-content\/uploads\/2025\/05\/AYANEO-AG01-GRAPHICS_DOCK-MARKETING-IMAGE-DONE-3-1024x576-1.jpg\"><img decoding=\"async\" width=\"1024\" height=\"576\" src=\"https:\/\/ayaneo.co\/wp-content\/uploads\/2025\/05\/AYANEO-AG01-GRAPHICS_DOCK-MARKETING-IMAGE-DONE-3-1024x576-1.jpg\" alt=\"Diagrama, kurioje parodytas AYANEO AG01 grafinio doko galini&#x173; &#x12F;vesties ir i&#x161;vesties jung&#x10D;i&#x173; i&#x161;d&#x117;stymas, pa&#x17E;ym&#x117;ti prievadai, &#x12F;skaitant DP 2.0, HDMI 2.1, OCuLink, USB4, DC, RJ45 ir USB 3.2 Gen 2.\" class=\"wp-image-37416\" srcset=\"https:\/\/ayaneo.co\/wp-content\/uploads\/2025\/05\/AYANEO-AG01-GRAPHICS_DOCK-MARKETING-IMAGE-DONE-3-1024x576-1.jpg 1024w, https:\/\/ayaneo.co\/wp-content\/uploads\/2025\/05\/AYANEO-AG01-GRAPHICS_DOCK-MARKETING-IMAGE-DONE-3-1024x576-1-300x169.jpg 300w, https:\/\/ayaneo.co\/wp-content\/uploads\/2025\/05\/AYANEO-AG01-GRAPHICS_DOCK-MARKETING-IMAGE-DONE-3-1024x576-1-768x432.jpg 768w, https:\/\/ayaneo.co\/wp-content\/uploads\/2025\/05\/AYANEO-AG01-GRAPHICS_DOCK-MARKETING-IMAGE-DONE-3-1024x576-1-990x557.jpg 990w, https:\/\/ayaneo.co\/wp-content\/uploads\/2025\/05\/AYANEO-AG01-GRAPHICS_DOCK-MARKETING-IMAGE-DONE-3-1024x576-1-441x248.jpg 441w, https:\/\/ayaneo.co\/wp-content\/uploads\/2025\/05\/AYANEO-AG01-GRAPHICS_DOCK-MARKETING-IMAGE-DONE-3-1024x576-1-600x338.jpg 600w, https:\/\/ayaneo.co\/wp-content\/uploads\/2025\/05\/AYANEO-AG01-GRAPHICS_DOCK-MARKETING-IMAGE-DONE-3-1024x576-1-150x84.jpg 150w\" sizes=\"(max-width: 1024px) 100vw, 1024px\" \/><\/a><\/figure>\n\n<p><strong>Paruo\u0161ta OCuLink ir USB4:<\/strong> AG01 palaiko <strong>OCuLink SFF-8612<\/strong> ir <strong>USB4<\/strong> jungtis, kad b\u016bt\u0173 u\u017etikrintas ma\u017eo v\u0117lavimo ir didelio pralaidumo ry\u0161ys. OCuLink u\u017etikrina puik\u0173 GPU na\u0161um\u0105, apeinant tradicini\u0173 \u201eThunderbolt\u201c jung\u010di\u0173 trukd\u017eius, tod\u0117l tai yra geriausias pasirinkimas rimtiems \u017eaid\u0117jams ir k\u016br\u0117jams. <\/p>\n\n<p><strong>Universalus prietais\u0173 palaikymas:<\/strong> Nesvarbu, ar jungiat\u0117s prie AYANEO delninio kompiuterio, Steam Deck, ar kompakti\u0161ko \u201eWindows\u201c \/Linux kompiuterio, AG01 lengvai prisitaiko. Jis palaiko \u201eplug-and-play\u201c funkcij\u0105, tod\u0117l daugumai sistem\u0173 nereikia keisti BIOS. <\/p>\n\n<hr class=\"wp-block-separator has-alpha-channel-opacity\"\/>\n\n<h2 class=\"wp-block-heading\" id=\"h-built-to-travel-designed-to-impress\">Sukurtas keliauti, sukurtas padaryti \u012fsp\u016bd\u012f<\/h2>\n\n<p><strong>Kompakti\u0161kas ir lengvas:<\/strong> AG01 yra vienas i\u0161 ma\u017eiausi\u0173 pasaulyje didelio na\u0161umo eGPU dok\u0173, kurio matmenys yra tik 18 cm x 6,3 cm x 3 cm, o svoris - 869 g. Jo kosminis dizainas gali b\u016bti dvigubai patrauklesn\u0117 detal\u0117 ant j\u016bs\u0173 darbo stalo arba techniniame krep\u0161yje. <\/p>\n\n<p><strong>Auk\u0161\u010diausios kokyb\u0117s med\u017eiagos:<\/strong> Va\u017eiuokl\u0117 pagaminta i\u0161 aerokosminio aliuminio lydinio, kuris pasi\u017eymi ilgaam\u017ei\u0161kumu, \u0161iluminiu efektyvumu ir eleganti\u0161ka estetika.<\/p>\n\n<figure class=\"wp-block-image size-full\"><a href=\"https:\/\/ayaneo.co\/wp-content\/uploads\/2025\/05\/AYANEO-AG01-GRAPHICS_DOCK-MARKETING-IMAGE-DONE-8-1024x576-1.jpg\"><img loading=\"lazy\" decoding=\"async\" width=\"1024\" height=\"576\" src=\"https:\/\/ayaneo.co\/wp-content\/uploads\/2025\/05\/AYANEO-AG01-GRAPHICS_DOCK-MARKETING-IMAGE-DONE-8-1024x576-1.jpg\" alt=\"Dramati&#x161;kas AYANEO AG01 dvigubos metalin&#x117;s va&#x17E;iuokl&#x117;s dalies vaizdas viduryje, i&#x161;ry&#x161;kinantis kruop&#x161;&#x10D;iai pagamint&#x105; metalin&#x12F; korpus&#x105; &#x17E;vaig&#x17E;d&#x117;to kosmoso fone.\" class=\"wp-image-37417\" srcset=\"https:\/\/ayaneo.co\/wp-content\/uploads\/2025\/05\/AYANEO-AG01-GRAPHICS_DOCK-MARKETING-IMAGE-DONE-8-1024x576-1.jpg 1024w, https:\/\/ayaneo.co\/wp-content\/uploads\/2025\/05\/AYANEO-AG01-GRAPHICS_DOCK-MARKETING-IMAGE-DONE-8-1024x576-1-300x169.jpg 300w, https:\/\/ayaneo.co\/wp-content\/uploads\/2025\/05\/AYANEO-AG01-GRAPHICS_DOCK-MARKETING-IMAGE-DONE-8-1024x576-1-768x432.jpg 768w, https:\/\/ayaneo.co\/wp-content\/uploads\/2025\/05\/AYANEO-AG01-GRAPHICS_DOCK-MARKETING-IMAGE-DONE-8-1024x576-1-990x557.jpg 990w, https:\/\/ayaneo.co\/wp-content\/uploads\/2025\/05\/AYANEO-AG01-GRAPHICS_DOCK-MARKETING-IMAGE-DONE-8-1024x576-1-441x248.jpg 441w, https:\/\/ayaneo.co\/wp-content\/uploads\/2025\/05\/AYANEO-AG01-GRAPHICS_DOCK-MARKETING-IMAGE-DONE-8-1024x576-1-600x338.jpg 600w, https:\/\/ayaneo.co\/wp-content\/uploads\/2025\/05\/AYANEO-AG01-GRAPHICS_DOCK-MARKETING-IMAGE-DONE-8-1024x576-1-150x84.jpg 150w\" sizes=\"(max-width: 1024px) 100vw, 1024px\" \/><\/a><\/figure>\n\n<hr class=\"wp-block-separator has-alpha-channel-opacity\"\/>\n\n<h2 class=\"wp-block-heading\" id=\"h-user-experience\">Vartotojo patirtis<\/h2>\n\n<p>AG01 nustato nauj\u0105 naudotojui patogaus veikimo kartel\u0119. D\u0117l be tvarkykli\u0173 palaikom\u0173 \u201eWindows\u201c ir Linux, sklandaus \u012frengini\u0173 suderinamumo ir \u201eplug-and-play\u201c s\u0105rankos jis idealiai tinka ir naujokams, ir technikos entuziastams. Nesvarbu, ar transliuojate, projektuojate, \u017eaid\u017eiate, ar atliekate kelias u\u017eduotis skirtinguose ekranuose, AG01 u\u017etikrina skland\u017ei\u0105 ir \u012ftraukian\u010di\u0105 patirt\u012f.  <\/p>\n\n<hr class=\"wp-block-separator has-alpha-channel-opacity\"\/>\n\n<h2 class=\"wp-block-heading\" id=\"h-conclusion\">I\u0161vada<\/h2>\n\n<p><strong>\u201eAYANEO AG01 Starship Graphics Dock\u201c<\/strong> yra daugiau nei i\u0161orinis GPU - tai \u0161uolis \u012f ateit\u012f, kurioje ne\u0161iojamumas atitinka tikr\u0105 stalinio kompiuterio lygio na\u0161um\u0105. D\u0117l \u201eRadeon RX 7600M XT\u201c variklio, dviej\u0173 s\u0105saj\u0173 jung\u010di\u0173 ir meni\u0161ko dizaino AG01 i\u0161 naujo apibr\u0117\u017eia ne\u0161iojam\u0173j\u0173 kompiuteri\u0173 galimybes. <\/p>\n\n<p>U\u017esisakykite \u201eAG01\u201c dabar ir tapkite naujos kartos \u017eaid\u0117j\u0173 ir k\u016br\u0117j\u0173, kurie visur naudojasi bekompromise galia, dalimi.  <strong>Svetain\u0117je AYANEO \u017evaig\u017ed\u0117s yra tik prad\u017eia.<\/strong><\/p>\n","protected":false},"excerpt":{"rendered":"<ul>\n<li><strong>\u201eRadeon\u2122 RX 7600M XT\u201c<\/strong> GPU su RDNA 3 architekt\u016bra<\/li>\n<li><strong>Dviguba s\u0105saja:<\/strong> OCuLink ir USB 4.0 (C tipo, 65 W PD)<\/li>\n<li><strong>Kompakti\u0161kas ir lengvas:<\/strong> Ne\u0161iojamasis \u017evaig\u017ed\u0117laivio \u012fkv\u0117ptas dizainas<\/li>\n<li><strong>Optimizuotas au\u0161inimas:<\/strong> Didelio efektyvumo turbininio ventiliatoriaus sistema<\/li>\n<li><strong>Suderinama su:<\/strong> AYANEO 2S, KUN, FLIP DS, ROG Ally, Steam Deck<\/li>\n<\/ul>\n[cg_accordion title=\"INFORMACIJA APMOK\u0116JIMUI\"]<\/p>\n<p>Naudojame naujausias mok\u0117jimo apdorojimo technologijas, kurios leid\u017eia greitai ir saugiai atsiskaityti per &#8222;Apple Pay\", &#8222;Google Pay\", debeto \/ kredito kortel\u0119, &#8222;PayPal\" arba BNPL metodus, tokius kaip &#8222;Klarna\", &#8222;Affirm\" arba &#8222;AfterPay\".[\/cg_accordion]\n[cg_accordion title=\"GARANTIJA\"]<\/p>\n<p><a href=\"https:\/\/droix.net\/\" target=\"_blank\" rel=\"nofollow noopener\">DROIX Global suteikia 1 met\u0173 garantij\u0105, kad<\/a> b\u016btum\u0117te ram\u016bs[\/cg_accordion]\n[cg_accordion title=\"KOKYB\u0116S U\u017dTIKRINIMAS IR BANDYMAI PRIE\u0160 I\u0160SIUNTIM\u0104\"]<\/p>\n<p>Auk\u0161\u010diausio lygio klient\u0173 pasitenkinimo u\u017etikrinimas: Prie\u0161 i\u0161siun\u010diant kiekvien\u0105 prietais\u0105 atliekamas grie\u017etas testavimas ir daugiapakopis kokyb\u0117s u\u017etikrinimas. M\u016bs\u0173 komanda tikrina veikim\u0105, funkcionalum\u0105 ir komponent\u0173 vientisum\u0105, kad u\u017etikrintume, jog j\u016bs\u0173 AYANEO prietaisas atvykus b\u016bt\u0173 visi\u0161kai tvarkingas, o j\u016bs b\u016btum\u0117te tikri ir ram\u016bs. [\/cg_accordion]\n[cg_accordion title=\"KAINOS, MOKES\u010cIAI IR PRISTATYMAS\"]<\/p>\n<p><strong><u>Pastaba:<\/u><\/strong><\/p>\n<ul>\n<li>Jungtini\u0173 Amerikos Valstij\u0173 klientai: \u012e rodom\u0105 kain\u0105 N\u0116RA \u012fskai\u010diuoti mokes\u010diai ir muitai. Atsakomyb\u0117 i\u0161muitinti muitin\u0119 ir sumok\u0117ti visus susijusius mokes\u010dius ir muitus tenka klientui. <\/li>\n<li>ES klientai: \u012e nurodyt\u0105 kain\u0105 \u012fskai\u010diuoti taikomi mokes\u010diai, kurie, priklausomai nuo j\u016bs\u0173 \u0161alies, gali siekti iki 25 %.<\/li>\n<li>Kanados klientai: \u012e nurodyt\u0105 kain\u0105 \u012fskai\u010diuoti taikomi mokes\u010diai, kurie, priklausomai nuo j\u016bs\u0173 provincijos, gali apimti 5 % GPM ir papildomus provincijos pardavimo mokes\u010dius (PST), suderint\u0105 pardavimo mokest\u012f (HST) arba Kvebeko pardavimo mokest\u012f (QST).<\/li>\n<\/ul>\n<p><strong>TIK ES klientams:<\/strong> Express DDP (pristatoma sumok\u0117jus muit\u0105). Tai rei\u0161kia: <\/p>\n<ul>\n<li>Visi muitai ir mokes\u010diai \u012fskai\u010diuoti \u012f produkto puslapyje nurodyt\u0105 kain\u0105.<\/li>\n<li>Pristatymo metu jums nereik\u0117s mok\u0117ti joki\u0173 papildom\u0173 mokes\u010di\u0173.<\/li>\n<li>Retais atvejais, kai kyla su muitine susijusi\u0173 problem\u0173, m\u016bs\u0173 komanda pasir\u016bpins muitin\u0117s formalumais j\u016bs\u0173 vardu, kad b\u016bt\u0173 u\u017etikrintas sklandus pristatymas.<\/li>\n<p>Svarbi informacija apie gr\u0105\u017einim\u0105:<\/p>\n<li>Jei nuspr\u0119site gr\u0105\u017einti u\u017esakym\u0105 arba pra\u0161ysite gr\u0105\u017einti pinigus, tur\u0117kite omenyje, kad mokes\u010diai ir muitai, sumok\u0117ti j\u016bs\u0173 vardu pagal DDP s\u0105lygas, negali b\u016bti gr\u0105\u017einami.<\/li>\n<p>I\u0161samesn\u0117s informacijos rasite m\u016bs\u0173 <a href=\"https:\/\/ayaneo.co\/lt\/paslaugu-teikimo-salygos\/\" target=\"_blank\" rel=\"nofollow noopener\">s\u0105lygose ir nuostatose<\/a>.\n<\/ul>\n<p>[\/cg_accordion]\n[cg_accordion title=\"KLIENT\u0172 APTARNAVIMAS\"]<\/p>\n<p>Turite klausim\u0105? U\u017etenka para\u0161yti trump\u0105j\u0105 \u017einut\u0119 ir j\u016bs\u0173 klausimas bus i\u0161spr\u0119stas! [\/cg_accordion]\n[cg_accordion title=\"PAKUOT\u0118 SUDARO\"]<\/p>\n<ul>\n<li>1x AYANEO AG01 \u201eStarship\u201c grafikos dokas<\/li>\n<li>1x C tipo USB kabelis<\/li>\n<li>1x naudotojo vadovas<\/li>\n<\/ul>\n<p>[\/cg_accordion]\n","protected":false},"featured_media":17271,"template":"","meta":{"_acf_changed":false},"product_brand":[],"product_cat":[1186],"product_tag":[],"class_list":{"0":"post-17270","1":"product","2":"type-product","3":"status-publish","4":"has-post-thumbnail","6":"product_cat-priedai","7":"product_shipping_class-premium","8":"pa_brand-ayaneo","9":"pa_graphics-gpu-model-radeon-rx-7600m-xt","11":"first","12":"outofstock","13":"sale","14":"taxable","15":"shipping-taxable","16":"purchasable","17":"product-type-variable","18":"has-default-attributes"},"acf":[],"_links":{"self":[{"href":"https:\/\/ayaneo.co\/lt\/wp-json\/wp\/v2\/product\/17270","targetHints":{"allow":["GET"]}}],"collection":[{"href":"https:\/\/ayaneo.co\/lt\/wp-json\/wp\/v2\/product"}],"about":[{"href":"https:\/\/ayaneo.co\/lt\/wp-json\/wp\/v2\/types\/product"}],"wp:featuredmedia":[{"embeddable":true,"href":"https:\/\/ayaneo.co\/lt\/wp-json\/wp\/v2\/media\/17271"}],"wp:attachment":[{"href":"https:\/\/ayaneo.co\/lt\/wp-json\/wp\/v2\/media?parent=17270"}],"wp:term":[{"taxonomy":"product_brand","embeddable":true,"href":"https:\/\/ayaneo.co\/lt\/wp-json\/wp\/v2\/product_brand?post=17270"},{"taxonomy":"product_cat","embeddable":true,"href":"https:\/\/ayaneo.co\/lt\/wp-json\/wp\/v2\/product_cat?post=17270"},{"taxonomy":"product_tag","embeddable":true,"href":"https:\/\/ayaneo.co\/lt\/wp-json\/wp\/v2\/product_tag?post=17270"}],"curies":[{"name":"wp","href":"https:\/\/api.w.org\/{rel}","templated":true}]}}