{"id":18692,"date":"2024-08-15T15:04:41","date_gmt":"2024-08-15T15:04:41","guid":{"rendered":"https:\/\/ayaneo.co\/product\/ayaneo-kiseninis-dmg\/"},"modified":"2025-12-11T00:11:45","modified_gmt":"2025-12-11T00:11:45","slug":"ayaneo-pocket-dmg","status":"publish","type":"product","link":"https:\/\/ayaneo.co\/lt\/product\/ayaneo-pocket-dmg\/","title":{"rendered":"AYANEO Pocket DMG"},"content":{"rendered":"\n<figure class=\"wp-block-video\"><video controls=\"\" src=\"https:\/\/droix.net\/wp-content\/uploads\/2024\/08\/AYANEO-Pocket-DMG&#xFF1A;The-Pinnacle-of-Retro-Vertical-Handhelds.mp4\"><\/video><\/figure>\n\n<div class=\"wp-block-columns is-layout-flex wp-container-core-columns-is-layout-28f84493 wp-block-columns-is-layout-flex\">\n<div class=\"wp-block-column is-layout-flow wp-block-column-is-layout-flow\" style=\"flex-basis:33.33%\">\n<figure class=\"wp-block-image size-large\"><a href=\"https:\/\/droix.net\/wp-content\/uploads\/2024\/08\/AYANEO-POCKET-DMG-ARTIC-BLACK-DONE-01.png\" target=\"_blank\" rel=\"noopener\"><img decoding=\"async\" src=\"https:\/\/droix.net\/wp-content\/uploads\/2024\/08\/AYANEO-POCKET-DMG-ARTIC-BLACK-DONE-01-1024x1024.png\" alt=\"Arkties juodos spalvos AYANEO Pocket DMG priekinis vaizdas, kuriame matyti retro stiliaus &#x12F;kv&#x117;ptas dizainas su 3,92 coli&#x173; OLED ekranu, D-pad, analoginiu valdikliu ir mygtukais.\" class=\"wp-image-184226\"\/><\/a><\/figure>\n<\/div>\n\n\n\n<div class=\"wp-block-column is-layout-flow wp-block-column-is-layout-flow\" style=\"flex-basis:66.66%\">\n<h3 class=\"wp-block-heading\" id=\"h-experience-retro-gaming-like-never-before-with-the-ayaneo-pocket-dmg\">I\u0161bandykite retro \u017eaidimus kaip niekada anks\u010diau su AYANEO Pocket DMG<\/h3>\n\n\n\n<p><strong>\u201eAYANEO Pocket DMG\u201c<\/strong> yra novatori\u0161kas <strong>ne\u0161iojamasis<\/strong> <strong>\u017eaidim\u0173<\/strong> \u012frenginys, kuriame meistri\u0161kai suderinta <strong>retro<\/strong> \u017eaidim\u0173 nostalgija ir pa\u017eangios \u0161iuolaikin\u0117s technologijos. \u0160is <strong>vertikalus delninis kompiuteris<\/strong>, atiduodantis duokl\u0119 kultiniam \u201eGame Boy\u201c, pasi\u017eymi ir gerai pa\u017e\u012fstama estetika, ir galingu veikimu, tod\u0117l yra idealus pasirinkimas tiek <strong>retro,<\/strong> tiek \u0161iuolaikini\u0173 <strong>\u017eaidim\u0173<\/strong> gerb\u0117jams. <\/p>\n<\/div>\n<\/div>\n\n<p><strong>\u201eAYANEO Pocket DMG\u201c<\/strong> yra novatori\u0161kas <strong>ne\u0161iojamasis<\/strong> <strong>\u017eaidim\u0173<\/strong> \u012frenginys, kuriame meistri\u0161kai suderinta <strong>retro<\/strong> \u017eaidim\u0173 nostalgija ir pa\u017eangios \u0161iuolaikin\u0117s technologijos. \u0160is <strong>vertikalus delninis kompiuteris<\/strong>, atiduodantis duokl\u0119 kultiniam \u201eGame Boy\u201c, pasi\u017eymi ir gerai pa\u017e\u012fstama estetika, ir galingu veikimu, tod\u0117l yra idealus pasirinkimas tiek <strong>retro,<\/strong> tiek \u0161iuolaikini\u0173 <strong>\u017eaidim\u0173<\/strong> gerb\u0117jams. <\/p>\n\n<h3 class=\"wp-block-heading\" id=\"h-design-and-display\">Dizainas ir rodymas<\/h3>\n\n<p><strong>\u201eAYANEO Pocket DMG\u201c<\/strong> i\u0161siskiria kompakti\u0161ku ir nostalgi\u0161ku dizainu, primenan\u010diu klasikines <strong>retro delnines<\/strong> konsoles. Pagrindinis jo patrauklumo elementas - 3,92 coli\u0173 <strong>OLED ekranas<\/strong>, pasi\u017eymintis ry\u0161kia 1240&#215;1080 ta\u0161k\u0173 rai\u0161ka ir 419 PPI ta\u0161k\u0173 tankiu. \u0160is <strong>OLED ekranas<\/strong> u\u017etikrina ry\u0161kias spalvas ir ai\u0161kius vaizdus, tod\u0117l tiek retro, tiek \u0161iuolaikiniai \u017eaidimai atgyja stulbinamai ai\u0161kiai. Prietais\u0105 galima \u012fsigyti dviej\u0173 skirting\u0173 spalv\u0173:   <\/p>\n\n<ul class=\"wp-block-list\">\n<li>Arktin\u0117 juoda<\/li>\n\n\n\n<li>M\u0117nulio baltumo<\/li>\n<\/ul>\n\n<div class=\"wp-block-columns is-layout-flex wp-container-core-columns-is-layout-28f84493 wp-block-columns-is-layout-flex\">\n<div class=\"wp-block-column is-layout-flow wp-block-column-is-layout-flow\">\n<figure class=\"wp-block-image size-large\"><a href=\"https:\/\/droix.net\/wp-content\/uploads\/2024\/08\/AYANEO-POCKET-DMG-MARKETING-DONE-14.jpg\" target=\"_blank\" rel=\"noopener\"><img decoding=\"async\" src=\"https:\/\/droix.net\/wp-content\/uploads\/2024\/08\/AYANEO-POCKET-DMG-MARKETING-DONE-14-1024x1024.jpg\" alt=\"Reklamin&#x117; AYANEO Pocket DMG nuotrauka su &#x201E;Snapdragon G3x Gen 2&#x201C; &#x17E;aidim&#x173; platforma. Jame pabr&#x117;&#x17E;iama, kad tai pirmasis vertikalus delninis kompiuteris su &#x161;iuo procesoriumi, demonstruojama jo 1+4+3 a&#x161;tuoni&#x173; branduoli&#x173; architekt&#x16B;ra su &#x201E;Kryo Prime Ultra&#x201C; branduoliais, kuri&#x173; da&#x17E;nis 3,36 GHz, &#x201E;Adreno A32&#x201C; grafikos procesoriumi, kurio da&#x17E;nis 816 Hz, ir 15 W na&#x161;umo i&#x161;leidimas. \" class=\"wp-image-184229\"\/><\/a><\/figure>\n\n\n\n<h3 class=\"wp-block-heading\" id=\"h-performance\">Veikimas<\/h3>\n\n\n\n<p><strong>Ki\u0161eninio DMG<\/strong> pagrindas - \u201e<strong>Snapdragon G3x Gen 2\u201c<\/strong> procesorius, galingas lustas, pritaikytas specialiai <strong>ne\u0161iojamiesiems<\/strong> <strong>\u017eaidimams<\/strong>. \u0160is <strong>procesorius<\/strong> u\u017etikrina skland\u0173 retro \u017eaidim\u0173 emuliavim\u0105 ir skland\u0173 \u0161iuolaikini\u0173 mobili\u0173j\u0173 \u017eaidim\u0173 veikim\u0105. Prietaisas veikia su Android 13, tod\u0117l jame galima naudotis pla\u010dia program\u0117li\u0173 ir emuliatori\u0173 ekosistema, tod\u0117l jis yra universali platforma visiems j\u016bs\u0173 <strong>\u017eaidim\u0173<\/strong> poreikiams.  <\/p>\n<\/div>\n\n\n\n<div class=\"wp-block-column is-layout-flow wp-block-column-is-layout-flow\">\n<figure class=\"wp-block-image size-large\"><a href=\"https:\/\/droix.net\/wp-content\/uploads\/2024\/08\/AYANEO-POCKET-DMG-MARKETING-DONE-19.jpg\" target=\"_blank\" rel=\"noopener\"><img decoding=\"async\" src=\"https:\/\/droix.net\/wp-content\/uploads\/2024\/08\/AYANEO-POCKET-DMG-MARKETING-DONE-19-1024x1024.jpg\" alt=\"Infografike pristatomos &#x12F;vairios AYANEO Pocket DMG funkcijos, prilygstan&#x10D;ios profesionaliems valdikliams. Funkcijos: didelio tikslumo vairasvirt&#x117;, reguliuojamas jautrumas, nulin&#x117;s energijos bud&#x117;jimo re&#x17E;imas, giroskopu paremtas nusitaikymas, mygtuk&#x173; sprogimo funkcija, A-B-X-Y klavi&#x161;&#x173; reik&#x161;mi&#x173; keitimas ir reguliuojamas variklio vibracijos intensyvumas. &#x17D;emiau ranka laiko balt&#x105; prietais&#x105;, kuriame rodomas spalvotas &#x17E;aidimo ekranas.  \" class=\"wp-image-184232\"\/><\/a><\/figure>\n\n\n\n<h3 class=\"wp-block-heading\" id=\"h-controls-and-inputs\">Valdikliai ir \u012f\u0117jimai<\/h3>\n\n\n\n<p><strong>Ki\u0161eninis DMG<\/strong> si\u016blo universal\u0173 ir naujovi\u0161k\u0105 valdymo i\u0161d\u0117stym\u0105, pritaikyt\u0105 \u012fvairiems <strong>\u017eaidim\u0173<\/strong> \u017eanrams. Pagrindin\u0117s funkcijos: <\/p>\n\n\n\n<ul class=\"wp-block-list\">\n<li>Tradicinis \u201eD-pad\u201c, skirtas tiksliai \u012fvesti krypt\u012f<\/li>\n\n\n\n<li>ABXY veido mygtukai klasikiniams <strong>\u017eaidimams<\/strong><\/li>\n\n\n\n<li>Vienintelis analoginis <strong>vairasvirtis<\/strong>, patobulintas \u201eHall Effect\u201c technologija, u\u017etikrinan\u010dia tikslum\u0105 ir ilgaam\u017ei\u0161kum\u0105.<\/li>\n\n\n\n<li>Naujovi\u0161kas <strong>jutiklinis kilim\u0117lis<\/strong>, kuris veikia kaip antroji analogin\u0117 \u012fvestis<\/li>\n\n\n\n<li>Mygtukai ant peties papildomoms valdymo parinktims<\/li>\n<\/ul>\n\n\n\n<p>Toks valdymo element\u0173 derinys u\u017etikrina, kad <strong>ki\u0161eniniu DMG<\/strong> galima lengvai valdyti visk\u0105 - nuo retro platformeri\u0173 iki \u0161iuolaikini\u0173 veiksmo \u017eaidim\u0173.<\/p>\n<\/div>\n\n\n\n<div class=\"wp-block-column is-layout-flow wp-block-column-is-layout-flow\">\n<figure class=\"wp-block-image size-large\"><a href=\"https:\/\/droix.net\/wp-content\/uploads\/2024\/08\/AYANEO-POCKET-DMG-MARKETING-DONE-16.jpg\" target=\"_blank\" rel=\"noopener\"><img decoding=\"async\" src=\"https:\/\/droix.net\/wp-content\/uploads\/2024\/08\/AYANEO-POCKET-DMG-MARKETING-DONE-16-1024x1024.jpg\" alt=\"Infografikas, kuriame i&#x161;samiai apra&#x161;omas &#x201E;vientisas galios derinys&#x201C; AYANEO Pocket DMG, pabr&#x117;&#x17E;iama spar&#x10D;ioji atmintis (LPDDR5X su 8533 MB\/s sparta), greita saugykla (UFS 4.0 su daugiau nei 4000 MB\/s skaitymo sparta) ir didel&#x117; talpa &#x17E;aidimams ir programoms saugoti. Jame minimos iki 16 GB RAM ir 1 TB atminties galimyb&#x117;s. \" class=\"wp-image-184230\"\/><\/a><\/figure>\n\n\n\n<h3 class=\"wp-block-heading\" id=\"h-storage-and-connectivity\">Saugykla ir ry\u0161ys<\/h3>\n\n\n\n<p><strong>\u201eAYANEO Pocket DMG\u201c<\/strong> si\u016blo lanks\u010dius saugojimo sprendimus, atitinkan\u010dius \u012fvairi\u0173 <strong>ne\u0161iojam\u0173j\u0173<\/strong> <strong>\u017eaidim\u0173<\/strong> entuziast\u0173 poreikius:<\/p>\n\n\n\n<ul class=\"wp-block-list\">\n<li>8 GB RAM + 128 GB saugykla<\/li>\n<\/ul>\n\n\n\n<p>Be to, \u201emicroSD\u201c kortel\u0117s lizdas leid\u017eia lengvai i\u0161pl\u0117sti atminties talp\u0105. \u012erenginyje yra \u0161ios jungiamosios funkcijos: <\/p>\n\n\n\n<ul class=\"wp-block-list\">\n<li>\u201eWi-Fi\u201c ir \u201eBluetooth 5.3\u201c belaid\u017eiam ry\u0161iui palaikyti<\/li>\n\n\n\n<li>USB-C prievadas, skirtas \u012fkrauti ir prijungti priedus<\/li>\n<\/ul>\n<\/div>\n<\/div>\n\n<h3 class=\"wp-block-heading\" id=\"h-battery-and-additional-features\">Akumuliatorius ir papildomos funkcijos<\/h3>\n\n<p><strong>Ki\u0161enin\u012f DMG<\/strong> maitina 6000 mAh akumuliatorius, palaikantis 25 W PD greit\u0105j\u012f \u012fkrovim\u0105, kad gal\u0117tum\u0117te ilgiau \u017eaisti. Kitos vertos d\u0117mesio funkcijos: <\/p>\n\n<figure class=\"wp-block-image size-large\"><a href=\"https:\/\/droix.net\/wp-content\/uploads\/2024\/08\/AYANEO-POCKET-DMG-MARKETING-DONE-18.jpg\" target=\"_blank\" rel=\"noopener\"><img decoding=\"async\" src=\"https:\/\/droix.net\/wp-content\/uploads\/2024\/08\/AYANEO-POCKET-DMG-MARKETING-DONE-18-1024x1024.jpg\" alt=\"Rinkodaros nuotrauka, kurioje demonstruojamas AYANEO Pocket DMG 6000 mAh akumuliatorius, pabr&#x117;&#x17E;iamas ilgas akumuliatoriaus veikimo laikas ir PD greitojo &#x12F;krovimo palaikymas. Apatin&#x117;je dalyje pristatomas &#x201E;Hall Medium&#x201C; valdiklis, pabr&#x117;&#x17E;iant jo tikslum&#x105;, ilgaam&#x17E;i&#x161;kum&#x105; (5 mln. naudojimo kart&#x173;) ir patobulintas valdymo funkcijas. \" class=\"wp-image-184231\"\/><\/a><\/figure>\n\n<ul class=\"wp-block-list\">\n<li>\u0160e\u0161i\u0173 a\u0161i\u0173 giroskopas judesi\u0173 valdymui<\/li>\n\n\n\n<li>Aktyvi au\u0161inimo sistema su \u012fmontuotu ventiliatoriumi optimaliam veikimui palaikyti<\/li>\n\n\n\n<li>Kompakti\u0161kas d\u0117klas, kad b\u016bt\u0173 lengva ne\u0161iotis<\/li>\n<\/ul>\n\n<h3 class=\"wp-block-heading\" id=\"h-user-experience-and-conclusion\">Vartotojo patirtis ir i\u0161vados<\/h3>\n\n<p><strong>\u201eAYANEO Pocket DMG\u201c<\/strong> yra i\u0161skirtinis pasirinkimas <strong>retro \u017eaidim\u0173<\/strong> entuziastams ir kolekcininkams, kurie nori tur\u0117ti \u012frengin\u012f, atspindint\u012f klasikini\u0173 <strong>retro rankini\u0173<\/strong> \u017eaidim\u0173 esm\u0119 ir tuo pat metu pasi\u017eymint\u012f \u0161iuolaikini\u0173 technologij\u0173 galia ir universalumu. Nesvarbu, ar nor\u0117site atgaivinti klasikinius \u017eaidimus, ar tyrin\u0117ti naujus, \u0161is <strong>delninis kompiuteris<\/strong> suteiks \u012ftraukian\u010di\u0105 ir maloni\u0105 <strong>\u017eaidim\u0173<\/strong> patirt\u012f. <\/p>\n","protected":false},"excerpt":{"rendered":"<ul>\n<li>Procesorius: Qualcomm <strong>Snapdragon G3x Gen 2<\/strong><\/li>\n<li>Ekranas: <strong>3,92 coli\u0173 OLED<\/strong>, 1240&#215;1080 rai\u0161ka<\/li>\n<li>Operatyvioji atmintis: <strong>8 GB<\/strong> LPDDR5X @ <strong>8533 MT\/s<\/strong><\/li>\n<li>Saugojimas: <strong>128 GB<\/strong> UFS 3.1<\/li>\n<li>Ry\u0161iai: &#8222;Wi-Fi <strong>6<\/strong> \" ir &#8222;Bluetooth <strong>5.3<\/strong><\/li>\n<\/ul>\n<p><img fetchpriority=\"high\" decoding=\"async\" src=\"https:\/\/ayaneo.co\/wp-content\/uploads\/2024\/08\/DMG-FREEBIES1.jpg\" alt=\"Reklaminiame paveiksl\u0117lyje \u0161viesiai pilkame fone nurodyta  \" free=\"\" gifts=\"\" in=\"\" large=\"\" dark=\"\" gray=\"\" letters=\"\" at=\"\" the=\"\" top.=\"\" below=\"\" this=\"\" smaller=\"\" text=\"\" it=\"\" lists=\"\" case=\"\" and=\"\" caps=\"\" followed=\"\" by=\"\" added=\"\" to=\"\" cart=\"\" a=\"\" slightly=\"\" larger=\"\" font.=\"\" right=\"\" there=\"\" are=\"\" two=\"\" product=\"\" square=\"\" white=\"\" rainbow-colored=\"\" package=\"\" containing=\"\" four=\"\" black=\"\" thumbstick=\"\" mesh=\"\" protective=\"\" identical=\"\" one=\"\" previous=\"\" image=\"\" with=\"\" logo=\"\" bottom.=\"\" width=\"550\" height=\"140\" class=\"alignnone size-full wp-image-25170\" images:=\"\" srcset=\"https:\/\/ayaneo.co\/wp-content\/uploads\/2024\/08\/DMG-FREEBIES1.jpg 550w, https:\/\/ayaneo.co\/wp-content\/uploads\/2024\/08\/DMG-FREEBIES1-300x76.jpg 300w, https:\/\/ayaneo.co\/wp-content\/uploads\/2024\/08\/DMG-FREEBIES1-441x112.jpg 441w, https:\/\/ayaneo.co\/wp-content\/uploads\/2024\/08\/DMG-FREEBIES1-150x38.jpg 150w\" sizes=\"(max-width: 550px) 100vw, 550px\" \/><\/p>\n[cg_accordion title=\"INFORMACIJA APMOK\u0116JIMUI\"] <\/p>\n<p>Naudojame naujausias mok\u0117jimo apdorojimo technologijas, kurios leid\u017eia greitai ir saugiai atsiskaityti per \u201eApple Pay\u201c, \u201eGoogle Pay\u201c, debeto \/ kredito kortel\u0119, \u201ePayPal\u201c arba BNPL metodus, tokius kaip \u201eKlarna\u201c, \u201eAffirm\u201c arba \u201eAfterPay\u201c.[\/cg_accordion]\n[cg_accordion title=\"GARANTIJA\"] <\/p>\n<p>1 met\u0173 \u201e<a href=\"https:\/\/droix.net\/\" target=\"_blank\" rel=\"nofollow noopener\">DROIX Global\u201c<\/a> garantija j\u016bs\u0173 ramybei[\/cg_accordion]\n[cg_accordion title=\"KAINOS, MOKES\u010cIAI IR PRISTATYMAS\"] <\/p>\n<p><strong><u>Pastaba:<\/u><\/strong><\/p>\n<ul>\n<li>Jungtini\u0173 Amerikos Valstij\u0173 klientai: \u012e rodom\u0105 kain\u0105 N\u0116RA \u012fskai\u010diuoti mokes\u010diai ir muitai. Atsakomyb\u0117 i\u0161muitinti muitin\u0119 ir sumok\u0117ti visus susijusius mokes\u010dius ir muitus tenka klientui. <\/li>\n<li>ES klientai: \u012e nurodyt\u0105 kain\u0105 \u012fskai\u010diuoti taikomi mokes\u010diai, kurie, priklausomai nuo j\u016bs\u0173 \u0161alies, gali siekti iki 25 %.<\/li>\n<li>Kanados klientai: \u012e nurodyt\u0105 kain\u0105 \u012fskai\u010diuoti taikomi mokes\u010diai, kurie, priklausomai nuo j\u016bs\u0173 provincijos, gali apimti 5 % GPM ir papildomus provincijos pardavimo mokes\u010dius (PST), suderint\u0105 pardavimo mokest\u012f (HST) arba Kvebeko pardavimo mokest\u012f (QST).<\/li>\n<\/ul>\n<p><strong>TIK ES klientams:<\/strong> Express DDP (pristatoma sumok\u0117jus muit\u0105). Tai rei\u0161kia: <\/p>\n<ul>\n<li>Visi muitai ir mokes\u010diai \u012ftraukti \u012f produkto puslapyje nurodyt\u0105 kain\u0105.<\/li>\n<li>Pristatymo metu jums nereik\u0117s mok\u0117ti joki\u0173 papildom\u0173 mokes\u010di\u0173.<\/li>\n<li>Retais atvejais, kai kyla su muitine susijusi\u0173 problem\u0173, m\u016bs\u0173 komanda pasir\u016bpins muitin\u0117s formalumais j\u016bs\u0173 vardu, kad b\u016bt\u0173 u\u017etikrintas sklandus pristatymas.<\/li>\n<p>Svarbi informacija apie gr\u0105\u017einim\u0105:<\/p>\n<li>Jei nuspr\u0119site gr\u0105\u017einti u\u017esakym\u0105 arba pra\u0161ysite gr\u0105\u017einti pinigus, tur\u0117kite omenyje, kad mokes\u010diai ir muitai, sumok\u0117ti u\u017e jus pagal DDP s\u0105lygas, negali b\u016bti gr\u0105\u017einami.<\/li>\n<p>\u017dr. m\u016bs\u0173<\/ul>\n<\/li>\n<\/ul>\n<p><a href=\"https:\/\/ayaneo.co\/lt\/paslaugu-teikimo-salygos\/\" target=\"_blank\" rel=\"nofollow noopener\">Taisykl\u0117s ir s\u0105lygos<\/a><\/p>\n<ul>i\u0161samios informacijos.<\/ul>\n<p>[\/cg_accordion]\n[cg_accordion title=\"KLIENT\u0172 APTARNAVIMAS\"] <\/p>\n<p>Turite klausim\u0105? U\u017etenka para\u0161yti trump\u0105j\u0105 \u017einut\u0119 ir j\u016bs\u0173 klausimas bus i\u0161spr\u0119stas!   [\/cg_accordion]\n[cg_accordion title=\"\u012e paket\u0105 \u012feina\"]<\/p>\n<ul>\n<li>1x AYANEO Ki\u0161eninis DMG<\/li>\n<li>1x C tipo USB kabelis<\/li>\n<li>1x naudotojo vadovas<\/li>\n<\/ul>\n<p>[\/cg_accordion]\n","protected":false},"featured_media":18700,"template":"","meta":{"_acf_changed":false},"product_brand":[],"product_cat":[1234],"product_tag":[],"class_list":{"0":"post-18692","1":"product","2":"type-product","3":"status-publish","4":"has-post-thumbnail","6":"product_cat-android-zaidimu-nesiojamasis-kompiuteris","7":"product_shipping_class-standard","8":"pa_brand-ayaneo","10":"first","11":"instock","12":"taxable","13":"shipping-taxable","14":"purchasable","15":"product-type-variable","16":"has-default-attributes"},"acf":[],"_links":{"self":[{"href":"https:\/\/ayaneo.co\/lt\/wp-json\/wp\/v2\/product\/18692","targetHints":{"allow":["GET"]}}],"collection":[{"href":"https:\/\/ayaneo.co\/lt\/wp-json\/wp\/v2\/product"}],"about":[{"href":"https:\/\/ayaneo.co\/lt\/wp-json\/wp\/v2\/types\/product"}],"wp:featuredmedia":[{"embeddable":true,"href":"https:\/\/ayaneo.co\/lt\/wp-json\/wp\/v2\/media\/18700"}],"wp:attachment":[{"href":"https:\/\/ayaneo.co\/lt\/wp-json\/wp\/v2\/media?parent=18692"}],"wp:term":[{"taxonomy":"product_brand","embeddable":true,"href":"https:\/\/ayaneo.co\/lt\/wp-json\/wp\/v2\/product_brand?post=18692"},{"taxonomy":"product_cat","embeddable":true,"href":"https:\/\/ayaneo.co\/lt\/wp-json\/wp\/v2\/product_cat?post=18692"},{"taxonomy":"product_tag","embeddable":true,"href":"https:\/\/ayaneo.co\/lt\/wp-json\/wp\/v2\/product_tag?post=18692"}],"curies":[{"name":"wp","href":"https:\/\/api.w.org\/{rel}","templated":true}]}}