{"id":18801,"date":"2024-08-02T09:33:01","date_gmt":"2024-08-02T09:33:01","guid":{"rendered":"https:\/\/ayaneo.co\/product\/ayaneo-pocket-s\/"},"modified":"2026-01-30T00:54:59","modified_gmt":"2026-01-30T00:54:59","slug":"ayaneo-pocket-s","status":"publish","type":"product","link":"https:\/\/ayaneo.co\/lt\/product\/ayaneo-pocket-s\/","title":{"rendered":"AYANEO Pocket S"},"content":{"rendered":"\n<h3 class=\"wp-block-heading\" id=\"h-ayaneo-pocket-s-the-ultimate-retro-gaming-handheld\"><strong>AYANEO Pocket S: Galutinis retro \u017eaidim\u0173 delninis kompiuteris<\/strong><\/h3>\n\n<h3 class=\"wp-block-heading\" id=\"h-introduction\">\u012evadas<\/h3>\n\n<p>AYANEO Pocket S - tai novatori\u0161ka pa\u017eanga retro \u017eaidim\u0173 gerb\u0117jams dinami\u0161kame \u017eaidim\u0173 pasaulyje. \u0160is \u012frenginys n\u0117ra tik \u017eaidim\u0173 konsol\u0117 - tai pramon\u0117s evoliucijos \u0161vent\u0117, skland\u017eiai sujungianti nostalgij\u0105 su naujausiomis technologijomis. AYANEO Pocket S i\u0161siskiria kaip in\u017einerijos stebuklas, pasi\u017eymintis i\u0161skirtiniu ne\u0161iojamumu, galingu veikimu ir unikaliu dizainu, i\u0161skirian\u010diu j\u012f i\u0161 vis\u0173 kit\u0173 turim\u0173 \u012frengini\u0173. Jis skirtas \u017eaid\u0117jams, kurie puosel\u0117ja klasikinius \u017eaidimus, bet trok\u0161ta \u0161iuolaikini\u0173 galimybi\u0173, perkeliant ne\u0161iojam\u0173j\u0173 \u017eaidim\u0173 ribas.   <\/p>\n\n<h3 class=\"wp-block-heading\" id=\"h-product-overview\">Produkto ap\u017evalga<\/h3>\n\n<p>AYANEO Pocket S \u0161vie\u010dia kaip ne\u0161iojam\u0173j\u0173 \u017eaidim\u0173 naujovi\u0173 simbolis. Naudojant \u201eSnapdragon G3x Gen 2\u201c \u017eaidim\u0173 platform\u0105, u\u017etikrinamas didelis na\u0161umas ir ma\u017eos energijos s\u0105naudos. Jo \u012fsp\u016bdingas 6\u2033 1080P arba 1440P IPS lietimui jautrus veidrodinis ekranas be r\u0117melio nepaprastai ai\u0161kiai atgaivina mylimus klasikinius \u017eaidimus.  <\/p>\n\n<p>\u012erenginyje yra RGB \u201eHall\u201c jutiklio jutikliai, linijiniai \u201eHall\u201c trigeriai ir laid\u016bs guminiai mygtukai, kad \u017eaidimas b\u016bt\u0173 sklandesnis ir jautresnis. \u0160is ne\u0161iojamasis \u012frenginys skirtas ne tik \u017eaidimams; d\u0117l universalios konstrukcijos jis puikiai tinka medijos vartojimui namuose arba kelion\u0117je, nes yra ne\u0161iojamas ir patvarus. <\/p>\n\n<h3 class=\"wp-block-heading\" id=\"h-detailed-features\">I\u0161samios funkcijos<\/h3>\n\n<p><strong>Veikimas:<\/strong> AYANEO Pocket S pagrind\u0105 sudaro 8 branduoli\u0173 \u201eKyro\u201c CPU ir \u201eAdreno A32\u201c GPU, optimizuoti auk\u0161\u010diausio lygio na\u0161umui, i\u0161laikant kukl\u0173 15 W TDP. Tai u\u017etikrina ilgas \u017eaidim\u0173 sesijas be perkaitimo ar pernelyg didelio akumuliatoriaus i\u0161sikrovimo. Technin\u0117 \u012franga pritaikyta skland\u017eiai paleisti klasikinius \u017eaidimus, kad kiekvienas veiksmas b\u016bt\u0173 toks pat jautrus kaip originaliose konsol\u0117se.  <\/p>\n\n<p><strong>Atmintis ir saugykla:<\/strong> AYANEO Pocket S turi iki 16 GB LPDDR5x operatyviosios atminties, tod\u0117l yra pakankamai atminties, kad b\u016bt\u0173 galima atlikti daug u\u017eduo\u010di\u0173 ir skland\u017eiai veikti visuose \u017eaidimuose ir programose. Prietaise yra iki 1 TB UFS 4.0 (128 GB versijoje - UFS 3.1) atminties, tod\u0117l \u017eaid\u0117jai gali tur\u0117ti did\u017eiul\u0119 klasikini\u0173 \u017eaidim\u0173 bibliotek\u0105, nesir\u016bpindami d\u0117l \u012fkrovimo laiko ar atminties vietos. <\/p>\n\n<h3 class=\"wp-block-heading\" id=\"h-user-experience\">Vartotojo patirtis<\/h3>\n\n<p>AYANEO Pocket S palaiko \u012fvairias 8 ir 16 bit\u0173 eros sistemas, tod\u0117l suderinamas su t\u016bkstan\u010diais klasikini\u0173 \u017eaidim\u0173, veikia su specialiai \u017eaidimams pritaikyta Android operacine sistema. Jos \u201eWi-Fi 7\u201c ir \u201eBluetooth 5.3\u201c ry\u0161io galimyb\u0117s palengvina daugelio \u017eaid\u0117j\u0173 \u017eaidimus, tod\u0117l galite prisijungti prie draug\u0173 ir kit\u0173 \u017eaid\u0117j\u0173 visame pasaulyje. AYA SPACE programin\u0117 \u012franga pagerina patirt\u012f intuityvia \u017eaidim\u0173 nar\u0161ymo ir sistemos valdymo s\u0105saja.  <\/p>\n\n<h3 class=\"wp-block-heading\" id=\"h-conclusion\">I\u0161vada<\/h3>\n\n<p>AYANEO Pocket S yra daugiau nei dar vienas retro \u017eaidim\u0173 ne\u0161iojamasis kompiuteris - tai visapusi\u0161ka pramog\u0173 sistema, kuri sujungia nostalgi\u0161kus \u017eaidimus su \u0161iuolaikin\u0117mis technologijomis. \u0160is \u012frenginys, pasi\u017eymintis patikimu veikimu, novatori\u0161ku dizainu ir ypatingu d\u0117mesiu naudotojo patir\u010diai, yra ne\u0161iojam\u0173j\u0173 \u017eaidim\u0173 rinkos lyderis, kvie\u010diantis tiek patyrusius \u017eaid\u0117jus, tiek naujokus naujai pa\u017einti turting\u0105 vaizdo \u017eaidim\u0173 istorij\u0105. <\/p>\n\n<p>Nepraleiskite progos \u012fsigyti \u0161iuolaiki\u0161kai perkurt\u0105 \u017eaidim\u0173 istorijos dal\u012f. U\u017esisakykite AYANEO Pocket S jau \u0161iandien ir b\u016bkite vieni pirm\u0173j\u0173, kurie gal\u0117s i\u0161bandyti retro \u017eaidim\u0173 ne\u0161iojam\u0173j\u0173 kompiuteri\u0173 vir\u0161\u016bn\u0119. Galimybi\u0173 skai\u010dius ribotas, tod\u0117l \u0161ios progos negalima praleisti. Pasitikite pramog\u0173 ateit\u012f su AYANEO Pocket S .   <\/p>\n\n<figure class=\"wp-block-image\"><a href=\"https:\/\/droix.net\/wp-content\/uploads\/2024\/05\/AYANEO-POCKET-S-MARKETING-DONE-01.jpg\" target=\"_blank\" rel=\"noopener\"><img decoding=\"async\" src=\"https:\/\/droix.net\/wp-content\/uploads\/2024\/05\/AYANEO-POCKET-S-MARKETING-DONE-01.jpg\" alt=\"AYANEO Pocket S Rinkodara\" class=\"wp-image-178865\"\/><\/a><\/figure>\n\n<figure class=\"wp-block-image\"><a href=\"https:\/\/droix.net\/wp-content\/uploads\/2024\/05\/AYANEO-POCKET-S-MARKETING-DONE-02.jpg\" target=\"_blank\" rel=\"noopener\"><img decoding=\"async\" src=\"https:\/\/droix.net\/wp-content\/uploads\/2024\/05\/AYANEO-POCKET-S-MARKETING-DONE-02.jpg\" alt=\"AYANEO Pocket S Rinkodara\" class=\"wp-image-178866\"\/><\/a><\/figure>\n\n<figure class=\"wp-block-image\"><a href=\"https:\/\/droix.net\/wp-content\/uploads\/2024\/05\/AYANEO-POCKET-S-MARKETING-DONE-03.jpg\" target=\"_blank\" rel=\"noopener\"><img decoding=\"async\" src=\"https:\/\/droix.net\/wp-content\/uploads\/2024\/05\/AYANEO-POCKET-S-MARKETING-DONE-03.jpg\" alt=\"AYANEO Pocket S Rinkodara\" class=\"wp-image-178867\"\/><\/a><\/figure>\n\n<figure class=\"wp-block-image\"><a href=\"https:\/\/droix.net\/wp-content\/uploads\/2024\/05\/AYANEO-POCKET-S-MARKETING-DONE-04.jpg\" target=\"_blank\" rel=\"noopener\"><img decoding=\"async\" src=\"https:\/\/droix.net\/wp-content\/uploads\/2024\/05\/AYANEO-POCKET-S-MARKETING-DONE-04.jpg\" alt=\"AYANEO Pocket S Rinkodara\" class=\"wp-image-178868\"\/><\/a><\/figure>\n\n<figure class=\"wp-block-image\"><a href=\"https:\/\/droix.net\/wp-content\/uploads\/2024\/05\/AYANEO-POCKET-S-MARKETING-DONE-05.jpg\" target=\"_blank\" rel=\"noopener\"><img decoding=\"async\" src=\"https:\/\/droix.net\/wp-content\/uploads\/2024\/05\/AYANEO-POCKET-S-MARKETING-DONE-05.jpg\" alt=\"AYANEO Pocket S Rinkodara\" class=\"wp-image-178869\"\/><\/a><\/figure>\n\n<figure class=\"wp-block-image\"><a href=\"https:\/\/droix.net\/wp-content\/uploads\/2024\/05\/AYANEO-POCKET-S-MARKETING-DONE-06.jpg\" target=\"_blank\" rel=\"noopener\"><img decoding=\"async\" src=\"https:\/\/droix.net\/wp-content\/uploads\/2024\/05\/AYANEO-POCKET-S-MARKETING-DONE-06.jpg\" alt=\"AYANEO Pocket S Rinkodara\" class=\"wp-image-178870\"\/><\/a><\/figure>\n\n<figure class=\"wp-block-image\"><a href=\"https:\/\/droix.net\/wp-content\/uploads\/2024\/05\/AYANEO-POCKET-S-MARKETING-DONE-07.jpg\" target=\"_blank\" rel=\"noopener\"><img decoding=\"async\" src=\"https:\/\/droix.net\/wp-content\/uploads\/2024\/05\/AYANEO-POCKET-S-MARKETING-DONE-07.jpg\" alt=\"AYANEO Pocket S Rinkodara\" class=\"wp-image-178871\"\/><\/a><\/figure>\n\n<figure class=\"wp-block-image\"><a href=\"https:\/\/droix.net\/wp-content\/uploads\/2024\/05\/AYANEO-POCKET-S-MARKETING-DONE-08.jpg\" target=\"_blank\" rel=\"noopener\"><img decoding=\"async\" src=\"https:\/\/droix.net\/wp-content\/uploads\/2024\/05\/AYANEO-POCKET-S-MARKETING-DONE-08.jpg\" alt=\"AYANEO Pocket S Rinkodara\" class=\"wp-image-178872\"\/><\/a><\/figure>\n\n<figure class=\"wp-block-image\"><a href=\"https:\/\/droix.net\/wp-content\/uploads\/2024\/05\/AYANEO-POCKET-S-MARKETING-DONE-09.jpg\" target=\"_blank\" rel=\"noopener\"><img decoding=\"async\" src=\"https:\/\/droix.net\/wp-content\/uploads\/2024\/05\/AYANEO-POCKET-S-MARKETING-DONE-09.jpg\" alt=\"AYANEO Pocket S Rinkodara\" class=\"wp-image-178873\"\/><\/a><\/figure>\n\n<figure class=\"wp-block-image\"><a href=\"https:\/\/droix.net\/wp-content\/uploads\/2024\/05\/AYANEO-POCKET-S-MARKETING-DONE-10.jpg\" target=\"_blank\" rel=\"noopener\"><img decoding=\"async\" src=\"https:\/\/droix.net\/wp-content\/uploads\/2024\/05\/AYANEO-POCKET-S-MARKETING-DONE-10.jpg\" alt=\"AYANEO Pocket S Rinkodara\" class=\"wp-image-178874\"\/><\/a><\/figure>\n\n<figure class=\"wp-block-image\"><a href=\"https:\/\/droix.net\/wp-content\/uploads\/2024\/05\/AYANEO-POCKET-S-MARKETING-DONE-11.jpg\" target=\"_blank\" rel=\"noopener\"><img decoding=\"async\" src=\"https:\/\/droix.net\/wp-content\/uploads\/2024\/05\/AYANEO-POCKET-S-MARKETING-DONE-11.jpg\" alt=\"AYANEO Pocket S Rinkodara\" class=\"wp-image-178875\"\/><\/a><\/figure>\n\n<figure class=\"wp-block-image\"><a href=\"https:\/\/droix.net\/wp-content\/uploads\/2024\/05\/AYANEO-POCKET-S-MARKETING-DONE-12.jpg\" target=\"_blank\" rel=\"noopener\"><img decoding=\"async\" src=\"https:\/\/droix.net\/wp-content\/uploads\/2024\/05\/AYANEO-POCKET-S-MARKETING-DONE-12.jpg\" alt=\"AYANEO Pocket S Rinkodara\" class=\"wp-image-178876\"\/><\/a><\/figure>\n","protected":false},"excerpt":{"rendered":"<ul>\n<li>Procesorius: Qualcomm<strong> G3x Gen 2<\/strong><\/li>\n<li>Ekranas: 1440P\/1080P 6&#8243;<strong> IPS jutiklinis ekranas<\/strong><strong> be rib\u0173<\/strong> <\/li>\n<li>Operatyvioji atmintis: iki<strong> 16 GB<\/strong> LPDDR5X @ <strong>8533 MT\/s<\/strong><\/li>\n<li>Saugojimas: Iki<strong> 1 TB<\/strong> UFS 4.0<\/li>\n<li>Ry\u0161iai: &#8222;Wi-Fi<strong> 7<\/strong> \" ir &#8222;Bluetooth <strong> 5.3<\/strong><\/li>\n<\/ul>\n<p><img fetchpriority=\"high\" decoding=\"async\" src=\"https:\/\/ayaneo.co\/wp-content\/uploads\/2024\/08\/AYANEO-POCKET-S-FREE-GIFTS.jpg\" alt=\"Nemokam\u0173 dovan\u0173 plakatas - AYANEO d\u0117klas \/ rankena, jutiklinio valdiklio dangteliai, ekrano apsauga\" width=\"2000\" height=\"500\" class=\"alignnone size-full wp-image-847\" srcset=\"https:\/\/ayaneo.co\/wp-content\/uploads\/2024\/08\/AYANEO-POCKET-S-FREE-GIFTS.jpg 2000w, https:\/\/ayaneo.co\/wp-content\/uploads\/2024\/08\/AYANEO-POCKET-S-FREE-GIFTS-150x38.jpg 150w, https:\/\/ayaneo.co\/wp-content\/uploads\/2024\/08\/AYANEO-POCKET-S-FREE-GIFTS-600x150.jpg 600w, https:\/\/ayaneo.co\/wp-content\/uploads\/2024\/08\/AYANEO-POCKET-S-FREE-GIFTS-300x75.jpg 300w, https:\/\/ayaneo.co\/wp-content\/uploads\/2024\/08\/AYANEO-POCKET-S-FREE-GIFTS-1024x256.jpg 1024w, https:\/\/ayaneo.co\/wp-content\/uploads\/2024\/08\/AYANEO-POCKET-S-FREE-GIFTS-768x192.jpg 768w, https:\/\/ayaneo.co\/wp-content\/uploads\/2024\/08\/AYANEO-POCKET-S-FREE-GIFTS-1536x384.jpg 1536w, https:\/\/ayaneo.co\/wp-content\/uploads\/2024\/08\/AYANEO-POCKET-S-FREE-GIFTS-990x248.jpg 990w, https:\/\/ayaneo.co\/wp-content\/uploads\/2024\/08\/AYANEO-POCKET-S-FREE-GIFTS-441x110.jpg 441w\" sizes=\"(max-width: 2000px) 100vw, 2000px\" \/><\/p>\n[cg_accordion title=\"INFORMACIJA APMOK\u0116JIMUI\"]<\/p>\n<p>Naudojame naujausias mok\u0117jimo apdorojimo technologijas, kurios leid\u017eia greitai ir saugiai atsiskaityti per \u201eApple Pay\u201c, \u201eGoogle Pay\u201c, debeto \/ kredito kortel\u0119, \u201ePayPal\u201c arba BNPL metodus, tokius kaip \u201eKlarna\u201c, \u201eAffirm\u201c arba \u201eAfterPay\u201c.[\/cg_accordion]\n[cg_accordion title=\"GARANTIJA\"]<\/p>\n<p><a href=\"https:\/\/droix.net\/\" target=\"_blank\" rel=\"nofollow noopener\">DROIX Global<\/a> suteikia 1 met\u0173 garantij\u0105, kad b\u016btum\u0117te ram\u016bs[\/cg_accordion]\n[cg_accordion title=\"KAINOS, MOKES\u010cIAI IR PRISTATYMAS\"]<\/p>\n<p><strong><u>Pastaba:<\/u><\/strong><\/p>\n<ul>\n<li>Jungtini\u0173 Amerikos Valstij\u0173 klientai: \u012e rodom\u0105 kain\u0105 N\u0116RA \u012fskai\u010diuoti mokes\u010diai ir muitai. Atsakomyb\u0117 i\u0161muitinti muitin\u0119 ir sumok\u0117ti visus susijusius mokes\u010dius ir muitus tenka klientui. <\/li>\n<li>ES klientai: \u012e nurodyt\u0105 kain\u0105 \u012fskai\u010diuoti taikomi mokes\u010diai, kurie, priklausomai nuo j\u016bs\u0173 \u0161alies, gali siekti iki 25 %.<\/li>\n<li>Kanados klientai: \u012e nurodyt\u0105 kain\u0105 \u012fskai\u010diuoti taikomi mokes\u010diai, kurie, priklausomai nuo j\u016bs\u0173 provincijos, gali apimti 5 % GPM ir papildomus provincijos pardavimo mokes\u010dius (PST), suderint\u0105 pardavimo mokest\u012f (HST) arba Kvebeko pardavimo mokest\u012f (QST).<\/li>\n<\/ul>\n<p><strong>TIK ES klientams:<\/strong> Express DDP (pristatoma sumok\u0117jus muit\u0105). Tai rei\u0161kia: <\/p>\n<ul>\n<li>Visi muitai ir mokes\u010diai \u012ftraukti \u012f produkto puslapyje nurodyt\u0105 kain\u0105.<\/li>\n<li>Pristatymo metu jums nereik\u0117s mok\u0117ti joki\u0173 papildom\u0173 mokes\u010di\u0173.<\/li>\n<li>Retais atvejais, kai kyla su muitine susijusi\u0173 problem\u0173, m\u016bs\u0173 komanda pasir\u016bpins muitin\u0117s formalumais j\u016bs\u0173 vardu, kad b\u016bt\u0173 u\u017etikrintas sklandus pristatymas.<\/li>\n<p>Svarbi informacija apie gr\u0105\u017einim\u0105:<\/p>\n<li>Jei nuspr\u0119site gr\u0105\u017einti u\u017esakym\u0105 arba pra\u0161ysite gr\u0105\u017einti pinigus, tur\u0117kite omenyje, kad mokes\u010diai ir muitai, sumok\u0117ti u\u017e jus pagal DDP s\u0105lygas, negali b\u016bti gr\u0105\u017einami.<\/li>\n<p>I\u0161samesn\u0117s informacijos rasite m\u016bs\u0173 <a href=\"https:\/\/ayaneo.co\/lt\/paslaugu-teikimo-salygos\/\" target=\"_blank\" rel=\"nofollow noopener\">s\u0105lygose ir nuostatose<\/a>.\n<\/ul>\n<p>[\/cg_accordion]\n[cg_accordion title=\"KLIENT\u0172 APTARNAVIMAS\"]<\/p>\n<p>Turite klausim\u0105? U\u017etenka para\u0161yti trump\u0105j\u0105 \u017einut\u0119 ir j\u016bs\u0173 klausimas bus i\u0161spr\u0119stas!<br \/>\n[\/cg_accordion]\n[cg_accordion title=\"\u012e paket\u0105 \u012feina\"]<\/p>\n<ul>\n<li>1x AYANEO Pocket S<\/li>\n<li>1x C tipo USB kabelis<\/li>\n<li>1x naudotojo vadovas<\/li>\n<li>1x AYANEO Pocket S d\u0117klas<\/li>\n<li>1x \u201eJoyStick\u201c dangteliai<\/li>\n<li>1x ekrano apsauga<\/li>\n<\/ul>\n<p>[\/cg_accordion]\n","protected":false},"featured_media":30410,"template":"","meta":{"_acf_changed":false},"product_brand":[],"product_cat":[1234],"product_tag":[],"class_list":{"0":"post-18801","1":"product","2":"type-product","3":"status-publish","4":"has-post-thumbnail","6":"product_cat-android-zaidimu-nesiojamasis-kompiuteris","7":"product_shipping_class-premium","8":"pa_brand-ayaneo","9":"pa_graphics-gpu-model-adreno-a32","10":"pa_operating-system-android-13","11":"pa_processor-cpu-brand-qualcomm","13":"first","14":"instock","15":"sale","16":"taxable","17":"shipping-taxable","18":"purchasable","19":"product-type-variable","20":"has-default-attributes"},"acf":[],"_links":{"self":[{"href":"https:\/\/ayaneo.co\/lt\/wp-json\/wp\/v2\/product\/18801","targetHints":{"allow":["GET"]}}],"collection":[{"href":"https:\/\/ayaneo.co\/lt\/wp-json\/wp\/v2\/product"}],"about":[{"href":"https:\/\/ayaneo.co\/lt\/wp-json\/wp\/v2\/types\/product"}],"wp:featuredmedia":[{"embeddable":true,"href":"https:\/\/ayaneo.co\/lt\/wp-json\/wp\/v2\/media\/30410"}],"wp:attachment":[{"href":"https:\/\/ayaneo.co\/lt\/wp-json\/wp\/v2\/media?parent=18801"}],"wp:term":[{"taxonomy":"product_brand","embeddable":true,"href":"https:\/\/ayaneo.co\/lt\/wp-json\/wp\/v2\/product_brand?post=18801"},{"taxonomy":"product_cat","embeddable":true,"href":"https:\/\/ayaneo.co\/lt\/wp-json\/wp\/v2\/product_cat?post=18801"},{"taxonomy":"product_tag","embeddable":true,"href":"https:\/\/ayaneo.co\/lt\/wp-json\/wp\/v2\/product_tag?post=18801"}],"curies":[{"name":"wp","href":"https:\/\/api.w.org\/{rel}","templated":true}]}}