{"id":19339,"date":"2024-08-16T09:46:32","date_gmt":"2024-08-16T09:46:32","guid":{"rendered":"https:\/\/ayaneo.co\/product\/ayaneo-kiseninis-micro\/"},"modified":"2025-09-25T08:47:55","modified_gmt":"2025-09-25T08:47:55","slug":"ayaneo-kiseninis-micro","status":"publish","type":"product","link":"https:\/\/ayaneo.co\/lt\/product\/ayaneo-kiseninis-micro\/","title":{"rendered":"AYANEO Pocket Micro"},"content":{"rendered":"\n<figure class=\"wp-block-video\"><video controls=\"\" poster=\"https:\/\/droix.net\/wp-content\/uploads\/2024\/08\/AYANEO-Pocket-MICRO-announced-1.webp\" src=\"https:\/\/droix.net\/wp-content\/uploads\/2024\/08\/AYANEO-Pocket-MICRO-Gaming-Experience-&#x2014;&#x2014;-Dungreed.mp4\"><\/video><\/figure>\n\n<div class=\"wp-block-columns is-layout-flex wp-container-core-columns-is-layout-28f84493 wp-block-columns-is-layout-flex\">\n<div class=\"wp-block-column is-layout-flow wp-block-column-is-layout-flow\" style=\"flex-basis:33.33%\">\n<figure class=\"wp-block-image size-large\"><a href=\"https:\/\/droix.net\/wp-content\/uploads\/2024\/08\/AYANEO-POCKET-MICRO-MARKETING-DONE-01.jpg\" target=\"_blank\" rel=\"noopener\"><img decoding=\"async\" src=\"https:\/\/droix.net\/wp-content\/uploads\/2024\/08\/AYANEO-POCKET-MICRO-MARKETING-DONE-01-1024x1024.jpg\" alt=\"Juodos spalvos AYANEO Pocket Micro &#x161;oninis vaizdas, kuriame matyti plonas profilis su matomais mygtukais ir ventiliacijos angomis. Ekrane rodomos spalvotos linijos. Tekste de&#x161;in&#x117;je pus&#x117;je ra&#x161;oma &#x201E;AYANEO POCKET MICRO: auk&#x161;&#x10D;iausios kokyb&#x117;s horizontali retro rankin&#x117; konsol&#x117;. Subtilus &#x17E;aisliukas, kurio nenor&#x117;site pad&#x117;ti &#x12F; &#x161;al&#x12F;&#x201C;.  \" class=\"wp-image-184281\"\/><\/a><\/figure>\n<\/div>\n\n\n\n<div class=\"wp-block-column is-layout-flow wp-block-column-is-layout-flow\" style=\"flex-basis:66.66%\">\n<h3 class=\"wp-block-heading\" id=\"h-ayaneo-pocket-micro-a-premium-handheld-gaming-experience\"><strong>AYANEO Ki\u0161eninis \u201eMicro\u201c: Auk\u0161\u010diausios kokyb\u0117s delnini\u0173 \u017eaidim\u0173 patirtis<\/strong><\/h3>\n\n\n\n<p>\u201eAYANEO Pocket Micro\u201c - tai retro estetikos ir naujausi\u0173 technologij\u0173 derinys, si\u016blantis unikali\u0105 ne\u0161iojam\u0173j\u0173 \u017eaidim\u0173 patirt\u012f. Kompakti\u0161kos formos ir pa\u017eangi\u0173 funkcij\u0173 prietaisas skirtas tiek nostalgi\u0161kiems \u017eaid\u0117jams, tiek \u0161iuolaikini\u0173 technologij\u0173 entuziastams. D\u0117l CNC aliuminio lydinio r\u0117melio, ber\u0117mio IPS ekrano ir didelio na\u0161umo vidini\u0173 \u012ftais\u0173 \u201ePocket Micro\u201c suteikia i\u0161skirtin\u0119 \u017eaidim\u0173 patirt\u012f stilingoje ir patvarioje pakuot\u0117je.  <\/p>\n<\/div>\n<\/div>\n\n<div class=\"wp-block-columns is-layout-flex wp-container-core-columns-is-layout-28f84493 wp-block-columns-is-layout-flex\">\n<div class=\"wp-block-column is-layout-flow wp-block-column-is-layout-flow\">\n<figure class=\"wp-block-image size-large\"><a href=\"https:\/\/droix.net\/wp-content\/uploads\/2024\/08\/AYANEO-POCKET-MICRO-MARKETING-DONE-08.jpg\" target=\"_blank\" rel=\"noopener\"><img decoding=\"async\" src=\"https:\/\/droix.net\/wp-content\/uploads\/2024\/08\/AYANEO-POCKET-MICRO-MARKETING-DONE-08-1024x1024.jpg\" alt=\"&#x160;oninis AYANEO Pocket Micro vaizdas, kuriame matomas CNC aliuminio lydinio r&#x117;melis su matomais L1 ir L2 mygtukais ir ventiliacijos angomis. Tekste pabr&#x117;&#x17E;iama auk&#x161;&#x10D;iausios klas&#x117;s prietaiso tekst&#x16B;ra ir puikus poj&#x16B;tis, minima unikali metalin&#x117; tekst&#x16B;ra, anodin&#x117;s oksidacijos procesas ir itin tvirtas korpusas. \" class=\"wp-image-184277\"\/><\/a><\/figure>\n\n\n\n<h3 class=\"wp-block-heading\" id=\"h-design-and-build\"><strong>Dizainas ir statyba<\/strong><\/h3>\n\n\n\n<p>\u201ePocket Micro\u201c turi CNC aliuminio lydinio r\u0117m\u0105, u\u017etikrinant\u012f didesn\u012f patvarum\u0105 ir auk\u0161\u010diausios kokyb\u0117s poj\u016bt\u012f. Eleganti\u0161kas, ber\u0117mis viso ekrano dizainas suteikia svaiginan\u010di\u0105 \u017ei\u016br\u0117jimo patirt\u012f. Prietaisas, kur\u012f galima \u012fsigyti \u201eObsidian Black\u201c, \u201eCharm Red\u201c ir \u201eVintage Grey\u201c spalvomis, pasi\u017eymi blizgan\u010diomis stiklo plok\u0161t\u0117mis ir anoduoto aliuminio r\u0117meliu, tod\u0117l atrodo rafinuotai ir auk\u0161\u010diausios klas\u0117s.  <\/p>\n<\/div>\n\n\n\n<div class=\"wp-block-column is-layout-flow wp-block-column-is-layout-flow\">\n<figure class=\"wp-block-image size-large\"><a href=\"https:\/\/droix.net\/wp-content\/uploads\/2024\/08\/AYANEO-POCKET-MICRO-MARKETING-DONE-02.jpg\" target=\"_blank\" rel=\"noopener\"><img decoding=\"async\" src=\"https:\/\/droix.net\/wp-content\/uploads\/2024\/08\/AYANEO-POCKET-MICRO-MARKETING-DONE-02-1024x1024.jpg\" alt=\"Juodos spalvos AYANEO Pocket Micro stambiu planu, kuriame matyti D-pad, veiksm&#x173; mygtukai ir spalvotomis linijomis pa&#x17E;ym&#x117;tas ekranas. Apa&#x10D;ioje esan&#x10D;iame tekste apra&#x161;omos AYANEO REMAKE koncepcijos naujov&#x117;s, pabr&#x117;&#x17E;iant tokias savybes kaip 3,5 colio 640P ekranas, CNC aliuminio lydinio r&#x117;melis ir auk&#x161;&#x10D;iausios kokyb&#x117;s meistri&#x161;kumas. Vir&#x161;utiniame kairiajame kampe matomas &#x201E;REMAKE&#x201C; logotipas. \" class=\"wp-image-184278\"\/><\/a><\/figure>\n\n\n\n<h3 class=\"wp-block-heading\" id=\"h-display\"><strong>Ekranas<\/strong><\/h3>\n\n\n\n<p>Prietaise \u012frengtas 3,5 colio ber\u0117mis IPS ekranas, kurio skiriamoji geba yra 960 x 640 ta\u0161k\u0173, o kra\u0161tini\u0173 santykis - 3:2. D\u0117l 330 PPI pikseli\u0173 tankio ir 100 % sRGB apr\u0117pties ekranas u\u017etikrina ry\u0161k\u0173 ir auk\u0161tos rai\u0161kos vaizd\u0105. D\u0117l 4 kartus didesn\u0117s GBA gimtosios rai\u0161kos klasikiniai \u017eaidimai i\u0161laiko ai\u0161kum\u0105 ir spalvas be i\u0161kraipym\u0173.  <\/p>\n<\/div>\n\n\n\n<div class=\"wp-block-column is-layout-flow wp-block-column-is-layout-flow\">\n<figure class=\"wp-block-image size-large\"><a href=\"https:\/\/droix.net\/wp-content\/uploads\/2024\/08\/AYANEO-POCKET-MICRO-MARKETING-DONE-13.jpg\" target=\"_blank\" rel=\"noopener\"><img decoding=\"async\" src=\"https:\/\/droix.net\/wp-content\/uploads\/2024\/08\/AYANEO-POCKET-MICRO-MARKETING-DONE-13-1024x1024.jpg\" alt=\"Grafikas, kuriame matyti &#x201E;MediaTek Helio G99&#x201C; procesorius AYANEO Pocket Micro. Teksto langeliuose pabr&#x117;&#x17E;iamas a&#x161;tuoni&#x173; branduoli&#x173; procesorius, galintis paleisti PS2 &#x17E;aidimus, aktyvus au&#x161;inimas ilgoms &#x17E;aidim&#x173; sesijoms ir iki 6 valand&#x173; veikiantis akumuliatorius. Spalvotame fone ry&#x161;kiai matomas &#x201E;Helio G99&#x201C; logotipas.  \" class=\"wp-image-184267\"\/><\/a><\/figure>\n\n\n\n<h3 class=\"wp-block-heading\" id=\"h-performance\"><strong>Veikimas<\/strong><\/h3>\n\n\n\n<p>Su \u201eMediaTek Helio G99\u201c procesoriumi \u201ePocket Micro\u201c u\u017etikrina skland\u0173 PS2 \u017eaidim\u0173 veikim\u0105. Jame \u012fdiegta LPDDR4X 4266Mb\/s atmintis ir yra dvi atminties parinktys: 6GB+128GB arba 8GB+256GB. \u0160i konfig\u016bracija suteikia pakankamai vietos \u012fvairiai \u017eaidim\u0173 bibliotekai, i\u0161laikant auk\u0161t\u0105 na\u0161um\u0105.  <\/p>\n<\/div>\n<\/div>\n\n<div class=\"wp-block-columns is-layout-flex wp-container-core-columns-is-layout-28f84493 wp-block-columns-is-layout-flex\">\n<div class=\"wp-block-column is-layout-flow wp-block-column-is-layout-flow\">\n<figure class=\"wp-block-image size-large\"><a href=\"https:\/\/droix.net\/wp-content\/uploads\/2024\/08\/AYANEO-POCKET-MICRO-MARKETING-DONE-15.jpg\" target=\"_blank\" rel=\"noopener\"><img decoding=\"async\" src=\"https:\/\/droix.net\/wp-content\/uploads\/2024\/08\/AYANEO-POCKET-MICRO-MARKETING-DONE-15-1024x1024.jpg\" alt=\"Rankos, laikan&#x10D;ios AYANEO Pocket Micro, rodo prietaiso nugar&#x117;l&#x119; su peties mygtukais ir ventiliacijos angomis. Toliau pateikiama prietaiso priekin&#x117;s dalies schema, kurioje matyti mygtuk&#x173; i&#x161;d&#x117;stymas ir ekranas. Tekste apra&#x161;omas unikalus mygtuk&#x173; dizainas ir k&#x16B;rybi&#x161;kas lyt&#x117;jimas, &#x12F;skaitant i&#x161;sami&#x105; informacij&#x105; apie L1, L2, R1, R2 pe&#x10D;i&#x173; mygtukus ir kry&#x17E;mines pagrindines funkcijas.  \" class=\"wp-image-184279\"\/><\/a><\/figure>\n\n\n\n<h3 class=\"wp-block-heading\" id=\"h-controls-and-features\"><strong>Valdikliai ir funkcijos<\/strong><\/h3>\n\n\n\n<p>Prietaise \u012fdiegtas naujovi\u0161kas valdymo i\u0161d\u0117stymas, u\u017etikrinantis patogum\u0105 ir greit\u0105 reakcij\u0105. Jame yra \u201eHall\u201c valdikliai, skirtingo auk\u0161\u010dio L1\/L2\/R1\/R2 pe\u010di\u0173 klavi\u0161ai ir bakstel\u0117jimo jungiklio mygtukas. Papildomi valdymo \u012ftaisai apima pagrindin\u0119 universali\u0105 ranken\u0105, X a\u0161ies linijin\u012f varikl\u012f, u\u017etikrinant\u012f gr\u012f\u017etam\u0105j\u012f ry\u0161\u012f d\u0117l vibracijos, ir \u0161e\u0161i\u0173 a\u0161i\u0173 giroskop\u0105, u\u017etikrinant\u012f geresn\u012f \u017eaidim\u0173 valdym\u0105.  <\/p>\n<\/div>\n\n\n\n<div class=\"wp-block-column is-layout-flow wp-block-column-is-layout-flow\">\n<figure class=\"wp-block-image size-large\"><a href=\"https:\/\/droix.net\/wp-content\/uploads\/2024\/08\/AYANEO-POCKET-MICRO-MARKETING-DONE-16.jpg\" target=\"_blank\" rel=\"noopener\"><img decoding=\"async\" src=\"https:\/\/droix.net\/wp-content\/uploads\/2024\/08\/AYANEO-POCKET-MICRO-MARKETING-DONE-16-1024x1024.jpg\" alt=\"Stambiu planu matomos rankos, laikan&#x10D;ios AYANEO Pocket Micro, kurio ekrane rodomas &#x17E;aidimas &#x201E;Balatro&#x201C;. Vir&#x161;uje esan&#x10D;ios piktogramos &#x17E;ymi ry&#x161;io funkcijas: dviej&#x173; da&#x17E;ni&#x173; &#x201E;WiFi 5&#x201C; ir BT 5.2, C tipo USB s&#x105;saj&#x105; ir &#x201E;Micro SD&#x201C; kortel&#x117;s lizd&#x105;, o kiekvienos funkcijos privalumai trumpai apra&#x161;yti. \" class=\"wp-image-184269\"\/><\/a><\/figure>\n\n\n\n<h3 class=\"wp-block-heading\" id=\"h-connectivity-and-software\"><strong>Ry\u0161iai ir programin\u0117 \u012franga<\/strong><\/h3>\n\n\n\n<p>\u201ePocket Micro\u201c veikia Android 13, palaiko dviej\u0173 da\u017eni\u0173 \u201eWiFi 5\u201c ir \u201eBluetooth 5.2\u201c, kad b\u016bt\u0173 u\u017etikrintas patikimas belaidis ry\u0161ys. Jame yra C tipo USB jungtis su USB 2.0 OTG palaikymu ir \u201eMicro SD\u201c kortel\u0117s lizdas (SD 3.0), kad b\u016bt\u0173 galima i\u0161pl\u0117sti saugykl\u0105. \u012erenginys valdomas per \u201eAYASpace Management Front-end\u201c ir \u201eAYAHome Desktop Launcher\u201c, tod\u0117l u\u017etikrinama patogi naudotojo patirtis.  <\/p>\n<\/div>\n\n\n\n<div class=\"wp-block-column is-layout-flow wp-block-column-is-layout-flow\">\n<figure class=\"wp-block-image size-large\"><a href=\"https:\/\/droix.net\/wp-content\/uploads\/2024\/08\/AYANEO-POCKET-MICRO-MARKETING-DONE-14.jpg\" target=\"_blank\" rel=\"noopener\"><img decoding=\"async\" src=\"https:\/\/droix.net\/wp-content\/uploads\/2024\/08\/AYANEO-POCKET-MICRO-MARKETING-DONE-14-1024x1024.jpg\" alt=\"Eleganti&#x161;kas juodas ne&#x161;iojamasis &#x17E;aidim&#x173; &#x12F;renginys AYANEO Pocket Micro parodytas kampu, i&#x161;ry&#x161;kinant jo plon&#x105; profil&#x12F; ir mygtuk&#x173; i&#x161;d&#x117;stym&#x105;. &#x17D;emiau yra piktogramos, vaizduojan&#x10D;ios &#x12F;vairias funkcijas, pavyzd&#x17E;iui, giroskopo nukreipimo, didelio tikslumo vairalazd&#x17E;i&#x173; ir mygtuk&#x173; pritaikymo parinktis. \" class=\"wp-image-184268\"\/><\/a><\/figure>\n\n\n\n<h3 class=\"wp-block-heading\" id=\"h-innovative-button-design\"><strong>Inovatyvus mygtuko dizainas<\/strong><\/h3>\n\n\n\n<p>\u201ePocket Micro\u201c turi unikal\u0173 mygtuk\u0173 i\u0161d\u0117stym\u0105 su kry\u017eminiais klavi\u0161ais ir ABXY mygtukais, kuriuose naudojama laidi klij\u0173 technologija, u\u017etikrinanti skland\u0173 lietim\u0105. Pe\u010di\u0173 klavi\u0161ai skirti naudoti dideliu da\u017eniu, o per \u201eAYASpace\u201c galima pritaikyti klavi\u0161\u0173 vert\u0117s keitim\u0105. <\/p>\n<\/div>\n<\/div>\n\n<h3 class=\"wp-block-heading\" id=\"h-battery-and-cooling\"><strong>Akumuliatorius ir au\u0161inimas<\/strong><\/h3>\n\n<p>\u201ePocket Micro\u201c turi 2600 mAh akumuliatori\u0173, kuris u\u017etikrina iki 6 valand\u0173 nepertraukiamo \u017eaidimo. Pa\u017eangi oru au\u0161inama aktyvi \u0161ilumos i\u0161sklaidymo sistema padeda i\u0161vengti na\u0161umo suma\u017e\u0117jimo per ilgesnes \u017eaidim\u0173 sesijas ir u\u017etikrina pastov\u0173 veikim\u0105. <\/p>\n\n<h3 class=\"wp-block-heading\" id=\"h-additional-features\"><strong>Papildomos funkcijos<\/strong><\/h3>\n\n<p>Prietaise integruotas biometrinis autenti\u0161kumo nustatymas naudojant maitinimo rakt\u0105 ir garsinis pir\u0161t\u0173 atspaud\u0173 atpa\u017einimas. Jame taip pat yra \u201eSoundTAP Magic Sound Vibration\u201c, \u201eXinput Vibration\u201c, keli\u0173 scen\u0173 veikimo re\u017eimai ir pritaikomas klavi\u0161\u0173 atvaizdavimas, kad b\u016bt\u0173 galima asmeni\u0161kai pritaikyti \u017eaidim\u0173 patirt\u012f. <\/p>\n\n<h3 class=\"wp-block-heading\" id=\"h-visual-appeal\"><strong>Vizualinis patrauklumas<\/strong><\/h3>\n\n<p>Sukurtas taip, kad b\u016bt\u0173 vizualiai \u012fsp\u016bdingas, \u201ePocket Micro\u201c pasi\u017eymi plonu profiliu ir retro stiliaus estetika. Ry\u0161kus ekranas ir auk\u0161tos kokyb\u0117s metalo tekst\u016bra pagerina jo i\u0161vaizd\u0105, tod\u0117l jis yra patrauklus pasirinkimas ir kolekcininkams, ir \u017eaid\u0117jams. <\/p>\n\n<h3 class=\"wp-block-heading\" id=\"h-conclusion\">I\u0161vada<\/h3>\n\n<p>\u201eAYANEO Pocket Micro\u201c yra kruop\u0161\u010diai pagamintas delninis pultelis, kuriame retro \u017eavesys dera su \u0161iuolaikin\u0117mis funkcijomis. Jos apgalvotas dizainas ir auk\u0161tos kokyb\u0117s surinkimas u\u017etikrina nepaprast\u0105 \u017eaidim\u0173 patirt\u012f kompakti\u0161koje, stilingoje pakuot\u0117je. Nesvarbu, ar v\u0117l \u017eaid\u017eiate klasikinius \u017eaidimus, ar tyrin\u0117jate naujus, \u201ePocket Micro\u201c puikiai papildys bet koki\u0105 \u017eaidim\u0173 \u012frang\u0105.  <\/p>\n","protected":false},"excerpt":{"rendered":"<ul>\n<li>Procesorius: &#8222;MediaTek <strong>Helio G99<\/strong><\/li>\n<li>Ekranas: 3,5 colio ekranas <strong>be rib\u0173<\/strong> <strong> IPS<\/strong><\/li>\n<li>Operatyvioji atmintis: iki <strong>8 GB<\/strong> LPDDR4X @ <strong>4266 MT\/s<\/strong><\/li>\n<li>Saugojimas: Iki <strong>256 GB<\/strong> UFS 2.2<\/li>\n<li>Ry\u0161iai: \u201eWi-Fi <strong>5<\/strong>\u201c ir \u201eBluetooth <strong>5.2<\/strong>\u201c palaikymas<\/li>\n<\/ul>\n<p><img fetchpriority=\"high\" decoding=\"async\" src=\"https:\/\/ayaneo.co\/wp-content\/uploads\/2024\/08\/MICRO-GIFTS-NEW-NOGRIPS.jpg\" alt=\"\u0160alia juodos spalvos apsauginio d\u0117klo ir ma\u017eos sta\u010diakamp\u0117s d\u0117\u017eut\u0117s (grei\u010diausiai ekrano apsauga) rodomas tekstas, kuriame ra\u0161oma  \" free=\"\" gifts=\"\" protective=\"\" case=\"\" screen=\"\" protector=\"\" automatically=\"\" added=\"\" to=\"\" cart.=\"\" the=\"\" box=\"\" has=\"\" pocket=\"\" micro=\"\" visible=\"\" on=\"\" it.=\"\" width=\"550\" height=\"140\" class=\"alignnone size-full wp-image-24520\" srcset=\"https:\/\/ayaneo.co\/wp-content\/uploads\/2024\/08\/MICRO-GIFTS-NEW-NOGRIPS.jpg 550w, https:\/\/ayaneo.co\/wp-content\/uploads\/2024\/08\/MICRO-GIFTS-NEW-NOGRIPS-300x76.jpg 300w, https:\/\/ayaneo.co\/wp-content\/uploads\/2024\/08\/MICRO-GIFTS-NEW-NOGRIPS-441x112.jpg 441w, https:\/\/ayaneo.co\/wp-content\/uploads\/2024\/08\/MICRO-GIFTS-NEW-NOGRIPS-150x38.jpg 150w\" sizes=\"(max-width: 550px) 100vw, 550px\" \/><\/p>\n[cg_accordion title=\"INFORMACIJA APMOK\u0116JIMUI\"]<\/p>\n<p>Naudojame naujausias mok\u0117jimo apdorojimo technologijas, kurios leid\u017eia greitai ir saugiai atsiskaityti per \u201eApple Pay\u201c, \u201eGoogle Pay\u201c, debeto \/ kredito kortel\u0119, \u201ePayPal\u201c arba BNPL metodus, tokius kaip \u201eKlarna\u201c, \u201eAffirm\u201c arba \u201eAfterPay\u201c.[\/cg_accordion]\n[cg_accordion title=\"GARANTIJA\"]<\/p>\n<p><a href=\"https:\/\/droix.net\/\" target=\"_blank\" rel=\"nofollow noopener\">DROIX Global<\/a> suteikia 1 met\u0173 garantij\u0105, kad b\u016btum\u0117te ram\u016bs[\/cg_accordion]\n[cg_accordion title=\"KAINOS, MOKES\u010cIAI IR PRISTATYMAS\"]<\/p>\n<p><strong><u>Pastaba:<\/u><\/strong><\/p>\n<ul>\n<li>Jungtini\u0173 Amerikos Valstij\u0173 klientai: \u012e rodom\u0105 kain\u0105 N\u0116RA \u012fskai\u010diuoti mokes\u010diai ir muitai. Atsakomyb\u0117 i\u0161muitinti muitin\u0119 ir sumok\u0117ti visus susijusius mokes\u010dius ir muitus tenka klientui. <\/li>\n<li>ES klientai: \u012e nurodyt\u0105 kain\u0105 \u012fskai\u010diuoti taikomi mokes\u010diai, kurie, priklausomai nuo j\u016bs\u0173 \u0161alies, gali siekti iki 25 %.<\/li>\n<li>Kanados klientai: \u012e nurodyt\u0105 kain\u0105 \u012fskai\u010diuoti taikomi mokes\u010diai, kurie, priklausomai nuo j\u016bs\u0173 provincijos, gali apimti 5 % GPM ir papildomus provincijos pardavimo mokes\u010dius (PST), suderint\u0105 pardavimo mokest\u012f (HST) arba Kvebeko pardavimo mokest\u012f (QST).<\/li>\n<\/ul>\n<p><strong>TIK ES klientams:<\/strong> Express DDP (pristatoma sumok\u0117jus muit\u0105). Tai rei\u0161kia: <\/p>\n<ul>\n<li>Visi muitai ir mokes\u010diai \u012ftraukti \u012f produkto puslapyje nurodyt\u0105 kain\u0105.<\/li>\n<li>Pristatymo metu jums nereik\u0117s mok\u0117ti joki\u0173 papildom\u0173 mokes\u010di\u0173.<\/li>\n<li>Retais atvejais, kai kyla su muitine susijusi\u0173 problem\u0173, m\u016bs\u0173 komanda pasir\u016bpins muitin\u0117s formalumais j\u016bs\u0173 vardu, kad b\u016bt\u0173 u\u017etikrintas sklandus pristatymas.<\/li>\n<p>Svarbi informacija apie gr\u0105\u017einim\u0105:<\/p>\n<li>Jei nuspr\u0119site gr\u0105\u017einti u\u017esakym\u0105 arba pra\u0161ysite gr\u0105\u017einti pinigus, tur\u0117kite omenyje, kad mokes\u010diai ir muitai, sumok\u0117ti u\u017e jus pagal DDP s\u0105lygas, negali b\u016bti gr\u0105\u017einami.<\/li>\n<p>I\u0161samesn\u0117s informacijos rasite m\u016bs\u0173 <a href=\"https:\/\/ayaneo.co\/lt\/paslaugu-teikimo-salygos\/\" target=\"_blank\" rel=\"nofollow noopener\">s\u0105lygose ir nuostatose<\/a>.\n<\/ul>\n<p>[\/cg_accordion]\n[cg_accordion title=\"KLIENT\u0172 APTARNAVIMAS\"]<\/p>\n<p>Turite klausim\u0105? U\u017etenka para\u0161yti trump\u0105j\u0105 \u017einut\u0119 ir j\u016bs\u0173 klausimas bus i\u0161spr\u0119stas!<br \/>\n[\/cg_accordion]\n[cg_accordion title=\"\u012e paket\u0105 \u012feina\"]<\/p>\n<ul>\n<li>1x AYANEO Pocket Micro<\/li>\n<li>1x C tipo USB kabelis<\/li>\n<li>1x naudotojo vadovas<\/li>\n<\/ul>\n<p>[\/cg_accordion]\n","protected":false},"featured_media":19341,"template":"","meta":{"_acf_changed":false},"product_brand":[],"product_cat":[1234],"product_tag":[],"class_list":{"0":"post-19339","1":"product","2":"type-product","3":"status-publish","4":"has-post-thumbnail","6":"product_cat-android-zaidimu-nesiojamasis-kompiuteris","7":"product_shipping_class-standard","8":"pa_brand-ayaneo","10":"first","11":"outofstock","12":"taxable","13":"shipping-taxable","14":"purchasable","15":"product-type-variable","16":"has-default-attributes"},"acf":[],"_links":{"self":[{"href":"https:\/\/ayaneo.co\/lt\/wp-json\/wp\/v2\/product\/19339","targetHints":{"allow":["GET"]}}],"collection":[{"href":"https:\/\/ayaneo.co\/lt\/wp-json\/wp\/v2\/product"}],"about":[{"href":"https:\/\/ayaneo.co\/lt\/wp-json\/wp\/v2\/types\/product"}],"wp:featuredmedia":[{"embeddable":true,"href":"https:\/\/ayaneo.co\/lt\/wp-json\/wp\/v2\/media\/19341"}],"wp:attachment":[{"href":"https:\/\/ayaneo.co\/lt\/wp-json\/wp\/v2\/media?parent=19339"}],"wp:term":[{"taxonomy":"product_brand","embeddable":true,"href":"https:\/\/ayaneo.co\/lt\/wp-json\/wp\/v2\/product_brand?post=19339"},{"taxonomy":"product_cat","embeddable":true,"href":"https:\/\/ayaneo.co\/lt\/wp-json\/wp\/v2\/product_cat?post=19339"},{"taxonomy":"product_tag","embeddable":true,"href":"https:\/\/ayaneo.co\/lt\/wp-json\/wp\/v2\/product_tag?post=19339"}],"curies":[{"name":"wp","href":"https:\/\/api.w.org\/{rel}","templated":true}]}}