{"id":19493,"date":"2024-09-20T09:49:52","date_gmt":"2024-09-20T09:49:52","guid":{"rendered":"https:\/\/ayaneo.co\/product\/ayaneo-pocket-s-priedai\/"},"modified":"2025-12-09T00:26:02","modified_gmt":"2025-12-09T00:26:02","slug":"ayaneo-pocket-s-priedai","status":"publish","type":"product","link":"https:\/\/ayaneo.co\/lt\/product\/ayaneo-pocket-s-priedai\/","title":{"rendered":"AYANEO Pocket S Priedai"},"content":{"rendered":"\n<p>Pagerinkite savo AYANEO Pocket S \u017eaidim\u0173 patirt\u012f su \u0161iuo privalomu pried\u0173 rinkiniu, sukurtu apsaugai, patogumui ir geresniam \u017eaidimui.<\/p>\n\n<ul class=\"wp-block-list\">\n<li><strong>\u201e2-in-1\u201c magnetinis apver\u010diamas apsauginis d\u0117klas<\/strong>: \u0160iame d\u0117kle suderintas stilius ir funkcionalumas. Apsauginiame d\u0117kle yra magnetinis atlenkiamas dangtelis, kuris apsaugo j\u016bs\u0173 prietais\u0105 ir kartu leid\u017eia lengvai pasiekti. Neslystanti tekst\u016bra u\u017etikrina tvirt\u0105 sukibim\u0105, o didelio dyd\u017eio rankena u\u017etikrina patog\u0173 laikym\u0105 ilgoms \u017eaidim\u0173 sesijoms. Nesvarbu, ar esate namie, ar kelyje, \u0161is apsauginis d\u0117klas yra puikus draugas, apsaugantis AYANEO Pocket S nuo kasdienio nusid\u0117v\u0117jimo.   <\/li>\n\n\n\n<li><strong>Ekrano apsauga<\/strong>: Apsaugokite savo ekran\u0105 auk\u0161tos kokyb\u0117s itin skaidria ekrano apsauga. Jis sukurtas taip, kad b\u016bt\u0173 atsparus \u012fbr\u0117\u017eimams, d\u0117m\u0117ms ir pir\u0161t\u0173 atspaudams, tod\u0117l ekranas i\u0161liks toks pat ry\u0161kus ir jautrus kaip visada. Lengvai u\u017ededama konstrukcija u\u017etikrina montavim\u0105 be burbuliuk\u0173, tod\u0117l ekranas i\u0161lieka nepriekai\u0161tingas, o jutiklinis jautrumas i\u0161saugomas, kad \u017eaidimas b\u016bt\u0173 sklandus ir nepertraukiamas.  <\/li>\n\n\n\n<li><strong>Nyk\u0161\u010dio rankenos<\/strong>: Padidinkite valdym\u0105 naudodami auk\u0161\u010diausios kokyb\u0117s nyk\u0161\u010dio rankenas. \u0160ie analogini\u0173 lazdeli\u0173 silikoniniai dangteliai u\u017etikrina puik\u0173 sukibim\u0105 ir tikslum\u0105, pad\u0117dami i\u0161laikyti kontrol\u0119 net intensyviausi\u0173 \u017eaidim\u0173 metu. \u0160ios nyk\u0161\u010di\u0173 rankenos sukurtos taip, kad ma\u017eint\u0173 nuovarg\u012f ir didint\u0173 komfort\u0105, tod\u0117l leid\u017eia atlikti tikslesnius judesius ir suteikia jums reikiam\u0105 konkurencin\u012f prana\u0161um\u0105.  <\/li>\n<\/ul>\n\n<p>\u0160is pried\u0173 rinkinys u\u017etikrina, kad AYANEO Pocket S b\u016bt\u0173 apsaugotas ir paruo\u0161tas veiksmui, o kartu pagerina \u017eaidimo patirt\u012f d\u0117l ergonomini\u0173 patobulinim\u0173.<\/p>\n","protected":false},"excerpt":{"rendered":"[cg_accordion title=\"INFORMACIJA APMOK\u0116JIMUI\"]<\/p>\n<p>Naudojame naujausias mok\u0117jimo apdorojimo technologijas, kurios leid\u017eia greitai ir saugiai atsiskaityti per \u201eApple Pay\u201c, \u201eGoogle Pay\u201c, debeto \/ kredito kortel\u0119, \u201ePayPal\u201c arba BNPL metodus, tokius kaip \u201eKlarna\u201c, \u201eAffirm\u201c arba \u201eAfterPay\u201c.[\/cg_accordion]\n[cg_accordion title=\"GARANTIJA\"]<\/p>\n<p><a href=\"https:\/\/droix.net\/\" target=\"_blank\" rel=\"nofollow noopener\">DROIX Global<\/a> suteikia 1 met\u0173 garantij\u0105, kad b\u016btum\u0117te ram\u016bs[\/cg_accordion]\n[cg_accordion title=\"KAINOS, MOKES\u010cIAI IR PRISTATYMAS\"]<\/p>\n<p><strong><u>Pastaba:<\/u><\/strong><\/p>\n<ul>\n<li>Jungtini\u0173 Amerikos Valstij\u0173 klientai: \u012e rodom\u0105 kain\u0105 N\u0116RA \u012fskai\u010diuoti mokes\u010diai ir muitai. Atsakomyb\u0117 i\u0161muitinti muitin\u0119 ir sumok\u0117ti visus susijusius mokes\u010dius ir muitus tenka klientui. <\/li>\n<li>ES klientai: \u012e nurodyt\u0105 kain\u0105 \u012fskai\u010diuoti taikomi mokes\u010diai, kurie, priklausomai nuo j\u016bs\u0173 \u0161alies, gali siekti iki 25 %.<\/li>\n<li>Kanados klientai: \u012e nurodyt\u0105 kain\u0105 \u012fskai\u010diuoti taikomi mokes\u010diai, kurie, priklausomai nuo j\u016bs\u0173 provincijos, gali apimti 5 % GPM ir papildomus provincijos pardavimo mokes\u010dius (PST), suderint\u0105 pardavimo mokest\u012f (HST) arba Kvebeko pardavimo mokest\u012f (QST).<\/li>\n<\/ul>\n<p><strong>TIK ES klientams:<\/strong> Express DDP (pristatoma sumok\u0117jus muit\u0105). Tai rei\u0161kia: <\/p>\n<ul>\n<li>Visi muitai ir mokes\u010diai \u012ftraukti \u012f produkto puslapyje nurodyt\u0105 kain\u0105.<\/li>\n<li>Pristatymo metu jums nereik\u0117s mok\u0117ti joki\u0173 papildom\u0173 mokes\u010di\u0173.<\/li>\n<li>Retais atvejais, kai kyla su muitine susijusi\u0173 problem\u0173, m\u016bs\u0173 komanda pasir\u016bpins muitin\u0117s formalumais j\u016bs\u0173 vardu, kad b\u016bt\u0173 u\u017etikrintas sklandus pristatymas.<\/li>\n<p>Svarbi informacija apie gr\u0105\u017einim\u0105:<\/p>\n<li>Jei nuspr\u0119site gr\u0105\u017einti u\u017esakym\u0105 arba pra\u0161ysite gr\u0105\u017einti pinigus, tur\u0117kite omenyje, kad mokes\u010diai ir muitai, sumok\u0117ti u\u017e jus pagal DDP s\u0105lygas, negali b\u016bti gr\u0105\u017einami.<\/li>\n<p>I\u0161samesn\u0117s informacijos rasite m\u016bs\u0173 <a href=\"https:\/\/ayaneo.co\/terms-of-service-2\/\" target=\"_blank\" rel=\"nofollow noopener\">s\u0105lygose ir nuostatose<\/a>.\n<\/ul>\n<p>[\/cg_accordion]\n[cg_accordion title=\"KLIENT\u0172 APTARNAVIMAS\"]<\/p>\n<p>Turite klausim\u0105? U\u017etenka para\u0161yti trump\u0105j\u0105 \u017einut\u0119 ir j\u016bs\u0173 klausimas bus i\u0161spr\u0119stas!<br \/>\n[\/cg_accordion]\n","protected":false},"featured_media":19516,"template":"","meta":{"_acf_changed":false},"product_brand":[],"product_cat":[1186],"product_tag":[],"class_list":{"0":"post-19493","1":"product","2":"type-product","3":"status-publish","4":"has-post-thumbnail","6":"product_cat-priedai","7":"product_shipping_class-low-end","8":"pa_accessory-type-grip-lt","9":"pa_accessory-type-protective-case-lt","10":"pa_accessory-type-screen-protector-lt","11":"pa_brand-ayaneo","13":"first","14":"instock","15":"sale","16":"taxable","17":"shipping-taxable","18":"purchasable","19":"product-type-simple"},"acf":[],"_links":{"self":[{"href":"https:\/\/ayaneo.co\/lt\/wp-json\/wp\/v2\/product\/19493","targetHints":{"allow":["GET"]}}],"collection":[{"href":"https:\/\/ayaneo.co\/lt\/wp-json\/wp\/v2\/product"}],"about":[{"href":"https:\/\/ayaneo.co\/lt\/wp-json\/wp\/v2\/types\/product"}],"wp:featuredmedia":[{"embeddable":true,"href":"https:\/\/ayaneo.co\/lt\/wp-json\/wp\/v2\/media\/19516"}],"wp:attachment":[{"href":"https:\/\/ayaneo.co\/lt\/wp-json\/wp\/v2\/media?parent=19493"}],"wp:term":[{"taxonomy":"product_brand","embeddable":true,"href":"https:\/\/ayaneo.co\/lt\/wp-json\/wp\/v2\/product_brand?post=19493"},{"taxonomy":"product_cat","embeddable":true,"href":"https:\/\/ayaneo.co\/lt\/wp-json\/wp\/v2\/product_cat?post=19493"},{"taxonomy":"product_tag","embeddable":true,"href":"https:\/\/ayaneo.co\/lt\/wp-json\/wp\/v2\/product_tag?post=19493"}],"curies":[{"name":"wp","href":"https:\/\/api.w.org\/{rel}","templated":true}]}}