{"id":25138,"date":"2025-06-27T08:57:04","date_gmt":"2025-06-27T08:57:04","guid":{"rendered":"https:\/\/ayaneo.co\/?post_type=product&#038;p=25138"},"modified":"2025-12-09T00:29:59","modified_gmt":"2025-12-09T00:29:59","slug":"ayaneo-kiseninis-mikro-deklas-copy","status":"publish","type":"product","link":"https:\/\/ayaneo.co\/lt\/product\/ayaneo-kiseninis-mikro-deklas-copy\/","title":{"rendered":"AYANEO Pocket DMG d\u0117klas"},"content":{"rendered":"\n<h2 class=\"wp-block-heading\" id=\"h-product-overview\">Produkto ap\u017evalga:<\/h2>\n\n<p><strong>AYANEO Pocket DMG d\u0117klas yra<\/strong> puikus priedas \u017eaid\u0117jams, vertinantiems stili\u0173 ir apsaug\u0105. \u0160iame d\u0117kle, sukurtame taip, kad puikiai tikt\u0173 &#8222;AYANEO Pocket DMG\" konsolei, suderintos auk\u0161\u010diausios kokyb\u0117s med\u017eiagos ir kompakti\u0161kas korpusas, tod\u0117l j\u016bs\u0173 \u017eaidim\u0173 \u012frenginys bus saugus, kad ir kur keliautum\u0117te. <\/p>\n\n<hr class=\"wp-block-separator has-alpha-channel-opacity\"\/>\n\n<h2 class=\"wp-block-heading\" id=\"h-key-features\">Pagrindin\u0117s savyb\u0117s:<\/h2>\n\n<p><strong>Kompakti\u0161kas dizainas, pritaikytas<\/strong> AYANEO Pocket DMG.<\/p>\n\n<p>Patvarios med\u017eiagos u\u017etikrina <strong>geresn\u0119 apsaug\u0105.<\/strong><\/p>\n\n<p>Lengvas ir ne\u0161iojamas, kad <strong>b\u016bt\u0173 patogu keliauti.<\/strong><\/p>\n\n<p>Mink\u0161tas vidinis pamu\u0161alas <strong>apsaugo nuo \u012fbr\u0117\u017eim\u0173.<\/strong><\/p>\n\n<p>Eleganti\u0161ka ir stilinga i\u0161or\u0117, u\u017etikrinanti <strong>\u0161iuolaikin\u0119 estetik\u0105.<\/strong><\/p>\n\n<hr class=\"wp-block-separator has-alpha-channel-opacity\"\/>\n\n<h2 class=\"wp-block-heading\" id=\"h-why-choose-the-ayaneo-pocket-micro-case\">Kod\u0117l verta rinktis AYANEO Pocket DMG d\u0117kl\u0105?<\/h2>\n\n<p>Apsaugokite savo investicijas naudodami AYANEO Pocket DMG d\u0117kl\u0105, skirt\u0105 apsaugoti konsol\u0119 nuo \u012fbr\u0117\u017eim\u0173, dulki\u0173 ir smulki\u0173 sm\u016bgi\u0173. D\u0117l lengvos ir kompakti\u0161kos konstrukcijos jis yra idealus kelioni\u0173 palydovas, nesvarbu, ar einate \u012f \u017eaidim\u0173 sesij\u0105 su draugais, ar pasiimate konsol\u0119 \u012f kelion\u0119. <\/p>\n\n<hr class=\"wp-block-separator has-alpha-channel-opacity\"\/>\n\n<h3 class=\"wp-block-heading\" id=\"h-specifications\">Specifikacijos:<\/h3>\n\n<ul class=\"wp-block-list\">\n<li><strong>Med\u017eiaga:<\/strong> Patvarus audinys arba sintetin\u0117 oda<\/li>\n\n\n\n<li><strong>Suderinamumas:<\/strong> AYANEO Pocket DMG konsol\u0117<\/li>\n\n\n\n<li><strong>Funkcijos:<\/strong> Atsparus \u012fbr\u0117\u017eimams, lengvas ir ne\u0161iojamas<\/li>\n<\/ul>\n\n<p>Pagerinkite savo \u017eaidim\u0173 patirt\u012f su AYANEO Pocket DMG d\u0117klu - puikiu apsaugos ir ne\u0161iojamumo deriniu!<\/p>\n\n<p><\/p>\n","protected":false},"excerpt":{"rendered":"<ul>\n<li><strong>Kompakti\u0161kas dizainas, pritaikytas<\/strong> AYANEO Pocket DMG.<\/li>\n<li>Patvarios med\u017eiagos u\u017etikrina <strong>geresn\u0119 apsaug\u0105.<\/strong><\/li>\n<li>Lengvas ir ne\u0161iojamas, kad <strong>b\u016bt\u0173 patogu keliauti.<\/strong><\/li>\n<li>Mink\u0161tas vidinis pamu\u0161alas <strong>apsaugo nuo \u012fbr\u0117\u017eim\u0173.<\/strong><\/li>\n<li>Eleganti\u0161ka ir stilinga i\u0161or\u0117, u\u017etikrinanti <strong>\u0161iuolaikin\u0119 estetik\u0105.<\/strong><\/li>\n<\/ul>\n[cg_accordion title=\"INFORMACIJA APMOK\u0116JIMUI\"]<\/p>\n<p>Naudojame naujausias mok\u0117jimo apdorojimo technologijas, kurios leid\u017eia greitai ir saugiai atsiskaityti per &#8222;Apple Pay\", &#8222;Google Pay\", debeto \/ kredito kortel\u0119, &#8222;PayPal\" arba BNPL metodus, tokius kaip &#8222;Klarna\", &#8222;Affirm\" arba &#8222;AfterPay\".[\/cg_accordion]\n[cg_accordion title=\"GARANTIJA\"]<\/p>\n<p><a href=\"https:\/\/droix.net\/\" target=\"_blank\" rel=\"nofollow noopener\">DROIX Global suteikia 1 met\u0173 garantij\u0105, kad<\/a> b\u016btum\u0117te ram\u016bs[\/cg_accordion]\n[cg_accordion title=\"KAINOS, MOKES\u010cIAI IR PRISTATYMAS\"]<\/p>\n<p><strong><u>Pastaba:<\/u><\/strong><\/p>\n<ul>\n<li>Jungtini\u0173 Amerikos Valstij\u0173 klientai: \u012e rodom\u0105 kain\u0105 N\u0116RA \u012fskai\u010diuoti mokes\u010diai ir muitai. Atsakomyb\u0117 i\u0161muitinti muitin\u0119 ir sumok\u0117ti visus susijusius mokes\u010dius ir muitus tenka klientui. <\/li>\n<li>ES klientai: \u012e nurodyt\u0105 kain\u0105 \u012fskai\u010diuoti taikomi mokes\u010diai, kurie, priklausomai nuo j\u016bs\u0173 \u0161alies, gali siekti iki 25 %.<\/li>\n<li>Kanados klientai: \u012e nurodyt\u0105 kain\u0105 \u012fskai\u010diuoti taikomi mokes\u010diai, kurie, priklausomai nuo j\u016bs\u0173 provincijos, gali apimti 5 % GPM ir papildomus provincijos pardavimo mokes\u010dius (PST), suderint\u0105 pardavimo mokest\u012f (HST) arba Kvebeko pardavimo mokest\u012f (QST).<\/li>\n<\/ul>\n<p><strong>TIK ES klientams:<\/strong> Express DDP (pristatoma sumok\u0117jus muit\u0105). Tai rei\u0161kia: <\/p>\n<ul>\n<li>Visi muitai ir mokes\u010diai \u012fskai\u010diuoti \u012f produkto puslapyje nurodyt\u0105 kain\u0105.<\/li>\n<li>Pristatymo metu jums nereik\u0117s mok\u0117ti joki\u0173 papildom\u0173 mokes\u010di\u0173.<\/li>\n<li>Retais atvejais, kai kyla su muitine susijusi\u0173 problem\u0173, m\u016bs\u0173 komanda pasir\u016bpins muitin\u0117s formalumais j\u016bs\u0173 vardu, kad b\u016bt\u0173 u\u017etikrintas sklandus pristatymas.<\/li>\n<p>Svarbi informacija apie gr\u0105\u017einim\u0105:<\/p>\n<li>Jei nuspr\u0119site gr\u0105\u017einti u\u017esakym\u0105 arba pra\u0161ysite gr\u0105\u017einti pinigus, tur\u0117kite omenyje, kad mokes\u010diai ir muitai, sumok\u0117ti j\u016bs\u0173 vardu pagal DDP s\u0105lygas, negali b\u016bti gr\u0105\u017einami.<\/li>\n<p>I\u0161samesn\u0117s informacijos rasite m\u016bs\u0173 <a href=\"https:\/\/ayaneo.co\/terms-of-service-2\/\" target=\"_blank\" rel=\"nofollow noopener\">s\u0105lygose ir nuostatose<\/a>.\n<\/ul>\n<p>[\/cg_accordion]\n[cg_accordion title=\"KLIENT\u0172 APTARNAVIMAS\"]<\/p>\n<p>Turite klausim\u0105? U\u017etenka para\u0161yti trump\u0105j\u0105 \u017einut\u0119 ir j\u016bs\u0173 klausimas bus i\u0161spr\u0119stas!<br \/>\n[\/cg_accordion]\n[cg_accordion title=\"\u012e paket\u0105 \u012feina\"]<\/p>\n<ul>\n<li>1x AYANEO Pocket DMG d\u0117klas<\/li>\n<\/ul>\n<p>[\/cg_accordion]\n","protected":false},"featured_media":25161,"template":"","meta":{"_acf_changed":false},"product_brand":[],"product_cat":[1186],"product_tag":[],"class_list":{"0":"post-25138","1":"product","2":"type-product","3":"status-publish","4":"has-post-thumbnail","6":"product_cat-priedai","7":"product_shipping_class-low-end","8":"pa_accessory-type-protective-case-lt","9":"pa_brand-ayaneo","11":"first","12":"instock","13":"sale","14":"taxable","15":"shipping-taxable","16":"purchasable","17":"product-type-simple"},"acf":[],"_links":{"self":[{"href":"https:\/\/ayaneo.co\/lt\/wp-json\/wp\/v2\/product\/25138","targetHints":{"allow":["GET"]}}],"collection":[{"href":"https:\/\/ayaneo.co\/lt\/wp-json\/wp\/v2\/product"}],"about":[{"href":"https:\/\/ayaneo.co\/lt\/wp-json\/wp\/v2\/types\/product"}],"wp:featuredmedia":[{"embeddable":true,"href":"https:\/\/ayaneo.co\/lt\/wp-json\/wp\/v2\/media\/25161"}],"wp:attachment":[{"href":"https:\/\/ayaneo.co\/lt\/wp-json\/wp\/v2\/media?parent=25138"}],"wp:term":[{"taxonomy":"product_brand","embeddable":true,"href":"https:\/\/ayaneo.co\/lt\/wp-json\/wp\/v2\/product_brand?post=25138"},{"taxonomy":"product_cat","embeddable":true,"href":"https:\/\/ayaneo.co\/lt\/wp-json\/wp\/v2\/product_cat?post=25138"},{"taxonomy":"product_tag","embeddable":true,"href":"https:\/\/ayaneo.co\/lt\/wp-json\/wp\/v2\/product_tag?post=25138"}],"curies":[{"name":"wp","href":"https:\/\/api.w.org\/{rel}","templated":true}]}}