{"id":29346,"date":"2025-01-20T12:04:53","date_gmt":"2025-01-20T12:04:53","guid":{"rendered":"https:\/\/ayaneo.co\/product\/ayaneo-next\/"},"modified":"2025-08-01T10:33:24","modified_gmt":"2025-08-01T10:33:24","slug":"ayaneo-next","status":"publish","type":"product","link":"https:\/\/ayaneo.co\/lt\/product\/ayaneo-next\/","title":{"rendered":"AYANEO NEXT"},"content":{"rendered":"\n<figure class=\"wp-block-image\"><img decoding=\"async\" src=\"https:\/\/droix.net\/wp-content\/uploads\/2022\/01\/product-overview-1024x584.png\" alt=\"\" title=\"AYA NEO NEXT 1\" \/><\/figure>\n\n<h2 class=\"wp-block-heading\">&#8222;AMD Ryzen Zen 3&#8243; konsol\u0117<\/h2>\n\n<p>Iki 4,5 GHz da\u017enio galia<\/p>\n\n<p>Kai kalbama apie apdorojimo gali\u0105, AYANEO Next PC Gaming Handheld neatsilieka nuo sofos.<\/p>\n\n<p>&#8222;Arklio gali\u0105\" suteikia &#8222;AMD Ryzen 7 5825U\" procesorius, pagr\u012fstas naujausia &#8222;ZEN 3&#8243; architekt\u016bra. Tai u\u017etikrina skland\u017ei\u0105 patirt\u012f \u017eaid\u017eiant \u017eaidimus, kartu i\u0161laikant minimal\u0173 akumuliatoriaus suvartojim\u0105. &#8222;Ryzen 7 APU\", esantis &#8222;AYANEO Next\", yra pagr\u012fstas TSMC 7 nm FinFET litografija.  <\/p>\n\n<p>5825U &#8222;Ryzen 7&#8243; procesorius yra a\u0161tuoni\u0173 branduoli\u0173 procesorius su 16 vykdymo gij\u0173. Jis gali veikti tu\u0161\u010di\u0105ja eiga 2,0 GHz da\u017eniu, o esant didelei apkrovai - padidinti da\u017en\u012f iki 4,5 GHz. Kartu su &#8222;AYA Space\" programine \u012franga galite nustatyti &#8222;AYANEO Next Handheld\" TDP iki 32 W, kad pasiektum\u0117te dar didesn\u012f na\u0161um\u0105.  <\/p>\n\n<p>J\u016bs\u0173 \u017eaidimai bus gerokai greitesni, palyginti su naujausios kartos kompiuterini\u0173 \u017eaidim\u0173 konsol\u0117mis.  <\/p>\n\n<p>Kad b\u016bt\u0173 lengviau apdoroti duomenis, taip pat rasite 16 GB dviej\u0173 kanal\u0173 LPDDR4x operatyviosios atminties, kuri neatsiliks nuo nuolat augan\u010di\u0173 sistemos poreiki\u0173. Kalbant apie sistemos poreikius, yra dvi atminties parinktys: Tai u\u017etikrins, kad tur\u0117site pakankamai vietos naujausiems kompiuteriniams \u017eaidimams. (\u017di\u016brime \u012f tave, &#8222;Call of Duty\") j  <\/p>\n\n<figure class=\"wp-block-image\"><img decoding=\"async\" src=\"https:\/\/droix.net\/wp-content\/uploads\/elementor\/thumbs\/processor-q8z5das1ql6n9ve6zhwvyxoict8wyvevo2ttgvwkqo.png\" alt=\"procesorius\" title=\"procesorius\" \/><\/figure>\n\n<h2 class=\"wp-block-heading\">AYANEO Kitas AMD GPU<\/h2>\n\n<p>\u017daiskite naujausius AAA \u017eaidimus<\/p>\n\n<p>&#8222;AYANEO Next\" esanti AMD grafika puikiai tinka \u017eaidimams keliaujant. \u017daid\u0117j\u0173 bendruomen\u0117je gerai \u017einoma, kad AMD deda daug pastang\u0173, kad b\u016bt\u0173 integruota ir suderinama su naujausiais rinkoje esan\u010diais \u017eaidimais. <\/p>\n\n<p>&#8222;AYANEO Next\" esantis grafikos lust\u0173 rinkinys lyginamuosiuose tyrimuose yra 17 % greitesnis, palyginti su senosios kartos &#8222;AMD Graphics\". Kartu su &#8222;AYA Space\" programine \u012franga, leid\u017eian\u010dia valdyti konsol\u0117s TDP, ir puikiu au\u0161inimo sprendimu &#8222;AYANEO Next\" yra \u017eaidim\u0173 \u017ev\u0117ris. <\/p>\n\n<h2 class=\"wp-block-heading\">Dr\u0105sus ir ry\u0161kus<\/h2>\n\n<p>7\u2033 IPS ekranas<\/p>\n\n<p>Kai \u017eaid\u017eiate, greitis ir FPS n\u0117ra viskas (gerai, tai sudaro apie 90 % patirties), ta\u010diau labai svarbu, per koki\u0105 terp\u0119 \u012fsisavinate patirt\u012f.<\/p>\n\n<p>Tod\u0117l &#8222;AYANEO Next\" turi nuostab\u0173 1280*800 H-IPS jutiklin\u012f ekran\u0105.<\/p>\n\n<figure class=\"wp-block-image\"><img decoding=\"async\" src=\"https:\/\/droix.net\/wp-content\/uploads\/2022\/01\/AYANEO-NEXT-BRIGHT-WHITE-MARKETING-PICTURE-2-scaled.jpg\" alt=\"AYANEO-NEXT-BRIGHT-WHITE-MARKETING-PICTURE-2\" title=\"AYA NEO NEXT 2\" \/><\/figure>\n\n<figure class=\"wp-block-image\"><img decoding=\"async\" src=\"https:\/\/droix.net\/wp-content\/uploads\/2022\/01\/AYANEO-NEXT-JET-BLACK-MARKETING-PICTURE-2-scaled.jpg\" alt=\"AYANEO-NEXT-JET-BLACK-MARKETING-PICTURE-2\" title=\"AYA NEO NEXT 3\" \/><\/figure>\n\n<figure class=\"wp-block-image\"><img decoding=\"async\" src=\"https:\/\/droix.net\/wp-content\/uploads\/2022\/01\/AYANEO-NEXT-MIDNIGHT-BLUE-MARKETING-PICTURE-4-scaled.jpg\" alt=\"AYANEO-NEXT-MIDNIGHT-BLUE-MARKETING-PICTURE-4\" title=\"AYA NEO NEXT 4\" \/><\/figure>\n\n<figure class=\"wp-block-image\"><img decoding=\"async\" src=\"https:\/\/droix.net\/wp-content\/uploads\/2022\/01\/AYANEO-NEXT-PASTEL-BLUE-MARKETING-PICTURE-7-scaled.jpg\" alt=\"AYANEO-NEXT-PASTEL-BASTEL-BLUE-MARKETING-PICTURE-7\" title=\"AYA NEO NEXT 5\" \/><\/figure>\n\n<h2 class=\"wp-block-heading\">\u017daidimai nuo A iki Z<\/h2>\n\n<p>&#8222;AYANEO Next PC Gaming Handheld\" atitinka visus reikalavimus - turi geriausi\u0105 technin\u0119 \u012frang\u0105, kad \u017eaidim\u0173 sesijos b\u016bt\u0173 patogiausios.<\/p>\n\n<figure class=\"wp-block-image\"><img decoding=\"async\" src=\"https:\/\/droix.net\/wp-content\/uploads\/2022\/01\/high-quality-build.png\" alt=\"\" title=\"AYA NEO NEXT 6\" \/><\/figure>\n\n<figure class=\"wp-block-image\"><img decoding=\"async\" src=\"https:\/\/droix.net\/wp-content\/uploads\/2022\/01\/shoulder-buttons.png\" alt=\"\" title=\"AYA NEO NEXT 7\" \/><\/figure>\n\n<figure class=\"wp-block-image\"><img decoding=\"async\" src=\"https:\/\/droix.net\/wp-content\/uploads\/2022\/01\/fingerprint.png\" alt=\"\" title=\"AYA NEO NEXT 8\" \/><\/figure>\n","protected":false},"excerpt":{"rendered":"<ul>\n<li>&#8222;AMD\u00ae <strong>Ryzen\u2122 7 5825U\" su &#8222;<\/strong> AMD Radeon\u2122 Vega 8&#8243; grafika<\/li>\n<li><strong>16 GB dviej\u0173 kanal\u0173<\/strong> LPDDR4x @ 4266 MHz<\/li>\n<li><strong>2 TB\/2 TB didel\u0117s spartos<\/strong> &#8222;PCI-E NVMe\" SSD<\/li>\n<li><strong>7\u2033 H-IPS<\/strong> jutiklinis ekranas<\/li>\n<li><strong>&#8222;WiFi 6 IEEE<\/strong> \" ir \" <strong>Bluetooth 5.2&#8243; palaikymas<\/strong> <\/li>\n<\/ul>\n[cg_accordion title=\"INFORMACIJA APMOK\u0116JIMUI\"]<\/p>\n<p>Naudojame naujausias mok\u0117jimo apdorojimo technologijas, kurios leid\u017eia greitai ir saugiai atsiskaityti per \u201eApple Pay\u201c, \u201eGoogle Pay\u201c, debeto \/ kredito kortel\u0119, \u201ePayPal\u201c arba BNPL metodus, tokius kaip \u201eKlarna\u201c, \u201eAffirm\u201c arba \u201eAfterPay\u201c.[\/cg_accordion]\n[cg_accordion title=\"GARANTIJA\"]<\/p>\n<p><a href=\"https:\/\/droix.net\/\" target=\"_blank\" rel=\"nofollow noopener\">DROIX Global<\/a> suteikia 1 met\u0173 garantij\u0105, kad b\u016btum\u0117te ram\u016bs[\/cg_accordion]\n[cg_accordion title=\"KAINOS, MOKES\u010cIAI IR PRISTATYMAS\"]<\/p>\n<p><strong><u>Pastaba:<\/u><\/strong><\/p>\n<ul>\n<li>Jungtini\u0173 Amerikos Valstij\u0173 klientai: \u012e rodom\u0105 kain\u0105 N\u0116RA \u012fskai\u010diuoti mokes\u010diai ir muitai. Atsakomyb\u0117 i\u0161muitinti muitin\u0119 ir sumok\u0117ti visus susijusius mokes\u010dius ir muitus tenka klientui. <\/li>\n<li>ES klientai: \u012e nurodyt\u0105 kain\u0105 \u012fskai\u010diuoti taikomi mokes\u010diai, kurie, priklausomai nuo j\u016bs\u0173 \u0161alies, gali siekti iki 25 %.<\/li>\n<li>Kanados klientai: \u012e nurodyt\u0105 kain\u0105 \u012fskai\u010diuoti taikomi mokes\u010diai, kurie, priklausomai nuo j\u016bs\u0173 provincijos, gali apimti 5 % GPM ir papildomus provincijos pardavimo mokes\u010dius (PST), suderint\u0105 pardavimo mokest\u012f (HST) arba Kvebeko pardavimo mokest\u012f (QST).<\/li>\n<\/ul>\n<p><strong>TIK ES klientams:<\/strong> Express DDP (pristatoma sumok\u0117jus muit\u0105). Tai rei\u0161kia: <\/p>\n<ul>\n<li>Visi muitai ir mokes\u010diai \u012ftraukti \u012f produkto puslapyje nurodyt\u0105 kain\u0105.<\/li>\n<li>Pristatymo metu jums nereik\u0117s mok\u0117ti joki\u0173 papildom\u0173 mokes\u010di\u0173.<\/li>\n<li>Retais atvejais, kai kyla su muitine susijusi\u0173 problem\u0173, m\u016bs\u0173 komanda pasir\u016bpins muitin\u0117s formalumais j\u016bs\u0173 vardu, kad b\u016bt\u0173 u\u017etikrintas sklandus pristatymas.<\/li>\n<p>Svarbi informacija apie gr\u0105\u017einim\u0105:<\/p>\n<li>Jei nuspr\u0119site gr\u0105\u017einti u\u017esakym\u0105 arba pra\u0161ysite gr\u0105\u017einti pinigus, tur\u0117kite omenyje, kad mokes\u010diai ir muitai, sumok\u0117ti u\u017e jus pagal DDP s\u0105lygas, negali b\u016bti gr\u0105\u017einami.<\/li>\n<p>I\u0161samesn\u0117s informacijos rasite m\u016bs\u0173 <a href=\"https:\/\/ayaneo.co\/terms-of-service-2\/\" target=\"_blank\" rel=\"nofollow noopener\">s\u0105lygose ir nuostatose<\/a>.\n<\/ul>\n<p>[\/cg_accordion]\n[cg_accordion title=\"KLIENT\u0172 APTARNAVIMAS\"]<\/p>\n<p>Turite klausim\u0105? U\u017etenka para\u0161yti trump\u0105j\u0105 \u017einut\u0119 ir j\u016bs\u0173 klausimas bus i\u0161spr\u0119stas!<br \/>\n[\/cg_accordion]\n[cg_accordion title=\"\u012e paket\u0105 \u012feina\"]<\/p>\n<ul>\n<li>1x AYANEO NEXT<\/li>\n<li>1x C tipo USB kabelis<\/li>\n<li>1x naudotojo vadovas<\/li>\n<\/ul>\n<p>[\/cg_accordion]\n","protected":false},"featured_media":29347,"template":"","meta":{"_acf_changed":false},"product_brand":[],"product_cat":[1219],"product_tag":[],"class_list":{"0":"post-29346","1":"product","2":"type-product","3":"status-publish","4":"has-post-thumbnail","6":"product_cat-nesiojamieji-zaidimu-kompiuteriai","7":"product_shipping_class-premium","8":"pa_brand-ayaneo","9":"pa_graphics-gpu-model-radeon-graphics","10":"pa_operating-system-windows-11-home","11":"pa_processor-cpu-brand-amd","13":"first","14":"outofstock","15":"sale","16":"taxable","17":"shipping-taxable","18":"purchasable","19":"product-type-variable","20":"has-default-attributes"},"acf":[],"_links":{"self":[{"href":"https:\/\/ayaneo.co\/lt\/wp-json\/wp\/v2\/product\/29346","targetHints":{"allow":["GET"]}}],"collection":[{"href":"https:\/\/ayaneo.co\/lt\/wp-json\/wp\/v2\/product"}],"about":[{"href":"https:\/\/ayaneo.co\/lt\/wp-json\/wp\/v2\/types\/product"}],"wp:featuredmedia":[{"embeddable":true,"href":"https:\/\/ayaneo.co\/lt\/wp-json\/wp\/v2\/media\/29347"}],"wp:attachment":[{"href":"https:\/\/ayaneo.co\/lt\/wp-json\/wp\/v2\/media?parent=29346"}],"wp:term":[{"taxonomy":"product_brand","embeddable":true,"href":"https:\/\/ayaneo.co\/lt\/wp-json\/wp\/v2\/product_brand?post=29346"},{"taxonomy":"product_cat","embeddable":true,"href":"https:\/\/ayaneo.co\/lt\/wp-json\/wp\/v2\/product_cat?post=29346"},{"taxonomy":"product_tag","embeddable":true,"href":"https:\/\/ayaneo.co\/lt\/wp-json\/wp\/v2\/product_tag?post=29346"}],"curies":[{"name":"wp","href":"https:\/\/api.w.org\/{rel}","templated":true}]}}