{"id":30064,"date":"2025-08-06T10:57:49","date_gmt":"2025-08-06T10:57:49","guid":{"rendered":"https:\/\/ayaneo.co\/?post_type=product&#038;p=30064"},"modified":"2026-01-06T00:26:22","modified_gmt":"2026-01-06T00:26:22","slug":"ayaneo-3-kiseniniai-evo-nykscio-lazdos-rankenos-dangteliai-tikslumas-ir-patogumas-kiekvienam-judesiui-copy","status":"publish","type":"product","link":"https:\/\/ayaneo.co\/lt\/product\/ayaneo-3-kiseniniai-evo-nykscio-lazdos-rankenos-dangteliai-tikslumas-ir-patogumas-kiekvienam-judesiui-copy\/","title":{"rendered":"AYANEO Pocket ACE rankenos"},"content":{"rendered":"\n<h2 class=\"wp-block-heading\">Produkto ap\u017evalga:<\/h2>\n\n<p><strong>AYANEO Pocket ACE Grips<\/strong> \" rankenos <strong>sukurtos taip<\/strong>, kad u\u017etikrint\u0173 didesn\u012f komfort\u0105 ir kontrol\u0119 \u017eaid\u017eiant. \u0160ios ergonomi\u0161kos rankenos skland\u017eiai tvirtinamos prie <strong>AYANEO Pocket ACE,<\/strong> tod\u0117l jas galima saugiai ir patogiai laikyti, ma\u017einti nuovarg\u012f ir u\u017etikrinti tiksl\u0173 valdym\u0105 ilgo \u017eaidimo metu. <\/p>\n\n<ol class=\"wp-block-list\">\n<li><strong>Ergonomi\u0161kas dizainas u\u017etikrina<\/strong> maksimal\u0173 patogum\u0105 \u017eaid\u017eiant.<\/li>\n\n\n\n<li><strong>Puikiai tinka<\/strong> <strong>AYANEO Pocket ACE.<\/strong><\/li>\n\n\n\n<li>Patvari med\u017eiaga <strong>ilgalaikiam naudojimui.<\/strong><\/li>\n\n\n\n<li>Lengvai pritvirtinamas ir nuimamas, kad b\u016bt\u0173 galima <strong>greitai nustatyti.<\/strong><\/li>\n\n\n\n<li>Patobulintas sukibimas, kad b\u016bt\u0173 <strong>geriau valdomas ir tikslesnis.<\/strong><\/li>\n<\/ol>\n\n<hr class=\"wp-block-separator has-alpha-channel-opacity\"\/>\n\n<h2 class=\"wp-block-heading\">Kod\u0117l verta rinktis <strong>AYANEO Pocket ACE?<\/strong><\/h2>\n\n<p>Nesvarbu, ar kovojate intensyviose daugelio \u017eaid\u0117j\u0173 rungtyn\u0117se, ar m\u0117gaujat\u0117s ilgomis vieno \u017eaid\u0117jo kampanijomis, &#8222;AYANEO Pocket <strong>ACE<\/strong> \" <strong>suteikia daugiau<\/strong> \u012ftraukian\u010dios ir patogesn\u0117s \u017eaidim\u0173 <strong>patirties<\/strong>. Ergonomi\u0161kas dizainas ir saugus prigludimas u\u017etikrina, kad gal\u0117site \u017eaisti valand\u0173 valandas, nejausdami diskomforto ir neslystant. <\/p>\n\n<hr class=\"wp-block-separator has-alpha-channel-opacity\"\/>\n\n<h2 class=\"wp-block-heading\">Specifikacijos:<\/h2>\n\n<ul class=\"wp-block-list\">\n<li><strong>Med\u017eiaga:<\/strong> Patvarus plastikas su ergonomi\u0161ku tekst\u016bruotu pavir\u0161iumi<\/li>\n\n\n\n<li><strong>Suderinamumas:<\/strong> <strong>AYANEO Pocket ACE<\/strong><\/li>\n\n\n\n<li><strong>Funkcijos:<\/strong> Lengvas, patvarus ir lengvai tvirtinamas<\/li>\n<\/ul>\n\n<p>Atnaujinkite savo <strong>AYANEO Pocket ACE su<\/strong> \u0161iomis rankenomis, kad gal\u0117tum\u0117te \u017eaisti patogiai ir tiksliai, nes kiekvienas judesys yra svarbus!<\/p>\n\n<p><\/p>\n","protected":false},"excerpt":{"rendered":"<ul>\n<li><strong>Ergonomi\u0161kas dizainas u\u017etikrina<\/strong> maksimal\u0173 patogum\u0105 \u017eaid\u017eiant.<\/li>\n<li><strong>Puikiai tinka<\/strong> AYANEO Pocket ACE.<\/li>\n<li>Patvari med\u017eiaga <strong>ilgalaikiam naudojimui.<\/strong><\/li>\n<li>Lengvai pritvirtinamas ir nuimamas, kad b\u016bt\u0173 galima <strong>greitai nustatyti.<\/strong><\/li>\n<li>Patobulintas sukibimas, kad b\u016bt\u0173 <strong>geriau valdomas ir tikslesnis.<\/strong><\/li>\n<\/ul>\n[cg_accordion title=\"INFORMACIJA APMOK\u0116JIMUI\"]<\/p>\n<p>Naudojame naujausias mok\u0117jimo apdorojimo technologijas, kurios leid\u017eia greitai ir saugiai atsiskaityti per &#8222;Apple Pay\", &#8222;Google Pay\", debeto \/ kredito kortel\u0119, &#8222;PayPal\" arba BNPL metodus, tokius kaip &#8222;Klarna\", &#8222;Affirm\" arba &#8222;AfterPay\".[\/cg_accordion]\n[cg_accordion title=\"GARANTIJA\"]<\/p>\n<p><a href=\"https:\/\/droix.net\/\" target=\"_blank\" rel=\"nofollow noopener\">DROIX Global suteikia 1 met\u0173 garantij\u0105, kad<\/a> b\u016btum\u0117te ram\u016bs[\/cg_accordion]\n[cg_accordion title=\"KOKYB\u0116S U\u017dTIKRINIMAS IR BANDYMAI PRIE\u0160 I\u0160SIUNTIM\u0104\"]<\/p>\n<p>Auk\u0161\u010diausio lygio klient\u0173 pasitenkinimo u\u017etikrinimas: Prie\u0161 i\u0161siun\u010diant kiekvien\u0105 prietais\u0105 atliekamas grie\u017etas testavimas ir daugiapakopis kokyb\u0117s u\u017etikrinimas. M\u016bs\u0173 komanda tikrina veikim\u0105, funkcionalum\u0105 ir komponent\u0173 vientisum\u0105, kad u\u017etikrintume, jog j\u016bs\u0173 AYANEO prietaisas atvykus b\u016bt\u0173 visi\u0161kai tvarkingas, o j\u016bs b\u016btum\u0117te tikri ir ram\u016bs. [\/cg_accordion]\n[cg_accordion title=\"KAINOS, MOKES\u010cIAI IR PRISTATYMAS\"]<\/p>\n<p><strong><u>Pastaba:<\/u><\/strong><\/p>\n<ul>\n<li>Jungtini\u0173 Amerikos Valstij\u0173 klientai: \u012e rodom\u0105 kain\u0105 N\u0116RA \u012fskai\u010diuoti mokes\u010diai ir muitai. Atsakomyb\u0117 i\u0161muitinti muitin\u0119 ir sumok\u0117ti visus susijusius mokes\u010dius ir muitus tenka klientui. <\/li>\n<li>ES klientai: \u012e nurodyt\u0105 kain\u0105 \u012fskai\u010diuoti taikomi mokes\u010diai, kurie, priklausomai nuo j\u016bs\u0173 \u0161alies, gali siekti iki 25 %.<\/li>\n<li>Kanados klientai: \u012e nurodyt\u0105 kain\u0105 \u012fskai\u010diuoti taikomi mokes\u010diai, kurie, priklausomai nuo j\u016bs\u0173 provincijos, gali apimti 5 % GPM ir papildomus provincijos pardavimo mokes\u010dius (PST), suderint\u0105 pardavimo mokest\u012f (HST) arba Kvebeko pardavimo mokest\u012f (QST).<\/li>\n<\/ul>\n<p><strong>TIK ES klientams:<\/strong> Express DDP (pristatoma sumok\u0117jus muit\u0105). Tai rei\u0161kia: <\/p>\n<ul>\n<li>Visi muitai ir mokes\u010diai \u012fskai\u010diuoti \u012f produkto puslapyje nurodyt\u0105 kain\u0105.<\/li>\n<li>Pristatymo metu jums nereik\u0117s mok\u0117ti joki\u0173 papildom\u0173 mokes\u010di\u0173.<\/li>\n<li>Retais atvejais, kai kyla su muitine susijusi\u0173 problem\u0173, m\u016bs\u0173 komanda pasir\u016bpins muitin\u0117s formalumais j\u016bs\u0173 vardu, kad b\u016bt\u0173 u\u017etikrintas sklandus pristatymas.<\/li>\n<p>Svarbi informacija apie gr\u0105\u017einim\u0105:<\/p>\n<li>Jei nuspr\u0119site gr\u0105\u017einti u\u017esakym\u0105 arba pra\u0161ysite gr\u0105\u017einti pinigus, tur\u0117kite omenyje, kad mokes\u010diai ir muitai, sumok\u0117ti j\u016bs\u0173 vardu pagal DDP s\u0105lygas, negali b\u016bti gr\u0105\u017einami.<\/li>\n<p>I\u0161samesn\u0117s informacijos rasite m\u016bs\u0173 <a href=\"https:\/\/ayaneo.co\/lt\/paslaugu-teikimo-salygos\/\" target=\"_blank\" rel=\"nofollow noopener\">s\u0105lygose ir nuostatose<\/a>.\n<\/ul>\n<p>[\/cg_accordion]\n[cg_accordion title=\"KLIENT\u0172 APTARNAVIMAS\"]<\/p>\n<p>Turite klausim\u0105? U\u017etenka para\u0161yti trump\u0105j\u0105 \u017einut\u0119 ir j\u016bs\u0173 klausimas bus i\u0161spr\u0119stas! [\/cg_accordion]\n[cg_accordion title=\"PAKUOT\u0118 SUDARO\"]<\/p>\n<ul>\n<li>1x AYANEO Pocket ACE rankenos<\/li>\n<\/ul>\n<p>[\/cg_accordion]\n","protected":false},"featured_media":30087,"template":"","meta":{"_acf_changed":false},"product_brand":[],"product_cat":[1186],"product_tag":[],"class_list":{"0":"post-30064","1":"product","2":"type-product","3":"status-publish","4":"has-post-thumbnail","6":"product_cat-priedai","7":"product_shipping_class-low-end","9":"first","10":"outofstock","11":"sale","12":"taxable","13":"shipping-taxable","14":"purchasable","15":"product-type-simple"},"acf":[],"_links":{"self":[{"href":"https:\/\/ayaneo.co\/lt\/wp-json\/wp\/v2\/product\/30064","targetHints":{"allow":["GET"]}}],"collection":[{"href":"https:\/\/ayaneo.co\/lt\/wp-json\/wp\/v2\/product"}],"about":[{"href":"https:\/\/ayaneo.co\/lt\/wp-json\/wp\/v2\/types\/product"}],"wp:featuredmedia":[{"embeddable":true,"href":"https:\/\/ayaneo.co\/lt\/wp-json\/wp\/v2\/media\/30087"}],"wp:attachment":[{"href":"https:\/\/ayaneo.co\/lt\/wp-json\/wp\/v2\/media?parent=30064"}],"wp:term":[{"taxonomy":"product_brand","embeddable":true,"href":"https:\/\/ayaneo.co\/lt\/wp-json\/wp\/v2\/product_brand?post=30064"},{"taxonomy":"product_cat","embeddable":true,"href":"https:\/\/ayaneo.co\/lt\/wp-json\/wp\/v2\/product_cat?post=30064"},{"taxonomy":"product_tag","embeddable":true,"href":"https:\/\/ayaneo.co\/lt\/wp-json\/wp\/v2\/product_tag?post=30064"}],"curies":[{"name":"wp","href":"https:\/\/api.w.org\/{rel}","templated":true}]}}