{"id":33626,"date":"2025-08-20T13:35:38","date_gmt":"2025-08-20T13:35:38","guid":{"rendered":"https:\/\/ayaneo.co\/product\/ayaneo-pocket-s2-ekrano-apsauga\/"},"modified":"2026-01-06T00:30:37","modified_gmt":"2026-01-06T00:30:37","slug":"ayaneo-pocket-s2-ekrano-apsauga","status":"publish","type":"product","link":"https:\/\/ayaneo.co\/lt\/product\/ayaneo-pocket-s2-ekrano-apsauga\/","title":{"rendered":"AYANEO Pocket S2 ekrano apsauga"},"content":{"rendered":"\n<h2 class=\"wp-block-heading\">Produkto ap\u017evalga:<\/h2>\n\n<p><strong>AYANEO Pocket S2 ekrano apsauga yra<\/strong> privalomas priedas, kad &#8222;Pocket S2&#8243; konsol\u0117s ekranas b\u016bt\u0173 nepriekai\u0161tingos b\u016bkl\u0117s. \u0160i ekrano apsauga, sukurta siekiant u\u017etikrinti nepriekai\u0161ting\u0105 ai\u0161kum\u0105 ir tikslum\u0105, u\u017etikrina nenutr\u016bkstam\u0105 \u017eaidim\u0173 patirt\u012f ir kartu apsaugo prietais\u0105 nuo kasdienio nusid\u0117v\u0117jimo. <\/p>\n\n<h2 class=\"wp-block-heading\">Kod\u0117l verta rinktis &#8222;AYANEO Pocket S2&#8243; ekrano apsaug\u0105?<\/h2>\n\n<p>Nesvarbu, ar esate paprastas \u017eaid\u0117jas, ar u\u017ekiet\u0117j\u0119s entuziastas, AYANEO S2 ekrano apsauga u\u017etikrina neprilygstam\u0105 konsol\u0117s ekrano skaidrum\u0105 ir apsaug\u0105. Tiksliai priglud\u0119s, \u012fbr\u0117\u017eimams atsparus pavir\u0161ius ir danga, neleid\u017eianti susitepti, j\u016bs\u0173 \u017eaidim\u0173 vaizdai i\u0161liks kri\u0161tolo skaidrumo, o \u012frenginys bus apsaugotas. <\/p>\n\n<hr class=\"wp-block-separator has-alpha-channel-opacity\"\/>\n\n<h2 class=\"wp-block-heading\">Specifikacijos:<\/h2>\n\n<ul class=\"wp-block-list\">\n<li><strong>Med\u017eiaga:<\/strong> Gr\u016bdintas stiklas arba auk\u0161\u010diausios kokyb\u0117s pl\u0117vel\u0117<\/li>\n\n\n\n<li><strong>Suderinamumas:<\/strong> AYANEO Pocket S2 konsol\u0117<\/li>\n\n\n\n<li><strong>Funkcijos:<\/strong> Nuo \u012fbr\u0117\u017eim\u0173, atsparus d\u0117m\u0117ms ir montavimas be burbuliuk\u0173<\/li>\n<\/ul>\n\n<p>Patobulinkite savo AYANEO Pocket S2 su ekrano apsauga, sukurta tam, kad j\u016bs\u0173 konsol\u0117 atrodyt\u0173 ir veikt\u0173 kuo geriau!<\/p>\n\n<p><\/p>\n","protected":false},"excerpt":{"rendered":"<ul>\n<li><strong>Puikiai tinka<\/strong> AYANEO Pocket S2 ekrano matmenims.<\/li>\n<li><strong>\u012ebr\u0117\u017eimams atsparus pavir\u0161ius<\/strong> u\u017etikrina ilgalaik\u0119 apsaug\u0105.<\/li>\n<li>Itin skaidri med\u017eiaga u\u017etikrina <strong>nepriekai\u0161ting\u0105 \u017eaidim\u0173 vaizd\u0105.<\/strong><\/li>\n<li>Lengvai montuojama <strong>be burbuliuk\u0173.<\/strong><\/li>\n<li><strong>Nuo sutepim\u0173 apsaugota danga, kad<\/strong> ekranas i\u0161likt\u0173 \u0161varus ir ai\u0161kus.<\/li>\n<\/ul>\n[cg_accordion title=\"INFORMACIJA APMOK\u0116JIMUI\"]<\/p>\n<p>Naudojame naujausias mok\u0117jimo apdorojimo technologijas, kurios leid\u017eia greitai ir saugiai atsiskaityti per &#8222;Apple Pay\", &#8222;Google Pay\", debeto \/ kredito kortel\u0119, &#8222;PayPal\" arba BNPL metodus, tokius kaip &#8222;Klarna\", &#8222;Affirm\" arba &#8222;AfterPay\".[\/cg_accordion]\n[cg_accordion title=\"GARANTIJA\"]<\/p>\n<p><a href=\"https:\/\/droix.net\/\" target=\"_blank\" rel=\"nofollow noopener\">DROIX Global suteikia 1 met\u0173 garantij\u0105, kad<\/a> b\u016btum\u0117te ram\u016bs[\/cg_accordion]\n[cg_accordion title=\"KOKYB\u0116S U\u017dTIKRINIMAS IR BANDYMAI PRIE\u0160 I\u0160SIUNTIM\u0104\"]<\/p>\n<p>Auk\u0161\u010diausio lygio klient\u0173 pasitenkinimo u\u017etikrinimas: Prie\u0161 i\u0161siun\u010diant kiekvien\u0105 prietais\u0105 atliekamas grie\u017etas testavimas ir daugiapakopis kokyb\u0117s u\u017etikrinimas. M\u016bs\u0173 komanda tikrina veikim\u0105, funkcionalum\u0105 ir komponent\u0173 vientisum\u0105, kad u\u017etikrintume, jog j\u016bs\u0173 AYANEO prietaisas atvykus b\u016bt\u0173 visi\u0161kai tvarkingas, o j\u016bs b\u016btum\u0117te tikri ir ram\u016bs. [\/cg_accordion]\n[cg_accordion title=\"KAINOS, MOKES\u010cIAI IR PRISTATYMAS\"]<\/p>\n<p><strong><u>Pastaba:<\/u><\/strong><\/p>\n<ul>\n<li>Jungtini\u0173 Amerikos Valstij\u0173 klientai: \u012e rodom\u0105 kain\u0105 N\u0116RA \u012fskai\u010diuoti mokes\u010diai ir muitai. Atsakomyb\u0117 i\u0161muitinti muitin\u0119 ir sumok\u0117ti visus susijusius mokes\u010dius ir muitus tenka klientui. <\/li>\n<li>ES klientai: \u012e nurodyt\u0105 kain\u0105 \u012fskai\u010diuoti taikomi mokes\u010diai, kurie, priklausomai nuo j\u016bs\u0173 \u0161alies, gali siekti iki 25 %.<\/li>\n<li>Kanados klientai: \u012e nurodyt\u0105 kain\u0105 \u012fskai\u010diuoti taikomi mokes\u010diai, kurie, priklausomai nuo j\u016bs\u0173 provincijos, gali apimti 5 % GPM ir papildomus provincijos pardavimo mokes\u010dius (PST), suderint\u0105 pardavimo mokest\u012f (HST) arba Kvebeko pardavimo mokest\u012f (QST).<\/li>\n<\/ul>\n<p><strong>TIK ES klientams:<\/strong> Express DDP (pristatoma sumok\u0117jus muit\u0105). Tai rei\u0161kia: <\/p>\n<ul>\n<li>Visi muitai ir mokes\u010diai \u012fskai\u010diuoti \u012f produkto puslapyje nurodyt\u0105 kain\u0105.<\/li>\n<li>Pristatymo metu jums nereik\u0117s mok\u0117ti joki\u0173 papildom\u0173 mokes\u010di\u0173.<\/li>\n<li>Retais atvejais, kai kyla su muitine susijusi\u0173 problem\u0173, m\u016bs\u0173 komanda pasir\u016bpins muitin\u0117s formalumais j\u016bs\u0173 vardu, kad b\u016bt\u0173 u\u017etikrintas sklandus pristatymas.<\/li>\n<p>Svarbi informacija apie gr\u0105\u017einim\u0105:<\/p>\n<li>Jei nuspr\u0119site gr\u0105\u017einti u\u017esakym\u0105 arba pra\u0161ysite gr\u0105\u017einti pinigus, tur\u0117kite omenyje, kad mokes\u010diai ir muitai, sumok\u0117ti j\u016bs\u0173 vardu pagal DDP s\u0105lygas, negali b\u016bti gr\u0105\u017einami.<\/li>\n<p>I\u0161samesn\u0117s informacijos rasite m\u016bs\u0173 <a href=\"https:\/\/ayaneo.co\/lt\/paslaugu-teikimo-salygos\/\" target=\"_blank\" rel=\"nofollow noopener\">s\u0105lygose ir nuostatose<\/a>.\n<\/ul>\n<p>[\/cg_accordion]\n[cg_accordion title=\"KLIENT\u0172 APTARNAVIMAS\"]<\/p>\n<p>Turite klausim\u0105? U\u017etenka para\u0161yti trump\u0105j\u0105 \u017einut\u0119 ir j\u016bs\u0173 klausimas bus i\u0161spr\u0119stas! [\/cg_accordion]\n[cg_accordion title=\"PAKUOT\u0118 SUDARO\"]<\/p>\n<ul>\n<li>1x AYANEO Pocket S2 ekrano apsauga<\/li>\n<\/ul>\n<p>[\/cg_accordion]\n","protected":false},"featured_media":30522,"template":"","meta":{"_acf_changed":false},"product_brand":[],"product_cat":[1186],"product_tag":[],"class_list":{"0":"post-33626","1":"product","2":"type-product","3":"status-publish","4":"has-post-thumbnail","6":"product_cat-priedai","7":"product_shipping_class-low-end","9":"first","10":"instock","11":"sale","12":"taxable","13":"shipping-taxable","14":"purchasable","15":"product-type-simple"},"acf":[],"_links":{"self":[{"href":"https:\/\/ayaneo.co\/lt\/wp-json\/wp\/v2\/product\/33626","targetHints":{"allow":["GET"]}}],"collection":[{"href":"https:\/\/ayaneo.co\/lt\/wp-json\/wp\/v2\/product"}],"about":[{"href":"https:\/\/ayaneo.co\/lt\/wp-json\/wp\/v2\/types\/product"}],"wp:featuredmedia":[{"embeddable":true,"href":"https:\/\/ayaneo.co\/lt\/wp-json\/wp\/v2\/media\/30522"}],"wp:attachment":[{"href":"https:\/\/ayaneo.co\/lt\/wp-json\/wp\/v2\/media?parent=33626"}],"wp:term":[{"taxonomy":"product_brand","embeddable":true,"href":"https:\/\/ayaneo.co\/lt\/wp-json\/wp\/v2\/product_brand?post=33626"},{"taxonomy":"product_cat","embeddable":true,"href":"https:\/\/ayaneo.co\/lt\/wp-json\/wp\/v2\/product_cat?post=33626"},{"taxonomy":"product_tag","embeddable":true,"href":"https:\/\/ayaneo.co\/lt\/wp-json\/wp\/v2\/product_tag?post=33626"}],"curies":[{"name":"wp","href":"https:\/\/api.w.org\/{rel}","templated":true}]}}