{"id":44808,"date":"2026-01-08T12:04:55","date_gmt":"2026-01-08T12:04:55","guid":{"rendered":"https:\/\/ayaneo.co\/product\/ayaneo-pocket-ds-ekrano-apsauga-tik-apatinis-ekranas\/"},"modified":"2026-04-08T09:14:58","modified_gmt":"2026-04-08T09:14:58","slug":"ayaneo-pocket-ds-ekrano-apsauga-tik-apatinis-ekranas","status":"publish","type":"product","link":"https:\/\/ayaneo.co\/lt\/product\/ayaneo-pocket-ds-ekrano-apsauga-tik-apatinis-ekranas\/","title":{"rendered":"AYANEO Pocket DS ekrano apsauga (tik apatinis ekranas)"},"content":{"rendered":"\n<p>\" <strong>AYANEO Pocket DS<\/strong> \" <strong>ekrano apsauga yra<\/strong> b\u016btinas priedas, skirtas i\u0161laikyti nepriekai\u0161ting\u0105 konsol\u0117s antrinio ekrano b\u016bkl\u0119. \u0160i apsauga, sukurta siekiant u\u017etikrinti didel\u0117s rai\u0161kos ai\u0161kum\u0105 ir tikslum\u0105, apsaugo j\u016bs\u0173 prietais\u0105 nuo kasdienio nusid\u0117v\u0117jimo, nesuma\u017eindama jutiklinio jautrumo. <\/p>\n\n<h2 class=\"wp-block-heading\"><strong>&#x26a0;&#xfe0f; Svarbi suderinamumo pastaba<\/strong><\/h2>\n\n<p>\u0160i ekrano apsauga skirta <strong>TIK 2-ajam (apatiniam) ekranui.<\/strong> &gt; <strong>Pirmajam (vir\u0161utiniam) ekranui:<\/strong> (pirmajam (ekrano) ekranui (2) apsauga n\u0117ra si\u016bloma ir nerekomenduojama, nes d\u0117l didesnio storio prietaisas negal\u0117t\u0173 tinkamai u\u017esidaryti.<\/p>\n\n<h2 class=\"wp-block-heading\">Kod\u0117l verta rinktis &#8222;AYANEO Pocket DS\" ekrano apsaug\u0105?<\/h2>\n\n<p>Nesvarbu, ar nar\u0161ote meniu, ar naudojate antriniame ekrane esan\u010dius jutiklinius valdiklius, \u0161i apsauga u\u017etikrina neprilygstam\u0105 patvarum\u0105. Tiksliai priglud\u0119s ir padengtas specialia danga, j\u016bs\u0173 \u017eaidim\u0173 vaizdas i\u0161liks kri\u0161tolo skaidrumo, o technin\u0117 \u012franga bus apsaugota nuo \u012fbr\u0117\u017eim\u0173 ir tepal\u0173. <\/p>\n\n<h2 class=\"wp-block-heading\">Specifikacijos<\/h2>\n\n<ul class=\"wp-block-list\">\n<li><strong>Suderinamumas:<\/strong> AYANEO Pocket DS konsol\u0117 (apatinis ekranas)<\/li>\n\n\n\n<li><strong>Med\u017eiaga:<\/strong> Auk\u0161\u010diausios kokyb\u0117s gr\u016bdintas stiklas arba auk\u0161tos kokyb\u0117s pl\u0117vel\u0117<\/li>\n\n\n\n<li><strong>Pavir\u0161ius:<\/strong> Atsparus \u012fbr\u0117\u017eimams, atsparus d\u0117m\u0117ms ir itin skaidrus<\/li>\n\n\n\n<li><strong>\u012erengimas:<\/strong> Klijai be burbuliuk\u0173 - vientisas pritaikymas<\/li>\n<\/ul>\n","protected":false},"excerpt":{"rendered":"<ul>\n<li><strong>Tik antrasis ekranas:<\/strong> Pritaikyta specialiai apatiniam ekranui, kad prietaisas b\u016bt\u0173 tinkamai u\u017edarytas.<\/li>\n<li><strong>Apsauga nuo \u012fbr\u0117\u017eim\u0173:<\/strong> Patvarus pavir\u0161ius apsaugo nuo ra\u0161iklio naudojimo ir kasdienio d\u0117v\u0117jimosi.<\/li>\n<li><strong>Kri\u0161tolinis skaidrumas: itin skaidri<\/strong> med\u017eiaga u\u017etikrina ry\u0161k\u0173, nepertraukiam\u0105 \u017eaidim\u0173 vaizd\u0105.<\/li>\n<li><strong>Atsparus d\u0117m\u0117ms:<\/strong> Oleofobin\u0117 danga apsaugo jutiklin\u012f ekran\u0105 nuo pir\u0161t\u0173 atspaud\u0173 ir tepal\u0173.<\/li>\n<li><strong>Lengvas taikymas:<\/strong> Greitas montavimas be burbuliuk\u0173, u\u017etikrinantis vientis\u0105 ir profesional\u0173 montavim\u0105.<\/li>\n<\/ul>\n[cg_accordion title=\"INFORMACIJA APMOK\u0116JIMUI\"]<\/p>\n<p>Naudojame naujausias mok\u0117jimo apdorojimo technologijas, kurios leid\u017eia greitai ir saugiai atsiskaityti per &#8222;Apple Pay\", &#8222;Google Pay\", debeto \/ kredito kortel\u0119, &#8222;PayPal\" arba BNPL metodus, tokius kaip &#8222;Klarna\", &#8222;Affirm\" arba &#8222;AfterPay\".[\/cg_accordion]\n[cg_accordion title=\"GARANTIJA\"]<\/p>\n<p><a href=\"https:\/\/droix.net\/\" target=\"_blank\" rel=\"nofollow noopener\">DROIX Global suteikia 1 met\u0173 garantij\u0105, kad<\/a> b\u016btum\u0117te ram\u016bs[\/cg_accordion]\n[cg_accordion title=\"KOKYB\u0116S U\u017dTIKRINIMAS IR BANDYMAI PRIE\u0160 I\u0160SIUNTIM\u0104\"]<\/p>\n<p>Auk\u0161\u010diausio lygio klient\u0173 pasitenkinimo u\u017etikrinimas: Prie\u0161 i\u0161siun\u010diant kiekvien\u0105 prietais\u0105 atliekamas grie\u017etas testavimas ir daugiapakopis kokyb\u0117s u\u017etikrinimas. M\u016bs\u0173 komanda tikrina veikim\u0105, funkcionalum\u0105 ir komponent\u0173 vientisum\u0105, kad u\u017etikrintume, jog j\u016bs\u0173 AYANEO prietaisas atvykus b\u016bt\u0173 visi\u0161kai tvarkingas, o j\u016bs b\u016btum\u0117te tikri ir ram\u016bs. [\/cg_accordion]\n[cg_accordion title=\"KAINOS, MOKES\u010cIAI IR PRISTATYMAS\"]<\/p>\n<p><strong><u>Pastaba:<\/u><\/strong><\/p>\n<ul>\n<li>Jungtini\u0173 Amerikos Valstij\u0173 klientai: \u012e rodom\u0105 kain\u0105 N\u0116RA \u012fskai\u010diuoti mokes\u010diai ir muitai. Atsakomyb\u0117 i\u0161muitinti muitin\u0119 ir sumok\u0117ti visus susijusius mokes\u010dius ir muitus tenka klientui. <\/li>\n<li>ES klientai: \u012e nurodyt\u0105 kain\u0105 \u012fskai\u010diuoti taikomi mokes\u010diai, kurie, priklausomai nuo j\u016bs\u0173 \u0161alies, gali siekti iki 25 %.<\/li>\n<li>Kanados klientai: \u012e nurodyt\u0105 kain\u0105 \u012fskai\u010diuoti taikomi mokes\u010diai, kurie, priklausomai nuo j\u016bs\u0173 provincijos, gali apimti 5 % GPM ir papildomus provincijos pardavimo mokes\u010dius (PST), suderint\u0105 pardavimo mokest\u012f (HST) arba Kvebeko pardavimo mokest\u012f (QST).<\/li>\n<\/ul>\n<p>M\u016bs\u0173 JAV klientams: U\u017esakymai i\u0161siun\u010diami DAP (pristatomi vietoje). Nors klientai yra atsakingi u\u017e vis\u0173 taikom\u0173 tarif\u0173 sumok\u0117jim\u0105, mes remiam\u0117s savo didele siuntimo i\u0161 Jungtin\u0117s Karalyst\u0117s patirtimi, kad u\u017etikrintume, jog mok\u0117site kuo ma\u017eesn\u012f mokest\u012f. Remiantis m\u016bs\u0173 duomenimis, \u0161ie mokes\u010diai paprastai nevir\u0161ija 10 % prek\u0117s vert\u0117s.  <\/p>\n<p><strong>TIK ES klientams:<\/strong> Express DDP (pristatoma sumok\u0117jus muit\u0105). Tai rei\u0161kia: <\/p>\n<ul>\n<li>Visi muitai ir mokes\u010diai \u012fskai\u010diuoti \u012f produkto puslapyje nurodyt\u0105 kain\u0105.<\/li>\n<li>Pristatymo metu jums nereik\u0117s mok\u0117ti joki\u0173 papildom\u0173 mokes\u010di\u0173.<\/li>\n<li>Retais atvejais, kai kyla su muitine susijusi\u0173 problem\u0173, m\u016bs\u0173 komanda pasir\u016bpins muitin\u0117s formalumais j\u016bs\u0173 vardu, kad b\u016bt\u0173 u\u017etikrintas sklandus pristatymas.<\/li>\n<p>Svarbi informacija apie gr\u0105\u017einim\u0105:<\/p>\n<li>Jei nuspr\u0119site gr\u0105\u017einti u\u017esakym\u0105 arba pra\u0161ysite gr\u0105\u017einti pinigus, tur\u0117kite omenyje, kad mokes\u010diai ir muitai, sumok\u0117ti j\u016bs\u0173 vardu pagal DDP s\u0105lygas, negali b\u016bti gr\u0105\u017einami.<\/li>\n<p>I\u0161samesn\u0117s informacijos rasite m\u016bs\u0173 <a href=\"https:\/\/ayaneo.co\/lt\/paslaugu-teikimo-salygos\/\" target=\"_blank\" rel=\"nofollow noopener\">s\u0105lygose ir nuostatose<\/a>.\n<\/ul>\n<p>[\/cg_accordion]\n[cg_accordion title=\"KLIENT\u0172 APTARNAVIMAS\"]<\/p>\n<p>Turite klausim\u0105? U\u017etenka para\u0161yti trump\u0105j\u0105 \u017einut\u0119 ir j\u016bs\u0173 klausimas bus i\u0161spr\u0119stas! [\/cg_accordion]\n[cg_accordion title=\"PAKUOT\u0118 SUDARO\"]<\/p>\n<ul>\n<li>1x AYANEO Pocket DS ekrano apsauga<\/li>\n<\/ul>\n<p>[\/cg_accordion]\n","protected":false},"featured_media":43481,"template":"","meta":{"_acf_changed":false},"product_brand":[],"product_cat":[1186],"product_tag":[],"class_list":{"0":"post-44808","1":"product","2":"type-product","3":"status-publish","4":"has-post-thumbnail","6":"product_cat-priedai","7":"product_shipping_class-low-end","8":"pa_accessory-type-screen-protector-lt","9":"pa_brand-ayaneo","11":"first","12":"instock","13":"sale","14":"taxable","15":"shipping-taxable","16":"purchasable","17":"product-type-simple"},"acf":[],"_links":{"self":[{"href":"https:\/\/ayaneo.co\/lt\/wp-json\/wp\/v2\/product\/44808","targetHints":{"allow":["GET"]}}],"collection":[{"href":"https:\/\/ayaneo.co\/lt\/wp-json\/wp\/v2\/product"}],"about":[{"href":"https:\/\/ayaneo.co\/lt\/wp-json\/wp\/v2\/types\/product"}],"wp:featuredmedia":[{"embeddable":true,"href":"https:\/\/ayaneo.co\/lt\/wp-json\/wp\/v2\/media\/43481"}],"wp:attachment":[{"href":"https:\/\/ayaneo.co\/lt\/wp-json\/wp\/v2\/media?parent=44808"}],"wp:term":[{"taxonomy":"product_brand","embeddable":true,"href":"https:\/\/ayaneo.co\/lt\/wp-json\/wp\/v2\/product_brand?post=44808"},{"taxonomy":"product_cat","embeddable":true,"href":"https:\/\/ayaneo.co\/lt\/wp-json\/wp\/v2\/product_cat?post=44808"},{"taxonomy":"product_tag","embeddable":true,"href":"https:\/\/ayaneo.co\/lt\/wp-json\/wp\/v2\/product_tag?post=44808"}],"curies":[{"name":"wp","href":"https:\/\/api.w.org\/{rel}","templated":true}]}}