{"id":44924,"date":"2026-02-03T13:07:54","date_gmt":"2026-02-03T13:07:54","guid":{"rendered":"https:\/\/ayaneo.co\/product\/biwin-mini-ssd\/"},"modified":"2026-02-12T09:58:45","modified_gmt":"2026-02-12T09:58:45","slug":"biwin-mini-ssd","status":"publish","type":"product","link":"https:\/\/ayaneo.co\/lt\/product\/biwin-mini-ssd\/","title":{"rendered":"BIWIN mini SSD"},"content":{"rendered":"\n<h2 class=\"wp-block-heading\">BIWIN Mini SSD: Nauja saugojimo na\u0161umo era<\/h2>\n\n<p>Labai konkurencingame ne\u0161iojam\u0173j\u0173 duomen\u0173 saugykl\u0173 pasaulyje BIWIN <strong>Mini SSD<\/strong> diskas <strong>tampa<\/strong> tikra j\u0117gaine, pasi\u017eymin\u010dia elitiniu na\u0161umu ir tvirtu patvarumu, kad patenkint\u0173 kiekvieno reiklaus naudotojo poreikius. \u0160is \u012frenginys - tai bekompromis\u0117s spartos parei\u0161kimas, kuris yra itin kompakti\u0161kos saugyklos technologijos \u0161uolis \u012f priek\u012f. BIWIN Mini SSD yra dizaino ir galios stebuklas, si\u016blantis pavyzdinio lygio duomen\u0173 perdavimo patirt\u012f, neprilygstam\u0105 ne\u0161iojamum\u0105 ir novatori\u0161k\u0173 funkcij\u0173 rinkin\u012f, d\u0117l kurio jis yra rinkos vir\u0161\u016bn\u0117je. \u0160is diskas sukurtas profesionalams ir entuziastams, kuriems reikia elitin\u0117s spartos ir auk\u0161\u010diausios kokyb\u0117s, daugyb\u0119 funkcij\u0173 turin\u010dio sprendimo, tod\u0117l \u0161is diskas griauna duomen\u0173 tvarkymo keliaujant ribas.   <\/p>\n\n<p>&#8222;BIWIN Mini SSD\" yra inovacij\u0173 titanas auk\u0161\u010diausios klas\u0117s kompakti\u0161k\u0173 saugojimo \u012frengini\u0173 srityje. Naudojant pa\u017eangiausias <strong>PCIe Gen4x2 ir<\/strong> <strong>NVMe 1.4 technologijas<\/strong>, &#8222;Mini SSD\" u\u017etikrina kvap\u0105 gniau\u017eiant\u012f na\u0161um\u0105 - nuosekliojo skaitymo <strong>greitis<\/strong> siekia iki 3700 MB\/s <strong>, o \u012fra\u0161ymo - iki<\/strong> 3400 MB\/s. Tokia sparta vir\u0161ija tradicini\u0173 &#8222;microSD\" korteli\u0173 na\u0161umo ribas, tod\u0117l &#8222;Mini SSD\" tampa prana\u0161esniu ir greitesniu pakaitalu. Tokia galia telpa itin kompakti\u0161kame korpuse - vos <strong>15,0 mm \u00d7 17,0 mm \u00d7 1,4 mm, o tai \u012fmanoma d\u0117l pa\u017eangios<\/strong>LGA (Land Grid Array) <a href=\"https:\/\/en.wikipedia.org\/wiki\/Land_grid_array\" target=\"_blank\" rel=\"noopener nofollow\" title=\"\">pakuot\u0117s.<\/a>    <\/p>\n\n<p>Didel\u0117s talpos, \u012fskaitant <strong>512 GB, 1 TB ir 2 TB, &#8222;Mini<\/strong> SSD <strong>&#8222;<\/strong> u\u017etikrina i\u0161skirtin\u0119 saugykl\u0105, skirt\u0105 reikliems darbo kr\u016bviams, pavyzd\u017eiui, bendradarbiavimui debesyje ir duomen\u0173 apdorojimui realiuoju laiku.<\/p>\n\n<h2 class=\"wp-block-heading\"><strong>Pastaba apie ne\u0161iojamojo kompiuterio veikim\u0105<\/strong><\/h2>\n\n<p>Konkre\u010di\u0173 pagrindini\u0173 \u012frengini\u0173 naudotojams svarbu atkreipti d\u0117mes\u012f \u012f tai, kad nors &#8222;Mini SSD\" u\u017etikrina did\u017eiausi\u0105 teorin\u0119 3700 MB\/s spart\u0105, jo na\u0161um\u0105 realiame pasaulyje riboja pagrindinio \u012frenginio lizdo specifikacijos. Pavyzd\u017eiui, kai diskas montuojamas \u012f suderinamus \u017eaidim\u0173 ki\u0161eninius kompiuterius, jo greitis paprastai b\u016bna ribotas, nes \u012frenginyje naudojama mini PCIe 4&#215;1 <strong>konfig\u016bracija (o<\/strong> ne visa 4&#215;2 specifikacija). Remiantis &#8222;CrystalDiskMark\" bandymais, naudotojai gali tik\u0117tis, kad vidutin\u0117 skaitymo ir ra\u0161ymo sparta bus apie 1700 <strong>MB\/s.<\/strong> Tai vis dar u\u017etikrina patikim\u0105 ir greit\u0105 veikim\u0105, gerokai vir\u0161ijant\u012f microSD alternatyvas, nors ir neatspindi absoliu\u010diai did\u017eiausio teorinio disko potencialo.   <\/p>\n\n<p>\u012erenginys sukurtas siekiant u\u017etikrinti bekompromis\u012f patikimum\u0105, turi tvirt\u0105 konstrukcij\u0105 ir IP68 <strong>klas\u0119, u\u017etikrinan\u010di\u0105 visapusi\u0161k\u0105<\/strong> apsaug\u0105 <strong>nuo<\/strong> dulki\u0173 ir vandens, tod\u0117l yra pritaikytas at\u0161iauriausioms s\u0105lygoms. Nepakartojam\u0105 duomen\u0173 patikimum\u0105 u\u017etikrina pa\u017eangi programin\u0117 \u012franga, \u012fskaitant dinamin\u0119 SLC spartinan\u010di\u0105j\u0105 atmintin\u0119 ir nusid\u0117v\u0117jimo i\u0161lyginim\u0105, o patvarum\u0105 sustiprina LGA pakuot\u0117, leid\u017eianti atlaikyti kritim\u0105 i\u0161 iki 3 metr\u0173 auk\u0161\u010dio. D\u0117l savo universalios modulin\u0117s lizd\u0173 konstrukcijos tai yra patvarus ir ateities poreikiams pritaikytas kompanionas, skirtas naudoti mobiliuosiuose \u012frenginiuose, \u017eaidim\u0173 delninukuose (pvz., GPD WIN 5 ir ONEXPLAYER Super X) ir kra\u0161tiniuose kompiuteriuose.  <\/p>\n","protected":false},"excerpt":{"rendered":"\n<ul>\n<li>S\u0105saja: <strong>PCIe Gen4x2 su<\/strong> **NVMe 1.4** protokolu<\/li>\n<li>Formos faktorius: <strong>Itin kompakti\u0161kas LGA paketas (<\/strong> 15,0 mm \u00d7 17,0 mm \u00d7 1,4 mm)<\/li>\n<li>Veikimas: Iki **3 700 MB\/s skaitymui** \/ iki **3 400 MB\/s \u012fra\u0161ymui**<\/li>\n<li>Talpa: 512 GB, 1 TB arba 2 TB 3D TLC NAND<\/li>\n<li>Patvarumas: <strong>IP68<\/strong> atsparumas <strong>dulk\u0117ms<\/strong> ir vandeniui \/ **3 metr\u0173 kritimas** I\u0161likimas<\/li>\n<li>Technologijos: Dinamin\u0117 **SLC spartinan\u010dioji atmintis** ir **D\u0117v\u0117jimo i\u0161lyginimas**<\/li>\n<\/ul>\n[cg_accordion title=\"INFORMACIJA APMOK\u0116JIMUI\"]<\/p>\n<p>Naudojame naujausias mok\u0117jimo apdorojimo technologijas, kurios leid\u017eia greitai ir saugiai atsiskaityti per &#8222;Apple Pay\", &#8222;Google Pay\", debeto \/ kredito kortel\u0119, &#8222;PayPal\" arba BNPL metodus, tokius kaip &#8222;Klarna\", &#8222;Affirm\" arba &#8222;AfterPay\".[\/cg_accordion]\n[cg_accordion title=\"GARANTIJA\"]<\/p>\n<p><a href=\"https:\/\/droix.net\/\" target=\"_blank\" rel=\"nofollow noopener\">DROIX Global suteikia 1 met\u0173 garantij\u0105, kad<\/a> b\u016btum\u0117te ram\u016bs[\/cg_accordion]\n[cg_accordion title=\"KOKYB\u0116S U\u017dTIKRINIMAS IR BANDYMAI PRIE\u0160 I\u0160SIUNTIM\u0104\"]<\/p>\n<p>Auk\u0161\u010diausio lygio klient\u0173 pasitenkinimo u\u017etikrinimas: Prie\u0161 i\u0161siun\u010diant kiekvien\u0105 prietais\u0105 atliekamas grie\u017etas testavimas ir daugiapakopis kokyb\u0117s u\u017etikrinimas. M\u016bs\u0173 komanda tikrina veikim\u0105, funkcionalum\u0105 ir komponent\u0173 vientisum\u0105, kad u\u017etikrintume, jog j\u016bs\u0173 AYANEO prietaisas atvykus b\u016bt\u0173 visi\u0161kai tvarkingas, o j\u016bs b\u016btum\u0117te tikri ir ram\u016bs. [\/cg_accordion]\n[cg_accordion title=\"KAINOS, MOKES\u010cIAI IR PRISTATYMAS\"]<\/p>\n<p><strong><u>Pastaba:<\/u><\/strong><\/p>\n<ul>\n<li>Jungtini\u0173 Amerikos Valstij\u0173 klientai: \u012e rodom\u0105 kain\u0105 N\u0116RA \u012fskai\u010diuoti mokes\u010diai ir muitai. Atsakomyb\u0117 i\u0161muitinti muitin\u0119 ir sumok\u0117ti visus susijusius mokes\u010dius ir muitus tenka klientui. <\/li>\n<li>ES klientai: \u012e nurodyt\u0105 kain\u0105 \u012fskai\u010diuoti taikomi mokes\u010diai, kurie, priklausomai nuo j\u016bs\u0173 \u0161alies, gali siekti iki 25 %.<\/li>\n<li>Kanados klientai: \u012e nurodyt\u0105 kain\u0105 \u012fskai\u010diuoti taikomi mokes\u010diai, kurie, priklausomai nuo j\u016bs\u0173 provincijos, gali apimti 5 % GPM ir papildomus provincijos pardavimo mokes\u010dius (PST), suderint\u0105 pardavimo mokest\u012f (HST) arba Kvebeko pardavimo mokest\u012f (QST).<\/li>\n<\/ul>\n<p>M\u016bs\u0173 JAV klientams: U\u017esakymai i\u0161siun\u010diami DAP (pristatomi vietoje). Nors klientai yra atsakingi u\u017e vis\u0173 taikom\u0173 tarif\u0173 sumok\u0117jim\u0105, mes remiam\u0117s savo didele siuntimo i\u0161 Jungtin\u0117s Karalyst\u0117s patirtimi, kad u\u017etikrintume, jog mok\u0117site kuo ma\u017eesn\u012f mokest\u012f. Remiantis m\u016bs\u0173 duomenimis, \u0161ie mokes\u010diai paprastai nevir\u0161ija 10 % prek\u0117s vert\u0117s.  <\/p>\n<p><strong>TIK ES klientams:<\/strong> Express DDP (pristatoma sumok\u0117jus muit\u0105). Tai rei\u0161kia: <\/p>\n<ul>\n<li>Visi muitai ir mokes\u010diai \u012fskai\u010diuoti \u012f produkto puslapyje nurodyt\u0105 kain\u0105.<\/li>\n<li>Pristatymo metu jums nereik\u0117s mok\u0117ti joki\u0173 papildom\u0173 mokes\u010di\u0173.<\/li>\n<li>Retais atvejais, kai kyla su muitine susijusi\u0173 problem\u0173, m\u016bs\u0173 komanda pasir\u016bpins muitin\u0117s formalumais j\u016bs\u0173 vardu, kad b\u016bt\u0173 u\u017etikrintas sklandus pristatymas.<\/li>\n<p>Svarbi informacija apie gr\u0105\u017einim\u0105:<\/p>\n<li>Jei nuspr\u0119site gr\u0105\u017einti u\u017esakym\u0105 arba pra\u0161ysite gr\u0105\u017einti pinigus, tur\u0117kite omenyje, kad mokes\u010diai ir muitai, sumok\u0117ti j\u016bs\u0173 vardu pagal DDP s\u0105lygas, negali b\u016bti gr\u0105\u017einami.<\/li>\n<p>I\u0161samesn\u0117s informacijos rasite m\u016bs\u0173 <a href=\"https:\/\/ayaneo.co\/lt\/paslaugu-teikimo-salygos\/\" target=\"_blank\" rel=\"nofollow noopener\">s\u0105lygose ir nuostatose<\/a>.\n<\/ul>\n<p>[\/cg_accordion]\n[cg_accordion title=\"KLIENT\u0172 APTARNAVIMAS\"]<\/p>\n<p>Turite klausim\u0105? U\u017etenka para\u0161yti trump\u0105j\u0105 \u017einut\u0119 ir j\u016bs\u0173 klausimas bus i\u0161spr\u0119stas! [\/cg_accordion]\n[cg_accordion title=\"PAKUOT\u0118 SUDARO\"]<\/p>\n<ul>\n<li>1x BIWIN mini SSD diskas<\/li>\n<\/ul>\n<p>[\/cg_accordion]\n","protected":false},"featured_media":44145,"template":"","meta":{"_acf_changed":false},"product_brand":[],"product_cat":[1186],"product_tag":[],"class_list":{"0":"post-44924","1":"product","2":"type-product","3":"status-publish","4":"has-post-thumbnail","6":"product_cat-priedai","7":"product_shipping_class-low-end","8":"pa_brand-biwin","10":"first","11":"instock","12":"taxable","13":"shipping-taxable","14":"purchasable","15":"product-type-variable","16":"has-default-attributes"},"acf":[],"_links":{"self":[{"href":"https:\/\/ayaneo.co\/lt\/wp-json\/wp\/v2\/product\/44924","targetHints":{"allow":["GET"]}}],"collection":[{"href":"https:\/\/ayaneo.co\/lt\/wp-json\/wp\/v2\/product"}],"about":[{"href":"https:\/\/ayaneo.co\/lt\/wp-json\/wp\/v2\/types\/product"}],"wp:featuredmedia":[{"embeddable":true,"href":"https:\/\/ayaneo.co\/lt\/wp-json\/wp\/v2\/media\/44145"}],"wp:attachment":[{"href":"https:\/\/ayaneo.co\/lt\/wp-json\/wp\/v2\/media?parent=44924"}],"wp:term":[{"taxonomy":"product_brand","embeddable":true,"href":"https:\/\/ayaneo.co\/lt\/wp-json\/wp\/v2\/product_brand?post=44924"},{"taxonomy":"product_cat","embeddable":true,"href":"https:\/\/ayaneo.co\/lt\/wp-json\/wp\/v2\/product_cat?post=44924"},{"taxonomy":"product_tag","embeddable":true,"href":"https:\/\/ayaneo.co\/lt\/wp-json\/wp\/v2\/product_tag?post=44924"}],"curies":[{"name":"wp","href":"https:\/\/api.w.org\/{rel}","templated":true}]}}