{"id":47588,"date":"2026-02-16T12:19:52","date_gmt":"2026-02-16T12:19:52","guid":{"rendered":"https:\/\/ayaneo.co\/product\/usb-4-0-c-tipo-kabelis-2\/"},"modified":"2026-04-24T10:33:37","modified_gmt":"2026-04-24T10:33:37","slug":"usb-4-0-c-tipo-kabelis-2","status":"publish","type":"product","link":"https:\/\/ayaneo.co\/lt\/product\/usb-4-0-c-tipo-kabelis-2\/","title":{"rendered":"USB 4.0 C tipo kabelis"},"content":{"rendered":"\n<h2 class=\"wp-block-heading\"><strong>USB4 kabelis USB C: geriausias &#8222;Thunderbolt 4&#8243; maitinimo ir duomen\u0173 perdavimo sprendimas<\/strong><\/h2>\n\n<p>USB4 kabelis USB C - tai auk\u0161tos kokyb\u0117s jung\u010di\u0173 sprendimas, sukurtas taip, kad atitikt\u0173 grie\u017etus \u0161iuolaikini\u0173 profesionali\u0173 ir \u017eaidim\u0173 \u012frengini\u0173 reikalavimus. Nesvarbu, ar jungiate auk\u0161tos klas\u0117s &#8222;MacBook\", eGPU, ar didel\u0117s spartos SSD, \u0161is kabelis u\u017etikrina, kad j\u016bs\u0173 aparatin\u0117 \u012franga veikt\u0173 maksimaliai. Integruodamas naujausius &#8222;Thunderbolt 4&#8243; standartus, jis yra universalus tiltas visiems j\u016bs\u0173 C tipo \u012frenginiams ir u\u017etikrina neprilygstam\u0105 universalum\u0105 viename eleganti\u0161kame pakete.  <\/p>\n\n<hr class=\"wp-block-separator has-alpha-channel-opacity\"\/>\n\n<h2 class=\"wp-block-heading\"><strong>Patirkite mil\u017eini\u0161k\u0105 greit\u012f su 40 Gb\/s USB4 kabeliu USB C<\/strong><\/h2>\n\n<p>\u0160iuo kabeliu duomen\u0173 perdavimas pasiekia naujas auk\u0161tumas, nes u\u017etikrina iki 40 Gb\/s greit\u012f. Tai yra gerokai grei\u010diau nei standartiniai USB-C alternatyv\u016bs kabeliai, tod\u0117l did\u017eiulius failus galite perkelti per kelias sekundes, o ne minutes. Kadangi jis visi\u0161kai suderinamas su &#8222;Thunderbolt 3&#8243; ir USB 3.2, galite j\u012f naudoti \u012fvairioje senesn\u0117je ir modernioje aparatin\u0117je \u012frangoje neprarasdami na\u0161umo.  <\/p>\n\n<h2 class=\"wp-block-heading\"><strong>Spartus 240 W galios maitinimo tiekimas didelio na\u0161umo ne\u0161iojamiesiems kompiuteriams<\/strong><\/h2>\n\n<p>\u012erengini\u0173 maitinimas yra toks pat efektyvus, kaip ir duomen\u0173 perdavimas. USB4 kabelis USB C palaiko PD 3.1 EPR, tod\u0117l galima spar\u010diai \u012fkrauti 240 W (48 V\/5 A). Tai rei\u0161kia, kad jis gali lengvai patenkinti 16 coli\u0173 &#8222;MacBook Pro\" ar naujausi\u0173 \u017eaidim\u0173 ne\u0161iojam\u0173j\u0173 kompiuteri\u0173 energijos poreikius. Kad b\u016bt\u0173 u\u017etikrintas saugumas toki\u0173 auk\u0161tos \u012ftampos perdavim\u0173 metu, kabelyje \u012fmontuota &#8222;E-Marker\" mikroschema, kuri protingai valdo energijos sraut\u0105 ir apsaugo nuo perkaitimo.   <\/p>\n\n<hr class=\"wp-block-separator has-alpha-channel-opacity\"\/>\n\n<h2 class=\"wp-block-heading\"><strong>Puikus vaizdas su 8K60Hz ir dvigubu 4K palaikymu<\/strong><\/h2>\n\n<p>Jei esate k\u016brybos profesionalas arba \u017eaidim\u0173 entuziastas, \u0161io USB4 kabelio USB C vaizdo \u012fra\u0161ymo galimyb\u0117s jus su\u017eav\u0117s. Jis palaiko vien\u0105 8K Ultra HD ekran\u0105 su skland\u017eiu 60 Hz atnaujinimo da\u017eniu, tod\u0117l kiekviena detal\u0117 perteikiama ry\u0161kiai. Kabeliu taip pat galima prijungti du 4K monitorius, tod\u0117l jis yra nepakei\u010diamas \u012frankis daugiafunkc\u0117ms ir \u012ftraukian\u010dioms darbo vietoms.  <\/p>\n\n<h2 class=\"wp-block-heading\"><strong>Tvirta surinkimo kokyb\u0117 ir universalus suderinamumas<\/strong><\/h2>\n\n<p>Patvarumas yra svarbiausias dizaino elementas. Kabelis pagamintas i\u0161 PVC ir 48 vij\u0173 nailono pynimo, kuris specialiai sukurtas taip, kad atlaikyt\u0173 daugiau kaip 10 000 lenkim\u0173. Be to, aliuminio lydinio apvalkalas suteikia auk\u0161\u010diausios kokyb\u0117s poj\u016bt\u012f ir kartu apsaugo vidin\u0119 vario be deguonies \u0161erd\u012f. Tokia tvirta konstrukcija u\u017etikrina, kad USB4 kabelis USB C ilgus metus i\u0161liks patikima j\u016bs\u0173 rinkinio dalis.   <\/p>\n\n<hr class=\"wp-block-separator has-alpha-channel-opacity\"\/>\n\n<h2 class=\"wp-block-heading\"><strong>Apsaugokite savo USB4 kabel\u012f USB C \u0161iandien<\/strong><\/h2>\n\n<p>Neleiskite, kad l\u0117ta duomen\u0173 perdavimo sparta ar silpnas \u012fkrovimas ilgiau stabdyt\u0173 j\u016bs\u0173 s\u0105rank\u0105. \u0160is auk\u0161\u010diausios kokyb\u0117s kabelis - tai galutinis atnaujinimas visiems, kurie naudoja 15 serijos &#8222;iPhone\", &#8222;iPad Pro\" ar na\u0161\u0173 kompiuter\u012f. \u0160ios konkre\u010dios 240 W &#8222;Thunderbolt 4&#8243; specifikacijos paklausa yra didel\u0117, tod\u0117l veikite dabar, kad garantuotum\u0117te, jog sav\u0105j\u012f gausite laiku. Apsilankykite m\u016bs\u0173 parduotuv\u0117je jau \u0161iandien ir i\u0161bandykite ry\u0161io ateit\u012f bei u\u017etikrinkite, kad j\u016bs\u0173 \u012frenginiai visada veikt\u0173 visu paj\u0117gumu!   <\/p>\n","protected":false},"excerpt":{"rendered":"<ul>\n<li><strong>40 Gb\/s duomenys -<\/strong> itin greitas did\u017eiuli\u0173 fail\u0173 perdavimas.<\/li>\n<li><strong>240 W \u012fkrovimas -<\/strong> PD 3.1, skirtas didelio na\u0161umo ne\u0161iojamiesiems kompiuteriams.<\/li>\n<li><strong>8K60Hz vaizdo \u012fra\u0161as -<\/strong> &#8222;Sharp\" 8K arba dvigubo 4K ekrano palaikymas.<\/li>\n<li><strong>&#8222;E-Marker Chip\" -<\/strong> i\u0161manioji sauga, u\u017etikrinanti stabil\u0173 energijos tiekim\u0105.<\/li>\n<li><strong>Pinta konstrukcija -<\/strong> sustiprintas nailono ir aliuminio apvalkalas.<\/li>\n<\/ul>\n[cg_accordion title=\"INFORMACIJA APMOK\u0116JIMUI\"]<\/p>\n<p>Naudojame naujausias mok\u0117jimo apdorojimo technologijas, kurios leid\u017eia greitai ir saugiai atsiskaityti per &#8222;Apple Pay\", &#8222;Google Pay\", debeto \/ kredito kortel\u0119, &#8222;PayPal\" arba BNPL metodus, tokius kaip &#8222;Klarna\", &#8222;Affirm\" arba &#8222;AfterPay\".[\/cg_accordion]\n[cg_accordion title=\"GARANTIJA\"]<\/p>\n<p><a href=\"https:\/\/droix.net\/\" target=\"_blank\" rel=\"nofollow noopener\">DROIX Global suteikia 1 met\u0173 garantij\u0105, kad<\/a> b\u016btum\u0117te ram\u016bs[\/cg_accordion]\n[cg_accordion title=\"KOKYB\u0116S U\u017dTIKRINIMAS IR BANDYMAI PRIE\u0160 I\u0160SIUNTIM\u0104\"]<\/p>\n<p>Auk\u0161\u010diausio lygio klient\u0173 pasitenkinimo u\u017etikrinimas: Prie\u0161 i\u0161siun\u010diant kiekvien\u0105 prietais\u0105 atliekamas grie\u017etas testavimas ir daugiapakopis kokyb\u0117s u\u017etikrinimas. M\u016bs\u0173 komanda tikrina veikim\u0105, funkcionalum\u0105 ir komponent\u0173 vientisum\u0105, kad u\u017etikrintume, jog j\u016bs\u0173 AYANEO prietaisas atvykus b\u016bt\u0173 visi\u0161kai tvarkingas, o j\u016bs b\u016btum\u0117te tikri ir ram\u016bs. [\/cg_accordion]\n[cg_accordion title=\"KAINOS, MOKES\u010cIAI IR PRISTATYMAS\"]<\/p>\n<p><strong><u>Pastaba:<\/u><\/strong><\/p>\n<ul>\n<li>Jungtini\u0173 Amerikos Valstij\u0173 klientai: \u012e rodom\u0105 kain\u0105 N\u0116RA \u012fskai\u010diuoti mokes\u010diai ir muitai. Atsakomyb\u0117 i\u0161muitinti muitin\u0119 ir sumok\u0117ti visus susijusius mokes\u010dius ir muitus tenka klientui. <\/li>\n<li>ES klientai: \u012e nurodyt\u0105 kain\u0105 \u012fskai\u010diuoti taikomi mokes\u010diai, kurie, priklausomai nuo j\u016bs\u0173 \u0161alies, gali siekti iki 25 %.<\/li>\n<li>Kanados klientai: \u012e nurodyt\u0105 kain\u0105 \u012fskai\u010diuoti taikomi mokes\u010diai, kurie, priklausomai nuo j\u016bs\u0173 provincijos, gali apimti 5 % GPM ir papildomus provincijos pardavimo mokes\u010dius (PST), suderint\u0105 pardavimo mokest\u012f (HST) arba Kvebeko pardavimo mokest\u012f (QST).<\/li>\n<\/ul>\n<p>M\u016bs\u0173 JAV klientams: U\u017esakymai i\u0161siun\u010diami DAP (pristatomi vietoje). Nors klientai yra atsakingi u\u017e vis\u0173 taikom\u0173 tarif\u0173 sumok\u0117jim\u0105, mes remiam\u0117s savo didele siuntimo i\u0161 Jungtin\u0117s Karalyst\u0117s patirtimi, kad u\u017etikrintume, jog mok\u0117site kuo ma\u017eesn\u012f mokest\u012f. Remiantis m\u016bs\u0173 duomenimis, \u0161ie mokes\u010diai paprastai nevir\u0161ija 10 % prek\u0117s vert\u0117s.  <\/p>\n<p><strong>TIK ES klientams:<\/strong> Express DDP (pristatoma sumok\u0117jus muit\u0105). Tai rei\u0161kia: <\/p>\n<ul>\n<li>Visi muitai ir mokes\u010diai \u012fskai\u010diuoti \u012f produkto puslapyje nurodyt\u0105 kain\u0105.<\/li>\n<li>Pristatymo metu jums nereik\u0117s mok\u0117ti joki\u0173 papildom\u0173 mokes\u010di\u0173.<\/li>\n<li>Retais atvejais, kai kyla su muitine susijusi\u0173 problem\u0173, m\u016bs\u0173 komanda pasir\u016bpins muitin\u0117s formalumais j\u016bs\u0173 vardu, kad b\u016bt\u0173 u\u017etikrintas sklandus pristatymas.<\/li>\n<p>Svarbi informacija apie gr\u0105\u017einim\u0105:<\/p>\n<li>Jei nuspr\u0119site gr\u0105\u017einti u\u017esakym\u0105 arba pra\u0161ysite gr\u0105\u017einti pinigus, tur\u0117kite omenyje, kad mokes\u010diai ir muitai, sumok\u0117ti j\u016bs\u0173 vardu pagal DDP s\u0105lygas, negali b\u016bti gr\u0105\u017einami.<\/li>\n<p>I\u0161samesn\u0117s informacijos rasite m\u016bs\u0173 <a href=\"https:\/\/ayaneo.co\/lt\/paslaugu-teikimo-salygos\/\" target=\"_blank\" rel=\"nofollow noopener\">s\u0105lygose ir nuostatose<\/a>.\n<\/ul>\n<p>[\/cg_accordion]\n[cg_accordion title=\"KLIENT\u0172 APTARNAVIMAS\"]<\/p>\n<p>Turite klausim\u0105? U\u017etenka para\u0161yti trump\u0105j\u0105 \u017einut\u0119 ir j\u016bs\u0173 klausimas bus i\u0161spr\u0119stas! [\/cg_accordion]\n[cg_accordion title=\"PAKUOT\u0118 SUDARO\"]<\/p>\n<ul>\n<li>1x USB 4.0 C tipo kabelis<\/li>\n<\/ul>\n<p>[\/cg_accordion]\n","protected":false},"featured_media":44997,"template":"","meta":{"_acf_changed":false},"product_brand":[],"product_cat":[1186],"product_tag":[],"class_list":{"0":"post-47588","1":"product","2":"type-product","3":"status-publish","4":"has-post-thumbnail","6":"product_cat-priedai","7":"product_shipping_class-low-end","9":"first","10":"instock","11":"sale","12":"taxable","13":"shipping-taxable","14":"purchasable","15":"product-type-variable","16":"has-default-attributes"},"acf":[],"_links":{"self":[{"href":"https:\/\/ayaneo.co\/lt\/wp-json\/wp\/v2\/product\/47588","targetHints":{"allow":["GET"]}}],"collection":[{"href":"https:\/\/ayaneo.co\/lt\/wp-json\/wp\/v2\/product"}],"about":[{"href":"https:\/\/ayaneo.co\/lt\/wp-json\/wp\/v2\/types\/product"}],"wp:featuredmedia":[{"embeddable":true,"href":"https:\/\/ayaneo.co\/lt\/wp-json\/wp\/v2\/media\/44997"}],"wp:attachment":[{"href":"https:\/\/ayaneo.co\/lt\/wp-json\/wp\/v2\/media?parent=47588"}],"wp:term":[{"taxonomy":"product_brand","embeddable":true,"href":"https:\/\/ayaneo.co\/lt\/wp-json\/wp\/v2\/product_brand?post=47588"},{"taxonomy":"product_cat","embeddable":true,"href":"https:\/\/ayaneo.co\/lt\/wp-json\/wp\/v2\/product_cat?post=47588"},{"taxonomy":"product_tag","embeddable":true,"href":"https:\/\/ayaneo.co\/lt\/wp-json\/wp\/v2\/product_tag?post=47588"}],"curies":[{"name":"wp","href":"https:\/\/api.w.org\/{rel}","templated":true}]}}