{"id":47593,"date":"2026-03-23T10:44:43","date_gmt":"2026-03-23T10:44:43","guid":{"rendered":"https:\/\/ayaneo.co\/product\/usb5-kabelis-80gbps-240w-8k-60hz-thunderbolt-5-suderinamas\/"},"modified":"2026-04-24T10:33:54","modified_gmt":"2026-04-24T10:33:54","slug":"usb5-kabelis-80gbps-240w-8k-60hz-thunderbolt-5-suderinamas","status":"publish","type":"product","link":"https:\/\/ayaneo.co\/lt\/product\/usb5-kabelis-80gbps-240w-8k-60hz-thunderbolt-5-suderinamas\/","title":{"rendered":"USB5 kabelis 80Gbps 240W | 8K 60Hz Thunderbolt 5 suderinamas"},"content":{"rendered":"\n<h2 class=\"wp-block-heading\">USB5 kabelis 80Gbps 240W: geriausias &#8222;Thunderbolt 5&#8243; sprendimas profesionaliems darbo srautams<\/h2>\n\n<p id=\"p-rc_98f34dcd8f33ef71-24\">\" <strong>USB5<\/strong> \" <strong>kabelis 80Gb\/s 240W yra<\/strong> did\u017eiulis \u0161uolis ry\u0161io technologijoje, skirtoje galingiems naudotojams. Kadangi \u0161iuolaikinei aparatinei \u012frangai reikia precedento neturin\u010dios spartos, \u0161is kabelis sukurtas taip, kad atitikt\u0173 naujausius &#8222;Thunderbolt 5&#8243; ir USB4 2.0 standartus. Jis u\u017etikrina did\u017eiul\u012f 80 Gb\/s dvikryp\u010dio duomen\u0173 srauto pralaidum\u0105, o tai i\u0161 esm\u0117s dvigubai vir\u0161ija ankstesni\u0173 kart\u0173 laid\u0173 na\u0161um\u0105.  <sup><\/sup>  Tod\u0117l dabar did\u017eiulius 8K vaizdo failus ar projekt\u0173 bibliotekas galite perkelti per trumpesn\u012f laik\u0105 nei anks\u010diau.<\/p>\n\n<h2 class=\"wp-block-heading\">Kaip USB5 kabelis 80Gbps 240W optimizuoja j\u016bs\u0173 ekrano s\u0105rank\u0105?<\/h2>\n\n<p id=\"p-rc_98f34dcd8f33ef71-25\">Vizualinio sektoriaus profesionalai \u012fsitikins, kad <strong>USB5 kabelis 80Gb\/s 240W yra<\/strong> b\u016btinas \u012frankis didel\u0117s skiriamosios gebos daugiafunkciniam darbui. \u0160is kabelis palaiko pa\u017eang\u0173 &#8222;DisplayPort 2.1&#8243; protokol\u0105, tod\u0117l galima naudoti vien\u0105 8K 60 Hz i\u0161vest\u012f arba net dvi 8K konfig\u016bracijas. <sup><\/sup>  Be to, naudojant naujovi\u0161k\u0105 &#8222;Bandwidth Boost\" technologij\u0105 galima keisti duomen\u0173 perdavimo juost\u0173 konfig\u016bracij\u0105.<sup><\/sup>  Tai leid\u017eia kabeliu u\u017etikrinti iki 120 Gb\/s greit\u012f atliekant sud\u0117tingas ekrano u\u017eduotis ir i\u0161laikyti patikim\u0105 40 Gb\/s duomen\u0173 gr\u0105\u017einimo greit\u012f.<sup><\/sup><\/p>\n\n<p>\u0160is lankstumas labai pagerina profesionalias darbo eigas. Kai monitorius valdomas dideliu atnaujinimo grei\u010diu, USB5 <strong>kabelis 80 Gb\/s 240 W u\u017etikrina<\/strong>, kad i\u0161orin\u0117 saugykla i\u0161likt\u0173 jautri. D\u0117l PAM3 signalo kodavimo, duomen\u0173 vientisumas i\u0161laikomas net ir esant tokiam stulbinan\u010diam grei\u010diui. Tod\u0117l mirguliuojantys ekranai ir duomen\u0173 sugadinimas tampa praeities problema.   <\/p>\n\n<h2 class=\"wp-block-heading\">Neprilygstama 240 W galia ir surinkimo kokyb\u0117<\/h2>\n\n<p id=\"p-rc_98f34dcd8f33ef71-26\">Naujasis standartas i\u0161 esm\u0117s pagerino \u012fkrovimo galimybes. <strong>USB5 kabelis 80Gb\/s 240W palaiko<\/strong> naujausias PD 3.1 Extended Power Range (EPR) specifikacijas.<sup><\/sup> Tai rei\u0161kia, kad per kabel\u012f \u012f j\u016bs\u0173 \u012frengin\u012f saugiai perduodama iki 240 W galia. D\u0117l to net labiausiai energijos i\u0161tro\u0161kusius \u017eaidim\u0173 ne\u0161iojamuosius kompiuterius galima \u012fkrauti visu grei\u010diu, nenaudojant patentuotos &#8222;plyt\u0173\" jungties.  <\/p>\n\n<p id=\"p-rc_98f34dcd8f33ef71-27\">Projektuojant <strong>USB5 kabel\u012f 80Gb\/s 240W<\/strong> ilgaam\u017ei\u0161kumas buvo akivaizd\u017eiai prioritetinis dalykas <strong>.<\/strong> Vidiniai laidai yra apsaugoti didelio tankio pinto lydinio ekranu, kad b\u016bt\u0173 suma\u017einti elektromagnetiniai trukd\u017eiai. <sup><\/sup>  Be to, i\u0161orinis apvalkalas pagamintas i\u0161 lankstaus TPE, kuris buvo i\u0161bandytas, kad atlaikyt\u0173 daugiau kaip 2 000 lenkimo cikl\u0173.<sup><\/sup>  Kadangi jungtys yra nikeliuotos, jos gali atlikti daugiau kaip 10 000 \u012fki\u0161im\u0173, tod\u0117l jungtis bus patikima daugel\u012f met\u0173.<\/p>\n\n<h2 class=\"wp-block-heading\">USB5 kabelis 80Gbps 240W u\u017etikrina j\u016bs\u0173 \u012frangos ateit\u012f su USB5 kabeliu<\/h2>\n\n<p id=\"p-rc_98f34dcd8f33ef71-28\">Su \u0161iuo universaliu priedu niekada nekils problem\u0173 d\u0117l suderinamumo. Nors jis sukurtas atei\u010diai, USB5 <strong>kabelis 80Gb\/s 240W yra visi\u0161kai<\/strong> suderinamas su <a href=\"https:\/\/www.intel.com\/content\/www\/us\/en\/gaming\/resources\/upgrade-gaming-accessories-thunderbolt-4.html\" target=\"_blank\" rel=\"noopener nofollow\" title=\"\">&#8222;Thunderbolt 4&#8243; ir<\/a><a href=\"https:\/\/www.thunderbolttechnology.net\/blog\/thunderbolt-3-usb-c-does-it-all\" target=\"_blank\" rel=\"noopener nofollow\" title=\"\"> &#8222;Thunderbolt 3&#8243; \u012frenginiais<\/a>. Jis taip pat puikiai veikia su USB4, USB 3.2 ir standartiniais USB-C prievadais. Nesvarbu, ar jungiate moderniausi\u0105 eGPU per PCIe 4.0, ar tiesiog sinchronizuojate mobil\u0173j\u012f telefon\u0105, na\u0161umas visada bus optimizuotas.   <\/p>\n\n<p>Neleiskite, kad prastesni kabeliai trukdyt\u0173 j\u016bs\u0173 auk\u0161\u010diausios klas\u0117s aparatinei \u012frangai ir l\u0117tint\u0173 k\u016brybin\u012f proces\u0105. Tur\u0117tum\u0117te pasir\u016bpinti savo <strong>USB5 80Gbps 240W kabeliu jau \u0161iandien<\/strong>, kad u\u017etikrintum\u0117te, jog i\u0161liksite priekyje. \u0160ios naujos kartos technologijos atsargos spar\u010diai kinta, tod\u0117l veikite dabar, kad u\u017etikrintum\u0117te, jog j\u016bs\u0173 darbo stotis bus pasirengusi 80 Gb\/s revoliucijai. Patirkite grei\u010dio ir galios vir\u0161\u016bn\u0119 u\u017esisakydami i\u0161 m\u016bs\u0173 parduotuv\u0117s jau \u0161iandien!   <\/p>\n\n<p><\/p>\n","protected":false},"excerpt":{"rendered":"<ul>\n<li><strong>80 Gb\/s &#8222;Pro Data\" -<\/strong> itin greitas dvikryptis duomen\u0173 perdavimas did\u017eiuliams failams.<\/li>\n<li><strong>240 W EPR \u012fkrovimas -<\/strong> visapusi\u0161kas PD 3.1 palaikymas didelio na\u0161umo ne\u0161iojamiesiems kompiuteriams.<\/li>\n<li><strong>8K@60Hz vaizdai -<\/strong> \u012ftraukiantis 8K arba dvigubas 4K ekranas per &#8222;DisplayPort 2.1&#8243;.<\/li>\n<li><strong>&#8222;E-Mark Safety IC\" -<\/strong> i\u0161manusis mikroschem\u0173 rinkinys u\u017etikrina stabil\u0173, \u0161ilum\u0105 reguliuojant\u012f maitinim\u0105.<\/li>\n<li><strong>Cinko lydinio ir pintos konstrukcijos -<\/strong> auk\u0161\u010diausios kokyb\u0117s sustiprinta konstrukcija u\u017etikrina maksimal\u0173 patvarum\u0105.<\/li>\n<\/ul>\n[cg_accordion title=\"INFORMACIJA APMOK\u0116JIMUI\"]<\/p>\n<p>Naudojame naujausias mok\u0117jimo apdorojimo technologijas, kurios leid\u017eia greitai ir saugiai atsiskaityti per &#8222;Apple Pay\", &#8222;Google Pay\", debeto \/ kredito kortel\u0119, &#8222;PayPal\" arba BNPL metodus, tokius kaip &#8222;Klarna\", &#8222;Affirm\" arba &#8222;AfterPay\".[\/cg_accordion]\n[cg_accordion title=\"GARANTIJA\"]<\/p>\n<p><a href=\"https:\/\/droix.net\/\" target=\"_blank\" rel=\"nofollow noopener\">DROIX Global suteikia 1 met\u0173 garantij\u0105, kad<\/a> b\u016btum\u0117te ram\u016bs[\/cg_accordion]\n[cg_accordion title=\"KOKYB\u0116S U\u017dTIKRINIMAS IR BANDYMAI PRIE\u0160 I\u0160SIUNTIM\u0104\"]<\/p>\n<p>Auk\u0161\u010diausio lygio klient\u0173 pasitenkinimo u\u017etikrinimas: Prie\u0161 i\u0161siun\u010diant kiekvien\u0105 prietais\u0105 atliekamas grie\u017etas testavimas ir daugiapakopis kokyb\u0117s u\u017etikrinimas. M\u016bs\u0173 komanda tikrina veikim\u0105, funkcionalum\u0105 ir komponent\u0173 vientisum\u0105, kad u\u017etikrintume, jog j\u016bs\u0173 AYANEO prietaisas atvykus b\u016bt\u0173 visi\u0161kai tvarkingas, o j\u016bs b\u016btum\u0117te tikri ir ram\u016bs. [\/cg_accordion]\n[cg_accordion title=\"KAINOS, MOKES\u010cIAI IR PRISTATYMAS\"]<\/p>\n<p><strong><u>Pastaba:<\/u><\/strong><\/p>\n<ul>\n<li>Jungtini\u0173 Amerikos Valstij\u0173 klientai: \u012e rodom\u0105 kain\u0105 N\u0116RA \u012fskai\u010diuoti mokes\u010diai ir muitai. Atsakomyb\u0117 i\u0161muitinti muitin\u0119 ir sumok\u0117ti visus susijusius mokes\u010dius ir muitus tenka klientui. <\/li>\n<li>ES klientai: \u012e nurodyt\u0105 kain\u0105 \u012fskai\u010diuoti taikomi mokes\u010diai, kurie, priklausomai nuo j\u016bs\u0173 \u0161alies, gali siekti iki 25 %.<\/li>\n<li>Kanados klientai: \u012e nurodyt\u0105 kain\u0105 \u012fskai\u010diuoti taikomi mokes\u010diai, kurie, priklausomai nuo j\u016bs\u0173 provincijos, gali apimti 5 % GPM ir papildomus provincijos pardavimo mokes\u010dius (PST), suderint\u0105 pardavimo mokest\u012f (HST) arba Kvebeko pardavimo mokest\u012f (QST).<\/li>\n<\/ul>\n<p>M\u016bs\u0173 JAV klientams: U\u017esakymai i\u0161siun\u010diami DAP (pristatomi vietoje). Nors klientai yra atsakingi u\u017e vis\u0173 taikom\u0173 tarif\u0173 sumok\u0117jim\u0105, mes remiam\u0117s savo didele siuntimo i\u0161 Jungtin\u0117s Karalyst\u0117s patirtimi, kad u\u017etikrintume, jog mok\u0117site kuo ma\u017eesn\u012f mokest\u012f. Remiantis m\u016bs\u0173 duomenimis, \u0161ie mokes\u010diai paprastai nevir\u0161ija 10 % prek\u0117s vert\u0117s.  <\/p>\n<p><strong>TIK ES klientams:<\/strong> Express DDP (pristatoma sumok\u0117jus muit\u0105). Tai rei\u0161kia: <\/p>\n<ul>\n<li>Visi muitai ir mokes\u010diai \u012fskai\u010diuoti \u012f produkto puslapyje nurodyt\u0105 kain\u0105.<\/li>\n<li>Pristatymo metu jums nereik\u0117s mok\u0117ti joki\u0173 papildom\u0173 mokes\u010di\u0173.<\/li>\n<li>Retais atvejais, kai kyla su muitine susijusi\u0173 problem\u0173, m\u016bs\u0173 komanda pasir\u016bpins muitin\u0117s formalumais j\u016bs\u0173 vardu, kad b\u016bt\u0173 u\u017etikrintas sklandus pristatymas.<\/li>\n<p>Svarbi informacija apie gr\u0105\u017einim\u0105:<\/p>\n<li>Jei nuspr\u0119site gr\u0105\u017einti u\u017esakym\u0105 arba pra\u0161ysite gr\u0105\u017einti pinigus, tur\u0117kite omenyje, kad mokes\u010diai ir muitai, sumok\u0117ti j\u016bs\u0173 vardu pagal DDP s\u0105lygas, negali b\u016bti gr\u0105\u017einami.<\/li>\n<p>I\u0161samesn\u0117s informacijos rasite m\u016bs\u0173 <a href=\"https:\/\/ayaneo.co\/lt\/paslaugu-teikimo-salygos\/\" target=\"_blank\" rel=\"nofollow noopener\">s\u0105lygose ir nuostatose<\/a>.\n<\/ul>\n<p>[\/cg_accordion]\n[cg_accordion title=\"KLIENT\u0172 APTARNAVIMAS\"]<\/p>\n<p>Turite klausim\u0105? U\u017etenka para\u0161yti trump\u0105j\u0105 \u017einut\u0119 ir j\u016bs\u0173 klausimas bus i\u0161spr\u0119stas! [\/cg_accordion]\n[cg_accordion title=\"PAKUOT\u0118 SUDARO\"]<\/p>\n<ul>\n<li>1x USB5 Type-C kabelis | 80Gbps 240W (1 m)<\/li>\n<\/ul>\n<p>[\/cg_accordion]\n","protected":false},"featured_media":45908,"template":"","meta":{"_acf_changed":false},"product_brand":[],"product_cat":[1186],"product_tag":[],"class_list":{"0":"post-47593","1":"product","2":"type-product","3":"status-publish","4":"has-post-thumbnail","6":"product_cat-priedai","7":"product_shipping_class-low-end","9":"first","10":"instock","11":"sale","12":"taxable","13":"shipping-taxable","14":"purchasable","15":"product-type-simple"},"acf":[],"_links":{"self":[{"href":"https:\/\/ayaneo.co\/lt\/wp-json\/wp\/v2\/product\/47593","targetHints":{"allow":["GET"]}}],"collection":[{"href":"https:\/\/ayaneo.co\/lt\/wp-json\/wp\/v2\/product"}],"about":[{"href":"https:\/\/ayaneo.co\/lt\/wp-json\/wp\/v2\/types\/product"}],"wp:featuredmedia":[{"embeddable":true,"href":"https:\/\/ayaneo.co\/lt\/wp-json\/wp\/v2\/media\/45908"}],"wp:attachment":[{"href":"https:\/\/ayaneo.co\/lt\/wp-json\/wp\/v2\/media?parent=47593"}],"wp:term":[{"taxonomy":"product_brand","embeddable":true,"href":"https:\/\/ayaneo.co\/lt\/wp-json\/wp\/v2\/product_brand?post=47593"},{"taxonomy":"product_cat","embeddable":true,"href":"https:\/\/ayaneo.co\/lt\/wp-json\/wp\/v2\/product_cat?post=47593"},{"taxonomy":"product_tag","embeddable":true,"href":"https:\/\/ayaneo.co\/lt\/wp-json\/wp\/v2\/product_tag?post=47593"}],"curies":[{"name":"wp","href":"https:\/\/api.w.org\/{rel}","templated":true}]}}