{"id":47616,"date":"2026-03-06T12:40:46","date_gmt":"2026-03-06T12:40:46","guid":{"rendered":"https:\/\/ayaneo.co\/product\/auksciausios-kokybes-4k-60hz-c-tipo-usb-ir-hdmi-adapterio-kabelis\/"},"modified":"2026-04-25T23:13:38","modified_gmt":"2026-04-25T23:13:38","slug":"auksciausios-kokybes-4k-60hz-c-tipo-usb-ir-hdmi-adapterio-kabelis","status":"publish","type":"product","link":"https:\/\/ayaneo.co\/lt\/product\/auksciausios-kokybes-4k-60hz-c-tipo-usb-ir-hdmi-adapterio-kabelis\/","title":{"rendered":"Auk\u0161\u010diausios kokyb\u0117s 4K 60Hz C tipo USB ir HDMI adapterio kabelis"},"content":{"rendered":"\n<h2 class=\"wp-block-heading\">Galutinis didel\u0117s rai\u0161kos sprendimas<\/h2>\n\n<p>Patirkite skland\u0173 ry\u0161\u012f su 4K 60 Hz C tipo USB ir HDMI adapterio kabeliu - auk\u0161\u010diausios kokyb\u0117s sprendimu, skirtu kri\u0161tolo skaidrumo vaizdui. \u0160is auk\u0161tos kokyb\u0117s kabelis leid\u017eia prijungti \u0161iuolaikinius USB-C \u012frenginius tiesiai prie HDMI palaikan\u010di\u0173 ekran\u0173 be papildom\u0173 tvarkykli\u0173. Nesvarbu, ar naudojate i\u0161man\u0173j\u012f telefon\u0105, plan\u0161etin\u012f, ar ne\u0161iojam\u0105j\u012f kompiuter\u012f, \u0161is adapteris u\u017etikrina paprast\u0105 ir patogi\u0105 prijungimo ir naudojimo patirt\u012f.  <\/p>\n\n<h2 class=\"wp-block-heading\">Kod\u0117l verta rinktis 4K 60Hz C tipo USB ir HDMI adapterio kabel\u012f?<\/h2>\n\n<p>Pagrindinis \u0161io USB C-HDMI laido privalumas - HDMI 2.0 standart\u0173 palaikymas. Kadangi jis palaiko 4K skiriam\u0105j\u0105 geb\u0105 su 60 Hz atnaujinimo da\u017eniu, naudotojai gali m\u0117gautis ne\u012ftik\u0117tinai skland\u017eiu judesiu ir ry\u0161kiu vaizdu. Standartiniai adapteriai da\u017enai riboja 30 Hz da\u017en\u012f, o \u0161is 4K 60 Hz kabelis u\u017etikrina skland\u0173 veikim\u0105, reikaling\u0105 \u017eaidimams ir profesionaliam vaizdo redagavimui. Be to, eleganti\u0161kas aliuminio korpusas puikiai i\u0161sklaido \u0161ilum\u0105, kad ry\u0161ys b\u016bt\u0173 stabilus ilg\u0173 seans\u0173 metu.   <\/p>\n\n<h2 class=\"wp-block-heading\">I\u0161pl\u0117stin\u0117s technin\u0117s specifikacijos ir &#8222;Thunderbolt\" suderinamumas<\/h2>\n\n<p>4K 60 Hz C tipo USB ir HDMI adapterio kabelis su 4K 60 Hz USB ir HDMI adapteriu turi auk\u0161tos kokyb\u0117s HDMI <a href=\"https:\/\/en.wikipedia.org\/wiki\/HDMI\" target=\"_blank\" rel=\"noopener nofollow\" title=\"\">2.0 s\u0105saj\u0105 ir<\/a> tvirt\u0105 C tipo vyri\u0161k\u0105 jungt\u012f. \u0160is 4K 60 Hz kabelis visi\u0161kai suderinamas su &#8222;Thunderbolt 4&#8243; ir &#8222;Thunderbolt 3&#8243; prievadais, tod\u0117l puikiai veikia su naujausiais &#8222;MacBook Pro\" ir auk\u0161\u010diausios klas\u0117s &#8222;Windows\" ne\u0161iojamaisiais kompiuteriais. Kadangi kabelis palaiko DP Alt re\u017eim\u0105, jis u\u017etikrina tiesiogin\u012f vaizdo signal\u0105 be didelio usb c \u012f hdmi daugiaprievado adapterio.  <\/p>\n\n<p>Be to, HDCP 2.2 suderinamumas rei\u0161kia, kad galite netrukdomai transliuoti \u0161ifruot\u0105 4K turin\u012f i\u0161 toki\u0173 paslaug\u0173 kaip &#8222;Netflix\" ar &#8222;Disney+\". 4K 60 Hz C tipo USB ir HDMI adapterio kabelis taip pat palaiko HDR10, kad b\u016bt\u0173 pagerintas spalv\u0173 gylis ir kontrastas. Jo fizin\u0117 konstrukcija apima 50 mm i\u0161orin\u012f skersmen\u012f, kad b\u016bt\u0173 padidintas patvarumas, o aliuminio korpusas padeda reguliuoti \u0161ilum\u0105 intensyvi\u0173 seans\u0173 metu.  <\/p>\n\n<h2 class=\"wp-block-heading\">Platus prietais\u0173 suderinamumas ir ry\u0161io reikalavimai<\/h2>\n\n<p>4K 60 Hz C tipo USB ir HDMI adapterio kabelis, sukurtas universaliai, tinka \u012fvairiai \u0161iuolaikinei aparatinei \u012frangai. J\u012f galite naudoti su &#8222;Apple MacBook\", &#8222;iPad Pro\" modeliais ir &#8222;Microsoft Surface\" serijos kompiuteriais. Be to, jis palaiko auk\u0161tos klas\u0117s &#8222;Android\" \u012frenginius, tokius kaip &#8222;Samsung Galaxy S22&#8243; ir &#8222;Note 20&#8243;. Ta\u010diau 4K 60 Hz C tipo USB \u012f HDMI adapterio kabeliui reikia pagrindinio prievado, kuris palaiko vaizdo i\u0161vest\u012f. Jis nesuderinamas su tokiais prietaisais kaip &#8222;Samsung A\" serija arba senesniais &#8222;iPhone\" telefonais, kurie nepalaiko DP Alt re\u017eimo.    <\/p>\n\n<h2 class=\"wp-block-heading\">Optimizuokite savo profesionalias prezentacijas ir nam\u0173 kin\u0105<\/h2>\n\n<p>Naudodami 4K 60 Hz C tipo USB ir HDMI adapterio kabel\u012f kaip susitikim\u0173 pagalbinink\u0105, galite be vargo dalytis ekranu dideliuose ekranuose. Tod\u0117l j\u016bs\u0173 ataskaitos ir duomen\u0173 vizualizacijos auditorijai atrodys ry\u0161kesn\u0117s ir profesionalesn\u0117s. Nam\u0173 aplinkoje 4K 60Hz C tipo USB ir HDMI adapterio kabelis pakei\u010dia j\u016bs\u0173 mobili\u0173j\u0173 \u017eaidim\u0173 patirt\u012f. Jis projektuoja mobili\u0105j\u0105 grafik\u0105 \u012f j\u016bs\u0173 televizori\u0173 realiuoju laiku, o tai u\u017etikrina platesn\u012f vaizdo diapazon\u0105 be jokio u\u017estrigimo.   <\/p>\n\n<hr class=\"wp-block-separator has-alpha-channel-opacity\"\/>\n\n<h2 class=\"wp-block-heading\">U\u017etikrinkite savo 4K 60Hz C tipo USB ir HDMI adapterio kabel\u012f jau \u0161iandien!<\/h2>\n\n<p>Nesitaikstykite su nery\u0161kia rai\u0161ka ar v\u0117luojan\u010diu atnaujinimo da\u017eniu, jei skaitmenin\u012f gyvenim\u0105 galite atnaujinti jau dabar. 4K 60 Hz C tipo USB ir HDMI adapterio kabelio paklausa yra ne\u012ftik\u0117tinai didel\u0117 d\u0117l jo patikimumo ir puikios 4K i\u0161vesties. U\u017esisakykite savo \u0161iandien, kad garantuotum\u0117te, jog laiku gausite \u0161\u012f svarb\u0173 technikos pried\u0105 ir prad\u0117site m\u0117gautis auk\u0161tos rai\u0161kos ry\u0161io vir\u0161\u016bne. Apsilankykite m\u016bs\u0173 parduotuv\u0117je dabar ir pasinaudokite \u0161iuo pasi\u016blymu, kol atsargos nesibaig\u0117!   <\/p>\n","protected":false},"excerpt":{"rendered":"<ul>\n<li><strong>4K 60 Hz UHD -<\/strong> kri\u0161tolo skaidrumo 4K rai\u0161ka, 60 kadr\u0173 per sekund\u0119 sparta, kad vaizdas b\u016bt\u0173 sklandus ir neatsilikt\u0173.<\/li>\n<li><strong>HDMI 2.0 palaikymas - didelio pralaidumo<\/strong> s\u0105saja HDR10 ir skaitmeniniam garsui.<\/li>\n<li><strong>&#8222;Plug &amp; Play\" -<\/strong> tiesioginis ry\u0161ys su ne\u0161iojamaisiais kompiuteriais ir telefonais be tvarkykli\u0173.<\/li>\n<li><strong>Atitinka HDCP 2.2 -<\/strong> saugiai <strong>si\u0173skite<\/strong> 4K turin\u012f i\u0161 &#8222;Netflix\" ir &#8222;Disney+\".<\/li>\n<li><strong>Aliuminio korpusas -<\/strong> patvarus korpusas, sukurtas siekiant optimizuoti \u0161ilumos i\u0161sklaidym\u0105.<\/li>\n<\/ul>\n[cg_accordion title=\"INFORMACIJA APMOK\u0116JIMUI\"]<\/p>\n<p>Naudojame naujausias mok\u0117jimo apdorojimo technologijas, kurios leid\u017eia greitai ir saugiai atsiskaityti per &#8222;Apple Pay\", &#8222;Google Pay\", debeto \/ kredito kortel\u0119, &#8222;PayPal\" arba BNPL metodus, tokius kaip &#8222;Klarna\", &#8222;Affirm\" arba &#8222;AfterPay\".[\/cg_accordion]\n[cg_accordion title=\"GARANTIJA\"]<\/p>\n<p><a href=\"https:\/\/droix.net\/\" target=\"_blank\" rel=\"nofollow noopener\">DROIX Global suteikia 1 met\u0173 garantij\u0105, kad<\/a> b\u016btum\u0117te ram\u016bs[\/cg_accordion]\n[cg_accordion title=\"KOKYB\u0116S U\u017dTIKRINIMAS IR BANDYMAI PRIE\u0160 I\u0160SIUNTIM\u0104\"]<\/p>\n<p>Auk\u0161\u010diausio lygio klient\u0173 pasitenkinimo u\u017etikrinimas: Prie\u0161 i\u0161siun\u010diant kiekvien\u0105 prietais\u0105 atliekamas grie\u017etas testavimas ir daugiapakopis kokyb\u0117s u\u017etikrinimas. M\u016bs\u0173 komanda tikrina veikim\u0105, funkcionalum\u0105 ir komponent\u0173 vientisum\u0105, kad u\u017etikrintume, jog j\u016bs\u0173 AYANEO prietaisas atvykus b\u016bt\u0173 visi\u0161kai tvarkingas, o j\u016bs b\u016btum\u0117te tikri ir ram\u016bs. [\/cg_accordion]\n[cg_accordion title=\"KAINOS, MOKES\u010cIAI IR PRISTATYMAS\"]<\/p>\n<p><strong><u>Pastaba:<\/u><\/strong><\/p>\n<ul>\n<li>Jungtini\u0173 Amerikos Valstij\u0173 klientai: \u012e rodom\u0105 kain\u0105 N\u0116RA \u012fskai\u010diuoti mokes\u010diai ir muitai. Atsakomyb\u0117 i\u0161muitinti muitin\u0119 ir sumok\u0117ti visus susijusius mokes\u010dius ir muitus tenka klientui. <\/li>\n<li>ES klientai: \u012e nurodyt\u0105 kain\u0105 \u012fskai\u010diuoti taikomi mokes\u010diai, kurie, priklausomai nuo j\u016bs\u0173 \u0161alies, gali siekti iki 25 %.<\/li>\n<li>Kanados klientai: \u012e nurodyt\u0105 kain\u0105 \u012fskai\u010diuoti taikomi mokes\u010diai, kurie, priklausomai nuo j\u016bs\u0173 provincijos, gali apimti 5 % GPM ir papildomus provincijos pardavimo mokes\u010dius (PST), suderint\u0105 pardavimo mokest\u012f (HST) arba Kvebeko pardavimo mokest\u012f (QST).<\/li>\n<\/ul>\n<p>M\u016bs\u0173 JAV klientams: U\u017esakymai i\u0161siun\u010diami DAP (pristatomi vietoje). Nors klientai yra atsakingi u\u017e vis\u0173 taikom\u0173 tarif\u0173 sumok\u0117jim\u0105, mes remiam\u0117s savo didele siuntimo i\u0161 Jungtin\u0117s Karalyst\u0117s patirtimi, kad u\u017etikrintume, jog mok\u0117site kuo ma\u017eesn\u012f mokest\u012f. Remiantis m\u016bs\u0173 duomenimis, \u0161ie mokes\u010diai paprastai nevir\u0161ija 10 % prek\u0117s vert\u0117s.  <\/p>\n<p><strong>TIK ES klientams:<\/strong> Express DDP (pristatoma sumok\u0117jus muit\u0105). Tai rei\u0161kia: <\/p>\n<ul>\n<li>Visi muitai ir mokes\u010diai \u012fskai\u010diuoti \u012f produkto puslapyje nurodyt\u0105 kain\u0105.<\/li>\n<li>Pristatymo metu jums nereik\u0117s mok\u0117ti joki\u0173 papildom\u0173 mokes\u010di\u0173.<\/li>\n<li>Retais atvejais, kai kyla su muitine susijusi\u0173 problem\u0173, m\u016bs\u0173 komanda pasir\u016bpins muitin\u0117s formalumais j\u016bs\u0173 vardu, kad b\u016bt\u0173 u\u017etikrintas sklandus pristatymas.<\/li>\n<p>Svarbi informacija apie gr\u0105\u017einim\u0105:<\/p>\n<li>Jei nuspr\u0119site gr\u0105\u017einti u\u017esakym\u0105 arba pra\u0161ysite gr\u0105\u017einti pinigus, tur\u0117kite omenyje, kad mokes\u010diai ir muitai, sumok\u0117ti j\u016bs\u0173 vardu pagal DDP s\u0105lygas, negali b\u016bti gr\u0105\u017einami.<\/li>\n<p>I\u0161samesn\u0117s informacijos rasite m\u016bs\u0173 <a href=\"https:\/\/ayaneo.co\/lt\/paslaugu-teikimo-salygos\/\" target=\"_blank\" rel=\"nofollow noopener\">s\u0105lygose ir nuostatose<\/a>.\n<\/ul>\n<p>[\/cg_accordion]\n[cg_accordion title=\"KLIENT\u0172 APTARNAVIMAS\"]<\/p>\n<p>Turite klausim\u0105? U\u017etenka para\u0161yti trump\u0105j\u0105 \u017einut\u0119 ir j\u016bs\u0173 klausimas bus i\u0161spr\u0119stas! [\/cg_accordion]\n[cg_accordion title=\"PAKUOT\u0118 SUDARO\"]<\/p>\n<ul>\n<li>1x Premium 4K 60Hz C tipo USB ir HDMI adapterio kabelis<\/li>\n<\/ul>\n<p>[\/cg_accordion]\n","protected":false},"featured_media":45471,"template":"","meta":{"_acf_changed":false},"product_brand":[],"product_cat":[1186],"product_tag":[],"class_list":{"0":"post-47616","1":"product","2":"type-product","3":"status-publish","4":"has-post-thumbnail","6":"product_cat-priedai","7":"product_shipping_class-low-end","9":"first","10":"outofstock","11":"sale","12":"taxable","13":"shipping-taxable","14":"purchasable","15":"product-type-simple"},"acf":[],"_links":{"self":[{"href":"https:\/\/ayaneo.co\/lt\/wp-json\/wp\/v2\/product\/47616","targetHints":{"allow":["GET"]}}],"collection":[{"href":"https:\/\/ayaneo.co\/lt\/wp-json\/wp\/v2\/product"}],"about":[{"href":"https:\/\/ayaneo.co\/lt\/wp-json\/wp\/v2\/types\/product"}],"wp:featuredmedia":[{"embeddable":true,"href":"https:\/\/ayaneo.co\/lt\/wp-json\/wp\/v2\/media\/45471"}],"wp:attachment":[{"href":"https:\/\/ayaneo.co\/lt\/wp-json\/wp\/v2\/media?parent=47616"}],"wp:term":[{"taxonomy":"product_brand","embeddable":true,"href":"https:\/\/ayaneo.co\/lt\/wp-json\/wp\/v2\/product_brand?post=47616"},{"taxonomy":"product_cat","embeddable":true,"href":"https:\/\/ayaneo.co\/lt\/wp-json\/wp\/v2\/product_cat?post=47616"},{"taxonomy":"product_tag","embeddable":true,"href":"https:\/\/ayaneo.co\/lt\/wp-json\/wp\/v2\/product_tag?post=47616"}],"curies":[{"name":"wp","href":"https:\/\/api.w.org\/{rel}","templated":true}]}}