{"id":17798,"date":"2023-03-12T15:06:00","date_gmt":"2023-03-12T15:06:00","guid":{"rendered":"https:\/\/ayaneo.co\/par-mums\/"},"modified":"2025-05-30T16:16:29","modified_gmt":"2025-05-30T16:16:29","slug":"par-mums","status":"publish","type":"page","link":"https:\/\/ayaneo.co\/lv\/par-mums\/","title":{"rendered":"Par mums"},"content":{"rendered":"\t\t<div data-elementor-type=\"wp-page\" data-elementor-id=\"17798\" class=\"elementor elementor-17798 elementor-167\" data-elementor-post-type=\"page\">\n\t\t\t\t\t\t<section class=\"elementor-section elementor-top-section elementor-element elementor-element-c5ceb80 elementor-section-height-min-height elementor-section-content-middle elementor-reverse-mobile elementor-section-boxed elementor-section-height-default elementor-section-items-middle\" data-id=\"c5ceb80\" data-element_type=\"section\" data-settings=\"{&quot;background_background&quot;:&quot;classic&quot;,&quot;background_motion_fx_motion_fx_scrolling&quot;:&quot;yes&quot;,&quot;background_motion_fx_translateY_effect&quot;:&quot;yes&quot;,&quot;background_motion_fx_translateY_speed&quot;:{&quot;unit&quot;:&quot;px&quot;,&quot;size&quot;:2.4,&quot;sizes&quot;:[]},&quot;background_motion_fx_blur_effect&quot;:&quot;yes&quot;,&quot;background_motion_fx_translateY_affectedRange&quot;:{&quot;unit&quot;:&quot;%&quot;,&quot;size&quot;:&quot;&quot;,&quot;sizes&quot;:{&quot;start&quot;:0,&quot;end&quot;:100}},&quot;background_motion_fx_blur_direction&quot;:&quot;out-in&quot;,&quot;background_motion_fx_blur_level&quot;:{&quot;unit&quot;:&quot;px&quot;,&quot;size&quot;:7,&quot;sizes&quot;:[]},&quot;background_motion_fx_blur_range&quot;:{&quot;unit&quot;:&quot;%&quot;,&quot;size&quot;:&quot;&quot;,&quot;sizes&quot;:{&quot;start&quot;:20,&quot;end&quot;:80}},&quot;background_motion_fx_devices&quot;:[&quot;desktop&quot;,&quot;tablet&quot;,&quot;mobile&quot;]}\">\n\t\t\t\t\t\t<div class=\"elementor-container elementor-column-gap-no\">\n\t\t\t\t\t<div class=\"elementor-column elementor-col-50 elementor-top-column elementor-element elementor-element-7b5702e5\" data-id=\"7b5702e5\" data-element_type=\"column\">\n\t\t\t<div class=\"elementor-widget-wrap elementor-element-populated\">\n\t\t\t\t\t\t<div class=\"elementor-element elementor-element-7e56fd7c elementor-widget elementor-widget-heading\" data-id=\"7e56fd7c\" data-element_type=\"widget\" data-widget_type=\"heading.default\">\n\t\t\t\t<div class=\"elementor-widget-container\">\n\t\t\t\t\t<h2 class=\"elementor-heading-title elementor-size-default\">Autors: Gamers<br>Gamers<\/h2>\t\t\t\t<\/div>\n\t\t\t\t<\/div>\n\t\t\t\t<div class=\"elementor-element elementor-element-374c2200 elementor-widget elementor-widget-text-editor\" data-id=\"374c2200\" data-element_type=\"widget\" data-widget_type=\"text-editor.default\">\n\t\t\t\t<div class=\"elementor-widget-container\">\n\t\t\t\t\t\t\t\t\tAYANEO Global izstr\u0101d\u0101 un uztur DroiX, kas noz\u012bm\u0113, ka j\u016bsu pas\u016bt\u012bjums tiks pieg\u0101d\u0101ts no m\u016bsu noliktav\u0101m un tiks pak\u013cauts m\u016bsu lieliskajam p\u0113cpirkuma servisam.\n<\/br>\nAt\u0161\u0137ir\u012bb\u0101 no tradicion\u0101lo produktu izstr\u0101des pieejas, AYANEO iev\u0113ro s\u0101kotn\u0113jo ieceri - \u201c\u012bstiem sp\u0113l\u0113t\u0101jiem, citiem sp\u0113l\u0113t\u0101jiem\u201d. M\u0113s konsekventi uzturam cie\u0161u sazi\u0146u ar saviem sp\u0113l\u0113t\u0101jiem, uzklaus\u0101m vi\u0146u viedokli un vajadz\u012bbas, \u013caujam vi\u0146iem piedal\u012bties produktu izstr\u0101d\u0113 un sadarbojamies ar vi\u0146iem, lai rad\u012btu ide\u0101lu Windows portat\u012bvo ier\u012bci. \n\n\t\t\t\t\t\t\t\t<\/div>\n\t\t\t\t<\/div>\n\t\t\t\t\t<\/div>\n\t\t<\/div>\n\t\t\t\t<div class=\"elementor-column elementor-col-50 elementor-top-column elementor-element elementor-element-fd898c5\" data-id=\"fd898c5\" data-element_type=\"column\">\n\t\t\t<div class=\"elementor-widget-wrap elementor-element-populated\">\n\t\t\t\t\t\t<div class=\"elementor-element elementor-element-6e38bb40 elementor-widget elementor-widget-image\" data-id=\"6e38bb40\" data-element_type=\"widget\" data-widget_type=\"image.default\">\n\t\t\t\t<div class=\"elementor-widget-container\">\n\t\t\t\t\t\t\t\t\t\t\t\t\t\t\t<img fetchpriority=\"high\" decoding=\"async\" width=\"1500\" height=\"1500\" src=\"https:\/\/ayaneo.co\/wp-content\/uploads\/2023\/03\/AYANEO-2-SKY_WHITE-LISTING-IMAGE-DONE-1.png\" class=\"attachment-full size-full wp-image-36\" alt=\"AYANEO 2 Sky White PC Gaming Handheld - Shown from the front\" srcset=\"https:\/\/ayaneo.co\/wp-content\/uploads\/2023\/03\/AYANEO-2-SKY_WHITE-LISTING-IMAGE-DONE-1.png 1500w, https:\/\/ayaneo.co\/wp-content\/uploads\/2023\/03\/AYANEO-2-SKY_WHITE-LISTING-IMAGE-DONE-1-600x600.png 600w, https:\/\/ayaneo.co\/wp-content\/uploads\/2023\/03\/AYANEO-2-SKY_WHITE-LISTING-IMAGE-DONE-1-150x150.png 150w, https:\/\/ayaneo.co\/wp-content\/uploads\/2023\/03\/AYANEO-2-SKY_WHITE-LISTING-IMAGE-DONE-1-300x300.png 300w, https:\/\/ayaneo.co\/wp-content\/uploads\/2023\/03\/AYANEO-2-SKY_WHITE-LISTING-IMAGE-DONE-1-1024x1024.png 1024w, https:\/\/ayaneo.co\/wp-content\/uploads\/2023\/03\/AYANEO-2-SKY_WHITE-LISTING-IMAGE-DONE-1-768x768.png 768w, https:\/\/ayaneo.co\/wp-content\/uploads\/2023\/03\/AYANEO-2-SKY_WHITE-LISTING-IMAGE-DONE-1-990x990.png 990w, https:\/\/ayaneo.co\/wp-content\/uploads\/2023\/03\/AYANEO-2-SKY_WHITE-LISTING-IMAGE-DONE-1-441x441.png 441w, https:\/\/ayaneo.co\/wp-content\/uploads\/2023\/03\/AYANEO-2-SKY_WHITE-LISTING-IMAGE-DONE-1-60x60.png 60w, https:\/\/ayaneo.co\/wp-content\/uploads\/2023\/03\/AYANEO-2-SKY_WHITE-LISTING-IMAGE-DONE-1-110x110.png 110w, https:\/\/ayaneo.co\/wp-content\/uploads\/2023\/03\/AYANEO-2-SKY_WHITE-LISTING-IMAGE-DONE-1-100x100.png 100w\" sizes=\"(max-width: 1500px) 100vw, 1500px\" \/>\t\t\t\t\t\t\t\t\t\t\t\t\t\t\t<\/div>\n\t\t\t\t<\/div>\n\t\t\t\t\t<\/div>\n\t\t<\/div>\n\t\t\t\t\t<\/div>\n\t\t<\/section>\n\t\t\t\t<\/div>\n\t\t","protected":false},"excerpt":{"rendered":"<p>Autors: GamersGamers AYANEO Global izstr\u0101d\u0101 un uztur DroiX, kas noz\u012bm\u0113, ka j\u016bsu pas\u016bt\u012bjums tiks pieg\u0101d\u0101ts no m\u016bsu noliktav\u0101m un tiks pak\u013cauts m\u016bsu lieliskajam p\u0113cpirkuma servisam. At\u0161\u0137ir\u012bb\u0101 no tradicion\u0101lo produktu izstr\u0101des pieejas, AYANEO iev\u0113ro s\u0101kotn\u0113jo ieceri - \u201c\u012bstiem sp\u0113l\u0113t\u0101jiem, citiem sp\u0113l\u0113t\u0101jiem\u201d. M\u0113s konsekventi uzturam cie\u0161u sazi\u0146u ar saviem sp\u0113l\u0113t\u0101jiem, uzklaus\u0101m vi\u0146u viedokli un vajadz\u012bbas, \u013caujam vi\u0146iem [&hellip;]<\/p>\n","protected":false},"author":1,"featured_media":0,"parent":0,"menu_order":0,"comment_status":"closed","ping_status":"closed","template":"template-fullwidth-no-heading.php","meta":{"_acf_changed":false,"footnotes":""},"class_list":["post-17798","page","type-page","status-publish","hentry"],"acf":[],"_links":{"self":[{"href":"https:\/\/ayaneo.co\/lv\/wp-json\/wp\/v2\/pages\/17798","targetHints":{"allow":["GET"]}}],"collection":[{"href":"https:\/\/ayaneo.co\/lv\/wp-json\/wp\/v2\/pages"}],"about":[{"href":"https:\/\/ayaneo.co\/lv\/wp-json\/wp\/v2\/types\/page"}],"author":[{"embeddable":true,"href":"https:\/\/ayaneo.co\/lv\/wp-json\/wp\/v2\/users\/1"}],"replies":[{"embeddable":true,"href":"https:\/\/ayaneo.co\/lv\/wp-json\/wp\/v2\/comments?post=17798"}],"version-history":[{"count":0,"href":"https:\/\/ayaneo.co\/lv\/wp-json\/wp\/v2\/pages\/17798\/revisions"}],"wp:attachment":[{"href":"https:\/\/ayaneo.co\/lv\/wp-json\/wp\/v2\/media?parent=17798"}],"curies":[{"name":"wp","href":"https:\/\/api.w.org\/{rel}","templated":true}]}}