{"id":16379,"date":"2025-01-23T09:43:09","date_gmt":"2025-01-23T09:43:09","guid":{"rendered":"https:\/\/ayaneo.co\/product\/ayaneo-kabatas-dmg-futralis\/"},"modified":"2025-12-04T10:05:02","modified_gmt":"2025-12-04T10:05:02","slug":"ayaneo-kabatas-dmg-futralis","status":"publish","type":"product","link":"https:\/\/ayaneo.co\/lv\/product\/ayaneo-kabatas-dmg-futralis\/","title":{"rendered":"AYANEO Pocket \u0101das DMG futr\u0101lis"},"content":{"rendered":"\n<h2 class=\"wp-block-heading\" id=\"h-product-overview\">Produkta p\u0101rskats:<\/h2>\n\n<p><strong>AYANEO Pocket DMG futr\u0101lis ir<\/strong> izcils stila un funkcionalit\u0101tes apvienojums, kas paredz\u0113ts tikai AYANEO Pocket DMG konsolei. \u0160is futr\u0101lis ar augst\u0101k\u0101s kvalit\u0101tes \u0101das \u0101r\u0113jo apdari ir velt\u012bjums retro sp\u0113\u013cu est\u0113tikai, vienlaikus nodro\u0161inot modernu aizsardz\u012bbu j\u016bsu rokas ier\u012bcei. <\/p>\n\n<hr class=\"wp-block-separator has-alpha-channel-opacity\"\/>\n\n<h2 class=\"wp-block-heading\" id=\"h-key-features\">Galven\u0101s funkcijas:<\/h2>\n\n<p><strong>Retro iedvesmots dizains<\/strong><br\/>Korpusa dizain\u0101 iedvesma smelta no klasiskaj\u0101m sp\u0113l\u0113m, t\u0101p\u0113c tas ir oblig\u0101ts piederums tiem sp\u0113l\u0113t\u0101jiem, kuriem pat\u012bk nostal\u0123isks stils.<\/p>\n\n<p> <strong>Augstas kvalit\u0101tes \u0101das konstrukcija<\/strong><br\/>Izstr\u0101d\u0101ts no augstas kvalit\u0101tes \u0101das, \u0161is futr\u0101lis ir gl\u012bts un iztur\u012bgs risin\u0101jums, lai pasarg\u0101tu ier\u012bci no skr\u0101p\u0113jumiem, putek\u013ciem un nelieliem triecieniem.<\/p>\n\n<p><strong>Kompakts un p\u0101rn\u0113s\u0101jams<\/strong><br\/>AYANEO Pocket DMG ir ide\u0101li piem\u0113rots AYANEO Pocket DMG, un t\u0101 pl\u0101ns profils nodro\u0161ina vieglu p\u0101rn\u0113s\u0101jam\u012bbu, nesamazinot aizsardz\u012bbas l\u012bmeni.<\/p>\n\n<p><strong>Magn\u0113tiskais aizv\u0113r\u0161anas meh\u0101nisms<\/strong><br\/>Nodro\u0161iniet ier\u012bci ar ieb\u016bv\u0113to magn\u0113tisko aizv\u0113r\u0161anas meh\u0101nismu, lai j\u016bsu konsole paliktu dro\u0161\u012bb\u0101 ce\u013cojuma vai glab\u0101\u0161anas laik\u0101.<\/p>\n\n<p> <strong>Elegantas kr\u0101su opcijas<\/strong><br\/>Pieejami vair\u0101ki retro stila iedvesmoti to\u0146i, kas atbilst j\u016bsu sp\u0113\u013cu stilam.<\/p>\n\n<hr class=\"wp-block-separator has-alpha-channel-opacity\"\/>\n\n<h2 class=\"wp-block-heading\" id=\"h-why-choose-the-ayaneo-dmg-case\">K\u0101p\u0113c izv\u0113l\u0113ties AYANEO Pocket DMG futr\u0101li?<\/h2>\n\n<p>Neatkar\u012bgi no t\u0101, vai esat retro sp\u0113\u013cu entuziasts vai vienk\u0101r\u0161i mekl\u0113jat stil\u012bgu veidu, k\u0101 aizsarg\u0101t savu konsoli, AYANEO DMG futr\u0101lis nodro\u0161ina nep\u0101rsp\u0113jamu kvalit\u0101ti un p\u0101rlaic\u012bgu dizainu. T\u0101 prec\u012bzs stiprin\u0101jums un augst\u0101k\u0101s kvalit\u0101tes materi\u0101li nodro\u0161ina, ka j\u016bsu ier\u012bce vienm\u0113r ir aizsarg\u0101ta un gatava sp\u0113l\u0113t jebkur\u0101 viet\u0101 un jebkur\u0101 laik\u0101.   <\/p>\n\n<hr class=\"wp-block-separator has-alpha-channel-opacity\"\/>\n\n<h3 class=\"wp-block-heading\" id=\"h-specifications\">Specifik\u0101cijas:<\/h3>\n\n<ul class=\"wp-block-list\">\n<li><strong>Materi\u0101ls:<\/strong> Materi\u0101ls: augst\u0101k\u0101s kvalit\u0101tes \u0101da<\/li>\n\n\n\n<li><strong>Savietojam\u012bba:<\/strong> AYANEO Pocket DMG konsole<\/li>\n\n\n\n<li><strong>Sl\u0113g\u0161anas veids:<\/strong> Magn\u0113tiskais<\/li>\n\n\n\n<li><strong>Izm\u0113ri:<\/strong> Piel\u0101gota ier\u012bcei<\/li>\n<\/ul>\n\n<p>Uzlabojiet savu sp\u0113\u013cu pieredzi jau \u0161odien ar AYANEO Pocket DMG futr\u0101l\u012bti - kur retro vibr\u0101cijas satiekas ar m\u016bsdien\u012bgu aizsardz\u012bbu!<\/p>\n\n<p><\/p>\n","protected":false},"excerpt":{"rendered":"<ul>\n<li><strong>Ofici\u0101lais AYANEO<\/strong> Pocket DMG \u0101das futr\u0101lis<\/li>\n<li>Retro iedvesmots dizains <strong>nostal\u0123iskiem sp\u0113l\u0113t\u0101jiem<\/strong>.<\/li>\n<li>Augstas kvalit\u0101tes \u0101das konstrukcija nodro\u0161ina <strong>iztur\u012bgu aizsardz\u012bbu<\/strong>.<\/li>\n<li>Magn\u0113tiskais aizdare <strong>dro\u0161ai un \u0113rtai piek\u013cuvei<\/strong>.<\/li>\n<li>Kompakts un viegls, lai b\u016btu <strong>\u0113rti p\u0101rvietoties<\/strong>.<\/li>\n<\/ul>\n[cg_accordion title=\"INFORM\u0100CIJA PAR MAKS\u0100JUMU\"]<\/p>\n<p>M\u0113s izmantojam jaun\u0101k\u0101s tehnolo\u0123ijas maks\u0101jumu apstr\u0101d\u0113, kas \u013cauj \u0101tri un dro\u0161i nor\u0113\u0137in\u0101ties, izmantojot Apple Pay, Google Pay, debetkarti\/kred\u012btkarti, PayPal vai BNPL metodes, piem\u0113ram, Klarna, Affirm vai AfterPay.[\/cg_accordion]\n[cg_accordion title=\"GARANTIJA\"]<\/p>\n<p>1 gada garantija no <a href=\"https:\/\/droix.net\/\" target=\"_blank\" rel=\"nofollow noopener\">DROIX Global, lai<\/a> j\u016bs b\u016btu mier\u0101.[\/cg_accordion]\n[cg_accordion title=\"KVALIT\u0100TES NODRO\u0160IN\u0100\u0160ANA UN PIRMSNOS\u016aT\u012a\u0160ANAS TEST\u0112\u0160ANA\"]<\/p>\n<p>Klientu apmierin\u0101t\u012bbas nodro\u0161in\u0101\u0161ana augst\u0101kaj\u0101 l\u012bmen\u012b: Katra ier\u012bce pirms nos\u016bt\u012b\u0161anas tiek r\u016bp\u012bgi test\u0113ta un p\u0101rbaud\u012bta vair\u0101kos kvalit\u0101tes nodro\u0161in\u0101\u0161anas punktos. M\u016bsu komanda p\u0101rbauda veiktsp\u0113ju, funkcionalit\u0101ti un komponentu integrit\u0101ti, lai garant\u0113tu, ka j\u016bsu AYANEO ier\u012bce p\u0113c sa\u0146em\u0161anas ir ide\u0101l\u0101 darba k\u0101rt\u012bb\u0101, sniedzot jums p\u0101rliec\u012bbu un mieru. [\/cg_accordion]\n[cg_accordion title=\"CENAS, NODOK\u013bI UN PIEG\u0100DE\"]<\/p>\n<p><strong><u>Piez\u012bme:<\/u><\/strong><\/p>\n<ul>\n<li>Amerikas Savienot\u0101s Valstis Klienti: Klientiem, kas ieg\u0101d\u0101jas preces, nor\u0101d\u012bt\u0101 cena neietver ne nodokli, ne nodevas. Atbild\u012bba par muito\u0161anu un saist\u012bto nodok\u013cu\/muitas nodok\u013cu nomaksu gulstas uz klientu pleciem. <\/li>\n<li>ES klienti: Atkar\u012bb\u0101 no j\u016bsu valsts, nor\u0101d\u012bt\u0101 cena ietver piem\u0113rojamo nodokli, kas var b\u016bt l\u012bdz 25%.<\/li>\n<li>Kan\u0101das klienti: Atkar\u012bb\u0101 no j\u016bsu provinces nor\u0101d\u012btaj\u0101 cen\u0101 ir iek\u013cauti piem\u0113rojamie nodok\u013ci, kas var ietvert 5% GST un papildu provinces p\u0101rdo\u0161anas nodokli (PST), saska\u0146oto p\u0101rdo\u0161anas nodokli (HST) vai Kvebekas p\u0101rdo\u0161anas nodokli (QST).<\/li>\n<\/ul>\n<p><strong>Tikai ES klientiem:<\/strong> Express DDP (pieg\u0101de ar samaks\u0101tu muitas nodokli). Tas noz\u012bm\u0113: <\/p>\n<ul>\n<li>Visas muitas nodevas un nodok\u013ci ir iek\u013cauti produkta lap\u0101 nor\u0101d\u012btaj\u0101 cen\u0101.<\/li>\n<li>Pieg\u0101des br\u012bd\u012b jums neb\u016bs j\u0101maks\u0101 papildu maksa.<\/li>\n<li>Retos gad\u012bjumos, kad rodas ar muitu saist\u012btas probl\u0113mas, m\u016bsu komanda j\u016bsu v\u0101rd\u0101 veiks muito\u0161anas procesu, lai nodro\u0161in\u0101tu netrauc\u0113tu pieg\u0101di.<\/li>\n<p>Svar\u012bga inform\u0101cija par atgrie\u0161anu:<\/p>\n<li>Ja nolemjat atgriezt pas\u016bt\u012bjumu vai piepras\u012bt atmaksu, l\u016bdzu, \u0146emiet v\u0113r\u0101, ka nodok\u013ci un nodevas, kas samaks\u0101ti j\u016bsu v\u0101rd\u0101 saska\u0146\u0101 ar DDP noteikumiem, nevar tikt atmaks\u0101ti.<\/li>\n<p>S\u012bk\u0101ku inform\u0101ciju skatiet m\u016bsu <a href=\"https:\/\/ayaneo.co\/lv\/pakalpojumu-sniegsanas-noteikumi\/\" target=\"_blank\" rel=\"nofollow noopener\">Noteikumos un nosac\u012bjumos<\/a>.\n<\/ul>\n<p>[\/cg_accordion]\n[cg_accordion title=\"KLIENTU ATBALSTS\"]<\/p>\n<p>Jums ir jaut\u0101jums? M\u0113s esam \u012bs\u0101 teksta att\u0101lum\u0101 no j\u016bsu jaut\u0101juma atrisin\u0101\u0161anas! [\/cg_accordion]\n[cg_accordion title=\"IEPAKOJUM\u0100 IETILPST\"]<\/p>\n<ul>\n<li>1x AYANEO Pocket DMG futr\u0101lis<\/li>\n<\/ul>\n<p>[\/cg_accordion]\n","protected":false},"featured_media":16380,"template":"","meta":{"_acf_changed":false},"product_brand":[],"product_cat":[1194],"product_tag":[],"class_list":{"0":"post-16379","1":"product","2":"type-product","3":"status-publish","4":"has-post-thumbnail","6":"product_cat-aksesuari","7":"product_shipping_class-low-end","8":"pa_accessory-type-protective-case-lv","9":"pa_brand-ayaneo","11":"first","12":"instock","13":"sale","14":"taxable","15":"shipping-taxable","16":"purchasable","17":"product-type-variable"},"acf":[],"_links":{"self":[{"href":"https:\/\/ayaneo.co\/lv\/wp-json\/wp\/v2\/product\/16379","targetHints":{"allow":["GET"]}}],"collection":[{"href":"https:\/\/ayaneo.co\/lv\/wp-json\/wp\/v2\/product"}],"about":[{"href":"https:\/\/ayaneo.co\/lv\/wp-json\/wp\/v2\/types\/product"}],"wp:featuredmedia":[{"embeddable":true,"href":"https:\/\/ayaneo.co\/lv\/wp-json\/wp\/v2\/media\/16380"}],"wp:attachment":[{"href":"https:\/\/ayaneo.co\/lv\/wp-json\/wp\/v2\/media?parent=16379"}],"wp:term":[{"taxonomy":"product_brand","embeddable":true,"href":"https:\/\/ayaneo.co\/lv\/wp-json\/wp\/v2\/product_brand?post=16379"},{"taxonomy":"product_cat","embeddable":true,"href":"https:\/\/ayaneo.co\/lv\/wp-json\/wp\/v2\/product_cat?post=16379"},{"taxonomy":"product_tag","embeddable":true,"href":"https:\/\/ayaneo.co\/lv\/wp-json\/wp\/v2\/product_tag?post=16379"}],"curies":[{"name":"wp","href":"https:\/\/api.w.org\/{rel}","templated":true}]}}