{"id":16430,"date":"2025-01-23T10:39:56","date_gmt":"2025-01-23T10:39:56","guid":{"rendered":"https:\/\/ayaneo.co\/product\/ayaneo-pocket-micro-ekrana-aizsargs\/"},"modified":"2025-12-04T10:14:59","modified_gmt":"2025-12-04T10:14:59","slug":"ayaneo-pocket-micro-ekrana-aizsargs","status":"publish","type":"product","link":"https:\/\/ayaneo.co\/lv\/product\/ayaneo-pocket-micro-ekrana-aizsargs\/","title":{"rendered":"AYANEO Pocket Micro ekr\u0101na aizsargs"},"content":{"rendered":"\n<h2 class=\"wp-block-heading\">Produkta p\u0101rskats:<\/h2>\n\n<p><strong>AYANEO Pocket Micro ekr\u0101na aizsargs ir<\/strong> izstr\u0101d\u0101ts, lai aizsarg\u0101tu j\u016bsu konsoles ekr\u0101nu, vienlaikus saglab\u0101jot krist\u0101ldzidru displeja kvalit\u0101ti. T\u0101 ir iztur\u012bga pret skr\u0101p\u0113jumiem un sm\u0113r\u0113jumiem, t\u0101p\u0113c nodro\u0161ina nep\u0101rtrauktu sp\u0113\u013cu vizu\u0101lo kvalit\u0101ti, vienlaikus aizsarg\u0101jot ekr\u0101nu no ikdienas nolietojuma. <\/p>\n\n<ol class=\"wp-block-list\">\n<li><strong>Piel\u0101gots<\/strong> AYANEO Pocket Micro.<\/li>\n\n\n\n<li>Iztur\u012bga un <strong>pret skr\u0101p\u0113jumiem iztur\u012bga virsma<\/strong>.<\/li>\n\n\n\n<li>\u012apa\u0161i dzidrs materi\u0101ls <strong>spilgtiem sp\u0113\u013cu att\u0113liem<\/strong>.<\/li>\n\n\n\n<li>Pret izsm\u0113r\u0113jumiem iztur\u012bgs p\u0101rkl\u0101jums <strong>t\u012bram un skaidram displejam<\/strong>.<\/li>\n\n\n\n<li>Viegla uzst\u0101d\u012b\u0161ana bez burbul\u012b\u0161iem, kas <strong>atvieglo lieto\u0161anu<\/strong>.<\/li>\n<\/ol>\n\n<h2 class=\"wp-block-heading\">K\u0101p\u0113c izv\u0113l\u0113ties AYANEO Pocket Micro ekr\u0101na aizsargu?<\/h2>\n\n<p>Aizsarg\u0101jiet savas sp\u0113\u013cu konsoles ekr\u0101nu ar aizsargpl\u0113vi, kas nodro\u0161ina skaidr\u012bbu un iztur\u012bbu. AYANEO Pocket Micro ekr\u0101na aizsargs ir ide\u0101li piem\u0113rots sp\u0113l\u0113t\u0101jiem, kuri v\u0113las baud\u012bt spilgtu att\u0113lu, vienlaikus pasarg\u0101jot savu konsoli no skr\u0101p\u0113jumiem, traipiem un pirkstu nospiedumiem. <\/p>\n\n<hr class=\"wp-block-separator has-alpha-channel-opacity\"\/>\n\n<h4 class=\"wp-block-heading\">Specifik\u0101cijas:<\/h4>\n\n<ul class=\"wp-block-list\">\n<li><strong>Materi\u0101ls:<\/strong> R\u016bd\u012bts stikls vai augst\u0101k\u0101s kvalit\u0101tes pl\u0113ve<\/li>\n\n\n\n<li><strong>Savietojam\u012bba:<\/strong> AYANEO Pocket Micro Console<\/li>\n\n\n\n<li><strong>Funkcijas:<\/strong> Pret skr\u0101p\u0113jumiem, notur\u012bgs pret izsm\u0113r\u0113jumiem, bez burbu\u013ciem.<\/li>\n<\/ul>\n\n<p>Uzlabojiet savu sp\u0113\u013cu pieredzi ar AYANEO Pocket Micro ekr\u0101na aizsargu, jo j\u016bsu konsole ir peln\u012bjusi lab\u0101ko!<\/p>\n","protected":false},"excerpt":{"rendered":"<ul>\n<li><strong>Piel\u0101gots<\/strong> AYANEO Pocket Micro.<\/li>\n<li>Iztur\u012bga un <strong>pret skr\u0101p\u0113jumiem iztur\u012bga virsma<\/strong>.<\/li>\n<li>\u012apa\u0161i dzidrs materi\u0101ls <strong>spilgtiem sp\u0113\u013cu att\u0113liem<\/strong>.<\/li>\n<li>Pret izsm\u0113r\u0113jumiem iztur\u012bgs p\u0101rkl\u0101jums <strong>t\u012bram un skaidram displejam<\/strong>.<\/li>\n<li>Viegla uzst\u0101d\u012b\u0161ana bez burbul\u012b\u0161iem, kas <strong>atvieglo lieto\u0161anu<\/strong>.<\/li>\n<\/ul>\n[cg_accordion title=\"INFORM\u0100CIJA PAR MAKS\u0100JUMU\"]<\/p>\n<p>M\u0113s izmantojam jaun\u0101k\u0101s tehnolo\u0123ijas maks\u0101jumu apstr\u0101d\u0113, kas \u013cauj \u0101tri un dro\u0161i nor\u0113\u0137in\u0101ties, izmantojot Apple Pay, Google Pay, debetkarti\/kred\u012btkarti, PayPal vai BNPL metodes, piem\u0113ram, Klarna, Affirm vai AfterPay.[\/cg_accordion]\n[cg_accordion title=\"GARANTIJA\"]<\/p>\n<p>1 gada garantija no <a href=\"https:\/\/droix.net\/\" target=\"_blank\" rel=\"nofollow noopener\">DROIX Global, lai<\/a> j\u016bs b\u016btu mier\u0101.[\/cg_accordion]\n[cg_accordion title=\"KVALIT\u0100TES NODRO\u0160IN\u0100\u0160ANA UN PIRMSNOS\u016aT\u012a\u0160ANAS TEST\u0112\u0160ANA\"]<\/p>\n<p>Klientu apmierin\u0101t\u012bbas nodro\u0161in\u0101\u0161ana augst\u0101kaj\u0101 l\u012bmen\u012b: Katra ier\u012bce pirms nos\u016bt\u012b\u0161anas tiek r\u016bp\u012bgi test\u0113ta un p\u0101rbaud\u012bta vair\u0101kos kvalit\u0101tes nodro\u0161in\u0101\u0161anas punktos. M\u016bsu komanda p\u0101rbauda veiktsp\u0113ju, funkcionalit\u0101ti un komponentu integrit\u0101ti, lai garant\u0113tu, ka j\u016bsu AYANEO ier\u012bce p\u0113c sa\u0146em\u0161anas ir ide\u0101l\u0101 darba k\u0101rt\u012bb\u0101, sniedzot jums p\u0101rliec\u012bbu un mieru. [\/cg_accordion]\n[cg_accordion title=\"CENAS, NODOK\u013bI UN PIEG\u0100DE\"]<\/p>\n<p><strong><u>Piez\u012bme:<\/u><\/strong><\/p>\n<ul>\n<li>Amerikas Savienot\u0101s Valstis Klienti: Klientiem, kas ieg\u0101d\u0101jas preces, nor\u0101d\u012bt\u0101 cena neietver ne nodokli, ne nodevas. Atbild\u012bba par muito\u0161anu un saist\u012bto nodok\u013cu\/muitas nodok\u013cu nomaksu gulstas uz klientu pleciem. <\/li>\n<li>ES klienti: Atkar\u012bb\u0101 no j\u016bsu valsts, nor\u0101d\u012bt\u0101 cena ietver piem\u0113rojamo nodokli, kas var b\u016bt l\u012bdz 25%.<\/li>\n<li>Kan\u0101das klienti: Atkar\u012bb\u0101 no j\u016bsu provinces nor\u0101d\u012btaj\u0101 cen\u0101 ir iek\u013cauti piem\u0113rojamie nodok\u013ci, kas var ietvert 5% GST un papildu provinces p\u0101rdo\u0161anas nodokli (PST), saska\u0146oto p\u0101rdo\u0161anas nodokli (HST) vai Kvebekas p\u0101rdo\u0161anas nodokli (QST).<\/li>\n<\/ul>\n<p><strong>Tikai ES klientiem:<\/strong> Express DDP (pieg\u0101de ar samaks\u0101tu muitas nodokli). Tas noz\u012bm\u0113: <\/p>\n<ul>\n<li>Visas muitas nodevas un nodok\u013ci ir iek\u013cauti produkta lap\u0101 nor\u0101d\u012btaj\u0101 cen\u0101.<\/li>\n<li>Pieg\u0101des br\u012bd\u012b jums neb\u016bs j\u0101maks\u0101 papildu maksa.<\/li>\n<li>Retos gad\u012bjumos, kad rodas ar muitu saist\u012btas probl\u0113mas, m\u016bsu komanda j\u016bsu v\u0101rd\u0101 veiks muito\u0161anas procesu, lai nodro\u0161in\u0101tu netrauc\u0113tu pieg\u0101di.<\/li>\n<p>Svar\u012bga inform\u0101cija par atgrie\u0161anu:<\/p>\n<li>Ja nolemjat atgriezt pas\u016bt\u012bjumu vai piepras\u012bt atmaksu, l\u016bdzu, \u0146emiet v\u0113r\u0101, ka nodok\u013ci un nodevas, kas samaks\u0101ti j\u016bsu v\u0101rd\u0101 saska\u0146\u0101 ar DDP noteikumiem, nevar tikt atmaks\u0101ti.<\/li>\n<p>S\u012bk\u0101ku inform\u0101ciju skatiet m\u016bsu <a href=\"https:\/\/ayaneo.co\/lv\/pakalpojumu-sniegsanas-noteikumi\/\" target=\"_blank\" rel=\"nofollow noopener\">Noteikumos un nosac\u012bjumos<\/a>.\n<\/ul>\n<p>[\/cg_accordion]\n[cg_accordion title=\"KLIENTU ATBALSTS\"]<\/p>\n<p>Jums ir jaut\u0101jums? M\u0113s esam \u012bs\u0101 teksta att\u0101lum\u0101 no j\u016bsu jaut\u0101juma atrisin\u0101\u0161anas! [\/cg_accordion]\n[cg_accordion title=\"IEPAKOJUM\u0100 IETILPST\"]<\/p>\n<ul>\n<li>1x AYANEO Pocket Micro ekr\u0101na aizsargs<\/li>\n<\/ul>\n<p>[\/cg_accordion]\n","protected":false},"featured_media":16434,"template":"","meta":{"_acf_changed":false},"product_brand":[],"product_cat":[1202],"product_tag":[],"class_list":{"0":"post-16430","1":"product","2":"type-product","3":"status-publish","4":"has-post-thumbnail","6":"product_cat-uncategorized-lv","7":"product_shipping_class-low-end","8":"pa_accessory-type-screen-protector-lv","9":"pa_brand-ayaneo","11":"first","12":"outofstock","13":"sale","14":"taxable","15":"shipping-taxable","16":"purchasable","17":"product-type-variable","18":"has-default-attributes"},"acf":[],"_links":{"self":[{"href":"https:\/\/ayaneo.co\/lv\/wp-json\/wp\/v2\/product\/16430","targetHints":{"allow":["GET"]}}],"collection":[{"href":"https:\/\/ayaneo.co\/lv\/wp-json\/wp\/v2\/product"}],"about":[{"href":"https:\/\/ayaneo.co\/lv\/wp-json\/wp\/v2\/types\/product"}],"wp:featuredmedia":[{"embeddable":true,"href":"https:\/\/ayaneo.co\/lv\/wp-json\/wp\/v2\/media\/16434"}],"wp:attachment":[{"href":"https:\/\/ayaneo.co\/lv\/wp-json\/wp\/v2\/media?parent=16430"}],"wp:term":[{"taxonomy":"product_brand","embeddable":true,"href":"https:\/\/ayaneo.co\/lv\/wp-json\/wp\/v2\/product_brand?post=16430"},{"taxonomy":"product_cat","embeddable":true,"href":"https:\/\/ayaneo.co\/lv\/wp-json\/wp\/v2\/product_cat?post=16430"},{"taxonomy":"product_tag","embeddable":true,"href":"https:\/\/ayaneo.co\/lv\/wp-json\/wp\/v2\/product_tag?post=16430"}],"curies":[{"name":"wp","href":"https:\/\/api.w.org\/{rel}","templated":true}]}}