{"id":16473,"date":"2025-01-23T13:59:52","date_gmt":"2025-01-23T13:59:52","guid":{"rendered":"https:\/\/ayaneo.co\/product\/ayaneo-pocket-evo-ekrana-aizsargs\/"},"modified":"2025-12-09T00:38:44","modified_gmt":"2025-12-09T00:38:44","slug":"ayaneo-pocket-evo-ekrana-aizsargs","status":"publish","type":"product","link":"https:\/\/ayaneo.co\/lv\/product\/ayaneo-pocket-evo-ekrana-aizsargs\/","title":{"rendered":"AYANEO Pocket EVO ekr\u0101na aizsargs"},"content":{"rendered":"\n<h2 class=\"wp-block-heading\">Produkta p\u0101rskats:<\/h2>\n\n<p><strong>AYANEO Pocket EVO ekr\u0101na aizsargs ir<\/strong> izstr\u0101d\u0101ts, lai aizsarg\u0101tu j\u016bsu konsoles ekr\u0101nu, vienlaikus nodro\u0161inot izcilu skaidr\u012bbu. \u0160is ekr\u0101na aizsargstikls ir izgatavots no augstas kvalit\u0101tes r\u016bd\u012bta stikla un nodro\u0161ina izcilu iztur\u012bbu pret skr\u0101p\u0113jumiem un traipiem, saglab\u0101jot j\u016bsu ier\u012bces ekr\u0101nu nevainojamu un nevainojamu vizu\u0101lo kvalit\u0101ti. <\/p>\n\n<ol class=\"wp-block-list\">\n<li>AYANEO Pocket EVO <strong>piel\u0101gots izm\u0113rs.<\/strong> <\/li>\n\n\n\n<li>Iztur\u012bga un <strong>pret skr\u0101p\u0113jumiem iztur\u012bga virsma<\/strong>.<\/li>\n\n\n\n<li>\u012apa\u0161i dzidrs materi\u0101ls <strong>spilgtiem sp\u0113\u013cu att\u0113liem<\/strong>.<\/li>\n\n\n\n<li>Pret izsm\u0113r\u0113jumiem iztur\u012bgs p\u0101rkl\u0101jums <strong>t\u012bram un skaidram displejam<\/strong>.<\/li>\n\n\n\n<li>Viegla uzst\u0101d\u012b\u0161ana bez burbul\u012b\u0161iem, kas <strong>atvieglo lieto\u0161anu<\/strong>.<\/li>\n<\/ol>\n\n<h2 class=\"wp-block-heading\">K\u0101p\u0113c izv\u0113l\u0113ties AYANEO Pocket EVO ekr\u0101na aizsargu?<\/h2>\n\n<p>AYANEO Pocket ekr\u0101na aizsargv\u0101ci\u0146\u0161 apvieno augst\u0101k\u0101s kvalit\u0101tes materi\u0101lus un prec\u012bzu dizainu, lai nodro\u0161in\u0101tu izcilu aizsardz\u012bbu un vizu\u0101lo skaidr\u012bbu. Neatkar\u012bgi no t\u0101, vai sp\u0113l\u0113jat sp\u0113les m\u0101j\u0101s vai ce\u013cojat, \u0161\u012b ekr\u0101na aizsargpl\u0101ksne nodro\u0161ina, ka j\u016bsu ier\u012bce netiks saskr\u0101p\u0113ta, vienlaikus saglab\u0101jot spilgtu, krist\u0101ldzidru att\u0113lu. <\/p>\n\n<hr class=\"wp-block-separator has-alpha-channel-opacity\"\/>\n\n<h4 class=\"wp-block-heading\">Specifik\u0101cijas:<\/h4>\n\n<ul class=\"wp-block-list\">\n<li><strong>Materi\u0101ls:<\/strong> R\u016bd\u012bts stikls<\/li>\n\n\n\n<li><strong>Savietojam\u012bba:<\/strong> AYANEO Pocket EVO konsole<\/li>\n\n\n\n<li><strong>Funkcijas:<\/strong> Iztur\u012bgs pret skr\u0101p\u0113jumiem, iztur\u012bgs pret izsm\u0113r\u0113jumiem, \u012bpa\u0161i dzidrs un bez burbu\u013ciem.<\/li>\n<\/ul>\n\n<p>Uzlabojiet savu sp\u0113\u013cu pieredzi ar AYANEO Pocket EVO ekr\u0101na aizsargu - vislab\u0101ko aizsargu j\u016bsu konsoles ekr\u0101nam!  <\/p>\n","protected":false},"excerpt":{"rendered":"<ul>\n<li>AYANEO Pocket EVO <strong>piel\u0101gots izm\u0113rs.<\/strong> <\/li>\n<li>Iztur\u012bga un <strong>pret skr\u0101p\u0113jumiem iztur\u012bga virsma<\/strong>.<\/li>\n<li>\u012apa\u0161i dzidrs materi\u0101ls <strong>spilgtiem sp\u0113\u013cu att\u0113liem<\/strong>.<\/li>\n<li>Pret izsm\u0113r\u0113jumiem iztur\u012bgs p\u0101rkl\u0101jums <strong>t\u012bram un skaidram displejam<\/strong>.<\/li>\n<li>Viegla uzst\u0101d\u012b\u0161ana bez burbul\u012b\u0161iem, kas <strong>atvieglo lieto\u0161anu<\/strong>.<\/li>\n<\/ul>\n[cg_accordion title=\"INFORM\u0100CIJA PAR MAKS\u0100JUMU\"]<\/p>\n<p>M\u0113s izmantojam jaun\u0101k\u0101s tehnolo\u0123ijas maks\u0101jumu apstr\u0101d\u0113, kas \u013cauj \u0101tri un dro\u0161i nor\u0113\u0137in\u0101ties, izmantojot Apple Pay, Google Pay, debetkarti\/kred\u012btkarti, PayPal vai BNPL metodes, piem\u0113ram, Klarna, Affirm vai AfterPay.[\/cg_accordion]\n[cg_accordion title=\"GARANTIJA\"]<\/p>\n<p>1 gada garantija no <a href=\"https:\/\/droix.net\/\" target=\"_blank\" rel=\"nofollow noopener\">DROIX Global, lai<\/a> j\u016bs b\u016btu mier\u0101.[\/cg_accordion]\n[cg_accordion title=\"KVALIT\u0100TES NODRO\u0160IN\u0100\u0160ANA UN PIRMSNOS\u016aT\u012a\u0160ANAS TEST\u0112\u0160ANA\"]<\/p>\n<p>Klientu apmierin\u0101t\u012bbas nodro\u0161in\u0101\u0161ana augst\u0101kaj\u0101 l\u012bmen\u012b: Katra ier\u012bce pirms nos\u016bt\u012b\u0161anas tiek r\u016bp\u012bgi test\u0113ta un p\u0101rbaud\u012bta vair\u0101kos kvalit\u0101tes nodro\u0161in\u0101\u0161anas punktos. M\u016bsu komanda p\u0101rbauda veiktsp\u0113ju, funkcionalit\u0101ti un komponentu integrit\u0101ti, lai garant\u0113tu, ka j\u016bsu AYANEO ier\u012bce p\u0113c sa\u0146em\u0161anas ir ide\u0101l\u0101 darba k\u0101rt\u012bb\u0101, sniedzot jums p\u0101rliec\u012bbu un mieru. [\/cg_accordion]\n[cg_accordion title=\"CENAS, NODOK\u013bI UN PIEG\u0100DE\"]<\/p>\n<p><strong><u>Piez\u012bme:<\/u><\/strong><\/p>\n<ul>\n<li>Amerikas Savienot\u0101s Valstis Klienti: Klientiem, kas ieg\u0101d\u0101jas preces, nor\u0101d\u012bt\u0101 cena neietver ne nodokli, ne nodevas. Atbild\u012bba par muito\u0161anu un saist\u012bto nodok\u013cu\/muitas nodok\u013cu nomaksu gulstas uz klientu pleciem. <\/li>\n<li>ES klienti: Atkar\u012bb\u0101 no j\u016bsu valsts, nor\u0101d\u012bt\u0101 cena ietver piem\u0113rojamo nodokli, kas var b\u016bt l\u012bdz 25%.<\/li>\n<li>Kan\u0101das klienti: Atkar\u012bb\u0101 no j\u016bsu provinces nor\u0101d\u012btaj\u0101 cen\u0101 ir iek\u013cauti piem\u0113rojamie nodok\u013ci, kas var ietvert 5% GST un papildu provinces p\u0101rdo\u0161anas nodokli (PST), saska\u0146oto p\u0101rdo\u0161anas nodokli (HST) vai Kvebekas p\u0101rdo\u0161anas nodokli (QST).<\/li>\n<\/ul>\n<p><strong>Tikai ES klientiem:<\/strong> Express DDP (pieg\u0101de ar samaks\u0101tu muitas nodokli). Tas noz\u012bm\u0113: <\/p>\n<ul>\n<li>Visas muitas nodevas un nodok\u013ci ir iek\u013cauti produkta lap\u0101 nor\u0101d\u012btaj\u0101 cen\u0101.<\/li>\n<li>Pieg\u0101des br\u012bd\u012b jums neb\u016bs j\u0101maks\u0101 papildu maksa.<\/li>\n<li>Retos gad\u012bjumos, kad rodas ar muitu saist\u012btas probl\u0113mas, m\u016bsu komanda j\u016bsu v\u0101rd\u0101 veiks muito\u0161anas procesu, lai nodro\u0161in\u0101tu netrauc\u0113tu pieg\u0101di.<\/li>\n<p>Svar\u012bga inform\u0101cija par atgrie\u0161anu:<\/p>\n<li>Ja nolemjat atgriezt pas\u016bt\u012bjumu vai piepras\u012bt atmaksu, l\u016bdzu, \u0146emiet v\u0113r\u0101, ka nodok\u013ci un nodevas, kas samaks\u0101ti j\u016bsu v\u0101rd\u0101 saska\u0146\u0101 ar DDP noteikumiem, nevar tikt atmaks\u0101ti.<\/li>\n<p>S\u012bk\u0101ku inform\u0101ciju skatiet m\u016bsu <a href=\"https:\/\/ayaneo.co\/lv\/pakalpojumu-sniegsanas-noteikumi\/\" target=\"_blank\" rel=\"nofollow noopener\">Noteikumos un nosac\u012bjumos<\/a>.\n<\/ul>\n<p>[\/cg_accordion]\n[cg_accordion title=\"KLIENTU ATBALSTS\"]<\/p>\n<p>Jums ir jaut\u0101jums? M\u0113s esam \u012bs\u0101 teksta att\u0101lum\u0101 no j\u016bsu jaut\u0101juma atrisin\u0101\u0161anas! [\/cg_accordion]\n[cg_accordion title=\"IEPAKOJUM\u0100 IETILPST\"]<\/p>\n<ul>\n<li>1x AYANEO Pocket EVO ekr\u0101na aizsargs<\/li>\n<\/ul>\n<p>[\/cg_accordion]\n","protected":false},"featured_media":16474,"template":"","meta":{"_acf_changed":false},"product_brand":[],"product_cat":[1194],"product_tag":[],"class_list":{"0":"post-16473","1":"product","2":"type-product","3":"status-publish","4":"has-post-thumbnail","6":"product_cat-aksesuari","7":"product_shipping_class-low-end","8":"pa_accessory-type-screen-protector-lv","9":"pa_brand-ayaneo","11":"first","12":"instock","13":"sale","14":"taxable","15":"shipping-taxable","16":"purchasable","17":"product-type-simple"},"acf":[],"_links":{"self":[{"href":"https:\/\/ayaneo.co\/lv\/wp-json\/wp\/v2\/product\/16473","targetHints":{"allow":["GET"]}}],"collection":[{"href":"https:\/\/ayaneo.co\/lv\/wp-json\/wp\/v2\/product"}],"about":[{"href":"https:\/\/ayaneo.co\/lv\/wp-json\/wp\/v2\/types\/product"}],"wp:featuredmedia":[{"embeddable":true,"href":"https:\/\/ayaneo.co\/lv\/wp-json\/wp\/v2\/media\/16474"}],"wp:attachment":[{"href":"https:\/\/ayaneo.co\/lv\/wp-json\/wp\/v2\/media?parent=16473"}],"wp:term":[{"taxonomy":"product_brand","embeddable":true,"href":"https:\/\/ayaneo.co\/lv\/wp-json\/wp\/v2\/product_brand?post=16473"},{"taxonomy":"product_cat","embeddable":true,"href":"https:\/\/ayaneo.co\/lv\/wp-json\/wp\/v2\/product_cat?post=16473"},{"taxonomy":"product_tag","embeddable":true,"href":"https:\/\/ayaneo.co\/lv\/wp-json\/wp\/v2\/product_tag?post=16473"}],"curies":[{"name":"wp","href":"https:\/\/api.w.org\/{rel}","templated":true}]}}