{"id":16489,"date":"2025-01-23T16:27:44","date_gmt":"2025-01-23T16:27:44","guid":{"rendered":"https:\/\/ayaneo.co\/product\/ayaneo-pocket-s-korpuss-cietos-vakos\/"},"modified":"2025-12-09T00:30:55","modified_gmt":"2025-12-09T00:30:55","slug":"ayaneo-pocket-s-korpuss-cietos-vakos","status":"publish","type":"product","link":"https:\/\/ayaneo.co\/lv\/product\/ayaneo-pocket-s-korpuss-cietos-vakos\/","title":{"rendered":"AYANEO Pocket S cieto v\u0101ku futr\u0101lis"},"content":{"rendered":"\n<h2 class=\"wp-block-heading\" id=\"h-product-overview\">Produkta p\u0101rskats:<\/h2>\n\n<p><strong>AYANEO Pocket S Hardcover ir<\/strong> ide\u0101ls aksesu\u0101rs, lai stil\u012bgi aizsarg\u0101tu savu konsoli. Izstr\u0101d\u0101ts ar gludu un iztur\u012bgu apdari, \u0161is cietais v\u0101ks nodro\u0161ina lielisku aizsardz\u012bbu pret skr\u0101p\u0113jumiem, triecieniem un ikdienas nodilumu, vienlaikus saglab\u0101jot vieglu un p\u0101rn\u0113s\u0101jamu formu. <\/p>\n\n<hr class=\"wp-block-separator has-alpha-channel-opacity\"\/>\n\n<h2 class=\"wp-block-heading\" id=\"h-key-features\">Galven\u0101s funkcijas:<\/h2>\n\n<p><strong>Gluds ciets v\u0101ks dizains<\/strong> uzlabotai iztur\u012bbai.<\/p>\n\n<p><strong>Piel\u0101gota<\/strong> AYANEO Pocket S konsolei.<\/p>\n\n<p>Viegls un p\u0101rn\u0113s\u0101jams, lai var\u0113tu <strong>sp\u0113l\u0113t ar\u012b atrodoties ce\u013c\u0101<\/strong>.<\/p>\n\n<p>Augstas kvalit\u0101tes materi\u0101la konstrukcija <strong>ilgm\u016b\u017e\u012bgai lieto\u0161anai<\/strong>.<\/p>\n\n<p>M\u016bsdien\u012bga est\u0113tika, kas <strong>papildin\u0101s j\u016bsu konsoli<\/strong>.<\/p>\n\n<hr class=\"wp-block-separator has-alpha-channel-opacity\"\/>\n\n<h2 class=\"wp-block-heading\" id=\"h-why-choose-the-ayaneo-pocket-micro-case\">K\u0101p\u0113c izv\u0113l\u0113ties AYANEO Pocket S Hardcover?<\/h2>\n\n<p>Aizsarg\u0101jiet savu AYANEO Pocket S konsoli ar cieto v\u0101ku, kas apvieno iztur\u012bbu un stilu. T\u0101 vieglais un p\u0101rn\u0113s\u0101jamais dizains padara to ide\u0101li piem\u0113rotu sp\u0113l\u0113\u0161anai ce\u013c\u0101, savuk\u0101rt augst\u0101k\u0101s kvalit\u0101tes materi\u0101li nodro\u0161ina ilgm\u016b\u017e\u012bgu aizsardz\u012bbu. \u0160is cietais v\u0101ks ir ide\u0101li piem\u0113rots sp\u0113l\u0113t\u0101jiem, kuri v\u0113las saglab\u0101t savu konsoli dro\u0161\u012bb\u0101, neapdraudot est\u0113tiku.  <\/p>\n\n<hr class=\"wp-block-separator has-alpha-channel-opacity\"\/>\n\n<h3 class=\"wp-block-heading\" id=\"h-specifications\">Specifik\u0101cijas:<\/h3>\n\n<ul class=\"wp-block-list\">\n<li><strong>Materi\u0101ls:<\/strong> Iztur\u012bga cieta plastmasa<\/li>\n\n\n\n<li><strong>Savietojam\u012bba:<\/strong> AYANEO Pocket S konsole<\/li>\n\n\n\n<li><strong>Funkcijas:<\/strong> Viegls, iztur\u012bgs pret skr\u0101p\u0113jumiem un p\u0101rn\u0113s\u0101jams<\/li>\n<\/ul>\n\n<p>Saglab\u0101jiet savu konsoli aizsarg\u0101tu un stil\u012bgu ar AYANEO Pocket S Hardcover - lielisku piederumu sp\u0113l\u0113t\u0101jiem, kas r\u016bp\u0113jas par savu apr\u012bkojumu!<\/p>\n\n<p><\/p>\n","protected":false},"excerpt":{"rendered":"<ul>\n<li><strong>Gluds ciets v\u0101ks dizains<\/strong> uzlabotai iztur\u012bbai.<\/li>\n<li><strong>Piel\u0101gota<\/strong> AYANEO Pocket S konsolei.<\/li>\n<li>Viegls un p\u0101rn\u0113s\u0101jams, lai var\u0113tu <strong>sp\u0113l\u0113t ar\u012b atrodoties ce\u013c\u0101<\/strong>.<\/li>\n<li>Augstas kvalit\u0101tes materi\u0101la konstrukcija <strong>ilgm\u016b\u017e\u012bgai lieto\u0161anai<\/strong>.<\/li>\n<li>M\u016bsdien\u012bga est\u0113tika, kas <strong>papildin\u0101s j\u016bsu konsoli<\/strong>.<\/li>\n<\/ul>\n[cg_accordion title=\"INFORM\u0100CIJA PAR MAKS\u0100JUMU\"]<\/p>\n<p>M\u0113s izmantojam jaun\u0101k\u0101s tehnolo\u0123ijas maks\u0101jumu apstr\u0101d\u0113, kas \u013cauj \u0101tri un dro\u0161i nor\u0113\u0137in\u0101ties, izmantojot Apple Pay, Google Pay, debetkarti\/kred\u012btkarti, PayPal vai BNPL metodes, piem\u0113ram, Klarna, Affirm vai AfterPay.[\/cg_accordion]\n[cg_accordion title=\"GARANTIJA\"]<\/p>\n<p>1 gada garantija no <a href=\"https:\/\/droix.net\/\" target=\"_blank\" rel=\"nofollow noopener\">DROIX Global, lai<\/a> j\u016bs b\u016btu mier\u0101.[\/cg_accordion]\n[cg_accordion title=\"KVALIT\u0100TES NODRO\u0160IN\u0100\u0160ANA UN PIRMSNOS\u016aT\u012a\u0160ANAS TEST\u0112\u0160ANA\"]<\/p>\n<p>Klientu apmierin\u0101t\u012bbas nodro\u0161in\u0101\u0161ana augst\u0101kaj\u0101 l\u012bmen\u012b: Katra ier\u012bce pirms nos\u016bt\u012b\u0161anas tiek r\u016bp\u012bgi test\u0113ta un p\u0101rbaud\u012bta vair\u0101kos kvalit\u0101tes nodro\u0161in\u0101\u0161anas punktos. M\u016bsu komanda p\u0101rbauda veiktsp\u0113ju, funkcionalit\u0101ti un komponentu integrit\u0101ti, lai garant\u0113tu, ka j\u016bsu AYANEO ier\u012bce p\u0113c sa\u0146em\u0161anas ir ide\u0101l\u0101 darba k\u0101rt\u012bb\u0101, sniedzot jums p\u0101rliec\u012bbu un mieru. [\/cg_accordion]\n[cg_accordion title=\"CENAS, NODOK\u013bI UN PIEG\u0100DE\"]<\/p>\n<p><strong><u>Piez\u012bme:<\/u><\/strong><\/p>\n<ul>\n<li>Amerikas Savienot\u0101s Valstis Klienti: Klientiem, kas ieg\u0101d\u0101jas preces, nor\u0101d\u012bt\u0101 cena neietver ne nodokli, ne nodevas. Atbild\u012bba par muito\u0161anu un saist\u012bto nodok\u013cu\/muitas nodok\u013cu nomaksu gulstas uz klientu pleciem. <\/li>\n<li>ES klienti: Atkar\u012bb\u0101 no j\u016bsu valsts, nor\u0101d\u012bt\u0101 cena ietver piem\u0113rojamo nodokli, kas var b\u016bt l\u012bdz 25%.<\/li>\n<li>Kan\u0101das klienti: Atkar\u012bb\u0101 no j\u016bsu provinces nor\u0101d\u012btaj\u0101 cen\u0101 ir iek\u013cauti piem\u0113rojamie nodok\u013ci, kas var ietvert 5% GST un papildu provinces p\u0101rdo\u0161anas nodokli (PST), saska\u0146oto p\u0101rdo\u0161anas nodokli (HST) vai Kvebekas p\u0101rdo\u0161anas nodokli (QST).<\/li>\n<\/ul>\n<p><strong>Tikai ES klientiem:<\/strong> Express DDP (pieg\u0101de ar samaks\u0101tu muitas nodokli). Tas noz\u012bm\u0113: <\/p>\n<ul>\n<li>Visas muitas nodevas un nodok\u013ci ir iek\u013cauti produkta lap\u0101 nor\u0101d\u012btaj\u0101 cen\u0101.<\/li>\n<li>Pieg\u0101des br\u012bd\u012b jums neb\u016bs j\u0101maks\u0101 papildu maksa.<\/li>\n<li>Retos gad\u012bjumos, kad rodas ar muitu saist\u012btas probl\u0113mas, m\u016bsu komanda j\u016bsu v\u0101rd\u0101 veiks muito\u0161anas procesu, lai nodro\u0161in\u0101tu netrauc\u0113tu pieg\u0101di.<\/li>\n<p>Svar\u012bga inform\u0101cija par atgrie\u0161anu:<\/p>\n<li>Ja nolemjat atgriezt pas\u016bt\u012bjumu vai piepras\u012bt atmaksu, l\u016bdzu, \u0146emiet v\u0113r\u0101, ka nodok\u013ci un nodevas, kas samaks\u0101ti j\u016bsu v\u0101rd\u0101 saska\u0146\u0101 ar DDP noteikumiem, nevar tikt atmaks\u0101ti.<\/li>\n<p>S\u012bk\u0101ku inform\u0101ciju skatiet m\u016bsu <a href=\"https:\/\/ayaneo.co\/terms-of-service-2\/\" target=\"_blank\" rel=\"nofollow noopener\">Noteikumos un nosac\u012bjumos<\/a>.\n<\/ul>\n<p>[\/cg_accordion]\n[cg_accordion title=\"KLIENTU ATBALSTS\"]<\/p>\n<p>Jums ir jaut\u0101jums? M\u0113s esam \u012bs\u0101 teksta att\u0101lum\u0101 no j\u016bsu jaut\u0101juma atrisin\u0101\u0161anas! [\/cg_accordion]\n[cg_accordion title=\"IEPAKOJUM\u0100 IETILPST\"]<\/p>\n<ul>\n<li>1x AYANEO Pocket S cieto v\u0101ci\u0146u futr\u0101lis<\/li>\n<\/ul>\n<p>[\/cg_accordion]\n","protected":false},"featured_media":16497,"template":"","meta":{"_acf_changed":false},"product_brand":[],"product_cat":[1194],"product_tag":[],"class_list":{"0":"post-16489","1":"product","2":"type-product","3":"status-publish","4":"has-post-thumbnail","6":"product_cat-aksesuari","7":"product_shipping_class-low-end","8":"pa_accessory-type-protective-case-lv","9":"pa_brand-ayaneo","11":"first","12":"instock","13":"sale","14":"taxable","15":"shipping-taxable","16":"purchasable","17":"product-type-simple"},"acf":[],"_links":{"self":[{"href":"https:\/\/ayaneo.co\/lv\/wp-json\/wp\/v2\/product\/16489","targetHints":{"allow":["GET"]}}],"collection":[{"href":"https:\/\/ayaneo.co\/lv\/wp-json\/wp\/v2\/product"}],"about":[{"href":"https:\/\/ayaneo.co\/lv\/wp-json\/wp\/v2\/types\/product"}],"wp:featuredmedia":[{"embeddable":true,"href":"https:\/\/ayaneo.co\/lv\/wp-json\/wp\/v2\/media\/16497"}],"wp:attachment":[{"href":"https:\/\/ayaneo.co\/lv\/wp-json\/wp\/v2\/media?parent=16489"}],"wp:term":[{"taxonomy":"product_brand","embeddable":true,"href":"https:\/\/ayaneo.co\/lv\/wp-json\/wp\/v2\/product_brand?post=16489"},{"taxonomy":"product_cat","embeddable":true,"href":"https:\/\/ayaneo.co\/lv\/wp-json\/wp\/v2\/product_cat?post=16489"},{"taxonomy":"product_tag","embeddable":true,"href":"https:\/\/ayaneo.co\/lv\/wp-json\/wp\/v2\/product_tag?post=16489"}],"curies":[{"name":"wp","href":"https:\/\/api.w.org\/{rel}","templated":true}]}}