{"id":16513,"date":"2025-01-28T11:05:14","date_gmt":"2025-01-28T11:05:14","guid":{"rendered":"https:\/\/ayaneo.co\/product\/droix-pm14-4k-portativais-monitors\/"},"modified":"2025-05-30T15:56:55","modified_gmt":"2025-05-30T15:56:55","slug":"droix-pm14-4k-portativais-monitors","status":"publish","type":"product","link":"https:\/\/ayaneo.co\/lv\/product\/droix-pm14-4k-portativais-monitors\/","title":{"rendered":"DroiX PM14 4K portat\u012bvais monitors"},"content":{"rendered":"\n<div class=\"wp-block-columns is-layout-flex wp-container-core-columns-is-layout-28f84493 wp-block-columns-is-layout-flex\">\n<div class=\"wp-block-column is-layout-flow wp-block-column-is-layout-flow\" style=\"flex-basis:33.33%\">\n<figure class=\"wp-block-image size-large\"><a href=\"https:\/\/droix.net\/wp-content\/uploads\/2024\/05\/DROIX-PM14-LISTING-V2-DONE-01-NON-TOUCH.png\" target=\"_blank\" rel=\"noopener\"><img decoding=\"async\" src=\"https:\/\/droix.net\/wp-content\/uploads\/2024\/05\/DROIX-PM14-LISTING-V2-DONE-01-NON-TOUCH-1024x1024.png\" alt=\"DroiX portat&#x12B;v&#x101; monitora, 14 collu, 4K, &#x12B;pa&#x161;i pl&#x101;ns&quot; att&#x113;ls\" class=\"wp-image-179745\"\/><\/a><\/figure>\n<\/div>\n\n\n\n<div class=\"wp-block-column is-layout-flow wp-block-column-is-layout-flow\" style=\"flex-basis:66.66%\">\n<h3 class=\"wp-block-heading\"><strong>DroiX PM14 - 14,0 collu 4K \u012bpa\u0161i pl\u0101ns portat\u012bvais monitors<\/strong><\/h3>\n\n\n\n<p>Iepaz\u012bstiet jaun\u0101kos sasniegumus displeju tehnolo\u0123iju jom\u0101 ar DroiX PM14 - 14,0 collu \u012bpa\u0161i pl\u0101nu portat\u012bvo monitoru, kas pieejams gan ar sk\u0101rienj\u016bt\u012bgo ekr\u0101nu, gan bez sk\u0101rienj\u016bt\u012bg\u0101 ekr\u0101na. \u0160\u012b inovat\u012bv\u0101 ier\u012bce nosaka jaunu etalonu mobilo datoru jom\u0101, apvienojot stabilu veiktsp\u0113ju ar izcilu p\u0101rn\u0113s\u0101jam\u012bbu un modernu dizainu. Neatkar\u012bgi no t\u0101, vai esat profesion\u0101lis vai izklaides entuziasts, DroiX PM14 4K portat\u012bvais monitors ir izstr\u0101d\u0101ts t\u0101, lai nevainojami iek\u013cautos j\u016bsu dinamiskaj\u0101 dz\u012bvesveid\u0101, nodro\u0161inot b\u016btisku daudzpus\u012bbu neatkar\u012bgi no t\u0101, vai atrodaties m\u0101j\u0101s, biroj\u0101 vai ce\u013c\u0101.  <\/p>\n<\/div>\n<\/div>\n\n<h3 class=\"wp-block-heading\"><strong>Produkta p\u0101rskats<\/strong><\/h3>\n\n<figure class=\"wp-block-image aligncenter size-large\"><a href=\"https:\/\/droix.net\/wp-content\/uploads\/2024\/04\/1080P-FHD.jpg\" target=\"_blank\" rel=\"noopener\"><img decoding=\"async\" src=\"https:\/\/droix.net\/wp-content\/uploads\/2024\/04\/1080P-FHD-1024x420.jpg\" alt=\"DroiX portat&#x12B;v&#x101; monitora, 14 collu, 4K, &#x12B;pa&#x161;i pl&#x101;ns, ar skaidru 3840x2160 UHD iz&#x161;&#x137;irtsp&#x113;ju, dz&#x12B;v&#x101;m kr&#x101;s&#x101;m un neticam&#x101;m deta&#x13C;&#x101;m, DCI-P3 100% kr&#x101;su gammu un HDR400 atbalstu, att&#x113;ls\" class=\"wp-image-178360\"\/><\/a><\/figure>\n\n<p>DroiX PM14 p\u0101rn\u0113s\u0101jamais monitors demonstr\u0113 modern\u0101s in\u017eeniertehnisk\u0101s iesp\u0113jas, un tas var lepoties ar spilgtu 3840&#215;2160 UHD iz\u0161\u0137irtsp\u0113ju, kas atdz\u012bvina saturu ar spilgt\u0101m kr\u0101s\u0101m un izcilu detaliz\u0101ciju. Pateicoties DCI-P3 100% kr\u0101su gammai un HDR400 atbalstam, tas nodro\u0161ina satrieco\u0161u vizu\u0101lo kvalit\u0101ti, ko raksturo dzi\u013ci melni un spilgti balti to\u0146i. T\u0101 pl\u0101ns profils un viegls dizains nodro\u0161ina maksim\u0101lu p\u0101rn\u0113s\u0101jam\u012bbu, nemazinot kvalit\u0101ti un veiktsp\u0113ju.  <\/p>\n\n<figure class=\"wp-block-image aligncenter size-large\"><a href=\"https:\/\/droix.net\/wp-content\/uploads\/2024\/04\/Color.jpg\" target=\"_blank\" rel=\"noopener\"><img decoding=\"async\" src=\"https:\/\/droix.net\/wp-content\/uploads\/2024\/04\/Color-1024x406.jpg\" alt=\"DroiX portat&#x12B;v&#x101; monitora, 14 collu, 4K, &#x12B;pa&#x161;i pl&#x101;ns, ar DCI-P3 100% kr&#x101;su gammu un HDR400 atbalstu, kas nodro&#x161;ina satrieco&#x161;u att&#x113;lu ar dzi&#x13C;u melno un spilgti balto kr&#x101;su. Pl&#x101;ns profils un viegls dizains nodro&#x161;ina maksim&#x101;lu p&#x101;rn&#x113;s&#x101;jam&#x12B;bu, nezaud&#x113;jot kvalit&#x101;ti un veiktsp&#x113;ju. \" class=\"wp-image-178361\"\/><\/a><\/figure>\n\n<p>DroiX PM14 ir ergonomiski izstr\u0101d\u0101ts, un tam ir lietot\u0101jam \u0113rts vad\u012bbas riten\u012btis un daudzpus\u012bgas savienojam\u012bbas iesp\u0113jas, piem\u0113ram, Mini HDMI un vair\u0101ki USB-C porti. Tas \u013cauj to piel\u0101got vis\u0101m j\u016bsu ier\u012bc\u0113m, neatkar\u012bgi no t\u0101, vai sp\u0113l\u0113jat sp\u0113les ar PlayStation, redi\u0123\u0113jat videoklipus ar Mac vai prezent\u0113jat no kl\u0113pjdatora. PM14 nevainojami iek\u013caujas jebkur\u0101 konfigur\u0101cij\u0101, pied\u0101v\u0101jot zemu ener\u0123ijas pat\u0113ri\u0146u un augstas efektivit\u0101tes veiktsp\u0113ju, lai j\u016bs var\u0113tu str\u0101d\u0101t ilg\u0101k, neuztraucoties par ier\u012b\u010du akumulatoru izl\u0101d\u0113\u0161anos.  <\/p>\n\n<figure class=\"wp-block-image aligncenter size-large\"><a href=\"https:\/\/droix.net\/wp-content\/uploads\/2024\/04\/Modes.jpg\" target=\"_blank\" rel=\"noopener\"><img decoding=\"async\" src=\"https:\/\/droix.net\/wp-content\/uploads\/2024\/04\/Modes-1024x419.jpg\" alt=\"DroiX portat&#x12B;v&#x101; monitora, 14 collu, 4K, &#x12B;pa&#x161;i pl&#x101;ns, sader&#x12B;gs ar kl&#x113;pjdatoriem, Mac, viedt&#x101;lru&#x146;iem, plan&#x161;etdatoriem, person&#x101;lajiem datoriem, PS3\/4\/5, Xbox un Switchc att&#x113;ls\" class=\"wp-image-178357\"\/><\/a><\/figure>\n\n<h3 class=\"wp-block-heading\"><strong>Detaliz\u0113tas funkcijas<\/strong><\/h3>\n\n<ul class=\"wp-block-list\">\n<li>Veiktsp\u0113ja: DroiX PM14 4K p\u0101rn\u0113s\u0101jamais monitors nodro\u0161ina atsauc\u012bgu un aizraujo\u0161u skat\u012b\u0161an\u0101s pieredzi ar 60 Hz atsvaidzin\u0101\u0161anas frekvenci un 2,5 ms reakcijas \u0101trumu, nodro\u0161inot vienm\u0113r\u012bgu kust\u012bbu un asus att\u0113lus pat \u0101trdarb\u012bgu ainu laik\u0101. Tas pied\u0101v\u0101 500 cd\/m\u00b2 spilgtumu un 1500:1 kontrasta attiec\u012bbu, nodro\u0161inot lielisku redzam\u012bbu da\u017e\u0101dos apgaismojuma apst\u0101k\u013cos. <\/li>\n\n\n\n<li>Savienojam\u012bba: DroiX PM14 pied\u0101v\u0101 daudzpus\u012bgas savienojam\u012bbas iesp\u0113jas: divas USB-C piesl\u0113gvietas str\u0101vas un video datu p\u0101rs\u016bt\u012b\u0161anai, papildu USB-C piesl\u0113gvieta perif\u0113rijas ier\u012bc\u0113m, piem\u0113ram, tastat\u016br\u0101m un pel\u0113m, Mini HDMI piesl\u0113gvieta parastajiem video savienojumiem un audio ligzda priv\u0101tai klaus\u012b\u0161anai.<\/li>\n<\/ul>\n\n<figure class=\"wp-block-image aligncenter size-large\"><a href=\"https:\/\/droix.net\/wp-content\/uploads\/2024\/04\/interface.jpg\" target=\"_blank\" rel=\"noopener\"><img decoding=\"async\" src=\"https:\/\/droix.net\/wp-content\/uploads\/2024\/04\/interface-1024x1024.jpg\" alt=\"DroiX PM14 portat&#x12B;v&#x101; monitora att&#x113;ls, kas atbalsta pla&#x161;u HDMI un C tipa ier&#x12B;&#x10D;u kl&#x101;stu, uzlabojot savietojam&#x12B;bu vis&#x101;s digit&#x101;laj&#x101;s ekosist&#x113;m&#x101;s. Ide&#x101;li piem&#x113;rots sp&#x113;l&#x113;t&#x101;jiem, rado&#x161;iem profesion&#x101;&#x13C;iem, kas str&#x101;d&#x101; ar Mac, un biznesa profesion&#x101;&#x13C;iem, kam nepiecie&#x161;ams papildu ekr&#x101;ns. Lietot&#x101;jam draudz&#x12B;gs Windows ar plug-and-play iestat&#x12B;&#x161;anu, kas nodro&#x161;ina &#x113;rtu lieto&#x161;anu.  \" class=\"wp-image-178362\"\/><\/a><\/figure>\n\n<h3 class=\"wp-block-heading\"><strong>Lietot\u0101ja pieredze<\/strong><\/h3>\n\n<p>DroiX PM14 atbalsta pla\u0161u HDMI un C tipa ier\u012b\u010du kl\u0101stu, nodro\u0161inot savietojam\u012bbu da\u017e\u0101d\u0101s digit\u0101laj\u0101s ekosist\u0113m\u0101s. Neatkar\u012bgi no t\u0101, vai esat sp\u0113l\u0113t\u0101js, kas mekl\u0113 p\u0101rn\u0113s\u0101jamu monitoru, rado\u0161s profesion\u0101lis, kur\u0161 izmanto Mac, vai biznesa vad\u012bt\u0101js, kam nepiecie\u0161ams papildu ekr\u0101ns prezent\u0101cij\u0101m, PM14 bez piep\u016bles piel\u0101gojas j\u016bsu vajadz\u012bb\u0101m. Tas izce\u013cas Windows vid\u0113 ar lietot\u0101jam draudz\u012bgu plug-and-play iestat\u012b\u0161anu, \u013caujot jums bez sare\u017e\u0123\u012bjumiem p\u0101riet uz darbu vai izklaidi.  <\/p>\n\n<figure class=\"wp-block-image aligncenter size-large\"><a href=\"https:\/\/droix.net\/wp-content\/uploads\/2024\/04\/portable1.jpg\" target=\"_blank\" rel=\"noopener\"><img decoding=\"async\" src=\"https:\/\/droix.net\/wp-content\/uploads\/2024\/04\/portable1-1024x483.jpg\" alt=\"DroiX portat&#x12B;v&#x101; monitora, 14 collu, 4K, &#x12B;pa&#x161;i pl&#x101;ns, viegls un portat&#x12B;vs att&#x113;ls\" class=\"wp-image-178358\"\/><\/a><\/figure>\n\n<h3 class=\"wp-block-heading\"><strong>Secin\u0101jums<\/strong><\/h3>\n\n<p>DroiX PM14 portat\u012bvais monitors ir m\u016bsdien\u012bgs risin\u0101jums, kas apvieno lielisku funkcionalit\u0101ti, izcilu dizainu un p\u0101rn\u0113s\u0101jam\u012bbas br\u012bv\u012bbu. Tas nav tikai monitors, tas ir v\u0101rti, kas uzlabo j\u016bsu produktivit\u0101ti un izklaides pieredzi, lai kur j\u016bs atrastos. <\/p>\n\n<p>Atkl\u0101jiet portat\u012bvo monitoru n\u0101kotni kl\u0113pjdatoriem ar DroiX PM14. Nepalaidiet to gar\u0101m - rezerv\u0113jiet savu ier\u012bci jau tagad, lai nodro\u0161in\u0101tu savu ier\u012bci un b\u016btu vieni no pirmajiem, kas uzlabos savu skat\u012b\u0161an\u0101s pieredzi ce\u013c\u0101! <\/p>\n","protected":false},"excerpt":{"rendered":"<ul>\n<li>4K 14&#8243;<strong> HDR400<\/strong> displejs<\/li>\n<li>100%<strong> DCI-P3<\/strong> p\u0101rkl\u0101jums<\/li>\n<li>500 <strong>Nitu<\/strong> spilgtums<\/li>\n<li><strong> Ieb\u016bv\u0113ts<\/strong> stat\u012bvs<\/li>\n<li> <strong> Ieb\u016bv\u0113tie<\/strong> ska\u013cru\u0146i<\/li>\n<\/ul>\n[cg_accordion title=\"INFORM\u0100CIJA PAR MAKS\u0100JUMU\"]<\/p>\n<p>M\u0113s izmantojam jaun\u0101k\u0101s tehnolo\u0123ijas maks\u0101jumu apstr\u0101d\u0113, kas \u013cauj \u0101tri un dro\u0161i nor\u0113\u0137in\u0101ties, izmantojot Apple Pay, Google Pay, debetkarti\/kred\u012btkarti, PayPal vai BNPL metodes, piem\u0113ram, Klarna, Affirm vai AfterPay.[\/cg_accordion]\n[cg_accordion title=\"GARANTIJA\"]<\/p>\n<p>1 gada garantija no <a href=\"https:\/\/droix.net\/\" target=\"_blank\" rel=\"nofollow noopener\">DROIX Global<\/a>, lai j\u016bs b\u016btu mier\u0101.[\/cg_accordion]\n[cg_accordion title=\"CENAS, NODOK\u013bI UN PIEG\u0100DE\"]<\/p>\n<p><strong><u>Piez\u012bme:<\/u><\/strong><\/p>\n<ul>\n<li>Amerikas Savienot\u0101s Valstis Klienti: Klientiem, kas ieg\u0101d\u0101jas preces, nor\u0101d\u012bt\u0101 cena neietver ne nodokli, ne nodevas. Atbild\u012bba par muito\u0161anu un saist\u012bto nodok\u013cu\/muitas nodok\u013cu nomaksu gulstas uz klienta pleciem. <\/li>\n<li>ES klienti: Atkar\u012bb\u0101 no j\u016bsu valsts, nor\u0101d\u012bt\u0101 cena ietver piem\u0113rojamo nodokli, kas var b\u016bt l\u012bdz 25%.<\/li>\n<li>Kan\u0101das klienti: Atkar\u012bb\u0101 no j\u016bsu provinces nor\u0101d\u012btaj\u0101 cen\u0101 ir iek\u013cauti piem\u0113rojamie nodok\u013ci, kas var ietvert 5% GST un papildu provinces p\u0101rdo\u0161anas nodokli (PST), saska\u0146oto p\u0101rdo\u0161anas nodokli (HST) vai Kvebekas p\u0101rdo\u0161anas nodokli (QST).<\/li>\n<\/ul>\n<p><strong>Tikai ES klientiem:<\/strong> Express DDP (pieg\u0101de ar samaks\u0101tu muitas nodokli). Tas noz\u012bm\u0113: <\/p>\n<ul>\n<li>Visas muitas nodevas un nodok\u013ci ir iek\u013cauti produkta lap\u0101 nor\u0101d\u012btaj\u0101 cen\u0101.<\/li>\n<li>Pieg\u0101des br\u012bd\u012b jums neb\u016bs j\u0101maks\u0101 papildu maksa.<\/li>\n<li>Retos gad\u012bjumos, kad rodas ar muitu saist\u012btas probl\u0113mas, m\u016bsu komanda j\u016bsu v\u0101rd\u0101 veiks muito\u0161anas procesu, lai nodro\u0161in\u0101tu netrauc\u0113tu pieg\u0101di.<\/li>\n<p>Svar\u012bga inform\u0101cija par atgrie\u0161anu:<\/p>\n<li>Ja nolemjat atgriezt pas\u016bt\u012bjumu vai piepras\u012bt atmaksu, l\u016bdzu, \u0146emiet v\u0113r\u0101, ka nodok\u013ci un nodevas, kas samaks\u0101ti j\u016bsu v\u0101rd\u0101 saska\u0146\u0101 ar DDP noteikumiem, nevar tikt atmaks\u0101ti.<\/li>\n<p>S\u012bk\u0101ku inform\u0101ciju skatiet m\u016bsu <a href=\"https:\/\/ayaneo.co\/lv\/pakalpojumu-sniegsanas-noteikumi\/\" target=\"_blank\" rel=\"nofollow noopener\">Noteikumos un nosac\u012bjumos<\/a>.\n<\/ul>\n<p>[\/cg_accordion]\n[cg_accordion title=\"KLIENTU ATBALSTS\"]<\/p>\n<p>Jums ir jaut\u0101jums? M\u0113s esam \u012bs\u0101 teksta att\u0101lum\u0101 no j\u016bsu jaut\u0101juma atrisin\u0101\u0161anas!<br \/>\n[\/cg_accordion]\n","protected":false},"featured_media":16515,"template":"","meta":{"_acf_changed":false},"product_brand":[],"product_cat":[1204],"product_tag":[],"class_list":{"0":"post-16513","1":"product","2":"type-product","3":"status-publish","4":"has-post-thumbnail","6":"product_cat-portativie-monitori","7":"product_shipping_class-standard","8":"pa_brand-droix","10":"first","11":"outofstock","12":"sale","13":"taxable","14":"shipping-taxable","15":"purchasable","16":"product-type-variable","17":"has-default-attributes"},"acf":[],"_links":{"self":[{"href":"https:\/\/ayaneo.co\/lv\/wp-json\/wp\/v2\/product\/16513","targetHints":{"allow":["GET"]}}],"collection":[{"href":"https:\/\/ayaneo.co\/lv\/wp-json\/wp\/v2\/product"}],"about":[{"href":"https:\/\/ayaneo.co\/lv\/wp-json\/wp\/v2\/types\/product"}],"wp:featuredmedia":[{"embeddable":true,"href":"https:\/\/ayaneo.co\/lv\/wp-json\/wp\/v2\/media\/16515"}],"wp:attachment":[{"href":"https:\/\/ayaneo.co\/lv\/wp-json\/wp\/v2\/media?parent=16513"}],"wp:term":[{"taxonomy":"product_brand","embeddable":true,"href":"https:\/\/ayaneo.co\/lv\/wp-json\/wp\/v2\/product_brand?post=16513"},{"taxonomy":"product_cat","embeddable":true,"href":"https:\/\/ayaneo.co\/lv\/wp-json\/wp\/v2\/product_cat?post=16513"},{"taxonomy":"product_tag","embeddable":true,"href":"https:\/\/ayaneo.co\/lv\/wp-json\/wp\/v2\/product_tag?post=16513"}],"curies":[{"name":"wp","href":"https:\/\/api.w.org\/{rel}","templated":true}]}}