{"id":16562,"date":"2025-01-28T11:06:31","date_gmt":"2025-01-28T11:06:31","guid":{"rendered":"https:\/\/ayaneo.co\/product\/156%e2%80%b3-4k-portativais-monitors-ar-adobe-rgb\/"},"modified":"2025-05-30T15:57:03","modified_gmt":"2025-05-30T15:57:03","slug":"156%e2%80%b3-4k-portativais-monitors-ar-adobe-rgb","status":"publish","type":"product","link":"https:\/\/ayaneo.co\/lv\/product\/156%e2%80%b3-4k-portativais-monitors-ar-adobe-rgb\/","title":{"rendered":"15,6\u2033 4K portat\u012bvais monitors ar Adobe RGB"},"content":{"rendered":"\n<p>Izbaudiet nep\u0101rsp\u0113jamu vizu\u0101lo kvalit\u0101ti un veiktsp\u0113ju, izmantojot <strong>S23B-5 4K portat\u012bvo monitoru<\/strong>- m\u016bsdien\u012bgu risin\u0101jumu, kas paredz\u0113ts sp\u0113l\u0113t\u0101jiem, rado\u0161iem profesion\u0101\u013ciem un produktivit\u0101tes entuziastiem, kuri ir ce\u013c\u0101. \u0160is 15,6 collu portat\u012bvais displejs ar satrieco\u0161u UHD skaidr\u012bbu, atsauc\u012bgu sk\u0101rienj\u016bt\u012bg\u0101 ekr\u0101na funkcionalit\u0101ti un daudzpus\u012bgu savienojam\u012bbu ir j\u016bsu lab\u0101kais pal\u012bgs darbam un izklaidei. <\/p>\n\n<hr class=\"wp-block-separator has-alpha-channel-opacity\"\/>\n\n<h4 class=\"wp-block-heading\"><strong>Galven\u0101s funkcijas<\/strong><\/h4>\n\n<p><strong>4K UHD aizraujo\u0161s displejs<\/strong><br\/>Iegremd\u0113 elpu aizraujo\u0161os att\u0113lus ar 15,6 collu 4K UHD displeju (3840 x 2160 iz\u0161\u0137irtsp\u0113ja), kas atdz\u012bvina katru deta\u013cu. Izbaudiet spilgtas kr\u0101sas un asu asumu neatkar\u012bgi no t\u0101, vai sp\u0113l\u0113jat sp\u0113les, redi\u0123\u0113jat fotoatt\u0113lus vai straum\u0113jat savus iecien\u012bt\u0101kos seri\u0101lus. <\/p>\n\n<p><strong>Kapacitat\u012bvais 10 punktu sk\u0101rienekr\u0101ns<\/strong><br\/>Navig\u0113jiet bez piep\u016bles, izmantojot kapacitat\u012bvo 10 punktu sk\u0101rienekr\u0101nu, kas nodro\u0161ina vienm\u0113r\u012bgu un prec\u012bzu vad\u012bbu. \u0160\u012b funkcija ir ide\u0101li piem\u0113rota t\u0101lummai\u0146ai, ritin\u0101\u0161anai un z\u012bm\u0113\u0161anai, un t\u0101 uzlabo rado\u0161umu un produktivit\u0101ti ce\u013c\u0101. <\/p>\n\n<p><strong>Profesion\u0101las klases kr\u0101su precizit\u0101te<\/strong><br\/>Pateicoties 100% Adobe RGB kr\u0101su telpas p\u0101rkl\u0101jumam un 10 bitu kr\u0101su dzi\u013cumam, S23B-5 nodro\u0161ina re\u0101listiskas kr\u0101sas, t\u0101p\u0113c tas ir ide\u0101li piem\u0113rots fotoatt\u0113lu redi\u0123\u0113\u0161anai, grafiskajam dizainam un video veido\u0161anai.<\/p>\n\n<p><strong>Nevainojama savienojam\u012bba<\/strong><br\/>Bez piep\u016bles piesl\u0113dzieties kl\u0113pjdatoriem, viedt\u0101lru\u0146iem, sp\u0113\u013cu konsol\u0113m un citiem ier\u012bc\u0113m, izmantojot HD mini portu, C tipa portu un Micro-USB. Viegli papla\u0161iniet savu darba vietu vai sp\u0113\u013cu konfigur\u0101ciju jebkur\u0101 viet\u0101. <\/p>\n\n<p><strong>Ieb\u016bv\u0113ts akumulators mobilit\u0101tei<\/strong><br\/>Ieb\u016bv\u0113tais akumulators 10 000 mAh nodro\u0161ina nep\u0101rtrauktu lieto\u0161anu stund\u0101m ilgi, \u013caujot jums turpin\u0101t darbu vai izklaid\u0113ties, neizmantojot str\u0101vas avotu.<\/p>\n\n<p><strong>Premium klases dizains un p\u0101rn\u0113s\u0101jam\u012bba<\/strong><br\/>\u0160is vieglais un pl\u0101nais (tikai 9 mm biezais) monitors, kas izgatavots no augstas kvalit\u0101tes alum\u012bnija sakaus\u0113juma, ir iztur\u012bgs un p\u0101rn\u0113s\u0101jams. Tas sver tikai 1,3 kg, t\u0101p\u0113c lieliski iek\u013caujas som\u0101, lai to var\u0113tu \u0113rti p\u0101rvad\u0101t. <\/p>\n\n<p><strong>Uzlabota audio pieredze<\/strong><br\/>Ieb\u016bv\u0113tie divi 1,0 W ska\u013cru\u0146i nodro\u0161ina skaidru ska\u0146u, lai baud\u012btu aizraujo\u0161u multivides pieredzi neatkar\u012bgi no t\u0101, vai veicat videozvanu, sp\u0113l\u0113jat sp\u0113les vai skat\u0101ties filmas.<\/p>\n\n<p><strong>Pla\u0161i skata le\u0146\u0137i<\/strong><br\/>Izbaudiet konsekventu, spilgtu att\u0113lu no jebkura le\u0146\u0137a ar 85 gr\u0101du skata le\u0146\u0137i, kas ir ide\u0101li piem\u0113rots satura koplieto\u0161anai vai sadarb\u012bbai.<\/p>\n\n<p><strong>Optimiz\u0113ts sp\u0113l\u0113m<\/strong><br\/>Uzlabojiet savu sp\u0113\u013cu kvalit\u0101ti ar \u0101tru 25 ms reakcijas laiku un prec\u012bzu kr\u0101su precizit\u0101ti. Iegremd\u0113jiet sevi re\u0101listisk\u0101 grafik\u0101 un ieg\u016bstiet konkurences priek\u0161roc\u012bbas. <\/p>\n\n<hr class=\"wp-block-separator has-alpha-channel-opacity\"\/>\n\n<h4 class=\"wp-block-heading\"><strong>K\u0101p\u0113c izv\u0113l\u0113ties S23B-5?<\/strong><\/h4>\n\n<ul class=\"wp-block-list\">\n<li><strong>P\u0101rn\u0113s\u0101jam\u012bba:<\/strong> Slim un viegls, lai nodro\u0161in\u0101tu maksim\u0101lu \u0113rtumu.<\/li>\n\n\n\n<li><strong>Daudzpus\u012bba:<\/strong> Savienojiet ar vair\u0101k\u0101m ier\u012bc\u0113m un izbaudiet nevainojamu pieredzi.<\/li>\n\n\n\n<li><strong>Iztur\u012bba:<\/strong> Augstas kvalit\u0101tes alum\u012bnija konstrukcija ilgm\u016b\u017e\u012bgai lieto\u0161anai.<\/li>\n\n\n\n<li><strong>Produktivit\u0101te kust\u012bb\u0101:<\/strong> lieliski piem\u0113rots vair\u0101ku uzdevumu veik\u0161anai un darba vietas papla\u0161in\u0101\u0161anai.<\/li>\n<\/ul>\n\n<hr class=\"wp-block-separator has-alpha-channel-opacity\"\/>\n\n<h4 class=\"wp-block-heading\"><strong>Specifik\u0101cijas<\/strong><\/h4>\n\n<ul class=\"wp-block-list\">\n<li><strong>Ekr\u0101na izm\u0113rs:<\/strong> 15,6 collas<\/li>\n\n\n\n<li><strong>Rezol\u016bcija:<\/strong> 4K UHD (3840 x 2160)<\/li>\n\n\n\n<li><strong>Sk\u0101rienekr\u0101ns:<\/strong> 10 punktu kapacitat\u012bvais G+G lamin\u0113tais<\/li>\n\n\n\n<li><strong>Akumulators:<\/strong> 10 000 mAh polim\u0113ru<\/li>\n\n\n\n<li><strong>Ostas:<\/strong> HD Mini, C tipa (2), 3,5 mm austi\u0146u ligzda, Micro-USB<\/li>\n\n\n\n<li><strong>Svars:<\/strong> 1,3 kg<\/li>\n<\/ul>\n\n<hr class=\"wp-block-separator has-alpha-channel-opacity\"\/>\n\n<h4 class=\"wp-block-heading\"><strong>Priek\u0161roc\u012bbas un tr\u016bkumi<\/strong><\/h4>\n\n<p><strong>Plusi:<\/strong><br\/>\u2714 Ultra-HD att\u0113li satrieco\u0161\u0101m deta\u013c\u0101m<br\/>\u2714 Gluda sk\u0101rienj\u016bt\u012bg\u0101 ekr\u0101na funkcionalit\u0101te<br\/>\u2714 Viegla un p\u0101rn\u0113s\u0101jama konstrukcija<br\/>\u2714 Ieb\u016bv\u0113ta baterija lieto\u0161anai ce\u013c\u0101<br\/>\u2714 Pla\u0161a kr\u0101su gamma profesion\u0101lam darbam.<\/p>\n\n<p><strong>M\u012bnusi:<\/strong><br\/>\u2796 Pieejams tikai 15,6 collu izm\u0113r\u0101<br\/>\u2796 Ieb\u016bv\u0113tajiem ska\u013cru\u0146iem var tr\u016bkt dzi\u013cuma audiofilam.<\/p>\n\n<hr class=\"wp-block-separator has-alpha-channel-opacity\"\/>\n\n<p>Uzlabojiet savu mobil\u0101 displeja pieredzi ar <strong>S23B-5 4K portat\u012bvo monitoru - j\u016bsu<\/strong>v\u0101rti uz bezkompromisa kvalit\u0101ti un veiktsp\u0113ju, lai kur j\u016bs dz\u012bve aizvestu.<\/p>\n","protected":false},"excerpt":{"rendered":"<ul>\n<li><strong>100% Adobe kr\u0101su<\/strong> gamma <strong>15,6 collu UHD 4K<\/strong> portat\u012bvais monitors<\/li>\n<li>10 punktu kapacitat\u012bvais sk\u0101rienekr\u0101na monitors<\/li>\n<li>Sk\u0101rienj\u016bt\u012bgais ekr\u0101ns Sader\u012bgs ar <strong>MacOS<\/strong><\/li>\n<li>Ieb\u016bv\u0113ts 10000 mAh akumulators<\/li>\n<li><strong>USB baro\u0161ana<\/strong>, atbalsta mini-HDMI, USB Type-C<\/li>\n<\/ul>\n[cg_accordion title=\"INFORM\u0100CIJA PAR MAKS\u0100JUMU\"]<\/p>\n<p>M\u0113s izmantojam jaun\u0101k\u0101s tehnolo\u0123ijas maks\u0101jumu apstr\u0101d\u0113, kas \u013cauj \u0101tri un dro\u0161i nor\u0113\u0137in\u0101ties, izmantojot Apple Pay, Google Pay, debetkarti\/kred\u012btkarti, PayPal vai BNPL metodes, piem\u0113ram, Klarna, Affirm vai AfterPay.[\/cg_accordion]\n[cg_accordion title=\"GARANTIJA\"]<\/p>\n<p>1 gada garantija no <a href=\"https:\/\/droix.net\/\" target=\"_blank\" rel=\"nofollow noopener\">DROIX Global<\/a>, lai j\u016bs b\u016btu mier\u0101.[\/cg_accordion]\n[cg_accordion title=\"CENAS, NODOK\u013bI UN PIEG\u0100DE\"]<\/p>\n<p><strong><u>Piez\u012bme:<\/u><\/strong><\/p>\n<ul>\n<li>Amerikas Savienot\u0101s Valstis Klienti: Klientiem, kas ieg\u0101d\u0101jas preces, nor\u0101d\u012bt\u0101 cena neietver ne nodokli, ne nodevas. Atbild\u012bba par muito\u0161anu un saist\u012bto nodok\u013cu\/muitas nodok\u013cu nomaksu gulstas uz klienta pleciem. <\/li>\n<li>ES klienti: Atkar\u012bb\u0101 no j\u016bsu valsts, nor\u0101d\u012bt\u0101 cena ietver piem\u0113rojamo nodokli, kas var b\u016bt l\u012bdz 25%.<\/li>\n<li>Kan\u0101das klienti: Atkar\u012bb\u0101 no j\u016bsu provinces nor\u0101d\u012btaj\u0101 cen\u0101 ir iek\u013cauti piem\u0113rojamie nodok\u013ci, kas var ietvert 5% GST un papildu provinces p\u0101rdo\u0161anas nodokli (PST), saska\u0146oto p\u0101rdo\u0161anas nodokli (HST) vai Kvebekas p\u0101rdo\u0161anas nodokli (QST).<\/li>\n<\/ul>\n<p><strong>Tikai ES klientiem:<\/strong> Express DDP (pieg\u0101de ar samaks\u0101tu muitas nodokli). Tas noz\u012bm\u0113: <\/p>\n<ul>\n<li>Visas muitas nodevas un nodok\u013ci ir iek\u013cauti produkta lap\u0101 nor\u0101d\u012btaj\u0101 cen\u0101.<\/li>\n<li>Pieg\u0101des br\u012bd\u012b jums neb\u016bs j\u0101maks\u0101 papildu maksa.<\/li>\n<li>Retos gad\u012bjumos, kad rodas ar muitu saist\u012btas probl\u0113mas, m\u016bsu komanda j\u016bsu v\u0101rd\u0101 veiks muito\u0161anas procesu, lai nodro\u0161in\u0101tu netrauc\u0113tu pieg\u0101di.<\/li>\n<p>Svar\u012bga inform\u0101cija par atgrie\u0161anu:<\/p>\n<li>Ja nolemjat atgriezt pas\u016bt\u012bjumu vai piepras\u012bt atmaksu, l\u016bdzu, \u0146emiet v\u0113r\u0101, ka nodok\u013ci un nodevas, kas samaks\u0101ti j\u016bsu v\u0101rd\u0101 saska\u0146\u0101 ar DDP noteikumiem, nevar tikt atmaks\u0101ti.<\/li>\n<p>S\u012bk\u0101ku inform\u0101ciju skatiet m\u016bsu <a href=\"https:\/\/ayaneo.co\/terms-of-service-2\/\" target=\"_blank\" rel=\"nofollow noopener\">Noteikumos un nosac\u012bjumos<\/a>.\n<\/ul>\n<p>[\/cg_accordion]\n[cg_accordion title=\"KLIENTU ATBALSTS\"]<\/p>\n<p>Jums ir jaut\u0101jums? M\u0113s esam \u012bs\u0101 teksta att\u0101lum\u0101 no j\u016bsu jaut\u0101juma atrisin\u0101\u0161anas!<br \/>\n[\/cg_accordion]\n","protected":false},"featured_media":16568,"template":"","meta":{"_acf_changed":false},"product_brand":[],"product_cat":[1204],"product_tag":[],"class_list":{"0":"post-16562","1":"product","2":"type-product","3":"status-publish","4":"has-post-thumbnail","6":"product_cat-portativie-monitori","7":"product_shipping_class-standard","8":"pa_brand-droix","10":"first","11":"outofstock","12":"sale","13":"taxable","14":"shipping-taxable","15":"purchasable","16":"product-type-variable","17":"has-default-attributes"},"acf":[],"_links":{"self":[{"href":"https:\/\/ayaneo.co\/lv\/wp-json\/wp\/v2\/product\/16562","targetHints":{"allow":["GET"]}}],"collection":[{"href":"https:\/\/ayaneo.co\/lv\/wp-json\/wp\/v2\/product"}],"about":[{"href":"https:\/\/ayaneo.co\/lv\/wp-json\/wp\/v2\/types\/product"}],"wp:featuredmedia":[{"embeddable":true,"href":"https:\/\/ayaneo.co\/lv\/wp-json\/wp\/v2\/media\/16568"}],"wp:attachment":[{"href":"https:\/\/ayaneo.co\/lv\/wp-json\/wp\/v2\/media?parent=16562"}],"wp:term":[{"taxonomy":"product_brand","embeddable":true,"href":"https:\/\/ayaneo.co\/lv\/wp-json\/wp\/v2\/product_brand?post=16562"},{"taxonomy":"product_cat","embeddable":true,"href":"https:\/\/ayaneo.co\/lv\/wp-json\/wp\/v2\/product_cat?post=16562"},{"taxonomy":"product_tag","embeddable":true,"href":"https:\/\/ayaneo.co\/lv\/wp-json\/wp\/v2\/product_tag?post=16562"}],"curies":[{"name":"wp","href":"https:\/\/api.w.org\/{rel}","templated":true}]}}