{"id":16592,"date":"2025-01-28T11:30:54","date_gmt":"2025-01-28T11:30:54","guid":{"rendered":"https:\/\/ayaneo.co\/product\/156-4k-portativais-monitors-ar-spalvas-atbalstu\/"},"modified":"2025-05-30T15:57:12","modified_gmt":"2025-05-30T15:57:12","slug":"156-4k-portativais-monitors-ar-spalvas-atbalstu","status":"publish","type":"product","link":"https:\/\/ayaneo.co\/lv\/product\/156-4k-portativais-monitors-ar-spalvas-atbalstu\/","title":{"rendered":"15,6&#8243; 4K portat\u012bvais monitors ar spalvas atbalstu"},"content":{"rendered":"\n<p>Uzlabojiet savu ce\u013cojuma pieredzi ar <strong>15,6&#8243; 4K portat\u012bvo monitoru -<\/strong>elegantu, modernu displeju, kas apvieno elpu aizraujo\u0161u vizu\u0101lo kvalit\u0101ti, uzlabotas funkcijas un daudzpus\u012bgu savienojam\u012bbu. \u0160is p\u0101rn\u0113s\u0101jamais jaud\u012bgais monitors, kas paredz\u0113ts digit\u0101lajiem nomadiem, rado\u0161o profesiju p\u0101rst\u0101vjiem un profesion\u0101\u013ciem, nodro\u0161ina nevainojamu produktivit\u0101ti un aizraujo\u0161u izklaidi, lai kur j\u016bs atrastos. <\/p>\n\n<hr class=\"wp-block-separator has-alpha-channel-opacity\"\/>\n\n<h4 class=\"wp-block-heading\"><strong>Iespaid\u012bgs 4K UHD displejs<\/strong><\/h4>\n\n<p>P\u0101rveidojiet savu vizu\u0101lo t\u0113lu ar 15,6 collu 4K UHD sk\u0101rienekr\u0101nu. Ar <strong>3840 x 2160 iz\u0161\u0137irtsp\u0113ju<\/strong>, <strong>10 bitu kr\u0101su dzi\u013cumu<\/strong> un <strong>G+G piln\u012bgas lamin\u0113\u0161anas tehnolo\u0123iju<\/strong> katrs att\u0113ls ir detaliz\u0113ts un dz\u012bvs. Neatkar\u012bgi no t\u0101, vai redi\u0123\u0113jat multivides, sp\u0113l\u0113jat sp\u0113les vai straum\u0113jat, <strong>600 cd\/m\u00b2 spilgtums<\/strong> un <strong>1500:1 kontrasta attiec\u012bba<\/strong> nodro\u0161ina skaidru att\u0113lu un bag\u0101t\u012bgas kr\u0101sas jebkur\u0101 apgaismojum\u0101.  <\/p>\n\n<hr class=\"wp-block-separator has-alpha-channel-opacity\"\/>\n\n<h4 class=\"wp-block-heading\"><strong>Elegants dizains, intuit\u012bvs sk\u0101rienekr\u0101ns<\/strong><\/h4>\n\n<p>Monitors ir izgatavots no <strong>augst\u0101k\u0101s kvalit\u0101tes alum\u012bnija sakaus\u0113juma<\/strong>, t\u0101p\u0113c ir gan viegls, gan iztur\u012bgs. T\u0101 <strong>\u0161aur\u0101s malas dizains<\/strong> maksim\u0101li palielina ekr\u0101na telpu, nodro\u0161inot nep\u0101rtrauktu skat\u012b\u0161an\u0101s pieredzi. <strong>10 punktu kapacitat\u012bvais sk\u0101rienekr\u0101ns<\/strong> nodro\u0161ina navig\u0101ciju, fotoatt\u0113lu redi\u0123\u0113\u0161anu un piez\u012bmju rakst\u012b\u0161anu bez piep\u016bles un prec\u012bzi.  <\/p>\n\n<hr class=\"wp-block-separator has-alpha-channel-opacity\"\/>\n\n<h4 class=\"wp-block-heading\"><strong>Daudzpus\u012bgas savienojam\u012bbas iesp\u0113jas<\/strong><\/h4>\n\n<p>Viegli piesl\u0113dzieties sav\u0101m ier\u012bc\u0113m ar <strong>HDMI Mini<\/strong> un <strong>C tipa piesl\u0113gviet\u0101m<\/strong> video, datu un ener\u0123ijas p\u0101rs\u016bt\u012b\u0161anai. Neatkar\u012bgi no t\u0101, vai izmantojat kl\u0113pjdatoru, viedt\u0101lruni vai sp\u0113\u013cu konsoli, piem\u0113ram, <strong>PlayStation 5<\/strong> vai <strong>Xbox<\/strong>, \u0161is monitors piel\u0101gojas j\u016bsu vajadz\u012bb\u0101m. <strong>Micro-USB ports<\/strong> nodro\u0161ina papildu funkcionalit\u0101ti t\u0101d\u0101m perif\u0113rijas ier\u012bc\u0113m k\u0101 tastat\u016bras un peles.  <\/p>\n\n<hr class=\"wp-block-separator has-alpha-channel-opacity\"\/>\n\n<h4 class=\"wp-block-heading\"><strong>P\u0101rn\u0113s\u0101jam\u0101 sp\u0113kstacija<\/strong><\/h4>\n\n<p>Saglab\u0101jiet produktivit\u0101ti jebkur\u0101 viet\u0101, izmantojot ieb\u016bv\u0113to <strong>10 000 mAh akumulatoru<\/strong>, kas nodro\u0161ina l\u012bdz pat 5 stund\u0101m nep\u0101rtrauktas lieto\u0161anas. Viegls un kompakts, tas ir \u0113rti ievietojams som\u0101, nodro\u0161inot, ka 4K kvalit\u0101tes darbs un izklaide vienm\u0113r ir pa rokai. <\/p>\n\n<hr class=\"wp-block-separator has-alpha-channel-opacity\"\/>\n\n<h4 class=\"wp-block-heading\"><strong>Uzlabota skat\u012b\u0161an\u0101s un audio<\/strong><\/h4>\n\n<p>Izbaudiet krist\u0101ldzidru att\u0113lu <strong>85\u00b0 plat\u0101 skata le\u0146\u0137\u012b<\/strong>, lai koplieto\u0161ana ekr\u0101n\u0101 notiktu bez probl\u0113m\u0101m. <strong>Divi 1,0 W ieb\u016bv\u0113tie ska\u013cru\u0146i<\/strong> nodro\u0161ina uzlabotu ska\u0146u, kas ir ide\u0101li piem\u0113rota ikdienas sp\u0113l\u0113m, film\u0101m un san\u0101ksm\u0113m. Lai ieg\u016btu augst\u0101k\u0101s kvalit\u0101tes ska\u0146u, savienojiet to ar austi\u0146\u0101m vai \u0101r\u0113jiem ska\u013cru\u0146iem. <\/p>\n\n<hr class=\"wp-block-separator has-alpha-channel-opacity\"\/>\n\n<h4 class=\"wp-block-heading\"><strong>Izstr\u0101d\u0101ts profesion\u0101\u013ciem un rado\u0161o profesiju p\u0101rst\u0101vjiem<\/strong><\/h4>\n\n<p>Pateicoties <strong>100% sRGB p\u0101rkl\u0101jumam<\/strong> un prec\u012bzai kr\u0101su atveido\u0161anai, monitors atbilst <strong>fotogr\u0101fu, video redaktoru un dizaineru<\/strong> pras\u012bb\u0101m. P\u0113c izv\u0113les pieejams <strong>4096 spiediena l\u012bme\u0146a pildspalvas<\/strong> atbalsts paver rado\u0161uma pasauli, s\u0101kot ar skic\u0113\u0161anu un beidzot ar sare\u017e\u0123\u012btiem dizainiem. <\/p>\n\n<hr class=\"wp-block-separator has-alpha-channel-opacity\"\/>\n\n<h4 class=\"wp-block-heading\"><strong>Galven\u0101s funkcijas \u012bsum\u0101<\/strong><\/h4>\n\n<ul class=\"wp-block-list\">\n<li><strong>Displejs:<\/strong> 15,6&#8243; 4K UHD (3840 x 2160), 10 bitu kr\u0101su dzi\u013cums.<\/li>\n\n\n\n<li><strong>Sk\u0101rienekr\u0101ns:<\/strong> Kapacitat\u012bvais 10 punktu G+G lamin\u0113ts<\/li>\n\n\n\n<li><strong>Akumulatora darb\u012bbas laiks:<\/strong> Ieb\u016bv\u0113ts 10 000 mAh, kas nodro\u0161ina 4-5 stundu lieto\u0161anas ilgumu.<\/li>\n\n\n\n<li><strong>Savienojam\u012bba:<\/strong> HDMI Mini, C tipa, micro-USB, austi\u0146u ligzda<\/li>\n\n\n\n<li><strong>Svars:<\/strong> 1,3 kg ar pl\u0101nu, ce\u013co\u0161anai piem\u0113rotu profilu<\/li>\n\n\n\n<li><strong>Audioieraksts:<\/strong> Divi ieb\u016bv\u0113tie ska\u013cru\u0146i nodro\u0161ina skaidru ska\u0146u<\/li>\n<\/ul>\n\n<hr class=\"wp-block-separator has-alpha-channel-opacity\"\/>\n\n<h4 class=\"wp-block-heading\"><strong>Plusi<\/strong><\/h4>\n\n<p>\u2714 <strong>Satrieco\u0161i 4K UHD att\u0113li<\/strong> ar pla\u0161u kr\u0101su precizit\u0101ti<br\/>\u2714 <strong>Viegls un p\u0101rn\u0113s\u0101jams<\/strong> darbam un ce\u013co\u0161anai<br\/>\u2714 <strong>Viengabalaina savienojam\u012bba<\/strong> daudzpus\u012bgai lieto\u0161anai<br\/>\u2714 <strong>Iztur\u012bga alum\u012bnija konstrukcija<\/strong> ilgsto\u0161ai uzticam\u012bbai<br\/>\u2714 <strong>Sk\u0101rienj\u016bt\u012bga ekr\u0101na funkcionalit\u0101te<\/strong> intuit\u012bvai mijiedarb\u012bbai.<\/p>\n\n<hr class=\"wp-block-separator has-alpha-channel-opacity\"\/>\n\n<h4 class=\"wp-block-heading\"><strong>M\u012bnusi<\/strong><\/h4>\n\n<p>\u2796 <strong>Stilusa pildspalva, kas<\/strong> rado\u0161iem lietot\u0101jiem <strong>tiek p\u0101rdota atsevi\u0161\u0137i<\/strong><br\/>\u2796 <strong>Akumulatora darb\u012bbas laiks ir ierobe\u017eots,<\/strong> ja ilgsto\u0161as sesijas bez baro\u0161anas<br\/>\u2796 <strong>Ieb\u016bv\u0113tie ska\u013cru\u0146i var neapmierin\u0101t audiofilu vajadz\u012bbas.<\/strong><\/p>\n\n<hr class=\"wp-block-separator has-alpha-channel-opacity\"\/>\n\n<h4 class=\"wp-block-heading\"><strong>Secin\u0101jums: Veiciet revol\u016bciju sav\u0101 mobilaj\u0101 darbviet\u0101<\/strong><\/h4>\n\n<p><strong>15,6&#8243; 4K p\u0101rn\u0113s\u0101jamais monitors<\/strong> ir sp\u0113\u013cu p\u0101rmai\u0146as profesion\u0101\u013ciem, sp\u0113l\u0113t\u0101jiem un rado\u0161o profesiju p\u0101rst\u0101vjiem, kuriem nepiecie\u0161ama izcila veiktsp\u0113ja p\u0101rn\u0113s\u0101jam\u0101 dizain\u0101. Neatkar\u012bgi no t\u0101, vai veidojat \u0161edevrus, veicat sare\u017e\u0123\u012btus uzdevumus vai baud\u0101t 4K izklaidi, \u0161is monitors nodro\u0161ina nep\u0101rsp\u0113jamu skaidr\u012bbu un elast\u012bbu. Vai esat gatavs no jauna noteikt, k\u0101 j\u016bs str\u0101d\u0101jat un sp\u0113l\u0113jaties? Mobilo displeju n\u0101kotne ir kl\u0101t.   <\/p>\n","protected":false},"excerpt":{"rendered":"<ul>\n<li>Sk\u0101rienj\u016bt\u012bgais ekr\u0101ns Sader\u012bgs ar <strong>MacOS<\/strong><\/li>\n<li>Sk\u0101rienekr\u0101na funkcija <strong>Iek\u013cauts rakst\u0101mspalva<\/strong><\/li>\n<li>Salok\u0101ms korpuss k\u0101 monitora stat\u012bvs<\/li>\n<li>P\u0101rn\u0113s\u0101jams un viegls<\/li>\n<li><strong>USB baro\u0161ana<\/strong>, atbalsta mini-HDMI, USB Type-C<\/li>\n<\/ul>\n[cg_accordion title=\"INFORM\u0100CIJA PAR MAKS\u0100JUMU\"]<\/p>\n<p>M\u0113s izmantojam jaun\u0101k\u0101s tehnolo\u0123ijas maks\u0101jumu apstr\u0101d\u0113, kas \u013cauj \u0101tri un dro\u0161i nor\u0113\u0137in\u0101ties, izmantojot Apple Pay, Google Pay, debetkarti\/kred\u012btkarti, PayPal vai BNPL metodes, piem\u0113ram, Klarna, Affirm vai AfterPay.[\/cg_accordion]\n[cg_accordion title=\"GARANTIJA\"]<\/p>\n<p>1 gada garantija no <a href=\"https:\/\/droix.net\/\" target=\"_blank\" rel=\"nofollow noopener\">DROIX Global<\/a>, lai j\u016bs b\u016btu mier\u0101.[\/cg_accordion]\n[cg_accordion title=\"CENAS, NODOK\u013bI UN PIEG\u0100DE\"]<\/p>\n<p><strong><u>Piez\u012bme:<\/u><\/strong><\/p>\n<ul>\n<li>Amerikas Savienot\u0101s Valstis Klienti: Klientiem, kas ieg\u0101d\u0101jas preces, nor\u0101d\u012bt\u0101 cena neietver ne nodokli, ne nodevas. Atbild\u012bba par muito\u0161anu un saist\u012bto nodok\u013cu\/muitas nodok\u013cu nomaksu gulstas uz klienta pleciem. <\/li>\n<li>ES klienti: Atkar\u012bb\u0101 no j\u016bsu valsts, nor\u0101d\u012bt\u0101 cena ietver piem\u0113rojamo nodokli, kas var b\u016bt l\u012bdz 25%.<\/li>\n<li>Kan\u0101das klienti: Atkar\u012bb\u0101 no j\u016bsu provinces nor\u0101d\u012btaj\u0101 cen\u0101 ir iek\u013cauti piem\u0113rojamie nodok\u013ci, kas var ietvert 5% GST un papildu provinces p\u0101rdo\u0161anas nodokli (PST), saska\u0146oto p\u0101rdo\u0161anas nodokli (HST) vai Kvebekas p\u0101rdo\u0161anas nodokli (QST).<\/li>\n<\/ul>\n<p><strong>Tikai ES klientiem:<\/strong> Express DDP (pieg\u0101de ar samaks\u0101tu muitas nodokli). Tas noz\u012bm\u0113: <\/p>\n<ul>\n<li>Visas muitas nodevas un nodok\u013ci ir iek\u013cauti produkta lap\u0101 nor\u0101d\u012btaj\u0101 cen\u0101.<\/li>\n<li>Pieg\u0101des br\u012bd\u012b jums neb\u016bs j\u0101maks\u0101 papildu maksa.<\/li>\n<li>Retos gad\u012bjumos, kad rodas ar muitu saist\u012btas probl\u0113mas, m\u016bsu komanda j\u016bsu v\u0101rd\u0101 veiks muito\u0161anas procesu, lai nodro\u0161in\u0101tu netrauc\u0113tu pieg\u0101di.<\/li>\n<p>Svar\u012bga inform\u0101cija par atgrie\u0161anu:<\/p>\n<li>Ja nolemjat atgriezt pas\u016bt\u012bjumu vai piepras\u012bt atmaksu, l\u016bdzu, \u0146emiet v\u0113r\u0101, ka nodok\u013ci un nodevas, kas samaks\u0101ti j\u016bsu v\u0101rd\u0101 saska\u0146\u0101 ar DDP noteikumiem, nevar tikt atmaks\u0101ti.<\/li>\n<p>S\u012bk\u0101ku inform\u0101ciju skatiet m\u016bsu <a href=\"https:\/\/ayaneo.co\/terms-of-service-2\/\" target=\"_blank\" rel=\"nofollow noopener\">Noteikumos un nosac\u012bjumos<\/a>.\n<\/ul>\n<p>[\/cg_accordion]\n[cg_accordion title=\"KLIENTU ATBALSTS\"]<\/p>\n<p>Jums ir jaut\u0101jums? M\u0113s esam \u012bs\u0101 teksta att\u0101lum\u0101 no j\u016bsu jaut\u0101juma atrisin\u0101\u0161anas!<br \/>\n[\/cg_accordion]\n","protected":false},"featured_media":16596,"template":"","meta":{"_acf_changed":false},"product_brand":[],"product_cat":[1204],"product_tag":[],"class_list":{"0":"post-16592","1":"product","2":"type-product","3":"status-publish","4":"has-post-thumbnail","6":"product_cat-portativie-monitori","7":"product_shipping_class-standard","8":"pa_brand-droix","10":"first","11":"outofstock","12":"sale","13":"taxable","14":"shipping-taxable","15":"purchasable","16":"product-type-variable","17":"has-default-attributes"},"acf":[],"_links":{"self":[{"href":"https:\/\/ayaneo.co\/lv\/wp-json\/wp\/v2\/product\/16592","targetHints":{"allow":["GET"]}}],"collection":[{"href":"https:\/\/ayaneo.co\/lv\/wp-json\/wp\/v2\/product"}],"about":[{"href":"https:\/\/ayaneo.co\/lv\/wp-json\/wp\/v2\/types\/product"}],"wp:featuredmedia":[{"embeddable":true,"href":"https:\/\/ayaneo.co\/lv\/wp-json\/wp\/v2\/media\/16596"}],"wp:attachment":[{"href":"https:\/\/ayaneo.co\/lv\/wp-json\/wp\/v2\/media?parent=16592"}],"wp:term":[{"taxonomy":"product_brand","embeddable":true,"href":"https:\/\/ayaneo.co\/lv\/wp-json\/wp\/v2\/product_brand?post=16592"},{"taxonomy":"product_cat","embeddable":true,"href":"https:\/\/ayaneo.co\/lv\/wp-json\/wp\/v2\/product_cat?post=16592"},{"taxonomy":"product_tag","embeddable":true,"href":"https:\/\/ayaneo.co\/lv\/wp-json\/wp\/v2\/product_tag?post=16592"}],"curies":[{"name":"wp","href":"https:\/\/api.w.org\/{rel}","templated":true}]}}