{"id":16624,"date":"2025-01-28T11:49:32","date_gmt":"2025-01-28T11:49:32","guid":{"rendered":"https:\/\/ayaneo.co\/product\/156-4k-portativais-monitors-ar-skarienjutigo-ekranu\/"},"modified":"2025-05-30T15:57:19","modified_gmt":"2025-05-30T15:57:19","slug":"156-4k-portativais-monitors-ar-skarienjutigo-ekranu","status":"publish","type":"product","link":"https:\/\/ayaneo.co\/lv\/product\/156-4k-portativais-monitors-ar-skarienjutigo-ekranu\/","title":{"rendered":"15,6&#8243; 4K portat\u012bvais monitors ar sk\u0101rienj\u016bt\u012bgo ekr\u0101nu"},"content":{"rendered":"\n<p>Paaugstiniet savu vizu\u0101lo pieredzi jaun\u0101 l\u012bmen\u012b ar <strong>S23b-1 4K portat\u012bvo monitoru<\/strong>, kas ir gl\u012bts un jaud\u012bgs risin\u0101jums profesion\u0101\u013ciem, sp\u0113l\u0113t\u0101jiem un rado\u0161o profesiju p\u0101rst\u0101vjiem. \u0160is portat\u012bvais monitors ar <strong>15,6 collu 4K UHD displeju<\/strong> nodro\u0161ina satrieco\u0161u skaidr\u012bbu, spilgtas kr\u0101sas un prec\u012bzu detaliz\u0101ciju, nodro\u0161inot, ka ikviens att\u0113ls un video atdz\u012bvojas. Neatkar\u012bgi no t\u0101, vai redi\u0123\u0113jat, veidojat dizainu vai sp\u0113l\u0113jat sp\u0113les, <strong>S23b-1<\/strong> ir j\u016bsu ide\u0101ls sabiedrotais, kas nodro\u0161in\u0101s produktivit\u0101ti un izklaidi, atrodoties ce\u013c\u0101.  <\/p>\n\n<hr class=\"wp-block-separator has-alpha-channel-opacity\"\/>\n\n<h4 class=\"wp-block-heading\"><strong>Iespaid\u012bgs 4K UHD displejs<\/strong><\/h4>\n\n<p>Izbaudiet nep\u0101rsp\u0113jamu vizu\u0101lo spo\u017eumu <strong>15,6 collu TFT IPS LCD panel\u012b<\/strong>, kas pied\u0101v\u0101 <strong>3840 x 2160 iz\u0161\u0137irtsp\u0113ju<\/strong> un pla\u0161us skata le\u0146\u0137us. S23b-1 nodro\u0161ina izcilu kr\u0101su precizit\u0101ti, t\u0101p\u0113c tas ir ide\u0101li piem\u0113rots augstas iz\u0161\u0137irtsp\u0113jas fotoatt\u0113lu redi\u0123\u0113\u0161anai, sare\u017e\u0123\u012btam grafiskajam dizainam un aizraujo\u0161\u0101m sp\u0113l\u0113m. <\/p>\n\n<hr class=\"wp-block-separator has-alpha-channel-opacity\"\/>\n\n<h4 class=\"wp-block-heading\"><strong>Sk\u0101rienekr\u0101na precizit\u0101te<\/strong><\/h4>\n\n<p>Viegli p\u0101rvietojieties, izmantojot <strong>G+G kapacitat\u012bvo sk\u0101rienekr\u0101nu<\/strong>, kas nodro\u0161ina <strong>atsauc\u012bgu un intuit\u012bvu vad\u012bbu<\/strong>. Neatkar\u012bgi no t\u0101, vai ritin\u0101t dokumentus, palielin\u0101t att\u0113lus vai p\u0101rvald\u0101t lietojumprogrammas, sk\u0101rienekr\u0101na funkcionalit\u0101te uzlabo j\u016bsu darba procesu. <\/p>\n\n<hr class=\"wp-block-separator has-alpha-channel-opacity\"\/>\n\n<h4 class=\"wp-block-heading\"><strong>Daudzpus\u012bga savienojam\u012bba<\/strong><\/h4>\n\n<p>Viegli izveidojiet savienojumu ar vair\u0101k\u0101m ier\u012bc\u0113m, izmantojot:<\/p>\n\n<ul class=\"wp-block-list\">\n<li><strong>HDMI mini ports<\/strong>, lai nodro\u0161in\u0101tu nep\u0101rtrauktu video ievadi.<\/li>\n\n\n\n<li><strong>Divi C tipa piesl\u0113gvietas<\/strong> ener\u0123ijas padevei un \u0101trdarb\u012bgai datu p\u0101rs\u016bt\u012b\u0161anai.<\/li>\n\n\n\n<li><strong>Micro-USB ports<\/strong> perif\u0113rijas ier\u012bc\u0113m, piem\u0113ram, tastat\u016br\u0101m un pel\u0113m.<\/li>\n\n\n\n<li><strong>3,5 mm austi\u0146u piesl\u0113gvieta<\/strong> priv\u0101tai audio baud\u012b\u0161anai.<\/li>\n<\/ul>\n\n<hr class=\"wp-block-separator has-alpha-channel-opacity\"\/>\n\n<h4 class=\"wp-block-heading\"><strong>Viegls un p\u0101rn\u0113s\u0101jams dizains<\/strong><\/h4>\n\n<p>S23b-1 ir izgatavots no <strong>iztur\u012bga alum\u012bnija sakaus\u0113juma<\/strong>, un tam ir pl\u0101ns un viegls profils, kas ir \u0113rti p\u0101rn\u0113s\u0101jams. Komplekt\u0101 iek\u013cautais <strong>salok\u0101mais futr\u0101lis kalpo k\u0101 stat\u012bvs<\/strong>, nodro\u0161inot stabilit\u0101ti uz jebkuras virsmas neatkar\u012bgi no t\u0101, vai atrodaties m\u0101j\u0101s, biroj\u0101 vai ce\u013c\u0101. <\/p>\n\n<hr class=\"wp-block-separator has-alpha-channel-opacity\"\/>\n\n<h4 class=\"wp-block-heading\"><strong>Galven\u0101s funkcijas<\/strong><\/h4>\n\n<ul class=\"wp-block-list\">\n<li><strong>Displejs:<\/strong> 15,6&#8243; 4K UHD (3840 x 2160) IPS panelis.<\/li>\n\n\n\n<li><strong>Sk\u0101rienekr\u0101ns:<\/strong> G+G kapacitat\u012bvais ekr\u0101ns prec\u012bzai mijiedarb\u012bbai<\/li>\n\n\n\n<li><strong>Savienojam\u012bba:<\/strong> HDMI Mini, du\u0101lais C tipa, Micro-USB, 3,5 mm austi\u0146u ligzda<\/li>\n\n\n\n<li><strong>Veidot:<\/strong> Alum\u012bnija sakaus\u0113jums iztur\u012bbai un stilam<\/li>\n\n\n\n<li><strong>P\u0101rn\u0113s\u0101jam\u012bba:<\/strong> Tievs un viegls ar salok\u0101mu stat\u012bva korpusu.<\/li>\n<\/ul>\n\n<hr class=\"wp-block-separator has-alpha-channel-opacity\"\/>\n\n<h4 class=\"wp-block-heading\"><strong>Plusi<\/strong><\/h4>\n\n<p>\u2714 Satrieco\u0161s <strong>4K UHD displejs<\/strong> neticamam att\u0113lam.<br\/>\u2714 <strong>Daudzpus\u012bga savienojam\u012bba<\/strong> ar HDMI un C tipa piesl\u0113gviet\u0101m.<br\/>\u2714 Iztur\u012bgs, <strong>gl\u012bts alum\u012bnija sakaus\u0113juma<\/strong> dizains.<br\/>\u2714 <strong>Rea\u0123\u0113jo\u0161s sk\u0101rienekr\u0101ns<\/strong> intuit\u012bvai mijiedarb\u012bbai.<\/p>\n\n<hr class=\"wp-block-separator has-alpha-channel-opacity\"\/>\n\n<h4 class=\"wp-block-heading\"><strong>M\u012bnusi<\/strong><\/h4>\n\n<p>\u2796 Ierobe\u017eots <strong>15,6 collu ekr\u0101na izm\u0113rs<\/strong>.<br\/>\u2796 <strong>Ieb\u016bv\u0113tie ska\u013cru\u0146i<\/strong> var neapmierin\u0101t audiofilu.<\/p>\n\n<hr class=\"wp-block-separator has-alpha-channel-opacity\"\/>\n\n<h3 class=\"wp-block-heading\"><strong>Ide\u0101li piem\u0113rots vis\u0101m vajadz\u012bb\u0101m<\/strong><\/h3>\n\n<p>Neatkar\u012bgi no t\u0101, vai esat <strong>rado\u0161s profesion\u0101lis<\/strong>, <strong>aizraut\u012bgs sp\u0113l\u0113t\u0101js<\/strong> vai <strong>ce\u013cojo\u0161s entuziasts<\/strong>, 4K portat\u012bvais monitors S23b-1 nodro\u0161ina izcilu veiktsp\u0113ju kompakt\u0101 un stil\u012bg\u0101 iepakojum\u0101. Uzlabojiet savu vizu\u0101lo pieredzi, lai kur j\u016bs atrastos, ar perfektu p\u0101rn\u0113s\u0101jam\u012bbas, precizit\u0101tes un jaudas apvienojumu. <\/p>\n","protected":false},"excerpt":{"rendered":"<ul>\n<li><strong>15,6&#8243; 4K<\/strong> portat\u012bvais monitors ar sk\u0101rienj\u016bt\u012bgo ekr\u0101nu augstas iz\u0161\u0137irtsp\u0113jas att\u0113lam<\/li>\n<li>Kompakts izm\u0113rs - 14,17 x 8,4 x 0,43 collas un svars <strong>920 g.<\/strong><\/li>\n<li>Sk\u0101rienj\u016bt\u012bgais ekr\u0101ns Sader\u012bgs ar <strong>MacOS<\/strong><\/li>\n<li>Sk\u0101rienekr\u0101ns <strong>atbalsta<\/strong> sader\u012bgu ier\u012b\u010du <strong>sk\u0101rienvad\u012bbu<\/strong> <\/li>\n<li><strong>USB baro\u0161ana<\/strong>, atbalsta mini-HDMI, USB Type-C<\/li>\n<\/ul>\n[cg_accordion title=\"INFORM\u0100CIJA PAR MAKS\u0100JUMU\"]<\/p>\n<p>M\u0113s izmantojam jaun\u0101k\u0101s tehnolo\u0123ijas maks\u0101jumu apstr\u0101d\u0113, kas \u013cauj \u0101tri un dro\u0161i nor\u0113\u0137in\u0101ties, izmantojot Apple Pay, Google Pay, debetkarti\/kred\u012btkarti, PayPal vai BNPL metodes, piem\u0113ram, Klarna, Affirm vai AfterPay.[\/cg_accordion]\n[cg_accordion title=\"GARANTIJA\"]<\/p>\n<p>1 gada garantija no <a href=\"https:\/\/droix.net\/\" target=\"_blank\" rel=\"nofollow noopener\">DROIX Global<\/a>, lai j\u016bs b\u016btu mier\u0101.[\/cg_accordion]\n[cg_accordion title=\"CENAS, NODOK\u013bI UN PIEG\u0100DE\"]<\/p>\n<p><strong><u>Piez\u012bme:<\/u><\/strong><\/p>\n<ul>\n<li>Amerikas Savienot\u0101s Valstis Klienti: Klientiem, kas ieg\u0101d\u0101jas preces, nor\u0101d\u012bt\u0101 cena neietver ne nodokli, ne nodevas. Atbild\u012bba par muito\u0161anu un saist\u012bto nodok\u013cu\/muitas nodok\u013cu nomaksu gulstas uz klienta pleciem. <\/li>\n<li>ES klienti: Atkar\u012bb\u0101 no j\u016bsu valsts, nor\u0101d\u012bt\u0101 cena ietver piem\u0113rojamo nodokli, kas var b\u016bt l\u012bdz 25%.<\/li>\n<li>Kan\u0101das klienti: Atkar\u012bb\u0101 no j\u016bsu provinces nor\u0101d\u012btaj\u0101 cen\u0101 ir iek\u013cauti piem\u0113rojamie nodok\u013ci, kas var ietvert 5% GST un papildu provinces p\u0101rdo\u0161anas nodokli (PST), saska\u0146oto p\u0101rdo\u0161anas nodokli (HST) vai Kvebekas p\u0101rdo\u0161anas nodokli (QST).<\/li>\n<\/ul>\n<p><strong>Tikai ES klientiem:<\/strong> Express DDP (pieg\u0101de ar samaks\u0101tu muitas nodokli). Tas noz\u012bm\u0113: <\/p>\n<ul>\n<li>Visas muitas nodevas un nodok\u013ci ir iek\u013cauti produkta lap\u0101 nor\u0101d\u012btaj\u0101 cen\u0101.<\/li>\n<li>Pieg\u0101des br\u012bd\u012b jums neb\u016bs j\u0101maks\u0101 papildu maksa.<\/li>\n<li>Retos gad\u012bjumos, kad rodas ar muitu saist\u012btas probl\u0113mas, m\u016bsu komanda j\u016bsu v\u0101rd\u0101 veiks muito\u0161anas procesu, lai nodro\u0161in\u0101tu netrauc\u0113tu pieg\u0101di.<\/li>\n<p>Svar\u012bga inform\u0101cija par atgrie\u0161anu:<\/p>\n<li>Ja nolemjat atgriezt pas\u016bt\u012bjumu vai piepras\u012bt atmaksu, l\u016bdzu, \u0146emiet v\u0113r\u0101, ka nodok\u013ci un nodevas, kas samaks\u0101ti j\u016bsu v\u0101rd\u0101 saska\u0146\u0101 ar DDP noteikumiem, nevar tikt atmaks\u0101ti.<\/li>\n<p>S\u012bk\u0101ku inform\u0101ciju skatiet m\u016bsu <a href=\"https:\/\/ayaneo.co\/terms-of-service-2\/\" target=\"_blank\" rel=\"nofollow noopener\">Noteikumos un nosac\u012bjumos<\/a>.\n<\/ul>\n<p>[\/cg_accordion]\n[cg_accordion title=\"KLIENTU ATBALSTS\"]<\/p>\n<p>Jums ir jaut\u0101jums? M\u0113s esam \u012bs\u0101 teksta att\u0101lum\u0101 no j\u016bsu jaut\u0101juma atrisin\u0101\u0161anas!<br \/>\n[\/cg_accordion]\n","protected":false},"featured_media":16644,"template":"","meta":{"_acf_changed":false},"product_brand":[],"product_cat":[1204],"product_tag":[],"class_list":{"0":"post-16624","1":"product","2":"type-product","3":"status-publish","4":"has-post-thumbnail","6":"product_cat-portativie-monitori","7":"product_shipping_class-standard","8":"pa_brand-droix","10":"first","11":"outofstock","12":"sale","13":"taxable","14":"shipping-taxable","15":"purchasable","16":"product-type-variable","17":"has-default-attributes"},"acf":[],"_links":{"self":[{"href":"https:\/\/ayaneo.co\/lv\/wp-json\/wp\/v2\/product\/16624","targetHints":{"allow":["GET"]}}],"collection":[{"href":"https:\/\/ayaneo.co\/lv\/wp-json\/wp\/v2\/product"}],"about":[{"href":"https:\/\/ayaneo.co\/lv\/wp-json\/wp\/v2\/types\/product"}],"wp:featuredmedia":[{"embeddable":true,"href":"https:\/\/ayaneo.co\/lv\/wp-json\/wp\/v2\/media\/16644"}],"wp:attachment":[{"href":"https:\/\/ayaneo.co\/lv\/wp-json\/wp\/v2\/media?parent=16624"}],"wp:term":[{"taxonomy":"product_brand","embeddable":true,"href":"https:\/\/ayaneo.co\/lv\/wp-json\/wp\/v2\/product_brand?post=16624"},{"taxonomy":"product_cat","embeddable":true,"href":"https:\/\/ayaneo.co\/lv\/wp-json\/wp\/v2\/product_cat?post=16624"},{"taxonomy":"product_tag","embeddable":true,"href":"https:\/\/ayaneo.co\/lv\/wp-json\/wp\/v2\/product_tag?post=16624"}],"curies":[{"name":"wp","href":"https:\/\/api.w.org\/{rel}","templated":true}]}}