{"id":16663,"date":"2025-01-29T11:19:41","date_gmt":"2025-01-29T11:19:41","guid":{"rendered":"https:\/\/ayaneo.co\/product\/droix-nh8-usb-koncentrators-ar-nvme\/"},"modified":"2025-06-16T15:10:28","modified_gmt":"2025-06-16T15:10:28","slug":"droix-nh8-usb-koncentrators-ar-nvme","status":"publish","type":"product","link":"https:\/\/ayaneo.co\/lv\/product\/droix-nh8-usb-koncentrators-ar-nvme\/","title":{"rendered":"DroiX NH8 USB koncentrators ar NVMe"},"content":{"rendered":"\n<h2 class=\"wp-block-heading\"><strong>DroiX NH8 centrmezgls ar NVMe ligzdu - lab\u0101kais savienojam\u012bbas centrmezgls \u201cviss vien\u0101\u201d!<\/strong><\/h2>\n\n<h4 class=\"wp-block-heading\"><strong>\u013boti \u0101trs gigabitu Ethernet<\/strong><\/h4>\n\n<p>Izbaudiet nevainojamu, \u0101trdarb\u012bgu savienojam\u012bbu ar <strong>DroiX NH8 Hub<\/strong>! T\u0101 <strong>10\/100\/1000M Gigabit Ethernet piesl\u0113gvieta<\/strong> nodro\u0161ina <strong>stabilu interneta savienojumu bez kav\u0113\u0161an\u0101s - ide\u0101li piem\u0113rots<\/strong>sp\u0113l\u0113m, straum\u0113\u0161anai un liela joslas platuma uzdevumiem. Atvadieties no Wi-Fi p\u0101rtraukumiem un izbaudiet <strong>vienm\u0113r\u012bgu, vadu \u0101truma veiktsp\u0113ju<\/strong>. <\/p>\n\n<h4 class=\"wp-block-heading\"><strong>Apbr\u012bnojams 4K video izvads<\/strong><\/h4>\n\n<p>Uzlabojiet savu vizu\u0101lo pieredzi ar <strong>HDMI 2.0 atbalstu<\/strong>, nodro\u0161inot l\u012bdz pat <strong>4096&#215;2160 iz\u0161\u0137irtsp\u0113ju ar 60 Hz frekvenci<\/strong>. Neatkar\u012bgi no t\u0101, vai <strong>skat\u0101ties filmas, prezent\u0113jat darbu vai sp\u0113l\u0113jat sp\u0113les augstas iz\u0161\u0137irtsp\u0113jas re\u017e\u012bm\u0101<\/strong>, baudiet \u012bpa\u0161i asus att\u0113lus, spilgtas kr\u0101sas un <strong>sviestaini gludu kust\u012bbu<\/strong>. <\/p>\n\n<h4 class=\"wp-block-heading\"><strong>Viegli papla\u0161iniet savu kr\u0101tuvi<\/strong><\/h4>\n\n<p>Pietr\u016bkst vietas? <strong>DroiX NH8 centrmezglam<\/strong> ir <strong>integr\u0113ts PCIe NVMe slots<\/strong>, kas nodro\u0161ina zibens\u0101tru datu glab\u0101\u0161anas papla\u0161in\u0101\u0161anu. \u0160\u012b funkcija ir ide\u0101li piem\u0113rota <strong>\u0101trdarb\u012bgai datu p\u0101rs\u016bt\u012b\u0161anai, lieliem failiem un augstas veiktsp\u0113jas lietojumprogramm\u0101m<\/strong>, lai j\u016bsu sist\u0113ma darbotos efekt\u012bvi.  <\/p>\n\n<h4 class=\"wp-block-heading\"><strong>Datu p\u0101rs\u016bt\u012b\u0161anas \u0101trums<\/strong><\/h4>\n\n<p>\u0100tri p\u0101rs\u016btiet lielus failus, izmantojot <strong>A tipa 3.0 USB piesl\u0113gvietu<\/strong>. Neatkar\u012bgi no t\u0101, vai veidojat datu dubl\u0113jumu, sinhroniz\u0113jat ier\u012bces vai <strong>barojat perif\u0113rijas ier\u012bces<\/strong>, izbaudiet <strong>\u0101tru datu p\u0101rs\u016bt\u012b\u0161anas \u0101trumu,<\/strong> kas racionaliz\u0113 j\u016bsu darba procesu. <\/p>\n\n<h4 class=\"wp-block-heading\"><strong>Univers\u0101la USB tipa C savietojam\u012bba<\/strong><\/h4>\n\n<p><strong>NH8 centrmezgls<\/strong> ir apr\u012bkots ar <strong>univers\u0101lu C tipa USB savienojumu<\/strong>, kas nodro\u0161ina <strong>pla\u0161u ier\u012b\u010du savietojam\u012bbu<\/strong>. Izbaudiet <strong>\u0101tru datu p\u0101rs\u016bt\u012b\u0161anu, efekt\u012bvu ener\u0123ijas padevi un \u0113rtu savienojam\u012bbu starp<\/strong> <strong>kl\u0113pjdatoriem, mini person\u0101lajiem datoriem, sp\u0113\u013cu ier\u012bc\u0113m un cit\u0101m ier\u012bc\u0113m - viss<\/strong>ar vienu kabeli. <\/p>\n\n<h4 class=\"wp-block-heading\"><strong>\u0112rta piek\u013cuve multivides l\u012bdzek\u013ciem<\/strong><\/h4>\n\n<p>Ar <strong>ieb\u016bv\u0113to SD un Micro SD kar\u0161u las\u012bt\u0101ju<\/strong> <strong>DroiX NH8 centrmezgls<\/strong> \u013cauj \u0113rti <strong>piek\u013c\u016bt failiem, p\u0101rs\u016bt\u012bt tos un dubl\u0113t to rezerves kopijas<\/strong>. Neatkar\u012bgi no t\u0101, vai t\u0101s ir fotogr\u0101fijas, videoklipi vai svar\u012bgi dokumenti, ieg\u016bstiet \u0101tru piek\u013cuvi saviem multivides nes\u0113jiem bez papildu adapteriem. <\/p>\n\n<h4 class=\"wp-block-heading\"><strong>Nep\u0101rsp\u0113jama daudzpus\u012bba un veiktsp\u0113ja<\/strong><\/h4>\n\n<p><strong>DroiX NH8 hub<\/strong> ir izstr\u0101d\u0101ts <strong>person\u0101lajiem datoriem, kl\u0113pjdatoriem, mini person\u0101lajiem datoriem un sp\u0113\u013cu portat\u012bvajiem datoriem<\/strong>, un tas ir vair\u0101k nek\u0101 tikai papildier\u012bce - tas ir <strong>svar\u012bgs savienojam\u012bbas risin\u0101jums<\/strong>. Tas ir <strong>kompakts, jaud\u012bgs un uzticams<\/strong>, t\u0101p\u0113c ir <strong>lielisks r\u012bks<\/strong> darbam, izklaidei un visam, kas ir starp tiem.<\/p>\n\n<h3 class=\"wp-block-heading\"><strong>Uzlabojiet savienojam\u012bbu ar DroiX NH8 Hub!<\/strong><\/h3>\n\n<p>Izbaudiet <strong>n\u0101kam\u0101 l\u012bme\u0146a veiktsp\u0113ju un \u0113rt\u012bbas<\/strong> ar centrmezglu, kas izstr\u0101d\u0101ts, lai nodro\u0161in\u0101tu <strong>\u0101trumu, efektivit\u0101ti un daudzpus\u012bbu<\/strong>. <strong>Racionaliz\u0113jiet savu konfigur\u0101ciju un uzlabojiet savu darba pl\u016bsmu jau \u0161odien!<\/strong><\/p>\n\n<p>Lai soli pa solim iepaz\u012btos ar iestat\u012b\u0161anu, skatiet m\u016bsu <strong>rokasgr\u0101matu \u201cDarba s\u0101k\u0161ana ar DroiX NH8 USB koncentratoru<\/strong>\u201d.<\/p>\n\n<p><\/p>\n","protected":false},"excerpt":{"rendered":"<ul>\n<li>DroiX<strong> NH8 <\/strong>USB koncentrators ar NVMe<\/li>\n<li><strong>10\/100\/1000M<\/strong> Gigabit Ethernet<\/li>\n<li><strong>Ieb\u016bv\u0113ts PCIe NVMe slots<\/strong> datu glab\u0101\u0161anas papla\u0161in\u0101\u0161anai<\/li>\n<li><strong>4K displeja izeja,<\/strong> izmantojot HDMI<\/li>\n<li><strong>MicroSD \/ SD kar\u0161u slots<\/strong> - l\u012bdz 5 Gbps<\/li>\n<\/ul>\n[cg_accordion title=\"INFORM\u0100CIJA PAR MAKS\u0100JUMU\"]<\/p>\n<p>M\u0113s izmantojam jaun\u0101k\u0101s tehnolo\u0123ijas maks\u0101jumu apstr\u0101d\u0113, kas \u013cauj \u0101tri un dro\u0161i nor\u0113\u0137in\u0101ties, izmantojot Apple Pay, Google Pay, debetkarti\/kred\u012btkarti, PayPal vai BNPL metodes, piem\u0113ram, Klarna, Affirm vai AfterPay.[\/cg_accordion]\n[cg_accordion title=\"GARANTIJA\"]<\/p>\n<p>1 gada garantija no <a href=\"https:\/\/droix.net\/\" target=\"_blank\" rel=\"nofollow noopener\">DROIX Global<\/a>, lai j\u016bs b\u016btu mier\u0101.[\/cg_accordion]\n[cg_accordion title=\"CENAS, NODOK\u013bI UN PIEG\u0100DE\"]<\/p>\n<p><strong><u>Piez\u012bme:<\/u><\/strong><\/p>\n<ul>\n<li>Amerikas Savienot\u0101s Valstis Klienti: Klientiem, kas ieg\u0101d\u0101jas preces, nor\u0101d\u012bt\u0101 cena neietver ne nodokli, ne nodevas. Atbild\u012bba par muito\u0161anu un saist\u012bto nodok\u013cu\/muitas nodok\u013cu nomaksu gulstas uz klienta pleciem. <\/li>\n<li>ES klienti: Atkar\u012bb\u0101 no j\u016bsu valsts, nor\u0101d\u012bt\u0101 cena ietver piem\u0113rojamo nodokli, kas var b\u016bt l\u012bdz 25%.<\/li>\n<li>Kan\u0101das klienti: Atkar\u012bb\u0101 no j\u016bsu provinces nor\u0101d\u012btaj\u0101 cen\u0101 ir iek\u013cauti piem\u0113rojamie nodok\u013ci, kas var ietvert 5% GST un papildu provinces p\u0101rdo\u0161anas nodokli (PST), saska\u0146oto p\u0101rdo\u0161anas nodokli (HST) vai Kvebekas p\u0101rdo\u0161anas nodokli (QST).<\/li>\n<\/ul>\n<p><strong>Tikai ES klientiem:<\/strong> Express DDP (pieg\u0101de ar samaks\u0101tu muitas nodokli). Tas noz\u012bm\u0113: <\/p>\n<ul>\n<li>Visas muitas nodevas un nodok\u013ci ir iek\u013cauti produkta lap\u0101 nor\u0101d\u012btaj\u0101 cen\u0101.<\/li>\n<li>Pieg\u0101des br\u012bd\u012b jums neb\u016bs j\u0101maks\u0101 papildu maksa.<\/li>\n<li>Retos gad\u012bjumos, kad rodas ar muitu saist\u012btas probl\u0113mas, m\u016bsu komanda j\u016bsu v\u0101rd\u0101 veiks muito\u0161anas procesu, lai nodro\u0161in\u0101tu netrauc\u0113tu pieg\u0101di.<\/li>\n<p>Svar\u012bga inform\u0101cija par atgrie\u0161anu:<\/p>\n<li>Ja nolemjat atgriezt pas\u016bt\u012bjumu vai piepras\u012bt atmaksu, l\u016bdzu, \u0146emiet v\u0113r\u0101, ka nodok\u013ci un nodevas, kas samaks\u0101ti j\u016bsu v\u0101rd\u0101 saska\u0146\u0101 ar DDP noteikumiem, nevar tikt atmaks\u0101ti.<\/li>\n<p>S\u012bk\u0101ku inform\u0101ciju skatiet m\u016bsu <a href=\"https:\/\/ayaneo.co\/lv\/pakalpojumu-sniegsanas-noteikumi\/\" target=\"_blank\" rel=\"nofollow noopener\">Noteikumos un nosac\u012bjumos<\/a>.\n<\/ul>\n<p>[\/cg_accordion]\n[cg_accordion title=\"KLIENTU ATBALSTS\"]<\/p>\n<p>Jums ir jaut\u0101jums? M\u0113s esam \u012bs\u0101 teksta att\u0101lum\u0101 no j\u016bsu jaut\u0101juma atrisin\u0101\u0161anas!<br \/>\n[\/cg_accordion]\n","protected":false},"featured_media":16671,"template":"","meta":{"_acf_changed":false},"product_brand":[],"product_cat":[1194],"product_tag":[],"class_list":{"0":"post-16663","1":"product","2":"type-product","3":"status-publish","4":"has-post-thumbnail","6":"product_cat-aksesuari","7":"product_shipping_class-low-end","8":"pa_brand-droix","10":"first","11":"outofstock","12":"sale","13":"taxable","14":"shipping-taxable","15":"purchasable","16":"product-type-variable","17":"has-default-attributes"},"acf":[],"_links":{"self":[{"href":"https:\/\/ayaneo.co\/lv\/wp-json\/wp\/v2\/product\/16663","targetHints":{"allow":["GET"]}}],"collection":[{"href":"https:\/\/ayaneo.co\/lv\/wp-json\/wp\/v2\/product"}],"about":[{"href":"https:\/\/ayaneo.co\/lv\/wp-json\/wp\/v2\/types\/product"}],"wp:featuredmedia":[{"embeddable":true,"href":"https:\/\/ayaneo.co\/lv\/wp-json\/wp\/v2\/media\/16671"}],"wp:attachment":[{"href":"https:\/\/ayaneo.co\/lv\/wp-json\/wp\/v2\/media?parent=16663"}],"wp:term":[{"taxonomy":"product_brand","embeddable":true,"href":"https:\/\/ayaneo.co\/lv\/wp-json\/wp\/v2\/product_brand?post=16663"},{"taxonomy":"product_cat","embeddable":true,"href":"https:\/\/ayaneo.co\/lv\/wp-json\/wp\/v2\/product_cat?post=16663"},{"taxonomy":"product_tag","embeddable":true,"href":"https:\/\/ayaneo.co\/lv\/wp-json\/wp\/v2\/product_tag?post=16663"}],"curies":[{"name":"wp","href":"https:\/\/api.w.org\/{rel}","templated":true}]}}