{"id":16700,"date":"2025-01-29T11:23:32","date_gmt":"2025-01-29T11:23:32","guid":{"rendered":"https:\/\/ayaneo.co\/product\/sd1-dokstacija\/"},"modified":"2025-05-30T15:57:32","modified_gmt":"2025-05-30T15:57:32","slug":"sd1-dokstacija","status":"publish","type":"product","link":"https:\/\/ayaneo.co\/lv\/product\/sd1-dokstacija\/","title":{"rendered":"SD1 dokstacija"},"content":{"rendered":"\n<h2 class=\"wp-block-heading\"><strong>SD1 dokstacija: Atkl\u0101jiet patieso plaukstas sp\u0113\u013cu jaudu!<\/strong><\/h2>\n\n<h4 class=\"wp-block-heading\"><strong>J\u016bsu v\u0101rti uz viengabalainu sp\u0113l\u0113\u0161anu<\/strong><\/h4>\n\n<p>P\u0101rveidojiet savu p\u0101rn\u0113s\u0101jamo sp\u0113\u013cu sp\u0113l\u0113\u0161anas pieredzi ar <strong>SD1 dokstaciju -<\/strong>vislab\u0101ko p\u0101rn\u0113s\u0101jamo sp\u0113\u013cu datoru pal\u012bgu. SD1 ir izstr\u0101d\u0101ta, dom\u0101jot par sp\u0113l\u0113t\u0101jiem, un uzlabo veiktsp\u0113ju, savienojam\u012bbu un \u0113rt\u012bbas, nodro\u0161inot, ka katra sp\u0113\u013cu sesija ir nevainojama. No <strong>Steam Deck<\/strong><strong>AYA NEO Geek 1S<\/strong>, \u0161\u012b dokstacija nodro\u0161ina nep\u0101rsp\u0113jamu daudzpus\u012bbu. Vienk\u0101r\u0161i piesl\u0113dziet dokstaciju, savienojiet, izmantojot C tipa USB, un \u013caujiet SD1 pacelt j\u016bsu sp\u0113\u013cu sp\u0113l\u0113\u0161anu jaun\u0101 l\u012bmen\u012b.   <\/p>\n\n<h4 class=\"wp-block-heading\"><strong>Zibens \u0101trgaitas interneta veiktsp\u0113ja<\/strong><\/h4>\n\n<p>Saglab\u0101jiet p\u0101rsvaru ikvien\u0101 c\u012b\u0146\u0101 ar SD1 <strong>RJ45 Gigabit Ethernet portu<\/strong>, kas nodro\u0161ina l\u012bdz pat <strong>1000M<\/strong> lielu \u0101trumu. Atvadieties no kav\u0113\u0161an\u0101s un sveiciniet vienm\u0113r\u012bgu, re\u0101llaika sp\u0113l\u0113\u0161anu. Neatkar\u012bgi no t\u0101, vai p\u0113t\u0101t pla\u0161as pasaules vai sacen\u0161aties daudzsp\u0113l\u0113t\u0101ju sp\u0113l\u0113s, SD1 garant\u0113 <strong>stabilu, nep\u0101rtrauktu savienojumu,<\/strong> kad tas ir vissvar\u012bg\u0101kais.  <\/p>\n\n<h4 class=\"wp-block-heading\"><strong>Aizraujo\u0161i 4K att\u0113li<\/strong><\/h4>\n\n<p>Iegremd\u0113jiet satrieco\u0161as deta\u013cas un spilgtas kr\u0101sas, izmantojot SD1 <strong>HDMI 2.0 izeju<\/strong>. \u0160\u012b dokstacija atbalsta l\u012bdz pat <strong>4096&#215;2160 iz\u0161\u0137irtsp\u0113ju ar 60 Hz frekvenci<\/strong>, un t\u0101 p\u0101rv\u0113r\u0161 j\u016bsu sp\u0113les elpu aizraujo\u0161os vizu\u0101los piedz\u012bvojumos. Katrs kadrs ir izteiksm\u012bgs, vienm\u0113r\u012bgs un dz\u012bvs, padarot j\u016bsu iecien\u012bt\u0101k\u0101s sp\u0113les v\u0113l aizraujo\u0161\u0101kas.  <\/p>\n\n<h4 class=\"wp-block-heading\"><strong>Jauda, kas ne\u013cauj jums sp\u0113l\u0113t sp\u0113les<\/strong><\/h4>\n\n<p>Nek\u0101du p\u0101rtraukumu sp\u0113les vid\u016b! Pateicoties <strong>100 W Power Delivery (PD) uzl\u0101dei<\/strong>, SD1 nodro\u0161ina, ka j\u016bsu ier\u012bce ir uzl\u0101d\u0113ta pat sp\u0113\u013cu maratona sesiju laik\u0101. Sp\u0113l\u0113jiet dro\u0161i, zinot, ka j\u016bsu portat\u012bvais sp\u0113\u013cu dators ir nep\u0101rtraukti uzl\u0101d\u0113ts un gatavs darbam.  <\/p>\n\n<h4 class=\"wp-block-heading\"><strong>Papla\u0161iniet savu konfigur\u0101ciju ar vair\u0101kiem piesl\u0113gvietu piesl\u0113gumiem<\/strong><\/h4>\n\n<p>Savienojieties k\u0101 profesion\u0101lis! SD1 ir apr\u012bkots ar <strong>trim A tipa 3.0 USB 3.0 piesl\u0113gviet\u0101m<\/strong>, kas \u013cauj piesl\u0113gt perif\u0113rijas ier\u012bces, piem\u0113ram, kontrolierus, austi\u0146as vai \u0101r\u0113jo atmi\u0146u. Izbaudiet <strong>zibens\u0101tru datu p\u0101rs\u016bt\u012b\u0161anu<\/strong> un vieglu daudzuzdevumu veik\u0161anu bez papildu adapteru jucek\u013ca.  <\/p>\n\n<h4 class=\"wp-block-heading\"><strong>N\u0101kam\u0101 l\u012bme\u0146a savienojam\u012bba<\/strong><\/h4>\n\n<p>Izbaudiet stabilus, \u0101trdarb\u012bgus savienojumus ar SD1 <strong>USB Type-C interfeisu<\/strong>, kas izstr\u0101d\u0101ts univers\u0101lai sader\u012bbai un efektivit\u0101tei. Neatkar\u012bgi no t\u0101, vai p\u0101rs\u016bt\u0101t datus vai barot ier\u012bci, SD1 pied\u0101v\u0101 visaptvero\u0161u risin\u0101jumu jaun\u0101kaj\u0101m portat\u012bvaj\u0101m sp\u0113\u013cu ier\u012bc\u0113m. <\/p>\n\n<h4 class=\"wp-block-heading\"><strong>Premium klases dizains, kas izgatavots, lai kalpotu ilgi<\/strong><\/h4>\n\n<p>SD1 dokstacija ir izgatavota no <strong>iztur\u012bga pel\u0113ka alum\u012bnija<\/strong>, un t\u0101 ir tikpat stil\u012bga k\u0101 iztur\u012bga. T\u0101s gludais dizains nevainojami iederas jebkur\u0101 konfigur\u0101cij\u0101, bet <strong>melnie silikona spilventi\u0146i<\/strong> nodro\u0161ina papildu aizsardz\u012bbu, nov\u0113r\u0161ot skr\u0101p\u0113jumus un nodro\u0161inot, ka ier\u012bce dro\u0161i paliek sav\u0101 viet\u0101. <\/p>\n\n<h4 class=\"wp-block-heading\"><strong>Daudzpus\u012bga savietojam\u012bba<\/strong><\/h4>\n\n<p>SD1 dokstacija ir veidota t\u0101, lai atbalst\u012btu pla\u0161u portat\u012bvo sp\u0113\u013cu datoru kl\u0101stu, padarot to par lielisku piederumu jebkuram sp\u0113l\u0113t\u0101jam. Neatkar\u012bgi no t\u0101, vai sp\u0113l\u0113jat <strong>Steam Deck<\/strong>, <strong>GPD WIN 4 2023<\/strong> vai <strong>ONEXPLAYER 2<\/strong>, SD1 nodro\u0161ina nevainojamu integr\u0101ciju un uzlabotu veiktsp\u0113ju. Tas ir r\u016bp\u012bgi test\u0113ts ar lab\u0101kaj\u0101m ier\u012bc\u0113m, tostarp <strong>ROG Ally<\/strong>, <strong>AYA NEO 2S<\/strong> un cit\u0101m.  <\/p>\n\n<hr class=\"wp-block-separator has-alpha-channel-opacity\"\/>\n\n<h3 class=\"wp-block-heading\"><strong>K\u0101p\u0113c izv\u0113l\u0113ties SD1 dokstaciju?<\/strong><\/h3>\n\n<ul class=\"wp-block-list\">\n<li><strong>Nep\u0101rtraukts internets<\/strong>: Izbaudiet \u012bpa\u0161i \u0101trus un stabilus savienojumus.<\/li>\n\n\n\n<li><strong>Apbr\u012bnojams 4K iz\u0161\u0137irtsp\u0113jas att\u0113ls<\/strong>: Iegremd\u0113jiet sevi spilgt\u0101, vienm\u0113r\u012bg\u0101 vizu\u0101laj\u0101 kvalit\u0101t\u0113.<\/li>\n\n\n\n<li><strong>Efekt\u012bva uzl\u0101de<\/strong>: Sp\u0113l\u0113siet stund\u0101m ilgi ar uzticamu ener\u0123ijas pieg\u0101di.<\/li>\n\n\n\n<li><strong>Uzlabot\u0101s ostas opcijas<\/strong>: Viegli piesl\u0113gt vair\u0101kus perif\u0113rijas ier\u012bci.<\/li>\n\n\n\n<li><strong>Univers\u0101la sader\u012bba<\/strong>: Darbojas ar visiem j\u016bsu iecien\u012bt\u0101kajiem rokas sp\u0113\u013cu datoriem.<\/li>\n<\/ul>\n\n<hr class=\"wp-block-separator has-alpha-channel-opacity\"\/>\n\n<h3 class=\"wp-block-heading\"><strong>Paaugstini savu sp\u0113\u013cu l\u012bmeni<\/strong><\/h3>\n\n<p>Ar <strong>SD1 dokstaciju<\/strong> katra sp\u0113le k\u013c\u016bst par neaizmirstamu piedz\u012bvojumu. Neatkar\u012bgi no t\u0101, vai j\u016bs piedal\u0101ties sacens\u012bb\u0101s, izp\u0113t\u0113 vai straum\u0113\u0161an\u0101, \u0161\u012b dokstacija sniedz jums r\u012bkus, lai sniegtu vislab\u0101ko sniegumu.   <strong>Moderniz\u0113jiet savu konfigur\u0101ciju jau \u0161odien un s\u0101ciet jaunu \u0113ru portat\u012bvo sp\u0113\u013cu sp\u0113l\u0113\u0161an\u0101.<\/strong><\/p>\n","protected":false},"excerpt":{"rendered":"<ul>\n<li><strong>SD1 <\/strong>dokstacija<\/li>\n<li>Gigabit Ethernet<\/li>\n<li>100W PD USB-C<\/li>\n<li>HDMI izeja<\/li>\n<li><strong>Sader\u012bgs ar<\/strong> AYANEO rokas ier\u012bc\u0113m un daudziem citiem ier\u012bc\u0113m<\/li>\n<\/ul>\n[cg_accordion title=\"INFORM\u0100CIJA PAR MAKS\u0100JUMU\"]<\/p>\n<p>M\u0113s izmantojam jaun\u0101k\u0101s tehnolo\u0123ijas maks\u0101jumu apstr\u0101d\u0113, kas \u013cauj \u0101tri un dro\u0161i nor\u0113\u0137in\u0101ties, izmantojot Apple Pay, Google Pay, debetkarti\/kred\u012btkarti, PayPal vai BNPL metodes, piem\u0113ram, Klarna, Affirm vai AfterPay.[\/cg_accordion]\n[cg_accordion title=\"GARANTIJA\"]<\/p>\n<p>1 gada garantija no <a href=\"https:\/\/droix.net\/\" target=\"_blank\" rel=\"nofollow noopener\">DROIX Global<\/a>, lai j\u016bs b\u016btu mier\u0101.[\/cg_accordion]\n[cg_accordion title=\"CENAS, NODOK\u013bI UN PIEG\u0100DE\"]<\/p>\n<p><strong><u>Piez\u012bme:<\/u><\/strong><\/p>\n<ul>\n<li>Amerikas Savienot\u0101s Valstis Klienti: Klientiem, kas ieg\u0101d\u0101jas preces, nor\u0101d\u012bt\u0101 cena neietver ne nodokli, ne nodevas. Atbild\u012bba par muito\u0161anu un saist\u012bto nodok\u013cu\/muitas nodok\u013cu nomaksu gulstas uz klienta pleciem. <\/li>\n<li>ES klienti: Atkar\u012bb\u0101 no j\u016bsu valsts, nor\u0101d\u012bt\u0101 cena ietver piem\u0113rojamo nodokli, kas var b\u016bt l\u012bdz 25%.<\/li>\n<li>Kan\u0101das klienti: Atkar\u012bb\u0101 no j\u016bsu provinces nor\u0101d\u012btaj\u0101 cen\u0101 ir iek\u013cauti piem\u0113rojamie nodok\u013ci, kas var ietvert 5% GST un papildu provinces p\u0101rdo\u0161anas nodokli (PST), saska\u0146oto p\u0101rdo\u0161anas nodokli (HST) vai Kvebekas p\u0101rdo\u0161anas nodokli (QST).<\/li>\n<\/ul>\n<p><strong>Tikai ES klientiem:<\/strong> Express DDP (pieg\u0101de ar samaks\u0101tu muitas nodokli). Tas noz\u012bm\u0113: <\/p>\n<ul>\n<li>Visas muitas nodevas un nodok\u013ci ir iek\u013cauti produkta lap\u0101 nor\u0101d\u012btaj\u0101 cen\u0101.<\/li>\n<li>Pieg\u0101des br\u012bd\u012b jums neb\u016bs j\u0101maks\u0101 papildu maksa.<\/li>\n<li>Retos gad\u012bjumos, kad rodas ar muitu saist\u012btas probl\u0113mas, m\u016bsu komanda j\u016bsu v\u0101rd\u0101 veiks muito\u0161anas procesu, lai nodro\u0161in\u0101tu netrauc\u0113tu pieg\u0101di.<\/li>\n<p>Svar\u012bga inform\u0101cija par atgrie\u0161anu:<\/p>\n<li>Ja nolemjat atgriezt pas\u016bt\u012bjumu vai piepras\u012bt atmaksu, l\u016bdzu, \u0146emiet v\u0113r\u0101, ka nodok\u013ci un nodevas, kas samaks\u0101ti j\u016bsu v\u0101rd\u0101 saska\u0146\u0101 ar DDP noteikumiem, nevar tikt atmaks\u0101ti.<\/li>\n<p>S\u012bk\u0101ku inform\u0101ciju skatiet m\u016bsu <a href=\"https:\/\/ayaneo.co\/terms-of-service-2\/\" target=\"_blank\" rel=\"nofollow noopener\">Noteikumos un nosac\u012bjumos<\/a>.\n<\/ul>\n<p>[\/cg_accordion]\n[cg_accordion title=\"KLIENTU ATBALSTS\"]<\/p>\n<p>Jums ir jaut\u0101jums? M\u0113s esam \u012bs\u0101 teksta att\u0101lum\u0101 no j\u016bsu jaut\u0101juma atrisin\u0101\u0161anas!<br \/>\n[\/cg_accordion]\n","protected":false},"featured_media":16702,"template":"","meta":{"_acf_changed":false},"product_brand":[],"product_cat":[1194],"product_tag":[],"class_list":{"0":"post-16700","1":"product","2":"type-product","3":"status-publish","4":"has-post-thumbnail","6":"product_cat-aksesuari","7":"product_shipping_class-low-end","8":"pa_accessory-type-docking-station-lv","9":"pa_brand-droix","11":"first","12":"outofstock","13":"sale","14":"taxable","15":"shipping-taxable","16":"purchasable","17":"product-type-simple"},"acf":[],"_links":{"self":[{"href":"https:\/\/ayaneo.co\/lv\/wp-json\/wp\/v2\/product\/16700","targetHints":{"allow":["GET"]}}],"collection":[{"href":"https:\/\/ayaneo.co\/lv\/wp-json\/wp\/v2\/product"}],"about":[{"href":"https:\/\/ayaneo.co\/lv\/wp-json\/wp\/v2\/types\/product"}],"wp:featuredmedia":[{"embeddable":true,"href":"https:\/\/ayaneo.co\/lv\/wp-json\/wp\/v2\/media\/16702"}],"wp:attachment":[{"href":"https:\/\/ayaneo.co\/lv\/wp-json\/wp\/v2\/media?parent=16700"}],"wp:term":[{"taxonomy":"product_brand","embeddable":true,"href":"https:\/\/ayaneo.co\/lv\/wp-json\/wp\/v2\/product_brand?post=16700"},{"taxonomy":"product_cat","embeddable":true,"href":"https:\/\/ayaneo.co\/lv\/wp-json\/wp\/v2\/product_cat?post=16700"},{"taxonomy":"product_tag","embeddable":true,"href":"https:\/\/ayaneo.co\/lv\/wp-json\/wp\/v2\/product_tag?post=16700"}],"curies":[{"name":"wp","href":"https:\/\/api.w.org\/{rel}","templated":true}]}}