{"id":16724,"date":"2025-01-29T11:53:38","date_gmt":"2025-01-29T11:53:38","guid":{"rendered":"https:\/\/ayaneo.co\/product\/usb-4-0-c-tipa-kabelis\/"},"modified":"2025-05-30T15:57:40","modified_gmt":"2025-05-30T15:57:40","slug":"usb-4-0-c-tipa-kabelis","status":"publish","type":"product","link":"https:\/\/ayaneo.co\/lv\/product\/usb-4-0-c-tipa-kabelis\/","title":{"rendered":"USB 4.0 C tipa kabelis"},"content":{"rendered":"\n<h3 class=\"wp-block-heading\"><strong>Izbaudiet nep\u0101rsp\u0113jamu savienojam\u012bbu ar USB 4.0 C tipa kabeli<\/strong><\/h3>\n\n<h4 class=\"wp-block-heading\"><strong>Revol\u016bcija \u0101truma, jaudas un precizit\u0101tes jom\u0101<\/strong><\/h4>\n\n<h4 class=\"wp-block-heading\"><strong>Spilgt\u0101 40 Gb\/s datu p\u0101rraide<\/strong><\/h4>\n\n<p>Atblo\u0137\u0113jiet nep\u0101rsp\u0113jamu veiktsp\u0113ju ar m\u016bsu <strong>USB 4.0 C tipa kabeli<\/strong>, kas sp\u0113j nodro\u0161in\u0101t <strong>ziben\u012bgu 40 Gbps datu p\u0101rs\u016bt\u012b\u0161anas \u0101trumu<\/strong>. Atvadieties no kav\u0113\u0161an\u0101s un sveiciniet \u0101tru, netrauc\u0113tu failu koplieto\u0161anu - ide\u0101li piem\u0113rots liel\u0101m darba slodz\u0113m, 4K video un \u0101trdarb\u012bg\u0101m dubl\u0113juma kopij\u0101m. <\/p>\n\n<h4 class=\"wp-block-heading\"><strong>Sader\u012bba ar Thunderbolt 3 un 4<\/strong><\/h4>\n\n<p>Ar <strong>Thunderbolt 3 un 4 sader\u012bbu<\/strong> nodro\u0161iniet savu konfigur\u0101ciju ar n\u0101kotni, nodro\u0161inot nevainojamu integr\u0101ciju ar modern\u0101kaj\u0101m ier\u012bc\u0113m. Neatkar\u012bgi no t\u0101, vai savienojat kl\u0113pjdatorus, monitorus vai glab\u0101\u0161anas risin\u0101jumus, m\u016bsu kabelis \u013cauj jums b\u016bt soli priek\u0161\u0101. <\/p>\n\n<h4 class=\"wp-block-heading\"><strong>Jauda p\u0101ri robe\u017e\u0101m: 240 W PD<\/strong><\/h4>\n\n<p>Uzl\u0101d\u0113jiet \u0101tr\u0101k, str\u0101d\u0101jiet ilg\u0101k. Ar iespaid\u012bgo <strong>240 W Power Delivery jaudu<\/strong> \u0161is kabelis nodro\u0161ina \u0101tru uzl\u0101di pat vispras\u012bg\u0101kaj\u0101m ier\u012bc\u0113m. No kl\u0113pjdatoriem l\u012bdz sp\u0113\u013cu platform\u0101m - izbaudiet nep\u0101rtrauktu veiktsp\u0113ju un pagarin\u0101tu darb\u012bbas laiku.  <\/p>\n\n<h4 class=\"wp-block-heading\"><strong>8K vizu\u0101l\u0101 mirdzums<\/strong><\/h4>\n\n<p>Iegremd\u0113 sevi satrieco\u0161\u0101 skaidr\u012bb\u0101 ar <strong>8K iz\u0161\u0137irtsp\u0113jas<\/strong> atbalstu <strong>60 Hz frekvenc\u0113<\/strong>. Neatkar\u012bgi no t\u0101, vai sp\u0113l\u0113jat sp\u0113les, redi\u0123\u0113jat augstas iz\u0161\u0137irtsp\u0113jas saturu vai skat\u0101ties \u012bpa\u0161i augstas iz\u0161\u0137irtsp\u0113jas izklaidi, katrs kadrs izce\u013cas ar re\u0101listisk\u0101m deta\u013c\u0101m un dz\u012bv\u012bg\u0101m kr\u0101s\u0101m. <\/p>\n\n<h4 class=\"wp-block-heading\"><strong>Inovat\u012bva re\u0101llaika elektroener\u0123ijas monitorings<\/strong><\/h4>\n\n<p>Kontrol\u0113jiet situ\u0101ciju, izmantojot m\u016bsu <strong>ieb\u016bv\u0113to ener\u0123ijas izmanto\u0161anas ekr\u0101nu<\/strong>. \u0160\u012b paroc\u012bg\u0101 funkcija nodro\u0161ina <strong>re\u0101llaika ener\u0123ijas pat\u0113ri\u0146a datus<\/strong>, \u013caujot jums uzraudz\u012bt ier\u012bces ener\u0123ijas pat\u0113ri\u0146u, lai nodro\u0161in\u0101tu gudr\u0101ku un efekt\u012bv\u0101ku uzl\u0101di. <\/p>\n\n<h4 class=\"wp-block-heading\"><strong>Izstr\u0101d\u0101ts atbilsto\u0161i j\u016bsu iestat\u012bjumiem<\/strong><\/h4>\n\n<p>Izv\u0113lieties sav\u0101m vajadz\u012bb\u0101m piem\u0113rot\u0101ko, izmantojot m\u016bsu elast\u012bg\u0101s garuma opcijas:<\/p>\n\n<ul class=\"wp-block-list\">\n<li><strong>Taisnais kabelis<\/strong>: Pieejams <strong>0,8 m<\/strong> un <strong>1,5 m garum\u0101<\/strong>.<\/li>\n\n\n\n<li><strong>L-veida kabelis<\/strong>: Ide\u0101li piem\u0113rots kompakt\u0101m telp\u0101m, pieejams ar\u012b <strong>0,8 m<\/strong> un <strong>1,5 m garum\u0101<\/strong>.<\/li>\n<\/ul>\n\n<p>Neatkar\u012bgi no t\u0101, vai jums nepiecie\u0161ama p\u0101rvieto\u0161an\u0101s br\u012bv\u012bba vai vietas taup\u012b\u0161anas risin\u0101jums, m\u016bsu USB 4.0 C tipa kabelis ir piem\u0113rots jebkurai videi.<\/p>\n\n<h4 class=\"wp-block-heading\"><strong>Augst\u0101k\u0101 l\u012bme\u0146a amatniec\u012bba, bezkompromisa veiktsp\u0113ja<\/strong><\/h4>\n\n<p>\u0160is kabelis ir prec\u012bzi izstr\u0101d\u0101ts, apvienojot <strong>iztur\u012bbu, elast\u012bbu un modern\u0101k\u0101s tehnolo\u0123ijas<\/strong>. Tas ir vislab\u0101k\u0101 izv\u0113le tehnolo\u0123iju entuziastiem, profesion\u0101\u013ciem un sp\u0113l\u0113t\u0101jiem, kuriem nepiecie\u0161ama vislab\u0101k\u0101 savienojam\u012bba. <\/p>\n\n<h3 class=\"wp-block-heading\"><strong>Uzlabojiet savu savienojam\u012bbu jau \u0161odien<\/strong><\/h3>\n\n<p>Ar <strong>USB 4.0 C tipa USB 4.0 kabeli<\/strong> j\u016bs ne tikai savienojat ier\u012bces - j\u016bs paverat pasauli ar daudz\u0101m iesp\u0113j\u0101m. <strong>Moderniz\u0113jiet savu ier\u012bci, lai jau \u0161odien izmantotu \u0101truma, jaudas un skaidr\u012bbas n\u0101kotni!<\/strong><\/p>\n","protected":false},"excerpt":{"rendered":"<ul>\n<li><strong>40 Gbps<\/strong> datu p\u0101rs\u016bt\u012b\u0161anas \u0101trums<\/li>\n<li>Thunderbolt <strong>3<\/strong> un <strong>4<\/strong><\/li>\n<li>L\u012bdz <strong>240 W<\/strong> baro\u0161anas <strong>jauda<\/strong> <\/li>\n<li>Atbalsta l\u012bdz <strong>8K @ 60 Hz<\/strong> video izvad\u012b\u0161anu<\/li>\n<li>Ieb\u016bv\u0113ts <strong>jaudas displejs<\/strong><\/li>\n<\/ul>\n[cg_accordion title=\"INFORM\u0100CIJA PAR MAKS\u0100JUMU\"]<\/p>\n<p>M\u0113s izmantojam jaun\u0101k\u0101s tehnolo\u0123ijas maks\u0101jumu apstr\u0101d\u0113, kas \u013cauj \u0101tri un dro\u0161i nor\u0113\u0137in\u0101ties, izmantojot Apple Pay, Google Pay, debetkarti\/kred\u012btkarti, PayPal vai BNPL metodes, piem\u0113ram, Klarna, Affirm vai AfterPay.[\/cg_accordion]\n[cg_accordion title=\"GARANTIJA\"]<\/p>\n<p>1 gada garantija no <a href=\"https:\/\/droix.net\/\" target=\"_blank\" rel=\"nofollow noopener\">DROIX Global<\/a>, lai j\u016bs b\u016btu mier\u0101.[\/cg_accordion]\n[cg_accordion title=\"CENAS, NODOK\u013bI UN PIEG\u0100DE\"]<\/p>\n<p><strong><u>Piez\u012bme:<\/u><\/strong><\/p>\n<ul>\n<li>Amerikas Savienot\u0101s Valstis Klienti: Klientiem, kas ieg\u0101d\u0101jas preces, nor\u0101d\u012bt\u0101 cena neietver ne nodokli, ne nodevas. Atbild\u012bba par muito\u0161anu un saist\u012bto nodok\u013cu\/muitas nodok\u013cu nomaksu gulstas uz klienta pleciem. <\/li>\n<li>ES klienti: Atkar\u012bb\u0101 no j\u016bsu valsts, nor\u0101d\u012bt\u0101 cena ietver piem\u0113rojamo nodokli, kas var b\u016bt l\u012bdz 25%.<\/li>\n<li>Kan\u0101das klienti: Atkar\u012bb\u0101 no j\u016bsu provinces nor\u0101d\u012btaj\u0101 cen\u0101 ir iek\u013cauti piem\u0113rojamie nodok\u013ci, kas var ietvert 5% GST un papildu provinces p\u0101rdo\u0161anas nodokli (PST), saska\u0146oto p\u0101rdo\u0161anas nodokli (HST) vai Kvebekas p\u0101rdo\u0161anas nodokli (QST).<\/li>\n<\/ul>\n<p><strong>Tikai ES klientiem:<\/strong> Express DDP (pieg\u0101de ar samaks\u0101tu muitas nodokli). Tas noz\u012bm\u0113: <\/p>\n<ul>\n<li>Visas muitas nodevas un nodok\u013ci ir iek\u013cauti produkta lap\u0101 nor\u0101d\u012btaj\u0101 cen\u0101.<\/li>\n<li>Pieg\u0101des br\u012bd\u012b jums neb\u016bs j\u0101maks\u0101 papildu maksa.<\/li>\n<li>Retos gad\u012bjumos, kad rodas ar muitu saist\u012btas probl\u0113mas, m\u016bsu komanda j\u016bsu v\u0101rd\u0101 veiks muito\u0161anas procesu, lai nodro\u0161in\u0101tu netrauc\u0113tu pieg\u0101di.<\/li>\n<p>Svar\u012bga inform\u0101cija par atgrie\u0161anu:<\/p>\n<li>Ja nolemjat atgriezt pas\u016bt\u012bjumu vai piepras\u012bt atmaksu, l\u016bdzu, \u0146emiet v\u0113r\u0101, ka nodok\u013ci un nodevas, kas samaks\u0101ti j\u016bsu v\u0101rd\u0101 saska\u0146\u0101 ar DDP noteikumiem, nevar tikt atmaks\u0101ti.<\/li>\n<p>S\u012bk\u0101ku inform\u0101ciju skatiet m\u016bsu <a href=\"https:\/\/ayaneo.co\/terms-of-service-2\/\" target=\"_blank\" rel=\"nofollow noopener\">Noteikumos un nosac\u012bjumos<\/a>.\n<\/ul>\n<p>[\/cg_accordion]\n[cg_accordion title=\"KLIENTU ATBALSTS\"]<\/p>\n<p>Jums ir jaut\u0101jums? M\u0113s esam \u012bs\u0101 teksta att\u0101lum\u0101 no j\u016bsu jaut\u0101juma atrisin\u0101\u0161anas!<br \/>\n[\/cg_accordion]\n","protected":false},"featured_media":16725,"template":"","meta":{"_acf_changed":false},"product_brand":[],"product_cat":[1194],"product_tag":[],"class_list":{"0":"post-16724","1":"product","2":"type-product","3":"status-publish","4":"has-post-thumbnail","6":"product_cat-aksesuari","7":"product_shipping_class-low-end","8":"pa_accessory-type-cable-lv","9":"pa_brand-droix","11":"first","12":"outofstock","13":"sale","14":"taxable","15":"shipping-taxable","16":"purchasable","17":"product-type-variable"},"acf":[],"_links":{"self":[{"href":"https:\/\/ayaneo.co\/lv\/wp-json\/wp\/v2\/product\/16724","targetHints":{"allow":["GET"]}}],"collection":[{"href":"https:\/\/ayaneo.co\/lv\/wp-json\/wp\/v2\/product"}],"about":[{"href":"https:\/\/ayaneo.co\/lv\/wp-json\/wp\/v2\/types\/product"}],"wp:featuredmedia":[{"embeddable":true,"href":"https:\/\/ayaneo.co\/lv\/wp-json\/wp\/v2\/media\/16725"}],"wp:attachment":[{"href":"https:\/\/ayaneo.co\/lv\/wp-json\/wp\/v2\/media?parent=16724"}],"wp:term":[{"taxonomy":"product_brand","embeddable":true,"href":"https:\/\/ayaneo.co\/lv\/wp-json\/wp\/v2\/product_brand?post=16724"},{"taxonomy":"product_cat","embeddable":true,"href":"https:\/\/ayaneo.co\/lv\/wp-json\/wp\/v2\/product_cat?post=16724"},{"taxonomy":"product_tag","embeddable":true,"href":"https:\/\/ayaneo.co\/lv\/wp-json\/wp\/v2\/product_tag?post=16724"}],"curies":[{"name":"wp","href":"https:\/\/api.w.org\/{rel}","templated":true}]}}