{"id":17031,"date":"2025-02-27T10:35:12","date_gmt":"2025-02-27T10:35:12","guid":{"rendered":"https:\/\/ayaneo.co\/product\/ayaneo-magiskie-moduli\/"},"modified":"2025-12-11T00:10:32","modified_gmt":"2025-12-11T00:10:32","slug":"ayaneo-magiskie-moduli","status":"publish","type":"product","link":"https:\/\/ayaneo.co\/lv\/product\/ayaneo-magiskie-moduli\/","title":{"rendered":"AYANEO Ma\u0123iskie modu\u013ci"},"content":{"rendered":"\n<h2 class=\"wp-block-heading\">AYANEO Ma\u0123iskie modu\u013ci - modul\u0101ro portat\u012bvo datoru n\u0101kotne<\/h2>\n\n<p><strong>AYANEO Magic Modules<\/strong> no jauna defin\u0113 plaukstas sp\u0113les, ievie\u0161ot <strong>patiesi modul\u0101ru ekosist\u0113mu<\/strong>, kas \u013cauj lietot\u0101jiem <strong>uzlabot un piel\u0101got AYANEO 3 pieredzi<\/strong> ar main\u0101miem, magn\u0113tiski savienojamiem piederumiem. \u0160ie modu\u013ci ir izstr\u0101d\u0101ti, lai nodro\u0161in\u0101tu elast\u012bbu, un tie <strong>papla\u0161ina funkcionalit\u0101ti, neapdraudot p\u0101rn\u0113s\u0101jam\u012bbu<\/strong>, t\u0101d\u0113j\u0101di mainot sp\u0113les noteikumus gan tehnolo\u0123iju entuziastiem, gan sp\u0113l\u0113t\u0101jiem. <\/p>\n\n<h2 class=\"wp-block-heading\"><strong>Nevainojama magn\u0113tisk\u0101 modu\u013cu savienojam\u012bba<\/strong><\/h2>\n\n<p>Ar <strong>AYANEOinovat\u012bvo magn\u0113tisko saskarni<\/strong> modu\u013cu nomai\u0146a ir vienk\u0101r\u0161a, nodro\u0161inot j\u016bsu vajadz\u012bb\u0101m piel\u0101gotu <strong>plug-and-play pieredzi<\/strong>. Pirm\u0101s paaudzes Magic modu\u013ci pied\u0101v\u0101 virkni funkciju, s\u0101kot ar <strong>uzlabot\u0101m ieejas iesp\u0113j\u0101m<\/strong> un beidzot ar <strong>papla\u0161in\u0101tu savienojam\u012bbu<\/strong>. <\/p>\n\n<h2 class=\"wp-block-heading\"><strong>Rad\u012bts n\u0101kotnei<\/strong><\/h2>\n\n<p>AYANEO ir <strong>pirm\u0101 patiesi modul\u0101r\u0101 sp\u0113\u013cu rokas ier\u012bce<\/strong>, kas nodro\u0161ina <strong>ilgtermi\u0146a daudzpus\u012bbu<\/strong>, pateicoties Magic Modules ekosist\u0113mai. Neatkar\u012bgi no t\u0101, vai esat <strong>azartisks sp\u0113l\u0113t\u0101js<\/strong>, <strong>rado\u0161s profesion\u0101lis<\/strong> vai <strong>tehnolo\u0123iju entuziasts<\/strong>, \u0161ie papildin\u0101jumi \u013cauj <strong>piel\u0101got ier\u012bci da\u017e\u0101diem scen\u0101rijiem, nemazinot veiktsp\u0113ju<\/strong>. <\/p>\n\n<h3 class=\"wp-block-heading\"><strong>P\u0101r\u0146emiet kontroli p\u0101r savu plaukstas sp\u0113\u013cu pieredzi, izmantojot AYANEO Magic Modules!<\/strong><\/h3>\n\n<p><\/p>\n","protected":false},"excerpt":{"rendered":"<ul>\n<li><strong>Modul\u0101ra konstrukcija<\/strong> - bez piep\u016bles nomainiet piederumus.<\/li>\n<li><strong>Magn\u0113tiskais stiprin\u0101jums<\/strong> - viegla pievieno\u0161ana un nomai\u0146a.<\/li>\n<li><strong>Uzlabotas funkcijas<\/strong> - uzlabotas ieejas un savienojam\u012bba.<\/li>\n<li><strong>N\u0101kotnes nodro\u0161in\u0101jums<\/strong> - papla\u0161in\u0101ms ar jauniem modu\u013ciem.<\/li>\n<li><strong>P\u0101rn\u0113s\u0101jams un daudzpus\u012bgs<\/strong> - piel\u0101go\u0161ana bez liela apjoma.<\/li>\n<\/ul>\n[cg_accordion title=\"INFORM\u0100CIJA PAR MAKS\u0100JUMU\"]<\/p>\n<p>M\u0113s izmantojam jaun\u0101k\u0101s tehnolo\u0123ijas maks\u0101jumu apstr\u0101d\u0113, kas \u013cauj \u0101tri un dro\u0161i nor\u0113\u0137in\u0101ties, izmantojot Apple Pay, Google Pay, debetkarti\/kred\u012btkarti, PayPal vai BNPL metodes, piem\u0113ram, Klarna, Affirm vai AfterPay.[\/cg_accordion]\n[cg_accordion title=\"GARANTIJA\"]<\/p>\n<p>1 gada garantija no <a href=\"https:\/\/droix.net\/\" target=\"_blank\" rel=\"nofollow noopener\">DROIX Global, lai<\/a> j\u016bs b\u016btu mier\u0101.[\/cg_accordion]\n[cg_accordion title=\"KVALIT\u0100TES NODRO\u0160IN\u0100\u0160ANA UN PIRMSNOS\u016aT\u012a\u0160ANAS TEST\u0112\u0160ANA\"]<\/p>\n<p>Klientu apmierin\u0101t\u012bbas nodro\u0161in\u0101\u0161ana augst\u0101kaj\u0101 l\u012bmen\u012b: Katra ier\u012bce pirms nos\u016bt\u012b\u0161anas tiek r\u016bp\u012bgi test\u0113ta un p\u0101rbaud\u012bta vair\u0101kos kvalit\u0101tes nodro\u0161in\u0101\u0161anas punktos. M\u016bsu komanda p\u0101rbauda veiktsp\u0113ju, funkcionalit\u0101ti un komponentu integrit\u0101ti, lai garant\u0113tu, ka j\u016bsu AYANEO ier\u012bce p\u0113c sa\u0146em\u0161anas ir ide\u0101l\u0101 darba k\u0101rt\u012bb\u0101, sniedzot jums p\u0101rliec\u012bbu un mieru. [\/cg_accordion]\n[cg_accordion title=\"CENAS, NODOK\u013bI UN PIEG\u0100DE\"]<\/p>\n<p><strong><u>Piez\u012bme:<\/u><\/strong><\/p>\n<ul>\n<li>Amerikas Savienot\u0101s Valstis Klienti: Klientiem, kas ieg\u0101d\u0101jas preces, nor\u0101d\u012bt\u0101 cena neietver ne nodokli, ne nodevas. Atbild\u012bba par muito\u0161anu un saist\u012bto nodok\u013cu\/muitas nodok\u013cu nomaksu gulstas uz klientu pleciem. <\/li>\n<li>ES klienti: Atkar\u012bb\u0101 no j\u016bsu valsts, nor\u0101d\u012bt\u0101 cena ietver piem\u0113rojamo nodokli, kas var b\u016bt l\u012bdz 25%.<\/li>\n<li>Kan\u0101das klienti: Atkar\u012bb\u0101 no j\u016bsu provinces nor\u0101d\u012btaj\u0101 cen\u0101 ir iek\u013cauti piem\u0113rojamie nodok\u013ci, kas var ietvert 5% GST un papildu provinces p\u0101rdo\u0161anas nodokli (PST), saska\u0146oto p\u0101rdo\u0161anas nodokli (HST) vai Kvebekas p\u0101rdo\u0161anas nodokli (QST).<\/li>\n<\/ul>\n<p><strong>Tikai ES klientiem:<\/strong> Express DDP (pieg\u0101de ar samaks\u0101tu muitas nodokli). Tas noz\u012bm\u0113: <\/p>\n<ul>\n<li>Visas muitas nodevas un nodok\u013ci ir iek\u013cauti produkta lap\u0101 nor\u0101d\u012btaj\u0101 cen\u0101.<\/li>\n<li>Pieg\u0101des br\u012bd\u012b jums neb\u016bs j\u0101maks\u0101 papildu maksa.<\/li>\n<li>Retos gad\u012bjumos, kad rodas ar muitu saist\u012btas probl\u0113mas, m\u016bsu komanda j\u016bsu v\u0101rd\u0101 veiks muito\u0161anas procesu, lai nodro\u0161in\u0101tu netrauc\u0113tu pieg\u0101di.<\/li>\n<p>Svar\u012bga inform\u0101cija par atgrie\u0161anu:<\/p>\n<li>Ja nolemjat atgriezt pas\u016bt\u012bjumu vai piepras\u012bt atmaksu, l\u016bdzu, \u0146emiet v\u0113r\u0101, ka nodok\u013ci un nodevas, kas samaks\u0101ti j\u016bsu v\u0101rd\u0101 saska\u0146\u0101 ar DDP noteikumiem, nevar tikt atmaks\u0101ti.<\/li>\n<p>S\u012bk\u0101ku inform\u0101ciju skatiet m\u016bsu <a href=\"https:\/\/ayaneo.co\/lv\/pakalpojumu-sniegsanas-noteikumi\/\" target=\"_blank\" rel=\"nofollow noopener\">Noteikumos un nosac\u012bjumos<\/a>.\n<\/ul>\n<p>[\/cg_accordion]\n[cg_accordion title=\"KLIENTU ATBALSTS\"]<\/p>\n<p>Jums ir jaut\u0101jums? M\u0113s esam \u012bs\u0101 teksta att\u0101lum\u0101 no j\u016bsu jaut\u0101juma atrisin\u0101\u0161anas! [\/cg_accordion]\n[cg_accordion title=\"IEPAKOJUM\u0100 IETILPST\"]\n","protected":false},"featured_media":17043,"template":"","meta":{"_acf_changed":false},"product_brand":[],"product_cat":[1194],"product_tag":[],"class_list":{"0":"post-17031","1":"product","2":"type-product","3":"status-publish","4":"has-post-thumbnail","6":"product_cat-aksesuari","7":"product_shipping_class-low-end","8":"pa_brand-ayaneo","9":"pa_compatible-with-ayaneo-3-lv","11":"first","12":"instock","13":"sale","14":"taxable","15":"shipping-taxable","16":"purchasable","17":"product-type-variable","18":"has-default-attributes"},"acf":[],"_links":{"self":[{"href":"https:\/\/ayaneo.co\/lv\/wp-json\/wp\/v2\/product\/17031","targetHints":{"allow":["GET"]}}],"collection":[{"href":"https:\/\/ayaneo.co\/lv\/wp-json\/wp\/v2\/product"}],"about":[{"href":"https:\/\/ayaneo.co\/lv\/wp-json\/wp\/v2\/types\/product"}],"wp:featuredmedia":[{"embeddable":true,"href":"https:\/\/ayaneo.co\/lv\/wp-json\/wp\/v2\/media\/17043"}],"wp:attachment":[{"href":"https:\/\/ayaneo.co\/lv\/wp-json\/wp\/v2\/media?parent=17031"}],"wp:term":[{"taxonomy":"product_brand","embeddable":true,"href":"https:\/\/ayaneo.co\/lv\/wp-json\/wp\/v2\/product_brand?post=17031"},{"taxonomy":"product_cat","embeddable":true,"href":"https:\/\/ayaneo.co\/lv\/wp-json\/wp\/v2\/product_cat?post=17031"},{"taxonomy":"product_tag","embeddable":true,"href":"https:\/\/ayaneo.co\/lv\/wp-json\/wp\/v2\/product_tag?post=17031"}],"curies":[{"name":"wp","href":"https:\/\/api.w.org\/{rel}","templated":true}]}}