{"id":17079,"date":"2025-03-17T09:44:54","date_gmt":"2025-03-17T09:44:54","guid":{"rendered":"https:\/\/ayaneo.co\/product\/ayaneo-multi-stacionate-grafita-melna\/"},"modified":"2026-01-06T00:28:42","modified_gmt":"2026-01-06T00:28:42","slug":"ayaneo-multi-stacionate-grafita-melna","status":"publish","type":"product","link":"https:\/\/ayaneo.co\/lv\/product\/ayaneo-multi-stacionate-grafita-melna\/","title":{"rendered":"AYANEO MULTI STACION\u0100TE - Graf\u012bta melna"},"content":{"rendered":"\n<p><span data-contrast=\"none\"><strong>AYANEO Multi dokstacija<\/strong> \u013cauj piln\u012bb\u0101 izmantot j\u016bsu AYA NEO potenci\u0101lu, izmantojot viegli lietojamu dokstaciju sist\u0113mu ar vair\u0101k\u0101m papla\u0161in\u0101\u0161anas ligzd\u0101m.  <\/span><\/p>\n\n<p><span data-contrast=\"none\">AYANEO Multi <strong>dokstacija ir pieejama<\/strong> graf\u012bta meln\u0101 kr\u0101s\u0101. T\u0101 <strong>atbalsta visus AYANEO mode\u013cus<\/strong> ar patent\u0113tu pamatdak\u0161u, ko var p\u0101rvietot, lai piel\u0101gotos katra mode\u013ca nedaudz at\u0161\u0137ir\u012bgaj\u0101m USB C tipa piesl\u0113gviet\u0101m.   <\/span><\/p>\n\n<p><span data-contrast=\"none\">Ar aptuveniem izm\u0113riem<strong> 5,9 x 2,7 x 1,45 collas (15,1 x 7,0 x 3,7 cm) un svaru aptuveni 200 g<\/strong> AYANEO Multi Docking Station aiz\u0146em minim\u0101lu darbvirsmas plat\u012bbu, saglab\u0101jot dro\u0161u novietojumu uz darbvirsmas un vienlaikus atbalstot asto\u0146as papla\u0161in\u0101\u0161anas piesl\u0113gvietas.<\/span><span data-ccp-props=\"{\"> <\/span><\/p>\n\n<p><span data-contrast=\"none\">AYANEO Multi dokstacijas stacijas aizmugur\u0113j\u0101 pus\u0113 no kreis\u0101s puses uz labo pusi ir <\/span><a href=\"https:\/\/en.wikipedia.org\/wiki\/USB-C\" target=\"_blank\" rel=\"noopener\"><span data-contrast=\"none\">C tipa USB<\/span><\/a><span data-contrast=\"none\">  portu, ko var izmantot perif\u0113rijas ier\u012bc\u0113m, piem\u0113ram, \u0101r\u0113jam cietajam diskam. Ir divi   <\/span><a href=\"https:\/\/www.viewsonic.com\/library\/tech\/usb-c-usb-b-and-usb-a-whats-the-difference\/\" target=\"_blank\" rel=\"noopener\"><span data-contrast=\"none\">USB-A<\/span><\/a><span data-contrast=\"none\">  porti, kurus var izmantot, piem\u0113ram, peles un tastat\u016bras vajadz\u012bb\u0101m. Otrais C tipa USB ports tiek izmantots dokstacijas baro\u0161anai un var ar\u012b uzl\u0101d\u0113t pievienotos AYANEO mode\u013cus. <\/span><span data-ccp-props=\"{\"> <\/span><\/p>\n\n<p><span data-contrast=\"none\">Port\u0101ls <\/span><a href=\"https:\/\/en.wikipedia.org\/wiki\/HDMI\" target=\"_blank\" rel=\"noopener\"><span data-contrast=\"none\">HDMI<\/span><\/a><span data-contrast=\"none\">  2.0b piesl\u0113gvietu var izmantot, lai no AYANEO uz televizora vai monitora izvad\u012btu video. <strong>Tas atbalsta l\u012bdz pat 4K ar 60 Hz frekvenci<\/strong>. Gigabit   <\/span><a href=\"https:\/\/en.wikipedia.org\/wiki\/Ethernet\" target=\"_blank\" rel=\"noopener\"><span data-contrast=\"none\">ethernet<\/span><\/a><span data-contrast=\"none\"> ports nodro\u0161ina dro\u0161u un \u0101trdarb\u012bgu datu p\u0101rs\u016bt\u012b\u0161anu uz un no AYANEO Multi Docking Station.<\/span><span data-ccp-props=\"{\"> <\/span><\/p>\n\n<p><span data-contrast=\"none\">Port\u0101la AYANEO Multi Docking Station labaj\u0101 pus\u0113 ir Micro SD kartes un SD kartes slots.<\/span><span data-ccp-props=\"{\"> <\/span><\/p>\n\n<p><span data-contrast=\"none\">AYANEO Multi dokstacija ir sader\u012bga ar <strong>visiem AYANEO mode\u013ciem, tostarp. <\/strong><\/span><strong><a href=\"https:\/\/droix.co.uk\/product\/ayaneo-2\/\" target=\"_blank\" rel=\"noopener\">AYANEO 2<\/a>, AYANEO Geek, <a href=\"https:\/\/droix.co.uk\/product\/ayaneo-air\/\" target=\"_blank\" rel=\"noopener\">AYANEO Air PRO<\/a>, <a href=\"https:\/\/droix.co.uk\/product\/ayaneo-next\/\" target=\"_blank\" rel=\"noopener\">AYANEO NEXT<\/a>, <a href=\"https:\/\/droix.co.uk\/product\/ayaneo-next-pro\/\" target=\"_blank\" rel=\"noopener\">AYANEO Next PRO<\/a>, <a href=\"https:\/\/droix.co.uk\/product\/ayaneo-next\/\" target=\"_blank\" rel=\"noopener\">AYANEO 2021<\/a> un <a href=\"https:\/\/droix.co.uk\/product\/ayaneo-next-pro\/\" target=\"_blank\" rel=\"noopener\">AYANEO 2021 Pro.<\/a><\/strong> <\/p>\n\n<p><span data-contrast=\"none\"><strong>AYANEO Multi dokstacija ir ide\u0101ls papildin\u0101jums j\u016bsu AYAYNEO<\/strong>, p\u0101rveidojot to no sp\u0113\u013cu rokas datora par jaud\u012bgu galddatora risin\u0101jumu ar vis\u0101m nepiecie\u0161amaj\u0101m savienojam\u012bbas iesp\u0113j\u0101m.<\/span><span data-ccp-props=\"{\"> <\/span><\/p>\n\n<p>M\u016bsu <a href=\"https:\/\/droix.co.uk\/blogs\/ayaneo-docking-station-review\/\" target=\"_blank\" rel=\"noopener\">AYANEO Multi Docking Station p\u0101rskatu varat izlas\u012bt \u0161eit.<\/a><\/p>\n\n<figure class=\"wp-block-image aligncenter\"><img decoding=\"async\" src=\"https:\/\/droix.net\/wp-content\/uploads\/2022\/12\/8fb77202211071909143194ready.jpg\" alt=\"\" class=\"wp-image-88164\"\/><\/figure>\n\n<figure class=\"wp-block-image aligncenter\"><img decoding=\"async\" src=\"https:\/\/droix.net\/wp-content\/uploads\/2022\/12\/ea565202211071908508498ready.jpg\" alt=\"\" class=\"wp-image-88174\"\/><\/figure>\n\n<p><\/p>\n","protected":false},"excerpt":{"rendered":"<ul>\n<li><b>Ofici\u0101lais AYANEO produkts<\/b><\/li>\n<li><strong>Sader\u012bgs<\/strong> ar <strong>visiem AYANEO rokas portat\u012bvajiem datoriem<\/strong><\/li>\n<li><b>Ekskluz\u012bvs patent\u0113ts pamatnes spraudnis<\/b><\/li>\n<li><strong>L\u012bdz 8<\/strong> papla\u0161in\u0101jumu porti<\/li>\n<li>MicroSD kartes slots<\/li>\n<\/ul>\n[cg_accordion title=\"INFORM\u0100CIJA PAR MAKS\u0100JUMU\"]<\/p>\n<p>M\u0113s izmantojam jaun\u0101k\u0101s tehnolo\u0123ijas maks\u0101jumu apstr\u0101d\u0113, kas \u013cauj \u0101tri un dro\u0161i nor\u0113\u0137in\u0101ties, izmantojot Apple Pay, Google Pay, debetkarti\/kred\u012btkarti, PayPal vai BNPL metodes, piem\u0113ram, Klarna, Affirm vai AfterPay.[\/cg_accordion]\n[cg_accordion title=\"GARANTIJA\"]<\/p>\n<p>1 gada garantija no <a href=\"https:\/\/droix.net\/\" target=\"_blank\" rel=\"nofollow noopener\">DROIX Global, lai<\/a> j\u016bs b\u016btu mier\u0101.[\/cg_accordion]\n[cg_accordion title=\"KVALIT\u0100TES NODRO\u0160IN\u0100\u0160ANA UN PIRMSNOS\u016aT\u012a\u0160ANAS TEST\u0112\u0160ANA\"]<\/p>\n<p>Klientu apmierin\u0101t\u012bbas nodro\u0161in\u0101\u0161ana augst\u0101kaj\u0101 l\u012bmen\u012b: Katra ier\u012bce pirms nos\u016bt\u012b\u0161anas tiek r\u016bp\u012bgi test\u0113ta un p\u0101rbaud\u012bta vair\u0101kos kvalit\u0101tes nodro\u0161in\u0101\u0161anas punktos. M\u016bsu komanda p\u0101rbauda veiktsp\u0113ju, funkcionalit\u0101ti un komponentu integrit\u0101ti, lai garant\u0113tu, ka j\u016bsu AYANEO ier\u012bce p\u0113c sa\u0146em\u0161anas ir ide\u0101l\u0101 darba k\u0101rt\u012bb\u0101, sniedzot jums p\u0101rliec\u012bbu un mieru. [\/cg_accordion]\n[cg_accordion title=\"CENAS, NODOK\u013bI UN PIEG\u0100DE\"]<\/p>\n<p><strong><u>Piez\u012bme:<\/u><\/strong><\/p>\n<ul>\n<li>Amerikas Savienot\u0101s Valstis Klienti: Klientiem, kas ieg\u0101d\u0101jas preces, nor\u0101d\u012bt\u0101 cena neietver ne nodokli, ne nodevas. Atbild\u012bba par muito\u0161anu un saist\u012bto nodok\u013cu\/muitas nodok\u013cu nomaksu gulstas uz klientu pleciem. <\/li>\n<li>ES klienti: Atkar\u012bb\u0101 no j\u016bsu valsts, nor\u0101d\u012bt\u0101 cena ietver piem\u0113rojamo nodokli, kas var b\u016bt l\u012bdz 25%.<\/li>\n<li>Kan\u0101das klienti: Atkar\u012bb\u0101 no j\u016bsu provinces nor\u0101d\u012btaj\u0101 cen\u0101 ir iek\u013cauti piem\u0113rojamie nodok\u013ci, kas var ietvert 5% GST un papildu provinces p\u0101rdo\u0161anas nodokli (PST), saska\u0146oto p\u0101rdo\u0161anas nodokli (HST) vai Kvebekas p\u0101rdo\u0161anas nodokli (QST).<\/li>\n<\/ul>\n<p><strong>Tikai ES klientiem:<\/strong> Express DDP (pieg\u0101de ar samaks\u0101tu muitas nodokli). Tas noz\u012bm\u0113: <\/p>\n<ul>\n<li>Visas muitas nodevas un nodok\u013ci ir iek\u013cauti produkta lap\u0101 nor\u0101d\u012btaj\u0101 cen\u0101.<\/li>\n<li>Pieg\u0101des br\u012bd\u012b jums neb\u016bs j\u0101maks\u0101 papildu maksa.<\/li>\n<li>Retos gad\u012bjumos, kad rodas ar muitu saist\u012btas probl\u0113mas, m\u016bsu komanda j\u016bsu v\u0101rd\u0101 veiks muito\u0161anas procesu, lai nodro\u0161in\u0101tu netrauc\u0113tu pieg\u0101di.<\/li>\n<p>Svar\u012bga inform\u0101cija par atgrie\u0161anu:<\/p>\n<li>Ja nolemjat atgriezt pas\u016bt\u012bjumu vai piepras\u012bt atmaksu, l\u016bdzu, \u0146emiet v\u0113r\u0101, ka nodok\u013ci un nodevas, kas samaks\u0101ti j\u016bsu v\u0101rd\u0101 saska\u0146\u0101 ar DDP noteikumiem, nevar tikt atmaks\u0101ti.<\/li>\n<p>S\u012bk\u0101ku inform\u0101ciju skatiet m\u016bsu <a href=\"https:\/\/ayaneo.co\/terms-of-service-2\/\" target=\"_blank\" rel=\"nofollow noopener\">Noteikumos un nosac\u012bjumos<\/a>.\n<\/ul>\n<p>[\/cg_accordion]\n[cg_accordion title=\"KLIENTU ATBALSTS\"]<\/p>\n<p>Jums ir jaut\u0101jums? M\u0113s esam \u012bs\u0101 teksta att\u0101lum\u0101 no j\u016bsu jaut\u0101juma atrisin\u0101\u0161anas! [\/cg_accordion]\n[cg_accordion title=\"IEPAKOJUM\u0100 IETILPST\"]<\/p>\n<ul>\n<li>1x AYANEO dokstacija<\/li>\n<\/ul>\n<p>[\/cg_accordion]\n","protected":false},"featured_media":17086,"template":"","meta":{"_acf_changed":false},"product_brand":[],"product_cat":[1194],"product_tag":[],"class_list":{"0":"post-17079","1":"product","2":"type-product","3":"status-publish","4":"has-post-thumbnail","6":"product_cat-aksesuari","7":"product_shipping_class-low-end","8":"pa_accessory-type-docking-station-lv","9":"pa_brand-ayaneo","10":"pa_compatible-with-ayaneo-2-lv","11":"pa_compatible-with-ayaneo-2021-lv","12":"pa_compatible-with-ayaneo-3-lv","13":"pa_compatible-with-ayaneo-air-lv","14":"pa_compatible-with-ayaneo-geek-lv","16":"first","17":"instock","18":"taxable","19":"shipping-taxable","20":"purchasable","21":"product-type-simple"},"acf":[],"_links":{"self":[{"href":"https:\/\/ayaneo.co\/lv\/wp-json\/wp\/v2\/product\/17079","targetHints":{"allow":["GET"]}}],"collection":[{"href":"https:\/\/ayaneo.co\/lv\/wp-json\/wp\/v2\/product"}],"about":[{"href":"https:\/\/ayaneo.co\/lv\/wp-json\/wp\/v2\/types\/product"}],"wp:featuredmedia":[{"embeddable":true,"href":"https:\/\/ayaneo.co\/lv\/wp-json\/wp\/v2\/media\/17086"}],"wp:attachment":[{"href":"https:\/\/ayaneo.co\/lv\/wp-json\/wp\/v2\/media?parent=17079"}],"wp:term":[{"taxonomy":"product_brand","embeddable":true,"href":"https:\/\/ayaneo.co\/lv\/wp-json\/wp\/v2\/product_brand?post=17079"},{"taxonomy":"product_cat","embeddable":true,"href":"https:\/\/ayaneo.co\/lv\/wp-json\/wp\/v2\/product_cat?post=17079"},{"taxonomy":"product_tag","embeddable":true,"href":"https:\/\/ayaneo.co\/lv\/wp-json\/wp\/v2\/product_tag?post=17079"}],"curies":[{"name":"wp","href":"https:\/\/api.w.org\/{rel}","templated":true}]}}