{"id":17101,"date":"2025-03-18T15:51:48","date_gmt":"2025-03-18T15:51:48","guid":{"rendered":"https:\/\/ayaneo.co\/product\/ayaneo-kabatas-micro-adas-futralis\/"},"modified":"2025-12-02T18:10:47","modified_gmt":"2025-12-02T18:10:47","slug":"ayaneo-kabatas-micro-adas-futralis","status":"publish","type":"product","link":"https:\/\/ayaneo.co\/lv\/product\/ayaneo-kabatas-micro-adas-futralis\/","title":{"rendered":"AYANEO Pocket mikro \u0101das futr\u0101lis"},"content":{"rendered":"\n<p>Sniedziet savam <strong>AYANEO Pocket Micro aizsardz\u012bbu<\/strong>, ko tas ir peln\u012bjis, ar \u0161o <strong>grezno \u0101das futr\u0101l\u012bti!<\/strong> \u0160is futr\u0101lis ir izstr\u0101d\u0101ts t\u0101, lai <strong>perfekti piegul\u0113tu,<\/strong> <strong>un<\/strong> taj\u0101 apvienota <strong>elegance, iztur\u012bba un p\u0101rn\u0113s\u0101jam\u012bba, kas nodro\u0161ina ier\u012bces<\/strong> dro\u0161\u012bbu, vienlaikus saglab\u0101jot gl\u012btu, profesion\u0101lu izskatu.<\/p>\n\n<h2 class=\"wp-block-heading\" id=\"h-key-features\"><strong>Galven\u0101s funkcijas:<\/strong><\/h2>\n\n<p><strong>Augstas kvalit\u0101tes \u0101das materi\u0101ls<\/strong> - izgatavots no augstas kvalit\u0101tes \u0101das, kas nodro\u0161ina izsmalcin\u0101tu un iztur\u012bgu apdari.<\/p>\n\n<p><strong>Perfekta piem\u0113ro\u0161an\u0101s un dro\u0161a aizsardz\u012bba -<\/strong> AYANEO Pocket Micro ir \u012bpa\u0161i piel\u0101gots, nodro\u0161inot <strong>cie\u0161u piegulumu, kas<\/strong> pasarg\u0101 ier\u012bci no skr\u0101p\u0113jumiem, putek\u013ciem un nelieliem triecieniem.<\/p>\n\n<p><strong>M\u012bksts iek\u0161\u0113jais oder\u0113jums<\/strong> - saudz\u012bgs pret ier\u012bces ekr\u0101nu un korpusu, nov\u0113r\u0161ot nev\u0113lamas p\u0113das.<\/p>\n\n<p><strong>Viegls un p\u0101rn\u0113s\u0101jams<\/strong> - pl\u0101ns dizains \u013cauj to \u0113rti p\u0101rn\u0113s\u0101t, vienlaikus nodro\u0161inot maksim\u0101lu aizsardz\u012bbu.<\/p>\n\n<p><strong>Magn\u0113tiskais aizdare papildu dro\u0161\u012bbai<\/strong> - nodro\u0161ina, ka ier\u012bce dro\u0161i paliek sav\u0101 viet\u0101, vienlaikus nodro\u0161inot \u0101tru piek\u013cuvi.<\/p>\n\n<p>Uzlabojiet savu <strong>AYANEO Pocket Micro ar<\/strong> \u0161o <strong>stil\u012bgo un funkcion\u0101lo \u0101das futr\u0101l\u012bti -<\/strong> <strong>aizsardz\u012bba ar elegances piesk\u0101rienu!<\/strong> <\/p>\n\n<p><\/p>\n","protected":false},"excerpt":{"rendered":"<ul>\n<li><strong>Ofici\u0101lais AYANEO<\/strong> Pocket Micro aizsargv\u0101ci\u0146\u0161 no \u0101das<\/li>\n<li><strong>Augstas kvalit\u0101tes \u0101da<\/strong> - eleganta, iztur\u012bga un ilgm\u016b\u017e\u012bga.<\/li>\n<li><strong>M\u012bksts iek\u0161\u0113jais oder\u0113jums<\/strong> - aizsarg\u0101 pret skr\u0101p\u0113jumiem un putek\u013ciem.<\/li>\n<li><strong>Viegls un p\u0101rn\u0113s\u0101jams<\/strong> - viegli p\u0101rn\u0113s\u0101jams bez lielizm\u0113ra.<\/li>\n<li><strong>Magn\u0113tiskais aizdare<\/strong> - dro\u0161a un \u0113rta piek\u013cuve.<\/li>\n<\/ul>\n[cg_accordion title=\"INFORM\u0100CIJA PAR MAKS\u0100JUMU\"]<\/p>\n<p>M\u0113s izmantojam jaun\u0101k\u0101s tehnolo\u0123ijas maks\u0101jumu apstr\u0101d\u0113, kas \u013cauj \u0101tri un dro\u0161i nor\u0113\u0137in\u0101ties, izmantojot Apple Pay, Google Pay, debetkarti\/kred\u012btkarti, PayPal vai BNPL metodes, piem\u0113ram, Klarna, Affirm vai AfterPay.[\/cg_accordion]\n[cg_accordion title=\"GARANTIJA\"]<\/p>\n<p>1 gada garantija no <a href=\"https:\/\/droix.net\/\" target=\"_blank\" rel=\"nofollow noopener\">DROIX Global, lai<\/a> j\u016bs b\u016btu mier\u0101.[\/cg_accordion]\n[cg_accordion title=\"KVALIT\u0100TES NODRO\u0160IN\u0100\u0160ANA UN PIRMSNOS\u016aT\u012a\u0160ANAS TEST\u0112\u0160ANA\"]<\/p>\n<p>Klientu apmierin\u0101t\u012bbas nodro\u0161in\u0101\u0161ana augst\u0101kaj\u0101 l\u012bmen\u012b: Katra ier\u012bce pirms nos\u016bt\u012b\u0161anas tiek r\u016bp\u012bgi test\u0113ta un p\u0101rbaud\u012bta vair\u0101kos kvalit\u0101tes nodro\u0161in\u0101\u0161anas punktos. M\u016bsu komanda p\u0101rbauda veiktsp\u0113ju, funkcionalit\u0101ti un komponentu integrit\u0101ti, lai garant\u0113tu, ka j\u016bsu AYANEO ier\u012bce p\u0113c sa\u0146em\u0161anas ir ide\u0101l\u0101 darba k\u0101rt\u012bb\u0101, sniedzot jums p\u0101rliec\u012bbu un mieru. [\/cg_accordion]\n[cg_accordion title=\"CENAS, NODOK\u013bI UN PIEG\u0100DE\"]<\/p>\n<p><strong><u>Piez\u012bme:<\/u><\/strong><\/p>\n<ul>\n<li>Amerikas Savienot\u0101s Valstis Klienti: Klientiem, kas ieg\u0101d\u0101jas preces, nor\u0101d\u012bt\u0101 cena neietver ne nodokli, ne nodevas. Atbild\u012bba par muito\u0161anu un saist\u012bto nodok\u013cu\/muitas nodok\u013cu nomaksu gulstas uz klientu pleciem. <\/li>\n<li>ES klienti: Atkar\u012bb\u0101 no j\u016bsu valsts, nor\u0101d\u012bt\u0101 cena ietver piem\u0113rojamo nodokli, kas var b\u016bt l\u012bdz 25%.<\/li>\n<li>Kan\u0101das klienti: Atkar\u012bb\u0101 no j\u016bsu provinces nor\u0101d\u012btaj\u0101 cen\u0101 ir iek\u013cauti piem\u0113rojamie nodok\u013ci, kas var ietvert 5% GST un papildu provinces p\u0101rdo\u0161anas nodokli (PST), saska\u0146oto p\u0101rdo\u0161anas nodokli (HST) vai Kvebekas p\u0101rdo\u0161anas nodokli (QST).<\/li>\n<\/ul>\n<p><strong>Tikai ES klientiem:<\/strong> Express DDP (pieg\u0101de ar samaks\u0101tu muitas nodokli). Tas noz\u012bm\u0113: <\/p>\n<ul>\n<li>Visas muitas nodevas un nodok\u013ci ir iek\u013cauti produkta lap\u0101 nor\u0101d\u012btaj\u0101 cen\u0101.<\/li>\n<li>Pieg\u0101des br\u012bd\u012b jums neb\u016bs j\u0101maks\u0101 papildu maksa.<\/li>\n<li>Retos gad\u012bjumos, kad rodas ar muitu saist\u012btas probl\u0113mas, m\u016bsu komanda j\u016bsu v\u0101rd\u0101 veiks muito\u0161anas procesu, lai nodro\u0161in\u0101tu netrauc\u0113tu pieg\u0101di.<\/li>\n<p>Svar\u012bga inform\u0101cija par atgrie\u0161anu:<\/p>\n<li>Ja nolemjat atgriezt pas\u016bt\u012bjumu vai piepras\u012bt atmaksu, l\u016bdzu, \u0146emiet v\u0113r\u0101, ka nodok\u013ci un nodevas, kas samaks\u0101ti j\u016bsu v\u0101rd\u0101 saska\u0146\u0101 ar DDP noteikumiem, nevar tikt atmaks\u0101ti.<\/li>\n<p>S\u012bk\u0101ku inform\u0101ciju skatiet m\u016bsu <a href=\"https:\/\/ayaneo.co\/lv\/pakalpojumu-sniegsanas-noteikumi\/\" target=\"_blank\" rel=\"nofollow noopener\">Noteikumos un nosac\u012bjumos<\/a>.\n<\/ul>\n<p>[\/cg_accordion]\n[cg_accordion title=\"KLIENTU ATBALSTS\"]<\/p>\n<p>Jums ir jaut\u0101jums? M\u0113s esam \u012bs\u0101 teksta att\u0101lum\u0101 no j\u016bsu jaut\u0101juma atrisin\u0101\u0161anas! [\/cg_accordion]\n[cg_accordion title=\"IEPAKOJUM\u0100 IETILPST\"]<\/p>\n<ul>\n<li>1x AYANEO Pocket mikro \u0101das futr\u0101lis<\/li>\n<\/ul>\n<p>[\/cg_accordion]\n","protected":false},"featured_media":17107,"template":"","meta":{"_acf_changed":false},"product_brand":[],"product_cat":[1194],"product_tag":[],"class_list":{"0":"post-17101","1":"product","2":"type-product","3":"status-publish","4":"has-post-thumbnail","6":"product_cat-aksesuari","7":"product_shipping_class-low-end","8":"pa_accessory-type-protective-case-lv","9":"pa_brand-ayaneo","11":"first","12":"outofstock","13":"sale","14":"taxable","15":"shipping-taxable","16":"purchasable","17":"product-type-variable"},"acf":[],"_links":{"self":[{"href":"https:\/\/ayaneo.co\/lv\/wp-json\/wp\/v2\/product\/17101","targetHints":{"allow":["GET"]}}],"collection":[{"href":"https:\/\/ayaneo.co\/lv\/wp-json\/wp\/v2\/product"}],"about":[{"href":"https:\/\/ayaneo.co\/lv\/wp-json\/wp\/v2\/types\/product"}],"wp:featuredmedia":[{"embeddable":true,"href":"https:\/\/ayaneo.co\/lv\/wp-json\/wp\/v2\/media\/17107"}],"wp:attachment":[{"href":"https:\/\/ayaneo.co\/lv\/wp-json\/wp\/v2\/media?parent=17101"}],"wp:term":[{"taxonomy":"product_brand","embeddable":true,"href":"https:\/\/ayaneo.co\/lv\/wp-json\/wp\/v2\/product_brand?post=17101"},{"taxonomy":"product_cat","embeddable":true,"href":"https:\/\/ayaneo.co\/lv\/wp-json\/wp\/v2\/product_cat?post=17101"},{"taxonomy":"product_tag","embeddable":true,"href":"https:\/\/ayaneo.co\/lv\/wp-json\/wp\/v2\/product_tag?post=17101"}],"curies":[{"name":"wp","href":"https:\/\/api.w.org\/{rel}","templated":true}]}}