{"id":17229,"date":"2025-03-27T09:55:33","date_gmt":"2025-03-27T09:55:33","guid":{"rendered":"https:\/\/ayaneo.co\/product\/ayaneo-air-pro\/"},"modified":"2025-05-30T16:00:40","modified_gmt":"2025-05-30T16:00:40","slug":"ayaneo-air-pro","status":"publish","type":"product","link":"https:\/\/ayaneo.co\/lv\/product\/ayaneo-air-pro\/","title":{"rendered":"AYANEO AIR PRO"},"content":{"rendered":"\n<h2 class=\"wp-block-heading\">AYANEO Air<\/h2>\n\n<figure class=\"wp-block-image\"><img decoding=\"async\" src=\"https:\/\/droix.net\/wp-content\/uploads\/2022\/10\/TEXT.png\" alt=\"\" title=\"AYA NEO AIR PRO 1\"\/><\/figure>\n\n<figure class=\"wp-block-image\"><img decoding=\"async\" src=\"https:\/\/droix.net\/wp-content\/uploads\/2022\/10\/cpu-perf.png\" alt=\"\" title=\"AYA NEO AIR PRO 2\"\/><\/figure>\n\n<h2 class=\"wp-block-heading\">Jaud\u012bgs procesors<\/h2>\n\n<figure class=\"wp-block-image\"><img decoding=\"async\" src=\"https:\/\/droix.net\/wp-content\/uploads\/2022\/10\/oled.png\" alt=\"\" title=\"AYA NEO AIR PRO 3\"\/><\/figure>\n\n<h2 class=\"wp-block-heading\">Spilgts OLED ekr\u0101ns<\/h2>\n\n<figure class=\"wp-block-image\"><img decoding=\"async\" src=\"https:\/\/droix.net\/wp-content\/uploads\/2022\/10\/controller.png\" alt=\"\" title=\"AYA NEO AIR PRO 4\"\/><\/figure>\n\n<h2 class=\"wp-block-heading\">Sp\u0113\u013cu kontrolieri<\/h2>\n\n<figure class=\"wp-block-image\"><img decoding=\"async\" src=\"https:\/\/droix.net\/wp-content\/uploads\/2022\/10\/hall-joystick.png\" alt=\"\" title=\"AYA NEO AIR PRO 5\"\/><\/figure>\n\n<h2 class=\"wp-block-heading\">HALL D\u017eoistiki<\/h2>\n\n<figure class=\"wp-block-image\"><img decoding=\"async\" src=\"https:\/\/droix.net\/wp-content\/uploads\/2022\/10\/light.png\" alt=\"\" title=\"AYA NEO AIR PRO 6\"\/><\/figure>\n\n<h2 class=\"wp-block-heading\">Viegls<\/h2>\n\n<figure class=\"wp-block-image\"><img decoding=\"async\" src=\"https:\/\/droix.net\/wp-content\/uploads\/2022\/10\/lightweight.png\" alt=\"\" title=\"AYA NEO AIR PRO 7\"\/><\/figure>\n\n<h2 class=\"wp-block-heading\">Portat\u012bvais<\/h2>\n\n<figure class=\"wp-block-image\"><img decoding=\"async\" src=\"https:\/\/droix.net\/wp-content\/uploads\/2022\/10\/ayaspace.png\" alt=\"\" title=\"AYA NEO AIR PRO 8\"\/><\/figure>\n\n<h2 class=\"wp-block-heading\">AYASpace<\/h2>\n\n<figure class=\"wp-block-image\"><img decoding=\"async\" src=\"https:\/\/droix.net\/wp-content\/uploads\/2022\/10\/storage-expansion.png\" alt=\"\" title=\"AYA NEO AIR PRO 9\"\/><\/figure>\n\n<h2 class=\"wp-block-heading\">Papla\u0161in\u0101ma kr\u0101tuve<\/h2>\n\n<h2 class=\"wp-block-heading\">AYANEO Air<\/h2>\n\n<h2 class=\"wp-block-heading\">18mm<\/h2>\n\n<h2 class=\"wp-block-heading\">AYANEO Air Pro<\/h2>\n\n<h2 class=\"wp-block-heading\">21,6 mm<\/h2>\n\n<figure class=\"wp-block-image\"><img decoding=\"async\" src=\"https:\/\/droix.net\/wp-content\/uploads\/2022\/10\/1.png\" alt=\"\" title=\"AYA NEO AIR PRO 10\"\/><\/figure>\n\n<figure class=\"wp-block-image\"><img decoding=\"async\" src=\"https:\/\/droix.net\/wp-content\/uploads\/2022\/10\/2.png\" alt=\"\" title=\"AYA NEO AIR PRO 11\"\/><\/figure>\n\n<figure class=\"wp-block-image\"><img decoding=\"async\" src=\"https:\/\/droix.net\/wp-content\/uploads\/2022\/10\/6.png\" alt=\"\" title=\"AYA NEO AIR PRO 12\"\/><\/figure>\n\n<figure class=\"wp-block-image\"><img decoding=\"async\" src=\"https:\/\/droix.net\/wp-content\/uploads\/2022\/10\/3.png\" alt=\"\" title=\"AYA NEO AIR PRO 13\"\/><\/figure>\n\n<figure class=\"wp-block-image\"><img decoding=\"async\" src=\"https:\/\/droix.net\/wp-content\/uploads\/2022\/10\/8.png\" alt=\"\" title=\"AYA NEO AIR PRO 14\"\/><\/figure>\n\n<figure class=\"wp-block-image\"><img decoding=\"async\" src=\"https:\/\/droix.net\/wp-content\/uploads\/2022\/10\/4.png\" alt=\"\" title=\"AYA NEO AIR PRO 15\"\/><\/figure>\n\n<figure class=\"wp-block-image\"><img decoding=\"async\" src=\"https:\/\/droix.net\/wp-content\/uploads\/2022\/10\/5.png\" alt=\"\" title=\"AYA NEO AIR PRO 16\"\/><\/figure>\n\n<figure class=\"wp-block-image\"><img decoding=\"async\" src=\"https:\/\/droix.net\/wp-content\/uploads\/elementor\/thumbs\/7-q8z5dcnq498hbirw1mfy0omf1l06qm1syszlslccn4.png\" alt=\"7.png\" title=\"7.png\"\/><\/figure>\n\n<figure class=\"wp-block-image\"><img decoding=\"async\" src=\"https:\/\/droix.net\/wp-content\/uploads\/elementor\/thumbs\/9-q8z5dcnq498hbirw1mfy0omf1l06qm1syszlslccn4.png\" alt=\"9.png\" title=\"9.png\"\/><\/figure>\n\n<h2 class=\"wp-block-heading\">Sp\u0113l\u0113jiet sp\u0113les, izmantojot skaidru OLED displeju<\/h2>\n\n<h2 class=\"wp-block-heading\">Ar 5,5\u2033 AMOLED augstas kr\u0101su gammas ekr\u0101nu.<\/h2>\n\n<h2 class=\"wp-block-heading\">Pla\u0161as kr\u0101su gammas efekts, NTSC 109%, padara displeju re\u0101listisk\u0101ku.<br\/>Ar kontrasta attiec\u012bbu l\u012bdz 100000:1 kr\u0101sas ir bag\u0101t\u012bg\u0101kas un spilgt\u0101kas.<br\/>Izbaudiet t\u012brus melnos to\u0146us un augsta kontrasta att\u0113lus no iecien\u012bt\u0101kajiem titu\u013ciem. AYANEO Air ir augst\u0101kais PPI, k\u0101ds atrodams Windows sp\u0113\u013cu rokas dator\u0101 - 404 pikse\u013ci uz collu. <\/h2>\n\n<figure class=\"wp-block-image\"><img decoding=\"async\" src=\"https:\/\/droix.net\/wp-content\/uploads\/2022\/10\/oled-info-1024x309.png\" alt=\"\" title=\"AYA NEO AIR PRO 17\"\/><\/figure>\n\n<h2 class=\"wp-block-heading\">\u012apa\u0161i pl\u0101ns un viegls<\/h2>\n\n<h2 class=\"wp-block-heading\">AYANEO Air tika izstr\u0101d\u0101ts, dom\u0101jot par p\u0101rn\u0113s\u0101jam\u012bbu, un, lai to pan\u0101ktu, mums vajadz\u0113ja apvienot un saspiest aptuveni 3500 komponentu \u0161aj\u0101 Windows sp\u0113\u013cu rokas dator\u0101.<br\/>\u0160aj\u0101 \u012bpa\u0161i p\u0101rn\u0113s\u0101jamaj\u0101 sp\u0113\u013cu rokas dator\u0101 ir aparat\u016bra, kas tiek uzskat\u012bta par kl\u0113pjdatora cien\u012bgu.<br\/>Un, lai pabeigtu \u0161o skaisto iepakojumu, lietot\u0101jam ir redzamas tikai 2 skr\u016bves.<\/h2>\n\n<h2 class=\"wp-block-heading\">Jauns skat\u012bjums uz portat\u012bvajiem rokas portat\u012bvajiem datoriem<\/h2>\n\n<h2 class=\"wp-block-heading\">Svars ir tikai 398 g*<\/h2>\n\n<figure class=\"wp-block-image\"><img decoding=\"async\" src=\"https:\/\/droix.net\/wp-content\/uploads\/2022\/10\/ayaneo_air-vs-switch.png\" alt=\"\" title=\"AYA NEO AIR PRO 18\"\/><\/figure>\n\n<h2 class=\"wp-block-heading\">AYANEO Air Lite* - 398 g<br\/>AYANEO Air Standard - 398 g<br\/>AYANEO Air Pro - 440 g<\/h2>\n\n<h2 class=\"wp-block-heading\">Iev\u0113rojami maz\u0101ks nek\u0101 Steam Deck<br\/> Un v\u0113l maz\u0101ks nek\u0101 Switch.<\/h2>\n\n<figure class=\"wp-block-image\"><img decoding=\"async\" src=\"https:\/\/droix.net\/wp-content\/uploads\/2022\/10\/ayaneo-sd-switch.png\" alt=\"\" title=\"AYA NEO AIR PRO 19\"\/><\/figure>\n\n<h2 class=\"wp-block-heading\">398 g AYANEO Air<\/h2>\n\n<h2 class=\"wp-block-heading\">223,9 \u00d7 89,4 \u00d7 18 mm<\/h2>\n\n<h2 class=\"wp-block-heading\">420 g Nintendo Switch<\/h2>\n\n<h2 class=\"wp-block-heading\">242x102x13,9 mm<\/h2>\n\n<h2 class=\"wp-block-heading\">669g Steam Deck<\/h2>\n\n<h2 class=\"wp-block-heading\">298x117x20 mm<\/h2>\n\n<h2 class=\"wp-block-heading\">AAA sp\u0113les ce\u013c\u0101?<\/h2>\n\n<h2 class=\"wp-block-heading\">AYANEO Air ir apr\u012bkots ar RED jaudu un AMD Ryzen 5 5560U vai 5825U (pieejams tikai AYANEO Air Pro).<br\/>\u0160ie APU ir ne tikai lieliski piem\u0113roti sp\u0113l\u0113m, bet ar\u012b nodro\u0161ina zem\u0101ku ener\u0123ijas pat\u0113ri\u0146u, \u013caujot ilg\u0101k sp\u0113l\u0113t iecien\u012bt\u0101k\u0101s sp\u0113les.<\/h2>\n\n<figure class=\"wp-block-image\"><img decoding=\"async\" src=\"https:\/\/droix.net\/wp-content\/uploads\/2022\/10\/cpu-1-1-300x300.png\" alt=\"\" title=\"AYA NEO AIR PRO 20\"\/><\/figure>\n\n<h2 class=\"wp-block-heading\">Pateicoties TSMC izstr\u0101d\u0101tajam 7nn procesam, AYANEO Air ietaupa ener\u0123iju, vienlaikus saglab\u0101jot augstu veiktsp\u0113ju tavos iecien\u012bt\u0101kajos titulos.<\/h2>\n\n<figure class=\"wp-block-image\"><img decoding=\"async\" src=\"https:\/\/droix.net\/wp-content\/uploads\/2022\/10\/cpu-2-1-300x300.png\" alt=\"\" title=\"AYA NEO AIR PRO 21\"\/><\/figure>\n\n<h2 class=\"wp-block-heading\">AMD Ryzen 7 5825U APU, kas pieejams tikai AYANEO Air Pro, ir par 100 MHz \u0101tr\u0101ks nek\u0101 5800U APU, un tas ir ide\u0101li piem\u0113rots sp\u0113l\u0113m kust\u012bb\u0101.<\/h2>\n\n<h2 class=\"wp-block-heading\">Uzziniet vair\u0101k par sav\u0101m iecien\u012bt\u0101kaj\u0101m sp\u0113l\u0113m<\/h2>\n\n<figure class=\"wp-block-image\"><img decoding=\"async\" src=\"https:\/\/droix.net\/wp-content\/uploads\/2022\/08\/games-1.png\" alt=\"sp&#x113;les-1\" title=\"AYA NEO AIR PRO 22\"\/><\/figure>\n\n<figure class=\"wp-block-image\"><img decoding=\"async\" src=\"https:\/\/droix.net\/wp-content\/uploads\/2022\/08\/games-2.png\" alt=\"sp&#x113;les-2\" title=\"AYA NEO AIR PRO 23\"\/><\/figure>\n\n<figure class=\"wp-block-image\"><img decoding=\"async\" src=\"https:\/\/droix.net\/wp-content\/uploads\/elementor\/thumbs\/ayaneo-master-q8z5dcnq497mmmrgjif980vegtbvts312kqur5jx8g.png\" alt=\"ayaneo-master.png\" title=\"ayaneo-master.png\"\/><\/figure>\n\n<h2 class=\"wp-block-heading\">K\u013c\u016bstiet par meistaru kaujas lauk\u0101 ar GuliKit.<\/h2>\n\n<h2 class=\"wp-block-heading\">AYANEO, sadarbojoties ar GuliKit, ir ap\u0146\u0113mu\u0161ies nodro\u0161in\u0101t jums vislab\u0101ko sp\u0113\u013cu pieredzi. \u0160is PC Gaming Handheld ir pirmais modelis, kas apr\u012bkots ar augstas kvalit\u0101tes GuliKit d\u017eoistikiem. <\/h2>\n\n<figure class=\"wp-block-image\"><img decoding=\"async\" src=\"https:\/\/droix.net\/wp-content\/uploads\/elementor\/thumbs\/gulikit-logo-q8z5dcnq497ijbaloaorilpee1n1klosjvnack8xkw.png\" alt=\"gulikit-logo.png\" title=\"gulikit-logo.png\"\/><\/figure>\n\n<figure class=\"wp-block-image\"><img decoding=\"async\" src=\"https:\/\/droix.net\/wp-content\/uploads\/2022\/10\/ayaneo-joystick-device.png\" alt=\"\" title=\"AYA NEO AIR PRO 24\"\/><\/figure>\n\n<h2 class=\"wp-block-heading\">Nav miru\u0161\u0101s zonas Joistick<\/h2>\n\n<h2 class=\"wp-block-heading\">Iek\u0161\u0113jie un \u0101r\u0113jie ap\u013ci ir 100 % br\u012bvi no \u201cmiru\u0161\u0101s zonas\u201d<br\/>Tas ir lieliski piem\u0113rots FPS sp\u0113l\u0113m.<\/h2>\n\n<h2 class=\"wp-block-heading\">Spr\u016bda jut\u012bguma regul\u0113\u0161ana<\/h2>\n\n<h2 class=\"wp-block-heading\">Izmantojot AYA Space, varat viegli kontrol\u0113t spr\u016bda nospie\u0161anas g\u0101jienu. Tas \u013caus jums nospiest spr\u016bda sl\u0113d\u017eus 50%, lai pan\u0101ktu piln\u012bgu efektu. <\/h2>\n\n<h2 class=\"wp-block-heading\">Gaid\u012b\u0161anas re\u017e\u012bm\u0101 ar nulles jaudu<\/h2>\n\n<h2 class=\"wp-block-heading\">Kontrolierus var izsl\u0113gt AYA Space, t\u0101d\u0113j\u0101di ietaupot ener\u0123iju.<\/h2>\n\n<h2 class=\"wp-block-heading\">A-B X-Y tausti\u0146u nomai\u0146a<\/h2>\n\n<h2 class=\"wp-block-heading\">Esat pieradu\u0161i pie jap\u0101\u0146u izk\u0101rtojuma? Nav probl\u0113mu! Izmantojot AYA Space, varat main\u012bt izk\u0101rtojumu.  <\/h2>\n\n<figure class=\"wp-block-image\"><img decoding=\"async\" src=\"https:\/\/droix.net\/wp-content\/uploads\/2022\/10\/11.png\" alt=\"\" title=\"AYA NEO AIR PRO 25\"\/><\/figure>\n\n<h2 class=\"wp-block-heading\">Nav dreifa<\/h2>\n\n<h2 class=\"wp-block-heading\">AYANEO Air d\u017eoistiki izmanto elektromagn\u0113tiskos sviru groz\u012bt\u0101jus, lai nodro\u0161in\u0101tu, ka d\u017eoistiks netiek novirz\u012bts.<\/h2>\n\n<figure class=\"wp-block-image\"><img decoding=\"async\" src=\"https:\/\/droix.net\/wp-content\/uploads\/2022\/10\/22.png\" alt=\"\" title=\"AYA NEO AIR PRO 26\"\/><\/figure>\n\n<h2 class=\"wp-block-heading\">Nav miru\u0161\u0101s zonas<\/h2>\n\n<h2 class=\"wp-block-heading\">AYANEO Air d\u017eoist\u012bkiem nav \u201cmiru\u0161\u0101s zonas\u201d d\u017eoist\u012bku centr\u0101laj\u0101 un \u0101r\u0113j\u0101 gredzen\u0101.<\/h2>\n\n<figure class=\"wp-block-image\"><img decoding=\"async\" src=\"https:\/\/droix.net\/wp-content\/uploads\/2022\/10\/33.png\" alt=\"\" title=\"AYA NEO AIR PRO 27\"\/><\/figure>\n\n<h2 class=\"wp-block-heading\">Augsta precizit\u0101te<\/h2>\n\n<h2 class=\"wp-block-heading\">\u013bauj ieg\u016bt gr\u016bti ieg\u016bstamus kadrus FPS sp\u0113l\u0113s un vienm\u0113r\u012bgi kontrol\u0113t transportl\u012bdzekli brauk\u0161anas sp\u0113l\u0113s.<\/h2>\n\n<figure class=\"wp-block-image\"><img decoding=\"async\" src=\"https:\/\/droix.net\/wp-content\/uploads\/2022\/10\/44.png\" alt=\"\" title=\"AYA NEO AIR PRO 28\"\/><\/figure>\n\n<h2 class=\"wp-block-heading\">Ilgs kalpo\u0161anas laiks<\/h2>\n\n<h2 class=\"wp-block-heading\">Hall d\u017eoist\u012bku darbm\u016b\u017es ir 5 miljoni lieto\u0161anas rei\u017eu. Tas nodro\u0161in\u0101s, ka j\u016bsu AYANEO Air darbosies k\u0101 <\/h2>\n\n<h2 class=\"wp-block-heading\">EXCLUSIVE to AYANEO Devices<\/h2>\n\n<h2 class=\"wp-block-heading\">AYA Space<\/h2>\n\n<h2 class=\"wp-block-heading\">Ar AYA Space varat p\u0101rvald\u012bt un da\u017eu sekun\u017eu laik\u0101 palaist savas iecien\u012bt\u0101k\u0101s sp\u0113les.<br\/>Izmantojot AYA Space, varat iestat\u012bt katras sp\u0113les veiktsp\u0113jas profilus un kontrol\u0113t ier\u012bces galven\u0101s funkcijas.<br\/> AYANEO Air ir apr\u012bkots ar \u012bpa\u0161u AYA Space pogu, ar kuru var viegli atv\u0113rt p\u0101rkl\u0101jumu, \u013caujot regul\u0113t spilgtumu, ska\u013cumu un TDP - to visu ar vienu pogas nospie\u0161anu.<\/h2>\n\n<figure class=\"wp-block-image\"><img decoding=\"async\" src=\"https:\/\/droix.net\/wp-content\/uploads\/2022\/10\/ayaspace-ui-768x625.png\" alt=\"\" title=\"AYA NEO AIR PRO 29\"\/><\/figure>\n\n<h2 class=\"wp-block-heading\">\u0100trgaitas datu glab\u0101\u0161ana - gan iek\u0161\u0113j\u0101, gan \u0101r\u0113j\u0101<\/h2>\n\n<h2 class=\"wp-block-heading\">Iek\u0161\u0113jais SSD<\/h2>\n\n<h2 class=\"wp-block-heading\">Ieb\u016bv\u0113ts \u0101trgaitas NVMe SSD ar l\u012bdz 2 TB ietilp\u012bbu<\/h2>\n\n<figure class=\"wp-block-image\"><img decoding=\"async\" src=\"https:\/\/droix.net\/wp-content\/uploads\/2022\/10\/storage-1.png\" alt=\"\" title=\"AYA NEO AIR PRO 30\"\/><\/figure>\n\n<h2 class=\"wp-block-heading\">TF\/Micro SD kartes slots<\/h2>\n\n<h2 class=\"wp-block-heading\">\u013bauj viegli uzlabot iek\u0161\u0113jo atmi\u0146u.<\/h2>\n\n<figure class=\"wp-block-image\"><img decoding=\"async\" src=\"https:\/\/droix.net\/wp-content\/uploads\/2022\/10\/storage-2.png\" alt=\"\" title=\"AYA NEO AIR PRO 31\"\/><\/figure>\n\n<figure class=\"wp-block-image\"><img decoding=\"async\" src=\"https:\/\/droix.net\/wp-content\/uploads\/2022\/10\/multi-use.jpg\" alt=\"\" title=\"AYA NEO AIR PRO 32\"\/><\/figure>\n","protected":false},"excerpt":{"rendered":"<ul>\n<li>AMD <strong>Ryzen 5 5560U<\/strong> \/ AMD <strong>Ryzen 7 5825U<\/strong><\/li>\n<li><strong>16 GB<\/strong> LPDDR4x @ 4266 MHz<\/li>\n<li><strong>l\u012bdz 1TB<\/strong> \u0101trgaitas PCI-E <strong>M.2<\/strong> 2280 <strong>l\u012bdz 1TB<\/strong> SSD<\/li>\n<li><strong>5,5<\/strong> \" <strong> OLED sk\u0101rienekr\u0101ns<\/strong> <\/li>\n<li><strong>WiFi 6<\/strong> un <strong>Bluetooth 5.2<\/strong> atbalsts<\/li>\n<\/ul>\n[cg_accordion title=\"Garantija\"]<\/p>\n<p><a href=\"https:\/\/droix.net\/\">DROIX Global<\/a> nodro\u0161ina AYANEO AIR PRO 1 gada garantiju. [\/cg_accordion]\n[cg_accordion title=\"Cenas, nodok\u013ci un pieg\u0101de\"]<\/p>\n<p><strong><u>Piez\u012bme:<\/u><\/strong><\/p>\n<ul>\n<li>Amerikas Savienot\u0101s Valstis Klienti: Klientiem, kas ieg\u0101d\u0101jas preces no j\u016bsu valsts: Par\u0101d\u012btaj\u0101 cen\u0101 ir iek\u013cauts piem\u0113rojamais nodoklis atbilsto\u0161i j\u016bsu valstij.<\/li>\n<li>ES klienti: Atkar\u012bb\u0101 no j\u016bsu valsts, nor\u0101d\u012bt\u0101 cena ietver piem\u0113rojamo nodokli, kas var b\u016bt l\u012bdz 25%.<\/li>\n<li>Kan\u0101das klienti: Atkar\u012bb\u0101 no j\u016bsu provinces nor\u0101d\u012btaj\u0101 cen\u0101 ir iek\u013cauti piem\u0113rojamie nodok\u013ci, kas var ietvert 5% GST un papildu provinces p\u0101rdo\u0161anas nodokli (PST), saska\u0146oto p\u0101rdo\u0161anas nodokli (HST) vai Kvebekas p\u0101rdo\u0161anas nodokli (QST).<\/li>\n<\/ul>\n<p>[\/cg_accordion]\n[cg_accordion title=\"Pieg\u0101de un atgrie\u0161ana\"]<\/p>\n<p>Organiz\u0113 <a href=\"https:\/\/droix.net\/\" target=\"_blank\" rel=\"nofollow noopener\">DROIX<\/a>, ofici\u0101lais AYANEO izplat\u012bt\u0101js, un m\u0113s pieg\u0101d\u0101jam, izmantojot DHL Express DDP (Delivered Duty Paid). Tas noz\u012bm\u0113: <\/p>\n<p>Express DDP (Delivered Duty Paid). Tas noz\u012bm\u0113: <\/p>\n<ul>\n<li>Visas muitas nodevas un nodok\u013ci ir iek\u013cauti produkta lap\u0101 nor\u0101d\u012btaj\u0101 cen\u0101.<\/li>\n<li>Pieg\u0101des br\u012bd\u012b jums neb\u016bs j\u0101maks\u0101 papildu maksa.<\/li>\n<li>Retos gad\u012bjumos, kad rodas ar muitu saist\u012btas probl\u0113mas, m\u016bsu komanda j\u016bsu v\u0101rd\u0101 veiks muito\u0161anas procesu, lai nodro\u0161in\u0101tu netrauc\u0113tu pieg\u0101di.<\/li>\n<p>Svar\u012bga inform\u0101cija par atgrie\u0161anu:<\/p>\n<li>Ja nolemjat atgriezt pas\u016bt\u012bjumu vai piepras\u012bt atmaksu, l\u016bdzu, \u0146emiet v\u0113r\u0101, ka nodok\u013ci un nodevas, kas samaks\u0101ti j\u016bsu v\u0101rd\u0101 saska\u0146\u0101 ar DDP noteikumiem, nevar tikt atmaks\u0101ti.<\/li>\n<p>S\u012bk\u0101ku inform\u0101ciju skatiet m\u016bsu <a href=\"https:\/\/ayaneo.co\/terms-of-service-2\/\" target=\"_blank\" rel=\"nofollow noopener\">Noteikumos un nosac\u012bjumos<\/a>.\n<\/ul>\n<p>[\/cg_accordion]\n[cg_accordion title=\"Klientu atbalsts\"]<\/p>\n<p>Jums ir jaut\u0101jums? M\u0113s esam \u012bs\u0101 teksta att\u0101lum\u0101 no j\u016bsu jaut\u0101juma atrisin\u0101\u0161anas! [\/cg_accordion]\n[cg_accordion title=\"Komplekt\u0101 ietilpst\"]<\/p>\n<ul>\n<li>1x AYANEO AIR PRO sp\u0113\u013cu rokas pults<\/li>\n<li>1x C tipa USB kabelis<\/li>\n<li>1x baro\u0161anas adapteris<\/li>\n<li>1x lietot\u0101ja rokasgr\u0101mata<\/li>\n<\/ul>\n<p>[\/cg_accordion]\n","protected":false},"featured_media":17261,"template":"","meta":{"_acf_changed":false},"product_brand":[],"product_cat":[1216],"product_tag":[],"class_list":{"0":"post-17229","1":"product","2":"type-product","3":"status-publish","4":"has-post-thumbnail","6":"product_cat-rokas-spelu-datori","7":"product_shipping_class-premium","8":"pa_brand-ayaneo","9":"pa_graphics-gpu-model-radeon-graphics","10":"pa_operating-system-windows-11-home","11":"pa_processor-cpu-brand-amd","13":"first","14":"outofstock","15":"taxable","16":"shipping-taxable","17":"purchasable","18":"product-type-variable"},"acf":[],"_links":{"self":[{"href":"https:\/\/ayaneo.co\/lv\/wp-json\/wp\/v2\/product\/17229","targetHints":{"allow":["GET"]}}],"collection":[{"href":"https:\/\/ayaneo.co\/lv\/wp-json\/wp\/v2\/product"}],"about":[{"href":"https:\/\/ayaneo.co\/lv\/wp-json\/wp\/v2\/types\/product"}],"wp:featuredmedia":[{"embeddable":true,"href":"https:\/\/ayaneo.co\/lv\/wp-json\/wp\/v2\/media\/17261"}],"wp:attachment":[{"href":"https:\/\/ayaneo.co\/lv\/wp-json\/wp\/v2\/media?parent=17229"}],"wp:term":[{"taxonomy":"product_brand","embeddable":true,"href":"https:\/\/ayaneo.co\/lv\/wp-json\/wp\/v2\/product_brand?post=17229"},{"taxonomy":"product_cat","embeddable":true,"href":"https:\/\/ayaneo.co\/lv\/wp-json\/wp\/v2\/product_cat?post=17229"},{"taxonomy":"product_tag","embeddable":true,"href":"https:\/\/ayaneo.co\/lv\/wp-json\/wp\/v2\/product_tag?post=17229"}],"curies":[{"name":"wp","href":"https:\/\/api.w.org\/{rel}","templated":true}]}}