{"id":17263,"date":"2025-05-08T13:01:34","date_gmt":"2025-05-08T13:01:34","guid":{"rendered":"https:\/\/ayaneo.co\/product\/ayaneo-ag01-starship-grafiska-doka-stacija\/"},"modified":"2026-01-06T00:31:50","modified_gmt":"2026-01-06T00:31:50","slug":"ayaneo-ag01","status":"publish","type":"product","link":"https:\/\/ayaneo.co\/lv\/product\/ayaneo-ag01\/","title":{"rendered":"AYANEO AG01 Starship grafisk\u0101 doka stacija"},"content":{"rendered":"\n<figure class=\"wp-block-video\"><video height=\"1080\" style=\"aspect-ratio: 1920 \/ 1080;\" width=\"1920\" controls=\"\" poster=\"https:\/\/ayaneo.co\/wp-content\/uploads\/2025\/05\/maxresdefault-4.jpg\" src=\"https:\/\/ayaneo.co\/wp-content\/uploads\/2025\/05\/AYANEO-AG01-Starship-Graphic-Dock_-Salute-to-The-Era-of-Space-Science-Explore-The-Gaming-World.mp4\"><\/video><\/figure>\n\n<h2 class=\"wp-block-heading\" id=\"h-introducing-the-ayaneo-ag01-starship-graphics-dock-power-precision-and-portability-redefined\">Iepaz\u012bstin\u0101m ar AYANEO AG01 Starship Graphics Dock: Jauda, precizit\u0101te un p\u0101rn\u0113s\u0101jam\u012bba no jauna defin\u0113ta<\/h2>\n\n<p>Ar <strong>AYANEO AG01 Starship Graphics Dock<\/strong> tiek aizs\u0101kta jauna \u0101r\u0113jo GPU risin\u0101jumu \u0113ra, kas ir piel\u0101gota sp\u0113l\u0113t\u0101jiem, rad\u012bt\u0101jiem un profesion\u0101\u013ciem, kuri pieprasa tikai un vien\u012bgi izcilu veiktsp\u0113ju. Ar fut\u016bristisku industri\u0101lu dizainu, augstas klases AMD Radeon RX 7600M XT GPU un stabilu sader\u012bbu ar Windows un Linux sist\u0113m\u0101m AG01 nav tikai aksesu\u0101rs - tas ir s\u0101kumposms bezkompromisa darbvirsmas klases jaudai, kas pieejama ce\u013cojum\u0101.   <\/p>\n\n<figure class=\"wp-block-image size-full\"><a href=\"https:\/\/ayaneo.co\/wp-content\/uploads\/2025\/05\/AYANEO-AG01-GRAPHICS_DOCK-MARKETING-IMAGE-DONE-1-1024x576-1.jpg\"><img fetchpriority=\"high\" decoding=\"async\" width=\"1024\" height=\"576\" src=\"https:\/\/ayaneo.co\/wp-content\/uploads\/2025\/05\/AYANEO-AG01-GRAPHICS_DOCK-MARKETING-IMAGE-DONE-1-1024x576-1.jpg\" alt=\"Tum&#x161;s, zin&#x101;tnisk&#x101;s fantastikas t&#x113;mai velt&#x12B;ts AYANEO AG01 rekl&#x101;mas att&#x113;ls, kur&#x101; redzams oran&#x17E;&#x101; kr&#x101;s&#x101; kv&#x113;lojo&#x161;s aug&#x161;&#x113;jais ventilatora gredzens un da&#x13C;&#x113;ji izgaismots ier&#x12B;ces siluets, kas liecina par kosmos&#x101; notieko&#x161;o.\" class=\"wp-image-37414\" srcset=\"https:\/\/ayaneo.co\/wp-content\/uploads\/2025\/05\/AYANEO-AG01-GRAPHICS_DOCK-MARKETING-IMAGE-DONE-1-1024x576-1.jpg 1024w, https:\/\/ayaneo.co\/wp-content\/uploads\/2025\/05\/AYANEO-AG01-GRAPHICS_DOCK-MARKETING-IMAGE-DONE-1-1024x576-1-300x169.jpg 300w, https:\/\/ayaneo.co\/wp-content\/uploads\/2025\/05\/AYANEO-AG01-GRAPHICS_DOCK-MARKETING-IMAGE-DONE-1-1024x576-1-768x432.jpg 768w, https:\/\/ayaneo.co\/wp-content\/uploads\/2025\/05\/AYANEO-AG01-GRAPHICS_DOCK-MARKETING-IMAGE-DONE-1-1024x576-1-990x557.jpg 990w, https:\/\/ayaneo.co\/wp-content\/uploads\/2025\/05\/AYANEO-AG01-GRAPHICS_DOCK-MARKETING-IMAGE-DONE-1-1024x576-1-441x248.jpg 441w, https:\/\/ayaneo.co\/wp-content\/uploads\/2025\/05\/AYANEO-AG01-GRAPHICS_DOCK-MARKETING-IMAGE-DONE-1-1024x576-1-600x338.jpg 600w, https:\/\/ayaneo.co\/wp-content\/uploads\/2025\/05\/AYANEO-AG01-GRAPHICS_DOCK-MARKETING-IMAGE-DONE-1-1024x576-1-150x84.jpg 150w\" sizes=\"(max-width: 1024px) 100vw, 1024px\" \/><\/a><\/figure>\n\n<p>T\u0101 modern\u0101 OCuLink un USB4 interfeisu integr\u0101cija padara to par vienu no visdaudzpus\u012bg\u0101kajiem \u0161obr\u012bd pieejamajiem eGPU dokiem. Neatkar\u012bgi no t\u0101, vai v\u0113laties palielin\u0101t kadru skaitu rokas konsolei vai palielin\u0101t produktivit\u0101ti kompaktam kl\u0113pjdatoram, AG01 kompakt\u0101 izm\u0113ra d\u0113\u013c ir nodro\u0161in\u0101ta augst\u0101k\u0101s kvalit\u0101tes grafikas jauda, nezaud\u0113jot mobilit\u0101ti. Laipni l\u016bgti jaun\u0101s paaudzes \u0101r\u0113jo GPU - drosm\u012bgi, skaisti un gatavi c\u012b\u0146ai.  <\/p>\n\n<hr class=\"wp-block-separator has-alpha-channel-opacity\"\/>\n\n<h2 class=\"wp-block-heading\" id=\"h-ayaneo-ag01-starship-grade-external-gpu-dock\">AYANEO AG01 - Zvaig\u017e\u0146u ku\u0123a klases \u0101r\u0113j\u0101 GPU doks<\/h2>\n\n<p><strong>AG01 Starship Graphics Dock<\/strong> ir modern\u0101s in\u017eenierijas un m\u0101ksliniecisk\u0101 dizaina \u0161edevrs. Iedvesmojoties no fut\u016bristisk\u0101s kosmosa ku\u0123u est\u0113tikas, tas apvieno p\u0101rn\u0113s\u0101jam\u012bbu un veiktsp\u0113ju tikai 18 cm plat\u0101 \u0161asij\u0101, kas sver maz\u0101k nek\u0101 900 g. T\u0101s \u012bpa\u0161i efekt\u012bva termisk\u0101 konstrukcija, kas pastiprin\u0101ta ar turb\u012bnas tipa dzes\u0113\u0161anas sist\u0113mu un gaisa kan\u0101liem, nodro\u0161ina ilgsto\u0161u veiktsp\u0113ju bez sl\u0101p\u0113\u0161anas pat intens\u012bvu sp\u0113\u013cu vai render\u0113\u0161anas sesiju laik\u0101.  <\/p>\n\n<figure class=\"wp-block-image size-full\"><a href=\"https:\/\/ayaneo.co\/wp-content\/uploads\/2025\/05\/AYANEO-AG01-GRAPHICS_DOCK-MARKETING-IMAGE-DONE-2-1024x855-1.jpg\"><img decoding=\"async\" width=\"1024\" height=\"855\" src=\"https:\/\/ayaneo.co\/wp-content\/uploads\/2025\/05\/AYANEO-AG01-GRAPHICS_DOCK-MARKETING-IMAGE-DONE-2-1024x855-1.jpg\" alt=\"Fut&#x16B;ristisk&#x101; re&#x17E;&#x123;a izk&#x101;rtojum&#x101; par&#x101;d&#x12B;tas AYANEO AG01 galven&#x101;s funkcijas, tostarp RX 7600M XT mikrosh&#x113;ma, RGB apgaismojums, piel&#x101;gojama nosaukumu pl&#x101;ksn&#x12B;te, dzes&#x113;&#x161;anas sist&#x113;ma un I\/O papla&#x161;in&#x101;&#x161;anas iesp&#x113;jas.\" class=\"wp-image-37415\" srcset=\"https:\/\/ayaneo.co\/wp-content\/uploads\/2025\/05\/AYANEO-AG01-GRAPHICS_DOCK-MARKETING-IMAGE-DONE-2-1024x855-1.jpg 1024w, https:\/\/ayaneo.co\/wp-content\/uploads\/2025\/05\/AYANEO-AG01-GRAPHICS_DOCK-MARKETING-IMAGE-DONE-2-1024x855-1-300x250.jpg 300w, https:\/\/ayaneo.co\/wp-content\/uploads\/2025\/05\/AYANEO-AG01-GRAPHICS_DOCK-MARKETING-IMAGE-DONE-2-1024x855-1-768x641.jpg 768w, https:\/\/ayaneo.co\/wp-content\/uploads\/2025\/05\/AYANEO-AG01-GRAPHICS_DOCK-MARKETING-IMAGE-DONE-2-1024x855-1-990x827.jpg 990w, https:\/\/ayaneo.co\/wp-content\/uploads\/2025\/05\/AYANEO-AG01-GRAPHICS_DOCK-MARKETING-IMAGE-DONE-2-1024x855-1-441x368.jpg 441w, https:\/\/ayaneo.co\/wp-content\/uploads\/2025\/05\/AYANEO-AG01-GRAPHICS_DOCK-MARKETING-IMAGE-DONE-2-1024x855-1-600x501.jpg 600w, https:\/\/ayaneo.co\/wp-content\/uploads\/2025\/05\/AYANEO-AG01-GRAPHICS_DOCK-MARKETING-IMAGE-DONE-2-1024x855-1-150x125.jpg 150w\" sizes=\"(max-width: 1024px) 100vw, 1024px\" \/><\/a><\/figure>\n\n<p>AG01 ir apr\u012bkots ar <strong>AMD Radeon RX 7600M XT<\/strong> GPU, kas balst\u012bts uz RDNA3 arhitekt\u016bru, un nodro\u0161ina augstas klases AAA sp\u0113\u013cu, video redi\u0123\u0113\u0161anas un 3D render\u0113\u0161anas atbalstu ar izcilu efektivit\u0101ti. Tas ir ide\u0101ls pal\u012bgs t\u0101d\u0101m portat\u012bvaj\u0101m sp\u0113\u013cu ier\u012bc\u0113m k\u0101 AYANEO 2S, KUN un pat ier\u012bc\u0113m, kas navAYANEO, izmantojot OCuLink un USB4, tostarp Steam Deck, ROG Ally un cit\u0101m. <\/p>\n\n<hr class=\"wp-block-separator has-alpha-channel-opacity\"\/>\n\n<h2 class=\"wp-block-heading\" id=\"h-performance-that-launches-beyond-limits\">Performance, kas p\u0101rsniedz robe\u017eas<\/h2>\n\n<p><strong>Grafikas sp\u0113kstacija:<\/strong> AG01 pamat\u0101 ir <strong>AMD Radeon RX 7600M XT<\/strong> GPU ar 32 skait\u013co\u0161anas blokiem, 8 GB GDDR6 atmi\u0146as un maksim\u0101lo pa\u0101trin\u0101juma taktu 2300 MHz. \u0160is jaud\u012bgais agreg\u0101ts nodro\u0161ina vienm\u0113r\u012bgu 1080p un pat 1440p sp\u0113\u013cu darb\u012bbu, izcili str\u0101d\u0101jot ar augstas veiktsp\u0113jas lietojumprogramm\u0101m, s\u0101kot no AAA sp\u0113l\u0113m un beidzot ar GPU pa\u0101trin\u0101t\u0101m rado\u0161aj\u0101m darbpl\u016bsm\u0101m. <\/p>\n\n<p><strong>Uzlabot\u0101 dzes\u0113\u0161anas sist\u0113ma:<\/strong> At\u0161\u0137ir\u012bb\u0101 no parastajiem eGPU AG01 ir unik\u0101li izstr\u0101d\u0101ta dzes\u0113\u0161anas sist\u0113ma ar div\u0101m gaisa iepl\u016bdes atver\u0113m un augstas efektivit\u0101tes ventilatoru. \u0160\u012b konstrukcija maksim\u0101li palielina gaisa pl\u016bsmu, vienlaikus saglab\u0101jot zemu trok\u0161\u0146a l\u012bmeni, kas nodro\u0161ina stabilu veiktsp\u0113ju pat ilgsto\u0161u sesiju laik\u0101. <\/p>\n\n<hr class=\"wp-block-separator has-alpha-channel-opacity\"\/>\n\n<h2 class=\"wp-block-heading\" id=\"h-seamless-connectivity\">Nevainojama savienojam\u012bba<\/h2>\n\n<figure class=\"wp-block-image size-full\"><a href=\"https:\/\/ayaneo.co\/wp-content\/uploads\/2025\/05\/AYANEO-AG01-GRAPHICS_DOCK-MARKETING-IMAGE-DONE-3-1024x576-1.jpg\"><img decoding=\"async\" width=\"1024\" height=\"576\" src=\"https:\/\/ayaneo.co\/wp-content\/uploads\/2025\/05\/AYANEO-AG01-GRAPHICS_DOCK-MARKETING-IMAGE-DONE-3-1024x576-1.jpg\" alt=\"Diagramma, kur&#x101; par&#x101;d&#x12B;ts AYANEO AG01 Graphics Dock aizmugur&#x113;jais I\/O izk&#x101;rtojums, nor&#x101;dot porti, tostarp DP 2.0, HDMI 2.1, OCuLink, USB4, DC, RJ45 un USB 3.2 Gen 2.\" class=\"wp-image-37416\" srcset=\"https:\/\/ayaneo.co\/wp-content\/uploads\/2025\/05\/AYANEO-AG01-GRAPHICS_DOCK-MARKETING-IMAGE-DONE-3-1024x576-1.jpg 1024w, https:\/\/ayaneo.co\/wp-content\/uploads\/2025\/05\/AYANEO-AG01-GRAPHICS_DOCK-MARKETING-IMAGE-DONE-3-1024x576-1-300x169.jpg 300w, https:\/\/ayaneo.co\/wp-content\/uploads\/2025\/05\/AYANEO-AG01-GRAPHICS_DOCK-MARKETING-IMAGE-DONE-3-1024x576-1-768x432.jpg 768w, https:\/\/ayaneo.co\/wp-content\/uploads\/2025\/05\/AYANEO-AG01-GRAPHICS_DOCK-MARKETING-IMAGE-DONE-3-1024x576-1-990x557.jpg 990w, https:\/\/ayaneo.co\/wp-content\/uploads\/2025\/05\/AYANEO-AG01-GRAPHICS_DOCK-MARKETING-IMAGE-DONE-3-1024x576-1-441x248.jpg 441w, https:\/\/ayaneo.co\/wp-content\/uploads\/2025\/05\/AYANEO-AG01-GRAPHICS_DOCK-MARKETING-IMAGE-DONE-3-1024x576-1-600x338.jpg 600w, https:\/\/ayaneo.co\/wp-content\/uploads\/2025\/05\/AYANEO-AG01-GRAPHICS_DOCK-MARKETING-IMAGE-DONE-3-1024x576-1-150x84.jpg 150w\" sizes=\"(max-width: 1024px) 100vw, 1024px\" \/><\/a><\/figure>\n\n<p><strong>OCuLink un USB4 gatavs:<\/strong> AG01 atbalsta <strong>OCuLink SFF-8612<\/strong> un <strong>USB4<\/strong>, nodro\u0161inot pla\u0161u savietojam\u012bbu ar portat\u012bvajiem datoriem un kl\u0113pjdatoriem. OCuLink nodro\u0161ina izcilu GPU veiktsp\u0113ju, apejot tradicion\u0101lo Thunderbolt savienojumu v\u0101j\u0101s vietas, padarot to par lab\u0101ko izv\u0113li nopietniem sp\u0113l\u0113t\u0101jiem un rad\u012bt\u0101jiem. <\/p>\n\n<p><strong>Daudzpus\u012bgs ier\u012b\u010du atbalsts:<\/strong> Neatkar\u012bgi no t\u0101, vai v\u0113laties piesl\u0113gties AYANEO rokas ier\u012bcei, Steam Deck vai kompaktai Windows\/Linux ier\u012bcei, AG01 viegli piel\u0101gojas. Tas atbalsta plug-and-play funkcionalit\u0101ti, un liel\u0101kajai da\u013cai sist\u0113mu nav nepiecie\u0161ami BIOS piel\u0101gojumi. <\/p>\n\n<hr class=\"wp-block-separator has-alpha-channel-opacity\"\/>\n\n<h2 class=\"wp-block-heading\" id=\"h-built-to-travel-designed-to-impress\">Izgatavots ce\u013co\u0161anai, veidots, lai rad\u012btu iespaidu<\/h2>\n\n<p><strong>Kompakts un viegls:<\/strong> AG01 ir viens no maz\u0101kajiem augstas veiktsp\u0113jas eGPU dokiem pasaul\u0113, kura izm\u0113ri ir tikai 18 cm x 6,3 cm x 3 cm un svars - 869 g. T\u0101s kosmosa laikmeta dizains ir divk\u0101r\u0161s, un t\u0101 var kalpot k\u0101 izteiksm\u012bgs ekspon\u0101ts uz j\u016bsu galda vai tehnolo\u0123iju som\u0101. <\/p>\n\n<p><strong>Augst\u0101k\u0101s kvalit\u0101tes materi\u0101li:<\/strong> \u0160asija ir izgatavota no avi\u0101cijas un kosmosa klases alum\u012bnija sakaus\u0113juma, kas apvieno iztur\u012bbu, siltuma efektivit\u0101ti un elegantu est\u0113tiku.<\/p>\n\n<figure class=\"wp-block-image size-full\"><a href=\"https:\/\/ayaneo.co\/wp-content\/uploads\/2025\/05\/AYANEO-AG01-GRAPHICS_DOCK-MARKETING-IMAGE-DONE-8-1024x576-1.jpg\"><img loading=\"lazy\" decoding=\"async\" width=\"1024\" height=\"576\" src=\"https:\/\/ayaneo.co\/wp-content\/uploads\/2025\/05\/AYANEO-AG01-GRAPHICS_DOCK-MARKETING-IMAGE-DONE-8-1024x576-1.jpg\" alt=\"Dramatisks AYANEO AG01 dubult&#x101;s met&#x101;la &#x161;asijas elementu vizu&#x101;ls att&#x113;ls vidusda&#x13C;&#x101;, izce&#x13C;ot t&#x101; smalki izstr&#x101;d&#x101;to met&#x101;la korpusu uz zvaig&#x17E;&#x146;ota kosmosa fona.\" class=\"wp-image-37417\" srcset=\"https:\/\/ayaneo.co\/wp-content\/uploads\/2025\/05\/AYANEO-AG01-GRAPHICS_DOCK-MARKETING-IMAGE-DONE-8-1024x576-1.jpg 1024w, https:\/\/ayaneo.co\/wp-content\/uploads\/2025\/05\/AYANEO-AG01-GRAPHICS_DOCK-MARKETING-IMAGE-DONE-8-1024x576-1-300x169.jpg 300w, https:\/\/ayaneo.co\/wp-content\/uploads\/2025\/05\/AYANEO-AG01-GRAPHICS_DOCK-MARKETING-IMAGE-DONE-8-1024x576-1-768x432.jpg 768w, https:\/\/ayaneo.co\/wp-content\/uploads\/2025\/05\/AYANEO-AG01-GRAPHICS_DOCK-MARKETING-IMAGE-DONE-8-1024x576-1-990x557.jpg 990w, https:\/\/ayaneo.co\/wp-content\/uploads\/2025\/05\/AYANEO-AG01-GRAPHICS_DOCK-MARKETING-IMAGE-DONE-8-1024x576-1-441x248.jpg 441w, https:\/\/ayaneo.co\/wp-content\/uploads\/2025\/05\/AYANEO-AG01-GRAPHICS_DOCK-MARKETING-IMAGE-DONE-8-1024x576-1-600x338.jpg 600w, https:\/\/ayaneo.co\/wp-content\/uploads\/2025\/05\/AYANEO-AG01-GRAPHICS_DOCK-MARKETING-IMAGE-DONE-8-1024x576-1-150x84.jpg 150w\" sizes=\"(max-width: 1024px) 100vw, 1024px\" \/><\/a><\/figure>\n\n<hr class=\"wp-block-separator has-alpha-channel-opacity\"\/>\n\n<h2 class=\"wp-block-heading\" id=\"h-user-experience\">Lietot\u0101ja pieredze<\/h2>\n\n<p>AG01 nosaka jaunu lietot\u0101jam draudz\u012bgas veiktsp\u0113jas lati\u0146u. T\u0101 bez draiveru atbalsts Windows un Linux, nevainojama ier\u012b\u010du savietojam\u012bba un \u201cplug-and-play\u201d iestat\u012b\u0161ana padara to ide\u0101li piem\u0113rotu gan ies\u0101c\u0113jiem, gan tehnolo\u0123iju entuziastiem. Neatkar\u012bgi no t\u0101, vai j\u016bs straum\u0113jat, projekt\u0113jat, sp\u0113l\u0113jat sp\u0113les vai veicat vair\u0101kus uzdevumus uz vair\u0101kiem displejiem, AG01 nodro\u0161ina vienm\u0113r\u012bgu un aizraujo\u0161u pieredzi.  <\/p>\n\n<hr class=\"wp-block-separator has-alpha-channel-opacity\"\/>\n\n<h2 class=\"wp-block-heading\" id=\"h-conclusion\">Secin\u0101jums<\/h2>\n\n<p><strong>AYANEO AG01 Starship Graphics Dock<\/strong> ir kas vair\u0101k nek\u0101 tikai \u0101r\u0113jais GPU - tas ir l\u0113ciens n\u0101kotn\u0113, kur p\u0101rn\u0113s\u0101jam\u012bba atbilst \u012bstai darbvirsmas l\u012bme\u0146a veiktsp\u0113jai. Ar Radeon RX 7600M XT dzin\u0113ju, divu interfeisu savienojam\u012bbu un izsmalcin\u0101tu dizainu AG01 no jauna defin\u0113 p\u0101rn\u0113s\u0101jamo datoru iesp\u0113jas. <\/p>\n\n<p>Pas\u016btiet savu AG01 jau tagad un k\u013c\u016bstiet par da\u013cu no jaun\u0101s paaudzes sp\u0113l\u0113t\u0101ju un rad\u012bt\u0101ju, kas izmanto bezkompromisa jaudu, lai kurp vi\u0146i dotos.  <strong>Izmantojot AYANEO, zvaigznes ir tikai s\u0101kums.<\/strong><\/p>\n","protected":false},"excerpt":{"rendered":"<ul>\n<li><strong>Radeon\u2122 RX 7600M XT<\/strong> GPU ar RDNA 3 arhitekt\u016bru<\/li>\n<li><strong>Dubult\u0101 saskarne:<\/strong> OCuLink un USB 4.0 (C tipa, 65 W PD)<\/li>\n<li><strong>Kompakts un viegls:<\/strong> P\u0101rn\u0113s\u0101jams zvaig\u017e\u0146u ku\u0123a iedvesmots dizains<\/li>\n<li><strong>Optimiz\u0113ta dzes\u0113\u0161ana:<\/strong> Augstas efektivit\u0101tes turb\u012bnas ventilatora sist\u0113ma<\/li>\n<li><strong>Sader\u012bgs ar:<\/strong> AYANEO 2S, KUN, FLIP DS, ROG Ally, Steam Deck<\/li>\n<\/ul>\n[cg_accordion title=\"INFORM\u0100CIJA PAR MAKS\u0100JUMU\"]<\/p>\n<p>M\u0113s izmantojam jaun\u0101k\u0101s tehnolo\u0123ijas maks\u0101jumu apstr\u0101d\u0113, kas \u013cauj \u0101tri un dro\u0161i nor\u0113\u0137in\u0101ties, izmantojot Apple Pay, Google Pay, debetkarti\/kred\u012btkarti, PayPal vai BNPL metodes, piem\u0113ram, Klarna, Affirm vai AfterPay.[\/cg_accordion]\n[cg_accordion title=\"GARANTIJA\"]<\/p>\n<p>1 gada garantija no <a href=\"https:\/\/droix.net\/\" target=\"_blank\" rel=\"nofollow noopener\">DROIX Global, lai<\/a> j\u016bs b\u016btu mier\u0101.[\/cg_accordion]\n[cg_accordion title=\"KVALIT\u0100TES NODRO\u0160IN\u0100\u0160ANA UN PIRMSNOS\u016aT\u012a\u0160ANAS TEST\u0112\u0160ANA\"]<\/p>\n<p>Klientu apmierin\u0101t\u012bbas nodro\u0161in\u0101\u0161ana augst\u0101kaj\u0101 l\u012bmen\u012b: Katra ier\u012bce pirms nos\u016bt\u012b\u0161anas tiek r\u016bp\u012bgi test\u0113ta un p\u0101rbaud\u012bta vair\u0101kos kvalit\u0101tes nodro\u0161in\u0101\u0161anas punktos. M\u016bsu komanda p\u0101rbauda veiktsp\u0113ju, funkcionalit\u0101ti un komponentu integrit\u0101ti, lai garant\u0113tu, ka j\u016bsu AYANEO ier\u012bce p\u0113c sa\u0146em\u0161anas ir ide\u0101l\u0101 darba k\u0101rt\u012bb\u0101, sniedzot jums p\u0101rliec\u012bbu un mieru. [\/cg_accordion]\n[cg_accordion title=\"CENAS, NODOK\u013bI UN PIEG\u0100DE\"]<\/p>\n<p><strong><u>Piez\u012bme:<\/u><\/strong><\/p>\n<ul>\n<li>Amerikas Savienot\u0101s Valstis Klienti: Klientiem, kas ieg\u0101d\u0101jas preces, nor\u0101d\u012bt\u0101 cena neietver ne nodokli, ne nodevas. Atbild\u012bba par muito\u0161anu un saist\u012bto nodok\u013cu\/muitas nodok\u013cu nomaksu gulstas uz klientu pleciem. <\/li>\n<li>ES klienti: Atkar\u012bb\u0101 no j\u016bsu valsts, nor\u0101d\u012bt\u0101 cena ietver piem\u0113rojamo nodokli, kas var b\u016bt l\u012bdz 25%.<\/li>\n<li>Kan\u0101das klienti: Atkar\u012bb\u0101 no j\u016bsu provinces nor\u0101d\u012btaj\u0101 cen\u0101 ir iek\u013cauti piem\u0113rojamie nodok\u013ci, kas var ietvert 5% GST un papildu provinces p\u0101rdo\u0161anas nodokli (PST), saska\u0146oto p\u0101rdo\u0161anas nodokli (HST) vai Kvebekas p\u0101rdo\u0161anas nodokli (QST).<\/li>\n<\/ul>\n<p><strong>Tikai ES klientiem:<\/strong> Express DDP (pieg\u0101de ar samaks\u0101tu muitas nodokli). Tas noz\u012bm\u0113: <\/p>\n<ul>\n<li>Visas muitas nodevas un nodok\u013ci ir iek\u013cauti produkta lap\u0101 nor\u0101d\u012btaj\u0101 cen\u0101.<\/li>\n<li>Pieg\u0101des br\u012bd\u012b jums neb\u016bs j\u0101maks\u0101 papildu maksa.<\/li>\n<li>Retos gad\u012bjumos, kad rodas ar muitu saist\u012btas probl\u0113mas, m\u016bsu komanda j\u016bsu v\u0101rd\u0101 veiks muito\u0161anas procesu, lai nodro\u0161in\u0101tu netrauc\u0113tu pieg\u0101di.<\/li>\n<p>Svar\u012bga inform\u0101cija par atgrie\u0161anu:<\/p>\n<li>Ja nolemjat atgriezt pas\u016bt\u012bjumu vai piepras\u012bt atmaksu, l\u016bdzu, \u0146emiet v\u0113r\u0101, ka nodok\u013ci un nodevas, kas samaks\u0101ti j\u016bsu v\u0101rd\u0101 saska\u0146\u0101 ar DDP noteikumiem, nevar tikt atmaks\u0101ti.<\/li>\n<p>S\u012bk\u0101ku inform\u0101ciju skatiet m\u016bsu <a href=\"https:\/\/ayaneo.co\/lv\/pakalpojumu-sniegsanas-noteikumi\/\" target=\"_blank\" rel=\"nofollow noopener\">Noteikumos un nosac\u012bjumos<\/a>.\n<\/ul>\n<p>[\/cg_accordion]\n[cg_accordion title=\"KLIENTU ATBALSTS\"]<\/p>\n<p>Jums ir jaut\u0101jums? M\u0113s esam \u012bs\u0101 teksta att\u0101lum\u0101 no j\u016bsu jaut\u0101juma atrisin\u0101\u0161anas! [\/cg_accordion]\n[cg_accordion title=\"IEPAKOJUM\u0100 IETILPST\"]<\/p>\n<ul>\n<li>1x AYANEO AG01 Starship Graphics Dock<\/li>\n<li>1x C tipa USB kabelis<\/li>\n<li>1x lietot\u0101ja rokasgr\u0101mata<\/li>\n<\/ul>\n<p>[\/cg_accordion]\n","protected":false},"featured_media":17264,"template":"","meta":{"_acf_changed":false},"product_brand":[],"product_cat":[1194],"product_tag":[],"class_list":{"0":"post-17263","1":"product","2":"type-product","3":"status-publish","4":"has-post-thumbnail","6":"product_cat-aksesuari","7":"product_shipping_class-premium","8":"pa_brand-ayaneo","9":"pa_graphics-gpu-model-radeon-rx-7600m-xt","11":"first","12":"outofstock","13":"sale","14":"taxable","15":"shipping-taxable","16":"purchasable","17":"product-type-variable","18":"has-default-attributes"},"acf":[],"_links":{"self":[{"href":"https:\/\/ayaneo.co\/lv\/wp-json\/wp\/v2\/product\/17263","targetHints":{"allow":["GET"]}}],"collection":[{"href":"https:\/\/ayaneo.co\/lv\/wp-json\/wp\/v2\/product"}],"about":[{"href":"https:\/\/ayaneo.co\/lv\/wp-json\/wp\/v2\/types\/product"}],"wp:featuredmedia":[{"embeddable":true,"href":"https:\/\/ayaneo.co\/lv\/wp-json\/wp\/v2\/media\/17264"}],"wp:attachment":[{"href":"https:\/\/ayaneo.co\/lv\/wp-json\/wp\/v2\/media?parent=17263"}],"wp:term":[{"taxonomy":"product_brand","embeddable":true,"href":"https:\/\/ayaneo.co\/lv\/wp-json\/wp\/v2\/product_brand?post=17263"},{"taxonomy":"product_cat","embeddable":true,"href":"https:\/\/ayaneo.co\/lv\/wp-json\/wp\/v2\/product_cat?post=17263"},{"taxonomy":"product_tag","embeddable":true,"href":"https:\/\/ayaneo.co\/lv\/wp-json\/wp\/v2\/product_tag?post=17263"}],"curies":[{"name":"wp","href":"https:\/\/api.w.org\/{rel}","templated":true}]}}