{"id":17345,"date":"2025-05-02T12:08:14","date_gmt":"2025-05-02T12:08:14","guid":{"rendered":"https:\/\/ayaneo.co\/product\/ayaneo-pocket-ace\/"},"modified":"2025-12-11T00:13:58","modified_gmt":"2025-12-11T00:13:58","slug":"ayaneo-pocket-ace","status":"publish","type":"product","link":"https:\/\/ayaneo.co\/lv\/product\/ayaneo-pocket-ace\/","title":{"rendered":"AYANEO Pocket ACE"},"content":{"rendered":"\n<figure class=\"wp-block-video\"><video height=\"720\" style=\"aspect-ratio: 1280 \/ 720;\" width=\"1280\" controls=\"\" poster=\"https:\/\/ayaneo.co\/wp-content\/uploads\/2025\/05\/maxresdefault-5.jpg\" src=\"https:\/\/ayaneo.co\/wp-content\/uploads\/2025\/05\/ace.mp4\"><\/video><\/figure>\n\n<div class=\"wp-block-columns is-layout-flex wp-container-core-columns-is-layout-28f84493 wp-block-columns-is-layout-flex\">\n<div class=\"wp-block-column is-layout-flow wp-block-column-is-layout-flow\" style=\"flex-basis:33.33%\">\n<figure class=\"wp-block-image size-full\"><a href=\"https:\/\/ayaneo.co\/wp-content\/uploads\/2025\/05\/AYANEO-POCKET-ACE-MARKETING-DONE-01-1024x837-1.jpg\"><img fetchpriority=\"high\" decoding=\"async\" width=\"1024\" height=\"837\" src=\"https:\/\/ayaneo.co\/wp-content\/uploads\/2025\/05\/AYANEO-POCKET-ACE-MARKETING-DONE-01-1024x837-1.jpg\" alt=\"Rokas sp&#x113;&#x13C;u konsole AYANEO Pocket ACE, kas izvietota uz galda ar kr&#x101;sainu gradienta logotipu uz ekr&#x101;na. Ier&#x12B;cei ir D-pad, analog&#x101;s st&#x16B;res un darb&#x12B;bas pogas, kas izgaismotas silt&#x101; vid&#x113; ar izpl&#x16B;du&#x161;u oran&#x17E;u fonu. \" class=\"wp-image-37460\" srcset=\"https:\/\/ayaneo.co\/wp-content\/uploads\/2025\/05\/AYANEO-POCKET-ACE-MARKETING-DONE-01-1024x837-1.jpg 1024w, https:\/\/ayaneo.co\/wp-content\/uploads\/2025\/05\/AYANEO-POCKET-ACE-MARKETING-DONE-01-1024x837-1-300x245.jpg 300w, https:\/\/ayaneo.co\/wp-content\/uploads\/2025\/05\/AYANEO-POCKET-ACE-MARKETING-DONE-01-1024x837-1-768x628.jpg 768w, https:\/\/ayaneo.co\/wp-content\/uploads\/2025\/05\/AYANEO-POCKET-ACE-MARKETING-DONE-01-1024x837-1-990x809.jpg 990w, https:\/\/ayaneo.co\/wp-content\/uploads\/2025\/05\/AYANEO-POCKET-ACE-MARKETING-DONE-01-1024x837-1-441x360.jpg 441w, https:\/\/ayaneo.co\/wp-content\/uploads\/2025\/05\/AYANEO-POCKET-ACE-MARKETING-DONE-01-1024x837-1-600x490.jpg 600w, https:\/\/ayaneo.co\/wp-content\/uploads\/2025\/05\/AYANEO-POCKET-ACE-MARKETING-DONE-01-1024x837-1-150x123.jpg 150w\" sizes=\"(max-width: 1024px) 100vw, 1024px\" \/><\/a><\/figure>\n<\/div>\n\n\n\n<div class=\"wp-block-column is-layout-flow wp-block-column-is-layout-flow\" style=\"flex-basis:66.66%\">\n<h3 class=\"wp-block-heading\">Izbaudiet retro sp\u0113les k\u0101 v\u0113l nekad ar AYANEO Pocket ACE<\/h3>\n\n\n\n<p>AYANEO Pocket ACE ir revolucion\u0101ra rokas sp\u0113\u013cu ier\u012bce, kas nevainojami apvieno retro sp\u0113\u013cu \u0161armu ar modern\u0101kaj\u0101m m\u016bsdienu tehnolo\u0123ij\u0101m. Iedvesmojoties no klasiskaj\u0101m horizont\u0101laj\u0101m rokas konsol\u0113m, \u0161\u012b ier\u012bce pied\u0101v\u0101 nostal\u0123isku est\u0113tiku apvienojum\u0101 ar jaud\u012bgu veiktsp\u0113ju, padarot to par lielisku izv\u0113li gan retro sp\u0113\u013cu entuziastiem, gan m\u016bsdienu sp\u0113l\u0113t\u0101jiem. <\/p>\n<\/div>\n<\/div>\n\n<hr class=\"wp-block-separator has-alpha-channel-opacity\"\/>\n\n<div class=\"wp-block-columns is-layout-flex wp-container-core-columns-is-layout-28f84493 wp-block-columns-is-layout-flex\">\n<div class=\"wp-block-column is-layout-flow wp-block-column-is-layout-flow\">\n<figure class=\"wp-block-image size-full\"><a href=\"https:\/\/ayaneo.co\/wp-content\/uploads\/2025\/05\/snapdragon_g3x_gen2_rounded-1024x837-1.png\"><img decoding=\"async\" width=\"1024\" height=\"837\" src=\"https:\/\/ayaneo.co\/wp-content\/uploads\/2025\/05\/snapdragon_g3x_gen2_rounded-1024x837-1.png\" alt=\"Snapdragon G3x Gen 2 procesora embl&#x113;ma noapa&#x13C;ot&#x101; zelta kvadr&#x101;t&#x101; ar sarkanu liesmas embl&#x113;mu labaj&#x101; pus&#x113; un treknu sarkanu tekstu &quot;Snapdragon G3x Gen 2&quot; kreisaj&#x101; pus&#x113;.\" class=\"wp-image-37462\" srcset=\"https:\/\/ayaneo.co\/wp-content\/uploads\/2025\/05\/snapdragon_g3x_gen2_rounded-1024x837-1.png 1024w, https:\/\/ayaneo.co\/wp-content\/uploads\/2025\/05\/snapdragon_g3x_gen2_rounded-1024x837-1-300x245.png 300w, https:\/\/ayaneo.co\/wp-content\/uploads\/2025\/05\/snapdragon_g3x_gen2_rounded-1024x837-1-768x628.png 768w, https:\/\/ayaneo.co\/wp-content\/uploads\/2025\/05\/snapdragon_g3x_gen2_rounded-1024x837-1-990x809.png 990w, https:\/\/ayaneo.co\/wp-content\/uploads\/2025\/05\/snapdragon_g3x_gen2_rounded-1024x837-1-441x360.png 441w, https:\/\/ayaneo.co\/wp-content\/uploads\/2025\/05\/snapdragon_g3x_gen2_rounded-1024x837-1-600x490.png 600w, https:\/\/ayaneo.co\/wp-content\/uploads\/2025\/05\/snapdragon_g3x_gen2_rounded-1024x837-1-150x123.png 150w\" sizes=\"(max-width: 1024px) 100vw, 1024px\" \/><\/a><\/figure>\n\n\n\n<h3 class=\"wp-block-heading\">Veiktsp\u0113ja<\/h3>\n\n\n\n<p>Pocket ACE pamat\u0101 ir Snapdragon G3x Gen 2 sp\u0113\u013cu platforma, kas nodro\u0161ina l\u012bdz pat 15 W ilgsto\u0161u veiktsp\u0113ju. \u0160is jaud\u012bgais procesors nodro\u0161ina vienm\u0113r\u012bgu retro sp\u0113\u013cu emul\u0101ciju un efekt\u012bvu moderno Android sp\u0113\u013cu apstr\u0101di. Ier\u012bce pied\u0101v\u0101 vair\u0101kus veiktsp\u0113jas re\u017e\u012bmus - taup\u012b\u0161anas, l\u012bdzsvara, sp\u0113\u013cu un maksim\u0101lo re\u017e\u012bmu -, kas \u013cauj lietot\u0101jiem optimiz\u0113t veiktsp\u0113ju atbilsto\u0161i sav\u0101m sp\u0113\u013cu vajadz\u012bb\u0101m.  <\/p>\n<\/div>\n\n\n\n<div class=\"wp-block-column is-layout-flow wp-block-column-is-layout-flow\">\n<figure class=\"wp-block-image size-full\"><a href=\"https:\/\/ayaneo.co\/wp-content\/uploads\/2025\/05\/AYANEO-POCKET-ACE-MARKETING-DONE-02-1024x837-1.jpg\"><img decoding=\"async\" width=\"1024\" height=\"837\" src=\"https:\/\/ayaneo.co\/wp-content\/uploads\/2025\/05\/AYANEO-POCKET-ACE-MARKETING-DONE-02-1024x837-1.jpg\" alt=\"Divas AYANEO Pocket ACE rokas sp&#x113;&#x13C;u konsoles blakus - viena balta ar sarkan&#x101;m pog&#x101;m ar uzrakstu &quot;Retro Power&quot; un otra melna ar tum&#x161;iem vad&#x12B;bas elementiem. Abas par&#x101;da kr&#x101;sainu sv&#x12B;trainu ekr&#x101;na grafiku, demonstr&#x113;jot da&#x17E;&#x101;das kr&#x101;su sh&#x113;mas. Apgaismotas ar siltiem un v&#x113;siem to&#x146;iem, lai izceltu aparat&#x16B;ras dizainu un plecu pogas.  \" class=\"wp-image-37463\" srcset=\"https:\/\/ayaneo.co\/wp-content\/uploads\/2025\/05\/AYANEO-POCKET-ACE-MARKETING-DONE-02-1024x837-1.jpg 1024w, https:\/\/ayaneo.co\/wp-content\/uploads\/2025\/05\/AYANEO-POCKET-ACE-MARKETING-DONE-02-1024x837-1-300x245.jpg 300w, https:\/\/ayaneo.co\/wp-content\/uploads\/2025\/05\/AYANEO-POCKET-ACE-MARKETING-DONE-02-1024x837-1-768x628.jpg 768w, https:\/\/ayaneo.co\/wp-content\/uploads\/2025\/05\/AYANEO-POCKET-ACE-MARKETING-DONE-02-1024x837-1-990x809.jpg 990w, https:\/\/ayaneo.co\/wp-content\/uploads\/2025\/05\/AYANEO-POCKET-ACE-MARKETING-DONE-02-1024x837-1-441x360.jpg 441w, https:\/\/ayaneo.co\/wp-content\/uploads\/2025\/05\/AYANEO-POCKET-ACE-MARKETING-DONE-02-1024x837-1-600x490.jpg 600w, https:\/\/ayaneo.co\/wp-content\/uploads\/2025\/05\/AYANEO-POCKET-ACE-MARKETING-DONE-02-1024x837-1-150x123.jpg 150w\" sizes=\"(max-width: 1024px) 100vw, 1024px\" \/><\/a><\/figure>\n\n\n\n<h3 class=\"wp-block-heading\">Vad\u012bbas ier\u012bces un ievadi<\/h3>\n\n\n\n<p>Pocket ACE ir apr\u012bkots ar daudzpus\u012bgu vad\u012bbas ier\u012b\u010du izk\u0101rtojumu, kas paredz\u0113ts da\u017e\u0101diem sp\u0113\u013cu \u017eanriem. Galven\u0101s funkcijas. <\/p>\n\n\n\n<ul class=\"wp-block-list\">\n<li>Vid\u0113ji prec\u012bzas ieejas prec\u012bzai ievades nodro\u0161in\u0101\u0161anai ar diviem analogajiem d\u017eojistikiem ar Hall-effect efektu<\/li>\n\n\n\n<li>Line\u0101rie Hala efekta palaid\u0113ji rea\u0123\u0113jo\u0161ai vad\u012bbai<\/li>\n\n\n\n<li>Retro stila D-pad, kas novietots aug\u0161pus\u0113, lai rad\u012btu klasisku sp\u0113\u013cu saj\u016btu.<\/li>\n\n\n\n<li>ABXY sejas pogas ar piel\u0101gojamiem izk\u0101rtojumiem<\/li>\n\n\n\n<li>Papildu pogas, tostarp Home, Turbo un emulatora \u012bsce\u013ci<\/li>\n<\/ul>\n<\/div>\n\n\n\n<div class=\"wp-block-column is-layout-flow wp-block-column-is-layout-flow\">\n<figure class=\"wp-block-image size-full\"><a href=\"https:\/\/ayaneo.co\/wp-content\/uploads\/2025\/05\/seamless_power_combination_rounded-1024x837-1.png\"><img loading=\"lazy\" decoding=\"async\" width=\"1024\" height=\"837\" src=\"https:\/\/ayaneo.co\/wp-content\/uploads\/2025\/05\/seamless_power_combination_rounded-1024x837-1.png\" alt=\"Infografika, kas populariz&#x113; portat&#x12B;v&#x101;s sp&#x113;&#x13C;u konsoles veiktsp&#x113;jas iez&#x12B;mes. Izceltas &#x161;&#x101;das funkcijas: LPDDR5X atmi&#x146;a ar &#x101;trumu 8533 Mb\/s, UFS 4.0 kr&#x101;tuve ar vair&#x101;k nek&#x101; 4000 MB\/s las&#x12B;&#x161;anas &#x101;trumu un atbalsts lielai atmi&#x146;as ietilp&#x12B;bai, lai taj&#x101; var&#x113;tu glab&#x101;t daudzas sp&#x113;les. Tr&#x12B;s pane&#x13C;i ilustr&#x113; atmi&#x146;u, kr&#x101;tuvi un sp&#x113;&#x13C;u bibliot&#x113;ku ar pikse&#x13C;u grafiku un sp&#x113;&#x13C;u v&#x101;ku s&#x12B;kt&#x113;liem.  \" class=\"wp-image-37464\" srcset=\"https:\/\/ayaneo.co\/wp-content\/uploads\/2025\/05\/seamless_power_combination_rounded-1024x837-1.png 1024w, https:\/\/ayaneo.co\/wp-content\/uploads\/2025\/05\/seamless_power_combination_rounded-1024x837-1-300x245.png 300w, https:\/\/ayaneo.co\/wp-content\/uploads\/2025\/05\/seamless_power_combination_rounded-1024x837-1-768x628.png 768w, https:\/\/ayaneo.co\/wp-content\/uploads\/2025\/05\/seamless_power_combination_rounded-1024x837-1-990x809.png 990w, https:\/\/ayaneo.co\/wp-content\/uploads\/2025\/05\/seamless_power_combination_rounded-1024x837-1-441x360.png 441w, https:\/\/ayaneo.co\/wp-content\/uploads\/2025\/05\/seamless_power_combination_rounded-1024x837-1-600x490.png 600w, https:\/\/ayaneo.co\/wp-content\/uploads\/2025\/05\/seamless_power_combination_rounded-1024x837-1-150x123.png 150w\" sizes=\"(max-width: 1024px) 100vw, 1024px\" \/><\/a><\/figure>\n\n\n\n<h3 class=\"wp-block-heading\">Uzglab\u0101\u0161ana un savienojam\u012bba<\/h3>\n\n\n\n<p>AYANEO Pocket ACE pied\u0101v\u0101 elast\u012bgas glab\u0101\u0161anas iesp\u0113jas, lai apmierin\u0101tu da\u017e\u0101das lietot\u0101ju vajadz\u012bbas.<\/p>\n\n\n\n<ul class=\"wp-block-list\">\n<li>8 GB RAM + 128 GB kr\u0101tuve<\/li>\n\n\n\n<li>12 GB RAM + 256 GB kr\u0101tuve<\/li>\n\n\n\n<li>16 GB RAM + 512 GB kr\u0101tuve<\/li>\n\n\n\n<li>16 GB RAM + 1 TB kr\u0101tuve<\/li>\n<\/ul>\n\n\n\n<p>Ir pieejams ar\u012b microSD kar\u0161u slots, lai \u0113rti papla\u0161in\u0101tu atmi\u0146as ietilp\u012bbu. Savienojam\u012bbas zi\u0146\u0101 ier\u012bc\u0113 ir \u0101trgaitas Wi-Fi, Bluetooth 5.3 un USB 3.2 Gen 2 Type-C ports, kas atbalsta 10 Gbps datu p\u0101rraidi un DP 1.4 video izeju. <\/p>\n<\/div>\n<\/div>\n\n<hr class=\"wp-block-separator has-alpha-channel-opacity\"\/>\n\n<div class=\"wp-block-columns is-layout-flex wp-container-core-columns-is-layout-28f84493 wp-block-columns-is-layout-flex\">\n<div class=\"wp-block-column is-layout-flow wp-block-column-is-layout-flow\">\n<figure class=\"wp-block-image size-full\"><a href=\"https:\/\/ayaneo.co\/wp-content\/uploads\/2025\/05\/ips_screen_rounded-1-1024x837-1.png\"><img loading=\"lazy\" decoding=\"async\" width=\"1024\" height=\"837\" src=\"https:\/\/ayaneo.co\/wp-content\/uploads\/2025\/05\/ips_screen_rounded-1-1024x837-1.png\" alt=\"Balt&#x101;s rokas sp&#x113;&#x13C;u konsoles (AYNNO Pocket ACE) rekl&#x101;mas grafika. Att&#x113;l&#x101; redzamas divas konsoles, kas peld uz spilgta fona ar zili dzeltenu gradientu. Uz konsoles ekr&#x101;na redzams kr&#x101;sains retro varav&#x12B;ksnes joslu dizains ar tekstu &quot;AYNNO Pocket ACE&quot;. Aug&#x161;pus&#x113; ir balts teksts: &quot;4,5&quot; IPS ori&#x123;in&#x101;ls kr&#x101;su ekr&#x101;ns ar izsmalcin&#x101;tiem att&#x113;liem, kas atdz&#x12B;vojas.   \" class=\"wp-image-37465\" style=\"object-fit:cover\" srcset=\"https:\/\/ayaneo.co\/wp-content\/uploads\/2025\/05\/ips_screen_rounded-1-1024x837-1.png 1024w, https:\/\/ayaneo.co\/wp-content\/uploads\/2025\/05\/ips_screen_rounded-1-1024x837-1-300x245.png 300w, https:\/\/ayaneo.co\/wp-content\/uploads\/2025\/05\/ips_screen_rounded-1-1024x837-1-768x628.png 768w, https:\/\/ayaneo.co\/wp-content\/uploads\/2025\/05\/ips_screen_rounded-1-1024x837-1-990x809.png 990w, https:\/\/ayaneo.co\/wp-content\/uploads\/2025\/05\/ips_screen_rounded-1-1024x837-1-441x360.png 441w, https:\/\/ayaneo.co\/wp-content\/uploads\/2025\/05\/ips_screen_rounded-1-1024x837-1-600x490.png 600w, https:\/\/ayaneo.co\/wp-content\/uploads\/2025\/05\/ips_screen_rounded-1-1024x837-1-150x123.png 150w\" sizes=\"(max-width: 1024px) 100vw, 1024px\" \/><\/a><\/figure>\n\n\n\n<h3 class=\"wp-block-heading\">Dizains un displejs<\/h3>\n\n\n\n<p>AYANEO Pocket ACE ir gl\u012bts un kompakts dizains, kas atg\u0101dina tradicion\u0101l\u0101s horizont\u0101l\u0101s rokas konsoles. T\u0101s 4,5 collu IPS displejs ar 1620 \u00d7 1080 pikse\u013cu iz\u0161\u0137irtsp\u0113ju un 3:2 malu attiec\u012bbu nodro\u0161ina spilgtas kr\u0101sas un asu vizu\u0101lo t\u0113lu, kas atdz\u012bvina gan retro, gan m\u016bsdienu sp\u0113les. Ier\u012bce ir pieejama tr\u012bs da\u017e\u0101d\u0101s kr\u0101s\u0101s.  <\/p>\n\n\n\n<ul class=\"wp-block-list\">\n<li>\u0112nu deja meln\u0101 kr\u0101s\u0101<\/li>\n\n\n\n<li>Gaismas asmens balts<\/li>\n\n\n\n<li>Retro Power (ierobe\u017eots izdevums)<\/li>\n<\/ul>\n\n\n\n<p>\u010cetrk\u0101rt izliekt\u0101s malas un uzlabotais UV p\u0101rkl\u0101jums nodro\u0161ina \u0113rtu satv\u0113rienu un augst\u0101k\u0101s kvalit\u0101tes saj\u016btu, lai ilgsto\u0161as sp\u0113\u013cu sesijas b\u016btu pat\u012bkamas.<\/p>\n<\/div>\n\n\n\n<div class=\"wp-block-column is-layout-flow wp-block-column-is-layout-flow\">\n<figure class=\"wp-block-image size-full\"><a href=\"https:\/\/ayaneo.co\/wp-content\/uploads\/2025\/05\/battery_6000mah_rounded-1024x837-1.png\"><img loading=\"lazy\" decoding=\"async\" width=\"1024\" height=\"837\" src=\"https:\/\/ayaneo.co\/wp-content\/uploads\/2025\/05\/battery_6000mah_rounded-1024x837-1.png\" alt=\"Rekl&#x101;mas grafika, kas izce&#x13C; akumulatora ietilp&#x12B;bu. Uz tum&#x161;a, melna un za&#x13C;a gradienta fona ir att&#x113;lota liela stiliz&#x113;ta akumulatora ikona ar zili-za&#x13C;u gradienta aizpild&#x12B;jumu. Zem ikonas ir skaidri redzams skaitlis &quot;6000 mAh&quot;. Aug&#x161;pus&#x113; ir &#x161;&#x101;ds balts teksts: &quot;6000 mAh liels akumulators, lai sp&#x113;l&#x113;tu jebkur&#x101; laik&#x101; un jebkur&#x101; viet&#x101;.&quot;   \" class=\"wp-image-37466\" srcset=\"https:\/\/ayaneo.co\/wp-content\/uploads\/2025\/05\/battery_6000mah_rounded-1024x837-1.png 1024w, https:\/\/ayaneo.co\/wp-content\/uploads\/2025\/05\/battery_6000mah_rounded-1024x837-1-300x245.png 300w, https:\/\/ayaneo.co\/wp-content\/uploads\/2025\/05\/battery_6000mah_rounded-1024x837-1-768x628.png 768w, https:\/\/ayaneo.co\/wp-content\/uploads\/2025\/05\/battery_6000mah_rounded-1024x837-1-990x809.png 990w, https:\/\/ayaneo.co\/wp-content\/uploads\/2025\/05\/battery_6000mah_rounded-1024x837-1-441x360.png 441w, https:\/\/ayaneo.co\/wp-content\/uploads\/2025\/05\/battery_6000mah_rounded-1024x837-1-600x490.png 600w, https:\/\/ayaneo.co\/wp-content\/uploads\/2025\/05\/battery_6000mah_rounded-1024x837-1-150x123.png 150w\" sizes=\"(max-width: 1024px) 100vw, 1024px\" \/><\/a><\/figure>\n\n\n\n<h3 class=\"wp-block-heading\">Akumulators un papildu funkcijas<\/h3>\n\n\n\n<p>Pocket ACE darbojas ar 6000 mAh akumulatoru, kas atbalsta 40 W PD \u0101tro uzl\u0101di, lai j\u016bs var\u0113tu sp\u0113l\u0113t ilg\u0101k. Citas iev\u0113r\u012bbas cien\u012bgas funkcijas. <\/p>\n\n\n\n<ul class=\"wp-block-list\">\n<li>0916B Line\u0101rais dzin\u0113js straujiem triecieniem, kas nodro\u0161ina visaptvero\u0161u haptisko atgriezenisko saiti<\/li>\n\n\n\n<li>Se\u0161u asu \u017eiroskops kust\u012bbu vad\u012bbai<\/li>\n\n\n\n<li>Uzlabota dzes\u0113\u0161anas sist\u0113ma ar \u012bpa\u0161i pl\u0101nu ventilatoru, siltuma izklied\u0113\u0161anas rib\u0101m un vara pl\u0101ksni.<\/li>\n\n\n\n<li>Iedarbin\u0101\u0161anas pog\u0101 integr\u0113ta pirkstu nospiedumu atpaz\u012b\u0161ana<\/li>\n<\/ul>\n\n\n\n<p>\u0160\u012bs funkcijas nodro\u0161ina optim\u0101lu veiktsp\u0113ju un uzlabotu sp\u0113\u013cu pieredzi.<\/p>\n<\/div>\n<\/div>\n\n<hr class=\"wp-block-separator has-alpha-channel-opacity\"\/>\n\n<h3 class=\"wp-block-heading\">Lietot\u0101ja pieredze un secin\u0101jumi<\/h3>\n\n<p>AYANEO Pocket ACE izce\u013cas k\u0101 augst\u0101k\u0101s klases rokas sp\u0113\u013cu ier\u012bce, kas atspogu\u013co klasisko retro sp\u0113\u013cu b\u016bt\u012bbu, vienlaikus nodro\u0161inot m\u016bsdienu tehnolo\u0123iju jaudu un daudzpus\u012bbu. T\u0101s kompaktais dizains, jaud\u012bg\u0101 veiktsp\u0113ja un piel\u0101gojam\u0101s vad\u012bbas ier\u012bces padara to par izcilu izv\u0113li tiem sp\u0113l\u0113t\u0101jiem, kas mekl\u0113 p\u0101rn\u0113s\u0101jamu un aizraujo\u0161u sp\u0113\u013cu pieredzi. <\/p>\n\n<p>P\u0101rbaudiet m\u016bsu p\u0101rskatu <a href=\"https:\/\/droix.net\/blogs\/ayaneo-pocket-ace-review\/\" target=\"_blank\" rel=\"noreferrer noopener nofollow\">\u0161eit.<\/a><\/p>\n\n<p><\/p>\n","protected":false},"excerpt":{"rendered":"<ul>\n<li>Procesors: Qualcomm<strong> G3x Gen 2<\/strong><\/li>\n<li>Displejs: 4,5&#8243; IPS<strong> sk\u0101rienj\u016bt\u012bgais ekr\u0101ns bez robe\u017e\u0101m<\/strong> <\/li>\n<li>Operat\u012bv\u0101 atmi\u0146a: L\u012bdz 16 GB<strong> LPDDR5X<\/strong> @ 8533 <strong>MT\/s<\/strong><\/li>\n<li>Uzglab\u0101\u0161ana: L\u012bdz<strong> 1 TB UFS<\/strong> 4.0<\/li>\n<li>Savienojam\u012bba: Wi-Fi<strong> 7 un<\/strong> Bluetooth <strong> 5.3<\/strong><\/li>\n<\/ul>\n<p><img loading=\"lazy\" decoding=\"async\" src=\"https:\/\/ayaneo.co\/wp-content\/uploads\/2025\/05\/acegifts2.jpg\" alt=\"Rekl\u0101mas baneris  \" free=\"\" gifts=\"\" that=\"\" are=\"\" added=\"\" to=\"\" cart=\"\" for=\"\" a=\"\" handheld=\"\" gaming=\"\" console.=\"\" the=\"\" text=\"\" is=\"\" in=\"\" large=\"\" dark=\"\" grey=\"\" font=\"\" on=\"\" light=\"\" background.=\"\" image=\"\" displays=\"\" grid=\"\" of=\"\" product=\"\" accessories=\"\" with=\"\" case=\"\" protector=\"\" and=\"\" caps=\"\" width=\"1000\" height=\"140\" class=\"alignnone size-full wp-image-30151\" labels:=\"\" srcset=\"https:\/\/ayaneo.co\/wp-content\/uploads\/2025\/05\/acegifts2.jpg 1000w, https:\/\/ayaneo.co\/wp-content\/uploads\/2025\/05\/acegifts2-300x42.jpg 300w, https:\/\/ayaneo.co\/wp-content\/uploads\/2025\/05\/acegifts2-768x108.jpg 768w, https:\/\/ayaneo.co\/wp-content\/uploads\/2025\/05\/acegifts2-990x139.jpg 990w, https:\/\/ayaneo.co\/wp-content\/uploads\/2025\/05\/acegifts2-441x62.jpg 441w, https:\/\/ayaneo.co\/wp-content\/uploads\/2025\/05\/acegifts2-600x84.jpg 600w, https:\/\/ayaneo.co\/wp-content\/uploads\/2025\/05\/acegifts2-150x21.jpg 150w\" sizes=\"(max-width: 1000px) 100vw, 1000px\" \/><\/p>\n[cg_accordion title=\"INFORM\u0100CIJA PAR MAKS\u0100JUMU\"]<\/p>\n<p>M\u0113s izmantojam jaun\u0101k\u0101s tehnolo\u0123ijas maks\u0101jumu apstr\u0101d\u0113, kas \u013cauj \u0101tri un dro\u0161i nor\u0113\u0137in\u0101ties, izmantojot Apple Pay, Google Pay, debetkarti\/kred\u012btkarti, PayPal vai BNPL metodes, piem\u0113ram, Klarna, Affirm vai AfterPay.[\/cg_accordion]\n[cg_accordion title=\"GARANTIJA\"]<\/p>\n<p>1 gada garantija no <a href=\"https:\/\/droix.net\/\" target=\"_blank\" rel=\"nofollow noopener\">DROIX Global, lai<\/a> j\u016bs b\u016btu mier\u0101.[\/cg_accordion]\n[cg_accordion title=\"KVALIT\u0100TES NODRO\u0160IN\u0100\u0160ANA UN PIRMSNOS\u016aT\u012a\u0160ANAS TEST\u0112\u0160ANA\"]<\/p>\n<p>Klientu apmierin\u0101t\u012bbas nodro\u0161in\u0101\u0161ana augst\u0101kaj\u0101 l\u012bmen\u012b: Katra ier\u012bce pirms nos\u016bt\u012b\u0161anas tiek r\u016bp\u012bgi test\u0113ta un p\u0101rbaud\u012bta vair\u0101kos kvalit\u0101tes nodro\u0161in\u0101\u0161anas punktos. M\u016bsu komanda p\u0101rbauda veiktsp\u0113ju, funkcionalit\u0101ti un komponentu integrit\u0101ti, lai garant\u0113tu, ka j\u016bsu AYANEO ier\u012bce p\u0113c sa\u0146em\u0161anas ir ide\u0101l\u0101 darba k\u0101rt\u012bb\u0101, sniedzot jums p\u0101rliec\u012bbu un mieru. [\/cg_accordion]\n[cg_accordion title=\"CENAS, NODOK\u013bI UN PIEG\u0100DE\"]<\/p>\n<p><strong><u>Piez\u012bme:<\/u><\/strong><\/p>\n<ul>\n<li>Amerikas Savienot\u0101s Valstis Klienti: Klientiem, kas ieg\u0101d\u0101jas preces, nor\u0101d\u012bt\u0101 cena neietver ne nodokli, ne nodevas. Atbild\u012bba par muito\u0161anu un saist\u012bto nodok\u013cu\/muitas nodok\u013cu nomaksu gulstas uz klientu pleciem. <\/li>\n<li>ES klienti: Atkar\u012bb\u0101 no j\u016bsu valsts, nor\u0101d\u012bt\u0101 cena ietver piem\u0113rojamo nodokli, kas var b\u016bt l\u012bdz 25%.<\/li>\n<li>Kan\u0101das klienti: Atkar\u012bb\u0101 no j\u016bsu provinces nor\u0101d\u012btaj\u0101 cen\u0101 ir iek\u013cauti piem\u0113rojamie nodok\u013ci, kas var ietvert 5% GST un papildu provinces p\u0101rdo\u0161anas nodokli (PST), saska\u0146oto p\u0101rdo\u0161anas nodokli (HST) vai Kvebekas p\u0101rdo\u0161anas nodokli (QST).<\/li>\n<\/ul>\n<p><strong>Tikai ES klientiem:<\/strong> Express DDP (pieg\u0101de ar samaks\u0101tu muitas nodokli). Tas noz\u012bm\u0113: <\/p>\n<ul>\n<li>Visas muitas nodevas un nodok\u013ci ir iek\u013cauti produkta lap\u0101 nor\u0101d\u012btaj\u0101 cen\u0101.<\/li>\n<li>Pieg\u0101des br\u012bd\u012b jums neb\u016bs j\u0101maks\u0101 papildu maksa.<\/li>\n<li>Retos gad\u012bjumos, kad rodas ar muitu saist\u012btas probl\u0113mas, m\u016bsu komanda j\u016bsu v\u0101rd\u0101 veiks muito\u0161anas procesu, lai nodro\u0161in\u0101tu netrauc\u0113tu pieg\u0101di.<\/li>\n<p>Svar\u012bga inform\u0101cija par atgrie\u0161anu:<\/p>\n<li>Ja nolemjat atgriezt pas\u016bt\u012bjumu vai piepras\u012bt atmaksu, l\u016bdzu, \u0146emiet v\u0113r\u0101, ka nodok\u013ci un nodevas, kas samaks\u0101ti j\u016bsu v\u0101rd\u0101 saska\u0146\u0101 ar DDP noteikumiem, nevar tikt atmaks\u0101ti.<\/li>\n<p>S\u012bk\u0101ku inform\u0101ciju skatiet m\u016bsu <a href=\"https:\/\/ayaneo.co\/terms-of-service-2\/\" target=\"_blank\" rel=\"nofollow noopener\">Noteikumos un nosac\u012bjumos<\/a>.\n<\/ul>\n<p>[\/cg_accordion]\n[cg_accordion title=\"KLIENTU ATBALSTS\"]<\/p>\n<p>Jums ir jaut\u0101jums? M\u0113s esam \u012bs\u0101 teksta att\u0101lum\u0101 no j\u016bsu jaut\u0101juma atrisin\u0101\u0161anas! [\/cg_accordion]\n[cg_accordion title=\"IEPAKOJUM\u0100 IETILPST\"]<\/p>\n<ul>\n<li>1x AYANEO Pocket ACE<\/li>\n<li>1x C tipa USB kabelis<\/li>\n<li>1x lietot\u0101ja rokasgr\u0101mata<\/li>\n<\/ul>\n<p>[\/cg_accordion]\n","protected":false},"featured_media":17370,"template":"","meta":{"_acf_changed":false},"product_brand":[],"product_cat":[1241],"product_tag":[],"class_list":{"0":"post-17345","1":"product","2":"type-product","3":"status-publish","4":"has-post-thumbnail","6":"product_cat-android-spelu-rokas-ierice","7":"product_shipping_class-premium","8":"pa_brand-ayaneo","9":"pa_graphics-gpu-model-adreno-a32","10":"pa_operating-system-android-13","11":"pa_processor-cpu-brand-qualcomm","13":"first","14":"outofstock","15":"taxable","16":"shipping-taxable","17":"purchasable","18":"product-type-variable","19":"has-default-attributes"},"acf":[],"_links":{"self":[{"href":"https:\/\/ayaneo.co\/lv\/wp-json\/wp\/v2\/product\/17345","targetHints":{"allow":["GET"]}}],"collection":[{"href":"https:\/\/ayaneo.co\/lv\/wp-json\/wp\/v2\/product"}],"about":[{"href":"https:\/\/ayaneo.co\/lv\/wp-json\/wp\/v2\/types\/product"}],"wp:featuredmedia":[{"embeddable":true,"href":"https:\/\/ayaneo.co\/lv\/wp-json\/wp\/v2\/media\/17370"}],"wp:attachment":[{"href":"https:\/\/ayaneo.co\/lv\/wp-json\/wp\/v2\/media?parent=17345"}],"wp:term":[{"taxonomy":"product_brand","embeddable":true,"href":"https:\/\/ayaneo.co\/lv\/wp-json\/wp\/v2\/product_brand?post=17345"},{"taxonomy":"product_cat","embeddable":true,"href":"https:\/\/ayaneo.co\/lv\/wp-json\/wp\/v2\/product_cat?post=17345"},{"taxonomy":"product_tag","embeddable":true,"href":"https:\/\/ayaneo.co\/lv\/wp-json\/wp\/v2\/product_tag?post=17345"}],"curies":[{"name":"wp","href":"https:\/\/api.w.org\/{rel}","templated":true}]}}