{"id":18635,"date":"2024-08-15T15:04:41","date_gmt":"2024-08-15T15:04:41","guid":{"rendered":"https:\/\/ayaneo.co\/product\/ayaneo-kabatas-dmg\/"},"modified":"2025-12-11T00:11:43","modified_gmt":"2025-12-11T00:11:43","slug":"ayaneo-pocket-dmg","status":"publish","type":"product","link":"https:\/\/ayaneo.co\/lv\/product\/ayaneo-pocket-dmg\/","title":{"rendered":"AYANEO Pocket DMG"},"content":{"rendered":"\n<figure class=\"wp-block-video\"><video controls=\"\" src=\"https:\/\/droix.net\/wp-content\/uploads\/2024\/08\/AYANEO-Pocket-DMG&#xFF1A;The-Pinnacle-of-Retro-Vertical-Handhelds.mp4\"><\/video><\/figure>\n\n<div class=\"wp-block-columns is-layout-flex wp-container-core-columns-is-layout-28f84493 wp-block-columns-is-layout-flex\">\n<div class=\"wp-block-column is-layout-flow wp-block-column-is-layout-flow\" style=\"flex-basis:33.33%\">\n<figure class=\"wp-block-image size-large\"><a href=\"https:\/\/droix.net\/wp-content\/uploads\/2024\/08\/AYANEO-POCKET-DMG-ARTIC-BLACK-DONE-01.png\" target=\"_blank\" rel=\"noopener\"><img decoding=\"async\" src=\"https:\/\/droix.net\/wp-content\/uploads\/2024\/08\/AYANEO-POCKET-DMG-ARTIC-BLACK-DONE-01-1024x1024.png\" alt=\"Priek&#x161;&#x113;jais skats uz AYANEO Pocket DMG Arctic Black kr&#x101;s&#x101;, kur&#x101; redzams t&#x101;s retro stila dizains ar 3,92 collu OLED displeju, D-pad, analogo joistiku un pog&#x101;m.\" class=\"wp-image-184226\"\/><\/a><\/figure>\n<\/div>\n\n\n\n<div class=\"wp-block-column is-layout-flow wp-block-column-is-layout-flow\" style=\"flex-basis:66.66%\">\n<h3 class=\"wp-block-heading\" id=\"h-experience-retro-gaming-like-never-before-with-the-ayaneo-pocket-dmg\">Izbaudiet retro sp\u0113les k\u0101 v\u0113l nekad ar AYANEO Pocket DMG<\/h3>\n\n\n\n<p><strong> AYANEO Pocket DMG<\/strong> ir revolucion\u0101ra <strong>rokas<\/strong> <strong>sp\u0113\u013cu<\/strong> ier\u012bce, kas meistar\u012bgi apvieno <strong>retro<\/strong> sp\u0113\u013cu nostal\u0123iju ar modern\u0101m m\u016bsdienu tehnolo\u0123ij\u0101m. Godinot ikonisko Game Boy, \u0161\u012b <strong>vertik\u0101l\u0101 rokas ier\u012bce<\/strong> nodro\u0161ina gan paz\u012bstamu est\u0113tiku, gan jaud\u012bgu veiktsp\u0113ju, padarot to par ide\u0101lu izv\u0113li gan <strong>retro sp\u0113\u013cu,<\/strong> gan moderno sp\u0113\u013cu cien\u012bt\u0101jiem. <\/p>\n<\/div>\n<\/div>\n\n<p><strong> AYANEO Pocket DMG<\/strong> ir revolucion\u0101ra <strong>rokas<\/strong> <strong>sp\u0113\u013cu<\/strong> ier\u012bce, kas meistar\u012bgi apvieno <strong>retro<\/strong> sp\u0113\u013cu nostal\u0123iju ar modern\u0101m m\u016bsdienu tehnolo\u0123ij\u0101m. Godinot ikonisko Game Boy, \u0161\u012b <strong>vertik\u0101l\u0101 rokas ier\u012bce<\/strong> nodro\u0161ina gan paz\u012bstamu est\u0113tiku, gan jaud\u012bgu veiktsp\u0113ju, padarot to par ide\u0101lu izv\u0113li gan <strong>retro sp\u0113\u013cu,<\/strong> gan moderno sp\u0113\u013cu cien\u012bt\u0101jiem. <\/p>\n\n<h3 class=\"wp-block-heading\" id=\"h-design-and-display\">Dizains un displejs<\/h3>\n\n<p><strong>AYANEO Pocket DMG<\/strong> izce\u013cas ar savu kompakto un nostal\u0123isko dizainu, kas atg\u0101dina klasisk\u0101s <strong>retro rokas<\/strong> konsoles. T\u0101s pievilc\u012bbas centr\u0101 ir 3,92 collu <strong>OLED displejs<\/strong> ar asu 1240&#215;1080 iz\u0161\u0137irtsp\u0113ju un pikse\u013cu bl\u012bvumu 419 PPI. \u0160is <strong>OLED ekr\u0101ns<\/strong> nodro\u0161ina spilgtas kr\u0101sas un skaidru att\u0113lu, ar satrieco\u0161u skaidr\u012bbu atdz\u012bvinot gan retro, gan m\u016bsdienu sp\u0113les. Ier\u012bce ir pieejama div\u0101s da\u017e\u0101d\u0101s kr\u0101s\u0101s:   <\/p>\n\n<ul class=\"wp-block-list\">\n<li>Arctic Black<\/li>\n\n\n\n<li>M\u0113ness balts<\/li>\n<\/ul>\n\n<div class=\"wp-block-columns is-layout-flex wp-container-core-columns-is-layout-28f84493 wp-block-columns-is-layout-flex\">\n<div class=\"wp-block-column is-layout-flow wp-block-column-is-layout-flow\">\n<figure class=\"wp-block-image size-large\"><a href=\"https:\/\/droix.net\/wp-content\/uploads\/2024\/08\/AYANEO-POCKET-DMG-MARKETING-DONE-14.jpg\" target=\"_blank\" rel=\"noopener\"><img decoding=\"async\" src=\"https:\/\/droix.net\/wp-content\/uploads\/2024\/08\/AYANEO-POCKET-DMG-MARKETING-DONE-14-1024x1024.jpg\" alt=\"AYANEO Pocket DMG rekl&#x101;mas att&#x113;ls ar Snapdragon G3x Gen 2 sp&#x113;&#x13C;u platformu. Taj&#x101; uzsv&#x113;rts, ka t&#x101; ir pirm&#x101; vertik&#x101;l&#x101; rokas ier&#x12B;ce ar &#x161;o procesoru, demonstr&#x113;jot t&#x101; 1+4+3 Octa-Core arhitekt&#x16B;ru ar Kryo Prime Ultra kodoliem ar frekvenci 3,36 GHz, Adreno A32 GPU ar frekvenci 816 Hz un 15 W veiktsp&#x113;jas atbr&#x12B;vo&#x161;anu. \" class=\"wp-image-184229\"\/><\/a><\/figure>\n\n\n\n<h3 class=\"wp-block-heading\" id=\"h-performance\">Veiktsp\u0113ja<\/h3>\n\n\n\n<p><strong>Pocket DMG<\/strong> pamat\u0101 ir <strong>Snapdragon G3x Gen 2<\/strong> procesors - jaud\u012bgs procesors, kas \u012bpa\u0161i piel\u0101gots <strong>portat\u012bvaj\u0101m<\/strong> <strong>sp\u0113l\u0113m<\/strong>. \u0160is <strong>procesors<\/strong> nodro\u0161ina nevainojamu retro sp\u0113\u013cu emul\u0101ciju un vienm\u0113r\u012bgu moderno mobilo sp\u0113\u013cu darb\u012bbu. Ier\u012bce darbojas ar Android 13, un t\u0101 nodro\u0161ina piek\u013cuvi pla\u0161ai lietot\u0146u un emulatoru ekosist\u0113mai, padarot to par daudzpus\u012bgu platformu vis\u0101m j\u016bsu <strong>sp\u0113\u013cu<\/strong> vajadz\u012bb\u0101m.  <\/p>\n<\/div>\n\n\n\n<div class=\"wp-block-column is-layout-flow wp-block-column-is-layout-flow\">\n<figure class=\"wp-block-image size-large\"><a href=\"https:\/\/droix.net\/wp-content\/uploads\/2024\/08\/AYANEO-POCKET-DMG-MARKETING-DONE-19.jpg\" target=\"_blank\" rel=\"noopener\"><img decoding=\"async\" src=\"https:\/\/droix.net\/wp-content\/uploads\/2024\/08\/AYANEO-POCKET-DMG-MARKETING-DONE-19-1024x1024.jpg\" alt=\"Infografika, kur&#x101; par&#x101;d&#x12B;tas vair&#x101;kas AYANEO Pocket DMG funkcijas, kas sal&#x12B;dzin&#x101;mas ar profesion&#x101;liem kontrolieriem. Funkcijas ietver augstas precizit&#x101;tes d&#x17E;ojistiku, regul&#x113;jamu jut&#x12B;bu, nulles ener&#x123;ijas gaid&#x12B;&#x161;anas re&#x17E;&#x12B;mu, &#x17E;iroskopa atbalst&#x12B;tu m&#x113;r&#x137;&#x113;&#x161;anu, pogas burst funkciju, A-B-X-Y tausti&#x146;u v&#x113;rt&#x12B;bu mai&#x146;u un regul&#x113;jamu motora vibr&#x101;cijas intensit&#x101;ti. Zem&#x101;k roka tur balto ier&#x12B;ci, uz kuras redzams kr&#x101;sains sp&#x113;les ekr&#x101;ns.  \" class=\"wp-image-184232\"\/><\/a><\/figure>\n\n\n\n<h3 class=\"wp-block-heading\" id=\"h-controls-and-inputs\">Vad\u012bbas ier\u012bces un ievadi<\/h3>\n\n\n\n<p><strong>Pocket DMG<\/strong> pied\u0101v\u0101 daudzpus\u012bgu un novatorisku vad\u012bbas ier\u012b\u010du izk\u0101rtojumu, kas piem\u0113rots da\u017e\u0101diem <strong>sp\u0113\u013cu<\/strong> \u017eanriem. Galven\u0101s funkcijas: <\/p>\n\n\n\n<ul class=\"wp-block-list\">\n<li>Tradicion\u0101lais D-pad, kas nodro\u0161ina prec\u012bzu virziena ievadi<\/li>\n\n\n\n<li>ABXY sejas pogas klasisk\u0101m <strong>sp\u0113l\u0113m<\/strong><\/li>\n\n\n\n<li>Viens analogais <strong>d\u017eojistiks<\/strong>, kas uzlabots ar Hall Effect tehnolo\u0123iju precizit\u0101tei un iztur\u012bbai.<\/li>\n\n\n\n<li>Inovat\u012bvs <strong>sk\u0101rienpaliktnis<\/strong>, kas darbojas k\u0101 otra analog\u0101 ievade<\/li>\n\n\n\n<li>Plecu pogas papildu vad\u012bbas iesp\u0113j\u0101m<\/li>\n<\/ul>\n\n\n\n<p>\u0160\u0101da vad\u012bbas ier\u012b\u010du kombin\u0101cija nodro\u0161ina, ka ar <strong>kabatas DMG<\/strong> var viegli darboties ar vis\u0101m sp\u0113l\u0113m, s\u0101kot ar retro platform\u0101m un beidzot ar m\u016bsdien\u012bg\u0101m asa si\u017eeta sp\u0113l\u0113m.<\/p>\n<\/div>\n\n\n\n<div class=\"wp-block-column is-layout-flow wp-block-column-is-layout-flow\">\n<figure class=\"wp-block-image size-large\"><a href=\"https:\/\/droix.net\/wp-content\/uploads\/2024\/08\/AYANEO-POCKET-DMG-MARKETING-DONE-16.jpg\" target=\"_blank\" rel=\"noopener\"><img decoding=\"async\" src=\"https:\/\/droix.net\/wp-content\/uploads\/2024\/08\/AYANEO-POCKET-DMG-MARKETING-DONE-16-1024x1024.jpg\" alt=\"Infografika, kur&#x101; detaliz&#x113;ti aprakst&#x12B;ta AYANEO Pocket DMG &#x201C;bez&#x161;uvju jaudas kombin&#x101;cija&#x201D;, uzsverot t&#x101; &#x101;trdarb&#x12B;go atmi&#x146;u (LPDDR5X ar 8533 Mb\/s &#x101;trumu), &#x101;tro atmi&#x146;u (UFS 4.0 ar vair&#x101;k nek&#x101; 4000 MB\/s las&#x12B;&#x161;anas &#x101;trumu) un lielo ietilp&#x12B;bu sp&#x113;&#x13C;u un lietot&#x146;u glab&#x101;&#x161;anai. Taj&#x101; min&#x113;tas l&#x12B;dz 16 GB RAM un 1 TB atmi&#x146;as iesp&#x113;jas. \" class=\"wp-image-184230\"\/><\/a><\/figure>\n\n\n\n<h3 class=\"wp-block-heading\" id=\"h-storage-and-connectivity\">Uzglab\u0101\u0161ana un savienojam\u012bba<\/h3>\n\n\n\n<p><strong>AYANEO Pocket DMG<\/strong> nodro\u0161ina elast\u012bgus glab\u0101\u0161anas risin\u0101jumus, lai apmierin\u0101tu da\u017e\u0101du <strong>portat\u012bvo<\/strong> <strong>sp\u0113\u013cu<\/strong> entuziastu vajadz\u012bbas:<\/p>\n\n\n\n<ul class=\"wp-block-list\">\n<li>8 GB RAM + 128 GB kr\u0101tuve<\/li>\n<\/ul>\n\n\n\n<p>Turkl\u0101t microSD kar\u0161u slots \u013cauj viegli papla\u0161in\u0101t atmi\u0146as ietilp\u012bbu. Savienojam\u012bbas zi\u0146\u0101 ier\u012bc\u0113 ir: <\/p>\n\n\n\n<ul class=\"wp-block-list\">\n<li>Wi-Fi un Bluetooth 5.3 bezvadu sazi\u0146ai<\/li>\n\n\n\n<li>USB-C ports uzl\u0101dei un piederumu piesl\u0113g\u0161anai<\/li>\n<\/ul>\n<\/div>\n<\/div>\n\n<h3 class=\"wp-block-heading\" id=\"h-battery-and-additional-features\">Akumulators un papildu funkcijas<\/h3>\n\n<p><strong>Pocket DMG<\/strong> darbojas ar 6000 mAh akumulatoru, kas atbalsta 25 W PD \u0101tro uzl\u0101di, lai j\u016bs var\u0113tu sp\u0113l\u0113t ilg\u0101k. Citas iev\u0113r\u012bbas cien\u012bgas funkcijas: <\/p>\n\n<figure class=\"wp-block-image size-large\"><a href=\"https:\/\/droix.net\/wp-content\/uploads\/2024\/08\/AYANEO-POCKET-DMG-MARKETING-DONE-18.jpg\" target=\"_blank\" rel=\"noopener\"><img decoding=\"async\" src=\"https:\/\/droix.net\/wp-content\/uploads\/2024\/08\/AYANEO-POCKET-DMG-MARKETING-DONE-18-1024x1024.jpg\" alt=\"M&#x101;rketinga att&#x113;ls, kur&#x101; demonstr&#x113;ta AYANEO Pocket DMG 6000 mAh baterija, uzsverot akumulatora ilg&#x101;ku darb&#x12B;bas laiku un PD &#x101;tr&#x101;s uzl&#x101;des atbalstu. Apak&#x161;&#x113;j&#x101; da&#x13C;&#x101; ir par&#x101;d&#x12B;ts Hall Medium d&#x17E;oistiks, uzsverot t&#x101; precizit&#x101;ti, iztur&#x12B;bu (5 miljoni lieto&#x161;anas rei&#x17E;u) un uzlabotas vad&#x12B;bas funkcijas. \" class=\"wp-image-184231\"\/><\/a><\/figure>\n\n<ul class=\"wp-block-list\">\n<li>Se\u0161u asu \u017eiroskops kust\u012bbu vad\u012bbai<\/li>\n\n\n\n<li>Akt\u012bv\u0101 dzes\u0113\u0161anas sist\u0113ma ar ieb\u016bv\u0113tu ventilatoru, kas nodro\u0161ina optim\u0101lu veiktsp\u0113ju.<\/li>\n\n\n\n<li>Kompakts somi\u0146a \u0113rt\u0101kai p\u0101rn\u0113s\u0101\u0161anai<\/li>\n<\/ul>\n\n<h3 class=\"wp-block-heading\" id=\"h-user-experience-and-conclusion\">Lietot\u0101ja pieredze un secin\u0101jumi<\/h3>\n\n<p><strong>AYANEO Pocket DMG<\/strong> ir izcila izv\u0113le <strong>retro sp\u0113\u013cu<\/strong> entuziastiem un kolekcion\u0101riem, kuri v\u0113las ieg\u0101d\u0101ties ier\u012bci, kas atspogu\u013co klasisko <strong>retro rokas<\/strong> sp\u0113\u013cu b\u016bt\u012bbu, vienlaikus pied\u0101v\u0101jot m\u016bsdienu tehnolo\u0123iju jaudu un daudzpus\u012bbu. Neatkar\u012bgi no t\u0101, vai j\u016bs izdz\u012bvojat klasisk\u0101s sp\u0113les vai iepaz\u012bstat jaunas, \u0161\u012b <strong>rokas ier\u012bce<\/strong> nodro\u0161ina aizraujo\u0161u un pat\u012bkamu <strong>sp\u0113l\u0113\u0161anas<\/strong> pieredzi. <\/p>\n","protected":false},"excerpt":{"rendered":"<ul>\n<li>Procesors: Qualcomm <strong>Snapdragon G3x Gen 2<\/strong><\/li>\n<li>Displejs: <strong>3,92 collu OLED<\/strong>, 1240&#215;1080 iz\u0161\u0137irtsp\u0113ja.<\/li>\n<li>Operat\u012bv\u0101 atmi\u0146a: <strong>8 GB<\/strong> LPDDR5X @ <strong>8533 MT\/s<\/strong><\/li>\n<li>Uzglab\u0101\u0161ana: <strong>128 GB<\/strong> UFS 3.1<\/li>\n<li>Savienojam\u012bba: Wi-Fi <strong>6<\/strong> un Bluetooth <strong>5.3<\/strong><\/li>\n<\/ul>\n<p><img fetchpriority=\"high\" decoding=\"async\" src=\"https:\/\/ayaneo.co\/wp-content\/uploads\/2024\/08\/DMG-FREEBIES1.jpg\" alt=\"Rekl\u0101mas att\u0113l\u0101 ar gai\u0161i pel\u0113ku fonu ir nor\u0101d\u012bts  \" free=\"\" gifts=\"\" in=\"\" large=\"\" dark=\"\" gray=\"\" letters=\"\" at=\"\" the=\"\" top.=\"\" below=\"\" this=\"\" smaller=\"\" text=\"\" it=\"\" lists=\"\" case=\"\" and=\"\" caps=\"\" followed=\"\" by=\"\" added=\"\" to=\"\" cart=\"\" a=\"\" slightly=\"\" larger=\"\" font.=\"\" right=\"\" there=\"\" are=\"\" two=\"\" product=\"\" square=\"\" white=\"\" rainbow-colored=\"\" package=\"\" containing=\"\" four=\"\" black=\"\" thumbstick=\"\" mesh=\"\" protective=\"\" identical=\"\" one=\"\" previous=\"\" image=\"\" with=\"\" logo=\"\" bottom.=\"\" width=\"550\" height=\"140\" class=\"alignnone size-full wp-image-25170\" images:=\"\" srcset=\"https:\/\/ayaneo.co\/wp-content\/uploads\/2024\/08\/DMG-FREEBIES1.jpg 550w, https:\/\/ayaneo.co\/wp-content\/uploads\/2024\/08\/DMG-FREEBIES1-300x76.jpg 300w, https:\/\/ayaneo.co\/wp-content\/uploads\/2024\/08\/DMG-FREEBIES1-441x112.jpg 441w, https:\/\/ayaneo.co\/wp-content\/uploads\/2024\/08\/DMG-FREEBIES1-150x38.jpg 150w\" sizes=\"(max-width: 550px) 100vw, 550px\" \/><\/p>\n[cg_accordion title=\"INFORM\u0100CIJA PAR MAKS\u0100JUMU\"] <\/p>\n<p>M\u0113s izmantojam jaun\u0101k\u0101s tehnolo\u0123ijas maks\u0101jumu apstr\u0101d\u0113, kas \u013cauj \u0101tri un dro\u0161i nor\u0113\u0137in\u0101ties, izmantojot Apple Pay, Google Pay, debetkarti\/kred\u012btkarti, PayPal vai BNPL metodes, piem\u0113ram, Klarna, Affirm vai AfterPay.[\/cg_accordion]\n[cg_accordion title=\"GARANTIJA\"] <\/p>\n<p>1 gada garantija no <a href=\"https:\/\/droix.net\/\" target=\"_blank\" rel=\"nofollow noopener\">DROIX Global<\/a>, lai j\u016bs b\u016btu mier\u012bgs.[\/cg_accordion]\n[cg_accordion title=\"CENAS, NODOK\u013bI UN PIEG\u0100DE\"] <\/p>\n<p><strong><u>Piez\u012bme:<\/u><\/strong><\/p>\n<ul>\n<li>Amerikas Savienot\u0101s Valstis Klienti: Klientiem, kas ieg\u0101d\u0101jas preces, nor\u0101d\u012bt\u0101 cena neietver ne nodokli, ne nodevas. Atbild\u012bba par muito\u0161anu un saist\u012bto nodok\u013cu\/muitas nodok\u013cu nomaksu gulstas uz klienta pleciem. <\/li>\n<li>ES klienti: Atkar\u012bb\u0101 no j\u016bsu valsts, nor\u0101d\u012bt\u0101 cena ietver piem\u0113rojamo nodokli, kas var b\u016bt l\u012bdz 25%.<\/li>\n<li>Kan\u0101das klienti: Atkar\u012bb\u0101 no j\u016bsu provinces nor\u0101d\u012btaj\u0101 cen\u0101 ir iek\u013cauti piem\u0113rojamie nodok\u013ci, kas var ietvert 5% GST un papildu provinces p\u0101rdo\u0161anas nodokli (PST), saska\u0146oto p\u0101rdo\u0161anas nodokli (HST) vai Kvebekas p\u0101rdo\u0161anas nodokli (QST).<\/li>\n<\/ul>\n<p><strong>Tikai ES klientiem:<\/strong> Express DDP (pieg\u0101de ar samaks\u0101tu muitas nodokli). Tas noz\u012bm\u0113: <\/p>\n<ul>\n<li>Visas muitas nodevas un nodok\u013ci ir iek\u013cauti produkta lap\u0101 nor\u0101d\u012btaj\u0101 cen\u0101.<\/li>\n<li>Pieg\u0101des br\u012bd\u012b jums neb\u016bs j\u0101maks\u0101 papildu maksa.<\/li>\n<li>Retos gad\u012bjumos, kad rodas ar muitu saist\u012btas probl\u0113mas, m\u016bsu komanda j\u016bsu v\u0101rd\u0101 veiks muito\u0161anas procesu, lai nodro\u0161in\u0101tu netrauc\u0113tu pieg\u0101di.<\/li>\n<p>Svar\u012bga inform\u0101cija par atgrie\u0161anu:<\/p>\n<li>Ja nolemjat atgriezt pas\u016bt\u012bjumu vai piepras\u012bt atmaksu, l\u016bdzu, \u0146emiet v\u0113r\u0101, ka nodok\u013ci un nodevas, kas samaks\u0101ti j\u016bsu v\u0101rd\u0101 saska\u0146\u0101 ar DDP noteikumiem, nevar tikt atmaks\u0101ti.<\/li>\n<p>L\u016bdzu, skatiet m\u016bsu<\/ul>\n<\/li>\n<\/ul>\n<p><a href=\"https:\/\/ayaneo.co\/lv\/pakalpojumu-sniegsanas-noteikumi\/\" target=\"_blank\" rel=\"nofollow noopener\">Noteikumi un nosac\u012bjumi<\/a><\/p>\n<ul>s\u012bk\u0101ku inform\u0101ciju.<\/ul>\n<p>[\/cg_accordion]\n[cg_accordion title=\"KLIENTU ATBALSTS\"] <\/p>\n<p>Jums ir jaut\u0101jums? M\u0113s esam \u012bs\u0101 teksta att\u0101lum\u0101 no j\u016bsu jaut\u0101juma atrisin\u0101\u0161anas!   [\/cg_accordion]\n[cg_accordion title=\"Komplekt\u0101 ietilpst\"]<\/p>\n<ul>\n<li>1x AYANEO Kabatas DMG<\/li>\n<li>1x C tipa USB kabelis<\/li>\n<li>1x lietot\u0101ja rokasgr\u0101mata<\/li>\n<\/ul>\n<p>[\/cg_accordion]\n","protected":false},"featured_media":18656,"template":"","meta":{"_acf_changed":false},"product_brand":[],"product_cat":[1241],"product_tag":[],"class_list":{"0":"post-18635","1":"product","2":"type-product","3":"status-publish","4":"has-post-thumbnail","6":"product_cat-android-spelu-rokas-ierice","7":"product_shipping_class-standard","8":"pa_brand-ayaneo","10":"first","11":"instock","12":"taxable","13":"shipping-taxable","14":"purchasable","15":"product-type-variable","16":"has-default-attributes"},"acf":[],"_links":{"self":[{"href":"https:\/\/ayaneo.co\/lv\/wp-json\/wp\/v2\/product\/18635","targetHints":{"allow":["GET"]}}],"collection":[{"href":"https:\/\/ayaneo.co\/lv\/wp-json\/wp\/v2\/product"}],"about":[{"href":"https:\/\/ayaneo.co\/lv\/wp-json\/wp\/v2\/types\/product"}],"wp:featuredmedia":[{"embeddable":true,"href":"https:\/\/ayaneo.co\/lv\/wp-json\/wp\/v2\/media\/18656"}],"wp:attachment":[{"href":"https:\/\/ayaneo.co\/lv\/wp-json\/wp\/v2\/media?parent=18635"}],"wp:term":[{"taxonomy":"product_brand","embeddable":true,"href":"https:\/\/ayaneo.co\/lv\/wp-json\/wp\/v2\/product_brand?post=18635"},{"taxonomy":"product_cat","embeddable":true,"href":"https:\/\/ayaneo.co\/lv\/wp-json\/wp\/v2\/product_cat?post=18635"},{"taxonomy":"product_tag","embeddable":true,"href":"https:\/\/ayaneo.co\/lv\/wp-json\/wp\/v2\/product_tag?post=18635"}],"curies":[{"name":"wp","href":"https:\/\/api.w.org\/{rel}","templated":true}]}}