{"id":18986,"date":"2024-08-02T09:33:01","date_gmt":"2024-08-02T09:33:01","guid":{"rendered":"https:\/\/ayaneo.co\/product\/ayaneo-pocket-s\/"},"modified":"2026-01-30T00:55:13","modified_gmt":"2026-01-30T00:55:13","slug":"ayaneo-pocket-s","status":"publish","type":"product","link":"https:\/\/ayaneo.co\/lv\/product\/ayaneo-pocket-s\/","title":{"rendered":"AYANEO Pocket S"},"content":{"rendered":"\n<h3 class=\"wp-block-heading\" id=\"h-ayaneo-pocket-s-the-ultimate-retro-gaming-handheld\"><strong>AYANEO Pocket S: Gal\u012bgais retro sp\u0113\u013cu rokas pults<\/strong><\/h3>\n\n<h3 class=\"wp-block-heading\" id=\"h-introduction\">Ievads<\/h3>\n\n<p>AYANEO Pocket S ir revolucion\u0101rs sasniegums retro sp\u0113\u013cu cien\u012bt\u0101jiem dinamiskaj\u0101 sp\u0113\u013cu pasaul\u0113. \u0160\u012b ier\u012bce nav tikai sp\u0113\u013cu konsole, t\u0101 ir sv\u0113tki nozares evol\u016bcijai, nevainojami apvienojot nostal\u0123iju un modern\u0101k\u0101s tehnolo\u0123ijas. AYANEO Pocket S izce\u013cas k\u0101 in\u017eeniertehnisks br\u012bnums, pied\u0101v\u0101jot izcilu p\u0101rn\u0113s\u0101jam\u012bbu, jaud\u012bgu veiktsp\u0113ju un unik\u0101lu dizainu, kas to at\u0161\u0137ir no visa p\u0101r\u0113j\u0101. T\u0101 ir paredz\u0113ta sp\u0113l\u0113t\u0101jiem, kuri ciena klasiskos sp\u0113les titulus, bet alkst m\u016bsdien\u012bgu iesp\u0113ju, mainot p\u0101rn\u0113s\u0101jamo sp\u0113\u013cu robe\u017eas.   <\/p>\n\n<h3 class=\"wp-block-heading\" id=\"h-product-overview\">Produkta p\u0101rskats<\/h3>\n\n<p>AYANEO Pocket S ir p\u0101rn\u0113s\u0101jamo sp\u0113\u013cu inov\u0101ciju simbols. To darbina Snapdragon G3x Gen 2 sp\u0113\u013cu platforma, kas nodro\u0161ina augstu veiktsp\u0113ju un zemu ener\u0123ijas pat\u0113ri\u0146u. T\u0101 iespaid\u012bgais 6\u2033 1080P vai 1440P IPS sk\u0101rienj\u016bt\u012bgais bezr\u0101mju spogu\u013cekr\u0101ns ar iespaid\u012bgu iz\u0161\u0137irtsp\u0113ju atdz\u012bvina iem\u012b\u013cotu klasiku ar iev\u0113rojamu skaidr\u012bbu.  <\/p>\n\n<p>Ier\u012bce ir izstr\u0101d\u0101ta, lai nodro\u0161in\u0101tu komfortu, un taj\u0101 ir RGB Hall sensora d\u017eojsti\u0137i, line\u0101rie Hall trigeri un vad\u0101m\u0101s gumijas pogas, kas nodro\u0161ina vienm\u0113r\u012bg\u0101ku un \u0101tr\u0101ku reakciju sp\u0113l\u0113s. \u0160\u012b rokas ier\u012bce nav paredz\u0113ta tikai sp\u0113l\u0113m; t\u0101s daudzpus\u012bg\u0101 konstrukcija, pateicoties t\u0101s p\u0101rn\u0113s\u0101jamajam un iztur\u012bgajam korpusam, ir ide\u0101li piem\u0113rota multivides lieto\u0161anai m\u0101j\u0101s vai ce\u013cojum\u0101. <\/p>\n\n<h3 class=\"wp-block-heading\" id=\"h-detailed-features\">Detaliz\u0113tas funkcijas<\/h3>\n\n<p><strong>Veiktsp\u0113ja:<\/strong> AYANEO Pocket S pamat\u0101 ir 8 kodolu Kyro CPU un Adreno A32 GPU, kas optimiz\u0113ti izcilai veiktsp\u0113jai, vienlaikus saglab\u0101jot pietic\u012bgu 15 W pat\u0113ri\u0146u TDP. Tas nodro\u0161ina ilgsto\u0161as sp\u0113\u013cu sesijas bez p\u0101rkar\u0161anas vai p\u0101rm\u0113r\u012bgas akumulatora izl\u0101des. Aparat\u016bra ir piel\u0101gota klasisko sp\u0113\u013cu vienm\u0113r\u012bgai darb\u012bbai, nodro\u0161inot, ka katra darb\u012bba ir tikpat atsauc\u012bga k\u0101 ori\u0123in\u0101laj\u0101s konsol\u0113s.  <\/p>\n\n<p><strong>Atmi\u0146a un glab\u0101\u0161ana:<\/strong> Ar l\u012bdz 16 GB LPDDR5x RAM, AYANEO Pocket S pied\u0101v\u0101 pietiekami daudz atmi\u0146as daudzuzdevumu veik\u0161anai un vienm\u0113r\u012bgai visu sp\u0113\u013cu un lietojumprogrammu darb\u012bbai. Ier\u012bce pied\u0101v\u0101 l\u012bdz 1 TB UFS 4.0 (UFS 3.1 128 GB versijai) atmi\u0146as, kas \u013cauj sp\u0113l\u0113t\u0101jiem n\u0113s\u0101t l\u012bdzi pla\u0161u klasisko sp\u0113\u013cu bibliot\u0113ku, neuztraucoties par iel\u0101des laiku vai atmi\u0146as vietu. <\/p>\n\n<h3 class=\"wp-block-heading\" id=\"h-user-experience\">Lietot\u0101ja pieredze<\/h3>\n\n<p>AYANEO Pocket S , kur\u0101 darbojas piel\u0101gota Android oper\u0113t\u0101jsist\u0113ma, kas piel\u0101gota sp\u0113l\u0113m, atbalsta pla\u0161u 8 bitu un 16 bitu laikmeta sist\u0113mu kl\u0101stu, nodro\u0161inot savietojam\u012bbu ar t\u016bksto\u0161iem klasisko sp\u0113\u013cu. T\u0101s Wi-Fi 7 un Bluetooth 5.3 savienojam\u012bbas iesp\u0113jas atvieglo vair\u0101ku sp\u0113l\u0113t\u0101ju sp\u0113l\u0113\u0161anu, \u013caujot jums sazin\u0101ties ar draugiem un citiem sp\u0113l\u0113t\u0101jiem vis\u0101 pasaul\u0113. AYA SPACE programmat\u016bra uzlabo pieredzi ar intuit\u012bvu interfeisu sp\u0113\u013cu p\u0101rl\u016bko\u0161anai un sist\u0113mas p\u0101rvald\u012bbai.  <\/p>\n\n<h3 class=\"wp-block-heading\" id=\"h-conclusion\">Secin\u0101jums<\/h3>\n\n<p>AYANEO Pocket S ir kas vair\u0101k nek\u0101 tikai v\u0113l viena retro sp\u0113\u013cu rokas ier\u012bce; t\u0101 ir visaptvero\u0161a izklaides sist\u0113ma, kas apvieno nostal\u0123iskas sp\u0113les ar m\u016bsdien\u012bg\u0101m tehnolo\u0123ij\u0101m. Ar savu sp\u0113c\u012bgo veiktsp\u0113ju, inovat\u012bvo dizainu un uzsvaru uz lietot\u0101ja pieredzi \u0161\u012b ier\u012bce ir vado\u0161\u0101 p\u0101rn\u0113s\u0101jamo sp\u0113\u013cu tirg\u016b, aicinot gan pieredz\u0113ju\u0161us sp\u0113l\u0113t\u0101jus, gan jaunpien\u0101c\u0113jus iepaz\u012bt bag\u0101to videosp\u0113\u013cu v\u0113sturi jaun\u0101 gaism\u0101. <\/p>\n\n<p>Nepalaidiet gar\u0101m iesp\u0113ju ieg\u016bt sav\u0101 \u012bpa\u0161um\u0101 m\u016bsdienu laikmetam p\u0101rveidotu sp\u0113\u013cu v\u0113stures da\u013cu. Pas\u016btiet savu AYANEO Pocket S jau \u0161odien, lai b\u016btu vieni no pirmajiem, kas izbaud\u012bs retro sp\u0113\u013cu rokas sp\u0113\u013cu virsotni. T\u0101 k\u0101 pieejam\u012bba ir ierobe\u017eota, \u0161o iesp\u0113ju nedr\u012bkst palaist gar\u0101m. Apg\u016bsti izklaides n\u0101kotni ar AYANEO Pocket S .   <\/p>\n\n<figure class=\"wp-block-image\"><a href=\"https:\/\/droix.net\/wp-content\/uploads\/2024\/05\/AYANEO-POCKET-S-MARKETING-DONE-01.jpg\" target=\"_blank\" rel=\"noopener\"><img decoding=\"async\" src=\"https:\/\/droix.net\/wp-content\/uploads\/2024\/05\/AYANEO-POCKET-S-MARKETING-DONE-01.jpg\" alt=\"AYANEO Pocket S M&#x101;rketings\" class=\"wp-image-178865\"\/><\/a><\/figure>\n\n<figure class=\"wp-block-image\"><a href=\"https:\/\/droix.net\/wp-content\/uploads\/2024\/05\/AYANEO-POCKET-S-MARKETING-DONE-02.jpg\" target=\"_blank\" rel=\"noopener\"><img decoding=\"async\" src=\"https:\/\/droix.net\/wp-content\/uploads\/2024\/05\/AYANEO-POCKET-S-MARKETING-DONE-02.jpg\" alt=\"AYANEO Pocket S M&#x101;rketings\" class=\"wp-image-178866\"\/><\/a><\/figure>\n\n<figure class=\"wp-block-image\"><a href=\"https:\/\/droix.net\/wp-content\/uploads\/2024\/05\/AYANEO-POCKET-S-MARKETING-DONE-03.jpg\" target=\"_blank\" rel=\"noopener\"><img decoding=\"async\" src=\"https:\/\/droix.net\/wp-content\/uploads\/2024\/05\/AYANEO-POCKET-S-MARKETING-DONE-03.jpg\" alt=\"AYANEO Pocket S M&#x101;rketings\" class=\"wp-image-178867\"\/><\/a><\/figure>\n\n<figure class=\"wp-block-image\"><a href=\"https:\/\/droix.net\/wp-content\/uploads\/2024\/05\/AYANEO-POCKET-S-MARKETING-DONE-04.jpg\" target=\"_blank\" rel=\"noopener\"><img decoding=\"async\" src=\"https:\/\/droix.net\/wp-content\/uploads\/2024\/05\/AYANEO-POCKET-S-MARKETING-DONE-04.jpg\" alt=\"AYANEO Pocket S M&#x101;rketings\" class=\"wp-image-178868\"\/><\/a><\/figure>\n\n<figure class=\"wp-block-image\"><a href=\"https:\/\/droix.net\/wp-content\/uploads\/2024\/05\/AYANEO-POCKET-S-MARKETING-DONE-05.jpg\" target=\"_blank\" rel=\"noopener\"><img decoding=\"async\" src=\"https:\/\/droix.net\/wp-content\/uploads\/2024\/05\/AYANEO-POCKET-S-MARKETING-DONE-05.jpg\" alt=\"AYANEO Pocket S M&#x101;rketings\" class=\"wp-image-178869\"\/><\/a><\/figure>\n\n<figure class=\"wp-block-image\"><a href=\"https:\/\/droix.net\/wp-content\/uploads\/2024\/05\/AYANEO-POCKET-S-MARKETING-DONE-06.jpg\" target=\"_blank\" rel=\"noopener\"><img decoding=\"async\" src=\"https:\/\/droix.net\/wp-content\/uploads\/2024\/05\/AYANEO-POCKET-S-MARKETING-DONE-06.jpg\" alt=\"AYANEO Pocket S M&#x101;rketings\" class=\"wp-image-178870\"\/><\/a><\/figure>\n\n<figure class=\"wp-block-image\"><a href=\"https:\/\/droix.net\/wp-content\/uploads\/2024\/05\/AYANEO-POCKET-S-MARKETING-DONE-07.jpg\" target=\"_blank\" rel=\"noopener\"><img decoding=\"async\" src=\"https:\/\/droix.net\/wp-content\/uploads\/2024\/05\/AYANEO-POCKET-S-MARKETING-DONE-07.jpg\" alt=\"AYANEO Pocket S M&#x101;rketings\" class=\"wp-image-178871\"\/><\/a><\/figure>\n\n<figure class=\"wp-block-image\"><a href=\"https:\/\/droix.net\/wp-content\/uploads\/2024\/05\/AYANEO-POCKET-S-MARKETING-DONE-08.jpg\" target=\"_blank\" rel=\"noopener\"><img decoding=\"async\" src=\"https:\/\/droix.net\/wp-content\/uploads\/2024\/05\/AYANEO-POCKET-S-MARKETING-DONE-08.jpg\" alt=\"AYANEO Pocket S M&#x101;rketings\" class=\"wp-image-178872\"\/><\/a><\/figure>\n\n<figure class=\"wp-block-image\"><a href=\"https:\/\/droix.net\/wp-content\/uploads\/2024\/05\/AYANEO-POCKET-S-MARKETING-DONE-09.jpg\" target=\"_blank\" rel=\"noopener\"><img decoding=\"async\" src=\"https:\/\/droix.net\/wp-content\/uploads\/2024\/05\/AYANEO-POCKET-S-MARKETING-DONE-09.jpg\" alt=\"AYANEO Pocket S M&#x101;rketings\" class=\"wp-image-178873\"\/><\/a><\/figure>\n\n<figure class=\"wp-block-image\"><a href=\"https:\/\/droix.net\/wp-content\/uploads\/2024\/05\/AYANEO-POCKET-S-MARKETING-DONE-10.jpg\" target=\"_blank\" rel=\"noopener\"><img decoding=\"async\" src=\"https:\/\/droix.net\/wp-content\/uploads\/2024\/05\/AYANEO-POCKET-S-MARKETING-DONE-10.jpg\" alt=\"AYANEO Pocket S M&#x101;rketings\" class=\"wp-image-178874\"\/><\/a><\/figure>\n\n<figure class=\"wp-block-image\"><a href=\"https:\/\/droix.net\/wp-content\/uploads\/2024\/05\/AYANEO-POCKET-S-MARKETING-DONE-11.jpg\" target=\"_blank\" rel=\"noopener\"><img decoding=\"async\" src=\"https:\/\/droix.net\/wp-content\/uploads\/2024\/05\/AYANEO-POCKET-S-MARKETING-DONE-11.jpg\" alt=\"AYANEO Pocket S M&#x101;rketings\" class=\"wp-image-178875\"\/><\/a><\/figure>\n\n<figure class=\"wp-block-image\"><a href=\"https:\/\/droix.net\/wp-content\/uploads\/2024\/05\/AYANEO-POCKET-S-MARKETING-DONE-12.jpg\" target=\"_blank\" rel=\"noopener\"><img decoding=\"async\" src=\"https:\/\/droix.net\/wp-content\/uploads\/2024\/05\/AYANEO-POCKET-S-MARKETING-DONE-12.jpg\" alt=\"AYANEO Pocket S M&#x101;rketings\" class=\"wp-image-178876\"\/><\/a><\/figure>\n","protected":false},"excerpt":{"rendered":"<ul>\n<li>Procesors: Qualcomm<strong> G3x Gen 2<\/strong><\/li>\n<li>Displejs: 1440P\/1080P 6&#8243;<strong> IPS Bezrobe\u017eu<\/strong> sk\u0101rienekr\u0101ns.<\/li>\n<li>Operat\u012bv\u0101 atmi\u0146a: L\u012bdz<strong> 16 GB<\/strong> LPDDR5X @ <strong>8533 MT\/s<\/strong><\/li>\n<li>Uzglab\u0101\u0161ana: L\u012bdz<strong> 1 TB<\/strong> UFS 4.0<\/li>\n<li>Savienojam\u012bba: Wi-Fi<strong> 7<\/strong> un Bluetooth <strong> 5.3<\/strong><\/li>\n<\/ul>\n<p><img fetchpriority=\"high\" decoding=\"async\" src=\"https:\/\/ayaneo.co\/wp-content\/uploads\/2024\/08\/AYANEO-POCKET-S-FREE-GIFTS.jpg\" alt=\"Bezmaksas d\u0101vanu baneris - AYANEO futr\u0101lis \/ rokturis, d\u017eoistiku v\u0101ci\u0146i, ekr\u0101na aizsargs\" width=\"2000\" height=\"500\" class=\"alignnone size-full wp-image-847\" srcset=\"https:\/\/ayaneo.co\/wp-content\/uploads\/2024\/08\/AYANEO-POCKET-S-FREE-GIFTS.jpg 2000w, https:\/\/ayaneo.co\/wp-content\/uploads\/2024\/08\/AYANEO-POCKET-S-FREE-GIFTS-150x38.jpg 150w, https:\/\/ayaneo.co\/wp-content\/uploads\/2024\/08\/AYANEO-POCKET-S-FREE-GIFTS-600x150.jpg 600w, https:\/\/ayaneo.co\/wp-content\/uploads\/2024\/08\/AYANEO-POCKET-S-FREE-GIFTS-300x75.jpg 300w, https:\/\/ayaneo.co\/wp-content\/uploads\/2024\/08\/AYANEO-POCKET-S-FREE-GIFTS-1024x256.jpg 1024w, https:\/\/ayaneo.co\/wp-content\/uploads\/2024\/08\/AYANEO-POCKET-S-FREE-GIFTS-768x192.jpg 768w, https:\/\/ayaneo.co\/wp-content\/uploads\/2024\/08\/AYANEO-POCKET-S-FREE-GIFTS-1536x384.jpg 1536w, https:\/\/ayaneo.co\/wp-content\/uploads\/2024\/08\/AYANEO-POCKET-S-FREE-GIFTS-990x248.jpg 990w, https:\/\/ayaneo.co\/wp-content\/uploads\/2024\/08\/AYANEO-POCKET-S-FREE-GIFTS-441x110.jpg 441w\" sizes=\"(max-width: 2000px) 100vw, 2000px\" \/><\/p>\n[cg_accordion title=\"INFORM\u0100CIJA PAR MAKS\u0100JUMU\"]<\/p>\n<p>M\u0113s izmantojam jaun\u0101k\u0101s tehnolo\u0123ijas maks\u0101jumu apstr\u0101d\u0113, kas \u013cauj \u0101tri un dro\u0161i nor\u0113\u0137in\u0101ties, izmantojot Apple Pay, Google Pay, debetkarti\/kred\u012btkarti, PayPal vai BNPL metodes, piem\u0113ram, Klarna, Affirm vai AfterPay.[\/cg_accordion]\n[cg_accordion title=\"GARANTIJA\"]<\/p>\n<p>1 gada garantija no <a href=\"https:\/\/droix.net\/\" target=\"_blank\" rel=\"nofollow noopener\">DROIX Global<\/a>, lai j\u016bs b\u016btu mier\u0101.[\/cg_accordion]\n[cg_accordion title=\"CENAS, NODOK\u013bI UN PIEG\u0100DE\"]<\/p>\n<p><strong><u>Piez\u012bme:<\/u><\/strong><\/p>\n<ul>\n<li>Amerikas Savienot\u0101s Valstis Klienti: Klientiem, kas ieg\u0101d\u0101jas preces, nor\u0101d\u012bt\u0101 cena neietver ne nodokli, ne nodevas. Atbild\u012bba par muito\u0161anu un saist\u012bto nodok\u013cu\/muitas nodok\u013cu nomaksu gulstas uz klienta pleciem. <\/li>\n<li>ES klienti: Atkar\u012bb\u0101 no j\u016bsu valsts, nor\u0101d\u012bt\u0101 cena ietver piem\u0113rojamo nodokli, kas var b\u016bt l\u012bdz 25%.<\/li>\n<li>Kan\u0101das klienti: Atkar\u012bb\u0101 no j\u016bsu provinces nor\u0101d\u012btaj\u0101 cen\u0101 ir iek\u013cauti piem\u0113rojamie nodok\u013ci, kas var ietvert 5% GST un papildu provinces p\u0101rdo\u0161anas nodokli (PST), saska\u0146oto p\u0101rdo\u0161anas nodokli (HST) vai Kvebekas p\u0101rdo\u0161anas nodokli (QST).<\/li>\n<\/ul>\n<p><strong>Tikai ES klientiem:<\/strong> Express DDP (pieg\u0101de ar samaks\u0101tu muitas nodokli). Tas noz\u012bm\u0113: <\/p>\n<ul>\n<li>Visas muitas nodevas un nodok\u013ci ir iek\u013cauti produkta lap\u0101 nor\u0101d\u012btaj\u0101 cen\u0101.<\/li>\n<li>Pieg\u0101des br\u012bd\u012b jums neb\u016bs j\u0101maks\u0101 papildu maksa.<\/li>\n<li>Retos gad\u012bjumos, kad rodas ar muitu saist\u012btas probl\u0113mas, m\u016bsu komanda j\u016bsu v\u0101rd\u0101 veiks muito\u0161anas procesu, lai nodro\u0161in\u0101tu netrauc\u0113tu pieg\u0101di.<\/li>\n<p>Svar\u012bga inform\u0101cija par atgrie\u0161anu:<\/p>\n<li>Ja nolemjat atgriezt pas\u016bt\u012bjumu vai piepras\u012bt atmaksu, l\u016bdzu, \u0146emiet v\u0113r\u0101, ka nodok\u013ci un nodevas, kas samaks\u0101ti j\u016bsu v\u0101rd\u0101 saska\u0146\u0101 ar DDP noteikumiem, nevar tikt atmaks\u0101ti.<\/li>\n<p>S\u012bk\u0101ku inform\u0101ciju skatiet m\u016bsu <a href=\"https:\/\/ayaneo.co\/lv\/pakalpojumu-sniegsanas-noteikumi\/\" target=\"_blank\" rel=\"nofollow noopener\">Noteikumos un nosac\u012bjumos<\/a>.\n<\/ul>\n<p>[\/cg_accordion]\n[cg_accordion title=\"KLIENTU ATBALSTS\"]<\/p>\n<p>Jums ir jaut\u0101jums? M\u0113s esam \u012bs\u0101 teksta att\u0101lum\u0101 no j\u016bsu jaut\u0101juma atrisin\u0101\u0161anas!<br \/>\n[\/cg_accordion]\n[cg_accordion title=\"Komplekt\u0101 ietilpst\"]<\/p>\n<ul>\n<li>1x AYANEO Pocket S<\/li>\n<li>1x C tipa USB kabelis<\/li>\n<li>1x lietot\u0101ja rokasgr\u0101mata<\/li>\n<li>1x AYANEO Pocket S futr\u0101lis<\/li>\n<li>1x JoyStick v\u0101ci\u0146i<\/li>\n<li>1x ekr\u0101na aizsargs<\/li>\n<\/ul>\n<p>[\/cg_accordion]\n","protected":false},"featured_media":30409,"template":"","meta":{"_acf_changed":false},"product_brand":[],"product_cat":[1241],"product_tag":[],"class_list":{"0":"post-18986","1":"product","2":"type-product","3":"status-publish","4":"has-post-thumbnail","6":"product_cat-android-spelu-rokas-ierice","7":"product_shipping_class-premium","8":"pa_brand-ayaneo","9":"pa_graphics-gpu-model-adreno-a32","10":"pa_operating-system-android-13","11":"pa_processor-cpu-brand-qualcomm","13":"first","14":"instock","15":"sale","16":"taxable","17":"shipping-taxable","18":"purchasable","19":"product-type-variable","20":"has-default-attributes"},"acf":[],"_links":{"self":[{"href":"https:\/\/ayaneo.co\/lv\/wp-json\/wp\/v2\/product\/18986","targetHints":{"allow":["GET"]}}],"collection":[{"href":"https:\/\/ayaneo.co\/lv\/wp-json\/wp\/v2\/product"}],"about":[{"href":"https:\/\/ayaneo.co\/lv\/wp-json\/wp\/v2\/types\/product"}],"wp:featuredmedia":[{"embeddable":true,"href":"https:\/\/ayaneo.co\/lv\/wp-json\/wp\/v2\/media\/30409"}],"wp:attachment":[{"href":"https:\/\/ayaneo.co\/lv\/wp-json\/wp\/v2\/media?parent=18986"}],"wp:term":[{"taxonomy":"product_brand","embeddable":true,"href":"https:\/\/ayaneo.co\/lv\/wp-json\/wp\/v2\/product_brand?post=18986"},{"taxonomy":"product_cat","embeddable":true,"href":"https:\/\/ayaneo.co\/lv\/wp-json\/wp\/v2\/product_cat?post=18986"},{"taxonomy":"product_tag","embeddable":true,"href":"https:\/\/ayaneo.co\/lv\/wp-json\/wp\/v2\/product_tag?post=18986"}],"curies":[{"name":"wp","href":"https:\/\/api.w.org\/{rel}","templated":true}]}}