{"id":19340,"date":"2024-08-16T09:46:32","date_gmt":"2024-08-16T09:46:32","guid":{"rendered":"https:\/\/ayaneo.co\/product\/ayaneo-pocket-micro\/"},"modified":"2025-08-31T00:02:09","modified_gmt":"2025-08-31T00:02:09","slug":"ayaneo-pocket-micro","status":"publish","type":"product","link":"https:\/\/ayaneo.co\/lv\/product\/ayaneo-pocket-micro\/","title":{"rendered":"AYANEO Pocket Micro"},"content":{"rendered":"\n<figure class=\"wp-block-video\"><video controls=\"\" poster=\"https:\/\/droix.net\/wp-content\/uploads\/2024\/08\/AYANEO-Pocket-MICRO-announced-1.webp\" src=\"https:\/\/droix.net\/wp-content\/uploads\/2024\/08\/AYANEO-Pocket-MICRO-Gaming-Experience-&#x2014;&#x2014;-Dungreed.mp4\"><\/video><\/figure>\n\n<div class=\"wp-block-columns is-layout-flex wp-container-core-columns-is-layout-28f84493 wp-block-columns-is-layout-flex\">\n<div class=\"wp-block-column is-layout-flow wp-block-column-is-layout-flow\" style=\"flex-basis:33.33%\">\n<figure class=\"wp-block-image size-large\"><a href=\"https:\/\/droix.net\/wp-content\/uploads\/2024\/08\/AYANEO-POCKET-MICRO-MARKETING-DONE-01.jpg\" target=\"_blank\" rel=\"noopener\"><img decoding=\"async\" src=\"https:\/\/droix.net\/wp-content\/uploads\/2024\/08\/AYANEO-POCKET-MICRO-MARKETING-DONE-01-1024x1024.jpg\" alt=\"Skats no AYANEO Pocket Micro melnaj&#x101; kr&#x101;s&#x101; no s&#x101;niem, kur&#x101; redzams t&#x101; slaidais profils ar redzam&#x101;m pog&#x101;m un ventil&#x101;cijas atver&#x113;m. Ekr&#x101;n&#x101; redzamas kr&#x101;sainas l&#x12B;nijas. Tekst&#x101; labaj&#x101; pus&#x113; ir rakst&#x12B;ts &#x201C;AYANEO POCKET MICRO: Premium klases horizont&#x101;la retro rokas konsole. Smalka rota&#x13C;lieta, kuru j&#x16B;s nev&#x113;l&#x113;sieties nolikt mal&#x101;.&#x201D;  \" class=\"wp-image-184281\"\/><\/a><\/figure>\n<\/div>\n\n\n\n<div class=\"wp-block-column is-layout-flow wp-block-column-is-layout-flow\" style=\"flex-basis:66.66%\">\n<h3 class=\"wp-block-heading\" id=\"h-ayaneo-pocket-micro-a-premium-handheld-gaming-experience\"><strong>AYANEO Pocket Micro: Premium klases rokas sp\u0113\u013cu pieredze<\/strong><\/h3>\n\n\n\n<p>AYANEO Pocket Micro apvieno retro est\u0113tiku un modern\u0101k\u0101s tehnolo\u0123ijas, pied\u0101v\u0101jot unik\u0101lu rokas sp\u0113\u013cu pieredzi. Apvienojot kompakto formu ar modern\u0101m funkcij\u0101m, \u0161\u012b ier\u012bce ir piem\u0113rota gan nostal\u0123iskiem sp\u0113l\u0113t\u0101jiem, gan m\u016bsdienu tehnolo\u0123iju entuziastiem. Ar CNC alum\u012bnija sakaus\u0113juma r\u0101mi, IPS displeju bez mal\u0101m un augstas veiktsp\u0113jas iek\u0161\u0113jiem elementiem Pocket Micro nodro\u0161ina izcilu sp\u0113\u013cu pieredzi stil\u012bg\u0101 un iztur\u012bg\u0101 iepakojum\u0101.  <\/p>\n<\/div>\n<\/div>\n\n<div class=\"wp-block-columns is-layout-flex wp-container-core-columns-is-layout-28f84493 wp-block-columns-is-layout-flex\">\n<div class=\"wp-block-column is-layout-flow wp-block-column-is-layout-flow\">\n<figure class=\"wp-block-image size-large\"><a href=\"https:\/\/droix.net\/wp-content\/uploads\/2024\/08\/AYANEO-POCKET-MICRO-MARKETING-DONE-08.jpg\" target=\"_blank\" rel=\"noopener\"><img decoding=\"async\" src=\"https:\/\/droix.net\/wp-content\/uploads\/2024\/08\/AYANEO-POCKET-MICRO-MARKETING-DONE-08-1024x1024.jpg\" alt=\"Skats no AYANEO Pocket Micro puses, kur&#x101; redzams CNC alum&#x12B;nija sakaus&#x113;juma r&#x101;mis ar redzam&#x101;m L1 un L2 pog&#x101;m un ventil&#x101;cijas atver&#x113;m. Tekst&#x101; ir uzsv&#x113;rta ier&#x12B;ces augst&#x101;k&#x101;s klases tekst&#x16B;ra un izcil&#x101; saj&#x16B;ta, minot unik&#x101;lo met&#x101;lisko tekst&#x16B;ru, anodisk&#x101;s oksid&#x101;cijas procesu un augstas iztur&#x12B;bas korpusu. \" class=\"wp-image-184277\"\/><\/a><\/figure>\n\n\n\n<h3 class=\"wp-block-heading\" id=\"h-design-and-build\"><strong>Dizains un b\u016bvniec\u012bba<\/strong><\/h3>\n\n\n\n<p>Pocket Micro ir apr\u012bkots ar CNC alum\u012bnija sakaus\u0113juma r\u0101mi, kas nodro\u0161ina liel\u0101ku iztur\u012bbu un augst\u0101k\u0101s kvalit\u0101tes saj\u016btu. T\u0101 gludais bezr\u0101mju pilnekr\u0101na dizains nodro\u0161ina aizraujo\u0161u skat\u012b\u0161an\u0101s pieredzi. Ier\u012bce ir pieejama Obsidian Black, Charm Red un Vintage Grey kr\u0101s\u0101s, un t\u0101 izce\u013cas ar mirdzo\u0161iem stikla pane\u013ciem un anod\u0113ta alum\u012bnija r\u0101mi, kas papildina t\u0101s izsmalcin\u0101to, augst\u0101k\u0101s klases izskatu.  <\/p>\n<\/div>\n\n\n\n<div class=\"wp-block-column is-layout-flow wp-block-column-is-layout-flow\">\n<figure class=\"wp-block-image size-large\"><a href=\"https:\/\/droix.net\/wp-content\/uploads\/2024\/08\/AYANEO-POCKET-MICRO-MARKETING-DONE-02.jpg\" target=\"_blank\" rel=\"noopener\"><img decoding=\"async\" src=\"https:\/\/droix.net\/wp-content\/uploads\/2024\/08\/AYANEO-POCKET-MICRO-MARKETING-DONE-02-1024x1024.jpg\" alt=\"Tuvpl&#x101;ns AYANEO Pocket Micro meln&#x101; kr&#x101;s&#x101;, kur&#x101; redzams D-pad, darb&#x12B;bas pogas un ekr&#x101;ns ar kr&#x101;sain&#x101;m l&#x12B;nij&#x101;m. Tekst&#x101; apak&#x161;&#x101; aprakst&#x12B;ta AYANEO REMAKE koncepcijas inov&#x101;cija, uzsverot t&#x101;das funkcijas k&#x101; 3,5&quot; 640P ekr&#x101;ns, CNC alum&#x12B;nija sakaus&#x113;juma r&#x101;mis un izcila kvalit&#x101;te. Kreisaj&#x101; aug&#x161;&#x113;j&#x101; st&#x16B;r&#x12B; redzams &quot;REMAKE&quot; logotips. \" class=\"wp-image-184278\"\/><\/a><\/figure>\n\n\n\n<h3 class=\"wp-block-heading\" id=\"h-display\"><strong>Displejs<\/strong><\/h3>\n\n\n\n<p>Ier\u012bce ir apr\u012bkota ar 3,5 collu IPS ekr\u0101nu bez mal\u0101m, kas nodro\u0161ina 960 x 640 iz\u0161\u0137irtsp\u0113ju un 3:2 malu attiec\u012bbu. Ar pikse\u013cu bl\u012bvumu 330 PPI un 100% sRGB p\u0101rkl\u0101jumu displejs nodro\u0161ina spilgtu un augstas iz\u0161\u0137irtsp\u0113jas att\u0113lu. 4X GBA dabisk\u0101 iz\u0161\u0137irtsp\u0113ja nodro\u0161ina, ka klasisk\u0101s sp\u0113les saglab\u0101 skaidr\u012bbu un kr\u0101sas bez izkrop\u013cojumiem.  <\/p>\n<\/div>\n\n\n\n<div class=\"wp-block-column is-layout-flow wp-block-column-is-layout-flow\">\n<figure class=\"wp-block-image size-large\"><a href=\"https:\/\/droix.net\/wp-content\/uploads\/2024\/08\/AYANEO-POCKET-MICRO-MARKETING-DONE-13.jpg\" target=\"_blank\" rel=\"noopener\"><img decoding=\"async\" src=\"https:\/\/droix.net\/wp-content\/uploads\/2024\/08\/AYANEO-POCKET-MICRO-MARKETING-DONE-13-1024x1024.jpg\" alt=\"Grafika, kur&#x101; par&#x101;d&#x12B;ts MediaTek Helio G99 procesors AYANEO Pocket Micro. Teksta lauci&#x146;os izcelts asto&#x146;u kodolu procesors, kas sp&#x113;j darbin&#x101;t PS2 sp&#x113;les, akt&#x12B;va dzes&#x113;&#x161;ana gar&#x101;m sp&#x113;&#x13C;u sesij&#x101;m un l&#x12B;dz 6 stund&#x101;m ilgs akumulatora darb&#x12B;bas laiks. Helio G99 logotips ir redzams uz kr&#x101;saina fona.  \" class=\"wp-image-184267\"\/><\/a><\/figure>\n\n\n\n<h3 class=\"wp-block-heading\" id=\"h-performance\"><strong>Veiktsp\u0113ja<\/strong><\/h3>\n\n\n\n<p>Ar MediaTek Helio G99 procesoru Pocket Micro nodro\u0161ina vienm\u0113r\u012bgu sp\u0113l\u0113\u0161anu l\u012bdz pat PS2 sp\u0113l\u0113m. Tas ir apr\u012bkots ar LPDDR4X 4266Mbps atmi\u0146u un nodro\u0161ina divas atmi\u0146as iesp\u0113jas: 6GB+128GB vai 8GB+256GB. \u0160\u012b konfigur\u0101cija nodro\u0161ina pietiekami daudz vietas daudzveid\u012bgai sp\u0113\u013cu bibliot\u0113kai, vienlaikus saglab\u0101jot augstu veiktsp\u0113ju.  <\/p>\n<\/div>\n<\/div>\n\n<div class=\"wp-block-columns is-layout-flex wp-container-core-columns-is-layout-28f84493 wp-block-columns-is-layout-flex\">\n<div class=\"wp-block-column is-layout-flow wp-block-column-is-layout-flow\">\n<figure class=\"wp-block-image size-large\"><a href=\"https:\/\/droix.net\/wp-content\/uploads\/2024\/08\/AYANEO-POCKET-MICRO-MARKETING-DONE-15.jpg\" target=\"_blank\" rel=\"noopener\"><img decoding=\"async\" src=\"https:\/\/droix.net\/wp-content\/uploads\/2024\/08\/AYANEO-POCKET-MICRO-MARKETING-DONE-15-1024x1024.jpg\" alt=\"Rokas, kas tur AYANEO Pocket Micro, par&#x101;dot ier&#x12B;ces aizmugur&#x113;jo da&#x13C;u ar plecu pog&#x101;m un ventil&#x101;cijas atver&#x113;m. Zem&#x101;k ier&#x12B;ces priek&#x161;puses diagramm&#x101; redzams t&#x101;s pogu izk&#x101;rtojums un ekr&#x101;ns. Tekst&#x101; aprakst&#x12B;ts unik&#x101;lais pogu dizains un rado&#x161;&#x101; taustes pieredze, tostarp s&#x12B;k&#x101;ka inform&#x101;cija par plecu tausti&#x146;iem L1, L2, R1, R2 un krusta galvenaj&#x101;m funkcij&#x101;m.  \" class=\"wp-image-184279\"\/><\/a><\/figure>\n\n\n\n<h3 class=\"wp-block-heading\" id=\"h-controls-and-features\"><strong>Vad\u012bklas un funkcijas<\/strong><\/h3>\n\n\n\n<p>Ier\u012bcei ir inovat\u012bvs vad\u012bbas ier\u012b\u010du izk\u0101rtojums, kas nodro\u0161ina komfortu un \u0101tru reakciju. Taj\u0101 ir Hall d\u017eoistiki, L1\/L2\/R1\/R2 plecu tausti\u0146i ar main\u012bgu augstumu un piesitiena sl\u0113d\u017ea poga. Papildu vad\u012bbas ier\u012bc\u0113s ir galvenais visu virzienu rokturis, X ass line\u0101rais motors vibr\u0101cijas atgriezeniskajai saitei un se\u0161u asu \u017eiroskops uzlabotai sp\u0113\u013cu vad\u012bbai.  <\/p>\n<\/div>\n\n\n\n<div class=\"wp-block-column is-layout-flow wp-block-column-is-layout-flow\">\n<figure class=\"wp-block-image size-large\"><a href=\"https:\/\/droix.net\/wp-content\/uploads\/2024\/08\/AYANEO-POCKET-MICRO-MARKETING-DONE-16.jpg\" target=\"_blank\" rel=\"noopener\"><img decoding=\"async\" src=\"https:\/\/droix.net\/wp-content\/uploads\/2024\/08\/AYANEO-POCKET-MICRO-MARKETING-DONE-16-1024x1024.jpg\" alt=\"Tuvu skats uz rok&#x101;m, kas tur AYANEO Pocket Micro, uz ekr&#x101;na tiek r&#x101;d&#x12B;ta sp&#x113;le &#x201C;Balatro&#x201D;. Virs&#x16B; ikonas att&#x113;lo savienojam&#x12B;bas funkcijas: divjoslu WiFi 5 un BT 5.2, USB Type-C interfeisu un Micro SD kartes slotu ar &#x12B;su aprakstu par katras funkcijas priek&#x161;roc&#x12B;b&#x101;m. \" class=\"wp-image-184269\"\/><\/a><\/figure>\n\n\n\n<h3 class=\"wp-block-heading\" id=\"h-connectivity-and-software\"><strong>Savienojam\u012bba un programmat\u016bra<\/strong><\/h3>\n\n\n\n<p>Pocket Micro darbojas ar Android 13, atbalsta divjoslu WiFi 5 un Bluetooth 5.2, kas nodro\u0161ina uzticamu bezvadu savienojumu. Taj\u0101 ir C tipa USB ports ar USB 2.0 OTG atbalstu un Micro SD kartes slots (SD 3.0), lai papla\u0161in\u0101tu atmi\u0146as apjomu. Ier\u012bce tiek p\u0101rvald\u012bta, izmantojot AYASpace Management Front-end un AYAHome Desktop Launcher, kas nodro\u0161ina lietot\u0101jam draudz\u012bgu lieto\u0161anu.  <\/p>\n<\/div>\n\n\n\n<div class=\"wp-block-column is-layout-flow wp-block-column-is-layout-flow\">\n<figure class=\"wp-block-image size-large\"><a href=\"https:\/\/droix.net\/wp-content\/uploads\/2024\/08\/AYANEO-POCKET-MICRO-MARKETING-DONE-14.jpg\" target=\"_blank\" rel=\"noopener\"><img decoding=\"async\" src=\"https:\/\/droix.net\/wp-content\/uploads\/2024\/08\/AYANEO-POCKET-MICRO-MARKETING-DONE-14-1024x1024.jpg\" alt=\"Eleganta melna rokas sp&#x113;&#x13C;u ier&#x12B;ce AYANEO Pocket Micro, kas par&#x101;d&#x12B;ta le&#x146;&#x137;&#x12B;, izce&#x13C;ot t&#x101;s pl&#x101;no profilu un pogu izk&#x101;rtojumu. Zem&#x101;k ir ikonas, kas att&#x113;lo da&#x17E;&#x101;das funkcijas, piem&#x113;ram, &#x17E;iroskopu, augstas precizit&#x101;tes d&#x17E;oistikus un pogu piel&#x101;go&#x161;anas iesp&#x113;jas. \" class=\"wp-image-184268\"\/><\/a><\/figure>\n\n\n\n<h3 class=\"wp-block-heading\" id=\"h-innovative-button-design\"><strong>Inovat\u012bvs pogu dizains<\/strong><\/h3>\n\n\n\n<p>Pocket Micro ir unik\u0101ls pogu izk\u0101rtojums ar krustveida tausti\u0146iem un ABXY pog\u0101m, kur\u0101s izmantota vad\u012btsp\u0113j\u012bga l\u012bmes tehnolo\u0123ija, kas nodro\u0161ina vienm\u0113r\u012bgu taustes reakciju. Plecu tausti\u0146i ir paredz\u0113ti lieto\u0161anai ar augstu frekvenci, un AYASpace ir pieejama piel\u0101gojama tausti\u0146u un v\u0113rt\u012bbu nomai\u0146a. <\/p>\n<\/div>\n<\/div>\n\n<h3 class=\"wp-block-heading\" id=\"h-battery-and-cooling\"><strong>Akumulators un dzes\u0113\u0161ana<\/strong><\/h3>\n\n<p>Pocket Micro ir apr\u012bkots ar 2600 mAh akumulatoru, kas nodro\u0161ina l\u012bdz pat 6 stund\u0101m nep\u0101rtrauktu sp\u0113\u013cu sp\u0113l\u0113\u0161anu. Uzlabot\u0101 gaisa dzes\u0113\u0161anas akt\u012bv\u0101 siltuma izklied\u0113\u0161anas sist\u0113ma pal\u012bdz nov\u0113rst veiktsp\u0113jas samazin\u0101\u0161anos ilgsto\u0161u sp\u0113\u013cu sesiju laik\u0101, nodro\u0161inot nemain\u012bgu veiktsp\u0113ju. <\/p>\n\n<h3 class=\"wp-block-heading\" id=\"h-additional-features\"><strong>Papildu funkcijas<\/strong><\/h3>\n\n<p>Ier\u012bc\u0113 ir integr\u0113ta biometrisk\u0101 autentifik\u0101cija, izmantojot baro\u0161anas atsl\u0113gu un audio pirkstu nospiedumu atpaz\u012b\u0161anu. T\u0101 pied\u0101v\u0101 ar\u012b SoundTAP Magic Sound Vibration, Xinput Vibration, vair\u0101ku ainu veiktsp\u0113jas re\u017e\u012bmus un piel\u0101gojamu tausti\u0146u kart\u0113\u0161anu personaliz\u0113tai sp\u0113\u013cu pieredzei. <\/p>\n\n<h3 class=\"wp-block-heading\" id=\"h-visual-appeal\"><strong>Vizu\u0101l\u0101 pievilc\u012bba<\/strong><\/h3>\n\n<p>Pocket Micro ir vizu\u0101li izteiksm\u012bgs, t\u0101p\u0113c tam ir pl\u0101ns profils un retro stila est\u0113tika. T\u0101s spilgtais displejs un augstas kvalit\u0101tes met\u0101la tekst\u016bra uzlabo t\u0101s izskatu, padarot to par pievilc\u012bgu izv\u0113li gan kolekcion\u0101riem, gan sp\u0113l\u0113t\u0101jiem. <\/p>\n\n<h3 class=\"wp-block-heading\" id=\"h-conclusion\">Secin\u0101jums<\/h3>\n\n<p>AYANEO Pocket Micro ir r\u016bp\u012bgi izstr\u0101d\u0101ta rokas konsole, kas apvieno retro \u0161armu un modernu funkcionalit\u0101ti. T\u0101s p\u0101rdom\u0101tais dizains un augstas kvalit\u0101tes konstrukcija nodro\u0161ina izcilu sp\u0113\u013cu pieredzi kompakt\u0101, stil\u012bg\u0101 iepakojum\u0101. Neatkar\u012bgi no t\u0101, vai j\u016bs atgrie\u017eaties pie klasisk\u0101m sp\u0113l\u0113m vai apg\u016bstat jaunas, Pocket Micro ir lielisks papildin\u0101jums jebkuram sp\u0113\u013cu komplektam.  <\/p>\n","protected":false},"excerpt":{"rendered":"<ul>\n<li>Procesors: MediaTek <strong>Helio G99<\/strong><\/li>\n<li>Displejs: 3,5&#8243; <strong>bez mal\u0101m<\/strong> <strong> IPS<\/strong><\/li>\n<li>Operat\u012bv\u0101 atmi\u0146a: L\u012bdz <strong>8 GB<\/strong> LPDDR4X @ <strong>4266 MT\/s<\/strong><\/li>\n<li>Uzglab\u0101\u0161ana: L\u012bdz <strong>256 GB<\/strong> UFS 2.2<\/li>\n<li>Savienojam\u012bba: Wi-Fi <strong>5<\/strong> un Bluetooth <strong>5.2<\/strong> atbalsts<\/li>\n<\/ul>\n<p><img fetchpriority=\"high\" decoding=\"async\" src=\"https:\/\/ayaneo.co\/wp-content\/uploads\/2024\/08\/MICRO-GIFTS-NEW-NOGRIPS.jpg\" alt=\"Blakus tekstam ar \u0161\u0101du tekstu ir redzams melns aizsargv\u0101ci\u0146\u0161 un neliels taisnst\u016bra formas lodzi\u0146\u0161 (iesp\u0113jams, ekr\u0101na aizsargv\u0101ci\u0146\u0161).  \" free=\"\" gifts=\"\" protective=\"\" case=\"\" screen=\"\" protector=\"\" automatically=\"\" added=\"\" to=\"\" cart.=\"\" the=\"\" box=\"\" has=\"\" pocket=\"\" micro=\"\" visible=\"\" on=\"\" it.=\"\" width=\"550\" height=\"140\" class=\"alignnone size-full wp-image-24520\" srcset=\"https:\/\/ayaneo.co\/wp-content\/uploads\/2024\/08\/MICRO-GIFTS-NEW-NOGRIPS.jpg 550w, https:\/\/ayaneo.co\/wp-content\/uploads\/2024\/08\/MICRO-GIFTS-NEW-NOGRIPS-300x76.jpg 300w, https:\/\/ayaneo.co\/wp-content\/uploads\/2024\/08\/MICRO-GIFTS-NEW-NOGRIPS-441x112.jpg 441w, https:\/\/ayaneo.co\/wp-content\/uploads\/2024\/08\/MICRO-GIFTS-NEW-NOGRIPS-150x38.jpg 150w\" sizes=\"(max-width: 550px) 100vw, 550px\" \/><\/p>\n[cg_accordion title=\"INFORM\u0100CIJA PAR MAKS\u0100JUMU\"]<\/p>\n<p>M\u0113s izmantojam jaun\u0101k\u0101s tehnolo\u0123ijas maks\u0101jumu apstr\u0101d\u0113, kas \u013cauj \u0101tri un dro\u0161i nor\u0113\u0137in\u0101ties, izmantojot Apple Pay, Google Pay, debetkarti\/kred\u012btkarti, PayPal vai BNPL metodes, piem\u0113ram, Klarna, Affirm vai AfterPay.[\/cg_accordion]\n[cg_accordion title=\"GARANTIJA\"]<\/p>\n<p>1 gada garantija no <a href=\"https:\/\/droix.net\/\" target=\"_blank\" rel=\"nofollow noopener\">DROIX Global<\/a>, lai j\u016bs b\u016btu mier\u0101.[\/cg_accordion]\n[cg_accordion title=\"CENAS, NODOK\u013bI UN PIEG\u0100DE\"]<\/p>\n<p><strong><u>Piez\u012bme:<\/u><\/strong><\/p>\n<ul>\n<li>Amerikas Savienot\u0101s Valstis Klienti: Klientiem, kas ieg\u0101d\u0101jas preces, nor\u0101d\u012bt\u0101 cena neietver ne nodokli, ne nodevas. Atbild\u012bba par muito\u0161anu un saist\u012bto nodok\u013cu\/muitas nodok\u013cu nomaksu gulstas uz klienta pleciem. <\/li>\n<li>ES klienti: Atkar\u012bb\u0101 no j\u016bsu valsts, nor\u0101d\u012bt\u0101 cena ietver piem\u0113rojamo nodokli, kas var b\u016bt l\u012bdz 25%.<\/li>\n<li>Kan\u0101das klienti: Atkar\u012bb\u0101 no j\u016bsu provinces nor\u0101d\u012btaj\u0101 cen\u0101 ir iek\u013cauti piem\u0113rojamie nodok\u013ci, kas var ietvert 5% GST un papildu provinces p\u0101rdo\u0161anas nodokli (PST), saska\u0146oto p\u0101rdo\u0161anas nodokli (HST) vai Kvebekas p\u0101rdo\u0161anas nodokli (QST).<\/li>\n<\/ul>\n<p><strong>Tikai ES klientiem:<\/strong> Express DDP (pieg\u0101de ar samaks\u0101tu muitas nodokli). Tas noz\u012bm\u0113: <\/p>\n<ul>\n<li>Visas muitas nodevas un nodok\u013ci ir iek\u013cauti produkta lap\u0101 nor\u0101d\u012btaj\u0101 cen\u0101.<\/li>\n<li>Pieg\u0101des br\u012bd\u012b jums neb\u016bs j\u0101maks\u0101 papildu maksa.<\/li>\n<li>Retos gad\u012bjumos, kad rodas ar muitu saist\u012btas probl\u0113mas, m\u016bsu komanda j\u016bsu v\u0101rd\u0101 veiks muito\u0161anas procesu, lai nodro\u0161in\u0101tu netrauc\u0113tu pieg\u0101di.<\/li>\n<p>Svar\u012bga inform\u0101cija par atgrie\u0161anu:<\/p>\n<li>Ja nolemjat atgriezt pas\u016bt\u012bjumu vai piepras\u012bt atmaksu, l\u016bdzu, \u0146emiet v\u0113r\u0101, ka nodok\u013ci un nodevas, kas samaks\u0101ti j\u016bsu v\u0101rd\u0101 saska\u0146\u0101 ar DDP noteikumiem, nevar tikt atmaks\u0101ti.<\/li>\n<p>S\u012bk\u0101ku inform\u0101ciju skatiet m\u016bsu <a href=\"https:\/\/ayaneo.co\/lv\/pakalpojumu-sniegsanas-noteikumi\/\" target=\"_blank\" rel=\"nofollow noopener\">Noteikumos un nosac\u012bjumos<\/a>.\n<\/ul>\n<p>[\/cg_accordion]\n[cg_accordion title=\"KLIENTU ATBALSTS\"]<\/p>\n<p>Jums ir jaut\u0101jums? M\u0113s esam \u012bs\u0101 teksta att\u0101lum\u0101 no j\u016bsu jaut\u0101juma atrisin\u0101\u0161anas!<br \/>\n[\/cg_accordion]\n[cg_accordion title=\"Komplekt\u0101 ietilpst\"]<\/p>\n<ul>\n<li>1x AYANEO Pocket Micro<\/li>\n<li>1x C tipa USB kabelis<\/li>\n<li>1x lietot\u0101ja rokasgr\u0101mata<\/li>\n<\/ul>\n<p>[\/cg_accordion]\n","protected":false},"featured_media":19353,"template":"","meta":{"_acf_changed":false},"product_brand":[],"product_cat":[1241],"product_tag":[],"class_list":{"0":"post-19340","1":"product","2":"type-product","3":"status-publish","4":"has-post-thumbnail","6":"product_cat-android-spelu-rokas-ierice","7":"product_shipping_class-standard","8":"pa_brand-ayaneo","9":"pa_graphics-gpu-model-g57","10":"pa_operating-system-android-13","11":"pa_processor-cpu-brand-mediatek","13":"first","14":"outofstock","15":"taxable","16":"shipping-taxable","17":"purchasable","18":"product-type-variable","19":"has-default-attributes"},"acf":[],"_links":{"self":[{"href":"https:\/\/ayaneo.co\/lv\/wp-json\/wp\/v2\/product\/19340","targetHints":{"allow":["GET"]}}],"collection":[{"href":"https:\/\/ayaneo.co\/lv\/wp-json\/wp\/v2\/product"}],"about":[{"href":"https:\/\/ayaneo.co\/lv\/wp-json\/wp\/v2\/types\/product"}],"wp:featuredmedia":[{"embeddable":true,"href":"https:\/\/ayaneo.co\/lv\/wp-json\/wp\/v2\/media\/19353"}],"wp:attachment":[{"href":"https:\/\/ayaneo.co\/lv\/wp-json\/wp\/v2\/media?parent=19340"}],"wp:term":[{"taxonomy":"product_brand","embeddable":true,"href":"https:\/\/ayaneo.co\/lv\/wp-json\/wp\/v2\/product_brand?post=19340"},{"taxonomy":"product_cat","embeddable":true,"href":"https:\/\/ayaneo.co\/lv\/wp-json\/wp\/v2\/product_cat?post=19340"},{"taxonomy":"product_tag","embeddable":true,"href":"https:\/\/ayaneo.co\/lv\/wp-json\/wp\/v2\/product_tag?post=19340"}],"curies":[{"name":"wp","href":"https:\/\/api.w.org\/{rel}","templated":true}]}}