{"id":19359,"date":"2024-09-20T09:49:52","date_gmt":"2024-09-20T09:49:52","guid":{"rendered":"https:\/\/ayaneo.co\/product\/ayaneo-pocket-s-aksesuari\/"},"modified":"2025-12-09T00:26:03","modified_gmt":"2025-12-09T00:26:03","slug":"ayaneo-pocket-s-aksesuari","status":"publish","type":"product","link":"https:\/\/ayaneo.co\/lv\/product\/ayaneo-pocket-s-aksesuari\/","title":{"rendered":"AYANEO Pocket S Aksesu\u0101ri"},"content":{"rendered":"\n<p>Uzlabojiet savu AYANEO Pocket S sp\u0113\u013cu pieredzi ar \u0161o nepiecie\u0161amo piederumu komplektu, kas paredz\u0113ts aizsardz\u012bbai, komfortam un uzlabotai sp\u0113l\u0113\u0161anai.<\/p>\n\n<ul class=\"wp-block-list\">\n<li><strong>2-in-1 magn\u0113tiskais flipa aizsargv\u0101ci\u0146\u0161<\/strong>: Izstr\u0101d\u0101ts ar inovat\u012bvu ergonomisku dizainu, \u0161is futr\u0101lis apvieno stilu un funkcionalit\u0101ti. Aizsargv\u0101ci\u0146\u0161 ir apr\u012bkots ar magn\u0113tisku flip v\u0101ci\u0146u, kas nodro\u0161ina ier\u012bces dro\u0161\u012bbu, vienlaikus nodro\u0161inot vieglu piek\u013cuvi. Nesl\u012bdo\u0161a tekst\u016bra nodro\u0161ina stingru satv\u0113rienu, un liela izm\u0113ra rokturis nodro\u0161ina \u0113rtu satv\u0113rienu gar\u0101m sp\u0113\u013cu sesij\u0101m. Neatkar\u012bgi no t\u0101, vai esat m\u0101j\u0101s vai ce\u013c\u0101, \u0161is aizsargv\u0101ci\u0146\u0161 ir ide\u0101ls pal\u012bgs, lai pasarg\u0101tu j\u016bsu AYANEO Pocket S no ikdienas nolietojuma.   <\/li>\n\n\n\n<li><strong>Ekr\u0101na aizsargs<\/strong>: Aizsarg\u0101jiet savu ekr\u0101nu ar augstas kvalit\u0101tes, \u012bpa\u0161i dzidru ekr\u0101na aizsargu. Izstr\u0101d\u0101ts t\u0101, lai iztur\u0113tu skr\u0101p\u0113jumus, traipus un pirkstu nospiedumus, un tas nodro\u0161ina, ka j\u016bsu displejs joproj\u0101m ir tikpat dz\u012bvs un atsauc\u012bgs k\u0101 jebkad. T\u0101 viegli uzkl\u0101jamais dizains garant\u0113 uzst\u0101d\u012b\u0161anu bez burbu\u013ciem, saglab\u0101jot ekr\u0101nu nevainojamu, vienlaikus saglab\u0101jot piesk\u0101rienu jut\u012bbu, lai nodro\u0161in\u0101tu vienm\u0113r\u012bgu un nep\u0101rtrauktu sp\u0113l\u0113\u0161anu.  <\/li>\n\n\n\n<li><strong>\u012ak\u0161\u0137u rokturi<\/strong>: Uzlabojiet savu kontroli ar augst\u0101k\u0101s kvalit\u0101tes \u012bk\u0161\u0137u rokturiem. \u0160ie analogo spie\u0137u silikona p\u0101rvalki nodro\u0161ina izcilu sa\u0137eri un precizit\u0101ti, pal\u012bdzot jums saglab\u0101t kontroli pat visintens\u012bv\u0101kajos sp\u0113\u013cu br\u012b\u017eos. \u0160ie \u012bk\u0161\u0137u rokturi ir izstr\u0101d\u0101ti, lai mazin\u0101tu nogurumu un uzlabotu komfortu, un \u013cauj veikt prec\u012bz\u0101kas kust\u012bbas, nodro\u0161inot jums nepiecie\u0161amo konkurences priek\u0161roc\u012bbu.  <\/li>\n<\/ul>\n\n<p>\u0160is piederumu komplekts nodro\u0161ina, ka j\u016bsu AYANEO Pocket S ir aizsarg\u0101ts un gatavs darbam, vienlaikus uzlabojot sp\u0113\u013cu pieredzi ar ergonomiskiem uzlabojumiem.<\/p>\n","protected":false},"excerpt":{"rendered":"[cg_accordion title=\"INFORM\u0100CIJA PAR MAKS\u0100JUMU\"]<\/p>\n<p>M\u0113s izmantojam jaun\u0101k\u0101s tehnolo\u0123ijas maks\u0101jumu apstr\u0101d\u0113, kas \u013cauj \u0101tri un dro\u0161i nor\u0113\u0137in\u0101ties, izmantojot Apple Pay, Google Pay, debetkarti\/kred\u012btkarti, PayPal vai BNPL metodes, piem\u0113ram, Klarna, Affirm vai AfterPay.[\/cg_accordion]\n[cg_accordion title=\"GARANTIJA\"]<\/p>\n<p>1 gada garantija no <a href=\"https:\/\/droix.net\/\" target=\"_blank\" rel=\"nofollow noopener\">DROIX Global<\/a>, lai j\u016bs b\u016btu mier\u0101.[\/cg_accordion]\n[cg_accordion title=\"CENAS, NODOK\u013bI UN PIEG\u0100DE\"]<\/p>\n<p><strong><u>Piez\u012bme:<\/u><\/strong><\/p>\n<ul>\n<li>Amerikas Savienot\u0101s Valstis Klienti: Klientiem, kas ieg\u0101d\u0101jas preces, nor\u0101d\u012bt\u0101 cena neietver ne nodokli, ne nodevas. Atbild\u012bba par muito\u0161anu un saist\u012bto nodok\u013cu\/muitas nodok\u013cu nomaksu gulstas uz klienta pleciem. <\/li>\n<li>ES klienti: Atkar\u012bb\u0101 no j\u016bsu valsts, nor\u0101d\u012bt\u0101 cena ietver piem\u0113rojamo nodokli, kas var b\u016bt l\u012bdz 25%.<\/li>\n<li>Kan\u0101das klienti: Atkar\u012bb\u0101 no j\u016bsu provinces nor\u0101d\u012btaj\u0101 cen\u0101 ir iek\u013cauti piem\u0113rojamie nodok\u013ci, kas var ietvert 5% GST un papildu provinces p\u0101rdo\u0161anas nodokli (PST), saska\u0146oto p\u0101rdo\u0161anas nodokli (HST) vai Kvebekas p\u0101rdo\u0161anas nodokli (QST).<\/li>\n<\/ul>\n<p><strong>Tikai ES klientiem:<\/strong> Express DDP (pieg\u0101de ar samaks\u0101tu muitas nodokli). Tas noz\u012bm\u0113: <\/p>\n<ul>\n<li>Visas muitas nodevas un nodok\u013ci ir iek\u013cauti produkta lap\u0101 nor\u0101d\u012btaj\u0101 cen\u0101.<\/li>\n<li>Pieg\u0101des br\u012bd\u012b jums neb\u016bs j\u0101maks\u0101 papildu maksa.<\/li>\n<li>Retos gad\u012bjumos, kad rodas ar muitu saist\u012btas probl\u0113mas, m\u016bsu komanda j\u016bsu v\u0101rd\u0101 veiks muito\u0161anas procesu, lai nodro\u0161in\u0101tu netrauc\u0113tu pieg\u0101di.<\/li>\n<p>Svar\u012bga inform\u0101cija par atgrie\u0161anu:<\/p>\n<li>Ja nolemjat atgriezt pas\u016bt\u012bjumu vai piepras\u012bt atmaksu, l\u016bdzu, \u0146emiet v\u0113r\u0101, ka nodok\u013ci un nodevas, kas samaks\u0101ti j\u016bsu v\u0101rd\u0101 saska\u0146\u0101 ar DDP noteikumiem, nevar tikt atmaks\u0101ti.<\/li>\n<p>S\u012bk\u0101ku inform\u0101ciju skatiet m\u016bsu <a href=\"https:\/\/ayaneo.co\/terms-of-service-2\/\" target=\"_blank\" rel=\"nofollow noopener\">Noteikumos un nosac\u012bjumos<\/a>.\n<\/ul>\n<p>[\/cg_accordion]\n[cg_accordion title=\"KLIENTU ATBALSTS\"]<\/p>\n<p>Jums ir jaut\u0101jums? M\u0113s esam \u012bs\u0101 teksta att\u0101lum\u0101 no j\u016bsu jaut\u0101juma atrisin\u0101\u0161anas!<br \/>\n[\/cg_accordion]\n","protected":false},"featured_media":19388,"template":"","meta":{"_acf_changed":false},"product_brand":[],"product_cat":[1194],"product_tag":[],"class_list":{"0":"post-19359","1":"product","2":"type-product","3":"status-publish","4":"has-post-thumbnail","6":"product_cat-aksesuari","7":"product_shipping_class-low-end","8":"pa_accessory-type-grip-lv","9":"pa_accessory-type-protective-case-lv","10":"pa_accessory-type-screen-protector-lv","11":"pa_brand-ayaneo","13":"first","14":"instock","15":"sale","16":"taxable","17":"shipping-taxable","18":"purchasable","19":"product-type-simple"},"acf":[],"_links":{"self":[{"href":"https:\/\/ayaneo.co\/lv\/wp-json\/wp\/v2\/product\/19359","targetHints":{"allow":["GET"]}}],"collection":[{"href":"https:\/\/ayaneo.co\/lv\/wp-json\/wp\/v2\/product"}],"about":[{"href":"https:\/\/ayaneo.co\/lv\/wp-json\/wp\/v2\/types\/product"}],"wp:featuredmedia":[{"embeddable":true,"href":"https:\/\/ayaneo.co\/lv\/wp-json\/wp\/v2\/media\/19388"}],"wp:attachment":[{"href":"https:\/\/ayaneo.co\/lv\/wp-json\/wp\/v2\/media?parent=19359"}],"wp:term":[{"taxonomy":"product_brand","embeddable":true,"href":"https:\/\/ayaneo.co\/lv\/wp-json\/wp\/v2\/product_brand?post=19359"},{"taxonomy":"product_cat","embeddable":true,"href":"https:\/\/ayaneo.co\/lv\/wp-json\/wp\/v2\/product_cat?post=19359"},{"taxonomy":"product_tag","embeddable":true,"href":"https:\/\/ayaneo.co\/lv\/wp-json\/wp\/v2\/product_tag?post=19359"}],"curies":[{"name":"wp","href":"https:\/\/api.w.org\/{rel}","templated":true}]}}