{"id":25137,"date":"2025-06-27T08:57:04","date_gmt":"2025-06-27T08:57:04","guid":{"rendered":"https:\/\/ayaneo.co\/?post_type=product&#038;p=25137"},"modified":"2025-12-09T00:30:02","modified_gmt":"2025-12-09T00:30:02","slug":"ayaneo-kabatas-mikro-futralis-copy","status":"publish","type":"product","link":"https:\/\/ayaneo.co\/lv\/product\/ayaneo-kabatas-mikro-futralis-copy\/","title":{"rendered":"AYANEO Pocket DMG futr\u0101lis"},"content":{"rendered":"\n<h2 class=\"wp-block-heading\" id=\"h-product-overview\">Produkta p\u0101rskats:<\/h2>\n\n<p><strong>AYANEO Pocket DMG futr\u0101lis ir<\/strong> ide\u0101ls aksesu\u0101rs sp\u0113l\u0113t\u0101jiem, kuri nov\u0113rt\u0113 stilu un aizsardz\u012bbu. \u0160is futr\u0101lis ir izstr\u0101d\u0101ts t\u0101, lai tas cie\u0161i piegu\u013c AYANEO Pocket DMG konsolei, un taj\u0101 apvienoti augst\u0101k\u0101s kvalit\u0101tes materi\u0101li un kompakts izm\u0113rs, nodro\u0161inot, ka j\u016bsu sp\u0113\u013cu ier\u012bce ir dro\u0161\u012bb\u0101, lai kurp j\u016bs dotos. <\/p>\n\n<hr class=\"wp-block-separator has-alpha-channel-opacity\"\/>\n\n<h2 class=\"wp-block-heading\" id=\"h-key-features\">Galven\u0101s funkcijas:<\/h2>\n\n<p><strong>Kompakts dizains, kas piel\u0101gots<\/strong> AYANEO Pocket DMG.<\/p>\n\n<p>Iztur\u012bgi materi\u0101li <strong>uzlabotai aizsardz\u012bbai.<\/strong><\/p>\n\n<p>Viegls un p\u0101rn\u0113s\u0101jams, lai <strong>b\u016btu \u0113rti p\u0101rvietoties.<\/strong><\/p>\n\n<p>M\u012bksts iek\u0161\u0113jais oder\u0113jums, kas <strong>nov\u0113r\u0161 skr\u0101p\u0113jumus.<\/strong><\/p>\n\n<p>Gluda un stil\u012bga \u0101riene <strong>modernai est\u0113tikai.<\/strong><\/p>\n\n<hr class=\"wp-block-separator has-alpha-channel-opacity\"\/>\n\n<h2 class=\"wp-block-heading\" id=\"h-why-choose-the-ayaneo-pocket-micro-case\">K\u0101p\u0113c izv\u0113l\u0113ties AYANEO Pocket DMG futr\u0101li?<\/h2>\n\n<p>Aizsarg\u0101jiet savu ieguld\u012bjumu ar AYANEO Pocket DMG futr\u0101li, kas ir paredz\u0113ts, lai pasarg\u0101tu j\u016bsu konsoli no skr\u0101p\u0113jumiem, putek\u013ciem un nelieliem triecieniem. T\u0101 vieglais un kompaktais dizains padara to par ide\u0101lu ce\u013cojuma sabiedroto neatkar\u012bgi no t\u0101, vai dodaties uz sp\u0113\u013cu sesiju ar draugiem vai \u0146emat konsoli l\u012bdzi ce\u013c\u0101. <\/p>\n\n<hr class=\"wp-block-separator has-alpha-channel-opacity\"\/>\n\n<h3 class=\"wp-block-heading\" id=\"h-specifications\">Specifik\u0101cijas:<\/h3>\n\n<ul class=\"wp-block-list\">\n<li><strong>Materi\u0101ls:<\/strong> Iztur\u012bgs audums vai sint\u0113tisk\u0101 \u0101da<\/li>\n\n\n\n<li><strong>Savietojam\u012bba:<\/strong> AYANEO Pocket DMG konsole<\/li>\n\n\n\n<li><strong>Funkcijas:<\/strong> Iztur\u012bgs pret skr\u0101p\u0113jumiem, viegls un p\u0101rn\u0113s\u0101jams.<\/li>\n<\/ul>\n\n<p>Uzlabojiet savu sp\u0113\u013cu pieredzi ar AYANEO Pocket DMG futr\u0101l\u012bti - ide\u0101ls aizsardz\u012bbas un p\u0101rn\u0113s\u0101jam\u012bbas apvienojums!<\/p>\n\n<p><\/p>\n","protected":false},"excerpt":{"rendered":"<ul>\n<li><strong>Kompakts dizains, kas piel\u0101gots<\/strong> AYANEO Pocket DMG.<\/li>\n<li>Iztur\u012bgi materi\u0101li <strong>uzlabotai aizsardz\u012bbai.<\/strong><\/li>\n<li>Viegls un p\u0101rn\u0113s\u0101jams, lai <strong>b\u016btu \u0113rti p\u0101rvietoties.<\/strong><\/li>\n<li>M\u012bksts iek\u0161\u0113jais oder\u0113jums, kas <strong>nov\u0113r\u0161 skr\u0101p\u0113jumus.<\/strong><\/li>\n<li>Gluda un stil\u012bga \u0101riene <strong>modernai est\u0113tikai.<\/strong><\/li>\n<\/ul>\n[cg_accordion title=\"INFORM\u0100CIJA PAR MAKS\u0100JUMU\"]<\/p>\n<p>M\u0113s izmantojam jaun\u0101k\u0101s tehnolo\u0123ijas maks\u0101jumu apstr\u0101d\u0113, kas \u013cauj \u0101tri un dro\u0161i nor\u0113\u0137in\u0101ties, izmantojot Apple Pay, Google Pay, debetkarti\/kred\u012btkarti, PayPal vai BNPL metodes, piem\u0113ram, Klarna, Affirm vai AfterPay.[\/cg_accordion]\n[cg_accordion title=\"GARANTIJA\"]<\/p>\n<p>1 gada garantija no <a href=\"https:\/\/droix.net\/\" target=\"_blank\" rel=\"nofollow noopener\">DROIX Global, lai<\/a> j\u016bs b\u016btu mier\u0101.[\/cg_accordion]\n[cg_accordion title=\"CENAS, NODOK\u013bI UN PIEG\u0100DE\"]<\/p>\n<p><strong><u>Piez\u012bme:<\/u><\/strong><\/p>\n<ul>\n<li>Amerikas Savienot\u0101s Valstis Klienti: Klientiem, kas ieg\u0101d\u0101jas preces, nor\u0101d\u012bt\u0101 cena neietver ne nodokli, ne nodevas. Atbild\u012bba par muito\u0161anu un saist\u012bto nodok\u013cu\/muitas nodok\u013cu nomaksu gulstas uz klientu pleciem. <\/li>\n<li>ES klienti: Atkar\u012bb\u0101 no j\u016bsu valsts, nor\u0101d\u012bt\u0101 cena ietver piem\u0113rojamo nodokli, kas var b\u016bt l\u012bdz 25%.<\/li>\n<li>Kan\u0101das klienti: Atkar\u012bb\u0101 no j\u016bsu provinces nor\u0101d\u012btaj\u0101 cen\u0101 ir iek\u013cauti piem\u0113rojamie nodok\u013ci, kas var ietvert 5% GST un papildu provinces p\u0101rdo\u0161anas nodokli (PST), saska\u0146oto p\u0101rdo\u0161anas nodokli (HST) vai Kvebekas p\u0101rdo\u0161anas nodokli (QST).<\/li>\n<\/ul>\n<p><strong>Tikai ES klientiem:<\/strong> Express DDP (pieg\u0101de ar samaks\u0101tu muitas nodokli). Tas noz\u012bm\u0113: <\/p>\n<ul>\n<li>Visas muitas nodevas un nodok\u013ci ir iek\u013cauti produkta lap\u0101 nor\u0101d\u012btaj\u0101 cen\u0101.<\/li>\n<li>Pieg\u0101des br\u012bd\u012b jums neb\u016bs j\u0101maks\u0101 papildu maksa.<\/li>\n<li>Retos gad\u012bjumos, kad rodas ar muitu saist\u012btas probl\u0113mas, m\u016bsu komanda j\u016bsu v\u0101rd\u0101 veiks muito\u0161anas procesu, lai nodro\u0161in\u0101tu netrauc\u0113tu pieg\u0101di.<\/li>\n<p>Svar\u012bga inform\u0101cija par atgrie\u0161anu:<\/p>\n<li>Ja nolemjat atgriezt pas\u016bt\u012bjumu vai piepras\u012bt atmaksu, l\u016bdzu, \u0146emiet v\u0113r\u0101, ka nodok\u013ci un nodevas, kas samaks\u0101ti j\u016bsu v\u0101rd\u0101 saska\u0146\u0101 ar DDP noteikumiem, nevar tikt atmaks\u0101ti.<\/li>\n<p>S\u012bk\u0101ku inform\u0101ciju skatiet m\u016bsu <a href=\"https:\/\/ayaneo.co\/terms-of-service-2\/\" target=\"_blank\" rel=\"nofollow noopener\">Noteikumos un nosac\u012bjumos<\/a>.\n<\/ul>\n<p>[\/cg_accordion]\n[cg_accordion title=\"KLIENTU ATBALSTS\"]<\/p>\n<p>Jums ir jaut\u0101jums? M\u0113s esam \u012bs\u0101 teksta att\u0101lum\u0101 no j\u016bsu jaut\u0101juma atrisin\u0101\u0161anas!<br \/>\n[\/cg_accordion]\n[cg_accordion title=\"Komplekt\u0101 ietilpst\"]<\/p>\n<ul>\n<li>1x AYANEO Pocket DMG futr\u0101lis<\/li>\n<\/ul>\n<p>[\/cg_accordion]\n","protected":false},"featured_media":25160,"template":"","meta":{"_acf_changed":false},"product_brand":[],"product_cat":[1194],"product_tag":[],"class_list":{"0":"post-25137","1":"product","2":"type-product","3":"status-publish","4":"has-post-thumbnail","6":"product_cat-aksesuari","7":"product_shipping_class-low-end","8":"pa_accessory-type-protective-case-lv","9":"pa_brand-ayaneo","11":"first","12":"instock","13":"sale","14":"taxable","15":"shipping-taxable","16":"purchasable","17":"product-type-simple"},"acf":[],"_links":{"self":[{"href":"https:\/\/ayaneo.co\/lv\/wp-json\/wp\/v2\/product\/25137","targetHints":{"allow":["GET"]}}],"collection":[{"href":"https:\/\/ayaneo.co\/lv\/wp-json\/wp\/v2\/product"}],"about":[{"href":"https:\/\/ayaneo.co\/lv\/wp-json\/wp\/v2\/types\/product"}],"wp:featuredmedia":[{"embeddable":true,"href":"https:\/\/ayaneo.co\/lv\/wp-json\/wp\/v2\/media\/25160"}],"wp:attachment":[{"href":"https:\/\/ayaneo.co\/lv\/wp-json\/wp\/v2\/media?parent=25137"}],"wp:term":[{"taxonomy":"product_brand","embeddable":true,"href":"https:\/\/ayaneo.co\/lv\/wp-json\/wp\/v2\/product_brand?post=25137"},{"taxonomy":"product_cat","embeddable":true,"href":"https:\/\/ayaneo.co\/lv\/wp-json\/wp\/v2\/product_cat?post=25137"},{"taxonomy":"product_tag","embeddable":true,"href":"https:\/\/ayaneo.co\/lv\/wp-json\/wp\/v2\/product_tag?post=25137"}],"curies":[{"name":"wp","href":"https:\/\/api.w.org\/{rel}","templated":true}]}}