{"id":29354,"date":"2025-01-20T12:04:53","date_gmt":"2025-01-20T12:04:53","guid":{"rendered":"https:\/\/ayaneo.co\/product\/ayaneo-next\/"},"modified":"2025-08-01T10:33:56","modified_gmt":"2025-08-01T10:33:56","slug":"ayaneo-next","status":"publish","type":"product","link":"https:\/\/ayaneo.co\/lv\/product\/ayaneo-next\/","title":{"rendered":"AYANEO NEXT"},"content":{"rendered":"\n<figure class=\"wp-block-image\"><img decoding=\"async\" src=\"https:\/\/droix.net\/wp-content\/uploads\/2022\/01\/product-overview-1024x584.png\" alt=\"\" title=\"AYA NEO NEXT 1\" \/><\/figure>\n\n<h2 class=\"wp-block-heading\">AMD Ryzen Zen 3 konsole<\/h2>\n\n<p>L\u012bdz 4,5 GHz izejas jauda<\/p>\n\n<p>Kad runa ir par apstr\u0101des jaudu, AYANEO Next PC Gaming Handheld nav nek\u0101ds d\u012bv\u0101ns.<\/p>\n\n<p>&#8220;Zirgsp\u0113ku\" nodro\u0161ina AMD Ryzen 7 5825U procesors, kura pamat\u0101 ir jaun\u0101k\u0101 ZEN 3 arhitekt\u016bra. Tas nodro\u0161ina vienm\u0113r\u012bgu sp\u0113\u013cu sp\u0113l\u0113\u0161anu, vienlaikus saglab\u0101jot minim\u0101lu akumulatora pat\u0113ri\u0146u. Ryzen 7 APU, kas atrodams AYANEO Next, ir balst\u012bts uz TSMC 7 nm FinFET litogr\u0101fiju.  <\/p>\n\n<p>5825U Ryzen 7 procesors ir asto\u0146kodolu procesors ar 16 izpildes pavedieniem. Tas var darboties d\u012bkst\u0101ves re\u017e\u012bm\u0101 ar frekvenci 2,0 GHz un paaugstin\u0101t frekvenci l\u012bdz 4,5 GHz, ja ir liela slodze. Savienojum\u0101 ar AYA Space programmat\u016bru varat konfigur\u0113t AYANEO Next Handheld TDP l\u012bdz 32 W, lai nodro\u0161in\u0101tu v\u0113l liel\u0101ku veiktsp\u0113ju.  <\/p>\n\n<p>J\u016bsu sp\u0113les b\u016bs iev\u0113rojami \u0101tr\u0101kas, sal\u012bdzinot ar jaun\u0101k\u0101s paaudzes datorsp\u0113\u013cu konsol\u0113m.  <\/p>\n\n<p>Lai pal\u012bdz\u0113tu ar apstr\u0101des jaudu, j\u016bs atrad\u012bsiet ar\u012b 16 GB divkan\u0101lu LPDDR4x RAM, kas nodro\u0161in\u0101s atbilst\u012bbu arvien pieaugo\u0161aj\u0101m sist\u0113mas pras\u012bb\u0101m. Run\u0101jot par sist\u0113mas pras\u012bb\u0101m, ir divas atmi\u0146as opcijas: 1 TB un 2 TB - tas nodro\u0161in\u0101s pietiekami daudz vietas jaun\u0101kaj\u0101m datorsp\u0113l\u0113m. (Skatoties uz tevi, Call of Duty) j  <\/p>\n\n<figure class=\"wp-block-image\"><img decoding=\"async\" src=\"https:\/\/droix.net\/wp-content\/uploads\/elementor\/thumbs\/processor-q8z5das1ql6n9ve6zhwvyxoict8wyvevo2ttgvwkqo.png\" alt=\"procesors\" title=\"procesors\" \/><\/figure>\n\n<h2 class=\"wp-block-heading\">AYANEO N\u0101kamais AMD GPU<\/h2>\n\n<p>Sp\u0113l\u0113jiet jaun\u0101k\u0101s AAA sp\u0113les<\/p>\n\n<p>AYANEO Next ir apr\u012bkots ar AMD grafikas procesoriem, kas ir ide\u0101li piem\u0113roti sp\u0113l\u0113m, kad esat ce\u013c\u0101. Sp\u0113\u013cu kopien\u0101 ir labi zin\u0101ms, ka AMD iegulda papildu p\u016bles, lai nodro\u0161in\u0101tu integr\u0101ciju un sader\u012bbu ar jaun\u0101kaj\u0101m tirg\u016b pieejamaj\u0101m sp\u0113l\u0113m. <\/p>\n\n<p>AYANEO Next grafisk\u0101 mikrosh\u0113ma ir par 17% \u0101tr\u0101ka sal\u012bdzino\u0161ajos testos, sal\u012bdzinot ar vec\u0101s paaudzes AMD Graphics. Apvienojum\u0101 ar programmat\u016bru AYA Space, kas \u013cauj kontrol\u0113t konsoles TDP, un lielisko dzes\u0113\u0161anas risin\u0101jumu AYANEO Next ir sp\u0113\u013cu zv\u0113rs. <\/p>\n\n<h2 class=\"wp-block-heading\">Drosm\u012bgs un spilgts<\/h2>\n\n<p>7\u2033 IPS displejs<\/p>\n\n<p>Kad sp\u0113l\u0113jat sp\u0113les, \u0101trums un FPS nav viss (labi, tas ir aptuveni 90 % no pieredzes), bet \u013coti svar\u012bgs ir medijs, ar kura pal\u012bdz\u012bbu j\u016bs \u0161o pieredzi uztverat.<\/p>\n\n<p>T\u0101p\u0113c AYANEO Next ir apr\u012bkots ar skaistu 1280*800 H-IPS sk\u0101rienekr\u0101nu.<\/p>\n\n<figure class=\"wp-block-image\"><img decoding=\"async\" src=\"https:\/\/droix.net\/wp-content\/uploads\/2022\/01\/AYANEO-NEXT-BRIGHT-WHITE-MARKETING-PICTURE-2-scaled.jpg\" alt=\"AYANEO-NEXT-BRIGHT-WHITE-MARKETING-PICTURE-2\" title=\"AYA NEO NEXT 2\" \/><\/figure>\n\n<figure class=\"wp-block-image\"><img decoding=\"async\" src=\"https:\/\/droix.net\/wp-content\/uploads\/2022\/01\/AYANEO-NEXT-JET-BLACK-MARKETING-PICTURE-2-scaled.jpg\" alt=\"AYANEO-NEXT-JET-BLACK-MARKETING-PICTURE-2\" title=\"AYA NEO NEXT 3\" \/><\/figure>\n\n<figure class=\"wp-block-image\"><img decoding=\"async\" src=\"https:\/\/droix.net\/wp-content\/uploads\/2022\/01\/AYANEO-NEXT-MIDNIGHT-BLUE-MARKETING-PICTURE-4-scaled.jpg\" alt=\"AYANEO-NEXT-MIDNIGHT-BLUE-MARKETING-PICTURE-4\" title=\"AYA NEO NEXT 4\" \/><\/figure>\n\n<figure class=\"wp-block-image\"><img decoding=\"async\" src=\"https:\/\/droix.net\/wp-content\/uploads\/2022\/01\/AYANEO-NEXT-PASTEL-BLUE-MARKETING-PICTURE-7-scaled.jpg\" alt=\"AYANEO-NEXT-PASTEL-BLUE-MARKETING-PICTURE-7\" title=\"AYA NEO NEXT 5\" \/><\/figure>\n\n<h2 class=\"wp-block-heading\">Sp\u0113les no A l\u012bdz Z<\/h2>\n\n<p>AYANEO Next PC Gaming Handheld ir apr\u012bkots ar vislab\u0101ko aparat\u016bru, lai j\u016bsu sp\u0113\u013cu sesijas b\u016btu vis\u0113rt\u0101k\u0101s.<\/p>\n\n<figure class=\"wp-block-image\"><img decoding=\"async\" src=\"https:\/\/droix.net\/wp-content\/uploads\/2022\/01\/high-quality-build.png\" alt=\"\" title=\"AYA NEO NEXT 6\" \/><\/figure>\n\n<figure class=\"wp-block-image\"><img decoding=\"async\" src=\"https:\/\/droix.net\/wp-content\/uploads\/2022\/01\/shoulder-buttons.png\" alt=\"\" title=\"AYA NEO NEXT 7\" \/><\/figure>\n\n<figure class=\"wp-block-image\"><img decoding=\"async\" src=\"https:\/\/droix.net\/wp-content\/uploads\/2022\/01\/fingerprint.png\" alt=\"\" title=\"AYA NEO NEXT 8\" \/><\/figure>\n","protected":false},"excerpt":{"rendered":"<ul>\n<li>AMD\u00ae <strong>Ryzen\u2122 7 5825U ar<\/strong> AMD Radeon\u2122 Vega 8 grafikas procesoriem<\/li>\n<li><strong>16 GB divkan\u0101lu<\/strong> LPDDR4x @ 4266 MHz<\/li>\n<li><strong>2 TB\/2 TB \u0101trgaitas<\/strong> PCI-E NVMe SSD<\/li>\n<li><strong>7\u2033 H-IPS<\/strong> sk\u0101rienekr\u0101ns<\/li>\n<li><strong>WiFi 6 IEEE<\/strong> un <strong>Bluetooth 5.2 atbalsts<\/strong> <\/li>\n<\/ul>\n[cg_accordion title=\"INFORM\u0100CIJA PAR MAKS\u0100JUMU\"]<\/p>\n<p>M\u0113s izmantojam jaun\u0101k\u0101s tehnolo\u0123ijas maks\u0101jumu apstr\u0101d\u0113, kas \u013cauj \u0101tri un dro\u0161i nor\u0113\u0137in\u0101ties, izmantojot Apple Pay, Google Pay, debetkarti\/kred\u012btkarti, PayPal vai BNPL metodes, piem\u0113ram, Klarna, Affirm vai AfterPay.[\/cg_accordion]\n[cg_accordion title=\"GARANTIJA\"]<\/p>\n<p>1 gada garantija no <a href=\"https:\/\/droix.net\/\" target=\"_blank\" rel=\"nofollow noopener\">DROIX Global<\/a>, lai j\u016bs b\u016btu mier\u0101.[\/cg_accordion]\n[cg_accordion title=\"CENAS, NODOK\u013bI UN PIEG\u0100DE\"]<\/p>\n<p><strong><u>Piez\u012bme:<\/u><\/strong><\/p>\n<ul>\n<li>Amerikas Savienot\u0101s Valstis Klienti: Klientiem, kas ieg\u0101d\u0101jas preces, nor\u0101d\u012bt\u0101 cena neietver ne nodokli, ne nodevas. Atbild\u012bba par muito\u0161anu un saist\u012bto nodok\u013cu\/muitas nodok\u013cu nomaksu gulstas uz klienta pleciem. <\/li>\n<li>ES klienti: Atkar\u012bb\u0101 no j\u016bsu valsts, nor\u0101d\u012bt\u0101 cena ietver piem\u0113rojamo nodokli, kas var b\u016bt l\u012bdz 25%.<\/li>\n<li>Kan\u0101das klienti: Atkar\u012bb\u0101 no j\u016bsu provinces nor\u0101d\u012btaj\u0101 cen\u0101 ir iek\u013cauti piem\u0113rojamie nodok\u013ci, kas var ietvert 5% GST un papildu provinces p\u0101rdo\u0161anas nodokli (PST), saska\u0146oto p\u0101rdo\u0161anas nodokli (HST) vai Kvebekas p\u0101rdo\u0161anas nodokli (QST).<\/li>\n<\/ul>\n<p><strong>Tikai ES klientiem:<\/strong> Express DDP (pieg\u0101de ar samaks\u0101tu muitas nodokli). Tas noz\u012bm\u0113: <\/p>\n<ul>\n<li>Visas muitas nodevas un nodok\u013ci ir iek\u013cauti produkta lap\u0101 nor\u0101d\u012btaj\u0101 cen\u0101.<\/li>\n<li>Pieg\u0101des br\u012bd\u012b jums neb\u016bs j\u0101maks\u0101 papildu maksa.<\/li>\n<li>Retos gad\u012bjumos, kad rodas ar muitu saist\u012btas probl\u0113mas, m\u016bsu komanda j\u016bsu v\u0101rd\u0101 veiks muito\u0161anas procesu, lai nodro\u0161in\u0101tu netrauc\u0113tu pieg\u0101di.<\/li>\n<p>Svar\u012bga inform\u0101cija par atgrie\u0161anu:<\/p>\n<li>Ja nolemjat atgriezt pas\u016bt\u012bjumu vai piepras\u012bt atmaksu, l\u016bdzu, \u0146emiet v\u0113r\u0101, ka nodok\u013ci un nodevas, kas samaks\u0101ti j\u016bsu v\u0101rd\u0101 saska\u0146\u0101 ar DDP noteikumiem, nevar tikt atmaks\u0101ti.<\/li>\n<p>S\u012bk\u0101ku inform\u0101ciju skatiet m\u016bsu <a href=\"https:\/\/ayaneo.co\/terms-of-service-2\/\" target=\"_blank\" rel=\"nofollow noopener\">Noteikumos un nosac\u012bjumos<\/a>.\n<\/ul>\n<p>[\/cg_accordion]\n[cg_accordion title=\"KLIENTU ATBALSTS\"]<\/p>\n<p>Jums ir jaut\u0101jums? M\u0113s esam \u012bs\u0101 teksta att\u0101lum\u0101 no j\u016bsu jaut\u0101juma atrisin\u0101\u0161anas!<br \/>\n[\/cg_accordion]\n[cg_accordion title=\"Komplekt\u0101 ietilpst\"]<\/p>\n<ul>\n<li>1x AYANEO NEXT<\/li>\n<li>1x C tipa USB kabelis<\/li>\n<li>1x lietot\u0101ja rokasgr\u0101mata<\/li>\n<\/ul>\n<p>[\/cg_accordion]\n","protected":false},"featured_media":29355,"template":"","meta":{"_acf_changed":false},"product_brand":[],"product_cat":[1216],"product_tag":[],"class_list":{"0":"post-29354","1":"product","2":"type-product","3":"status-publish","4":"has-post-thumbnail","6":"product_cat-rokas-spelu-datori","7":"product_shipping_class-premium","8":"pa_brand-ayaneo","9":"pa_graphics-gpu-model-radeon-graphics","10":"pa_operating-system-windows-11-home","11":"pa_processor-cpu-brand-amd","13":"first","14":"outofstock","15":"sale","16":"taxable","17":"shipping-taxable","18":"purchasable","19":"product-type-variable","20":"has-default-attributes"},"acf":[],"_links":{"self":[{"href":"https:\/\/ayaneo.co\/lv\/wp-json\/wp\/v2\/product\/29354","targetHints":{"allow":["GET"]}}],"collection":[{"href":"https:\/\/ayaneo.co\/lv\/wp-json\/wp\/v2\/product"}],"about":[{"href":"https:\/\/ayaneo.co\/lv\/wp-json\/wp\/v2\/types\/product"}],"wp:featuredmedia":[{"embeddable":true,"href":"https:\/\/ayaneo.co\/lv\/wp-json\/wp\/v2\/media\/29355"}],"wp:attachment":[{"href":"https:\/\/ayaneo.co\/lv\/wp-json\/wp\/v2\/media?parent=29354"}],"wp:term":[{"taxonomy":"product_brand","embeddable":true,"href":"https:\/\/ayaneo.co\/lv\/wp-json\/wp\/v2\/product_brand?post=29354"},{"taxonomy":"product_cat","embeddable":true,"href":"https:\/\/ayaneo.co\/lv\/wp-json\/wp\/v2\/product_cat?post=29354"},{"taxonomy":"product_tag","embeddable":true,"href":"https:\/\/ayaneo.co\/lv\/wp-json\/wp\/v2\/product_tag?post=29354"}],"curies":[{"name":"wp","href":"https:\/\/api.w.org\/{rel}","templated":true}]}}