{"id":30063,"date":"2025-08-06T10:57:49","date_gmt":"2025-08-06T10:57:49","guid":{"rendered":"https:\/\/ayaneo.co\/?post_type=product&#038;p=30063"},"modified":"2026-01-06T00:26:24","modified_gmt":"2026-01-06T00:26:24","slug":"ayaneo-3-pocket-evo-thumb-stick-grip-caps-precizitate-un-komforts-ikvienam-kustibai-copy","status":"publish","type":"product","link":"https:\/\/ayaneo.co\/lv\/product\/ayaneo-3-pocket-evo-thumb-stick-grip-caps-precizitate-un-komforts-ikvienam-kustibai-copy\/","title":{"rendered":"AYANEO Pocket ACE rokturi"},"content":{"rendered":"\n<h2 class=\"wp-block-heading\">Produkta p\u0101rskats:<\/h2>\n\n<p><strong>AYANEO Pocket ACE rokturi ir<\/strong> izstr\u0101d\u0101ti, lai nodro\u0161in\u0101tu liel\u0101ku komfortu un kontroli sp\u0113\u013cu sesij\u0101s. \u0160ie ergonomiskie rokturi ir viegli piestiprin\u0101mi pie <strong>AYANEO Pocket ACE,<\/strong> nodro\u0161inot dro\u0161u un \u0113rtu satv\u0113rienu, samazinot nogurumu un nodro\u0161inot prec\u012bzu kontroli ilgsto\u0161as sp\u0113l\u0113\u0161anas laik\u0101. <\/p>\n\n<ol class=\"wp-block-list\">\n<li><strong>Ergonomisks dizains<\/strong> maksim\u0101lam komfortam sp\u0113les laik\u0101.<\/li>\n\n\n\n<li><strong>Ide\u0101li piem\u0113rots<\/strong> <strong>AYANEO Pocket ACE.<\/strong><\/li>\n\n\n\n<li>Iztur\u012bgs materi\u0101ls <strong>ilgsto\u0161ai lieto\u0161anai.<\/strong><\/li>\n\n\n\n<li>Viegli piestiprin\u0101ms un no\u0146emams <strong>\u0101trai uzst\u0101d\u012b\u0161anai.<\/strong><\/li>\n\n\n\n<li>Uzlabots satv\u0113riens <strong>lab\u0101kai kontrolei un precizit\u0101tei.<\/strong><\/li>\n<\/ol>\n\n<hr class=\"wp-block-separator has-alpha-channel-opacity\"\/>\n\n<h2 class=\"wp-block-heading\">K\u0101p\u0113c izv\u0113l\u0113ties <strong>AYANEO Pocket ACE?<\/strong><\/h2>\n\n<p>Neatkar\u012bgi no t\u0101, vai c\u012bn\u0101ties intens\u012bv\u0101s vair\u0101ku sp\u0113l\u0113t\u0101ju sp\u0113l\u0113s vai izbaud\u0101t garas viena sp\u0113l\u0113t\u0101ja kampa\u0146as, AYANEO Pocket <strong>ACE pied\u0101v\u0101 aizraujo\u0161\u0101ku<\/strong> un \u0113rt\u0101ku sp\u0113l\u0113\u0161anas <strong>pieredzi<\/strong>. To ergonomiskais dizains un dro\u0161a piegu\u013c\u0161ana nodro\u0161ina, ka varat sp\u0113l\u0113t stund\u0101m ilgi, neizj\u016btot diskomfortu un nesl\u012bdot. <\/p>\n\n<hr class=\"wp-block-separator has-alpha-channel-opacity\"\/>\n\n<h2 class=\"wp-block-heading\">Specifik\u0101cijas:<\/h2>\n\n<ul class=\"wp-block-list\">\n<li><strong>Materi\u0101ls:<\/strong> Iztur\u012bga plastmasa ar ergonomisku tekstur\u0113tu virsmu<\/li>\n\n\n\n<li><strong>Savietojam\u012bba:<\/strong> <strong>AYANEO Pocket ACE<\/strong><\/li>\n\n\n\n<li><strong>Funkcijas:<\/strong> Viegls, iztur\u012bgs un viegli piestiprin\u0101ms<\/li>\n<\/ul>\n\n<p>Uzlabojiet savu <strong>AYANEO Pocket ACE ar<\/strong> \u0161iem rokturiem, lai sp\u0113l\u0113\u0161ana b\u016btu \u0113rta un prec\u012bza - jo katrs g\u0101jiens ir svar\u012bgs!<\/p>\n\n<p><\/p>\n","protected":false},"excerpt":{"rendered":"<ul>\n<li><strong>Ergonomisks dizains<\/strong> maksim\u0101lam komfortam sp\u0113les laik\u0101.<\/li>\n<li><strong>Ide\u0101li piem\u0113rots<\/strong> AYANEO Pocket ACE.<\/li>\n<li>Iztur\u012bgs materi\u0101ls <strong>ilgsto\u0161ai lieto\u0161anai.<\/strong><\/li>\n<li>Viegli piestiprin\u0101ms un no\u0146emams <strong>\u0101trai uzst\u0101d\u012b\u0161anai.<\/strong><\/li>\n<li>Uzlabots satv\u0113riens <strong>lab\u0101kai kontrolei un precizit\u0101tei.<\/strong><\/li>\n<\/ul>\n[cg_accordion title=\"INFORM\u0100CIJA PAR MAKS\u0100JUMU\"]<\/p>\n<p>M\u0113s izmantojam jaun\u0101k\u0101s tehnolo\u0123ijas maks\u0101jumu apstr\u0101d\u0113, kas \u013cauj \u0101tri un dro\u0161i nor\u0113\u0137in\u0101ties, izmantojot Apple Pay, Google Pay, debetkarti\/kred\u012btkarti, PayPal vai BNPL metodes, piem\u0113ram, Klarna, Affirm vai AfterPay.[\/cg_accordion]\n[cg_accordion title=\"GARANTIJA\"]<\/p>\n<p>1 gada garantija no <a href=\"https:\/\/droix.net\/\" target=\"_blank\" rel=\"nofollow noopener\">DROIX Global, lai<\/a> j\u016bs b\u016btu mier\u0101.[\/cg_accordion]\n[cg_accordion title=\"KVALIT\u0100TES NODRO\u0160IN\u0100\u0160ANA UN PIRMSNOS\u016aT\u012a\u0160ANAS TEST\u0112\u0160ANA\"]<\/p>\n<p>Klientu apmierin\u0101t\u012bbas nodro\u0161in\u0101\u0161ana augst\u0101kaj\u0101 l\u012bmen\u012b: Katra ier\u012bce pirms nos\u016bt\u012b\u0161anas tiek r\u016bp\u012bgi test\u0113ta un p\u0101rbaud\u012bta vair\u0101kos kvalit\u0101tes nodro\u0161in\u0101\u0161anas punktos. M\u016bsu komanda p\u0101rbauda veiktsp\u0113ju, funkcionalit\u0101ti un komponentu integrit\u0101ti, lai garant\u0113tu, ka j\u016bsu AYANEO ier\u012bce p\u0113c sa\u0146em\u0161anas ir ide\u0101l\u0101 darba k\u0101rt\u012bb\u0101, sniedzot jums p\u0101rliec\u012bbu un mieru. [\/cg_accordion]\n[cg_accordion title=\"CENAS, NODOK\u013bI UN PIEG\u0100DE\"]<\/p>\n<p><strong><u>Piez\u012bme:<\/u><\/strong><\/p>\n<ul>\n<li>Amerikas Savienot\u0101s Valstis Klienti: Klientiem, kas ieg\u0101d\u0101jas preces, nor\u0101d\u012bt\u0101 cena neietver ne nodokli, ne nodevas. Atbild\u012bba par muito\u0161anu un saist\u012bto nodok\u013cu\/muitas nodok\u013cu nomaksu gulstas uz klientu pleciem. <\/li>\n<li>ES klienti: Atkar\u012bb\u0101 no j\u016bsu valsts, nor\u0101d\u012bt\u0101 cena ietver piem\u0113rojamo nodokli, kas var b\u016bt l\u012bdz 25%.<\/li>\n<li>Kan\u0101das klienti: Atkar\u012bb\u0101 no j\u016bsu provinces nor\u0101d\u012btaj\u0101 cen\u0101 ir iek\u013cauti piem\u0113rojamie nodok\u013ci, kas var ietvert 5% GST un papildu provinces p\u0101rdo\u0161anas nodokli (PST), saska\u0146oto p\u0101rdo\u0161anas nodokli (HST) vai Kvebekas p\u0101rdo\u0161anas nodokli (QST).<\/li>\n<\/ul>\n<p><strong>Tikai ES klientiem:<\/strong> Express DDP (pieg\u0101de ar samaks\u0101tu muitas nodokli). Tas noz\u012bm\u0113: <\/p>\n<ul>\n<li>Visas muitas nodevas un nodok\u013ci ir iek\u013cauti produkta lap\u0101 nor\u0101d\u012btaj\u0101 cen\u0101.<\/li>\n<li>Pieg\u0101des br\u012bd\u012b jums neb\u016bs j\u0101maks\u0101 papildu maksa.<\/li>\n<li>Retos gad\u012bjumos, kad rodas ar muitu saist\u012btas probl\u0113mas, m\u016bsu komanda j\u016bsu v\u0101rd\u0101 veiks muito\u0161anas procesu, lai nodro\u0161in\u0101tu netrauc\u0113tu pieg\u0101di.<\/li>\n<p>Svar\u012bga inform\u0101cija par atgrie\u0161anu:<\/p>\n<li>Ja nolemjat atgriezt pas\u016bt\u012bjumu vai piepras\u012bt atmaksu, l\u016bdzu, \u0146emiet v\u0113r\u0101, ka nodok\u013ci un nodevas, kas samaks\u0101ti j\u016bsu v\u0101rd\u0101 saska\u0146\u0101 ar DDP noteikumiem, nevar tikt atmaks\u0101ti.<\/li>\n<p>S\u012bk\u0101ku inform\u0101ciju skatiet m\u016bsu <a href=\"https:\/\/ayaneo.co\/lv\/pakalpojumu-sniegsanas-noteikumi\/\" target=\"_blank\" rel=\"nofollow noopener\">Noteikumos un nosac\u012bjumos<\/a>.\n<\/ul>\n<p>[\/cg_accordion]\n[cg_accordion title=\"KLIENTU ATBALSTS\"]<\/p>\n<p>Jums ir jaut\u0101jums? M\u0113s esam \u012bs\u0101 teksta att\u0101lum\u0101 no j\u016bsu jaut\u0101juma atrisin\u0101\u0161anas! [\/cg_accordion]\n[cg_accordion title=\"IEPAKOJUM\u0100 IETILPST\"]<\/p>\n<ul>\n<li>1x AYANEO Pocket ACE rokturi<\/li>\n<\/ul>\n<p>[\/cg_accordion]\n","protected":false},"featured_media":30086,"template":"","meta":{"_acf_changed":false},"product_brand":[],"product_cat":[1194],"product_tag":[],"class_list":{"0":"post-30063","1":"product","2":"type-product","3":"status-publish","4":"has-post-thumbnail","6":"product_cat-aksesuari","7":"product_shipping_class-low-end","9":"first","10":"outofstock","11":"sale","12":"taxable","13":"shipping-taxable","14":"purchasable","15":"product-type-simple"},"acf":[],"_links":{"self":[{"href":"https:\/\/ayaneo.co\/lv\/wp-json\/wp\/v2\/product\/30063","targetHints":{"allow":["GET"]}}],"collection":[{"href":"https:\/\/ayaneo.co\/lv\/wp-json\/wp\/v2\/product"}],"about":[{"href":"https:\/\/ayaneo.co\/lv\/wp-json\/wp\/v2\/types\/product"}],"wp:featuredmedia":[{"embeddable":true,"href":"https:\/\/ayaneo.co\/lv\/wp-json\/wp\/v2\/media\/30086"}],"wp:attachment":[{"href":"https:\/\/ayaneo.co\/lv\/wp-json\/wp\/v2\/media?parent=30063"}],"wp:term":[{"taxonomy":"product_brand","embeddable":true,"href":"https:\/\/ayaneo.co\/lv\/wp-json\/wp\/v2\/product_brand?post=30063"},{"taxonomy":"product_cat","embeddable":true,"href":"https:\/\/ayaneo.co\/lv\/wp-json\/wp\/v2\/product_cat?post=30063"},{"taxonomy":"product_tag","embeddable":true,"href":"https:\/\/ayaneo.co\/lv\/wp-json\/wp\/v2\/product_tag?post=30063"}],"curies":[{"name":"wp","href":"https:\/\/api.w.org\/{rel}","templated":true}]}}