{"id":44922,"date":"2026-02-03T13:07:54","date_gmt":"2026-02-03T13:07:54","guid":{"rendered":"https:\/\/ayaneo.co\/product\/biwin-mini-ssd\/"},"modified":"2026-02-12T09:58:39","modified_gmt":"2026-02-12T09:58:39","slug":"biwin-mini-ssd","status":"publish","type":"product","link":"https:\/\/ayaneo.co\/lv\/product\/biwin-mini-ssd\/","title":{"rendered":"BIWIN Mini SSD"},"content":{"rendered":"\n<h2 class=\"wp-block-heading\">BIWIN Mini SSD: Jauna uzglab\u0101\u0161anas veiktsp\u0113jas \u0113ra<\/h2>\n\n<p>\u013boti konkur\u0113tsp\u0113j\u012bgaj\u0101 portat\u012bvo datu glab\u0101\u0161anas ier\u012b\u010du pasaul\u0113 BIWIN <strong>Mini SSD k\u013c\u016bst<\/strong> par \u012bstu jaud\u012bgu ier\u012bci, kas pied\u0101v\u0101 elit\u0101ru veiktsp\u0113ju un iztur\u012bgu iztur\u012bbu, lai apmierin\u0101tu ikviena pras\u012bga lietot\u0101ja pras\u012bbas. \u0160\u012b ier\u012bce ir bezkompromisa \u0101truma apliecin\u0101jums, kas ir l\u0113ciens uz priek\u0161u \u012bpa\u0161i kompakto datu glab\u0101\u0161anas tehnolo\u0123iju jom\u0101. BIWIN Mini SSD ir dizaina un jaudas br\u012bnums, kas pied\u0101v\u0101 flagma\u0146a l\u012bme\u0146a datu glab\u0101\u0161anas pieredzi, nep\u0101rsp\u0113jamu p\u0101rn\u0113s\u0101jam\u012bbu un inovat\u012bvu funkciju kopumu, kas to izvirza tirgus virsotn\u0113. Izstr\u0101d\u0101ts profesion\u0101\u013ciem un entuziastiem, kas pieprasa elites \u0101trumu un augst\u0101k\u0101s klases, funkcij\u0101m bag\u0101tu risin\u0101jumu, \u0161is diskdzinis nojauc robe\u017eas datu apstr\u0101dei ce\u013c\u0101.   <\/p>\n\n<p>BIWIN Mini SSD ir inov\u0101ciju tit\u0101ns augstas klases kompakto atmi\u0146as ier\u012b\u010du jom\u0101. Mini SSD, kas darbojas ar modern\u0101kaj\u0101m <strong>PCIe Gen4x2 un<\/strong> <strong>NVMe 1.4 tehnolo\u0123ij\u0101m<\/strong>, nodro\u0161ina elpu aizraujo\u0161u veiktsp\u0113ju ar sec\u012bg\u0101s las\u012b\u0161anas \u0101trumu l\u012bdz 3700 MB\/s <strong>un rakst\u012b\u0161anas \u0101trumu l\u012bdz<\/strong> 3400 MB\/s. \u0160is \u0101trums p\u0101rsp\u0113j tradicion\u0101lo microSD kar\u0161u veiktsp\u0113jas griestus, t\u0101d\u0113j\u0101di Mini SSD k\u013c\u016bst par lielisku, \u0101trdarb\u012bgu aizst\u0101j\u0113ju. \u0160\u012b jauda ir ievietota \u012bpa\u0161i kompakt\u0101 korpus\u0101, kura izm\u0113ri ir tikai <strong>15,0 mm \u00d7 17,0 mm \u00d7 1,4 mm, un tas ir iesp\u0113jams, pateicoties uzlabotajam<\/strong>LGA (Land Grid Array) <a href=\"https:\/\/en.wikipedia.org\/wiki\/Land_grid_array\" target=\"_blank\" rel=\"noopener nofollow\" title=\"\">iepakojumam.<\/a>    <\/p>\n\n<p><strong>Mini<\/strong> SSD ir pieejams ar <strong>512 GB, 1 TB un 2 TB<\/strong> lielu ietilp\u012bbu <strong>,<\/strong> un <strong>tas<\/strong> nodro\u0161ina izcilu glab\u0101\u0161anas vietu t\u0101d\u0101m sare\u017e\u0123\u012bt\u0101m darba slodz\u0113m k\u0101 sadarb\u012bba m\u0101ko\u0146os un re\u0101llaika datu apstr\u0101de.<\/p>\n\n<h2 class=\"wp-block-heading\"><strong>Piez\u012bme par rokas ier\u012bces veiktsp\u0113ju<\/strong><\/h2>\n\n<p>\u012apa\u0161u galveno ier\u012b\u010du lietot\u0101jiem ir svar\u012bgi \u0146emt v\u0113r\u0101, ka, lai gan Mini SSD pied\u0101v\u0101 maksim\u0101lo teor\u0113tisko \u0101trumu 3700 MB\/s, t\u0101 re\u0101lo veiktsp\u0113ju ierobe\u017eo galven\u0101s ier\u012bces slota specifik\u0101cijas. Piem\u0113ram, uzst\u0101dot to sader\u012bg\u0101s sp\u0113\u013cu portat\u012bvaj\u0101s ier\u012bc\u0113s, diska \u0101trums parasti ir ierobe\u017eots, jo ier\u012bce izmanto mini PCIe 4&#215;1 <strong>konfigur\u0101ciju (nevis<\/strong> pilnu 4&#215;2 specifik\u0101ciju). Pamatojoties uz CrystalDiskMark testiem, lietot\u0101ji var sagaid\u012bt vid\u0113jo las\u012b\u0161anas un rakst\u012b\u0161anas \u0101trumu aptuveni 1700 <strong>MB\/s.<\/strong> Tas joproj\u0101m nodro\u0161ina uzticamu, \u0101trdarb\u012bgu veiktsp\u0113ju, kas iev\u0113rojami p\u0101rsniedz microSD alternat\u012bvas, lai gan tas var neatspogu\u013cot diska absol\u016bto maksim\u0101lo teor\u0113tisko potenci\u0101lu.   <\/p>\n\n<p>Ier\u012bcei ir bezkompromisa uzticam\u012bba, un tai ir iztur\u012bga konstrukcija ar IP68 <strong>klasi, kas nodro\u0161ina visaptvero\u0161u<\/strong> aizsardz\u012bbu <strong>pret<\/strong> putek\u013ciem un \u016bdeni, t\u0101p\u0113c t\u0101 ir piem\u0113rota visnelabv\u0113l\u012bg\u0101kajiem apst\u0101k\u013ciem. Nep\u0101rsp\u0113jamu datu uzticam\u012bbu nodro\u0161ina uzlabota programmaparat\u016bra, tostarp dinamiska SLC ke\u0161atmi\u0146a un nolietojuma izl\u012bdzin\u0101\u0161ana, savuk\u0101rt t\u0101s iztur\u012bbu pastiprina LGA iepakojums, kas \u013cauj tai iztur\u0113t kritienus no augstuma l\u012bdz pat 3 metriem. Pateicoties univers\u0101lajam modul\u0101rajam slotu dizainam, \u0161is ir iztur\u012bgs un n\u0101kotnes pras\u012bb\u0101m atbilsto\u0161s pal\u012bgs lietojumiem mobilaj\u0101s ier\u012bc\u0113s, sp\u0113\u013cu rokas ier\u012bc\u0113m (piem\u0113ram, GPD WIN 5 un ONEXPLAYER Super X) un malu skait\u013co\u0161anas ier\u012bc\u0113m.  <\/p>\n","protected":false},"excerpt":{"rendered":"\n<ul>\n<li>Saskarne: <strong>PCIe Gen4x2 ar<\/strong> **NVMe 1.4** protokolu.<\/li>\n<li>Veidnes faktors: <strong>\u012apa\u0161i kompakts LGA iepakojums (<\/strong> 15,0 mm \u00d7 17,0 mm \u00d7 1,4 mm).<\/li>\n<li>Veiktsp\u0113ja: L\u012bdz **3 700 MB\/s nolas\u012b\u0161anai** \/ l\u012bdz **3 400 MB\/s ierakst\u012b\u0161anai**<\/li>\n<li>Kapacit\u0101te: 512 GB, 1 TB vai 2 TB 3D TLC NAND.<\/li>\n<li>Iztur\u012bba: Iztur\u012bba: <strong>IP68<\/strong> iztur\u012bba pret <strong>putek\u013ciem<\/strong> un \u016bdeni \/ **3 metru kritiens**.<\/li>\n<li>Tehnolo\u0123ija: Dinamisk\u0101 **SLC ke\u0161atmi\u0146a** un **Nolietojuma izl\u012bdzin\u0101\u0161ana**<\/li>\n<\/ul>\n[cg_accordion title=\"INFORM\u0100CIJA PAR MAKS\u0100JUMU\"]<\/p>\n<p>M\u0113s izmantojam jaun\u0101k\u0101s tehnolo\u0123ijas maks\u0101jumu apstr\u0101d\u0113, kas \u013cauj \u0101tri un dro\u0161i nor\u0113\u0137in\u0101ties, izmantojot Apple Pay, Google Pay, debetkarti\/kred\u012btkarti, PayPal vai BNPL metodes, piem\u0113ram, Klarna, Affirm vai AfterPay.[\/cg_accordion]\n[cg_accordion title=\"GARANTIJA\"]<\/p>\n<p>1 gada garantija no <a href=\"https:\/\/droix.net\/\" target=\"_blank\" rel=\"nofollow noopener\">DROIX Global, lai<\/a> j\u016bs b\u016btu mier\u0101.[\/cg_accordion]\n[cg_accordion title=\"KVALIT\u0100TES NODRO\u0160IN\u0100\u0160ANA UN PIRMSNOS\u016aT\u012a\u0160ANAS TEST\u0112\u0160ANA\"]<\/p>\n<p>Klientu apmierin\u0101t\u012bbas nodro\u0161in\u0101\u0161ana augst\u0101kaj\u0101 l\u012bmen\u012b: Katra ier\u012bce pirms nos\u016bt\u012b\u0161anas tiek r\u016bp\u012bgi test\u0113ta un p\u0101rbaud\u012bta vair\u0101kos kvalit\u0101tes nodro\u0161in\u0101\u0161anas punktos. M\u016bsu komanda p\u0101rbauda veiktsp\u0113ju, funkcionalit\u0101ti un komponentu integrit\u0101ti, lai garant\u0113tu, ka j\u016bsu AYANEO ier\u012bce p\u0113c sa\u0146em\u0161anas ir ide\u0101l\u0101 darba k\u0101rt\u012bb\u0101, sniedzot jums p\u0101rliec\u012bbu un mieru. [\/cg_accordion]\n[cg_accordion title=\"CENAS, NODOK\u013bI UN PIEG\u0100DE\"]<\/p>\n<p><strong><u>Piez\u012bme:<\/u><\/strong><\/p>\n<ul>\n<li>Amerikas Savienot\u0101s Valstis Klienti: Klientiem, kas ieg\u0101d\u0101jas preces, nor\u0101d\u012bt\u0101 cena neietver ne nodokli, ne nodevas. Atbild\u012bba par muito\u0161anu un saist\u012bto nodok\u013cu\/muitas nodok\u013cu nomaksu gulstas uz klientu pleciem. <\/li>\n<li>ES klienti: Atkar\u012bb\u0101 no j\u016bsu valsts, nor\u0101d\u012bt\u0101 cena ietver piem\u0113rojamo nodokli, kas var b\u016bt l\u012bdz 25%.<\/li>\n<li>Kan\u0101das klienti: Atkar\u012bb\u0101 no j\u016bsu provinces nor\u0101d\u012btaj\u0101 cen\u0101 ir iek\u013cauti piem\u0113rojamie nodok\u013ci, kas var ietvert 5% GST un papildu provinces p\u0101rdo\u0161anas nodokli (PST), saska\u0146oto p\u0101rdo\u0161anas nodokli (HST) vai Kvebekas p\u0101rdo\u0161anas nodokli (QST).<\/li>\n<\/ul>\n<p>M\u016bsu ASV klientiem: Pas\u016bt\u012bjumi tiek nos\u016bt\u012bti DAP (Delivered At Place). Lai gan klienti ir atbild\u012bgi par visu piem\u0113rojamo tarifu samaksu, m\u0113s izmantojam savu pla\u0161o pieredzi s\u016bt\u012bjumos no Apvienot\u0101s Karalistes, lai nodro\u0161in\u0101tu, ka maks\u0101jat p\u0113c iesp\u0113jas maz\u0101k. Pamatojoties uz m\u016bsu uzskaites datiem, \u0161ie maks\u0101jumi parasti nep\u0101rsniedz 10 % no preces v\u0113rt\u012bbas.  <\/p>\n<p><strong>Tikai ES klientiem:<\/strong> Express DDP (pieg\u0101de ar samaks\u0101tu muitas nodokli). Tas noz\u012bm\u0113: <\/p>\n<ul>\n<li>Visas muitas nodevas un nodok\u013ci ir iek\u013cauti produkta lap\u0101 nor\u0101d\u012btaj\u0101 cen\u0101.<\/li>\n<li>Pieg\u0101des br\u012bd\u012b jums neb\u016bs j\u0101maks\u0101 papildu maksa.<\/li>\n<li>Retos gad\u012bjumos, kad rodas ar muitu saist\u012btas probl\u0113mas, m\u016bsu komanda j\u016bsu v\u0101rd\u0101 veiks muito\u0161anas procesu, lai nodro\u0161in\u0101tu netrauc\u0113tu pieg\u0101di.<\/li>\n<p>Svar\u012bga inform\u0101cija par atgrie\u0161anu:<\/p>\n<li>Ja nolemjat atgriezt pas\u016bt\u012bjumu vai piepras\u012bt atmaksu, l\u016bdzu, \u0146emiet v\u0113r\u0101, ka nodok\u013ci un nodevas, kas samaks\u0101ti j\u016bsu v\u0101rd\u0101 saska\u0146\u0101 ar DDP noteikumiem, nevar tikt atmaks\u0101ti.<\/li>\n<p>S\u012bk\u0101ku inform\u0101ciju skatiet m\u016bsu <a href=\"https:\/\/ayaneo.co\/lv\/pakalpojumu-sniegsanas-noteikumi\/\" target=\"_blank\" rel=\"nofollow noopener\">Noteikumos un nosac\u012bjumos<\/a>.\n<\/ul>\n<p>[\/cg_accordion]\n[cg_accordion title=\"KLIENTU ATBALSTS\"]<\/p>\n<p>Jums ir jaut\u0101jums? M\u0113s esam \u012bs\u0101 teksta att\u0101lum\u0101 no j\u016bsu jaut\u0101juma atrisin\u0101\u0161anas! [\/cg_accordion]\n[cg_accordion title=\"IEPAKOJUM\u0100 IETILPST\"]<\/p>\n<ul>\n<li>1x BIWIN Mini SSD<\/li>\n<\/ul>\n<p>[\/cg_accordion]\n","protected":false},"featured_media":44144,"template":"","meta":{"_acf_changed":false},"product_brand":[],"product_cat":[1194],"product_tag":[],"class_list":{"0":"post-44922","1":"product","2":"type-product","3":"status-publish","4":"has-post-thumbnail","6":"product_cat-aksesuari","7":"product_shipping_class-low-end","8":"pa_brand-biwin","10":"first","11":"instock","12":"taxable","13":"shipping-taxable","14":"purchasable","15":"product-type-variable","16":"has-default-attributes"},"acf":[],"_links":{"self":[{"href":"https:\/\/ayaneo.co\/lv\/wp-json\/wp\/v2\/product\/44922","targetHints":{"allow":["GET"]}}],"collection":[{"href":"https:\/\/ayaneo.co\/lv\/wp-json\/wp\/v2\/product"}],"about":[{"href":"https:\/\/ayaneo.co\/lv\/wp-json\/wp\/v2\/types\/product"}],"wp:featuredmedia":[{"embeddable":true,"href":"https:\/\/ayaneo.co\/lv\/wp-json\/wp\/v2\/media\/44144"}],"wp:attachment":[{"href":"https:\/\/ayaneo.co\/lv\/wp-json\/wp\/v2\/media?parent=44922"}],"wp:term":[{"taxonomy":"product_brand","embeddable":true,"href":"https:\/\/ayaneo.co\/lv\/wp-json\/wp\/v2\/product_brand?post=44922"},{"taxonomy":"product_cat","embeddable":true,"href":"https:\/\/ayaneo.co\/lv\/wp-json\/wp\/v2\/product_cat?post=44922"},{"taxonomy":"product_tag","embeddable":true,"href":"https:\/\/ayaneo.co\/lv\/wp-json\/wp\/v2\/product_tag?post=44922"}],"curies":[{"name":"wp","href":"https:\/\/api.w.org\/{rel}","templated":true}]}}