{"id":47509,"date":"2026-03-23T10:44:43","date_gmt":"2026-03-23T10:44:43","guid":{"rendered":"https:\/\/ayaneo.co\/product\/usb5-kabelis-80gbps-240w-8k-60hz-thunderbolt-5-saderigs\/"},"modified":"2026-04-24T10:30:14","modified_gmt":"2026-04-24T10:30:14","slug":"usb5-kabelis-80gbps-240w-8k-60hz-thunderbolt-5-saderigs","status":"publish","type":"product","link":"https:\/\/ayaneo.co\/lv\/product\/usb5-kabelis-80gbps-240w-8k-60hz-thunderbolt-5-saderigs\/","title":{"rendered":"USB5 kabelis 80Gbps 240W | 8K 60Hz Thunderbolt 5 sader\u012bgs"},"content":{"rendered":"\n<h2 class=\"wp-block-heading\">USB5 kabelis 80Gbps 240W: lab\u0101kais Thunderbolt 5 risin\u0101jums profesion\u0101laj\u0101m darbpl\u016bsm\u0101m<\/h2>\n\n<p id=\"p-rc_98f34dcd8f33ef71-24\"><strong>USB5 kabelis 80 Gb\/s 240 W ir<\/strong> milz\u012bgs l\u0113ciens savienojam\u012bbas tehnolo\u0123ij\u0101 jaud\u012bgiem lietot\u0101jiem. T\u0101 k\u0101 modern\u0101 aparat\u016bra pieprasa v\u0113l nebiju\u0161us \u0101trumus, \u0161is kabelis ir izstr\u0101d\u0101ts atbilsto\u0161i jaun\u0101kajiem Thunderbolt 5 un USB4 2.0 standartiem. Tas nodro\u0161ina milz\u012bgu 80 Gb\/s divvirzienu joslas platumu, kas efekt\u012bvi divk\u0101r\u0161o iepriek\u0161\u0113jo paaud\u017eu veiktsp\u0113ju.  <sup><\/sup>  L\u012bdz ar to tagad varat p\u0101rs\u016bt\u012bt apjom\u012bgus 8K video failus vai projektu bibliot\u0113kas \u012bs\u0101k\u0101 laik\u0101, nek\u0101 tas bija nepiecie\u0161ams iepriek\u0161.<\/p>\n\n<h2 class=\"wp-block-heading\">K\u0101 USB5 kabelis 80Gbps 240W optimiz\u0113 displeja iestat\u012bjumus?<\/h2>\n\n<p id=\"p-rc_98f34dcd8f33ef71-25\">Vizu\u0101lo tehnolo\u0123iju profesion\u0101\u013ciem <strong>USB5 kabelis 80Gbps 240W ir<\/strong> svar\u012bgs r\u012bks augstas iz\u0161\u0137irtsp\u0113jas daudzuzdevumu veik\u0161anai. \u0160is kabelis atbalsta progres\u012bvo DisplayPort 2.1 protokolu, kas \u013cauj izmantot vienu 8K 60 Hz izeju vai pat divas 8K konfigur\u0101cijas. <sup><\/sup>  Turkl\u0101t inovat\u012bv\u0101 tehnolo\u0123ija &#8220;Bandwidth Boost\" \u013cauj main\u012bt datu p\u0101rraides joslu konfigur\u0101ciju.<sup><\/sup>  Tas \u013cauj kabelim nodro\u0161in\u0101t l\u012bdz pat 120 Gbps \u0101trdarb\u012bbu, lai veiktu ar displeju saist\u012btus uzdevumus, vienlaikus saglab\u0101jot stabilu 40 Gbps datu atdevi.<sup><\/sup><\/p>\n\n<p>\u0160\u012b elast\u012bba iev\u0113rojami uzlabo profesion\u0101l\u0101s darba pl\u016bsmas. Kam\u0113r tiek darbin\u0101ts monitors ar augstu atsvaidzin\u0101\u0161anas \u0101trumu, USB5 <strong>kabelis 80 Gb\/s 240 W nodro\u0161ina<\/strong>, ka \u0101r\u0113j\u0101 kr\u0101tuve joproj\u0101m ir atsauc\u012bga. Pateicoties PAM3 sign\u0101la kod\u0113\u0161anai, datu integrit\u0101te tiek saglab\u0101ta pat pie tik milz\u012bga \u0101truma. T\u0101p\u0113c ekr\u0101na mirgo\u0161ana un datu boj\u0101jumi k\u013c\u016bst par pag\u0101tnes probl\u0113m\u0101m.   <\/p>\n\n<h2 class=\"wp-block-heading\">Nep\u0101rsp\u0113jama 240 W jauda un uzb\u016bves kvalit\u0101te<\/h2>\n\n<p id=\"p-rc_98f34dcd8f33ef71-26\">Ar \u0161o jauno standartu ir radik\u0101li uzlabotas uzl\u0101des iesp\u0113jas. <strong>USB5 kabelis 80 Gb\/s 240 W atbalsta<\/strong> jaun\u0101k\u0101s PD 3.1 Extended Power Range (EPR) specifik\u0101cijas.<sup><\/sup> Tas noz\u012bm\u0113, ka pa kabeli uz ier\u012bci var dro\u0161i novad\u012bt l\u012bdz pat 240 W jaudu. T\u0101d\u0113j\u0101di pat visener\u0123ijas ietilp\u012bg\u0101kos sp\u0113\u013cu kl\u0113pjdatorus var uzl\u0101d\u0113t ar pilnu jaudu, un nav nepiecie\u0161ams patent\u0113ts &#8220;\u0137ie\u0123e\u013ca\" savienot\u0101js.  <\/p>\n\n<p id=\"p-rc_98f34dcd8f33ef71-27\">Izstr\u0101d\u0101jot <strong>USB5 Cable 80Gbps 240W<\/strong>, galven\u0101 priorit\u0101te nep\u0101rprotami bija iztur\u012bba <strong>.<\/strong> Lai samazin\u0101tu elektromagn\u0113tiskos trauc\u0113jumus, iek\u0161\u0113jie vadi ir aizsarg\u0101ti ar augsta bl\u012bvuma p\u012btu sakaus\u0113juma ekr\u0101nu. <sup><\/sup>  Turkl\u0101t \u0101r\u0113jais apvalks ir izgatavots no elast\u012bga TPE, kas ir p\u0101rbaud\u012bts, lai iztur\u0113tu vair\u0101k nek\u0101 2000 lieces ciklu.<sup><\/sup>  T\u0101 k\u0101 savienot\u0101ji ir ni\u0137el\u0113ti, tie ir paredz\u0113ti vair\u0101k nek\u0101 10 000 ievietojumu veik\u0161anai, nodro\u0161inot uzticamu savienojumu gadiem ilgi.<\/p>\n\n<h2 class=\"wp-block-heading\">Nodro\u0161iniet savu platformu n\u0101kotnei ar USB5 kabeli 80Gbps 240W<\/h2>\n\n<p id=\"p-rc_98f34dcd8f33ef71-28\">Ar \u0161o daudzpus\u012bgo piederumu sader\u012bba nekad nav probl\u0113ma. Lai gan USB5 <strong>kabelis 80 Gb\/s 240 W<\/strong> ir paredz\u0113ts n\u0101kotnei, tas <strong>ir piln\u012bb\u0101<\/strong> sader\u012bgs ar <a href=\"https:\/\/www.intel.com\/content\/www\/us\/en\/gaming\/resources\/upgrade-gaming-accessories-thunderbolt-4.html\" target=\"_blank\" rel=\"noopener nofollow\" title=\"\">Thunderbolt 4 un<\/a><a href=\"https:\/\/www.thunderbolttechnology.net\/blog\/thunderbolt-3-usb-c-does-it-all\" target=\"_blank\" rel=\"noopener nofollow\" title=\"\"> Thunderbolt 3 ier\u012bc\u0113m<\/a>. Tas lieliski darbojas ar\u012b ar USB4, USB 3.2 un standarta USB-C piesl\u0113gviet\u0101m. Neatkar\u012bgi no t\u0101, vai piesl\u0113dzat modernu eGPU, izmantojot PCIe 4.0, vai vienk\u0101r\u0161i sinhroniz\u0113jat mobilo t\u0101lruni, veiktsp\u0113ja vienm\u0113r ir optimiz\u0113ta.   <\/p>\n\n<p>Ne\u013caujiet, lai zem\u0101kas kvalit\u0101tes kabe\u013ci apgr\u016btina j\u016bsu augst\u0101k\u0101s klases aparat\u016bru un pal\u0113nina j\u016bsu rado\u0161o procesu. Lai garant\u0113tu, ka b\u016bsiet priek\u0161\u0101 l\u012bknei, <strong>jau \u0161odien<\/strong> nodro\u0161iniet savu <strong>USB5 80Gbps 240W kabeli<\/strong>. \u0160\u012bs n\u0101kam\u0101s paaudzes tehnolo\u0123ijas kr\u0101jumi \u0101tri main\u0101s, t\u0101p\u0113c r\u012bkojieties tagad, lai nodro\u0161in\u0101tu, ka j\u016bsu darbstacija ir gatava 80 Gbps revol\u016bcijai. Izbaudiet \u0101truma un jaudas virsotni, pas\u016btot no m\u016bsu veikala jau \u0161odien!   <\/p>\n\n<p><\/p>\n","protected":false},"excerpt":{"rendered":"<ul>\n<li><strong>80 Gb\/s Pro Data -<\/strong> \u012bpa\u0161i \u0101tra divvirzienu p\u0101rs\u016bt\u012b\u0161ana lieliem failiem.<\/li>\n<li><strong>240 W EPR uzl\u0101de -<\/strong> piln\u012bgs PD 3.1 atbalsts augstas veiktsp\u0113jas kl\u0113pjdatoriem.<\/li>\n<li><strong>8K@60 Hz att\u0113li -<\/strong> aizraujo\u0161s 8K vai dubults 4K displejs, izmantojot DisplayPort 2.1.<\/li>\n<li><strong>E-Mark Safety IC -<\/strong> inteli\u0123ent\u0101 mikrosh\u0113ma nodro\u0161ina stabilu, karstuma regul\u0113jamu jaudu.<\/li>\n<li><strong>Cinka sakaus\u0113jums un p\u012bta konstrukcija -<\/strong> augst\u0101k\u0101s kvalit\u0101tes pastiprin\u0101ta konstrukcija nodro\u0161ina maksim\u0101lu iztur\u012bbu.<\/li>\n<\/ul>\n[cg_accordion title=\"INFORM\u0100CIJA PAR MAKS\u0100JUMU\"]<\/p>\n<p>M\u0113s izmantojam jaun\u0101k\u0101s tehnolo\u0123ijas maks\u0101jumu apstr\u0101d\u0113, kas \u013cauj \u0101tri un dro\u0161i nor\u0113\u0137in\u0101ties, izmantojot Apple Pay, Google Pay, debetkarti\/kred\u012btkarti, PayPal vai BNPL metodes, piem\u0113ram, Klarna, Affirm vai AfterPay.[\/cg_accordion]\n[cg_accordion title=\"GARANTIJA\"]<\/p>\n<p>1 gada garantija no <a href=\"https:\/\/droix.net\/\" target=\"_blank\" rel=\"nofollow noopener\">DROIX Global, lai<\/a> j\u016bs b\u016btu mier\u0101.[\/cg_accordion]\n[cg_accordion title=\"KVALIT\u0100TES NODRO\u0160IN\u0100\u0160ANA UN PIRMSNOS\u016aT\u012a\u0160ANAS TEST\u0112\u0160ANA\"]<\/p>\n<p>Klientu apmierin\u0101t\u012bbas nodro\u0161in\u0101\u0161ana augst\u0101kaj\u0101 l\u012bmen\u012b: Katra ier\u012bce pirms nos\u016bt\u012b\u0161anas tiek r\u016bp\u012bgi test\u0113ta un p\u0101rbaud\u012bta vair\u0101kos kvalit\u0101tes nodro\u0161in\u0101\u0161anas punktos. M\u016bsu komanda p\u0101rbauda veiktsp\u0113ju, funkcionalit\u0101ti un komponentu integrit\u0101ti, lai garant\u0113tu, ka j\u016bsu AYANEO ier\u012bce p\u0113c sa\u0146em\u0161anas ir ide\u0101l\u0101 darba k\u0101rt\u012bb\u0101, sniedzot jums p\u0101rliec\u012bbu un mieru. [\/cg_accordion]\n[cg_accordion title=\"CENAS, NODOK\u013bI UN PIEG\u0100DE\"]<\/p>\n<p><strong><u>Piez\u012bme:<\/u><\/strong><\/p>\n<ul>\n<li>Amerikas Savienot\u0101s Valstis Klienti: Klientiem, kas ieg\u0101d\u0101jas preces, nor\u0101d\u012bt\u0101 cena neietver ne nodokli, ne nodevas. Atbild\u012bba par muito\u0161anu un saist\u012bto nodok\u013cu\/muitas nodok\u013cu nomaksu gulstas uz klientu pleciem. <\/li>\n<li>ES klienti: Atkar\u012bb\u0101 no j\u016bsu valsts, nor\u0101d\u012bt\u0101 cena ietver piem\u0113rojamo nodokli, kas var b\u016bt l\u012bdz 25%.<\/li>\n<li>Kan\u0101das klienti: Atkar\u012bb\u0101 no j\u016bsu provinces nor\u0101d\u012btaj\u0101 cen\u0101 ir iek\u013cauti piem\u0113rojamie nodok\u013ci, kas var ietvert 5% GST un papildu provinces p\u0101rdo\u0161anas nodokli (PST), saska\u0146oto p\u0101rdo\u0161anas nodokli (HST) vai Kvebekas p\u0101rdo\u0161anas nodokli (QST).<\/li>\n<\/ul>\n<p>M\u016bsu ASV klientiem: Pas\u016bt\u012bjumi tiek nos\u016bt\u012bti DAP (Delivered At Place). Lai gan klienti ir atbild\u012bgi par visu piem\u0113rojamo tarifu samaksu, m\u0113s izmantojam savu pla\u0161o pieredzi s\u016bt\u012bjumos no Apvienot\u0101s Karalistes, lai nodro\u0161in\u0101tu, ka maks\u0101jat p\u0113c iesp\u0113jas maz\u0101k. Pamatojoties uz m\u016bsu uzskaites datiem, \u0161ie maks\u0101jumi parasti nep\u0101rsniedz 10 % no preces v\u0113rt\u012bbas.  <\/p>\n<p><strong>Tikai ES klientiem:<\/strong> Express DDP (pieg\u0101de ar samaks\u0101tu muitas nodokli). Tas noz\u012bm\u0113: <\/p>\n<ul>\n<li>Visas muitas nodevas un nodok\u013ci ir iek\u013cauti produkta lap\u0101 nor\u0101d\u012btaj\u0101 cen\u0101.<\/li>\n<li>Pieg\u0101des br\u012bd\u012b jums neb\u016bs j\u0101maks\u0101 papildu maksa.<\/li>\n<li>Retos gad\u012bjumos, kad rodas ar muitu saist\u012btas probl\u0113mas, m\u016bsu komanda j\u016bsu v\u0101rd\u0101 veiks muito\u0161anas procesu, lai nodro\u0161in\u0101tu netrauc\u0113tu pieg\u0101di.<\/li>\n<p>Svar\u012bga inform\u0101cija par atgrie\u0161anu:<\/p>\n<li>Ja nolemjat atgriezt pas\u016bt\u012bjumu vai piepras\u012bt atmaksu, l\u016bdzu, \u0146emiet v\u0113r\u0101, ka nodok\u013ci un nodevas, kas samaks\u0101ti j\u016bsu v\u0101rd\u0101 saska\u0146\u0101 ar DDP noteikumiem, nevar tikt atmaks\u0101ti.<\/li>\n<p>S\u012bk\u0101ku inform\u0101ciju skatiet m\u016bsu <a href=\"https:\/\/ayaneo.co\/lv\/pakalpojumu-sniegsanas-noteikumi\/\" target=\"_blank\" rel=\"nofollow noopener\">Noteikumos un nosac\u012bjumos<\/a>.\n<\/ul>\n<p>[\/cg_accordion]\n[cg_accordion title=\"KLIENTU ATBALSTS\"]<\/p>\n<p>Jums ir jaut\u0101jums? M\u0113s esam \u012bs\u0101 teksta att\u0101lum\u0101 no j\u016bsu jaut\u0101juma atrisin\u0101\u0161anas! [\/cg_accordion]\n[cg_accordion title=\"IEPAKOJUM\u0100 IETILPST\"]<\/p>\n<ul>\n<li>1x USB5 C tipa kabelis | 80 Gbps 240W (1 m)<\/li>\n<\/ul>\n<p>[\/cg_accordion]\n","protected":false},"featured_media":45907,"template":"","meta":{"_acf_changed":false},"product_brand":[],"product_cat":[1194],"product_tag":[],"class_list":{"0":"post-47509","1":"product","2":"type-product","3":"status-publish","4":"has-post-thumbnail","6":"product_cat-aksesuari","7":"product_shipping_class-low-end","9":"first","10":"instock","11":"sale","12":"taxable","13":"shipping-taxable","14":"purchasable","15":"product-type-simple"},"acf":[],"_links":{"self":[{"href":"https:\/\/ayaneo.co\/lv\/wp-json\/wp\/v2\/product\/47509","targetHints":{"allow":["GET"]}}],"collection":[{"href":"https:\/\/ayaneo.co\/lv\/wp-json\/wp\/v2\/product"}],"about":[{"href":"https:\/\/ayaneo.co\/lv\/wp-json\/wp\/v2\/types\/product"}],"wp:featuredmedia":[{"embeddable":true,"href":"https:\/\/ayaneo.co\/lv\/wp-json\/wp\/v2\/media\/45907"}],"wp:attachment":[{"href":"https:\/\/ayaneo.co\/lv\/wp-json\/wp\/v2\/media?parent=47509"}],"wp:term":[{"taxonomy":"product_brand","embeddable":true,"href":"https:\/\/ayaneo.co\/lv\/wp-json\/wp\/v2\/product_brand?post=47509"},{"taxonomy":"product_cat","embeddable":true,"href":"https:\/\/ayaneo.co\/lv\/wp-json\/wp\/v2\/product_cat?post=47509"},{"taxonomy":"product_tag","embeddable":true,"href":"https:\/\/ayaneo.co\/lv\/wp-json\/wp\/v2\/product_tag?post=47509"}],"curies":[{"name":"wp","href":"https:\/\/api.w.org\/{rel}","templated":true}]}}