{"id":47543,"date":"2026-03-06T12:40:46","date_gmt":"2026-03-06T12:40:46","guid":{"rendered":"https:\/\/ayaneo.co\/product\/premium-4k-60hz-usb-tipa-c-uz-hdmi-adaptera-kabelis\/"},"modified":"2026-04-25T23:13:39","modified_gmt":"2026-04-25T23:13:39","slug":"premium-4k-60hz-usb-tipa-c-uz-hdmi-adaptera-kabelis","status":"publish","type":"product","link":"https:\/\/ayaneo.co\/lv\/product\/premium-4k-60hz-usb-tipa-c-uz-hdmi-adaptera-kabelis\/","title":{"rendered":"Premium 4K 60Hz USB tipa C uz HDMI adaptera kabelis"},"content":{"rendered":"\n<h2 class=\"wp-block-heading\">Augstas iz\u0161\u0137irtsp\u0113jas risin\u0101jums<\/h2>\n\n<p>Izbaudiet nevainojamu savienojam\u012bbu ar 4K 60Hz USB 60Hz C tipa HDMI adaptera kabeli, kas ir augst\u0101k\u0101s klases risin\u0101jums, kas izstr\u0101d\u0101ts krist\u0101ldzidram vizu\u0101lajam izvadam. \u0160is augstas veiktsp\u0113jas kabelis \u013cauj savienot modern\u0101s USB-C ier\u012bces tie\u0161i ar displejiem, kas atbalsta HDMI, bez papildu draiveru lieto\u0161anas. Neatkar\u012bgi no t\u0101, vai izmantojat viedt\u0101lruni, plan\u0161etdatoru vai kl\u0113pjdatoru, \u0161is adapteris nodro\u0161ina vienk\u0101r\u0161u un \u0113rtu piesl\u0113g\u0161anas un lieto\u0161anas pieredzi.  <\/p>\n\n<h2 class=\"wp-block-heading\">K\u0101p\u0113c izv\u0113l\u0113ties 4K 60Hz USB C tipa HDMI adaptera kabeli savai konfigur\u0101cijai?<\/h2>\n\n<p>Galven\u0101 \u0161\u012b usb c uz hdmi savienot\u0101ja priek\u0161roc\u012bba ir t\u0101 atbalsts HDMI 2.0 standartiem. T\u0101 k\u0101 tas atbalsta 4K iz\u0161\u0137irtsp\u0113ju ar 60 Hz atsvaidzin\u0101\u0161anas frekvenci, lietot\u0101ji var baud\u012bt neticami vienm\u0113r\u012bgu kust\u012bbu un asus att\u0113lus. Lai gan standarta adapteri bie\u017ei vien ierobe\u017eo frekvenci l\u012bdz 30 Hz, \u0161is 4K 60 Hz kabelis nodro\u0161ina vienm\u0113r\u012bgu veiktsp\u0113ju, kas nepiecie\u0161ama sp\u0113l\u0113m un profesion\u0101lai video redi\u0123\u0113\u0161anai. Turkl\u0101t gludais alum\u012bnija korpuss nodro\u0161ina lielisku siltuma izkliedi, lai saglab\u0101tu stabilu savienojumu ilgsto\u0161u sesiju laik\u0101.   <\/p>\n\n<h2 class=\"wp-block-heading\">Uzlabotas tehnisk\u0101s specifik\u0101cijas un Thunderbolt sader\u012bba<\/h2>\n\n<p>4K 60 Hz USB 60 Hz C tipa HDMI adaptera kabelis ir apr\u012bkots ar augstas kvalit\u0101tes HDMI <a href=\"https:\/\/en.wikipedia.org\/wiki\/HDMI\" target=\"_blank\" rel=\"noopener nofollow\" title=\"\">2.0 saskarni un<\/a> iztur\u012bgu C tipa savienot\u0101ju. \u0160is 4K 60 Hz kabelis ir piln\u012bb\u0101 sader\u012bgs ar Thunderbolt 4 un Thunderbolt 3 piesl\u0113gviet\u0101m, nodro\u0161inot, ka tas nevainojami darbojas ar jaun\u0101kajiem MacBook Pro un augstas klases Windows kl\u0113pjdatoriem. T\u0101 k\u0101 tas atbalsta DP Alt re\u017e\u012bmu, kabelis nodro\u0161ina tie\u0161u video sign\u0101lu bez lielapjoma usb c uz hdmi multiport adaptera.  <\/p>\n\n<p>Turkl\u0101t HDCP 2.2 atbilst\u012bbas nodro\u0161in\u0101\u0161ana noz\u012bm\u0113, ka varat straum\u0113t \u0161ifr\u0113tu 4K saturu no t\u0101diem pakalpojumiem k\u0101 Netflix vai Disney+ bez p\u0101rtraukumiem. 4K 60 Hz C tipa USB 60 Hz HDMI adaptera kabelis atbalsta ar\u012b HDR10, lai uzlabotu kr\u0101su dzi\u013cumu un kontrastu. T\u0101 fizisk\u0101 konstrukcija ietver 50 mm \u0101r\u0113jo diametru uzlabotai iztur\u012bbai, savuk\u0101rt alum\u012bnija korpuss pal\u012bdz regul\u0113t siltumu intens\u012bvu sesiju laik\u0101.  <\/p>\n\n<h2 class=\"wp-block-heading\">Pla\u0161as ier\u012b\u010du savietojam\u012bbas un savienojam\u012bbas pras\u012bbas<\/h2>\n\n<p>4K 60 Hz C tipa USB 60Hz HDMI adaptera kabelis ir izstr\u0101d\u0101ts, lai nodro\u0161in\u0101tu daudzpus\u012bbu un darbojas ar pla\u0161u modern\u0101s aparat\u016bras kl\u0101stu. To var izmantot ar Apple MacBooks, iPad Pro mode\u013ciem un Microsoft Surface s\u0113rijas datoriem. Turkl\u0101t tas atbalsta ar\u012b augstas klases Android ier\u012bces, piem\u0113ram, Samsung Galaxy S22 un Note 20. Tom\u0113r 4K 60Hz USB Type C to HDMI adaptera kabelim ir nepiecie\u0161ama galven\u0101 piesl\u0113gvieta, kas atbalsta video izeju. Tas nav sader\u012bgs ar t\u0101d\u0101m ier\u012bc\u0113m k\u0101 Samsung A s\u0113rija vai vec\u0101kiem iPhone, kuriem nav DP Alt re\u017e\u012bma atbalsta.    <\/p>\n\n<h2 class=\"wp-block-heading\">Optimiz\u0113jiet savas profesion\u0101l\u0101s prezent\u0101cijas un m\u0101jas kino<\/h2>\n\n<p>Izmantojot 4K 60 Hz C tipa USB 60 Hz USB HDMI adaptera kabeli k\u0101 san\u0101ksmju pal\u012bgu, varat bez piep\u016bles koplietot ekr\u0101nu uz lieliem displejiem. T\u0101d\u0113j\u0101di j\u016bsu zi\u0146ojumi un datu vizualiz\u0101cijas auditorijai \u0161\u0137it\u012bs as\u0101kas un profesion\u0101l\u0101kas. M\u0101jas vid\u0113 4K 60Hz USB 60Hz C tipa USB HDMI adaptera kabelis p\u0101rveido j\u016bsu mobilo sp\u0113\u013cu pieredzi. Tas projic\u0113 mobilo grafiku uz j\u016bsu televizora re\u0101llaik\u0101, kas nodro\u0161ina pla\u0161\u0101ku vizu\u0101lo diapazonu bez aiz\u0137er\u0161an\u0101s.   <\/p>\n\n<hr class=\"wp-block-separator has-alpha-channel-opacity\"\/>\n\n<h2 class=\"wp-block-heading\">Nodro\u0161iniet savu 4K 60Hz USB 60Hz C tipa HDMI adaptera kabeli jau \u0161odien!<\/h2>\n\n<p>Nesamierinieties ar izpl\u016bdu\u0161u iz\u0161\u0137irtsp\u0113ju vai gausiem atsvaidzin\u0101\u0161anas \u0101trumiem, ja varat uzlabot savu digit\u0101lo dz\u012bvi jau tagad. Piepras\u012bjums p\u0113c 4K 60Hz USB 60Hz C tipa HDMI adaptera kabe\u013ca ir neticami liels, jo tas ir uzticams un nodro\u0161ina izcilu 4K iz\u0161\u0137irtsp\u0113ju. Pas\u016btiet savu jau \u0161odien, lai garant\u0113tu, ka sa\u0146emsiet \u0161o b\u016btisko tehnolo\u0123iju piederumu laic\u012bgi, un s\u0101ciet baud\u012bt augstas iz\u0161\u0137irtsp\u0113jas savienojam\u012bbas virsotni. Apmekl\u0113jiet m\u016bsu veikalu tagad, lai izmantotu \u0161o pied\u0101v\u0101jumu, pirms kr\u0101jumi ir beigu\u0161ies!   <\/p>\n","protected":false},"excerpt":{"rendered":"<ul>\n<li><strong>4K 60 Hz UHD -<\/strong> krist\u0101lskaidra 4K iz\u0161\u0137irtsp\u0113ja ar 60 kadriem sekund\u0113, lai skat\u012b\u0161an\u0101s b\u016btu vienm\u0113r\u012bga un bez kav\u0113\u0161an\u0101s.<\/li>\n<li><strong>HDMI 2.0 atbalsts - liela joslas platuma<\/strong> saskarne HDR10 un digit\u0101lajam audio.<\/li>\n<li><strong>Plug &amp; Play -<\/strong> t\u016bl\u012bt\u0113ja savienojam\u012bba kl\u0113pjdatoriem un t\u0101lru\u0146iem bez draiveriem.<\/li>\n<li><strong>HDCP 2.2 atbilst\u012bba -<\/strong> dro\u0161i <strong>straum\u0113jiet<\/strong> 4K saturu no Netflix un Disney+.<\/li>\n<li><strong>Alum\u012bnija apvalks -<\/strong> iztur\u012bgs korpuss, kas izstr\u0101d\u0101ts, lai optimiz\u0113tu siltuma izkliedi.<\/li>\n<\/ul>\n[cg_accordion title=\"INFORM\u0100CIJA PAR MAKS\u0100JUMU\"]<\/p>\n<p>M\u0113s izmantojam jaun\u0101k\u0101s tehnolo\u0123ijas maks\u0101jumu apstr\u0101d\u0113, kas \u013cauj \u0101tri un dro\u0161i nor\u0113\u0137in\u0101ties, izmantojot Apple Pay, Google Pay, debetkarti\/kred\u012btkarti, PayPal vai BNPL metodes, piem\u0113ram, Klarna, Affirm vai AfterPay.[\/cg_accordion]\n[cg_accordion title=\"GARANTIJA\"]<\/p>\n<p>1 gada garantija no <a href=\"https:\/\/droix.net\/\" target=\"_blank\" rel=\"nofollow noopener\">DROIX Global, lai<\/a> j\u016bs b\u016btu mier\u0101.[\/cg_accordion]\n[cg_accordion title=\"KVALIT\u0100TES NODRO\u0160IN\u0100\u0160ANA UN PIRMSNOS\u016aT\u012a\u0160ANAS TEST\u0112\u0160ANA\"]<\/p>\n<p>Klientu apmierin\u0101t\u012bbas nodro\u0161in\u0101\u0161ana augst\u0101kaj\u0101 l\u012bmen\u012b: Katra ier\u012bce pirms nos\u016bt\u012b\u0161anas tiek r\u016bp\u012bgi test\u0113ta un p\u0101rbaud\u012bta vair\u0101kos kvalit\u0101tes nodro\u0161in\u0101\u0161anas punktos. M\u016bsu komanda p\u0101rbauda veiktsp\u0113ju, funkcionalit\u0101ti un komponentu integrit\u0101ti, lai garant\u0113tu, ka j\u016bsu AYANEO ier\u012bce p\u0113c sa\u0146em\u0161anas ir ide\u0101l\u0101 darba k\u0101rt\u012bb\u0101, sniedzot jums p\u0101rliec\u012bbu un mieru. [\/cg_accordion]\n[cg_accordion title=\"CENAS, NODOK\u013bI UN PIEG\u0100DE\"]<\/p>\n<p><strong><u>Piez\u012bme:<\/u><\/strong><\/p>\n<ul>\n<li>Amerikas Savienot\u0101s Valstis Klienti: Klientiem, kas ieg\u0101d\u0101jas preces, nor\u0101d\u012bt\u0101 cena neietver ne nodokli, ne nodevas. Atbild\u012bba par muito\u0161anu un saist\u012bto nodok\u013cu\/muitas nodok\u013cu nomaksu gulstas uz klientu pleciem. <\/li>\n<li>ES klienti: Atkar\u012bb\u0101 no j\u016bsu valsts, nor\u0101d\u012bt\u0101 cena ietver piem\u0113rojamo nodokli, kas var b\u016bt l\u012bdz 25%.<\/li>\n<li>Kan\u0101das klienti: Atkar\u012bb\u0101 no j\u016bsu provinces nor\u0101d\u012btaj\u0101 cen\u0101 ir iek\u013cauti piem\u0113rojamie nodok\u013ci, kas var ietvert 5% GST un papildu provinces p\u0101rdo\u0161anas nodokli (PST), saska\u0146oto p\u0101rdo\u0161anas nodokli (HST) vai Kvebekas p\u0101rdo\u0161anas nodokli (QST).<\/li>\n<\/ul>\n<p>M\u016bsu ASV klientiem: Pas\u016bt\u012bjumi tiek nos\u016bt\u012bti DAP (Delivered At Place). Lai gan klienti ir atbild\u012bgi par visu piem\u0113rojamo tarifu samaksu, m\u0113s izmantojam savu pla\u0161o pieredzi s\u016bt\u012bjumos no Apvienot\u0101s Karalistes, lai nodro\u0161in\u0101tu, ka maks\u0101jat p\u0113c iesp\u0113jas maz\u0101k. Pamatojoties uz m\u016bsu uzskaites datiem, \u0161ie maks\u0101jumi parasti nep\u0101rsniedz 10 % no preces v\u0113rt\u012bbas.  <\/p>\n<p><strong>Tikai ES klientiem:<\/strong> Express DDP (pieg\u0101de ar samaks\u0101tu muitas nodokli). Tas noz\u012bm\u0113: <\/p>\n<ul>\n<li>Visas muitas nodevas un nodok\u013ci ir iek\u013cauti produkta lap\u0101 nor\u0101d\u012btaj\u0101 cen\u0101.<\/li>\n<li>Pieg\u0101des br\u012bd\u012b jums neb\u016bs j\u0101maks\u0101 papildu maksa.<\/li>\n<li>Retos gad\u012bjumos, kad rodas ar muitu saist\u012btas probl\u0113mas, m\u016bsu komanda j\u016bsu v\u0101rd\u0101 veiks muito\u0161anas procesu, lai nodro\u0161in\u0101tu netrauc\u0113tu pieg\u0101di.<\/li>\n<p>Svar\u012bga inform\u0101cija par atgrie\u0161anu:<\/p>\n<li>Ja nolemjat atgriezt pas\u016bt\u012bjumu vai piepras\u012bt atmaksu, l\u016bdzu, \u0146emiet v\u0113r\u0101, ka nodok\u013ci un nodevas, kas samaks\u0101ti j\u016bsu v\u0101rd\u0101 saska\u0146\u0101 ar DDP noteikumiem, nevar tikt atmaks\u0101ti.<\/li>\n<p>S\u012bk\u0101ku inform\u0101ciju skatiet m\u016bsu <a href=\"https:\/\/ayaneo.co\/lv\/pakalpojumu-sniegsanas-noteikumi\/\" target=\"_blank\" rel=\"nofollow noopener\">Noteikumos un nosac\u012bjumos<\/a>.\n<\/ul>\n<p>[\/cg_accordion]\n[cg_accordion title=\"KLIENTU ATBALSTS\"]<\/p>\n<p>Jums ir jaut\u0101jums? M\u0113s esam \u012bs\u0101 teksta att\u0101lum\u0101 no j\u016bsu jaut\u0101juma atrisin\u0101\u0161anas! [\/cg_accordion]\n[cg_accordion title=\"IEPAKOJUM\u0100 IETILPST\"]<\/p>\n<ul>\n<li>1x Premium 4K 60Hz USB C tipa adaptera kabelis uz HDMI<\/li>\n<\/ul>\n<p>[\/cg_accordion]\n","protected":false},"featured_media":45470,"template":"","meta":{"_acf_changed":false},"product_brand":[],"product_cat":[1194],"product_tag":[],"class_list":{"0":"post-47543","1":"product","2":"type-product","3":"status-publish","4":"has-post-thumbnail","6":"product_cat-aksesuari","7":"product_shipping_class-low-end","9":"first","10":"outofstock","11":"sale","12":"taxable","13":"shipping-taxable","14":"purchasable","15":"product-type-simple"},"acf":[],"_links":{"self":[{"href":"https:\/\/ayaneo.co\/lv\/wp-json\/wp\/v2\/product\/47543","targetHints":{"allow":["GET"]}}],"collection":[{"href":"https:\/\/ayaneo.co\/lv\/wp-json\/wp\/v2\/product"}],"about":[{"href":"https:\/\/ayaneo.co\/lv\/wp-json\/wp\/v2\/types\/product"}],"wp:featuredmedia":[{"embeddable":true,"href":"https:\/\/ayaneo.co\/lv\/wp-json\/wp\/v2\/media\/45470"}],"wp:attachment":[{"href":"https:\/\/ayaneo.co\/lv\/wp-json\/wp\/v2\/media?parent=47543"}],"wp:term":[{"taxonomy":"product_brand","embeddable":true,"href":"https:\/\/ayaneo.co\/lv\/wp-json\/wp\/v2\/product_brand?post=47543"},{"taxonomy":"product_cat","embeddable":true,"href":"https:\/\/ayaneo.co\/lv\/wp-json\/wp\/v2\/product_cat?post=47543"},{"taxonomy":"product_tag","embeddable":true,"href":"https:\/\/ayaneo.co\/lv\/wp-json\/wp\/v2\/product_tag?post=47543"}],"curies":[{"name":"wp","href":"https:\/\/api.w.org\/{rel}","templated":true}]}}