{"id":47625,"date":"2026-02-16T12:19:52","date_gmt":"2026-02-16T12:19:52","guid":{"rendered":"https:\/\/ayaneo.co\/product\/usb-4-0-c-tipa-kabelis-2\/"},"modified":"2026-04-24T10:35:15","modified_gmt":"2026-04-24T10:35:15","slug":"usb-4-0-c-tipa-kabelis-2","status":"publish","type":"product","link":"https:\/\/ayaneo.co\/lv\/product\/usb-4-0-c-tipa-kabelis-2\/","title":{"rendered":"USB 4.0 C tipa kabelis"},"content":{"rendered":"\n<h2 class=\"wp-block-heading\"><strong>USB4 kabelis USB C: lab\u0101kais Thunderbolt 4 baro\u0161anas un datu p\u0101rraides risin\u0101jums<\/strong><\/h2>\n\n<p>USB4 kabelis USB C ir augstas veiktsp\u0113jas savienojam\u012bbas risin\u0101jums, kas izstr\u0101d\u0101ts, lai atbilstu m\u016bsdienu profesion\u0101lo un sp\u0113\u013cu konfigur\u0101ciju stingraj\u0101m pras\u012bb\u0101m. Neatkar\u012bgi no t\u0101, vai piesl\u0113dzat augstas klases MacBook, eGPU vai \u0101trdarb\u012bgu SSD, \u0161is kabelis nodro\u0161ina, ka j\u016bsu aparat\u016bra darbojas maksim\u0101li efekt\u012bvi. Integr\u0113jot jaun\u0101kos Thunderbolt 4 standartus, tas nodro\u0161ina univers\u0101lu tiltu vis\u0101m j\u016bsu Type-C ier\u012bc\u0113m, sniedzot nep\u0101rsp\u0113jamu daudzpus\u012bbu vien\u0101 elegant\u0101 iepakojum\u0101.  <\/p>\n\n<hr class=\"wp-block-separator has-alpha-channel-opacity\"\/>\n\n<h2 class=\"wp-block-heading\"><strong>Izbaudiet milz\u012bgu \u0101trumu ar 40 Gbps USB4 USB C kabeli<\/strong><\/h2>\n\n<p>Ar \u0161o kabeli datu p\u0101rs\u016bt\u012b\u0161ana sasniedz jaunus augstumus, nodro\u0161inot \u0101trumu l\u012bdz pat 40 Gbps. Tas ir iev\u0113rojami \u0101tr\u0101k par standarta USB-C alternat\u012bv\u0101m, \u013caujot p\u0101rvietot apjom\u012bgus failus da\u017eu sekun\u017eu, nevis min\u016b\u0161u laik\u0101. T\u0101 k\u0101 tas ir piln\u012bb\u0101 sader\u012bgs ar Thunderbolt 3 un USB 3.2, varat to izmantot ar pla\u0161u vec\u0101k\u0101s un modern\u0101s aparat\u016bras kl\u0101stu, nezaud\u0113jot veiktsp\u0113ju.  <\/p>\n\n<h2 class=\"wp-block-heading\"><strong>\u0100tr\u0101 240 W baro\u0161anas padeve augstas veiktsp\u0113jas kl\u0113pjdatoriem<\/strong><\/h2>\n\n<p>Ier\u012b\u010du baro\u0161ana ir tikpat efekt\u012bva k\u0101 datu p\u0101rs\u016bt\u012b\u0161ana. USB4 kabelis USB C atbalsta PD 3.1 EPR, kas nodro\u0161ina 240 W (48 V\/5 A) \u0101tr\u0101s uzl\u0101des jaudu. Tas noz\u012bm\u0113, ka tas bez gr\u016bt\u012bb\u0101m sp\u0113j apmierin\u0101t 16 collu MacBook Pro vai jaun\u0101ko sp\u0113\u013cu kl\u0113pjdatoru jaudas pras\u012bbas. Lai nodro\u0161in\u0101tu dro\u0161\u012bbu \u0161o augstsprieguma p\u0101rs\u016bt\u012b\u0161anu laik\u0101, kabelim ir ieb\u016bv\u0113ta E-Marker mikrosh\u0113ma, kas inteli\u0123enti p\u0101rvalda ener\u0123ijas pl\u016bsmu un nov\u0113r\u0161 p\u0101rkar\u0161anu.   <\/p>\n\n<hr class=\"wp-block-separator has-alpha-channel-opacity\"\/>\n\n<h2 class=\"wp-block-heading\"><strong>Vizu\u0101l\u0101 izcil\u012bba ar 8K60Hz un dubulto 4K atbalstu<\/strong><\/h2>\n\n<p>Ja esat rado\u0161s profesion\u0101lis vai sp\u0113\u013cu entuziasts, \u0161\u012b USB4 kabe\u013ca USB C video iesp\u0113jas j\u016bs p\u0101rsteigs. Tas atbalsta vienu 8K Ultra HD displeju ar vienm\u0113r\u012bgu 60 Hz atsvaidzin\u0101\u0161anas frekvenci, nodro\u0161inot, ka katra deta\u013ca tiek att\u0113lota ar skaidru t\u012br\u012bbu. Alternat\u012bvi kabelis var darbin\u0101t divus 4K monitorus, padarot to par b\u016btisku r\u012bku vair\u0101ku uzdevumu veik\u0161anai un aizraujo\u0161\u0101m darba viet\u0101m.  <\/p>\n\n<h2 class=\"wp-block-heading\"><strong>Izb\u016bves kvalit\u0101te un univers\u0101la savietojam\u012bba<\/strong><\/h2>\n\n<p>Konstrukcijas pamat\u0101 ir iztur\u012bba. Kabelim ir PVC un 48 stiep\u013cu neilona pinuma \u0101rpuse, kas ir \u012bpa\u0161i izstr\u0101d\u0101ta t\u0101, lai iztur\u0113tu vair\u0101k nek\u0101 10 000 saliekumu. Turkl\u0101t alum\u012bnija sakaus\u0113juma apvalks nodro\u0161ina augst\u0101k\u0101s kvalit\u0101tes saj\u016btu, vienlaikus aizsarg\u0101jot iek\u0161\u0113jo bezsk\u0101bek\u013ca vara serdi. \u0160\u012b iztur\u012bg\u0101 konstrukcija nodro\u0161ina, ka USB4 kabelis USB C b\u016bs uzticama j\u016bsu komplekta sast\u0101vda\u013ca gadiem ilgi.   <\/p>\n\n<hr class=\"wp-block-separator has-alpha-channel-opacity\"\/>\n\n<h2 class=\"wp-block-heading\"><strong>Nodro\u0161iniet savu USB4 USB C kabeli jau \u0161odien<\/strong><\/h2>\n\n<p>Ne\u013caujiet l\u0113nam datu p\u0101rraides \u0101trumam vai v\u0101jai uzl\u0101dei ilg\u0101k kav\u0113t j\u016bsu iestat\u012b\u0161anu. \u0160is augst\u0101k\u0101s klases kabelis ir piln\u012bgs uzlabojums ikvienam, kas izmanto iPhone 15 s\u0113rijas ier\u012bci, iPad Pro vai augstas veiktsp\u0113jas datoru. Piepras\u012bjums p\u0113c \u0161\u012b \u012bpa\u0161\u0101 240 W Thunderbolt 4 specifik\u0101cija ir liels, t\u0101p\u0113c r\u012bkojieties tagad, lai garant\u0113tu, ka sav\u0113jo sa\u0146emsiet savlaic\u012bgi. Apmekl\u0113jiet m\u016bsu veikalu jau \u0161odien, lai izbaud\u012btu savienojam\u012bbas n\u0101kotni un nodro\u0161in\u0101tu, ka j\u016bsu ier\u012bces vienm\u0113r darbojas ar pilnu jaudu!   <\/p>\n","protected":false},"excerpt":{"rendered":"<ul>\n<li><strong>40 Gb\/s datu p\u0101rraide -<\/strong> \u012bpa\u0161i \u0101tra masveida failu p\u0101rs\u016bt\u012b\u0161ana.<\/li>\n<li><strong>240 W uzl\u0101de -<\/strong> PD 3.1 augstas veiktsp\u0113jas kl\u0113pjdatoriem.<\/li>\n<li><strong>8K60 Hz video -<\/strong> Sharp 8K vai dubult\u0101 4K displeja atbalsts.<\/li>\n<li><strong>E-mar\u0137\u0113\u0161anas mikrosh\u0113ma -<\/strong> viedais dro\u0161ums stabilai str\u0101vas padevei.<\/li>\n<li><strong>P\u012bta konstrukcija -<\/strong> Pastiprin\u0101ts neilona un alum\u012bnija apvalks.<\/li>\n<\/ul>\n[cg_accordion title=\"INFORM\u0100CIJA PAR MAKS\u0100JUMU\"]<\/p>\n<p>M\u0113s izmantojam jaun\u0101k\u0101s tehnolo\u0123ijas maks\u0101jumu apstr\u0101d\u0113, kas \u013cauj \u0101tri un dro\u0161i nor\u0113\u0137in\u0101ties, izmantojot Apple Pay, Google Pay, debetkarti\/kred\u012btkarti, PayPal vai BNPL metodes, piem\u0113ram, Klarna, Affirm vai AfterPay.[\/cg_accordion]\n[cg_accordion title=\"GARANTIJA\"]<\/p>\n<p>1 gada garantija no <a href=\"https:\/\/droix.net\/\" target=\"_blank\" rel=\"nofollow noopener\">DROIX Global, lai<\/a> j\u016bs b\u016btu mier\u0101.[\/cg_accordion]\n[cg_accordion title=\"KVALIT\u0100TES NODRO\u0160IN\u0100\u0160ANA UN PIRMSNOS\u016aT\u012a\u0160ANAS TEST\u0112\u0160ANA\"]<\/p>\n<p>Klientu apmierin\u0101t\u012bbas nodro\u0161in\u0101\u0161ana augst\u0101kaj\u0101 l\u012bmen\u012b: Katra ier\u012bce pirms nos\u016bt\u012b\u0161anas tiek r\u016bp\u012bgi test\u0113ta un p\u0101rbaud\u012bta vair\u0101kos kvalit\u0101tes nodro\u0161in\u0101\u0161anas punktos. M\u016bsu komanda p\u0101rbauda veiktsp\u0113ju, funkcionalit\u0101ti un komponentu integrit\u0101ti, lai garant\u0113tu, ka j\u016bsu AYANEO ier\u012bce p\u0113c sa\u0146em\u0161anas ir ide\u0101l\u0101 darba k\u0101rt\u012bb\u0101, sniedzot jums p\u0101rliec\u012bbu un mieru. [\/cg_accordion]\n[cg_accordion title=\"CENAS, NODOK\u013bI UN PIEG\u0100DE\"]<\/p>\n<p><strong><u>Piez\u012bme:<\/u><\/strong><\/p>\n<ul>\n<li>Amerikas Savienot\u0101s Valstis Klienti: Klientiem, kas ieg\u0101d\u0101jas preces, nor\u0101d\u012bt\u0101 cena neietver ne nodokli, ne nodevas. Atbild\u012bba par muito\u0161anu un saist\u012bto nodok\u013cu\/muitas nodok\u013cu nomaksu gulstas uz klientu pleciem. <\/li>\n<li>ES klienti: Atkar\u012bb\u0101 no j\u016bsu valsts, nor\u0101d\u012bt\u0101 cena ietver piem\u0113rojamo nodokli, kas var b\u016bt l\u012bdz 25%.<\/li>\n<li>Kan\u0101das klienti: Atkar\u012bb\u0101 no j\u016bsu provinces nor\u0101d\u012btaj\u0101 cen\u0101 ir iek\u013cauti piem\u0113rojamie nodok\u013ci, kas var ietvert 5% GST un papildu provinces p\u0101rdo\u0161anas nodokli (PST), saska\u0146oto p\u0101rdo\u0161anas nodokli (HST) vai Kvebekas p\u0101rdo\u0161anas nodokli (QST).<\/li>\n<\/ul>\n<p>M\u016bsu ASV klientiem: Pas\u016bt\u012bjumi tiek nos\u016bt\u012bti DAP (Delivered At Place). Lai gan klienti ir atbild\u012bgi par visu piem\u0113rojamo tarifu samaksu, m\u0113s izmantojam savu pla\u0161o pieredzi s\u016bt\u012bjumos no Apvienot\u0101s Karalistes, lai nodro\u0161in\u0101tu, ka maks\u0101jat p\u0113c iesp\u0113jas maz\u0101k. Pamatojoties uz m\u016bsu uzskaites datiem, \u0161ie maks\u0101jumi parasti nep\u0101rsniedz 10 % no preces v\u0113rt\u012bbas.  <\/p>\n<p><strong>Tikai ES klientiem:<\/strong> Express DDP (pieg\u0101de ar samaks\u0101tu muitas nodokli). Tas noz\u012bm\u0113: <\/p>\n<ul>\n<li>Visas muitas nodevas un nodok\u013ci ir iek\u013cauti produkta lap\u0101 nor\u0101d\u012btaj\u0101 cen\u0101.<\/li>\n<li>Pieg\u0101des br\u012bd\u012b jums neb\u016bs j\u0101maks\u0101 papildu maksa.<\/li>\n<li>Retos gad\u012bjumos, kad rodas ar muitu saist\u012btas probl\u0113mas, m\u016bsu komanda j\u016bsu v\u0101rd\u0101 veiks muito\u0161anas procesu, lai nodro\u0161in\u0101tu netrauc\u0113tu pieg\u0101di.<\/li>\n<p>Svar\u012bga inform\u0101cija par atgrie\u0161anu:<\/p>\n<li>Ja nolemjat atgriezt pas\u016bt\u012bjumu vai piepras\u012bt atmaksu, l\u016bdzu, \u0146emiet v\u0113r\u0101, ka nodok\u013ci un nodevas, kas samaks\u0101ti j\u016bsu v\u0101rd\u0101 saska\u0146\u0101 ar DDP noteikumiem, nevar tikt atmaks\u0101ti.<\/li>\n<p>S\u012bk\u0101ku inform\u0101ciju skatiet m\u016bsu <a href=\"https:\/\/ayaneo.co\/lv\/pakalpojumu-sniegsanas-noteikumi\/\" target=\"_blank\" rel=\"nofollow noopener\">Noteikumos un nosac\u012bjumos<\/a>.\n<\/ul>\n<p>[\/cg_accordion]\n[cg_accordion title=\"KLIENTU ATBALSTS\"]<\/p>\n<p>Jums ir jaut\u0101jums? M\u0113s esam \u012bs\u0101 teksta att\u0101lum\u0101 no j\u016bsu jaut\u0101juma atrisin\u0101\u0161anas! [\/cg_accordion]\n[cg_accordion title=\"IEPAKOJUM\u0100 IETILPST\"]<\/p>\n<ul>\n<li>1x USB 4.0 C tipa kabelis<\/li>\n<\/ul>\n<p>[\/cg_accordion]\n","protected":false},"featured_media":44996,"template":"","meta":{"_acf_changed":false},"product_brand":[],"product_cat":[1194],"product_tag":[],"class_list":{"0":"post-47625","1":"product","2":"type-product","3":"status-publish","4":"has-post-thumbnail","6":"product_cat-aksesuari","7":"product_shipping_class-low-end","9":"first","10":"instock","11":"sale","12":"taxable","13":"shipping-taxable","14":"purchasable","15":"product-type-variable","16":"has-default-attributes"},"acf":[],"_links":{"self":[{"href":"https:\/\/ayaneo.co\/lv\/wp-json\/wp\/v2\/product\/47625","targetHints":{"allow":["GET"]}}],"collection":[{"href":"https:\/\/ayaneo.co\/lv\/wp-json\/wp\/v2\/product"}],"about":[{"href":"https:\/\/ayaneo.co\/lv\/wp-json\/wp\/v2\/types\/product"}],"wp:featuredmedia":[{"embeddable":true,"href":"https:\/\/ayaneo.co\/lv\/wp-json\/wp\/v2\/media\/44996"}],"wp:attachment":[{"href":"https:\/\/ayaneo.co\/lv\/wp-json\/wp\/v2\/media?parent=47625"}],"wp:term":[{"taxonomy":"product_brand","embeddable":true,"href":"https:\/\/ayaneo.co\/lv\/wp-json\/wp\/v2\/product_brand?post=47625"},{"taxonomy":"product_cat","embeddable":true,"href":"https:\/\/ayaneo.co\/lv\/wp-json\/wp\/v2\/product_cat?post=47625"},{"taxonomy":"product_tag","embeddable":true,"href":"https:\/\/ayaneo.co\/lv\/wp-json\/wp\/v2\/product_tag?post=47625"}],"curies":[{"name":"wp","href":"https:\/\/api.w.org\/{rel}","templated":true}]}}