{"id":48704,"date":"2026-05-08T12:11:58","date_gmt":"2026-05-08T12:11:58","guid":{"rendered":"https:\/\/ayaneo.co\/product\/droix-140w-usb-c-wandoplader\/"},"modified":"2026-05-13T11:31:40","modified_gmt":"2026-05-13T11:31:40","slug":"droix-140w-usb-c-wandoplader","status":"publish","type":"product","link":"https:\/\/ayaneo.co\/nl\/product\/droix-140w-usb-c-wandoplader\/","title":{"rendered":"DROIX 140W USB-C Wandoplader"},"content":{"rendered":"\n<div class=\"wp-block-columns is-layout-flex wp-container-core-columns-is-layout-28f84493 wp-block-columns-is-layout-flex\">\n<div class=\"wp-block-column is-layout-flow wp-block-column-is-layout-flow\" style=\"flex-basis:33.33%\">\n<figure class=\"wp-block-image size-large\"><a href=\"https:\/\/ayaneo.co\/wp-content\/uploads\/2026\/05\/DROIX-140W-BLACK-DONE-01.png\"><img fetchpriority=\"high\" decoding=\"async\" width=\"1024\" height=\"1024\" src=\"https:\/\/ayaneo.co\/wp-content\/uploads\/2026\/05\/DROIX-140W-BLACK-DONE-01-1024x1024.png\" alt=\"Een gedetailleerde productweergave van twee DROIX 140W GaN Wall Chargers vanuit verschillende perspectieven, weergegeven op een zwarte achtergrond. De voorste lader is in driekwart vooraanzicht. Het is een matzwart blok met de Amerikaanse opvouwbare stekker gedeeltelijk uitgetrokken aan de linkerkant. Op de zijkant staat prominent de tekst &quot;CHARGER 140W&quot; met een grote &quot;O&quot; en een kleine &quot;140&quot; boven de &quot;O&quot; en het DROIX-logo eronder. De glanzend zwarte voorkant heeft een centraal rond display met een dynamische regenboogkleurige ring rond de witte tekst &quot;140 W&quot; en een klein groen oplaadpictogram. Onder het display bevindt zich een knop of LED-indicator. De achtergrond van de lader is in driekwart achteraanzicht en toont de poorten en tekstdetails. In kleine witte tekst staan uitgebreide meerregelige technische specificaties en veiligheidscertificaten (zoals modelnummers, spannings-\/stroomwaarden en CE-, FCC- en UKCA-keurmerken). Dit apparaat toont de vier uitgangspoorten: van boven naar beneden &#xE9;&#xE9;n USB-A poort met oranje accenten en de kleine tekst &quot;22.5W Max&quot;, gevolgd door drie USB-C poorten met de namen &quot;40W&quot;, &quot;100W&quot; en &quot;140W&quot;. Beide apparaten hebben ventilatieroosters aan de bovenkant. Deze samenstelling geeft een goed beeld van de merknaam, het display en de poortmogelijkheden van de lader.          \" class=\"wp-image-47708\" srcset=\"https:\/\/ayaneo.co\/wp-content\/uploads\/2026\/05\/DROIX-140W-BLACK-DONE-01-1024x1024.png 1024w, https:\/\/ayaneo.co\/wp-content\/uploads\/2026\/05\/DROIX-140W-BLACK-DONE-01-300x300.png 300w, https:\/\/ayaneo.co\/wp-content\/uploads\/2026\/05\/DROIX-140W-BLACK-DONE-01-150x150.png 150w, https:\/\/ayaneo.co\/wp-content\/uploads\/2026\/05\/DROIX-140W-BLACK-DONE-01-768x768.png 768w, https:\/\/ayaneo.co\/wp-content\/uploads\/2026\/05\/DROIX-140W-BLACK-DONE-01-65x65.png 65w, https:\/\/ayaneo.co\/wp-content\/uploads\/2026\/05\/DROIX-140W-BLACK-DONE-01-990x990.png 990w, https:\/\/ayaneo.co\/wp-content\/uploads\/2026\/05\/DROIX-140W-BLACK-DONE-01-441x441.png 441w, https:\/\/ayaneo.co\/wp-content\/uploads\/2026\/05\/DROIX-140W-BLACK-DONE-01-100x100.png 100w, https:\/\/ayaneo.co\/wp-content\/uploads\/2026\/05\/DROIX-140W-BLACK-DONE-01-600x600.png 600w, https:\/\/ayaneo.co\/wp-content\/uploads\/2026\/05\/DROIX-140W-BLACK-DONE-01.png 1500w\" sizes=\"(max-width: 1024px) 100vw, 1024px\" \/><\/a><\/figure>\n<\/div>\n\n\n\n<div class=\"wp-block-column is-layout-flow wp-block-column-is-layout-flow\" style=\"flex-basis:66.66%\">\n<h2 class=\"wp-block-heading\"><strong><strong>DROIX 140W USB-C GaN Wandoplader: De ultieme krachtige power hub<\/strong><\/strong><\/h2>\n\n\n\n<p>De DROIX 140W USB-C muurlader is het definitieve antwoord op &#8220;lader rommel\". Deze compacte krachtpatser is ontworpen voor de volgende generatie power-gebruikers en maakt gebruik van Gallium Nitride (GaN) halfgeleiders om een enorme output te leveren zonder de massa van traditionele siliciumblokken. Of je nu een krachtige <a href=\"https:\/\/ayaneo.co\/nl\/product\/ayaneo-3\/\" target=\"_blank\" rel=\"noreferrer noopener\">AYANEO 3<\/a> tot het uiterste drijft of een professionele laptop snellaadt, deze lader biedt de nodige headroom voor topprestaties. Zeg maar dag tegen een tas vol niet bij elkaar passende adapters en hallo tegen \u00e9\u00e9n slanke, zeer effici\u00ebnte oplossing.   <\/p>\n<\/div>\n<\/div>\n\n<h2 class=\"wp-block-heading has-text-align-center\"><strong>Ontdek waarom de DROIX 140W USB-C Muurlader je belangrijkste wereldwijde metgezel is<\/strong><\/h2>\n\n<div class=\"wp-block-columns is-layout-flex wp-container-core-columns-is-layout-28f84493 wp-block-columns-is-layout-flex\">\n<div class=\"wp-block-column is-layout-flow wp-block-column-is-layout-flow\">\n<figure class=\"wp-block-image size-large\"><a href=\"https:\/\/ayaneo.co\/wp-content\/uploads\/2026\/05\/DROIX-140W-MARKETING-DONE-05.jpg\"><img decoding=\"async\" width=\"1024\" height=\"1024\" src=\"https:\/\/ayaneo.co\/wp-content\/uploads\/2026\/05\/DROIX-140W-MARKETING-DONE-05-1024x1024.jpg\" alt=\"Droix 140W lader met inklapbare EU\/US stekkeropties en afmetingen getoond op een witte achtergrond\" class=\"wp-image-47738\" srcset=\"https:\/\/ayaneo.co\/wp-content\/uploads\/2026\/05\/DROIX-140W-MARKETING-DONE-05-1024x1024.jpg 1024w, https:\/\/ayaneo.co\/wp-content\/uploads\/2026\/05\/DROIX-140W-MARKETING-DONE-05-300x300.jpg 300w, https:\/\/ayaneo.co\/wp-content\/uploads\/2026\/05\/DROIX-140W-MARKETING-DONE-05-150x150.jpg 150w, https:\/\/ayaneo.co\/wp-content\/uploads\/2026\/05\/DROIX-140W-MARKETING-DONE-05-768x768.jpg 768w, https:\/\/ayaneo.co\/wp-content\/uploads\/2026\/05\/DROIX-140W-MARKETING-DONE-05-65x65.jpg 65w, https:\/\/ayaneo.co\/wp-content\/uploads\/2026\/05\/DROIX-140W-MARKETING-DONE-05-990x990.jpg 990w, https:\/\/ayaneo.co\/wp-content\/uploads\/2026\/05\/DROIX-140W-MARKETING-DONE-05-441x441.jpg 441w, https:\/\/ayaneo.co\/wp-content\/uploads\/2026\/05\/DROIX-140W-MARKETING-DONE-05-100x100.jpg 100w, https:\/\/ayaneo.co\/wp-content\/uploads\/2026\/05\/DROIX-140W-MARKETING-DONE-05-600x600.jpg 600w, https:\/\/ayaneo.co\/wp-content\/uploads\/2026\/05\/DROIX-140W-MARKETING-DONE-05.jpg 1500w\" sizes=\"(max-width: 1024px) 100vw, 1024px\" \/><\/a><\/figure>\n<\/div>\n\n\n\n<div class=\"wp-block-column is-layout-flow wp-block-column-is-layout-flow\">\n<figure class=\"wp-block-image size-large\"><a href=\"https:\/\/ayaneo.co\/wp-content\/uploads\/2026\/05\/DROIX-140W-MARKETING-DONE-012.jpg\"><img decoding=\"async\" width=\"1024\" height=\"1024\" src=\"https:\/\/ayaneo.co\/wp-content\/uploads\/2026\/05\/DROIX-140W-MARKETING-DONE-012-1024x1024.jpg\" alt=\"Een DROIX 140W USB-C muurlader in het stopcontact, laadt tegelijkertijd vier apparaten op, waaronder een laptop, tablet, smartphone en smartwatch. De afbeelding benadrukt de &quot;4 apparaten gelijktijdig opladen&quot; mogelijkheid met vier kabels aangesloten op de onderkant van het apparaat. \" class=\"wp-image-47768\" srcset=\"https:\/\/ayaneo.co\/wp-content\/uploads\/2026\/05\/DROIX-140W-MARKETING-DONE-012-1024x1024.jpg 1024w, https:\/\/ayaneo.co\/wp-content\/uploads\/2026\/05\/DROIX-140W-MARKETING-DONE-012-300x300.jpg 300w, https:\/\/ayaneo.co\/wp-content\/uploads\/2026\/05\/DROIX-140W-MARKETING-DONE-012-150x150.jpg 150w, https:\/\/ayaneo.co\/wp-content\/uploads\/2026\/05\/DROIX-140W-MARKETING-DONE-012-768x768.jpg 768w, https:\/\/ayaneo.co\/wp-content\/uploads\/2026\/05\/DROIX-140W-MARKETING-DONE-012-65x65.jpg 65w, https:\/\/ayaneo.co\/wp-content\/uploads\/2026\/05\/DROIX-140W-MARKETING-DONE-012-990x990.jpg 990w, https:\/\/ayaneo.co\/wp-content\/uploads\/2026\/05\/DROIX-140W-MARKETING-DONE-012-441x441.jpg 441w, https:\/\/ayaneo.co\/wp-content\/uploads\/2026\/05\/DROIX-140W-MARKETING-DONE-012-100x100.jpg 100w, https:\/\/ayaneo.co\/wp-content\/uploads\/2026\/05\/DROIX-140W-MARKETING-DONE-012-600x600.jpg 600w, https:\/\/ayaneo.co\/wp-content\/uploads\/2026\/05\/DROIX-140W-MARKETING-DONE-012.jpg 1500w\" sizes=\"(max-width: 1024px) 100vw, 1024px\" \/><\/a><\/figure>\n<\/div>\n<\/div>\n\n<p class=\"has-text-align-left\">Draagbaarheid is de kern van ons ontwerp. Met een afmeting van slechts 71 mm is de DROIX 140W USB-C GaN lader aanzienlijk kleiner dan een standaard 16&#8243; laptop, maar hij behoudt genoeg kracht om een MacBook Pro 16&#8243; op volle snelheid op te laden. <\/p>\n\n<p class=\"has-text-align-left\">Het innovatieve kliksysteem is een game-changer voor internationale reizen. Wissel eenvoudig in een paar seconden tussen Britse, EU-, Amerikaanse en AUS-stekkers. Van een caf\u00e9 in Londen tot een hotel in Sydney, je kunt met het volste vertrouwen op reis gaan in de wetenschap dat je iPhone 16, iPhone 17 en Nintendo Switch 2 opgeladen blijven en klaar zijn voor actie.  <\/p>\n\n<h2 class=\"wp-block-heading has-text-align-center\"><strong>Geoptimaliseerde stroomverdeling via de DROIX 140W USB-C wandlader<\/strong><\/h2>\n\n<div class=\"wp-block-columns is-layout-flex wp-container-core-columns-is-layout-28f84493 wp-block-columns-is-layout-flex\">\n<div class=\"wp-block-column is-layout-flow wp-block-column-is-layout-flow\">\n<figure class=\"wp-block-image size-large\"><a href=\"https:\/\/ayaneo.co\/wp-content\/uploads\/2026\/05\/DROIX-140W-MARKETING-DONE-011.jpg\"><img loading=\"lazy\" decoding=\"async\" width=\"1024\" height=\"1024\" src=\"https:\/\/ayaneo.co\/wp-content\/uploads\/2026\/05\/DROIX-140W-MARKETING-DONE-011-1024x1024.jpg\" alt=\"Een close-up van de zilverkleurige DROIX 140W lader met zijn vier poorten en ge&#xEF;ntegreerde visuele display. De tekst benadrukt de &quot;140W PD 3.1&quot;-technologie en de mogelijkheid om laptops met hoge prestaties automatisch aan te passen en snel op te laden. \" class=\"wp-image-47798\" srcset=\"https:\/\/ayaneo.co\/wp-content\/uploads\/2026\/05\/DROIX-140W-MARKETING-DONE-011-1024x1024.jpg 1024w, https:\/\/ayaneo.co\/wp-content\/uploads\/2026\/05\/DROIX-140W-MARKETING-DONE-011-300x300.jpg 300w, https:\/\/ayaneo.co\/wp-content\/uploads\/2026\/05\/DROIX-140W-MARKETING-DONE-011-150x150.jpg 150w, https:\/\/ayaneo.co\/wp-content\/uploads\/2026\/05\/DROIX-140W-MARKETING-DONE-011-768x768.jpg 768w, https:\/\/ayaneo.co\/wp-content\/uploads\/2026\/05\/DROIX-140W-MARKETING-DONE-011-65x65.jpg 65w, https:\/\/ayaneo.co\/wp-content\/uploads\/2026\/05\/DROIX-140W-MARKETING-DONE-011-990x990.jpg 990w, https:\/\/ayaneo.co\/wp-content\/uploads\/2026\/05\/DROIX-140W-MARKETING-DONE-011-441x441.jpg 441w, https:\/\/ayaneo.co\/wp-content\/uploads\/2026\/05\/DROIX-140W-MARKETING-DONE-011-100x100.jpg 100w, https:\/\/ayaneo.co\/wp-content\/uploads\/2026\/05\/DROIX-140W-MARKETING-DONE-011-600x600.jpg 600w, https:\/\/ayaneo.co\/wp-content\/uploads\/2026\/05\/DROIX-140W-MARKETING-DONE-011.jpg 1500w\" sizes=\"(max-width: 1024px) 100vw, 1024px\" \/><\/a><\/figure>\n<\/div>\n\n\n\n<div class=\"wp-block-column is-layout-flow wp-block-column-is-layout-flow\">\n<figure class=\"wp-block-image size-large\"><a href=\"https:\/\/ayaneo.co\/wp-content\/uploads\/2026\/05\/DROIX-140W-MARKETING-DONE-09.jpg\"><img loading=\"lazy\" decoding=\"async\" width=\"1024\" height=\"1024\" src=\"https:\/\/ayaneo.co\/wp-content\/uploads\/2026\/05\/DROIX-140W-MARKETING-DONE-09-1024x1024.jpg\" alt=\"Een infographic met de titel &quot;Smart Visual Charger&quot; toont de verschillende realtime weergavemodi van de DROIX 140W lader. Het beschrijft de interfaceschermen voor het vermogen per poort, de totale gebruikstijd (88H), de thermische gezondheidsstatus en dynamische oplaadpictogrammen. \" class=\"wp-image-47828\" srcset=\"https:\/\/ayaneo.co\/wp-content\/uploads\/2026\/05\/DROIX-140W-MARKETING-DONE-09-1024x1024.jpg 1024w, https:\/\/ayaneo.co\/wp-content\/uploads\/2026\/05\/DROIX-140W-MARKETING-DONE-09-300x300.jpg 300w, https:\/\/ayaneo.co\/wp-content\/uploads\/2026\/05\/DROIX-140W-MARKETING-DONE-09-150x150.jpg 150w, https:\/\/ayaneo.co\/wp-content\/uploads\/2026\/05\/DROIX-140W-MARKETING-DONE-09-768x768.jpg 768w, https:\/\/ayaneo.co\/wp-content\/uploads\/2026\/05\/DROIX-140W-MARKETING-DONE-09-65x65.jpg 65w, https:\/\/ayaneo.co\/wp-content\/uploads\/2026\/05\/DROIX-140W-MARKETING-DONE-09-990x990.jpg 990w, https:\/\/ayaneo.co\/wp-content\/uploads\/2026\/05\/DROIX-140W-MARKETING-DONE-09-441x441.jpg 441w, https:\/\/ayaneo.co\/wp-content\/uploads\/2026\/05\/DROIX-140W-MARKETING-DONE-09-100x100.jpg 100w, https:\/\/ayaneo.co\/wp-content\/uploads\/2026\/05\/DROIX-140W-MARKETING-DONE-09-600x600.jpg 600w, https:\/\/ayaneo.co\/wp-content\/uploads\/2026\/05\/DROIX-140W-MARKETING-DONE-09.jpg 1500w\" sizes=\"(max-width: 1024px) 100vw, 1024px\" \/><\/a><\/figure>\n<\/div>\n<\/div>\n\n<p>Door gebruik te maken van geavanceerde GaN halfgeleidertechnologie, bereikt deze beste 140w usb c lader toonaangevende effici\u00ebntie met aanzienlijk minder warmteontwikkeling. De lader ondersteunt de PD 3.1-standaard en is volledig geoptimaliseerd voor de meest energievretende apparaten van 2026, waaronder de <a href=\"https:\/\/ayaneo.co\/nl\/product\/ayaneo-pocket-evo\/\" target=\"_blank\" rel=\"noreferrer noopener\">AYANEO Pocket EVO<\/a> en <a href=\"https:\/\/ayaneo.co\/nl\/product\/ayaneo-pocket-s2\/\" target=\"_blank\" rel=\"noreferrer noopener\">AYANEO Pocket S2<\/a>. <\/p>\n\n<p>Slim druppelladen: Schakelt automatisch over naar een andere modus bij 80% capaciteit om de levensduur van de batterij van je dure hardware te verlengen.<\/p>\n\n<p>Thermische uitmuntendheid: De GaN architectuur minimaliseert thermische stress, waardoor uw MacBooks en <a href=\"https:\/\/ayaneo.co\/nl\/product\/konkr-zak-fit\/\" target=\"_blank\" rel=\"noreferrer noopener\">KONKR Pocket FIT<\/a> jarenlang in topconditie blijven.<\/p>\n\n<h2 class=\"wp-block-heading has-text-align-center\"><strong><strong>Hardware Specificaties en Vermogen voor de DROIX 140W USB-C Wandoplader<\/strong><\/strong><\/h2>\n\n<div class=\"wp-block-columns is-layout-flex wp-container-core-columns-is-layout-28f84493 wp-block-columns-is-layout-flex\">\n<div class=\"wp-block-column is-layout-flow wp-block-column-is-layout-flow\">\n<figure class=\"wp-block-image size-large\"><a href=\"https:\/\/ayaneo.co\/wp-content\/uploads\/2026\/05\/DROIX-140W-MARKETING-DONE-07.jpg\"><img loading=\"lazy\" decoding=\"async\" width=\"1024\" height=\"1024\" src=\"https:\/\/ayaneo.co\/wp-content\/uploads\/2026\/05\/DROIX-140W-MARKETING-DONE-07-1024x1024.jpg\" alt=\"Een uitgebreide technische infographic met details over het vermogen en de verdeling van de DROIX 140W lader. De bovenste sectie toont het maximale individuele wattage en voltage\/amp&#xE8;re voor poorten C1 (140W), C2 (100W), C3 (40W) en USB-A (22,5W). De onderste secties bevatten tien diagrammen die precies laten zien hoe het wattage wordt gedeeld en verdeeld over verschillende dubbele, drievoudige en viervoudige poortconfiguraties.  \" class=\"wp-image-47858\" srcset=\"https:\/\/ayaneo.co\/wp-content\/uploads\/2026\/05\/DROIX-140W-MARKETING-DONE-07-1024x1024.jpg 1024w, https:\/\/ayaneo.co\/wp-content\/uploads\/2026\/05\/DROIX-140W-MARKETING-DONE-07-300x300.jpg 300w, https:\/\/ayaneo.co\/wp-content\/uploads\/2026\/05\/DROIX-140W-MARKETING-DONE-07-150x150.jpg 150w, https:\/\/ayaneo.co\/wp-content\/uploads\/2026\/05\/DROIX-140W-MARKETING-DONE-07-768x768.jpg 768w, https:\/\/ayaneo.co\/wp-content\/uploads\/2026\/05\/DROIX-140W-MARKETING-DONE-07-65x65.jpg 65w, https:\/\/ayaneo.co\/wp-content\/uploads\/2026\/05\/DROIX-140W-MARKETING-DONE-07-990x990.jpg 990w, https:\/\/ayaneo.co\/wp-content\/uploads\/2026\/05\/DROIX-140W-MARKETING-DONE-07-441x441.jpg 441w, https:\/\/ayaneo.co\/wp-content\/uploads\/2026\/05\/DROIX-140W-MARKETING-DONE-07-100x100.jpg 100w, https:\/\/ayaneo.co\/wp-content\/uploads\/2026\/05\/DROIX-140W-MARKETING-DONE-07-600x600.jpg 600w, https:\/\/ayaneo.co\/wp-content\/uploads\/2026\/05\/DROIX-140W-MARKETING-DONE-07.jpg 1500w\" sizes=\"(max-width: 1024px) 100vw, 1024px\" \/><\/a><\/figure>\n<\/div>\n\n\n\n<div class=\"wp-block-column is-layout-flow wp-block-column-is-layout-flow\">\n<figure class=\"wp-block-image size-large\"><a href=\"https:\/\/ayaneo.co\/wp-content\/uploads\/2026\/05\/DROIX-140W-MARKETING-DONE-010.jpg\"><img loading=\"lazy\" decoding=\"async\" width=\"1024\" height=\"1024\" src=\"https:\/\/ayaneo.co\/wp-content\/uploads\/2026\/05\/DROIX-140W-MARKETING-DONE-010-1024x1024.jpg\" alt=\"Marketingafbeelding met de titel &quot;Begrijpt uw oplaadbehoeften&quot;, waarin de 4 uitgangspoorten van het apparaat (3 USB-C en 1 USB-A) worden benadrukt. De afbeelding toont een verzameling compatibele elektronica, waaronder een laptop, tablets, een Nintendo Switch, smartphones, draadloze oordopjes, een drone en een gimbalcamera, om de veelzijdigheid van de lader aan te tonen. \" class=\"wp-image-47888\" srcset=\"https:\/\/ayaneo.co\/wp-content\/uploads\/2026\/05\/DROIX-140W-MARKETING-DONE-010-1024x1024.jpg 1024w, https:\/\/ayaneo.co\/wp-content\/uploads\/2026\/05\/DROIX-140W-MARKETING-DONE-010-300x300.jpg 300w, https:\/\/ayaneo.co\/wp-content\/uploads\/2026\/05\/DROIX-140W-MARKETING-DONE-010-150x150.jpg 150w, https:\/\/ayaneo.co\/wp-content\/uploads\/2026\/05\/DROIX-140W-MARKETING-DONE-010-768x768.jpg 768w, https:\/\/ayaneo.co\/wp-content\/uploads\/2026\/05\/DROIX-140W-MARKETING-DONE-010-65x65.jpg 65w, https:\/\/ayaneo.co\/wp-content\/uploads\/2026\/05\/DROIX-140W-MARKETING-DONE-010-990x990.jpg 990w, https:\/\/ayaneo.co\/wp-content\/uploads\/2026\/05\/DROIX-140W-MARKETING-DONE-010-441x441.jpg 441w, https:\/\/ayaneo.co\/wp-content\/uploads\/2026\/05\/DROIX-140W-MARKETING-DONE-010-100x100.jpg 100w, https:\/\/ayaneo.co\/wp-content\/uploads\/2026\/05\/DROIX-140W-MARKETING-DONE-010-600x600.jpg 600w, https:\/\/ayaneo.co\/wp-content\/uploads\/2026\/05\/DROIX-140W-MARKETING-DONE-010.jpg 1500w\" sizes=\"(max-width: 1024px) 100vw, 1024px\" \/><\/a><\/figure>\n<\/div>\n<\/div>\n\n<p>De DROIX 140W USB-C Wall Charger maakt gebruik van een flexibele vier-poorts lay-out om meerdere oplaadtaken tegelijk aan te pakken. De toonaangevende USB-C1-poort levert een piekvermogen van 140 W via PD 3.1 en PPS-technologie voor maximale snelheid. Bovendien biedt de tweede USB-C2-poort een aanzienlijke 100W om high-end laptops op volle capaciteit te laten werken tijdens intensieve werkbelasting.  <\/p>\n\n<p>Daarnaast kunnen gebruikers gebruik maken van de 40W USB-C3 poort voor middelgrote elektronica zoals consoles of tablets. Op dezelfde manier ondersteunt de USB-A-poort oudere hardware met een vermogen van 22,5 W via SCP- en QC 3.0-protocollen. Omdat alle vier de poorten worden bewaakt door intelligente veiligheidssystemen, is je hardware altijd beschermd tegen elektrische schade. Daarom wordt de DROIX 140W USB-C Wall Charger algemeen beschouwd als de meest effici\u00ebnte hub voor een opstelling met meerdere apparaten.   <\/p>\n\n<h2 class=\"wp-block-heading has-text-align-center\"><strong>Geavanceerde energieopvolging via het ge\u00efntegreerde display van de DROIX 140W USB-C wandlader<\/strong><\/h2>\n\n<p>Blijf op de hoogte met de DROIX 140W USB-C Wall Charger, die belangrijke laadstatistieken in real-time weergeeft. Met dit ge\u00efntegreerde slimme visuele display kun je in \u00e9\u00e9n oogopslag het totale wattage en de afzonderlijke poortoutput bijhouden. Bovendien helpt de &#8220;Time of Use\" tracker je inzicht te krijgen in je persoonlijke hardware gebruiksgewoonten in de loop van de tijd. Omdat jouw veiligheid op de eerste plaats komt, laat de interface duidelijk zien wanneer het apparaat zich in een &#8220;uitstekende\" thermische zone bevindt. Je hoeft je dus nooit zorgen te maken over de gezondheid van je aangesloten apparaten.    <\/p>\n\n<h2 class=\"wp-block-heading has-text-align-center\"><strong><strong>Totale veiligheid: De meerlaagse beveiliging van de DROIX 140W USB-C wandoplader<\/strong><\/strong><\/h2>\n\n<p>De DROIX 140W USB-C Wall Charger is ontwikkeld met een compromisloze toewijding aan de veiligheid van de gebruiker. Het apparaat heeft een schokbestendige, brandvertragende pc-behuizing die bestand is tegen de ontberingen van het reizen. Binnenin zorgen geavanceerde sensoren voor een constante controle op overspanning, overstroom en thermische onregelmatigheden.  <\/p>\n\n<p>Bovendien zijn je dure mobiele apparaten beschermd tegen mogelijke kortsluiting en elektromagnetische interferentie. Daarom kun je er altijd op vertrouwen dat het apparaat constante, schone energie levert zonder het risico op beschadiging van gevoelige onderdelen. Dankzij deze zorgvuldige aandacht voor veiligheid kun je je apparatuur met het volste vertrouwen opladen.  <\/p>\n\n<h2 class=\"wp-block-heading has-text-align-center\"><strong>Upgrade je reiskit: Claim nu je DROIX 140W USB-C muurlader<\/strong><\/h2>\n\n<p>Het is tijd om je set-up te vereenvoudigen. De DROIX 140W USB-C Wall Charger is de enige tool die nodig is om je professionele kantoor of elite gaming rig op 100% te laten werken. Vanwege de grote vraag naar deze alles-in-\u00e9\u00e9n GaN-oplossing is de voorraad snel op.  <\/p>\n\n<p>Ontdek hoe de DROIX 140W USB-C GaN Wall Charger de game verandert.<strong><a href=\"https:\/\/ayaneo.co\/?p=48198\" target=\"_blank\" rel=\"noreferrer noopener\">Lees meer op onze blog!<\/a><\/strong><\/p>\n","protected":false},"excerpt":{"rendered":"<ul>\n<li><strong>140W PD 3.1 Power<\/strong> - Laad laptops met hoge prestaties en gaming-handhelds snel op met pieksnelheid.<\/li>\n<li><strong>Viervoudige poortveelzijdigheid<\/strong> - Voed tegelijkertijd vier apparaten via drie USB-C-poorten en \u00e9\u00e9n USB-A-poort.<\/li>\n<li><strong>Live visuele weergave<\/strong> - Bekijk in \u00e9\u00e9n oogopslag het wattage, de thermische status en de oplaadmodi in realtime.<\/li>\n<li><strong>Global Travel System<\/strong> - Bevat verwisselbare UK, EU, US en AUS stekkeradapters.<\/li>\n<li><strong>Geavanceerde veiligheids-IC<\/strong> - Meerlaagse bescherming zorgt voor een stabiele, warmtereguleerde voeding voor je hardware.<\/li>\n<\/ul>\n[cg_accordion title=\"BETALINGS INFO\"]<\/p>\n<p>We gebruiken de nieuwste technologie op het gebied van betalingsverwerking, waardoor je kunt afrekenen via Apple Pay, Google Pay, je bankpas, PayPal of BNPL-methoden zoals Klarna, Affirm of AfterPay voor een snelle en veilige ervaring.[\/cg_accordion]\n[cg_accordion title=\"GARANTIE\"]<\/p>\n<p>1 jaar garantie van <a href=\"https:\/\/droix.net\/\" target=\"_blank\" rel=\"nofollow noopener\">DROIX Global<\/a> voor uw gemoedsrust[\/cg_accordion]\n[cg_accordion title=\"KWALITEITSBORGING EN TESTEN V\u00d3\u00d3R VERZENDING\"]<\/p>\n<p>Zorgen voor klanttevredenheid op het hoogste niveau: Elk apparaat ondergaat strenge tests en een meerpunts kwaliteitscontrole voordat het wordt verzonden. Ons toegewijde team controleert de prestaties, functionaliteit en integriteit van de onderdelen om te garanderen dat uw AYANEO apparaat in perfecte staat is bij aankomst, zodat u gerust kunt zijn. [\/cg_accordion]\n[cg_accordion title=\"PRIJZEN, BELASTINGEN EN VERZENDING\"]<\/p>\n<p><strong><u>Opmerking:<\/u><\/strong><\/p>\n<ul>\n<li>Klanten in de Verenigde Staten: De getoonde prijs is exclusief BTW en invoerrechten. De klant is verantwoordelijk voor het inklaren en betalen van eventuele belastingen\/rechten. <\/li>\n<li>Klanten in de EU: De getoonde prijs is inclusief BTW, die kan oplopen tot 25%, afhankelijk van je land.<\/li>\n<li>Klanten in Canada: De getoonde prijs is inclusief toepasselijke belastingen, waaronder mogelijk 5% GST en aanvullende Provincial Sales Taxes (PST), Harmonized Sales Tax (HST) of Quebec Sales Tax (QST), afhankelijk van je provincie.<\/li>\n<\/ul>\n<p>Voor onze klanten in de Verenigde Staten: Bestellingen worden verzonden met DAP (Delivered At Place). Hoewel klanten verantwoordelijk zijn voor de betaling van eventuele van toepassing zijnde tarieven, putten we uit onze uitgebreide ervaring met het verzenden vanuit het Verenigd Koninkrijk om ervoor te zorgen dat je zo min mogelijk kosten betaalt. Volgens onze gegevens bedragen deze kosten doorgaans niet meer dan 10% van de waarde van het artikel.  <\/p>\n<p><strong>ALLEEN voor klanten in de EU:<\/strong> Express DDP (Delivered Duty Paid). Dit betekent: <\/p>\n<ul>\n<li>Alle douanerechten en belastingen zijn bij de prijs op de productpagina inbegrepen.<\/li>\n<li>Je hoeft geen extra kosten te betalen bij levering.<\/li>\n<li>In het zeldzame geval dat er douanegerelateerde problemen zijn, zal ons team het inklaringsproces namens jou afhandelen om een probleemloze levering te garanderen.<\/li>\n<p>Belangrijke informatie over retourneren:<\/p>\n<li>Als je besluit je bestelling te retourneren of een restitutie aanvraagt, houd er dan rekening mee dat belastingen en heffingen die onder DDP-voorwaarden namens jou zijn betaald, niet kunnen worden terugbetaald.<\/li>\n<p>Raadpleeg onze <a href=\"https:\/\/ayaneo.co\/terms-of-service-2\/\" target=\"_blank\" rel=\"nofollow noopener\">Algemene voorwaarden<\/a> voor gedetailleerde informatie.\n<\/ul>\n<p>[\/cg_accordion]\n[cg_accordion title=\"KLANTENONDERSTEUNING\"]<\/p>\n<p>Heb je een vraag? We zijn een sms&#8217;je van je probleem verwijderd! [\/cg_accordion]\n[cg_accordion title=\"PAKKET OMVAT\"]<\/p>\n<ul>\n<li>1x DROIX 140W USB-C wandoplader<\/li>\n<li>1x UK-stekkeradapter<\/li>\n<li>1x EU-stekkeradapter<\/li>\n<li>1x gebruikershandleiding<\/li>\n<\/ul>\n<p>[\/cg_accordion]\n","protected":false},"featured_media":47925,"template":"","meta":{"_acf_changed":false},"product_brand":[],"product_cat":[1149],"product_tag":[],"class_list":{"0":"post-48704","1":"product","2":"type-product","3":"status-publish","4":"has-post-thumbnail","6":"product_cat-accessoires-nl","7":"product_shipping_class-standard","9":"first","10":"onbackorder","11":"taxable","12":"shipping-taxable","13":"product-type-simple"},"acf":[],"_links":{"self":[{"href":"https:\/\/ayaneo.co\/nl\/wp-json\/wp\/v2\/product\/48704","targetHints":{"allow":["GET"]}}],"collection":[{"href":"https:\/\/ayaneo.co\/nl\/wp-json\/wp\/v2\/product"}],"about":[{"href":"https:\/\/ayaneo.co\/nl\/wp-json\/wp\/v2\/types\/product"}],"wp:featuredmedia":[{"embeddable":true,"href":"https:\/\/ayaneo.co\/nl\/wp-json\/wp\/v2\/media\/47925"}],"wp:attachment":[{"href":"https:\/\/ayaneo.co\/nl\/wp-json\/wp\/v2\/media?parent=48704"}],"wp:term":[{"taxonomy":"product_brand","embeddable":true,"href":"https:\/\/ayaneo.co\/nl\/wp-json\/wp\/v2\/product_brand?post=48704"},{"taxonomy":"product_cat","embeddable":true,"href":"https:\/\/ayaneo.co\/nl\/wp-json\/wp\/v2\/product_cat?post=48704"},{"taxonomy":"product_tag","embeddable":true,"href":"https:\/\/ayaneo.co\/nl\/wp-json\/wp\/v2\/product_tag?post=48704"}],"curies":[{"name":"wp","href":"https:\/\/api.w.org\/{rel}","templated":true}]}}