{"id":16522,"date":"2025-01-28T11:05:14","date_gmt":"2025-01-28T11:05:14","guid":{"rendered":"https:\/\/ayaneo.co\/product\/droix-pm14-4k-baerbar-skjerm\/"},"modified":"2025-05-30T15:56:56","modified_gmt":"2025-05-30T15:56:56","slug":"droix-pm14-4k-baerbar-skjerm","status":"publish","type":"product","link":"https:\/\/ayaneo.co\/no\/product\/droix-pm14-4k-baerbar-skjerm\/","title":{"rendered":"DroiX PM14 4K b\u00e6rbar skjerm"},"content":{"rendered":"\n<div class=\"wp-block-columns is-layout-flex wp-container-core-columns-is-layout-28f84493 wp-block-columns-is-layout-flex\">\n<div class=\"wp-block-column is-layout-flow wp-block-column-is-layout-flow\" style=\"flex-basis:33.33%\">\n<figure class=\"wp-block-image size-large\"><a href=\"https:\/\/droix.net\/wp-content\/uploads\/2024\/05\/DROIX-PM14-LISTING-V2-DONE-01-NON-TOUCH.png\" target=\"_blank\" rel=\"noopener\"><img decoding=\"async\" src=\"https:\/\/droix.net\/wp-content\/uploads\/2024\/05\/DROIX-PM14-LISTING-V2-DONE-01-NON-TOUCH-1024x1024.png\" alt=\"Bilde av DroiX b&#xE6;rbar skjerm, 14 tommer, 4K, ultratynn&quot;\" class=\"wp-image-179745\"\/><\/a><\/figure>\n<\/div>\n\n\n\n<div class=\"wp-block-column is-layout-flow wp-block-column-is-layout-flow\" style=\"flex-basis:66.66%\">\n<h3 class=\"wp-block-heading\"><strong>DroiX PM14 - 14,0 tommers 4K ultratynn b\u00e6rbar skjerm<\/strong><\/h3>\n\n\n\n<p>Oppdag de nyeste fremskrittene innen skjermteknologi med DroiX PM14, en 14,0-tommers ultratynn b\u00e6rbar skjerm som er tilgjengelig b\u00e5de med og uten ber\u00f8ringsskjerm. Denne innovative enheten setter en ny standard innen mobil databehandling ved \u00e5 kombinere robust ytelse med eksepsjonell b\u00e6rbarhet og moderne design. Enten du er profesjonell eller underholdningsentusiast, er DroiX PM14 4K b\u00e6rbar skjerm laget for \u00e5 integreres s\u00f8ml\u00f8st i din dynamiske livsstil, og gir deg viktig allsidighet uansett om du er hjemme, p\u00e5 kontoret eller p\u00e5 farten.  <\/p>\n<\/div>\n<\/div>\n\n<h3 class=\"wp-block-heading\"><strong>Produktoversikt<\/strong><\/h3>\n\n<figure class=\"wp-block-image aligncenter size-large\"><a href=\"https:\/\/droix.net\/wp-content\/uploads\/2024\/04\/1080P-FHD.jpg\" target=\"_blank\" rel=\"noopener\"><img decoding=\"async\" src=\"https:\/\/droix.net\/wp-content\/uploads\/2024\/04\/1080P-FHD-1024x420.jpg\" alt=\"Bilde av DroiX b&#xE6;rbar skjerm, 14-tommers, 4K, ultratynn, med en skarp 3840x2160 UHD-oppl&#xF8;sning med levende farger og utrolige detaljer, DCI-P3 100 % fargespekter og st&#xF8;tte for HDR400\" class=\"wp-image-178360\"\/><\/a><\/figure>\n\n<p>Den b\u00e6rbare DroiX PM14-skjermen viser moderne ingeni\u00f8rkunst p\u00e5 sitt beste, med en levende 3840&#215;2160 UHD-oppl\u00f8sning som gir liv til innholdet med levende farger og eksepsjonelle detaljer. Med et DCI-P3 100 % fargespekter og HDR400-st\u00f8tte leverer den fantastiske bilder med dype svarte og lyse hvite farger. Den slanke profilen og den lette designen sikrer optimal b\u00e6rbarhet uten at det g\u00e5r p\u00e5 bekostning av kvalitet eller ytelse.  <\/p>\n\n<figure class=\"wp-block-image aligncenter size-large\"><a href=\"https:\/\/droix.net\/wp-content\/uploads\/2024\/04\/Color.jpg\" target=\"_blank\" rel=\"noopener\"><img decoding=\"async\" src=\"https:\/\/droix.net\/wp-content\/uploads\/2024\/04\/Color-1024x406.jpg\" alt=\"Bilde av DroiX b&#xE6;rbar skjerm, 14-tommers, 4K, ultratynn, med DCI-P3 100 % fargespekter og HDR400-st&#xF8;tte for fantastisk grafikk med dype svarte og lyse hvite farger. Slank profil og lett design for optimal b&#xE6;rbarhet uten at det g&#xE5;r p&#xE5; bekostning av kvalitet eller ytelse. \" class=\"wp-image-178361\"\/><\/a><\/figure>\n\n<p>DroiX PM14 er ergonomisk utformet og har et brukervennlig kontrollhjul og allsidige tilkoblingsmuligheter som Mini HDMI og flere USB-C-porter. Dette gj\u00f8r den tilpasningsdyktig for alle enhetene dine, enten du spiller p\u00e5 PlayStation, redigerer videoer p\u00e5 Mac eller holder presentasjoner fra den b\u00e6rbare datamaskinen. PM14 integreres s\u00f8ml\u00f8st i ethvert oppsett, og har lavt str\u00f8mforbruk og h\u00f8yeffektiv ytelse, slik at du kan jobbe lenger uten \u00e5 bekymre deg for \u00e5 t\u00f8mme batteriene p\u00e5 enhetene dine.  <\/p>\n\n<figure class=\"wp-block-image aligncenter size-large\"><a href=\"https:\/\/droix.net\/wp-content\/uploads\/2024\/04\/Modes.jpg\" target=\"_blank\" rel=\"noopener\"><img decoding=\"async\" src=\"https:\/\/droix.net\/wp-content\/uploads\/2024\/04\/Modes-1024x419.jpg\" alt=\"Bilde av DroiX b&#xE6;rbar skjerm, 14 tommer, 4K, ultratynn, kompatibel med b&#xE6;rbare datamaskiner, Mac, smarttelefoner, nettbrett, PC-er, PS3\/4\/5, Xbox og Switc\" class=\"wp-image-178357\"\/><\/a><\/figure>\n\n<h3 class=\"wp-block-heading\"><strong>Detaljerte funksjoner<\/strong><\/h3>\n\n<ul class=\"wp-block-list\">\n<li>Ytelse: DroiX PM14 4K b\u00e6rbar skjerm utmerker seg ved \u00e5 gi en responsiv og oppslukende seeropplevelse med en oppdateringsfrekvens p\u00e5 60 Hz og en responstid p\u00e5 2,5 ms, noe som sikrer jevne bevegelser og skarpe bilder selv i scener med h\u00f8y hastighet. Den har en luminans p\u00e5 500 cd\/m\u00b2 og et kontrastforhold p\u00e5 1500:1, noe som sikrer utmerket synlighet under ulike lysforhold. <\/li>\n\n\n\n<li>Tilkoblingsmuligheter: DroiX PM14 har allsidige tilkoblingsmuligheter, med to USB-C-porter for str\u00f8m- og videodataoverf\u00f8ring, en ekstra USB-C-port for eksterne enheter som tastaturer og mus, en Mini HDMI-port for konvensjonelle videotilkoblinger og en lydkontakt for privat lytting.<\/li>\n<\/ul>\n\n<figure class=\"wp-block-image aligncenter size-large\"><a href=\"https:\/\/droix.net\/wp-content\/uploads\/2024\/04\/interface.jpg\" target=\"_blank\" rel=\"noopener\"><img decoding=\"async\" src=\"https:\/\/droix.net\/wp-content\/uploads\/2024\/04\/interface-1024x1024.jpg\" alt=\"Bilde av DroiX PM14 Portable Monitor, som st&#xF8;tter et bredt utvalg av HDMI- og Type-C-enheter, noe som forbedrer kompatibiliteten p&#xE5; tvers av digitale &#xF8;kosystemer. Ideell for gamere, kreative fagfolk p&#xE5; Mac og forretningsfolk som trenger en ekstra skjerm. Brukervennlig for Windows med plug-and-play-oppsett for problemfri bruk  \" class=\"wp-image-178362\"\/><\/a><\/figure>\n\n<h3 class=\"wp-block-heading\"><strong>Brukeropplevelse<\/strong><\/h3>\n\n<p>DroiX PM14 st\u00f8tter et omfattende utvalg av HDMI- og Type-C-enheter, noe som sikrer kompatibilitet p\u00e5 tvers av ulike digitale \u00f8kosystemer. Enten du er en spiller p\u00e5 jakt etter en b\u00e6rbar skjerm, en kreativ profesjonell som bruker Mac, eller en bedriftsleder som trenger en ekstra skjerm til presentasjoner, tilpasser PM14 seg uanstrengt til dine behov. Den utmerker seg i Windows-milj\u00f8er med sitt brukervennlige plug-and-play-oppsett, slik at du s\u00f8ml\u00f8st kan g\u00e5 over til \u00e5 jobbe eller spille uten problemer.  <\/p>\n\n<figure class=\"wp-block-image aligncenter size-large\"><a href=\"https:\/\/droix.net\/wp-content\/uploads\/2024\/04\/portable1.jpg\" target=\"_blank\" rel=\"noopener\"><img decoding=\"async\" src=\"https:\/\/droix.net\/wp-content\/uploads\/2024\/04\/portable1-1024x483.jpg\" alt=\"Bilde av DroiX b&#xE6;rbar skjerm, 14 tommer, 4K, ultratynn, lett og b&#xE6;rbar\" class=\"wp-image-178358\"\/><\/a><\/figure>\n\n<h3 class=\"wp-block-heading\"><strong>Konklusjon<\/strong><\/h3>\n\n<p>Den b\u00e6rbare DroiX PM14-skjermen representerer en banebrytende l\u00f8sning som kombinerer suveren funksjonalitet, eksepsjonell design og friheten ved \u00e5 v\u00e6re b\u00e6rbar. Den er mer enn bare en skjerm; den er en inngangsport til \u00e5 forbedre produktiviteten og underholdningsopplevelsene dine uansett hvor du befinner deg. <\/p>\n\n<p>Oppdag fremtiden for b\u00e6rbare skjermer for b\u00e6rbare datamaskiner med DroiX PM14. Ikke g\u00e5 glipp av dette - reserver din n\u00e5 for \u00e5 sikre deg enheten og bli blant de f\u00f8rste til \u00e5 forbedre seeropplevelsen n\u00e5r du er p\u00e5 farten! <\/p>\n","protected":false},"excerpt":{"rendered":"<ul>\n<li>4K 14&#8243;<strong> HDR400-skjerm<\/strong> <\/li>\n<li>100 %<strong> DCI-P3-dekning<\/strong> <\/li>\n<li>500 <strong>nit<\/strong> lysstyrke<\/li>\n<li><strong> Innebygd<\/strong> st\u00f8ttebein<\/li>\n<li> <strong> Innebygde<\/strong> h\u00f8yttalere<\/li>\n<\/ul>\n[cg_accordion title=\"BETALINGSINFORMASJON\"]<\/p>\n<p>Vi bruker den nyeste teknologien innen betalingsbehandling, som lar deg betale via Apple Pay, Google Pay, debet- \/ kredittkortet ditt, PayPal eller BNPL-metoder som Klarna, Affirm eller AfterPay for en rask og sikker opplevelse.[\/cg_accordion]\n[cg_accordion title=\"GARANTI\"]<\/p>\n<p>1 \u00e5rs garanti fra <a href=\"https:\/\/droix.net\/\" target=\"_blank\" rel=\"nofollow noopener\">DROIX Global<\/a> for din trygghet[\/cg_accordion]\n[cg_accordion title=\"PRISER, AVGIFTER OG FRAKT\"]<\/p>\n<p><strong><u>Merk:<\/u><\/strong><\/p>\n<ul>\n<li>Kunder i USA: Den viste prisen inkluderer IKKE SKATT eller avgifter. Ansvaret for \u00e5 fortolle og betale eventuelle tilknyttede skatter\/avgifter ligger p\u00e5 kunden. <\/li>\n<li>EU-kunder: Den viste prisen inkluderer gjeldende SKATT, som kan v\u00e6re opptil 25 % avhengig av hvilket land du bor i.<\/li>\n<li>Kunder i Canada: Den viste prisen inkluderer gjeldende avgifter, som kan inkludere 5 % GST og ytterligere provinsiell omsetningsavgift (PST), harmonisert omsetningsavgift (HST) eller Quebec Sales Tax (QST), avhengig av hvilken provins du bor i.<\/li>\n<\/ul>\n<p><strong>KUN for EU-kunder:<\/strong> Express DDP (Delivered Duty Paid). Dette betyr: <\/p>\n<ul>\n<li>Alle tollavgifter og skatter er inkludert i prisen som vises p\u00e5 produktsiden.<\/li>\n<li>Du trenger ikke \u00e5 betale noen ekstra kostnader ved levering.<\/li>\n<li>I sjeldne tilfeller av tollrelaterte problemer vil v\u00e5rt team h\u00e5ndtere fortollingsprosessen p\u00e5 dine vegne for \u00e5 sikre en problemfri leveringsopplevelse.<\/li>\n<p>Viktig informasjon om retur:<\/p>\n<li>Hvis du bestemmer deg for \u00e5 returnere bestillingen eller be om refusjon, m\u00e5 du v\u00e6re oppmerksom p\u00e5 at skatter og avgifter som er betalt p\u00e5 dine vegne i henhold til DDP-vilk\u00e5rene, ikke kan refunderes.<\/li>\n<p>Se v\u00e5re <a href=\"https:\/\/ayaneo.co\/no\/vilkar-for-bruk\/\" target=\"_blank\" rel=\"nofollow noopener\">vilk\u00e5r og betingelser<\/a> for detaljert informasjon.\n<\/ul>\n<p>[\/cg_accordion]\n[cg_accordion title=\"KUNDEST\u00d8TTE\"]<\/p>\n<p>Har du et sp\u00f8rsm\u00e5l? Vi er bare en kort tekstmelding unna \u00e5 l\u00f8se problemet ditt!<br \/>\n[\/cg_accordion]\n","protected":false},"featured_media":16532,"template":"","meta":{"_acf_changed":false},"product_brand":[],"product_cat":[1208],"product_tag":[],"class_list":{"0":"post-16522","1":"product","2":"type-product","3":"status-publish","4":"has-post-thumbnail","6":"product_cat-baerbare-skjermer","7":"product_shipping_class-standard","8":"pa_brand-droix","10":"first","11":"outofstock","12":"sale","13":"taxable","14":"shipping-taxable","15":"purchasable","16":"product-type-variable","17":"has-default-attributes"},"acf":[],"_links":{"self":[{"href":"https:\/\/ayaneo.co\/no\/wp-json\/wp\/v2\/product\/16522","targetHints":{"allow":["GET"]}}],"collection":[{"href":"https:\/\/ayaneo.co\/no\/wp-json\/wp\/v2\/product"}],"about":[{"href":"https:\/\/ayaneo.co\/no\/wp-json\/wp\/v2\/types\/product"}],"wp:featuredmedia":[{"embeddable":true,"href":"https:\/\/ayaneo.co\/no\/wp-json\/wp\/v2\/media\/16532"}],"wp:attachment":[{"href":"https:\/\/ayaneo.co\/no\/wp-json\/wp\/v2\/media?parent=16522"}],"wp:term":[{"taxonomy":"product_brand","embeddable":true,"href":"https:\/\/ayaneo.co\/no\/wp-json\/wp\/v2\/product_brand?post=16522"},{"taxonomy":"product_cat","embeddable":true,"href":"https:\/\/ayaneo.co\/no\/wp-json\/wp\/v2\/product_cat?post=16522"},{"taxonomy":"product_tag","embeddable":true,"href":"https:\/\/ayaneo.co\/no\/wp-json\/wp\/v2\/product_tag?post=16522"}],"curies":[{"name":"wp","href":"https:\/\/api.w.org\/{rel}","templated":true}]}}