{"id":16810,"date":"2025-02-10T12:11:02","date_gmt":"2025-02-10T12:11:02","guid":{"rendered":"https:\/\/ayaneo.co\/product\/ayaneo-3\/"},"modified":"2025-12-02T18:07:58","modified_gmt":"2025-12-02T18:07:58","slug":"ayaneo-3","status":"publish","type":"product","link":"https:\/\/ayaneo.co\/no\/product\/ayaneo-3\/","title":{"rendered":"AYANEO 3"},"content":{"rendered":"\n<figure class=\"wp-block-video\"><video height=\"360\" style=\"aspect-ratio: 640 \/ 360;\" width=\"640\" controls=\"\" poster=\"https:\/\/ayaneo.co\/wp-content\/uploads\/2025\/02\/maxresdefault-1.jpg\" src=\"https:\/\/ayaneo.co\/wp-content\/uploads\/2025\/02\/videoplayback-1.mp4\"><\/video><\/figure>\n\n<div class=\"wp-block-columns is-layout-flex wp-container-core-columns-is-layout-28f84493 wp-block-columns-is-layout-flex\">\n<div class=\"wp-block-column is-layout-flow wp-block-column-is-layout-flow\">\n<p>Vi presenterer AYANEO 3, verdens f\u00f8rste modul\u00e6re h\u00e5ndholdte spillkonsoll som redefinerer b\u00e6rbar spilling med uovertruffen tilpasning og ytelse. AYANEO 3 er designet for spillere som \u00f8nsker en personlig tilpasset opplevelse, og tilbyr innovative funksjoner og f\u00f8rsteklasses spesifikasjoner for \u00e5 tilfredsstille b\u00e5de casual- og hardcore-spillentusiaster. <\/p>\n\n\n\n<h2 class=\"wp-block-heading\"><strong>Innovativ modul\u00e6r design<\/strong><\/h2>\n\n\n\n<p>AYANEO 3 er banebrytende med sitt modul\u00e6re kontrollersystem, som lar brukerne fritt kombinere og tilpasse kontrollermodulene etter egne spillpreferanser. Med avtakbare og utskiftbare ABXY-knapper kan spillerne konfigurere opptil 56 unike layoutkombinasjoner, noe som sikrer optimal komfort og kontroll for alle spillsjangre. Modulene inkluderer standard joystick-oppsett, touchpad-moduler for forbedret FPS-spill og kampmoduler med seks knapper for presis    <\/p>\n<\/div>\n<\/div>\n\n<div class=\"wp-block-columns is-layout-flex wp-container-core-columns-is-layout-28f84493 wp-block-columns-is-layout-flex\">\n<div class=\"wp-block-column is-layout-flow wp-block-column-is-layout-flow\" style=\"flex-basis:33.33%\">\n<figure class=\"wp-block-image size-full\"><a href=\"https:\/\/ayaneo.co\/wp-content\/uploads\/2025\/02\/4-1-1024x1024-1.jpg\"><img fetchpriority=\"high\" decoding=\"async\" width=\"1024\" height=\"1024\" src=\"https:\/\/ayaneo.co\/wp-content\/uploads\/2025\/02\/4-1-1024x1024-1.jpg\" alt=\"OLED-skjerm:&#10;OLED-skjermen har en rask oppdateringsfrekvens p&#xE5; 144 Hz, noe som sikrer eksepsjonelt jevne og flytende bevegelser i spill og reduserer uskarphet. Med en lysstyrke p&#xE5; 800 nits gir den utrolig levende og klare bilder, selv i lyse omgivelser. DCI-P3-fargespekteret p&#xE5; 110 % gir et stort spekter av rike, n&#xF8;yaktige farger for en virkelig oppslukende opplevelse. Dette f&#xF8;rsteklasses panelet er ideelt for de som &#xF8;nsker visuell troskap og respons i toppklasse.   &#10;&#10;LCD-skjerm:&#10;LCD-skjermen har en jevn oppdateringsfrekvens p&#xE5; 120 Hz for utmerket flyt i spill og redusert ghosting. Den har en lysstyrke p&#xE5; 500 nit og 100 % sRGB-dekning, noe som sikrer klare og fargen&#xF8;yaktige bilder for det meste av innholdet. Den inkluderer VRR med AMD FreeSync Premium, som dynamisk synkroniserer skjermen med bildefrekvensen. Dette eliminerer skjermriving og hakking, noe som gir en jevn og engasjerende spillopplevelse.   \" class=\"wp-image-37427\" srcset=\"https:\/\/ayaneo.co\/wp-content\/uploads\/2025\/02\/4-1-1024x1024-1.jpg 1024w, https:\/\/ayaneo.co\/wp-content\/uploads\/2025\/02\/4-1-1024x1024-1-300x300.jpg 300w, https:\/\/ayaneo.co\/wp-content\/uploads\/2025\/02\/4-1-1024x1024-1-150x150.jpg 150w, https:\/\/ayaneo.co\/wp-content\/uploads\/2025\/02\/4-1-1024x1024-1-768x768.jpg 768w, https:\/\/ayaneo.co\/wp-content\/uploads\/2025\/02\/4-1-1024x1024-1-65x65.jpg 65w, https:\/\/ayaneo.co\/wp-content\/uploads\/2025\/02\/4-1-1024x1024-1-990x990.jpg 990w, https:\/\/ayaneo.co\/wp-content\/uploads\/2025\/02\/4-1-1024x1024-1-441x441.jpg 441w, https:\/\/ayaneo.co\/wp-content\/uploads\/2025\/02\/4-1-1024x1024-1-100x100.jpg 100w, https:\/\/ayaneo.co\/wp-content\/uploads\/2025\/02\/4-1-1024x1024-1-600x600.jpg 600w\" sizes=\"(max-width: 1024px) 100vw, 1024px\" \/><\/a><\/figure>\n<\/div>\n\n\n\n<div class=\"wp-block-column is-layout-flow wp-block-column-is-layout-flow\" style=\"flex-basis:66.66%\">\n<h2 class=\"wp-block-heading\"><strong>Fantastisk grafikk<\/strong><\/h2>\n\n\n\n<ul class=\"wp-block-list\">\n<li><strong>OLED-skjerm<\/strong><br\/><strong><br\/><\/strong>OLED-skjermen p\u00e5 AYANEO 3 er en 7-tommers ber\u00f8ringsskjerm med en oppl\u00f8sning p\u00e5 1080P og et sideforhold p\u00e5 16:9. Den har en oppdateringsfrekvens som kan tilpasses, slik at brukerne kan velge mellom 144 Hz, 120 Hz, 90 Hz og 60 Hz. Skjermen har en maksimal global lysstyrke p\u00e5 800 nit og st\u00f8tter HDR-ekte fargekvalitet for realistisk lys og skygger. Den dekker 110 % av DCI-P3-fargespekteret og har et sRGB-fargespekter p\u00e5 150 %, noe som gir levende og skarpe bilder.   <\/li>\n\n\n\n<li><strong>LCD-skjerm<\/strong><br\/><strong><br\/><\/strong>LCD-skjermen er ogs\u00e5 en 7-tommers ber\u00f8ringsskjerm med en oppl\u00f8sning p\u00e5 1080P og et sideforhold p\u00e5 16:9. Den tilbyr oppdateringsfrekvenser p\u00e5 120 Hz og 60 Hz. Med en maksimal global lysstyrke p\u00e5 500 nit gir den 100 % sRGB-dekning. LCD-skjermen har en rask responstid p\u00e5 7 ms og st\u00f8tter VRR (Variable Refresh Rate) med AMD FreeSync Premium, noe som sikrer en klar, levende og t\u00e5refri spillopplevelse. Det er ogs\u00e5 en naturlig liggende skjerm.    <\/li>\n<\/ul>\n\n\n\n<p><br\/>B\u00e5de LCD og OLED gir en oppslukende visuell opplevelse, slik at spillere kan nyte fantastisk grafikk med eksepsjonell klarhet.<\/p>\n<\/div>\n<\/div>\n\n<h2 class=\"wp-block-heading has-text-align-center\"><strong>H\u00f8y ytelse<\/strong><\/h2>\n\n<p class=\"has-text-align-center\">Under panseret tilbyr AYANEO 3 to kraftige prosessoralternativer:<\/p>\n\n<div class=\"wp-block-columns is-layout-flex wp-container-core-columns-is-layout-28f84493 wp-block-columns-is-layout-flex\">\n<div class=\"wp-block-column is-layout-flow wp-block-column-is-layout-flow\">\n<figure class=\"wp-block-image size-full\"><a href=\"https:\/\/ayaneo.co\/wp-content\/uploads\/2025\/02\/3-370-1-1024x1024-1.jpg\"><img decoding=\"async\" width=\"1024\" height=\"1024\" src=\"https:\/\/ayaneo.co\/wp-content\/uploads\/2025\/02\/3-370-1-1024x1024-1.jpg\" alt=\"En grafikk som beskriver &quot;Powerful Core, Versatile Capabilities&quot; til en enhet som drives av &quot;AMD Ryzen AI 9 HX 370&quot;-prosessoren. Bildet viser ulike komponenter og spesifikasjoner: &quot;Zen5 New Zen 5 CPU&quot;, &quot;12 kjerner 24 tr&#xE5;der&quot;, &quot;5,1 GHz maksimal enkeltkjernefrekvens&quot;, &quot;AMD Radeon 890M&quot; (GPU med &quot;RDNA 3.5 16CU 2,9 GHz&quot;) og &quot;AMD XDNA 2 NPU 50TOPS&quot;. Den fremhever &quot;12MB L2 + 24MB L3 h&#xF8;yhastighetsbuffer&quot; og bemerker at CPU-, GPU- og NPU-arkitekturene er oppgradert for &#xF8;kt ytelse og effektivitet, noe som gj&#xF8;r den egnet for spill og AI-oppgaver. En liten tekst nederst sammenligner den med forrige generasjon AMD AI-prosessorer, og nevner forbedringer i NPU-datakraft, CPU-kjerneprosessering, NPU-energieffektivitet, stor spr&#xE5;kmodell AI-responshastighet og L3-cache.   \" class=\"wp-image-37428\" srcset=\"https:\/\/ayaneo.co\/wp-content\/uploads\/2025\/02\/3-370-1-1024x1024-1.jpg 1024w, https:\/\/ayaneo.co\/wp-content\/uploads\/2025\/02\/3-370-1-1024x1024-1-300x300.jpg 300w, https:\/\/ayaneo.co\/wp-content\/uploads\/2025\/02\/3-370-1-1024x1024-1-150x150.jpg 150w, https:\/\/ayaneo.co\/wp-content\/uploads\/2025\/02\/3-370-1-1024x1024-1-768x768.jpg 768w, https:\/\/ayaneo.co\/wp-content\/uploads\/2025\/02\/3-370-1-1024x1024-1-65x65.jpg 65w, https:\/\/ayaneo.co\/wp-content\/uploads\/2025\/02\/3-370-1-1024x1024-1-990x990.jpg 990w, https:\/\/ayaneo.co\/wp-content\/uploads\/2025\/02\/3-370-1-1024x1024-1-441x441.jpg 441w, https:\/\/ayaneo.co\/wp-content\/uploads\/2025\/02\/3-370-1-1024x1024-1-100x100.jpg 100w, https:\/\/ayaneo.co\/wp-content\/uploads\/2025\/02\/3-370-1-1024x1024-1-600x600.jpg 600w\" sizes=\"(max-width: 1024px) 100vw, 1024px\" \/><\/a><\/figure>\n\n\n\n<p><strong>AMD Ryzen\u2122 AI 9 HX 370:<\/strong> Denne prosessoren er utstyrt med 12 kjerner og 24 tr\u00e5der, og leverer topp ytelse for krevende AAA-titler og multitasking.<\/p>\n<\/div>\n\n\n\n<div class=\"wp-block-column is-layout-flow wp-block-column-is-layout-flow\">\n<figure class=\"wp-block-image size-full\"><a href=\"https:\/\/ayaneo.co\/wp-content\/uploads\/2025\/02\/3-8840u-1-1024x1024-1.jpg\"><img decoding=\"async\" width=\"1024\" height=\"1024\" src=\"https:\/\/ayaneo.co\/wp-content\/uploads\/2025\/02\/3-8840u-1-1024x1024-1.jpg\" alt=\"En infografikk med m&#xF8;rkt tema som fremhever spesifikasjonene til &quot;AMD Ryzen&#x2122; 7 8840U&quot;-prosessoren. Den &#xF8;verste delen viser detaljer om CPU, GPU og NPU: &quot;Zen4 CPU&quot;, &quot;4nm&quot;-prosess, &quot;5,1 GHz maksimal frekvens&quot;, &quot;AMD Radeon&#x2122; 780M&quot;-grafikk med &quot;RDNA 3 12CU 2,7 GHz&quot; og &quot;AMD Ryzen&#x2122; AI NPU 16TOPS&quot;. En sentral blokk viser &quot;AMD Ryzen&#x2122; 7 8840U&quot;-brikken, med &quot;38TOPS total ytelse&quot;. Den nederste delen beskriver minne og lagring: &quot;LPDDR5X 7500MT\/s minne&quot; (opptil 64 GB tilgjengelig for tunge oppgaver) og &quot;M.2 2280 PCIe 4.0 SSD&quot; (ultra-rask, mainstream og utvidbar).    \" class=\"wp-image-37429\" srcset=\"https:\/\/ayaneo.co\/wp-content\/uploads\/2025\/02\/3-8840u-1-1024x1024-1.jpg 1024w, https:\/\/ayaneo.co\/wp-content\/uploads\/2025\/02\/3-8840u-1-1024x1024-1-300x300.jpg 300w, https:\/\/ayaneo.co\/wp-content\/uploads\/2025\/02\/3-8840u-1-1024x1024-1-150x150.jpg 150w, https:\/\/ayaneo.co\/wp-content\/uploads\/2025\/02\/3-8840u-1-1024x1024-1-768x768.jpg 768w, https:\/\/ayaneo.co\/wp-content\/uploads\/2025\/02\/3-8840u-1-1024x1024-1-65x65.jpg 65w, https:\/\/ayaneo.co\/wp-content\/uploads\/2025\/02\/3-8840u-1-1024x1024-1-990x990.jpg 990w, https:\/\/ayaneo.co\/wp-content\/uploads\/2025\/02\/3-8840u-1-1024x1024-1-441x441.jpg 441w, https:\/\/ayaneo.co\/wp-content\/uploads\/2025\/02\/3-8840u-1-1024x1024-1-100x100.jpg 100w, https:\/\/ayaneo.co\/wp-content\/uploads\/2025\/02\/3-8840u-1-1024x1024-1-600x600.jpg 600w\" sizes=\"(max-width: 1024px) 100vw, 1024px\" \/><\/a><\/figure>\n\n\n\n<p><strong>AMD Ryzen\u2122 7 8840U<\/strong>: En balansert prosessor som gir p\u00e5litelig ytelse for b\u00e5de krevende og uformelle spill\u00f8kter.<\/p>\n<\/div>\n<\/div>\n\n<p>Sammen med opptil 64 GB LPDDR5X RAM og opptil 4 TB PCIe 4.0 SSD -lagring s\u00f8rger AYANEO 3 for raske lastetider og rikelig med plass til spillbiblioteket ditt.<\/p>\n\n<h3 class=\"wp-block-heading\"><strong>Forbedrede kontroller<\/strong><\/h3>\n\n<p>Opplev overlegen kontroll med AYANEO 3s avanserte funksjoner:<\/p>\n\n<div class=\"wp-block-columns is-layout-flex wp-container-core-columns-is-layout-28f84493 wp-block-columns-is-layout-flex\">\n<div class=\"wp-block-column is-layout-flow wp-block-column-is-layout-flow\">\n<figure class=\"wp-block-image size-full\"><a href=\"https:\/\/ayaneo.co\/wp-content\/uploads\/2025\/02\/Dual-Stage-Hall-Effect-Triggers-1024x1024-1.jpg\"><img loading=\"lazy\" decoding=\"async\" width=\"1024\" height=\"1024\" src=\"https:\/\/ayaneo.co\/wp-content\/uploads\/2025\/02\/Dual-Stage-Hall-Effect-Triggers-1024x1024-1.jpg\" alt=\"Et n&#xE6;rbilde av en h&#xE5;nd som holder en m&#xF8;rk spillkontroller eller h&#xE5;ndholdt enhet, med s&#xE6;rlig fokus p&#xE5; skulderutl&#xF8;serknappen. Bildet er badet i et bl&#xE5;tt lys, og &#xF8;verst st&#xE5;r det &quot;Agile Hall Triggers&quot; i hvit tekst. \" class=\"wp-image-37430\" srcset=\"https:\/\/ayaneo.co\/wp-content\/uploads\/2025\/02\/Dual-Stage-Hall-Effect-Triggers-1024x1024-1.jpg 1024w, https:\/\/ayaneo.co\/wp-content\/uploads\/2025\/02\/Dual-Stage-Hall-Effect-Triggers-1024x1024-1-300x300.jpg 300w, https:\/\/ayaneo.co\/wp-content\/uploads\/2025\/02\/Dual-Stage-Hall-Effect-Triggers-1024x1024-1-150x150.jpg 150w, https:\/\/ayaneo.co\/wp-content\/uploads\/2025\/02\/Dual-Stage-Hall-Effect-Triggers-1024x1024-1-768x768.jpg 768w, https:\/\/ayaneo.co\/wp-content\/uploads\/2025\/02\/Dual-Stage-Hall-Effect-Triggers-1024x1024-1-65x65.jpg 65w, https:\/\/ayaneo.co\/wp-content\/uploads\/2025\/02\/Dual-Stage-Hall-Effect-Triggers-1024x1024-1-990x990.jpg 990w, https:\/\/ayaneo.co\/wp-content\/uploads\/2025\/02\/Dual-Stage-Hall-Effect-Triggers-1024x1024-1-441x441.jpg 441w, https:\/\/ayaneo.co\/wp-content\/uploads\/2025\/02\/Dual-Stage-Hall-Effect-Triggers-1024x1024-1-100x100.jpg 100w, https:\/\/ayaneo.co\/wp-content\/uploads\/2025\/02\/Dual-Stage-Hall-Effect-Triggers-1024x1024-1-600x600.jpg 600w\" sizes=\"(max-width: 1024px) 100vw, 1024px\" \/><\/a><\/figure>\n\n\n\n<h3 class=\"wp-block-heading\"><strong>Hall-effekt-utl\u00f8sere med to trinn<\/strong> <\/h3>\n\n\n\n<p>Bytt mellom en 7,5 mm lang vandring for presis kontroll og en 3 mm kort vandring for raske innganger, noe som passer til ulike spillscenarier.<\/p>\n<\/div>\n\n\n\n<div class=\"wp-block-column is-layout-flow wp-block-column-is-layout-flow\">\n<figure class=\"wp-block-image size-full\"><a href=\"https:\/\/ayaneo.co\/wp-content\/uploads\/2025\/02\/Magnetic-Suspension-Motor.jpg\"><img loading=\"lazy\" decoding=\"async\" width=\"1500\" height=\"1500\" src=\"https:\/\/ayaneo.co\/wp-content\/uploads\/2025\/02\/Magnetic-Suspension-Motor.jpg\" alt=\"Et innvendig bilde av en enhet som viser en &quot;Magnetic Suspension Motor&quot;. Motoren er en sylindrisk komponent med et sterkt bl&#xE5;tt lys i midten, plassert i et komplekst kretskort eller en intern struktur gjengitt i m&#xF8;rke toner. \" class=\"wp-image-37431\" srcset=\"https:\/\/ayaneo.co\/wp-content\/uploads\/2025\/02\/Magnetic-Suspension-Motor.jpg 1500w, https:\/\/ayaneo.co\/wp-content\/uploads\/2025\/02\/Magnetic-Suspension-Motor-300x300.jpg 300w, https:\/\/ayaneo.co\/wp-content\/uploads\/2025\/02\/Magnetic-Suspension-Motor-1024x1024.jpg 1024w, https:\/\/ayaneo.co\/wp-content\/uploads\/2025\/02\/Magnetic-Suspension-Motor-150x150.jpg 150w, https:\/\/ayaneo.co\/wp-content\/uploads\/2025\/02\/Magnetic-Suspension-Motor-768x768.jpg 768w, https:\/\/ayaneo.co\/wp-content\/uploads\/2025\/02\/Magnetic-Suspension-Motor-65x65.jpg 65w, https:\/\/ayaneo.co\/wp-content\/uploads\/2025\/02\/Magnetic-Suspension-Motor-990x990.jpg 990w, https:\/\/ayaneo.co\/wp-content\/uploads\/2025\/02\/Magnetic-Suspension-Motor-441x441.jpg 441w, https:\/\/ayaneo.co\/wp-content\/uploads\/2025\/02\/Magnetic-Suspension-Motor-100x100.jpg 100w, https:\/\/ayaneo.co\/wp-content\/uploads\/2025\/02\/Magnetic-Suspension-Motor-600x600.jpg 600w\" sizes=\"(max-width: 1500px) 100vw, 1500px\" \/><\/a><\/figure>\n\n\n\n<h3 class=\"wp-block-heading\"><strong>Magnetisk opphengsmotor<\/strong> <\/h3>\n\n\n\n<p>Denne funksjonen er utviklet i samarbeid med GuliKit Technology og st\u00f8tter b\u00e5de line\u00e6re vibrasjonsmodi og rotormotorvibrasjoner, noe som gir realistiske og oppslukende haptiske tilbakemeldinger.<\/p>\n<\/div>\n\n\n\n<div class=\"wp-block-column is-layout-flow wp-block-column-is-layout-flow\">\n<figure class=\"wp-block-image size-full\"><a href=\"https:\/\/ayaneo.co\/wp-content\/uploads\/2025\/02\/Keyboard-and-Mouse-Mode-1024x1024-1.jpg\"><img loading=\"lazy\" decoding=\"async\" width=\"1024\" height=\"1024\" src=\"https:\/\/ayaneo.co\/wp-content\/uploads\/2025\/02\/Keyboard-and-Mouse-Mode-1024x1024-1.jpg\" alt=\"Hendene holder en svart h&#xE5;ndholdt spillenhet med en skjerm som viser et brukergrensesnitt for innstillinger eller konfigurasjon. Den hvite teksten &#xF8;verst i bildet lyder &quot;Hardware-Level Keyboard-Mouse Mode&quot;, noe som indikerer en funksjon p&#xE5; enheten. \" class=\"wp-image-37432\" srcset=\"https:\/\/ayaneo.co\/wp-content\/uploads\/2025\/02\/Keyboard-and-Mouse-Mode-1024x1024-1.jpg 1024w, https:\/\/ayaneo.co\/wp-content\/uploads\/2025\/02\/Keyboard-and-Mouse-Mode-1024x1024-1-300x300.jpg 300w, https:\/\/ayaneo.co\/wp-content\/uploads\/2025\/02\/Keyboard-and-Mouse-Mode-1024x1024-1-150x150.jpg 150w, https:\/\/ayaneo.co\/wp-content\/uploads\/2025\/02\/Keyboard-and-Mouse-Mode-1024x1024-1-768x768.jpg 768w, https:\/\/ayaneo.co\/wp-content\/uploads\/2025\/02\/Keyboard-and-Mouse-Mode-1024x1024-1-65x65.jpg 65w, https:\/\/ayaneo.co\/wp-content\/uploads\/2025\/02\/Keyboard-and-Mouse-Mode-1024x1024-1-990x990.jpg 990w, https:\/\/ayaneo.co\/wp-content\/uploads\/2025\/02\/Keyboard-and-Mouse-Mode-1024x1024-1-441x441.jpg 441w, https:\/\/ayaneo.co\/wp-content\/uploads\/2025\/02\/Keyboard-and-Mouse-Mode-1024x1024-1-100x100.jpg 100w, https:\/\/ayaneo.co\/wp-content\/uploads\/2025\/02\/Keyboard-and-Mouse-Mode-1024x1024-1-600x600.jpg 600w\" sizes=\"(max-width: 1024px) 100vw, 1024px\" \/><\/a><\/figure>\n\n\n\n<h3 class=\"wp-block-heading\"><strong>Tastatur- og musemodus<\/strong><\/h3>\n\n\n\n<p>Bytt s\u00f8ml\u00f8st mellom kontroller- og tastatur-\/musinnganger, noe som \u00f8ker allsidigheten p\u00e5 tvers av ulike spill- og produktivitetsapplikasjoner.<\/p>\n<\/div>\n<\/div>\n\n<h3 class=\"wp-block-heading\"><strong>Oppslukende lyd<\/strong><\/h3>\n\n<p>AYANEO 3 leverer en spennende lydopplevelse med sine symmetriske HyperSound 2.0-dobbelth\u00f8yttalere, som gir klar og kraftig lyd som forsterker spillopplevelsen.<\/p>\n\n<h3 class=\"wp-block-heading\"><strong>Brukeropplevelse<\/strong><\/h3>\n\n<p>AYANEO 3 kj\u00f8rer p\u00e5 Windows 11 og st\u00f8tter en rekke ulike applikasjoner, fra krevende AAA-titler til viktige produktivitetsverkt\u00f8y, noe som gj\u00f8r den til en allsidig f\u00f8lgesvenn for b\u00e5de jobb og fritid. Enheten har en ergonomisk design med kontroller som kan tilpasses, noe som sikrer komfort under lange spill\u00f8kter. Robuste tilkoblingsmuligheter, inkludert doble USB4-porter og et OCuLink-grensesnitt for h\u00f8yhastighetstilkoblinger, gj\u00f8r det enkelt \u00e5 integrere enheten s\u00f8ml\u00f8st i ethvert milj\u00f8.  <\/p>\n\n<h3 class=\"wp-block-heading\"><strong>Konklusjon<\/strong><\/h3>\n\n<p>AYANEO 3 setter en ny standard for h\u00e5ndholdte spill ved \u00e5 kombinere innovativ modul\u00e6r design med maskinvare med h\u00f8y ytelse. Med kontroller som kan tilpasses, fantastisk grafikk og kraftige prosessorkapasiteter er den det ultimate valget for spillere som \u00f8nsker en personlig og oppslukende spillopplevelse. Omfavn fremtiden for h\u00e5ndholdte spill med AYANEO 3.  <\/p>\n","protected":false},"excerpt":{"rendered":"<ul>\n<li>AMD <strong>Ryzen\u2122 AI 9 HX 370<\/strong> \/ <strong>Ryzen\u2122 7 8840U<\/strong><\/li>\n<li>AMD Radeon <strong>890M<\/strong> \/ <strong>780M<\/strong> \/ 2900 \/ 2700 Mhz<\/li>\n<li>opptil<strong> 64 GB LPDDR5X @ 7500 MT\/s<\/strong><\/li>\n<li>opptil<strong> 4 TB<\/strong> <strong>h\u00f8yhastighets<\/strong> PCI-E 4.0 NVMe SSD<\/li>\n<li>St\u00f8tte for WiFi <strong>6E<\/strong> og Bluetooth <strong>5.3<\/strong> <\/li>\n<\/ul>\n<p><img loading=\"lazy\" decoding=\"async\" class=\"alignnone size-full wp-image-12494\" src=\"https:\/\/ayaneo.co\/wp-content\/uploads\/2025\/02\/AYANEO-3-FREE-GIFTS.jpg\" alt=\"Reklamebanner for AYANEO 3 gratis gaver, med bilder av et svart og beige beskyttelsesetui, en skjermbeskytter og tommelfingerpinner. Teksten fremhever \"Gratis gaver\", inkludert et beskyttende etui, en skjermbeskytter og tommelstikker, som automatisk legges til i handlekurven. Fargen p\u00e5 etuiet er basert p\u00e5 den valgte enheten.\" width=\"550\" height=\"140\" srcset=\"https:\/\/ayaneo.co\/wp-content\/uploads\/2025\/02\/AYANEO-3-FREE-GIFTS.jpg 550w, https:\/\/ayaneo.co\/wp-content\/uploads\/2025\/02\/AYANEO-3-FREE-GIFTS-300x76.jpg 300w, https:\/\/ayaneo.co\/wp-content\/uploads\/2025\/02\/AYANEO-3-FREE-GIFTS-441x112.jpg 441w, https:\/\/ayaneo.co\/wp-content\/uploads\/2025\/02\/AYANEO-3-FREE-GIFTS-150x38.jpg 150w\" sizes=\"(max-width: 550px) 100vw, 550px\" \/>  [cg_accordion title=\"BETALINGSINFORMASJON\"] Vi bruker den nyeste teknologien innen betalingsbehandling, som lar deg betale via Apple Pay, Google Pay, debet- \/ kredittkortet ditt, PayPal eller BNPL-metoder som Klarna, Affirm eller AfterPay for en rask og sikker opplevelse.[\/cg_accordion] [cg_accordion title=\"GARANTI\"] 1 \u00e5rs garanti fra <a href=\"https:\/\/droix.net\/\" target=\"_blank\" rel=\"nofollow noopener\">DROIX Global<\/a> for din trygghet[\/cg_accordion] [cg_accordion title=\"KVALITETSSIKRING OG TESTING F\u00d8R UTSENDELSE\"]  Sikrer kundetilfredshet p\u00e5 h\u00f8yeste standard: Hver enhet gjennomg\u00e5r strenge tester og en flerpunkts kvalitetssikringskontroll f\u00f8r den sendes. V\u00e5rt dedikerte team verifiserer ytelse, funksjonalitet og komponentintegritet for \u00e5 garantere at AYANEO-enheten din er i perfekt stand ved ankomst, slik at du kan f\u00f8le deg trygg og sikker. [\/cg_accordion] [cg_accordion title=\"PRICING, TAXES AND SHIPPING\"] <strong><u>Merk:<\/u><\/strong><\/p>\n<ul>\n<li>Kunder i USA: Den viste prisen inkluderer IKKE SKATT eller avgifter. Ansvaret for \u00e5 fortolle og betale eventuelle tilknyttede skatter\/avgifter ligger p\u00e5 kunden. <\/li>\n<li>EU-kunder: Den viste prisen inkluderer gjeldende SKATT, som kan v\u00e6re opptil 25 % avhengig av hvilket land du bor i.<\/li>\n<li>Kunder i Canada: Den viste prisen inkluderer gjeldende avgifter, som kan inkludere 5 % GST og ytterligere provinsiell omsetningsavgift (PST), harmonisert omsetningsavgift (HST) eller Quebec Sales Tax (QST), avhengig av provinsen din.<\/li>\n<\/ul>\n<p><strong>KUN for EU-kunder:<\/strong> Express DDP (Delivered Duty Paid). Dette betyr: <\/p>\n<ul>\n<li style=\"list-style-type: none;\">\n<ul>\n<li>Alle tollavgifter og skatter er inkludert i prisen som vises p\u00e5 produktsiden.<\/li>\n<li>Du trenger ikke \u00e5 betale noen ekstra kostnader ved levering.<\/li>\n<li>I sjeldne tilfeller av tollrelaterte problemer vil v\u00e5rt team h\u00e5ndtere fortollingsprosessen p\u00e5 dine vegne for \u00e5 sikre en problemfri leveringsopplevelse.<\/li>\n<p>Viktig informasjon om retur:<\/p>\n<li>Hvis du bestemmer deg for \u00e5 returnere bestillingen eller be om refusjon, m\u00e5 du v\u00e6re oppmerksom p\u00e5 at skatter og avgifter som er betalt p\u00e5 dine vegne i henhold til DDP-vilk\u00e5rene, ikke kan refunderes.<\/li>\n<p>Vennligst se v\u00e5r<\/ul>\n<\/li>\n<\/ul>\n<p><a href=\"https:\/\/ayaneo.co\/no\/vilkar-for-bruk\/\" target=\"_blank\" rel=\"nofollow noopener\">Vilk\u00e5r og betingelser<\/a><\/p>\n<ul>for detaljert informasjon.<\/ul>\n<p>[\/cg_accordion] [cg_accordion title=\"KUNDEST\u00d8TTE\"]  Har du et sp\u00f8rsm\u00e5l? Vi er bare en kort tekstmelding unna \u00e5 l\u00f8se problemet ditt! [\/cg_accordion] [cg_accordion title=\"PACKAGE INCLUDES\"]<\/p>\n<ul>\n<li>1x AYANEO 3<\/li>\n<li>1x str\u00f8mkontakt (EU\/USA)<\/li>\n<li>1x USB Type-C-kabel<\/li>\n<li>1x brukerh\u00e5ndbok<\/li>\n<\/ul>\n<p>[\/cg_accordion]<\/p>\n","protected":false},"featured_media":37592,"template":"","meta":{"_acf_changed":false},"product_brand":[],"product_cat":[1222],"product_tag":[1224],"class_list":{"0":"post-16810","1":"product","2":"type-product","3":"status-publish","4":"has-post-thumbnail","6":"product_cat-handholdte-spill-pc-er","7":"product_tag-pc-spill-handholdt","8":"product_shipping_class-premium","9":"pa_brand-ayaneo","10":"pa_graphics-gpu-model-ryzen-7-8840u-radeon-780m","11":"pa_graphics-gpu-model-ryzen-ai-9-hx-370-radeon-890m","12":"pa_operating-system-windows-11","13":"pa_processor-cpu-brand-amd","15":"first","16":"instock","17":"taxable","18":"shipping-taxable","19":"purchasable","20":"product-type-variable","21":"has-default-attributes"},"acf":[],"_links":{"self":[{"href":"https:\/\/ayaneo.co\/no\/wp-json\/wp\/v2\/product\/16810","targetHints":{"allow":["GET"]}}],"collection":[{"href":"https:\/\/ayaneo.co\/no\/wp-json\/wp\/v2\/product"}],"about":[{"href":"https:\/\/ayaneo.co\/no\/wp-json\/wp\/v2\/types\/product"}],"wp:featuredmedia":[{"embeddable":true,"href":"https:\/\/ayaneo.co\/no\/wp-json\/wp\/v2\/media\/37592"}],"wp:attachment":[{"href":"https:\/\/ayaneo.co\/no\/wp-json\/wp\/v2\/media?parent=16810"}],"wp:term":[{"taxonomy":"product_brand","embeddable":true,"href":"https:\/\/ayaneo.co\/no\/wp-json\/wp\/v2\/product_brand?post=16810"},{"taxonomy":"product_cat","embeddable":true,"href":"https:\/\/ayaneo.co\/no\/wp-json\/wp\/v2\/product_cat?post=16810"},{"taxonomy":"product_tag","embeddable":true,"href":"https:\/\/ayaneo.co\/no\/wp-json\/wp\/v2\/product_tag?post=16810"}],"curies":[{"name":"wp","href":"https:\/\/api.w.org\/{rel}","templated":true}]}}