{"id":17030,"date":"2025-02-27T10:35:12","date_gmt":"2025-02-27T10:35:12","guid":{"rendered":"https:\/\/ayaneo.co\/product\/ayaneo-magiske-moduler\/"},"modified":"2025-12-11T00:10:31","modified_gmt":"2025-12-11T00:10:31","slug":"ayaneo-magiske-moduler","status":"publish","type":"product","link":"https:\/\/ayaneo.co\/no\/product\/ayaneo-magiske-moduler\/","title":{"rendered":"AYANEO Magiske moduler"},"content":{"rendered":"\n<h2 class=\"wp-block-heading\">AYANEO Magic Modules - Fremtiden for modul\u00e6re h\u00e5ndholdte enheter<\/h2>\n\n<p><strong>AYANEO Magic Modules<\/strong> omdefinerer h\u00e5ndholdt spilling ved \u00e5 introdusere <strong>et virkelig modul\u00e6rt \u00f8kosystem<\/strong>, slik at brukerne kan <strong>forbedre og tilpasse AYANEO 3-opplevelsen<\/strong> med utskiftbart, magnetisk festet tilbeh\u00f8r. Disse modulene er designet for fleksibilitet <strong>og utvider funksjonaliteten uten at det g\u00e5r p\u00e5 bekostning av b\u00e6rbarheten<\/strong>, noe som gj\u00f8r dem til en game-changer for b\u00e5de teknologientusiaster og spillere. <\/p>\n\n<h2 class=\"wp-block-heading\"><strong>S\u00f8ml\u00f8s magnetisk modularitet<\/strong><\/h2>\n\n<p>Med <strong>det innovative magnetiske grensesnittet p\u00e5AYANEOer<\/strong> det enkelt \u00e5 bytte moduler, noe som gir en <strong>plug-and-play-opplevelse<\/strong> skreddersydd til dine behov. F\u00f8rste generasjons Magic Modules tilbyr en rekke funksjoner, fra <strong>forbedrede inngangsmuligheter<\/strong> til <strong>utvidede tilkoblingsmuligheter<\/strong>. <\/p>\n\n<h2 class=\"wp-block-heading\"><strong>Bygget for fremtiden<\/strong><\/h2>\n\n<p>AYANEO er banebrytende med den <strong>f\u00f8rste virkelig modul\u00e6re spillh\u00e5ndholdte<\/strong> enheten, og sikrer <strong>allsidighet p\u00e5 lang sikt<\/strong> med et \u00f8kosystem av Magic Modules i stadig utvikling. Enten du er en <strong>hardcore gamer<\/strong>, <strong>kreativ profesjonell<\/strong> eller <strong>teknologientusiast<\/strong>, lar disse modulene deg <strong>tilpasse enheten til ulike scenarier uten at det g\u00e5r p\u00e5 bekostning av ytelsen<\/strong>. <\/p>\n\n<h3 class=\"wp-block-heading\"><strong>Ta kontroll over den h\u00e5ndholdte spillopplevelsen din med AYANEO Magic Modules!<\/strong><\/h3>\n\n<p><\/p>\n","protected":false},"excerpt":{"rendered":"<ul>\n<li><strong>Modul\u00e6r design<\/strong> - bytt tilbeh\u00f8r uten problemer.<\/li>\n<li><strong>Magnetisk feste<\/strong> - enkelt \u00e5 bytte med plug-and-play.<\/li>\n<li><strong>Forbedrede funksjoner<\/strong> - oppgrader innganger og tilkoblingsmuligheter.<\/li>\n<li><strong>Fremtidssikker<\/strong> - kan utvides med nye moduler.<\/li>\n<li><strong>B\u00e6rbar og allsidig<\/strong> - tilpasning uten masse.<\/li>\n<\/ul>\n[cg_accordion title=\"BETALINGSINFORMASJON\"]<\/p>\n<p>Vi bruker den nyeste teknologien innen betalingsbehandling, som lar deg betale via Apple Pay, Google Pay, debet- \/ kredittkortet ditt, PayPal eller BNPL-metoder som Klarna, Affirm eller AfterPay for en rask og sikker opplevelse.[\/cg_accordion]\n[cg_accordion title=\"GARANTI\"]<\/p>\n<p>1 \u00e5rs garanti fra <a href=\"https:\/\/droix.net\/\" target=\"_blank\" rel=\"nofollow noopener\">DROIX Global<\/a> for din trygghet[\/cg_accordion]\n[cg_accordion title=\"KVALITETSSIKRING OG TESTING F\u00d8R UTSENDELSE\"]<\/p>\n<p>Sikrer kundetilfredshet p\u00e5 h\u00f8yeste standard: Hver enhet gjennomg\u00e5r strenge tester og en flerpunkts kvalitetssikringskontroll f\u00f8r den sendes. V\u00e5rt dedikerte team verifiserer ytelse, funksjonalitet og komponentintegritet for \u00e5 garantere at AYANEO-enheten din er i perfekt stand ved ankomst, slik at du kan f\u00f8le deg trygg og sikker. [\/cg_accordion]\n[cg_accordion title=\"PRISER, AVGIFTER OG FRAKT\"]<\/p>\n<p><strong><u>Merk:<\/u><\/strong><\/p>\n<ul>\n<li>Kunder i USA: Den viste prisen inkluderer IKKE SKATT eller avgifter. Ansvaret for \u00e5 fortolle og betale eventuelle tilknyttede skatter\/avgifter ligger p\u00e5 kunden. <\/li>\n<li>EU-kunder: Den viste prisen inkluderer gjeldende SKATT, som kan v\u00e6re opptil 25 % avhengig av hvilket land du bor i.<\/li>\n<li>Kunder i Canada: Den viste prisen inkluderer gjeldende avgifter, som kan inkludere 5 % GST og ytterligere provinsiell omsetningsavgift (PST), harmonisert omsetningsavgift (HST) eller Quebec Sales Tax (QST), avhengig av provinsen din.<\/li>\n<\/ul>\n<p><strong>KUN for EU-kunder:<\/strong> Express DDP (Delivered Duty Paid). Dette betyr: <\/p>\n<ul>\n<li>Alle tollavgifter og skatter er inkludert i prisen som vises p\u00e5 produktsiden.<\/li>\n<li>Du trenger ikke \u00e5 betale noen ekstra kostnader ved levering.<\/li>\n<li>I sjeldne tilfeller av tollrelaterte problemer vil v\u00e5rt team h\u00e5ndtere fortollingsprosessen p\u00e5 dine vegne for \u00e5 sikre en problemfri leveringsopplevelse.<\/li>\n<p>Viktig informasjon om retur:<\/p>\n<li>Hvis du bestemmer deg for \u00e5 returnere bestillingen eller be om refusjon, m\u00e5 du v\u00e6re oppmerksom p\u00e5 at skatter og avgifter som er betalt p\u00e5 dine vegne i henhold til DDP-vilk\u00e5rene, ikke kan refunderes.<\/li>\n<p>Se v\u00e5re <a href=\"https:\/\/ayaneo.co\/no\/vilkar-for-bruk\/\" target=\"_blank\" rel=\"nofollow noopener\">vilk\u00e5r og betingelser<\/a> for detaljert informasjon.\n<\/ul>\n<p>[\/cg_accordion]\n[cg_accordion title=\"KUNDEST\u00d8TTE\"]<\/p>\n<p>Har du et sp\u00f8rsm\u00e5l? Vi er bare en kort tekstmelding unna \u00e5 l\u00f8se problemet ditt! [\/cg_accordion]\n[cg_accordion title=\"PAKKEN INKLUDERER\"]\n","protected":false},"featured_media":17032,"template":"","meta":{"_acf_changed":false},"product_brand":[],"product_cat":[1190],"product_tag":[],"class_list":{"0":"post-17030","1":"product","2":"type-product","3":"status-publish","4":"has-post-thumbnail","6":"product_cat-tilbehor-no","7":"product_shipping_class-low-end","8":"pa_brand-ayaneo","9":"pa_compatible-with-ayaneo-3-no","11":"first","12":"instock","13":"sale","14":"taxable","15":"shipping-taxable","16":"purchasable","17":"product-type-variable","18":"has-default-attributes"},"acf":[],"_links":{"self":[{"href":"https:\/\/ayaneo.co\/no\/wp-json\/wp\/v2\/product\/17030","targetHints":{"allow":["GET"]}}],"collection":[{"href":"https:\/\/ayaneo.co\/no\/wp-json\/wp\/v2\/product"}],"about":[{"href":"https:\/\/ayaneo.co\/no\/wp-json\/wp\/v2\/types\/product"}],"wp:featuredmedia":[{"embeddable":true,"href":"https:\/\/ayaneo.co\/no\/wp-json\/wp\/v2\/media\/17032"}],"wp:attachment":[{"href":"https:\/\/ayaneo.co\/no\/wp-json\/wp\/v2\/media?parent=17030"}],"wp:term":[{"taxonomy":"product_brand","embeddable":true,"href":"https:\/\/ayaneo.co\/no\/wp-json\/wp\/v2\/product_brand?post=17030"},{"taxonomy":"product_cat","embeddable":true,"href":"https:\/\/ayaneo.co\/no\/wp-json\/wp\/v2\/product_cat?post=17030"},{"taxonomy":"product_tag","embeddable":true,"href":"https:\/\/ayaneo.co\/no\/wp-json\/wp\/v2\/product_tag?post=17030"}],"curies":[{"name":"wp","href":"https:\/\/api.w.org\/{rel}","templated":true}]}}