{"id":17080,"date":"2025-03-17T09:44:54","date_gmt":"2025-03-17T09:44:54","guid":{"rendered":"https:\/\/ayaneo.co\/product\/ayaneo-multi-station-grafitt-svart\/"},"modified":"2026-01-06T00:28:46","modified_gmt":"2026-01-06T00:28:46","slug":"ayaneo-multi-station-grafitt-svart","status":"publish","type":"product","link":"https:\/\/ayaneo.co\/no\/product\/ayaneo-multi-station-grafitt-svart\/","title":{"rendered":"AYANEO MULTI STATION - Grafitt svart"},"content":{"rendered":"\n<p><span data-contrast=\"none\"><strong>AYANEO Multi Docking Station<\/strong> frigj\u00f8r det fulle potensialet til din AYA NEO med et brukervennlig dokkingssystem med flere utvidelsesporter.  <\/span><\/p>\n\n<p><span data-contrast=\"none\">AYANEO Multi <strong>Docking Station er tilgjengelig i<\/strong> Graphite Black. Den <strong>st\u00f8tter alle AYANEO -modeller<\/strong> med en patentert baseplugg som kan flyttes for \u00e5 passe til de litt forskjellige plasseringene av USB Type-C-porten p\u00e5 hver modell.   <\/span><\/p>\n\n<p><span data-contrast=\"none\">AYANEO Multi Docking Station m\u00e5ler ca.<strong> 15,1 x 7,0 x 3,7 cm (5,9 x 2,7 x 1,45 tommer) og veier ca. 200 g.<\/strong> Den tar minimalt med plass p\u00e5 skrivebordet, samtidig som den st\u00e5r sikkert p\u00e5 skrivebordet og har st\u00f8tte for \u00e5tte utvidelsesporter.<\/span><span data-ccp-props=\"{\"> <\/span><\/p>\n\n<p><span data-contrast=\"none\">P\u00e5 baksiden av AYANEO Multi Docking Station fra venstre til h\u00f8yre er det en <\/span><a href=\"https:\/\/en.wikipedia.org\/wiki\/USB-C\" target=\"_blank\" rel=\"noopener\"><span data-contrast=\"none\">USB Type-C<\/span><\/a><span data-contrast=\"none\">  port som kan brukes til eksterne enheter, for eksempel en ekstern harddisk. Det finnes to   <\/span><a href=\"https:\/\/www.viewsonic.com\/library\/tech\/usb-c-usb-b-and-usb-a-whats-the-difference\/\" target=\"_blank\" rel=\"noopener\"><span data-contrast=\"none\">USB-A<\/span><\/a><span data-contrast=\"none\">  porter som for eksempel kan brukes til mus og tastatur. Den andre USB Type-C-porten brukes til str\u00f8m til dokkingstasjonen og kan ogs\u00e5 lade tilkoblede AYANEO -modeller. <\/span><span data-ccp-props=\"{\"> <\/span><\/p>\n\n<p><span data-contrast=\"none\">HDMI <\/span><a href=\"https:\/\/en.wikipedia.org\/wiki\/HDMI\" target=\"_blank\" rel=\"noopener\"><span data-contrast=\"none\">HDMI<\/span><\/a><span data-contrast=\"none\">  2.0b-porten kan brukes til videoutgang fra AYANEO til TV-en eller skjermen. <strong>Den st\u00f8tter opptil 4K ved 60 Hz.<\/strong> Gigabit   <\/span><a href=\"https:\/\/en.wikipedia.org\/wiki\/Ethernet\" target=\"_blank\" rel=\"noopener\"><span data-contrast=\"none\">ethernet<\/span><\/a><span data-contrast=\"none\"> porten s\u00f8rger for sikker og rask dataoverf\u00f8ring til og fra AYANEO Multi Docking Station.<\/span><span data-ccp-props=\"{\"> <\/span><\/p>\n\n<p><span data-contrast=\"none\">P\u00e5 h\u00f8yre side av AYANEO Multi Docking Station er det plass til et Micro SD-kort og et SD-kortspor.<\/span><span data-ccp-props=\"{\"> <\/span><\/p>\n\n<p><span data-contrast=\"none\">AYANEO Multi Docking Station er kompatibel med <strong>alle AYANEO -modeller, inkludert <\/strong><\/span><strong><a href=\"https:\/\/droix.co.uk\/product\/ayaneo-2\/\" target=\"_blank\" rel=\"noopener\">AYANEO 2<\/a>, AYANEO Geek, <a href=\"https:\/\/droix.co.uk\/product\/ayaneo-air\/\" target=\"_blank\" rel=\"noopener\">AYANEO Air PRO<\/a>, <a href=\"https:\/\/droix.co.uk\/product\/ayaneo-next\/\" target=\"_blank\" rel=\"noopener\">AYANEO NEXT<\/a>, <a href=\"https:\/\/droix.co.uk\/product\/ayaneo-next-pro\/\" target=\"_blank\" rel=\"noopener\">AYANEO Next PRO<\/a>, <a href=\"https:\/\/droix.co.uk\/product\/ayaneo-next\/\" target=\"_blank\" rel=\"noopener\">AYANEO 2021<\/a> og <a href=\"https:\/\/droix.co.uk\/product\/ayaneo-next-pro\/\" target=\"_blank\" rel=\"noopener\">AYANEO 2021 Pro.<\/a><\/strong> <\/p>\n\n<p><span data-contrast=\"none\"><strong>AYANEO Multi Docking Station er det perfekte tilbeh\u00f8r til din AYAYNEO<\/strong>, og forvandler den fra en h\u00e5ndholdt spillmaskin til en kraftig stasjon\u00e6r PC-lignende l\u00f8sning med alle tilkoblingsmuligheter du trenger.<\/span><span data-ccp-props=\"{\"> <\/span><\/p>\n\n<p>Du kan lese v\u00e5r <a href=\"https:\/\/droix.co.uk\/blogs\/ayaneo-docking-station-review\/\" target=\"_blank\" rel=\"noopener\">anmeldelse avAYANEO Multi Docking Station her.<\/a><\/p>\n\n<figure class=\"wp-block-image aligncenter\"><img decoding=\"async\" src=\"https:\/\/droix.net\/wp-content\/uploads\/2022\/12\/8fb77202211071909143194ready.jpg\" alt=\"\" class=\"wp-image-88164\"\/><\/figure>\n\n<figure class=\"wp-block-image aligncenter\"><img decoding=\"async\" src=\"https:\/\/droix.net\/wp-content\/uploads\/2022\/12\/ea565202211071908508498ready.jpg\" alt=\"\" class=\"wp-image-88174\"\/><\/figure>\n\n<p><\/p>\n","protected":false},"excerpt":{"rendered":"<ul>\n<li><b>Offisielt AYANEO Produkt<\/b><\/li>\n<li><strong>Kompatibel<\/strong> med <strong>alle AYANEO h\u00e5ndholdte enheter<\/strong><\/li>\n<li><b>Eksklusiv patentert bunnplugg<\/b><\/li>\n<li><strong>Opptil 8<\/strong> utvidelsesporter<\/li>\n<li>MicroSD-kortspor<\/li>\n<\/ul>\n[cg_accordion title=\"BETALINGSINFORMASJON\"]<\/p>\n<p>Vi bruker den nyeste teknologien innen betalingsbehandling, som lar deg betale via Apple Pay, Google Pay, debet- \/ kredittkortet ditt, PayPal eller BNPL-metoder som Klarna, Affirm eller AfterPay for en rask og sikker opplevelse.[\/cg_accordion]\n[cg_accordion title=\"GARANTI\"]<\/p>\n<p>1 \u00e5rs garanti fra <a href=\"https:\/\/droix.net\/\" target=\"_blank\" rel=\"nofollow noopener\">DROIX Global<\/a> for din trygghet[\/cg_accordion]\n[cg_accordion title=\"KVALITETSSIKRING OG TESTING F\u00d8R UTSENDELSE\"]<\/p>\n<p>Sikrer kundetilfredshet p\u00e5 h\u00f8yeste standard: Hver enhet gjennomg\u00e5r strenge tester og en flerpunkts kvalitetssikringskontroll f\u00f8r den sendes. V\u00e5rt dedikerte team verifiserer ytelse, funksjonalitet og komponentintegritet for \u00e5 garantere at AYANEO-enheten din er i perfekt stand ved ankomst, slik at du kan f\u00f8le deg trygg og sikker. [\/cg_accordion]\n[cg_accordion title=\"PRISER, AVGIFTER OG FRAKT\"]<\/p>\n<p><strong><u>Merk:<\/u><\/strong><\/p>\n<ul>\n<li>Kunder i USA: Den viste prisen inkluderer IKKE SKATT eller avgifter. Ansvaret for \u00e5 fortolle og betale eventuelle tilknyttede skatter\/avgifter ligger p\u00e5 kunden. <\/li>\n<li>EU-kunder: Den viste prisen inkluderer gjeldende SKATT, som kan v\u00e6re opptil 25 % avhengig av hvilket land du bor i.<\/li>\n<li>Kunder i Canada: Den viste prisen inkluderer gjeldende avgifter, som kan inkludere 5 % GST og ytterligere provinsiell omsetningsavgift (PST), harmonisert omsetningsavgift (HST) eller Quebec Sales Tax (QST), avhengig av provinsen din.<\/li>\n<\/ul>\n<p><strong>KUN for EU-kunder:<\/strong> Express DDP (Delivered Duty Paid). Dette betyr: <\/p>\n<ul>\n<li>Alle tollavgifter og skatter er inkludert i prisen som vises p\u00e5 produktsiden.<\/li>\n<li>Du trenger ikke \u00e5 betale noen ekstra kostnader ved levering.<\/li>\n<li>I sjeldne tilfeller av tollrelaterte problemer vil v\u00e5rt team h\u00e5ndtere fortollingsprosessen p\u00e5 dine vegne for \u00e5 sikre en problemfri leveringsopplevelse.<\/li>\n<p>Viktig informasjon om retur:<\/p>\n<li>Hvis du bestemmer deg for \u00e5 returnere bestillingen eller be om refusjon, m\u00e5 du v\u00e6re oppmerksom p\u00e5 at skatter og avgifter som er betalt p\u00e5 dine vegne i henhold til DDP-vilk\u00e5rene, ikke kan refunderes.<\/li>\n<p>Se v\u00e5re <a href=\"https:\/\/ayaneo.co\/terms-of-service-2\/\" target=\"_blank\" rel=\"nofollow noopener\">vilk\u00e5r og betingelser<\/a> for detaljert informasjon.\n<\/ul>\n<p>[\/cg_accordion]\n[cg_accordion title=\"KUNDEST\u00d8TTE\"]<\/p>\n<p>Har du et sp\u00f8rsm\u00e5l? Vi er bare en kort tekstmelding unna \u00e5 l\u00f8se problemet ditt! [\/cg_accordion]\n[cg_accordion title=\"PAKKEN INKLUDERER\"]<\/p>\n<ul>\n<li>1x AYANEO Dokkingstasjon<\/li>\n<\/ul>\n<p>[\/cg_accordion]\n","protected":false},"featured_media":17089,"template":"","meta":{"_acf_changed":false},"product_brand":[],"product_cat":[1190],"product_tag":[],"class_list":{"0":"post-17080","1":"product","2":"type-product","3":"status-publish","4":"has-post-thumbnail","6":"product_cat-tilbehor-no","7":"product_shipping_class-low-end","8":"pa_accessory-type-docking-station-no","9":"pa_brand-ayaneo","10":"pa_compatible-with-ayaneo-2-no","11":"pa_compatible-with-ayaneo-2021-no","12":"pa_compatible-with-ayaneo-3-no","13":"pa_compatible-with-ayaneo-air-no","14":"pa_compatible-with-ayaneo-geek-no","16":"first","17":"instock","18":"taxable","19":"shipping-taxable","20":"purchasable","21":"product-type-simple"},"acf":[],"_links":{"self":[{"href":"https:\/\/ayaneo.co\/no\/wp-json\/wp\/v2\/product\/17080","targetHints":{"allow":["GET"]}}],"collection":[{"href":"https:\/\/ayaneo.co\/no\/wp-json\/wp\/v2\/product"}],"about":[{"href":"https:\/\/ayaneo.co\/no\/wp-json\/wp\/v2\/types\/product"}],"wp:featuredmedia":[{"embeddable":true,"href":"https:\/\/ayaneo.co\/no\/wp-json\/wp\/v2\/media\/17089"}],"wp:attachment":[{"href":"https:\/\/ayaneo.co\/no\/wp-json\/wp\/v2\/media?parent=17080"}],"wp:term":[{"taxonomy":"product_brand","embeddable":true,"href":"https:\/\/ayaneo.co\/no\/wp-json\/wp\/v2\/product_brand?post=17080"},{"taxonomy":"product_cat","embeddable":true,"href":"https:\/\/ayaneo.co\/no\/wp-json\/wp\/v2\/product_cat?post=17080"},{"taxonomy":"product_tag","embeddable":true,"href":"https:\/\/ayaneo.co\/no\/wp-json\/wp\/v2\/product_tag?post=17080"}],"curies":[{"name":"wp","href":"https:\/\/api.w.org\/{rel}","templated":true}]}}